{"id":7458,"date":"2024-09-05T13:56:10","date_gmt":"2024-09-05T16:56:10","guid":{"rendered":"https:\/\/mettapapelaria.com.br\/catalogo\/?post_type=product&#038;p=7458"},"modified":"2024-09-05T13:56:11","modified_gmt":"2024-09-05T16:56:11","slug":"lata-lapis-de-cor-supersoft-120-corres-faber-castell","status":"publish","type":"product","link":"https:\/\/mettapapelaria.com.br\/catalogo\/produto\/lata-lapis-de-cor-supersoft-120-corres-faber-castell\/","title":{"rendered":"LATA L\u00c1PIS DE COR SUPERSOFT 120 CORRES FABER CASTELL"},"content":{"rendered":"<p>D\u00ea um upgrade na sua criatividade com a nova Lata Supersoft! Este conjunto incr\u00edvel chega para transformar sua experi\u00eancia de colorir e desenhar. Com 120 cores vibrantes e diversificadas, voc\u00ea ter\u00e1 uma paleta completa para expressar sua imagina\u00e7\u00e3o de maneira \u00fanica.<\/p>\n<p>A tecnologia Supersoft \u00e9 o que faz essa lata se destacar. As minas s\u00e3o supermacias, garantindo uma aplica\u00e7\u00e3o suave e uniforme em pap\u00e9is claros e escuros. As cores s\u00e3o intensas e oferecem uma cobertura excepcional, permitindo que cada tra\u00e7o e detalhe ganhem vida de forma impressionante.<\/p>\n<p>Para tornar sua experi\u00eancia ainda mais pr\u00e1tica, a lata vem acompanhada de uma tabela de cores com todos os c\u00f3digos, facilitando a organiza\u00e7\u00e3o e escolha das tonalidades perfeitas para seus projetos.<\/p>\n<p>Al\u00e9m de ser uma excelente op\u00e7\u00e3o de presente para amantes da arte, a Lata Supersoft \u00e9 produzida com madeira 100% reflorestada, mostrando um compromisso com a sustentabilidade e o meio ambiente.<\/p>\n<p>Transforme sua criatividade e presenteie com o melhor. A Lata Supersoft est\u00e1 aqui para fazer suas ideias brilharem!<\/p>\n","protected":false},"excerpt":{"rendered":"<p>D\u00ea um upgrade na sua criatividade com a nova Lata Supersoft! Este conjunto incr\u00edvel chega para transformar sua experi\u00eancia de colorir e desenhar. Com 120&#8230;<\/p>\n","protected":false},"featured_media":7459,"comment_status":"open","ping_status":"closed","template":"","meta":[],"etheme_brands":[{"term_id":217,"name":"Faber Castell","slug":"faber-castell","term_group":0,"term_taxonomy_id":217,"taxonomy":"brand","description":"","parent":0,"count":33,"filter":"raw"}],"product_brand":[],"product_cat":[29,16],"product_tag":[561,338,293,563,276,316,275,294,292,432,376,227,225,317,274],"class_list":{"0":"post-7458","1":"product","2":"type-product","3":"status-publish","4":"has-post-thumbnail","6":"brand-faber-castell","7":"product_cat-lapis-de-cor","8":"product_cat-material-escolar","9":"product_tag-arte","10":"product_tag-colorido","11":"product_tag-crianca","12":"product_tag-desenho","13":"product_tag-escola","14":"product_tag-estudante","15":"product_tag-faculdade","16":"product_tag-infantil","17":"product_tag-kids","18":"product_tag-lapis","19":"product_tag-lapis-de-cor","20":"product_tag-material-escolar","21":"product_tag-metta-papelaria","22":"product_tag-study","23":"product_tag-universidade","25":"first","26":"instock","27":"sold-individually","28":"shipping-taxable","29":"purchasable","30":"product-type-simple"},"yoast_head":"<!-- This site is optimized with the Yoast SEO plugin v26.9 - https:\/\/yoast.com\/product\/yoast-seo-wordpress\/ -->\n<title>LATA L\u00c1PIS DE COR SUPERSOFT 120 CORRES FABER CASTELL - Metta Papelaria<\/title>\n<meta name=\"description\" content=\"D\u00ea um upgrade na sua criatividade com a nova Lata Supersoft! Este conjunto incr\u00edvel chega para transformar sua experi\u00eancia de colorir e desenhar. Com 120 cores vibrantes e diversificadas, voc\u00ea ter\u00e1 uma paleta completa para expressar sua imagina\u00e7\u00e3o de maneira \u00fanica.\" \/>\n<meta name=\"robots\" content=\"index, follow, max-snippet:-1, max-image-preview:large, max-video-preview:-1\" \/>\n<link rel=\"canonical\" href=\"https:\/\/mettapapelaria.com.br\/catalogo\/produto\/lata-lapis-de-cor-supersoft-120-corres-faber-castell\/\" \/>\n<meta property=\"og:locale\" content=\"pt_BR\" \/>\n<meta property=\"og:type\" content=\"article\" \/>\n<meta property=\"og:title\" content=\"LATA L\u00c1PIS DE COR SUPERSOFT 120 CORRES FABER CASTELL - Metta Papelaria\" \/>\n<meta property=\"og:description\" content=\"D\u00ea um upgrade na sua criatividade com a nova Lata Supersoft! Este conjunto incr\u00edvel chega para transformar sua experi\u00eancia de colorir e desenhar. Com 120 cores vibrantes e diversificadas, voc\u00ea ter\u00e1 uma paleta completa para expressar sua imagina\u00e7\u00e3o de maneira \u00fanica.\" \/>\n<meta property=\"og:url\" content=\"https:\/\/mettapapelaria.com.br\/catalogo\/produto\/lata-lapis-de-cor-supersoft-120-corres-faber-castell\/\" \/>\n<meta property=\"og:site_name\" content=\"Metta Papelaria\" \/>\n<meta property=\"article:publisher\" content=\"https:\/\/www.facebook.com\/mettapapelaria\/\" \/>\n<meta property=\"article:modified_time\" content=\"2024-09-05T16:56:11+00:00\" \/>\n<meta property=\"og:image\" content=\"https:\/\/mettapapelaria.com.br\/catalogo\/wp-content\/uploads\/2024\/09\/LATA-LAPIS-DE-COR-SUPERSOFT-120-CORRES-FABER-CASTELL.jpg\" \/>\n\t<meta property=\"og:image:width\" content=\"500\" \/>\n\t<meta property=\"og:image:height\" content=\"500\" \/>\n\t<meta property=\"og:image:type\" content=\"image\/jpeg\" \/>\n<meta name=\"twitter:card\" content=\"summary_large_image\" \/>\n<meta name=\"twitter:label1\" content=\"Est. tempo de leitura\" \/>\n\t<meta name=\"twitter:data1\" content=\"2 minutos\" \/>\n<script type=\"application\/ld+json\" class=\"yoast-schema-graph\">{\"@context\":\"https:\/\/schema.org\",\"@graph\":[{\"@type\":\"WebPage\",\"@id\":\"https:\/\/mettapapelaria.com.br\/catalogo\/produto\/lata-lapis-de-cor-supersoft-120-corres-faber-castell\/\",\"url\":\"https:\/\/mettapapelaria.com.br\/catalogo\/produto\/lata-lapis-de-cor-supersoft-120-corres-faber-castell\/\",\"name\":\"LATA L\u00c1PIS DE COR SUPERSOFT 120 CORRES FABER CASTELL - Metta Papelaria\",\"isPartOf\":{\"@id\":\"https:\/\/mettapapelaria.com.br\/catalogo\/#website\"},\"primaryImageOfPage\":{\"@id\":\"https:\/\/mettapapelaria.com.br\/catalogo\/produto\/lata-lapis-de-cor-supersoft-120-corres-faber-castell\/#primaryimage\"},\"image\":{\"@id\":\"https:\/\/mettapapelaria.com.br\/catalogo\/produto\/lata-lapis-de-cor-supersoft-120-corres-faber-castell\/#primaryimage\"},\"thumbnailUrl\":\"https:\/\/mettapapelaria.com.br\/catalogo\/wp-content\/uploads\/2024\/09\/LATA-LAPIS-DE-COR-SUPERSOFT-120-CORRES-FABER-CASTELL.jpg\",\"datePublished\":\"2024-09-05T16:56:10+00:00\",\"dateModified\":\"2024-09-05T16:56:11+00:00\",\"description\":\"D\u00ea um upgrade na sua criatividade com a nova Lata Supersoft! Este conjunto incr\u00edvel chega para transformar sua experi\u00eancia de colorir e desenhar. Com 120 cores vibrantes e diversificadas, voc\u00ea ter\u00e1 uma paleta completa para expressar sua imagina\u00e7\u00e3o de maneira \u00fanica.\",\"breadcrumb\":{\"@id\":\"https:\/\/mettapapelaria.com.br\/catalogo\/produto\/lata-lapis-de-cor-supersoft-120-corres-faber-castell\/#breadcrumb\"},\"inLanguage\":\"pt-BR\",\"potentialAction\":[{\"@type\":\"ReadAction\",\"target\":[\"https:\/\/mettapapelaria.com.br\/catalogo\/produto\/lata-lapis-de-cor-supersoft-120-corres-faber-castell\/\"]}]},{\"@type\":\"ImageObject\",\"inLanguage\":\"pt-BR\",\"@id\":\"https:\/\/mettapapelaria.com.br\/catalogo\/produto\/lata-lapis-de-cor-supersoft-120-corres-faber-castell\/#primaryimage\",\"url\":\"https:\/\/mettapapelaria.com.br\/catalogo\/wp-content\/uploads\/2024\/09\/LATA-LAPIS-DE-COR-SUPERSOFT-120-CORRES-FABER-CASTELL.jpg\",\"contentUrl\":\"https:\/\/mettapapelaria.com.br\/catalogo\/wp-content\/uploads\/2024\/09\/LATA-LAPIS-DE-COR-SUPERSOFT-120-CORRES-FABER-CASTELL.jpg\",\"width\":500,\"height\":500},{\"@type\":\"BreadcrumbList\",\"@id\":\"https:\/\/mettapapelaria.com.br\/catalogo\/produto\/lata-lapis-de-cor-supersoft-120-corres-faber-castell\/#breadcrumb\",\"itemListElement\":[{\"@type\":\"ListItem\",\"position\":1,\"name\":\"In\u00edcio\",\"item\":\"https:\/\/mettapapelaria.com.br\/catalogo\/\"},{\"@type\":\"ListItem\",\"position\":2,\"name\":\"Shop\",\"item\":\"https:\/\/mettapapelaria.com.br\/catalogo\/shop\/\"},{\"@type\":\"ListItem\",\"position\":3,\"name\":\"LATA L\u00c1PIS DE COR SUPERSOFT 120 CORRES FABER CASTELL\"}]},{\"@type\":\"WebSite\",\"@id\":\"https:\/\/mettapapelaria.com.br\/catalogo\/#website\",\"url\":\"https:\/\/mettapapelaria.com.br\/catalogo\/\",\"name\":\"Metta Papelaria\",\"description\":\"Materiais e equipamentos de escrit\u00f3rio, suprimentos para inform\u00e1tica, e uma diversificada linha de material escolar\",\"publisher\":{\"@id\":\"https:\/\/mettapapelaria.com.br\/catalogo\/#organization\"},\"potentialAction\":[{\"@type\":\"SearchAction\",\"target\":{\"@type\":\"EntryPoint\",\"urlTemplate\":\"https:\/\/mettapapelaria.com.br\/catalogo\/?s={search_term_string}\"},\"query-input\":{\"@type\":\"PropertyValueSpecification\",\"valueRequired\":true,\"valueName\":\"search_term_string\"}}],\"inLanguage\":\"pt-BR\"},{\"@type\":\"Organization\",\"@id\":\"https:\/\/mettapapelaria.com.br\/catalogo\/#organization\",\"name\":\"Metta Papelaria\",\"url\":\"https:\/\/mettapapelaria.com.br\/catalogo\/\",\"logo\":{\"@type\":\"ImageObject\",\"inLanguage\":\"pt-BR\",\"@id\":\"https:\/\/mettapapelaria.com.br\/catalogo\/#\/schema\/logo\/image\/\",\"url\":\"https:\/\/mettapapelaria.com.br\/catalogo\/wp-content\/uploads\/2023\/12\/cropped-favicon-Metta_512-1.png\",\"contentUrl\":\"https:\/\/mettapapelaria.com.br\/catalogo\/wp-content\/uploads\/2023\/12\/cropped-favicon-Metta_512-1.png\",\"width\":512,\"height\":512,\"caption\":\"Metta Papelaria\"},\"image\":{\"@id\":\"https:\/\/mettapapelaria.com.br\/catalogo\/#\/schema\/logo\/image\/\"},\"sameAs\":[\"https:\/\/www.facebook.com\/mettapapelaria\/\",\"https:\/\/www.instagram.com\/papelariametta\/\"]}]}<\/script>\n<!-- \/ Yoast SEO plugin. -->","yoast_head_json":{"title":"LATA L\u00c1PIS DE COR SUPERSOFT 120 CORRES FABER CASTELL - Metta Papelaria","description":"D\u00ea um upgrade na sua criatividade com a nova Lata Supersoft! Este conjunto incr\u00edvel chega para transformar sua experi\u00eancia de colorir e desenhar. Com 120 cores vibrantes e diversificadas, voc\u00ea ter\u00e1 uma paleta completa para expressar sua imagina\u00e7\u00e3o de maneira \u00fanica.","robots":{"index":"index","follow":"follow","max-snippet":"max-snippet:-1","max-image-preview":"max-image-preview:large","max-video-preview":"max-video-preview:-1"},"canonical":"https:\/\/mettapapelaria.com.br\/catalogo\/produto\/lata-lapis-de-cor-supersoft-120-corres-faber-castell\/","og_locale":"pt_BR","og_type":"article","og_title":"LATA L\u00c1PIS DE COR SUPERSOFT 120 CORRES FABER CASTELL - Metta Papelaria","og_description":"D\u00ea um upgrade na sua criatividade com a nova Lata Supersoft! Este conjunto incr\u00edvel chega para transformar sua experi\u00eancia de colorir e desenhar. Com 120 cores vibrantes e diversificadas, voc\u00ea ter\u00e1 uma paleta completa para expressar sua imagina\u00e7\u00e3o de maneira \u00fanica.","og_url":"https:\/\/mettapapelaria.com.br\/catalogo\/produto\/lata-lapis-de-cor-supersoft-120-corres-faber-castell\/","og_site_name":"Metta Papelaria","article_publisher":"https:\/\/www.facebook.com\/mettapapelaria\/","article_modified_time":"2024-09-05T16:56:11+00:00","og_image":[{"width":500,"height":500,"url":"https:\/\/mettapapelaria.com.br\/catalogo\/wp-content\/uploads\/2024\/09\/LATA-LAPIS-DE-COR-SUPERSOFT-120-CORRES-FABER-CASTELL.jpg","type":"image\/jpeg"}],"twitter_card":"summary_large_image","twitter_misc":{"Est. tempo de leitura":"2 minutos"},"schema":{"@context":"https:\/\/schema.org","@graph":[{"@type":"WebPage","@id":"https:\/\/mettapapelaria.com.br\/catalogo\/produto\/lata-lapis-de-cor-supersoft-120-corres-faber-castell\/","url":"https:\/\/mettapapelaria.com.br\/catalogo\/produto\/lata-lapis-de-cor-supersoft-120-corres-faber-castell\/","name":"LATA L\u00c1PIS DE COR SUPERSOFT 120 CORRES FABER CASTELL - Metta Papelaria","isPartOf":{"@id":"https:\/\/mettapapelaria.com.br\/catalogo\/#website"},"primaryImageOfPage":{"@id":"https:\/\/mettapapelaria.com.br\/catalogo\/produto\/lata-lapis-de-cor-supersoft-120-corres-faber-castell\/#primaryimage"},"image":{"@id":"https:\/\/mettapapelaria.com.br\/catalogo\/produto\/lata-lapis-de-cor-supersoft-120-corres-faber-castell\/#primaryimage"},"thumbnailUrl":"https:\/\/mettapapelaria.com.br\/catalogo\/wp-content\/uploads\/2024\/09\/LATA-LAPIS-DE-COR-SUPERSOFT-120-CORRES-FABER-CASTELL.jpg","datePublished":"2024-09-05T16:56:10+00:00","dateModified":"2024-09-05T16:56:11+00:00","description":"D\u00ea um upgrade na sua criatividade com a nova Lata Supersoft! Este conjunto incr\u00edvel chega para transformar sua experi\u00eancia de colorir e desenhar. Com 120 cores vibrantes e diversificadas, voc\u00ea ter\u00e1 uma paleta completa para expressar sua imagina\u00e7\u00e3o de maneira \u00fanica.","breadcrumb":{"@id":"https:\/\/mettapapelaria.com.br\/catalogo\/produto\/lata-lapis-de-cor-supersoft-120-corres-faber-castell\/#breadcrumb"},"inLanguage":"pt-BR","potentialAction":[{"@type":"ReadAction","target":["https:\/\/mettapapelaria.com.br\/catalogo\/produto\/lata-lapis-de-cor-supersoft-120-corres-faber-castell\/"]}]},{"@type":"ImageObject","inLanguage":"pt-BR","@id":"https:\/\/mettapapelaria.com.br\/catalogo\/produto\/lata-lapis-de-cor-supersoft-120-corres-faber-castell\/#primaryimage","url":"https:\/\/mettapapelaria.com.br\/catalogo\/wp-content\/uploads\/2024\/09\/LATA-LAPIS-DE-COR-SUPERSOFT-120-CORRES-FABER-CASTELL.jpg","contentUrl":"https:\/\/mettapapelaria.com.br\/catalogo\/wp-content\/uploads\/2024\/09\/LATA-LAPIS-DE-COR-SUPERSOFT-120-CORRES-FABER-CASTELL.jpg","width":500,"height":500},{"@type":"BreadcrumbList","@id":"https:\/\/mettapapelaria.com.br\/catalogo\/produto\/lata-lapis-de-cor-supersoft-120-corres-faber-castell\/#breadcrumb","itemListElement":[{"@type":"ListItem","position":1,"name":"In\u00edcio","item":"https:\/\/mettapapelaria.com.br\/catalogo\/"},{"@type":"ListItem","position":2,"name":"Shop","item":"https:\/\/mettapapelaria.com.br\/catalogo\/shop\/"},{"@type":"ListItem","position":3,"name":"LATA L\u00c1PIS DE COR SUPERSOFT 120 CORRES FABER CASTELL"}]},{"@type":"WebSite","@id":"https:\/\/mettapapelaria.com.br\/catalogo\/#website","url":"https:\/\/mettapapelaria.com.br\/catalogo\/","name":"Metta Papelaria","description":"Materiais e equipamentos de escrit\u00f3rio, suprimentos para inform\u00e1tica, e uma diversificada linha de material escolar","publisher":{"@id":"https:\/\/mettapapelaria.com.br\/catalogo\/#organization"},"potentialAction":[{"@type":"SearchAction","target":{"@type":"EntryPoint","urlTemplate":"https:\/\/mettapapelaria.com.br\/catalogo\/?s={search_term_string}"},"query-input":{"@type":"PropertyValueSpecification","valueRequired":true,"valueName":"search_term_string"}}],"inLanguage":"pt-BR"},{"@type":"Organization","@id":"https:\/\/mettapapelaria.com.br\/catalogo\/#organization","name":"Metta Papelaria","url":"https:\/\/mettapapelaria.com.br\/catalogo\/","logo":{"@type":"ImageObject","inLanguage":"pt-BR","@id":"https:\/\/mettapapelaria.com.br\/catalogo\/#\/schema\/logo\/image\/","url":"https:\/\/mettapapelaria.com.br\/catalogo\/wp-content\/uploads\/2023\/12\/cropped-favicon-Metta_512-1.png","contentUrl":"https:\/\/mettapapelaria.com.br\/catalogo\/wp-content\/uploads\/2023\/12\/cropped-favicon-Metta_512-1.png","width":512,"height":512,"caption":"Metta Papelaria"},"image":{"@id":"https:\/\/mettapapelaria.com.br\/catalogo\/#\/schema\/logo\/image\/"},"sameAs":["https:\/\/www.facebook.com\/mettapapelaria\/","https:\/\/www.instagram.com\/papelariametta\/"]}]}},"_links":{"self":[{"href":"https:\/\/mettapapelaria.com.br\/catalogo\/wp-json\/wp\/v2\/product\/7458","targetHints":{"allow":["GET"]}}],"collection":[{"href":"https:\/\/mettapapelaria.com.br\/catalogo\/wp-json\/wp\/v2\/product"}],"about":[{"href":"https:\/\/mettapapelaria.com.br\/catalogo\/wp-json\/wp\/v2\/types\/product"}],"replies":[{"embeddable":true,"href":"https:\/\/mettapapelaria.com.br\/catalogo\/wp-json\/wp\/v2\/comments?post=7458"}],"version-history":[{"count":1,"href":"https:\/\/mettapapelaria.com.br\/catalogo\/wp-json\/wp\/v2\/product\/7458\/revisions"}],"predecessor-version":[{"id":7462,"href":"https:\/\/mettapapelaria.com.br\/catalogo\/wp-json\/wp\/v2\/product\/7458\/revisions\/7462"}],"wp:featuredmedia":[{"embeddable":true,"href":"https:\/\/mettapapelaria.com.br\/catalogo\/wp-json\/wp\/v2\/media\/7459"}],"wp:attachment":[{"href":"https:\/\/mettapapelaria.com.br\/catalogo\/wp-json\/wp\/v2\/media?parent=7458"}],"wp:term":[{"taxonomy":"brand","embeddable":true,"href":"https:\/\/mettapapelaria.com.br\/catalogo\/wp-json\/wp\/v2\/etheme_brands?post=7458"},{"taxonomy":"product_brand","embeddable":true,"href":"https:\/\/mettapapelaria.com.br\/catalogo\/wp-json\/wp\/v2\/product_brand?post=7458"},{"taxonomy":"product_cat","embeddable":true,"href":"https:\/\/mettapapelaria.com.br\/catalogo\/wp-json\/wp\/v2\/product_cat?post=7458"},{"taxonomy":"product_tag","embeddable":true,"href":"https:\/\/mettapapelaria.com.br\/catalogo\/wp-json\/wp\/v2\/product_tag?post=7458"}],"curies":[{"name":"wp","href":"https:\/\/api.w.org\/{rel}","templated":true}]}}