{"id":7419,"date":"2024-08-31T10:17:03","date_gmt":"2024-08-31T13:17:03","guid":{"rendered":"https:\/\/mettapapelaria.com.br\/catalogo\/?post_type=product&#038;p=7419"},"modified":"2024-08-31T10:17:04","modified_gmt":"2024-08-31T13:17:04","slug":"planner-com-espiral-happy-tilibra","status":"publish","type":"product","link":"https:\/\/mettapapelaria.com.br\/catalogo\/produto\/planner-com-espiral-happy-tilibra\/","title":{"rendered":"PLANNER COM ESPIRAL HAPPY TILIBRA"},"content":{"rendered":"<p>Se voc\u00ea busca um produto inspirado nas principais tend\u00eancias de moda para se organizar, o planner espiralado Happy da Tilibra \u00e9 a escolha perfeita. O produto tem tamanho 17,7 x 24 cm, capa dura com detalhes metalizados e fechamento com el\u00e1stico, bolsa de papel, adesivos e folhas com vis\u00f5es anual, mensal e semanal.<\/p>\n<p>Este planner 2025, que possui 80 folhas em papel creme, com gramatura de 90 g\/m\u00b2, e conte\u00fado tem\u00e1tico em QR Code, \u00e9 escolha ideal para manter todas as tarefas e compromissos bem programados.<\/p>\n<p>O que tem no QR Code?<\/p>\n<ul>\n<li>A linha Happy oferece uma experi\u00eancia digital exclusiva aos consumidores Tilibra. A marca conta com aberturas mensais com QR Codes que levam a conte\u00fados adicionais relacionados a comportamento e bem-estar.<\/li>\n<\/ul>\n<p>Como funciona?<\/p>\n<ul>\n<li>S\u00e3o 12 QR Codes que s\u00f3 os consumidores dos produtos t\u00eam acesso. Os c\u00f3digos, dispon\u00edveis no in\u00edcio de cada m\u00eas, direcionam para links com tem\u00e1ticas relacionadas \u00e0 ess\u00eancia da cole\u00e7\u00e3o.<br \/>\nOs conte\u00fados s\u00e3o liberados mensalmente para tornar a experi\u00eancia digital mais divertida e cont\u00ednua!<\/li>\n<\/ul>\n<p>Detalhes<\/p>\n<ul>\n<li>Bolsa de papel decorada<\/li>\n<li>Capa: com detalhe metalizado e dura<\/li>\n<li>Capa acabamento: com detalhe metalizado e com relevo<\/li>\n<li>Cor: Sortidas<\/li>\n<li>Espiral: colorido<\/li>\n<li>Fechamento: com el\u00e1stico e em ilh\u00f3s<\/li>\n<li>Folha de adesivos<\/li>\n<li>Folhas: para anota\u00e7\u00f5es<\/li>\n<li>Material: Capa Dura Com Acabamento Metalizado<\/li>\n<li>Parte interna da capa decorada<\/li>\n<li>Produto certificado: FSC<\/li>\n<li>Vis\u00e3o: anual, mensal e semanal<\/li>\n<li>Formato: 177mm x 240mm<\/li>\n<li>Gramatura: 90 g\/m\u00b2<\/li>\n<li>N\u00famero de folhas: 80 folhas<\/li>\n<\/ul>\n","protected":false},"excerpt":{"rendered":"<p>Se voc\u00ea busca um produto inspirado nas principais tend\u00eancias de moda para se organizar, o planner espiralado Happy da Tilibra \u00e9 a escolha perfeita. O&#8230;<\/p>\n","protected":false},"featured_media":7420,"comment_status":"open","ping_status":"closed","template":"","meta":[],"etheme_brands":[{"term_id":311,"name":"Tilibra","slug":"tilibra","term_group":0,"term_taxonomy_id":311,"taxonomy":"brand","description":"","parent":0,"count":148,"filter":"raw"}],"product_brand":[],"product_cat":[26,15,115],"product_tag":[262,589,316,275,228,225,239,266,317,274],"class_list":{"0":"post-7419","1":"product","2":"type-product","3":"status-publish","4":"has-post-thumbnail","6":"brand-tilibra","7":"product_cat-agendas-planners-outros","8":"product_cat-material-escritorio","9":"product_cat-planners","10":"product_tag-agenda","11":"product_tag-agenda-2025","12":"product_tag-estudante","13":"product_tag-faculdade","14":"product_tag-material-de-escritorio","15":"product_tag-metta-papelaria","16":"product_tag-organizacao","17":"product_tag-planner","18":"product_tag-study","19":"product_tag-universidade","21":"first","22":"instock","23":"sold-individually","24":"shipping-taxable","25":"purchasable","26":"product-type-simple"},"yoast_head":"<!-- This site is optimized with the Yoast SEO plugin v26.9 - https:\/\/yoast.com\/product\/yoast-seo-wordpress\/ -->\n<title>PLANNER COM ESPIRAL HAPPY TILIBRA - Metta Papelaria<\/title>\n<meta name=\"description\" content=\"Se voc\u00ea busca um produto inspirado nas principais tend\u00eancias de moda para se organizar, o planner espiralado Happy da Tilibra \u00e9 a escolha perfeita. O produto tem tamanho 17,7 x 24 cm, capa dura com detalhes metalizados e fechamento com el\u00e1stico, bolsa de papel, adesivos e folhas com vis\u00f5es anual, mensal e semanal. Este planner 2025, que possui 80 folhas em papel creme, com gramatura de 90 g\/m\u00b2, e conte\u00fado tem\u00e1tico em QR Code, \u00e9 escolha ideal para manter todas as tarefas e compromissos bem programados.\" \/>\n<meta name=\"robots\" content=\"index, follow, max-snippet:-1, max-image-preview:large, max-video-preview:-1\" \/>\n<link rel=\"canonical\" href=\"https:\/\/mettapapelaria.com.br\/catalogo\/produto\/planner-com-espiral-happy-tilibra\/\" \/>\n<meta property=\"og:locale\" content=\"pt_BR\" \/>\n<meta property=\"og:type\" content=\"article\" \/>\n<meta property=\"og:title\" content=\"PLANNER COM ESPIRAL HAPPY TILIBRA - Metta Papelaria\" \/>\n<meta property=\"og:description\" content=\"Se voc\u00ea busca um produto inspirado nas principais tend\u00eancias de moda para se organizar, o planner espiralado Happy da Tilibra \u00e9 a escolha perfeita. O produto tem tamanho 17,7 x 24 cm, capa dura com detalhes metalizados e fechamento com el\u00e1stico, bolsa de papel, adesivos e folhas com vis\u00f5es anual, mensal e semanal. Este planner 2025, que possui 80 folhas em papel creme, com gramatura de 90 g\/m\u00b2, e conte\u00fado tem\u00e1tico em QR Code, \u00e9 escolha ideal para manter todas as tarefas e compromissos bem programados.\" \/>\n<meta property=\"og:url\" content=\"https:\/\/mettapapelaria.com.br\/catalogo\/produto\/planner-com-espiral-happy-tilibra\/\" \/>\n<meta property=\"og:site_name\" content=\"Metta Papelaria\" \/>\n<meta property=\"article:publisher\" content=\"https:\/\/www.facebook.com\/mettapapelaria\/\" \/>\n<meta property=\"article:modified_time\" content=\"2024-08-31T13:17:04+00:00\" \/>\n<meta property=\"og:image\" content=\"https:\/\/mettapapelaria.com.br\/catalogo\/wp-content\/uploads\/2024\/08\/PLANNER-COM-ESPIRAL-HAPPY-TILIBRA.jpg\" \/>\n\t<meta property=\"og:image:width\" content=\"500\" \/>\n\t<meta property=\"og:image:height\" content=\"500\" \/>\n\t<meta property=\"og:image:type\" content=\"image\/jpeg\" \/>\n<meta name=\"twitter:card\" content=\"summary_large_image\" \/>\n<meta name=\"twitter:label1\" content=\"Est. tempo de leitura\" \/>\n\t<meta name=\"twitter:data1\" content=\"2 minutos\" \/>\n<script type=\"application\/ld+json\" class=\"yoast-schema-graph\">{\"@context\":\"https:\/\/schema.org\",\"@graph\":[{\"@type\":\"WebPage\",\"@id\":\"https:\/\/mettapapelaria.com.br\/catalogo\/produto\/planner-com-espiral-happy-tilibra\/\",\"url\":\"https:\/\/mettapapelaria.com.br\/catalogo\/produto\/planner-com-espiral-happy-tilibra\/\",\"name\":\"PLANNER COM ESPIRAL HAPPY TILIBRA - Metta Papelaria\",\"isPartOf\":{\"@id\":\"https:\/\/mettapapelaria.com.br\/catalogo\/#website\"},\"primaryImageOfPage\":{\"@id\":\"https:\/\/mettapapelaria.com.br\/catalogo\/produto\/planner-com-espiral-happy-tilibra\/#primaryimage\"},\"image\":{\"@id\":\"https:\/\/mettapapelaria.com.br\/catalogo\/produto\/planner-com-espiral-happy-tilibra\/#primaryimage\"},\"thumbnailUrl\":\"https:\/\/mettapapelaria.com.br\/catalogo\/wp-content\/uploads\/2024\/08\/PLANNER-COM-ESPIRAL-HAPPY-TILIBRA.jpg\",\"datePublished\":\"2024-08-31T13:17:03+00:00\",\"dateModified\":\"2024-08-31T13:17:04+00:00\",\"description\":\"Se voc\u00ea busca um produto inspirado nas principais tend\u00eancias de moda para se organizar, o planner espiralado Happy da Tilibra \u00e9 a escolha perfeita. O produto tem tamanho 17,7 x 24 cm, capa dura com detalhes metalizados e fechamento com el\u00e1stico, bolsa de papel, adesivos e folhas com vis\u00f5es anual, mensal e semanal. Este planner 2025, que possui 80 folhas em papel creme, com gramatura de 90 g\/m\u00b2, e conte\u00fado tem\u00e1tico em QR Code, \u00e9 escolha ideal para manter todas as tarefas e compromissos bem programados.\",\"breadcrumb\":{\"@id\":\"https:\/\/mettapapelaria.com.br\/catalogo\/produto\/planner-com-espiral-happy-tilibra\/#breadcrumb\"},\"inLanguage\":\"pt-BR\",\"potentialAction\":[{\"@type\":\"ReadAction\",\"target\":[\"https:\/\/mettapapelaria.com.br\/catalogo\/produto\/planner-com-espiral-happy-tilibra\/\"]}]},{\"@type\":\"ImageObject\",\"inLanguage\":\"pt-BR\",\"@id\":\"https:\/\/mettapapelaria.com.br\/catalogo\/produto\/planner-com-espiral-happy-tilibra\/#primaryimage\",\"url\":\"https:\/\/mettapapelaria.com.br\/catalogo\/wp-content\/uploads\/2024\/08\/PLANNER-COM-ESPIRAL-HAPPY-TILIBRA.jpg\",\"contentUrl\":\"https:\/\/mettapapelaria.com.br\/catalogo\/wp-content\/uploads\/2024\/08\/PLANNER-COM-ESPIRAL-HAPPY-TILIBRA.jpg\",\"width\":500,\"height\":500},{\"@type\":\"BreadcrumbList\",\"@id\":\"https:\/\/mettapapelaria.com.br\/catalogo\/produto\/planner-com-espiral-happy-tilibra\/#breadcrumb\",\"itemListElement\":[{\"@type\":\"ListItem\",\"position\":1,\"name\":\"In\u00edcio\",\"item\":\"https:\/\/mettapapelaria.com.br\/catalogo\/\"},{\"@type\":\"ListItem\",\"position\":2,\"name\":\"Shop\",\"item\":\"https:\/\/mettapapelaria.com.br\/catalogo\/shop\/\"},{\"@type\":\"ListItem\",\"position\":3,\"name\":\"PLANNER COM ESPIRAL HAPPY TILIBRA\"}]},{\"@type\":\"WebSite\",\"@id\":\"https:\/\/mettapapelaria.com.br\/catalogo\/#website\",\"url\":\"https:\/\/mettapapelaria.com.br\/catalogo\/\",\"name\":\"Metta Papelaria\",\"description\":\"Materiais e equipamentos de escrit\u00f3rio, suprimentos para inform\u00e1tica, e uma diversificada linha de material escolar\",\"publisher\":{\"@id\":\"https:\/\/mettapapelaria.com.br\/catalogo\/#organization\"},\"potentialAction\":[{\"@type\":\"SearchAction\",\"target\":{\"@type\":\"EntryPoint\",\"urlTemplate\":\"https:\/\/mettapapelaria.com.br\/catalogo\/?s={search_term_string}\"},\"query-input\":{\"@type\":\"PropertyValueSpecification\",\"valueRequired\":true,\"valueName\":\"search_term_string\"}}],\"inLanguage\":\"pt-BR\"},{\"@type\":\"Organization\",\"@id\":\"https:\/\/mettapapelaria.com.br\/catalogo\/#organization\",\"name\":\"Metta Papelaria\",\"url\":\"https:\/\/mettapapelaria.com.br\/catalogo\/\",\"logo\":{\"@type\":\"ImageObject\",\"inLanguage\":\"pt-BR\",\"@id\":\"https:\/\/mettapapelaria.com.br\/catalogo\/#\/schema\/logo\/image\/\",\"url\":\"https:\/\/mettapapelaria.com.br\/catalogo\/wp-content\/uploads\/2023\/12\/cropped-favicon-Metta_512-1.png\",\"contentUrl\":\"https:\/\/mettapapelaria.com.br\/catalogo\/wp-content\/uploads\/2023\/12\/cropped-favicon-Metta_512-1.png\",\"width\":512,\"height\":512,\"caption\":\"Metta Papelaria\"},\"image\":{\"@id\":\"https:\/\/mettapapelaria.com.br\/catalogo\/#\/schema\/logo\/image\/\"},\"sameAs\":[\"https:\/\/www.facebook.com\/mettapapelaria\/\",\"https:\/\/www.instagram.com\/papelariametta\/\"]}]}<\/script>\n<!-- \/ Yoast SEO plugin. -->","yoast_head_json":{"title":"PLANNER COM ESPIRAL HAPPY TILIBRA - Metta Papelaria","description":"Se voc\u00ea busca um produto inspirado nas principais tend\u00eancias de moda para se organizar, o planner espiralado Happy da Tilibra \u00e9 a escolha perfeita. O produto tem tamanho 17,7 x 24 cm, capa dura com detalhes metalizados e fechamento com el\u00e1stico, bolsa de papel, adesivos e folhas com vis\u00f5es anual, mensal e semanal. Este planner 2025, que possui 80 folhas em papel creme, com gramatura de 90 g\/m\u00b2, e conte\u00fado tem\u00e1tico em QR Code, \u00e9 escolha ideal para manter todas as tarefas e compromissos bem programados.","robots":{"index":"index","follow":"follow","max-snippet":"max-snippet:-1","max-image-preview":"max-image-preview:large","max-video-preview":"max-video-preview:-1"},"canonical":"https:\/\/mettapapelaria.com.br\/catalogo\/produto\/planner-com-espiral-happy-tilibra\/","og_locale":"pt_BR","og_type":"article","og_title":"PLANNER COM ESPIRAL HAPPY TILIBRA - Metta Papelaria","og_description":"Se voc\u00ea busca um produto inspirado nas principais tend\u00eancias de moda para se organizar, o planner espiralado Happy da Tilibra \u00e9 a escolha perfeita. O produto tem tamanho 17,7 x 24 cm, capa dura com detalhes metalizados e fechamento com el\u00e1stico, bolsa de papel, adesivos e folhas com vis\u00f5es anual, mensal e semanal. Este planner 2025, que possui 80 folhas em papel creme, com gramatura de 90 g\/m\u00b2, e conte\u00fado tem\u00e1tico em QR Code, \u00e9 escolha ideal para manter todas as tarefas e compromissos bem programados.","og_url":"https:\/\/mettapapelaria.com.br\/catalogo\/produto\/planner-com-espiral-happy-tilibra\/","og_site_name":"Metta Papelaria","article_publisher":"https:\/\/www.facebook.com\/mettapapelaria\/","article_modified_time":"2024-08-31T13:17:04+00:00","og_image":[{"width":500,"height":500,"url":"https:\/\/mettapapelaria.com.br\/catalogo\/wp-content\/uploads\/2024\/08\/PLANNER-COM-ESPIRAL-HAPPY-TILIBRA.jpg","type":"image\/jpeg"}],"twitter_card":"summary_large_image","twitter_misc":{"Est. tempo de leitura":"2 minutos"},"schema":{"@context":"https:\/\/schema.org","@graph":[{"@type":"WebPage","@id":"https:\/\/mettapapelaria.com.br\/catalogo\/produto\/planner-com-espiral-happy-tilibra\/","url":"https:\/\/mettapapelaria.com.br\/catalogo\/produto\/planner-com-espiral-happy-tilibra\/","name":"PLANNER COM ESPIRAL HAPPY TILIBRA - Metta Papelaria","isPartOf":{"@id":"https:\/\/mettapapelaria.com.br\/catalogo\/#website"},"primaryImageOfPage":{"@id":"https:\/\/mettapapelaria.com.br\/catalogo\/produto\/planner-com-espiral-happy-tilibra\/#primaryimage"},"image":{"@id":"https:\/\/mettapapelaria.com.br\/catalogo\/produto\/planner-com-espiral-happy-tilibra\/#primaryimage"},"thumbnailUrl":"https:\/\/mettapapelaria.com.br\/catalogo\/wp-content\/uploads\/2024\/08\/PLANNER-COM-ESPIRAL-HAPPY-TILIBRA.jpg","datePublished":"2024-08-31T13:17:03+00:00","dateModified":"2024-08-31T13:17:04+00:00","description":"Se voc\u00ea busca um produto inspirado nas principais tend\u00eancias de moda para se organizar, o planner espiralado Happy da Tilibra \u00e9 a escolha perfeita. O produto tem tamanho 17,7 x 24 cm, capa dura com detalhes metalizados e fechamento com el\u00e1stico, bolsa de papel, adesivos e folhas com vis\u00f5es anual, mensal e semanal. Este planner 2025, que possui 80 folhas em papel creme, com gramatura de 90 g\/m\u00b2, e conte\u00fado tem\u00e1tico em QR Code, \u00e9 escolha ideal para manter todas as tarefas e compromissos bem programados.","breadcrumb":{"@id":"https:\/\/mettapapelaria.com.br\/catalogo\/produto\/planner-com-espiral-happy-tilibra\/#breadcrumb"},"inLanguage":"pt-BR","potentialAction":[{"@type":"ReadAction","target":["https:\/\/mettapapelaria.com.br\/catalogo\/produto\/planner-com-espiral-happy-tilibra\/"]}]},{"@type":"ImageObject","inLanguage":"pt-BR","@id":"https:\/\/mettapapelaria.com.br\/catalogo\/produto\/planner-com-espiral-happy-tilibra\/#primaryimage","url":"https:\/\/mettapapelaria.com.br\/catalogo\/wp-content\/uploads\/2024\/08\/PLANNER-COM-ESPIRAL-HAPPY-TILIBRA.jpg","contentUrl":"https:\/\/mettapapelaria.com.br\/catalogo\/wp-content\/uploads\/2024\/08\/PLANNER-COM-ESPIRAL-HAPPY-TILIBRA.jpg","width":500,"height":500},{"@type":"BreadcrumbList","@id":"https:\/\/mettapapelaria.com.br\/catalogo\/produto\/planner-com-espiral-happy-tilibra\/#breadcrumb","itemListElement":[{"@type":"ListItem","position":1,"name":"In\u00edcio","item":"https:\/\/mettapapelaria.com.br\/catalogo\/"},{"@type":"ListItem","position":2,"name":"Shop","item":"https:\/\/mettapapelaria.com.br\/catalogo\/shop\/"},{"@type":"ListItem","position":3,"name":"PLANNER COM ESPIRAL HAPPY TILIBRA"}]},{"@type":"WebSite","@id":"https:\/\/mettapapelaria.com.br\/catalogo\/#website","url":"https:\/\/mettapapelaria.com.br\/catalogo\/","name":"Metta Papelaria","description":"Materiais e equipamentos de escrit\u00f3rio, suprimentos para inform\u00e1tica, e uma diversificada linha de material escolar","publisher":{"@id":"https:\/\/mettapapelaria.com.br\/catalogo\/#organization"},"potentialAction":[{"@type":"SearchAction","target":{"@type":"EntryPoint","urlTemplate":"https:\/\/mettapapelaria.com.br\/catalogo\/?s={search_term_string}"},"query-input":{"@type":"PropertyValueSpecification","valueRequired":true,"valueName":"search_term_string"}}],"inLanguage":"pt-BR"},{"@type":"Organization","@id":"https:\/\/mettapapelaria.com.br\/catalogo\/#organization","name":"Metta Papelaria","url":"https:\/\/mettapapelaria.com.br\/catalogo\/","logo":{"@type":"ImageObject","inLanguage":"pt-BR","@id":"https:\/\/mettapapelaria.com.br\/catalogo\/#\/schema\/logo\/image\/","url":"https:\/\/mettapapelaria.com.br\/catalogo\/wp-content\/uploads\/2023\/12\/cropped-favicon-Metta_512-1.png","contentUrl":"https:\/\/mettapapelaria.com.br\/catalogo\/wp-content\/uploads\/2023\/12\/cropped-favicon-Metta_512-1.png","width":512,"height":512,"caption":"Metta Papelaria"},"image":{"@id":"https:\/\/mettapapelaria.com.br\/catalogo\/#\/schema\/logo\/image\/"},"sameAs":["https:\/\/www.facebook.com\/mettapapelaria\/","https:\/\/www.instagram.com\/papelariametta\/"]}]}},"_links":{"self":[{"href":"https:\/\/mettapapelaria.com.br\/catalogo\/wp-json\/wp\/v2\/product\/7419","targetHints":{"allow":["GET"]}}],"collection":[{"href":"https:\/\/mettapapelaria.com.br\/catalogo\/wp-json\/wp\/v2\/product"}],"about":[{"href":"https:\/\/mettapapelaria.com.br\/catalogo\/wp-json\/wp\/v2\/types\/product"}],"replies":[{"embeddable":true,"href":"https:\/\/mettapapelaria.com.br\/catalogo\/wp-json\/wp\/v2\/comments?post=7419"}],"version-history":[{"count":1,"href":"https:\/\/mettapapelaria.com.br\/catalogo\/wp-json\/wp\/v2\/product\/7419\/revisions"}],"predecessor-version":[{"id":7425,"href":"https:\/\/mettapapelaria.com.br\/catalogo\/wp-json\/wp\/v2\/product\/7419\/revisions\/7425"}],"wp:featuredmedia":[{"embeddable":true,"href":"https:\/\/mettapapelaria.com.br\/catalogo\/wp-json\/wp\/v2\/media\/7420"}],"wp:attachment":[{"href":"https:\/\/mettapapelaria.com.br\/catalogo\/wp-json\/wp\/v2\/media?parent=7419"}],"wp:term":[{"taxonomy":"brand","embeddable":true,"href":"https:\/\/mettapapelaria.com.br\/catalogo\/wp-json\/wp\/v2\/etheme_brands?post=7419"},{"taxonomy":"product_brand","embeddable":true,"href":"https:\/\/mettapapelaria.com.br\/catalogo\/wp-json\/wp\/v2\/product_brand?post=7419"},{"taxonomy":"product_cat","embeddable":true,"href":"https:\/\/mettapapelaria.com.br\/catalogo\/wp-json\/wp\/v2\/product_cat?post=7419"},{"taxonomy":"product_tag","embeddable":true,"href":"https:\/\/mettapapelaria.com.br\/catalogo\/wp-json\/wp\/v2\/product_tag?post=7419"}],"curies":[{"name":"wp","href":"https:\/\/api.w.org\/{rel}","templated":true}]}}