{"id":7398,"date":"2024-08-29T15:03:58","date_gmt":"2024-08-29T18:03:58","guid":{"rendered":"https:\/\/mettapapelaria.com.br\/catalogo\/?post_type=product&#038;p=7398"},"modified":"2024-08-29T15:03:59","modified_gmt":"2024-08-29T18:03:59","slug":"lapiseira-pencil-2-0-leo-e-leo","status":"publish","type":"product","link":"https:\/\/mettapapelaria.com.br\/catalogo\/produto\/lapiseira-pencil-2-0-leo-e-leo\/","title":{"rendered":"LAPISEIRA PENCIL 2.0 LEO E LEO"},"content":{"rendered":"<p>A divers\u00e3o da Lapiseira Pencil com Grafite 2.0 &#8211; Leo&amp;Leo j\u00e1 come\u00e7a com um desafio de adivinha\u00e7\u00e3o: \u00e9 lapiseira ou l\u00e1pis? Isto porque esta lapiseira tem um design fofo que copia apar\u00eancia de l\u00e1pis tradicional.<\/p>\n<p>Ela garante a suavidade e precis\u00e3o do grafite 2.0mm, perfeito para desenhar, escrever ou fazer esbo\u00e7os. Possui um formato sextavado, que oferece mais conforto durante o uso, o que tamb\u00e9m evita que ele role sobre a mesa.<\/p>\n<p>Esta lapiseira ainda tem outro segredo especial: um apontador de mina integrado na parte superior. Esta inova\u00e7\u00e3o combina a funcionalidade de uma lapiseira com a conveni\u00eancia de um apontador, tornando este produto perfeito para uso art\u00edstico e profissional.<\/p>\n<p>\u00c9 o Mundo Leo&amp;Leo reinventando os materiais escolares para trazer muito mais alegria para o momento de aprender.<\/p>\n","protected":false},"excerpt":{"rendered":"<p>A divers\u00e3o da Lapiseira Pencil com Grafite 2.0 &#8211; Leo&amp;Leo j\u00e1 come\u00e7a com um desafio de adivinha\u00e7\u00e3o: \u00e9 lapiseira ou l\u00e1pis? Isto porque esta lapiseira&#8230;<\/p>\n","protected":false},"featured_media":7399,"comment_status":"open","ping_status":"closed","template":"","meta":[],"etheme_brands":[{"term_id":250,"name":"Leo &amp; Leo","slug":"leo-e-leo","term_group":0,"term_taxonomy_id":250,"taxonomy":"brand","description":"","parent":249,"count":24,"filter":"raw"},{"term_id":249,"name":"Leonora","slug":"leonora","term_group":0,"term_taxonomy_id":249,"taxonomy":"brand","description":"","parent":0,"count":67,"filter":"raw"}],"product_brand":[],"product_cat":[79,16],"product_tag":[254,338,293,396,324,323,276,316,275,395,255,294,292,438,551,439,256,227,225,317,274],"class_list":{"0":"post-7398","1":"product","2":"type-product","3":"status-publish","4":"has-post-thumbnail","6":"brand-leo-e-leo","7":"brand-leonora","8":"product_cat-lapiseiras","9":"product_cat-material-escolar","10":"product_tag-casa","11":"product_tag-colorido","12":"product_tag-crianca","13":"product_tag-cute","14":"product_tag-dino","15":"product_tag-dinossauro","16":"product_tag-escola","17":"product_tag-estudante","18":"product_tag-faculdade","19":"product_tag-fofo","20":"product_tag-home","21":"product_tag-infantil","22":"product_tag-kids","23":"product_tag-lapiseira","24":"product_tag-lapiseira-2-0","25":"product_tag-lapiseira-grossa","26":"product_tag-lar","27":"product_tag-material-escolar","28":"product_tag-metta-papelaria","29":"product_tag-study","30":"product_tag-universidade","32":"first","33":"instock","34":"sold-individually","35":"shipping-taxable","36":"purchasable","37":"product-type-simple"},"yoast_head":"<!-- This site is optimized with the Yoast SEO plugin v26.9 - https:\/\/yoast.com\/product\/yoast-seo-wordpress\/ -->\n<title>LAPISEIRA PENCIL 2.0 LEO E LEO - Metta Papelaria<\/title>\n<meta name=\"description\" content=\"A divers\u00e3o da Lapiseira Pencil com Grafite 2.0 - Leo&amp;Leo j\u00e1 come\u00e7a com um desafio de adivinha\u00e7\u00e3o: \u00e9 lapiseira ou l\u00e1pis? Isto porque esta lapiseira tem um design fofo que copia apar\u00eancia de l\u00e1pis tradicional. Ela garante a suavidade e precis\u00e3o do grafite 2.0mm, perfeito para desenhar, escrever ou fazer esbo\u00e7os. Possui um formato sextavado, que oferece mais conforto durante o uso, o que tamb\u00e9m evita que ele role sobre a mesa. Esta lapiseira ainda tem outro segredo especial: um apontador de mina integrado na parte superior. Esta inova\u00e7\u00e3o combina a funcionalidade de uma lapiseira com a conveni\u00eancia de um apontador, tornando este produto perfeito para uso art\u00edstico e profissional. \u00c9 o Mundo Leo&amp;Leo reinventando os materiais escolares para trazer muito mais alegria para o momento de aprender.\" \/>\n<meta name=\"robots\" content=\"index, follow, max-snippet:-1, max-image-preview:large, max-video-preview:-1\" \/>\n<link rel=\"canonical\" href=\"https:\/\/mettapapelaria.com.br\/catalogo\/produto\/lapiseira-pencil-2-0-leo-e-leo\/\" \/>\n<meta property=\"og:locale\" content=\"pt_BR\" \/>\n<meta property=\"og:type\" content=\"article\" \/>\n<meta property=\"og:title\" content=\"LAPISEIRA PENCIL 2.0 LEO E LEO - Metta Papelaria\" \/>\n<meta property=\"og:description\" content=\"A divers\u00e3o da Lapiseira Pencil com Grafite 2.0 - Leo&amp;Leo j\u00e1 come\u00e7a com um desafio de adivinha\u00e7\u00e3o: \u00e9 lapiseira ou l\u00e1pis? Isto porque esta lapiseira tem um design fofo que copia apar\u00eancia de l\u00e1pis tradicional. Ela garante a suavidade e precis\u00e3o do grafite 2.0mm, perfeito para desenhar, escrever ou fazer esbo\u00e7os. Possui um formato sextavado, que oferece mais conforto durante o uso, o que tamb\u00e9m evita que ele role sobre a mesa. Esta lapiseira ainda tem outro segredo especial: um apontador de mina integrado na parte superior. Esta inova\u00e7\u00e3o combina a funcionalidade de uma lapiseira com a conveni\u00eancia de um apontador, tornando este produto perfeito para uso art\u00edstico e profissional. \u00c9 o Mundo Leo&amp;Leo reinventando os materiais escolares para trazer muito mais alegria para o momento de aprender.\" \/>\n<meta property=\"og:url\" content=\"https:\/\/mettapapelaria.com.br\/catalogo\/produto\/lapiseira-pencil-2-0-leo-e-leo\/\" \/>\n<meta property=\"og:site_name\" content=\"Metta Papelaria\" \/>\n<meta property=\"article:publisher\" content=\"https:\/\/www.facebook.com\/mettapapelaria\/\" \/>\n<meta property=\"article:modified_time\" content=\"2024-08-29T18:03:59+00:00\" \/>\n<meta property=\"og:image\" content=\"https:\/\/mettapapelaria.com.br\/catalogo\/wp-content\/uploads\/2024\/08\/LAPISEIRA-PENCIL-2.0-LEO-E-LEO.jpg\" \/>\n\t<meta property=\"og:image:width\" content=\"500\" \/>\n\t<meta property=\"og:image:height\" content=\"500\" \/>\n\t<meta property=\"og:image:type\" content=\"image\/jpeg\" \/>\n<meta name=\"twitter:card\" content=\"summary_large_image\" \/>\n<meta name=\"twitter:label1\" content=\"Est. tempo de leitura\" \/>\n\t<meta name=\"twitter:data1\" content=\"1 minuto\" \/>\n<script type=\"application\/ld+json\" class=\"yoast-schema-graph\">{\"@context\":\"https:\/\/schema.org\",\"@graph\":[{\"@type\":\"WebPage\",\"@id\":\"https:\/\/mettapapelaria.com.br\/catalogo\/produto\/lapiseira-pencil-2-0-leo-e-leo\/\",\"url\":\"https:\/\/mettapapelaria.com.br\/catalogo\/produto\/lapiseira-pencil-2-0-leo-e-leo\/\",\"name\":\"LAPISEIRA PENCIL 2.0 LEO E LEO - Metta Papelaria\",\"isPartOf\":{\"@id\":\"https:\/\/mettapapelaria.com.br\/catalogo\/#website\"},\"primaryImageOfPage\":{\"@id\":\"https:\/\/mettapapelaria.com.br\/catalogo\/produto\/lapiseira-pencil-2-0-leo-e-leo\/#primaryimage\"},\"image\":{\"@id\":\"https:\/\/mettapapelaria.com.br\/catalogo\/produto\/lapiseira-pencil-2-0-leo-e-leo\/#primaryimage\"},\"thumbnailUrl\":\"https:\/\/mettapapelaria.com.br\/catalogo\/wp-content\/uploads\/2024\/08\/LAPISEIRA-PENCIL-2.0-LEO-E-LEO.jpg\",\"datePublished\":\"2024-08-29T18:03:58+00:00\",\"dateModified\":\"2024-08-29T18:03:59+00:00\",\"description\":\"A divers\u00e3o da Lapiseira Pencil com Grafite 2.0 - Leo&Leo j\u00e1 come\u00e7a com um desafio de adivinha\u00e7\u00e3o: \u00e9 lapiseira ou l\u00e1pis? Isto porque esta lapiseira tem um design fofo que copia apar\u00eancia de l\u00e1pis tradicional. Ela garante a suavidade e precis\u00e3o do grafite 2.0mm, perfeito para desenhar, escrever ou fazer esbo\u00e7os. Possui um formato sextavado, que oferece mais conforto durante o uso, o que tamb\u00e9m evita que ele role sobre a mesa. Esta lapiseira ainda tem outro segredo especial: um apontador de mina integrado na parte superior. Esta inova\u00e7\u00e3o combina a funcionalidade de uma lapiseira com a conveni\u00eancia de um apontador, tornando este produto perfeito para uso art\u00edstico e profissional. \u00c9 o Mundo Leo&Leo reinventando os materiais escolares para trazer muito mais alegria para o momento de aprender.\",\"breadcrumb\":{\"@id\":\"https:\/\/mettapapelaria.com.br\/catalogo\/produto\/lapiseira-pencil-2-0-leo-e-leo\/#breadcrumb\"},\"inLanguage\":\"pt-BR\",\"potentialAction\":[{\"@type\":\"ReadAction\",\"target\":[\"https:\/\/mettapapelaria.com.br\/catalogo\/produto\/lapiseira-pencil-2-0-leo-e-leo\/\"]}]},{\"@type\":\"ImageObject\",\"inLanguage\":\"pt-BR\",\"@id\":\"https:\/\/mettapapelaria.com.br\/catalogo\/produto\/lapiseira-pencil-2-0-leo-e-leo\/#primaryimage\",\"url\":\"https:\/\/mettapapelaria.com.br\/catalogo\/wp-content\/uploads\/2024\/08\/LAPISEIRA-PENCIL-2.0-LEO-E-LEO.jpg\",\"contentUrl\":\"https:\/\/mettapapelaria.com.br\/catalogo\/wp-content\/uploads\/2024\/08\/LAPISEIRA-PENCIL-2.0-LEO-E-LEO.jpg\",\"width\":500,\"height\":500},{\"@type\":\"BreadcrumbList\",\"@id\":\"https:\/\/mettapapelaria.com.br\/catalogo\/produto\/lapiseira-pencil-2-0-leo-e-leo\/#breadcrumb\",\"itemListElement\":[{\"@type\":\"ListItem\",\"position\":1,\"name\":\"In\u00edcio\",\"item\":\"https:\/\/mettapapelaria.com.br\/catalogo\/\"},{\"@type\":\"ListItem\",\"position\":2,\"name\":\"Shop\",\"item\":\"https:\/\/mettapapelaria.com.br\/catalogo\/shop\/\"},{\"@type\":\"ListItem\",\"position\":3,\"name\":\"LAPISEIRA PENCIL 2.0 LEO E LEO\"}]},{\"@type\":\"WebSite\",\"@id\":\"https:\/\/mettapapelaria.com.br\/catalogo\/#website\",\"url\":\"https:\/\/mettapapelaria.com.br\/catalogo\/\",\"name\":\"Metta Papelaria\",\"description\":\"Materiais e equipamentos de escrit\u00f3rio, suprimentos para inform\u00e1tica, e uma diversificada linha de material escolar\",\"publisher\":{\"@id\":\"https:\/\/mettapapelaria.com.br\/catalogo\/#organization\"},\"potentialAction\":[{\"@type\":\"SearchAction\",\"target\":{\"@type\":\"EntryPoint\",\"urlTemplate\":\"https:\/\/mettapapelaria.com.br\/catalogo\/?s={search_term_string}\"},\"query-input\":{\"@type\":\"PropertyValueSpecification\",\"valueRequired\":true,\"valueName\":\"search_term_string\"}}],\"inLanguage\":\"pt-BR\"},{\"@type\":\"Organization\",\"@id\":\"https:\/\/mettapapelaria.com.br\/catalogo\/#organization\",\"name\":\"Metta Papelaria\",\"url\":\"https:\/\/mettapapelaria.com.br\/catalogo\/\",\"logo\":{\"@type\":\"ImageObject\",\"inLanguage\":\"pt-BR\",\"@id\":\"https:\/\/mettapapelaria.com.br\/catalogo\/#\/schema\/logo\/image\/\",\"url\":\"https:\/\/mettapapelaria.com.br\/catalogo\/wp-content\/uploads\/2023\/12\/cropped-favicon-Metta_512-1.png\",\"contentUrl\":\"https:\/\/mettapapelaria.com.br\/catalogo\/wp-content\/uploads\/2023\/12\/cropped-favicon-Metta_512-1.png\",\"width\":512,\"height\":512,\"caption\":\"Metta Papelaria\"},\"image\":{\"@id\":\"https:\/\/mettapapelaria.com.br\/catalogo\/#\/schema\/logo\/image\/\"},\"sameAs\":[\"https:\/\/www.facebook.com\/mettapapelaria\/\",\"https:\/\/www.instagram.com\/papelariametta\/\"]}]}<\/script>\n<!-- \/ Yoast SEO plugin. -->","yoast_head_json":{"title":"LAPISEIRA PENCIL 2.0 LEO E LEO - Metta Papelaria","description":"A divers\u00e3o da Lapiseira Pencil com Grafite 2.0 - Leo&Leo j\u00e1 come\u00e7a com um desafio de adivinha\u00e7\u00e3o: \u00e9 lapiseira ou l\u00e1pis? Isto porque esta lapiseira tem um design fofo que copia apar\u00eancia de l\u00e1pis tradicional. Ela garante a suavidade e precis\u00e3o do grafite 2.0mm, perfeito para desenhar, escrever ou fazer esbo\u00e7os. Possui um formato sextavado, que oferece mais conforto durante o uso, o que tamb\u00e9m evita que ele role sobre a mesa. Esta lapiseira ainda tem outro segredo especial: um apontador de mina integrado na parte superior. Esta inova\u00e7\u00e3o combina a funcionalidade de uma lapiseira com a conveni\u00eancia de um apontador, tornando este produto perfeito para uso art\u00edstico e profissional. \u00c9 o Mundo Leo&Leo reinventando os materiais escolares para trazer muito mais alegria para o momento de aprender.","robots":{"index":"index","follow":"follow","max-snippet":"max-snippet:-1","max-image-preview":"max-image-preview:large","max-video-preview":"max-video-preview:-1"},"canonical":"https:\/\/mettapapelaria.com.br\/catalogo\/produto\/lapiseira-pencil-2-0-leo-e-leo\/","og_locale":"pt_BR","og_type":"article","og_title":"LAPISEIRA PENCIL 2.0 LEO E LEO - Metta Papelaria","og_description":"A divers\u00e3o da Lapiseira Pencil com Grafite 2.0 - Leo&Leo j\u00e1 come\u00e7a com um desafio de adivinha\u00e7\u00e3o: \u00e9 lapiseira ou l\u00e1pis? Isto porque esta lapiseira tem um design fofo que copia apar\u00eancia de l\u00e1pis tradicional. Ela garante a suavidade e precis\u00e3o do grafite 2.0mm, perfeito para desenhar, escrever ou fazer esbo\u00e7os. Possui um formato sextavado, que oferece mais conforto durante o uso, o que tamb\u00e9m evita que ele role sobre a mesa. Esta lapiseira ainda tem outro segredo especial: um apontador de mina integrado na parte superior. Esta inova\u00e7\u00e3o combina a funcionalidade de uma lapiseira com a conveni\u00eancia de um apontador, tornando este produto perfeito para uso art\u00edstico e profissional. \u00c9 o Mundo Leo&Leo reinventando os materiais escolares para trazer muito mais alegria para o momento de aprender.","og_url":"https:\/\/mettapapelaria.com.br\/catalogo\/produto\/lapiseira-pencil-2-0-leo-e-leo\/","og_site_name":"Metta Papelaria","article_publisher":"https:\/\/www.facebook.com\/mettapapelaria\/","article_modified_time":"2024-08-29T18:03:59+00:00","og_image":[{"width":500,"height":500,"url":"https:\/\/mettapapelaria.com.br\/catalogo\/wp-content\/uploads\/2024\/08\/LAPISEIRA-PENCIL-2.0-LEO-E-LEO.jpg","type":"image\/jpeg"}],"twitter_card":"summary_large_image","twitter_misc":{"Est. tempo de leitura":"1 minuto"},"schema":{"@context":"https:\/\/schema.org","@graph":[{"@type":"WebPage","@id":"https:\/\/mettapapelaria.com.br\/catalogo\/produto\/lapiseira-pencil-2-0-leo-e-leo\/","url":"https:\/\/mettapapelaria.com.br\/catalogo\/produto\/lapiseira-pencil-2-0-leo-e-leo\/","name":"LAPISEIRA PENCIL 2.0 LEO E LEO - Metta Papelaria","isPartOf":{"@id":"https:\/\/mettapapelaria.com.br\/catalogo\/#website"},"primaryImageOfPage":{"@id":"https:\/\/mettapapelaria.com.br\/catalogo\/produto\/lapiseira-pencil-2-0-leo-e-leo\/#primaryimage"},"image":{"@id":"https:\/\/mettapapelaria.com.br\/catalogo\/produto\/lapiseira-pencil-2-0-leo-e-leo\/#primaryimage"},"thumbnailUrl":"https:\/\/mettapapelaria.com.br\/catalogo\/wp-content\/uploads\/2024\/08\/LAPISEIRA-PENCIL-2.0-LEO-E-LEO.jpg","datePublished":"2024-08-29T18:03:58+00:00","dateModified":"2024-08-29T18:03:59+00:00","description":"A divers\u00e3o da Lapiseira Pencil com Grafite 2.0 - Leo&Leo j\u00e1 come\u00e7a com um desafio de adivinha\u00e7\u00e3o: \u00e9 lapiseira ou l\u00e1pis? Isto porque esta lapiseira tem um design fofo que copia apar\u00eancia de l\u00e1pis tradicional. Ela garante a suavidade e precis\u00e3o do grafite 2.0mm, perfeito para desenhar, escrever ou fazer esbo\u00e7os. Possui um formato sextavado, que oferece mais conforto durante o uso, o que tamb\u00e9m evita que ele role sobre a mesa. Esta lapiseira ainda tem outro segredo especial: um apontador de mina integrado na parte superior. Esta inova\u00e7\u00e3o combina a funcionalidade de uma lapiseira com a conveni\u00eancia de um apontador, tornando este produto perfeito para uso art\u00edstico e profissional. \u00c9 o Mundo Leo&Leo reinventando os materiais escolares para trazer muito mais alegria para o momento de aprender.","breadcrumb":{"@id":"https:\/\/mettapapelaria.com.br\/catalogo\/produto\/lapiseira-pencil-2-0-leo-e-leo\/#breadcrumb"},"inLanguage":"pt-BR","potentialAction":[{"@type":"ReadAction","target":["https:\/\/mettapapelaria.com.br\/catalogo\/produto\/lapiseira-pencil-2-0-leo-e-leo\/"]}]},{"@type":"ImageObject","inLanguage":"pt-BR","@id":"https:\/\/mettapapelaria.com.br\/catalogo\/produto\/lapiseira-pencil-2-0-leo-e-leo\/#primaryimage","url":"https:\/\/mettapapelaria.com.br\/catalogo\/wp-content\/uploads\/2024\/08\/LAPISEIRA-PENCIL-2.0-LEO-E-LEO.jpg","contentUrl":"https:\/\/mettapapelaria.com.br\/catalogo\/wp-content\/uploads\/2024\/08\/LAPISEIRA-PENCIL-2.0-LEO-E-LEO.jpg","width":500,"height":500},{"@type":"BreadcrumbList","@id":"https:\/\/mettapapelaria.com.br\/catalogo\/produto\/lapiseira-pencil-2-0-leo-e-leo\/#breadcrumb","itemListElement":[{"@type":"ListItem","position":1,"name":"In\u00edcio","item":"https:\/\/mettapapelaria.com.br\/catalogo\/"},{"@type":"ListItem","position":2,"name":"Shop","item":"https:\/\/mettapapelaria.com.br\/catalogo\/shop\/"},{"@type":"ListItem","position":3,"name":"LAPISEIRA PENCIL 2.0 LEO E LEO"}]},{"@type":"WebSite","@id":"https:\/\/mettapapelaria.com.br\/catalogo\/#website","url":"https:\/\/mettapapelaria.com.br\/catalogo\/","name":"Metta Papelaria","description":"Materiais e equipamentos de escrit\u00f3rio, suprimentos para inform\u00e1tica, e uma diversificada linha de material escolar","publisher":{"@id":"https:\/\/mettapapelaria.com.br\/catalogo\/#organization"},"potentialAction":[{"@type":"SearchAction","target":{"@type":"EntryPoint","urlTemplate":"https:\/\/mettapapelaria.com.br\/catalogo\/?s={search_term_string}"},"query-input":{"@type":"PropertyValueSpecification","valueRequired":true,"valueName":"search_term_string"}}],"inLanguage":"pt-BR"},{"@type":"Organization","@id":"https:\/\/mettapapelaria.com.br\/catalogo\/#organization","name":"Metta Papelaria","url":"https:\/\/mettapapelaria.com.br\/catalogo\/","logo":{"@type":"ImageObject","inLanguage":"pt-BR","@id":"https:\/\/mettapapelaria.com.br\/catalogo\/#\/schema\/logo\/image\/","url":"https:\/\/mettapapelaria.com.br\/catalogo\/wp-content\/uploads\/2023\/12\/cropped-favicon-Metta_512-1.png","contentUrl":"https:\/\/mettapapelaria.com.br\/catalogo\/wp-content\/uploads\/2023\/12\/cropped-favicon-Metta_512-1.png","width":512,"height":512,"caption":"Metta Papelaria"},"image":{"@id":"https:\/\/mettapapelaria.com.br\/catalogo\/#\/schema\/logo\/image\/"},"sameAs":["https:\/\/www.facebook.com\/mettapapelaria\/","https:\/\/www.instagram.com\/papelariametta\/"]}]}},"_links":{"self":[{"href":"https:\/\/mettapapelaria.com.br\/catalogo\/wp-json\/wp\/v2\/product\/7398","targetHints":{"allow":["GET"]}}],"collection":[{"href":"https:\/\/mettapapelaria.com.br\/catalogo\/wp-json\/wp\/v2\/product"}],"about":[{"href":"https:\/\/mettapapelaria.com.br\/catalogo\/wp-json\/wp\/v2\/types\/product"}],"replies":[{"embeddable":true,"href":"https:\/\/mettapapelaria.com.br\/catalogo\/wp-json\/wp\/v2\/comments?post=7398"}],"version-history":[{"count":1,"href":"https:\/\/mettapapelaria.com.br\/catalogo\/wp-json\/wp\/v2\/product\/7398\/revisions"}],"predecessor-version":[{"id":7405,"href":"https:\/\/mettapapelaria.com.br\/catalogo\/wp-json\/wp\/v2\/product\/7398\/revisions\/7405"}],"wp:featuredmedia":[{"embeddable":true,"href":"https:\/\/mettapapelaria.com.br\/catalogo\/wp-json\/wp\/v2\/media\/7399"}],"wp:attachment":[{"href":"https:\/\/mettapapelaria.com.br\/catalogo\/wp-json\/wp\/v2\/media?parent=7398"}],"wp:term":[{"taxonomy":"brand","embeddable":true,"href":"https:\/\/mettapapelaria.com.br\/catalogo\/wp-json\/wp\/v2\/etheme_brands?post=7398"},{"taxonomy":"product_brand","embeddable":true,"href":"https:\/\/mettapapelaria.com.br\/catalogo\/wp-json\/wp\/v2\/product_brand?post=7398"},{"taxonomy":"product_cat","embeddable":true,"href":"https:\/\/mettapapelaria.com.br\/catalogo\/wp-json\/wp\/v2\/product_cat?post=7398"},{"taxonomy":"product_tag","embeddable":true,"href":"https:\/\/mettapapelaria.com.br\/catalogo\/wp-json\/wp\/v2\/product_tag?post=7398"}],"curies":[{"name":"wp","href":"https:\/\/api.w.org\/{rel}","templated":true}]}}