{"id":7389,"date":"2024-08-29T14:45:52","date_gmt":"2024-08-29T17:45:52","guid":{"rendered":"https:\/\/mettapapelaria.com.br\/catalogo\/?post_type=product&#038;p=7389"},"modified":"2024-08-29T14:45:53","modified_gmt":"2024-08-29T17:45:53","slug":"garrafa-termica-preta-400ml-jocar-office","status":"publish","type":"product","link":"https:\/\/mettapapelaria.com.br\/catalogo\/produto\/garrafa-termica-preta-400ml-jocar-office\/","title":{"rendered":"GARRAFA T\u00c9RMICA PRETA 400ML JOCAR OFFICE"},"content":{"rendered":"<p>A Garrafa T\u00e9rmica Preta 400 ml Jocar Office chegou repleta de novidades e oportunidades de vendas.<\/p>\n<p>Ela vem com veda\u00e7\u00f5es internas de silicone, para evitar vazamentos, e tampa com bot\u00e3o e trava, facilitando ainda mais o manuseio. A garrafa tem capacidade para armazenar at\u00e9 400 ml de l\u00edquido, ideal para levar bebidas fresquinhas ou quentes a qualquer lugar. Um produto perfeito para conservar at\u00e9 \u00f3timos resultados de vendas. Aproveite.<\/p>\n","protected":false},"excerpt":{"rendered":"<p>A Garrafa T\u00e9rmica Preta 400 ml Jocar Office chegou repleta de novidades e oportunidades de vendas. Ela vem com veda\u00e7\u00f5es internas de silicone, para evitar&#8230;<\/p>\n","protected":false},"featured_media":7390,"comment_status":"open","ping_status":"closed","template":"","meta":[],"etheme_brands":[{"term_id":251,"name":"Jocar Office","slug":"jocar-office","term_group":0,"term_taxonomy_id":251,"taxonomy":"brand","description":"","parent":249,"count":15,"filter":"raw"},{"term_id":249,"name":"Leonora","slug":"leonora","term_group":0,"term_taxonomy_id":249,"taxonomy":"brand","description":"","parent":0,"count":67,"filter":"raw"}],"product_brand":[],"product_cat":[43,143,144,16],"product_tag":[254,338,293,396,324,323,276,316,275,395,287,597,605,255,294,292,256,227,225,317,274],"class_list":{"0":"post-7389","1":"product","2":"type-product","3":"status-publish","4":"has-post-thumbnail","6":"brand-jocar-office","7":"brand-leonora","8":"product_cat-bazar-artesanato","9":"product_cat-garrafas","10":"product_cat-garrafass","11":"product_cat-material-escolar","12":"product_tag-casa","13":"product_tag-colorido","14":"product_tag-crianca","15":"product_tag-cute","16":"product_tag-dino","17":"product_tag-dinossauro","18":"product_tag-escola","19":"product_tag-estudante","20":"product_tag-faculdade","21":"product_tag-fofo","22":"product_tag-garrafa","23":"product_tag-garrafa-de-agua","24":"product_tag-garrafa-termica","25":"product_tag-home","26":"product_tag-infantil","27":"product_tag-kids","28":"product_tag-lar","29":"product_tag-material-escolar","30":"product_tag-metta-papelaria","31":"product_tag-study","32":"product_tag-universidade","34":"first","35":"instock","36":"sold-individually","37":"shipping-taxable","38":"purchasable","39":"product-type-simple"},"yoast_head":"<!-- This site is optimized with the Yoast SEO plugin v26.9 - https:\/\/yoast.com\/product\/yoast-seo-wordpress\/ -->\n<title>GARRAFA T\u00c9RMICA PRETA 400ML JOCAR OFFICE - Metta Papelaria<\/title>\n<meta name=\"description\" content=\"A Garrafa T\u00e9rmica Preta 400 ml Jocar Office chegou repleta de novidades e oportunidades de vendas. Ela vem com veda\u00e7\u00f5es internas de silicone, para evitar vazamentos, e tampa com bot\u00e3o e trava, facilitando ainda mais o manuseio. A garrafa tem capacidade para armazenar at\u00e9 400 ml de l\u00edquido, ideal para levar bebidas fresquinhas ou quentes a qualquer lugar. Um produto perfeito para conservar at\u00e9 \u00f3timos resultados de vendas. Aproveite.\" \/>\n<meta name=\"robots\" content=\"index, follow, max-snippet:-1, max-image-preview:large, max-video-preview:-1\" \/>\n<link rel=\"canonical\" href=\"https:\/\/mettapapelaria.com.br\/catalogo\/produto\/garrafa-termica-preta-400ml-jocar-office\/\" \/>\n<meta property=\"og:locale\" content=\"pt_BR\" \/>\n<meta property=\"og:type\" content=\"article\" \/>\n<meta property=\"og:title\" content=\"GARRAFA T\u00c9RMICA PRETA 400ML JOCAR OFFICE - Metta Papelaria\" \/>\n<meta property=\"og:description\" content=\"A Garrafa T\u00e9rmica Preta 400 ml Jocar Office chegou repleta de novidades e oportunidades de vendas. Ela vem com veda\u00e7\u00f5es internas de silicone, para evitar vazamentos, e tampa com bot\u00e3o e trava, facilitando ainda mais o manuseio. A garrafa tem capacidade para armazenar at\u00e9 400 ml de l\u00edquido, ideal para levar bebidas fresquinhas ou quentes a qualquer lugar. Um produto perfeito para conservar at\u00e9 \u00f3timos resultados de vendas. Aproveite.\" \/>\n<meta property=\"og:url\" content=\"https:\/\/mettapapelaria.com.br\/catalogo\/produto\/garrafa-termica-preta-400ml-jocar-office\/\" \/>\n<meta property=\"og:site_name\" content=\"Metta Papelaria\" \/>\n<meta property=\"article:publisher\" content=\"https:\/\/www.facebook.com\/mettapapelaria\/\" \/>\n<meta property=\"article:modified_time\" content=\"2024-08-29T17:45:53+00:00\" \/>\n<meta property=\"og:image\" content=\"https:\/\/mettapapelaria.com.br\/catalogo\/wp-content\/uploads\/2024\/08\/GARRAFA-TERMICA-PRETA-400ML-JOCAR-OFFICE.jpg\" \/>\n\t<meta property=\"og:image:width\" content=\"500\" \/>\n\t<meta property=\"og:image:height\" content=\"500\" \/>\n\t<meta property=\"og:image:type\" content=\"image\/jpeg\" \/>\n<meta name=\"twitter:card\" content=\"summary_large_image\" \/>\n<meta name=\"twitter:label1\" content=\"Est. tempo de leitura\" \/>\n\t<meta name=\"twitter:data1\" content=\"1 minuto\" \/>\n<script type=\"application\/ld+json\" class=\"yoast-schema-graph\">{\"@context\":\"https:\/\/schema.org\",\"@graph\":[{\"@type\":\"WebPage\",\"@id\":\"https:\/\/mettapapelaria.com.br\/catalogo\/produto\/garrafa-termica-preta-400ml-jocar-office\/\",\"url\":\"https:\/\/mettapapelaria.com.br\/catalogo\/produto\/garrafa-termica-preta-400ml-jocar-office\/\",\"name\":\"GARRAFA T\u00c9RMICA PRETA 400ML JOCAR OFFICE - Metta Papelaria\",\"isPartOf\":{\"@id\":\"https:\/\/mettapapelaria.com.br\/catalogo\/#website\"},\"primaryImageOfPage\":{\"@id\":\"https:\/\/mettapapelaria.com.br\/catalogo\/produto\/garrafa-termica-preta-400ml-jocar-office\/#primaryimage\"},\"image\":{\"@id\":\"https:\/\/mettapapelaria.com.br\/catalogo\/produto\/garrafa-termica-preta-400ml-jocar-office\/#primaryimage\"},\"thumbnailUrl\":\"https:\/\/mettapapelaria.com.br\/catalogo\/wp-content\/uploads\/2024\/08\/GARRAFA-TERMICA-PRETA-400ML-JOCAR-OFFICE.jpg\",\"datePublished\":\"2024-08-29T17:45:52+00:00\",\"dateModified\":\"2024-08-29T17:45:53+00:00\",\"description\":\"A Garrafa T\u00e9rmica Preta 400 ml Jocar Office chegou repleta de novidades e oportunidades de vendas. Ela vem com veda\u00e7\u00f5es internas de silicone, para evitar vazamentos, e tampa com bot\u00e3o e trava, facilitando ainda mais o manuseio. A garrafa tem capacidade para armazenar at\u00e9 400 ml de l\u00edquido, ideal para levar bebidas fresquinhas ou quentes a qualquer lugar. Um produto perfeito para conservar at\u00e9 \u00f3timos resultados de vendas. Aproveite.\",\"breadcrumb\":{\"@id\":\"https:\/\/mettapapelaria.com.br\/catalogo\/produto\/garrafa-termica-preta-400ml-jocar-office\/#breadcrumb\"},\"inLanguage\":\"pt-BR\",\"potentialAction\":[{\"@type\":\"ReadAction\",\"target\":[\"https:\/\/mettapapelaria.com.br\/catalogo\/produto\/garrafa-termica-preta-400ml-jocar-office\/\"]}]},{\"@type\":\"ImageObject\",\"inLanguage\":\"pt-BR\",\"@id\":\"https:\/\/mettapapelaria.com.br\/catalogo\/produto\/garrafa-termica-preta-400ml-jocar-office\/#primaryimage\",\"url\":\"https:\/\/mettapapelaria.com.br\/catalogo\/wp-content\/uploads\/2024\/08\/GARRAFA-TERMICA-PRETA-400ML-JOCAR-OFFICE.jpg\",\"contentUrl\":\"https:\/\/mettapapelaria.com.br\/catalogo\/wp-content\/uploads\/2024\/08\/GARRAFA-TERMICA-PRETA-400ML-JOCAR-OFFICE.jpg\",\"width\":500,\"height\":500},{\"@type\":\"BreadcrumbList\",\"@id\":\"https:\/\/mettapapelaria.com.br\/catalogo\/produto\/garrafa-termica-preta-400ml-jocar-office\/#breadcrumb\",\"itemListElement\":[{\"@type\":\"ListItem\",\"position\":1,\"name\":\"In\u00edcio\",\"item\":\"https:\/\/mettapapelaria.com.br\/catalogo\/\"},{\"@type\":\"ListItem\",\"position\":2,\"name\":\"Shop\",\"item\":\"https:\/\/mettapapelaria.com.br\/catalogo\/shop\/\"},{\"@type\":\"ListItem\",\"position\":3,\"name\":\"GARRAFA T\u00c9RMICA PRETA 400ML JOCAR OFFICE\"}]},{\"@type\":\"WebSite\",\"@id\":\"https:\/\/mettapapelaria.com.br\/catalogo\/#website\",\"url\":\"https:\/\/mettapapelaria.com.br\/catalogo\/\",\"name\":\"Metta Papelaria\",\"description\":\"Materiais e equipamentos de escrit\u00f3rio, suprimentos para inform\u00e1tica, e uma diversificada linha de material escolar\",\"publisher\":{\"@id\":\"https:\/\/mettapapelaria.com.br\/catalogo\/#organization\"},\"potentialAction\":[{\"@type\":\"SearchAction\",\"target\":{\"@type\":\"EntryPoint\",\"urlTemplate\":\"https:\/\/mettapapelaria.com.br\/catalogo\/?s={search_term_string}\"},\"query-input\":{\"@type\":\"PropertyValueSpecification\",\"valueRequired\":true,\"valueName\":\"search_term_string\"}}],\"inLanguage\":\"pt-BR\"},{\"@type\":\"Organization\",\"@id\":\"https:\/\/mettapapelaria.com.br\/catalogo\/#organization\",\"name\":\"Metta Papelaria\",\"url\":\"https:\/\/mettapapelaria.com.br\/catalogo\/\",\"logo\":{\"@type\":\"ImageObject\",\"inLanguage\":\"pt-BR\",\"@id\":\"https:\/\/mettapapelaria.com.br\/catalogo\/#\/schema\/logo\/image\/\",\"url\":\"https:\/\/mettapapelaria.com.br\/catalogo\/wp-content\/uploads\/2023\/12\/cropped-favicon-Metta_512-1.png\",\"contentUrl\":\"https:\/\/mettapapelaria.com.br\/catalogo\/wp-content\/uploads\/2023\/12\/cropped-favicon-Metta_512-1.png\",\"width\":512,\"height\":512,\"caption\":\"Metta Papelaria\"},\"image\":{\"@id\":\"https:\/\/mettapapelaria.com.br\/catalogo\/#\/schema\/logo\/image\/\"},\"sameAs\":[\"https:\/\/www.facebook.com\/mettapapelaria\/\",\"https:\/\/www.instagram.com\/papelariametta\/\"]}]}<\/script>\n<!-- \/ Yoast SEO plugin. -->","yoast_head_json":{"title":"GARRAFA T\u00c9RMICA PRETA 400ML JOCAR OFFICE - Metta Papelaria","description":"A Garrafa T\u00e9rmica Preta 400 ml Jocar Office chegou repleta de novidades e oportunidades de vendas. Ela vem com veda\u00e7\u00f5es internas de silicone, para evitar vazamentos, e tampa com bot\u00e3o e trava, facilitando ainda mais o manuseio. A garrafa tem capacidade para armazenar at\u00e9 400 ml de l\u00edquido, ideal para levar bebidas fresquinhas ou quentes a qualquer lugar. Um produto perfeito para conservar at\u00e9 \u00f3timos resultados de vendas. Aproveite.","robots":{"index":"index","follow":"follow","max-snippet":"max-snippet:-1","max-image-preview":"max-image-preview:large","max-video-preview":"max-video-preview:-1"},"canonical":"https:\/\/mettapapelaria.com.br\/catalogo\/produto\/garrafa-termica-preta-400ml-jocar-office\/","og_locale":"pt_BR","og_type":"article","og_title":"GARRAFA T\u00c9RMICA PRETA 400ML JOCAR OFFICE - Metta Papelaria","og_description":"A Garrafa T\u00e9rmica Preta 400 ml Jocar Office chegou repleta de novidades e oportunidades de vendas. Ela vem com veda\u00e7\u00f5es internas de silicone, para evitar vazamentos, e tampa com bot\u00e3o e trava, facilitando ainda mais o manuseio. A garrafa tem capacidade para armazenar at\u00e9 400 ml de l\u00edquido, ideal para levar bebidas fresquinhas ou quentes a qualquer lugar. Um produto perfeito para conservar at\u00e9 \u00f3timos resultados de vendas. Aproveite.","og_url":"https:\/\/mettapapelaria.com.br\/catalogo\/produto\/garrafa-termica-preta-400ml-jocar-office\/","og_site_name":"Metta Papelaria","article_publisher":"https:\/\/www.facebook.com\/mettapapelaria\/","article_modified_time":"2024-08-29T17:45:53+00:00","og_image":[{"width":500,"height":500,"url":"https:\/\/mettapapelaria.com.br\/catalogo\/wp-content\/uploads\/2024\/08\/GARRAFA-TERMICA-PRETA-400ML-JOCAR-OFFICE.jpg","type":"image\/jpeg"}],"twitter_card":"summary_large_image","twitter_misc":{"Est. tempo de leitura":"1 minuto"},"schema":{"@context":"https:\/\/schema.org","@graph":[{"@type":"WebPage","@id":"https:\/\/mettapapelaria.com.br\/catalogo\/produto\/garrafa-termica-preta-400ml-jocar-office\/","url":"https:\/\/mettapapelaria.com.br\/catalogo\/produto\/garrafa-termica-preta-400ml-jocar-office\/","name":"GARRAFA T\u00c9RMICA PRETA 400ML JOCAR OFFICE - Metta Papelaria","isPartOf":{"@id":"https:\/\/mettapapelaria.com.br\/catalogo\/#website"},"primaryImageOfPage":{"@id":"https:\/\/mettapapelaria.com.br\/catalogo\/produto\/garrafa-termica-preta-400ml-jocar-office\/#primaryimage"},"image":{"@id":"https:\/\/mettapapelaria.com.br\/catalogo\/produto\/garrafa-termica-preta-400ml-jocar-office\/#primaryimage"},"thumbnailUrl":"https:\/\/mettapapelaria.com.br\/catalogo\/wp-content\/uploads\/2024\/08\/GARRAFA-TERMICA-PRETA-400ML-JOCAR-OFFICE.jpg","datePublished":"2024-08-29T17:45:52+00:00","dateModified":"2024-08-29T17:45:53+00:00","description":"A Garrafa T\u00e9rmica Preta 400 ml Jocar Office chegou repleta de novidades e oportunidades de vendas. Ela vem com veda\u00e7\u00f5es internas de silicone, para evitar vazamentos, e tampa com bot\u00e3o e trava, facilitando ainda mais o manuseio. A garrafa tem capacidade para armazenar at\u00e9 400 ml de l\u00edquido, ideal para levar bebidas fresquinhas ou quentes a qualquer lugar. Um produto perfeito para conservar at\u00e9 \u00f3timos resultados de vendas. Aproveite.","breadcrumb":{"@id":"https:\/\/mettapapelaria.com.br\/catalogo\/produto\/garrafa-termica-preta-400ml-jocar-office\/#breadcrumb"},"inLanguage":"pt-BR","potentialAction":[{"@type":"ReadAction","target":["https:\/\/mettapapelaria.com.br\/catalogo\/produto\/garrafa-termica-preta-400ml-jocar-office\/"]}]},{"@type":"ImageObject","inLanguage":"pt-BR","@id":"https:\/\/mettapapelaria.com.br\/catalogo\/produto\/garrafa-termica-preta-400ml-jocar-office\/#primaryimage","url":"https:\/\/mettapapelaria.com.br\/catalogo\/wp-content\/uploads\/2024\/08\/GARRAFA-TERMICA-PRETA-400ML-JOCAR-OFFICE.jpg","contentUrl":"https:\/\/mettapapelaria.com.br\/catalogo\/wp-content\/uploads\/2024\/08\/GARRAFA-TERMICA-PRETA-400ML-JOCAR-OFFICE.jpg","width":500,"height":500},{"@type":"BreadcrumbList","@id":"https:\/\/mettapapelaria.com.br\/catalogo\/produto\/garrafa-termica-preta-400ml-jocar-office\/#breadcrumb","itemListElement":[{"@type":"ListItem","position":1,"name":"In\u00edcio","item":"https:\/\/mettapapelaria.com.br\/catalogo\/"},{"@type":"ListItem","position":2,"name":"Shop","item":"https:\/\/mettapapelaria.com.br\/catalogo\/shop\/"},{"@type":"ListItem","position":3,"name":"GARRAFA T\u00c9RMICA PRETA 400ML JOCAR OFFICE"}]},{"@type":"WebSite","@id":"https:\/\/mettapapelaria.com.br\/catalogo\/#website","url":"https:\/\/mettapapelaria.com.br\/catalogo\/","name":"Metta Papelaria","description":"Materiais e equipamentos de escrit\u00f3rio, suprimentos para inform\u00e1tica, e uma diversificada linha de material escolar","publisher":{"@id":"https:\/\/mettapapelaria.com.br\/catalogo\/#organization"},"potentialAction":[{"@type":"SearchAction","target":{"@type":"EntryPoint","urlTemplate":"https:\/\/mettapapelaria.com.br\/catalogo\/?s={search_term_string}"},"query-input":{"@type":"PropertyValueSpecification","valueRequired":true,"valueName":"search_term_string"}}],"inLanguage":"pt-BR"},{"@type":"Organization","@id":"https:\/\/mettapapelaria.com.br\/catalogo\/#organization","name":"Metta Papelaria","url":"https:\/\/mettapapelaria.com.br\/catalogo\/","logo":{"@type":"ImageObject","inLanguage":"pt-BR","@id":"https:\/\/mettapapelaria.com.br\/catalogo\/#\/schema\/logo\/image\/","url":"https:\/\/mettapapelaria.com.br\/catalogo\/wp-content\/uploads\/2023\/12\/cropped-favicon-Metta_512-1.png","contentUrl":"https:\/\/mettapapelaria.com.br\/catalogo\/wp-content\/uploads\/2023\/12\/cropped-favicon-Metta_512-1.png","width":512,"height":512,"caption":"Metta Papelaria"},"image":{"@id":"https:\/\/mettapapelaria.com.br\/catalogo\/#\/schema\/logo\/image\/"},"sameAs":["https:\/\/www.facebook.com\/mettapapelaria\/","https:\/\/www.instagram.com\/papelariametta\/"]}]}},"_links":{"self":[{"href":"https:\/\/mettapapelaria.com.br\/catalogo\/wp-json\/wp\/v2\/product\/7389","targetHints":{"allow":["GET"]}}],"collection":[{"href":"https:\/\/mettapapelaria.com.br\/catalogo\/wp-json\/wp\/v2\/product"}],"about":[{"href":"https:\/\/mettapapelaria.com.br\/catalogo\/wp-json\/wp\/v2\/types\/product"}],"replies":[{"embeddable":true,"href":"https:\/\/mettapapelaria.com.br\/catalogo\/wp-json\/wp\/v2\/comments?post=7389"}],"version-history":[{"count":1,"href":"https:\/\/mettapapelaria.com.br\/catalogo\/wp-json\/wp\/v2\/product\/7389\/revisions"}],"predecessor-version":[{"id":7393,"href":"https:\/\/mettapapelaria.com.br\/catalogo\/wp-json\/wp\/v2\/product\/7389\/revisions\/7393"}],"wp:featuredmedia":[{"embeddable":true,"href":"https:\/\/mettapapelaria.com.br\/catalogo\/wp-json\/wp\/v2\/media\/7390"}],"wp:attachment":[{"href":"https:\/\/mettapapelaria.com.br\/catalogo\/wp-json\/wp\/v2\/media?parent=7389"}],"wp:term":[{"taxonomy":"brand","embeddable":true,"href":"https:\/\/mettapapelaria.com.br\/catalogo\/wp-json\/wp\/v2\/etheme_brands?post=7389"},{"taxonomy":"product_brand","embeddable":true,"href":"https:\/\/mettapapelaria.com.br\/catalogo\/wp-json\/wp\/v2\/product_brand?post=7389"},{"taxonomy":"product_cat","embeddable":true,"href":"https:\/\/mettapapelaria.com.br\/catalogo\/wp-json\/wp\/v2\/product_cat?post=7389"},{"taxonomy":"product_tag","embeddable":true,"href":"https:\/\/mettapapelaria.com.br\/catalogo\/wp-json\/wp\/v2\/product_tag?post=7389"}],"curies":[{"name":"wp","href":"https:\/\/api.w.org\/{rel}","templated":true}]}}