{"id":7383,"date":"2024-08-29T14:35:21","date_gmt":"2024-08-29T17:35:21","guid":{"rendered":"https:\/\/mettapapelaria.com.br\/catalogo\/?post_type=product&#038;p=7383"},"modified":"2024-08-29T14:35:23","modified_gmt":"2024-08-29T17:35:23","slug":"apontador-com-deposito-dino-space-leo-e-leo","status":"publish","type":"product","link":"https:\/\/mettapapelaria.com.br\/catalogo\/produto\/apontador-com-deposito-dino-space-leo-e-leo\/","title":{"rendered":"APONTADOR COM DEP\u00d3SITO DINO SPACE LEO E LEO"},"content":{"rendered":"<p>O Apontador Foguete com Dep\u00f3sito Dino Space &#8211; Leo&amp;Leo \u00e9 uma grande viagem, pois mistura dinossauros e o espa\u00e7o sideral!<\/p>\n<p>Em formato de foguete, o apontador \u00e9 super fofo e convidativo para brincar mesmo quando em uso. Ele vem com uma borracha escondida. Basta tirar a ponta da nave e usar a borracha para apagar o que precisar. Al\u00e9m disso, o foguete \u00e9 equipado com um dep\u00f3sito interno, permitindo que se colete as aparas de l\u00e1pis de forma pr\u00e1tica, evitando sujeira em mesas ou na superf\u00edcie de trabalho.<\/p>\n<p>Com 1 furo para apontar l\u00e1pis de tamanho comum, sua l\u00e2mina \u00e9 afiada e de qualidade, proporcionando um apontamento preciso e eficiente, garantindo pontas bem afiadas para os l\u00e1pis. Seu tamanho compacto \u00e9 perfeito para levar em estojos, bolsas ou mochilas, sendo ideal para uso escolar, no escrit\u00f3rio ou mesmo art\u00edstico.<br \/>\nSendo oferecido em 4 lindas cores vibrantes, vermelho, laranja, azul e verde.<\/p>\n<p>Ainda vem uma estampa de dinossauro com capacete de astronauta no corpo do Apontador Foguete com Dep\u00f3sito Dino Space, deixando cada detalhe especial e divertido nesse apontador que vai acompanhar a crian\u00e7a em diversos momentos do estudo e aprendizado.<\/p>\n<p>DETALHES DO PRODUTO:<\/p>\n<ul>\n<li>Possui 15 cm dobrada e 30 cm esticada<\/li>\n<li>Ilustrada com dinossauros, planetas, estrelas e meteoros<\/li>\n<\/ul>\n","protected":false},"excerpt":{"rendered":"<p>O Apontador Foguete com Dep\u00f3sito Dino Space &#8211; Leo&amp;Leo \u00e9 uma grande viagem, pois mistura dinossauros e o espa\u00e7o sideral! Em formato de foguete, o&#8230;<\/p>\n","protected":false},"featured_media":7384,"comment_status":"open","ping_status":"closed","template":"","meta":[],"etheme_brands":[{"term_id":250,"name":"Leo &amp; Leo","slug":"leo-e-leo","term_group":0,"term_taxonomy_id":250,"taxonomy":"brand","description":"","parent":249,"count":24,"filter":"raw"},{"term_id":249,"name":"Leonora","slug":"leonora","term_group":0,"term_taxonomy_id":249,"taxonomy":"brand","description":"","parent":0,"count":67,"filter":"raw"}],"product_brand":[],"product_cat":[19,82,16],"product_tag":[328,329,330,334,254,338,293,396,324,323,276,316,275,395,255,294,292,256,227,225,317,274],"class_list":{"0":"post-7383","1":"product","2":"type-product","3":"status-publish","4":"has-post-thumbnail","6":"brand-leo-e-leo","7":"brand-leonora","8":"product_cat-apontadores","9":"product_cat-apontadores-com-deposito","10":"product_cat-material-escolar","11":"product_tag-apontador","12":"product_tag-apontador-com-deposito","13":"product_tag-apontador-com-lixeira","14":"product_tag-apontador-e-borracha","15":"product_tag-casa","16":"product_tag-colorido","17":"product_tag-crianca","18":"product_tag-cute","19":"product_tag-dino","20":"product_tag-dinossauro","21":"product_tag-escola","22":"product_tag-estudante","23":"product_tag-faculdade","24":"product_tag-fofo","25":"product_tag-home","26":"product_tag-infantil","27":"product_tag-kids","28":"product_tag-lar","29":"product_tag-material-escolar","30":"product_tag-metta-papelaria","31":"product_tag-study","32":"product_tag-universidade","34":"first","35":"instock","36":"sold-individually","37":"shipping-taxable","38":"purchasable","39":"product-type-simple"},"yoast_head":"<!-- This site is optimized with the Yoast SEO plugin v26.9 - https:\/\/yoast.com\/product\/yoast-seo-wordpress\/ -->\n<title>APONTADOR COM DEP\u00d3SITO DINO SPACE LEO E LEO - Metta Papelaria<\/title>\n<meta name=\"description\" content=\"O Apontador Foguete com Dep\u00f3sito Dino Space - Leo&amp;Leo \u00e9 uma grande viagem, pois mistura dinossauros e o espa\u00e7o sideral! Em formato de foguete, o apontador \u00e9 super fofo e convidativo para brincar mesmo quando em uso. Ele vem com uma borracha escondida. Basta tirar a ponta da nave e usar a borracha para apagar o que precisar. Al\u00e9m disso, o foguete \u00e9 equipado com um dep\u00f3sito interno, permitindo que se colete as aparas de l\u00e1pis de forma pr\u00e1tica, evitando sujeira em mesas ou na superf\u00edcie de trabalho. Com 1 furo para apontar l\u00e1pis de tamanho comum, sua l\u00e2mina \u00e9 afiada e de qualidade, proporcionando um apontamento preciso e eficiente, garantindo pontas bem afiadas para os l\u00e1pis. Seu tamanho compacto \u00e9 perfeito para levar em estojos, bolsas ou mochilas, sendo ideal para uso escolar, no escrit\u00f3rio ou mesmo art\u00edstico. Sendo oferecido em 4 lindas cores vibrantes, vermelho, laranja, azul e verde. Ainda vem uma estampa de dinossauro com capacete de astronauta no corpo do Apontador Foguete com Dep\u00f3sito Dino Space, deixando cada detalhe especial e divertido nesse apontador que vai acompanhar a crian\u00e7a em diversos momentos do estudo e aprendizado.\" \/>\n<meta name=\"robots\" content=\"index, follow, max-snippet:-1, max-image-preview:large, max-video-preview:-1\" \/>\n<link rel=\"canonical\" href=\"https:\/\/mettapapelaria.com.br\/catalogo\/produto\/apontador-com-deposito-dino-space-leo-e-leo\/\" \/>\n<meta property=\"og:locale\" content=\"pt_BR\" \/>\n<meta property=\"og:type\" content=\"article\" \/>\n<meta property=\"og:title\" content=\"APONTADOR COM DEP\u00d3SITO DINO SPACE LEO E LEO - Metta Papelaria\" \/>\n<meta property=\"og:description\" content=\"O Apontador Foguete com Dep\u00f3sito Dino Space - Leo&amp;Leo \u00e9 uma grande viagem, pois mistura dinossauros e o espa\u00e7o sideral! Em formato de foguete, o apontador \u00e9 super fofo e convidativo para brincar mesmo quando em uso. Ele vem com uma borracha escondida. Basta tirar a ponta da nave e usar a borracha para apagar o que precisar. Al\u00e9m disso, o foguete \u00e9 equipado com um dep\u00f3sito interno, permitindo que se colete as aparas de l\u00e1pis de forma pr\u00e1tica, evitando sujeira em mesas ou na superf\u00edcie de trabalho. Com 1 furo para apontar l\u00e1pis de tamanho comum, sua l\u00e2mina \u00e9 afiada e de qualidade, proporcionando um apontamento preciso e eficiente, garantindo pontas bem afiadas para os l\u00e1pis. Seu tamanho compacto \u00e9 perfeito para levar em estojos, bolsas ou mochilas, sendo ideal para uso escolar, no escrit\u00f3rio ou mesmo art\u00edstico. Sendo oferecido em 4 lindas cores vibrantes, vermelho, laranja, azul e verde. Ainda vem uma estampa de dinossauro com capacete de astronauta no corpo do Apontador Foguete com Dep\u00f3sito Dino Space, deixando cada detalhe especial e divertido nesse apontador que vai acompanhar a crian\u00e7a em diversos momentos do estudo e aprendizado.\" \/>\n<meta property=\"og:url\" content=\"https:\/\/mettapapelaria.com.br\/catalogo\/produto\/apontador-com-deposito-dino-space-leo-e-leo\/\" \/>\n<meta property=\"og:site_name\" content=\"Metta Papelaria\" \/>\n<meta property=\"article:publisher\" content=\"https:\/\/www.facebook.com\/mettapapelaria\/\" \/>\n<meta property=\"article:modified_time\" content=\"2024-08-29T17:35:23+00:00\" \/>\n<meta property=\"og:image\" content=\"https:\/\/mettapapelaria.com.br\/catalogo\/wp-content\/uploads\/2024\/08\/APONTADOR-COM-DEPOSITO-DINO-SPACE-LEO-E-LEO.jpg\" \/>\n\t<meta property=\"og:image:width\" content=\"500\" \/>\n\t<meta property=\"og:image:height\" content=\"500\" \/>\n\t<meta property=\"og:image:type\" content=\"image\/jpeg\" \/>\n<meta name=\"twitter:card\" content=\"summary_large_image\" \/>\n<meta name=\"twitter:label1\" content=\"Est. tempo de leitura\" \/>\n\t<meta name=\"twitter:data1\" content=\"2 minutos\" \/>\n<script type=\"application\/ld+json\" class=\"yoast-schema-graph\">{\"@context\":\"https:\/\/schema.org\",\"@graph\":[{\"@type\":\"WebPage\",\"@id\":\"https:\/\/mettapapelaria.com.br\/catalogo\/produto\/apontador-com-deposito-dino-space-leo-e-leo\/\",\"url\":\"https:\/\/mettapapelaria.com.br\/catalogo\/produto\/apontador-com-deposito-dino-space-leo-e-leo\/\",\"name\":\"APONTADOR COM DEP\u00d3SITO DINO SPACE LEO E LEO - Metta Papelaria\",\"isPartOf\":{\"@id\":\"https:\/\/mettapapelaria.com.br\/catalogo\/#website\"},\"primaryImageOfPage\":{\"@id\":\"https:\/\/mettapapelaria.com.br\/catalogo\/produto\/apontador-com-deposito-dino-space-leo-e-leo\/#primaryimage\"},\"image\":{\"@id\":\"https:\/\/mettapapelaria.com.br\/catalogo\/produto\/apontador-com-deposito-dino-space-leo-e-leo\/#primaryimage\"},\"thumbnailUrl\":\"https:\/\/mettapapelaria.com.br\/catalogo\/wp-content\/uploads\/2024\/08\/APONTADOR-COM-DEPOSITO-DINO-SPACE-LEO-E-LEO.jpg\",\"datePublished\":\"2024-08-29T17:35:21+00:00\",\"dateModified\":\"2024-08-29T17:35:23+00:00\",\"description\":\"O Apontador Foguete com Dep\u00f3sito Dino Space - Leo&Leo \u00e9 uma grande viagem, pois mistura dinossauros e o espa\u00e7o sideral! Em formato de foguete, o apontador \u00e9 super fofo e convidativo para brincar mesmo quando em uso. Ele vem com uma borracha escondida. Basta tirar a ponta da nave e usar a borracha para apagar o que precisar. Al\u00e9m disso, o foguete \u00e9 equipado com um dep\u00f3sito interno, permitindo que se colete as aparas de l\u00e1pis de forma pr\u00e1tica, evitando sujeira em mesas ou na superf\u00edcie de trabalho. Com 1 furo para apontar l\u00e1pis de tamanho comum, sua l\u00e2mina \u00e9 afiada e de qualidade, proporcionando um apontamento preciso e eficiente, garantindo pontas bem afiadas para os l\u00e1pis. Seu tamanho compacto \u00e9 perfeito para levar em estojos, bolsas ou mochilas, sendo ideal para uso escolar, no escrit\u00f3rio ou mesmo art\u00edstico. Sendo oferecido em 4 lindas cores vibrantes, vermelho, laranja, azul e verde. Ainda vem uma estampa de dinossauro com capacete de astronauta no corpo do Apontador Foguete com Dep\u00f3sito Dino Space, deixando cada detalhe especial e divertido nesse apontador que vai acompanhar a crian\u00e7a em diversos momentos do estudo e aprendizado.\",\"breadcrumb\":{\"@id\":\"https:\/\/mettapapelaria.com.br\/catalogo\/produto\/apontador-com-deposito-dino-space-leo-e-leo\/#breadcrumb\"},\"inLanguage\":\"pt-BR\",\"potentialAction\":[{\"@type\":\"ReadAction\",\"target\":[\"https:\/\/mettapapelaria.com.br\/catalogo\/produto\/apontador-com-deposito-dino-space-leo-e-leo\/\"]}]},{\"@type\":\"ImageObject\",\"inLanguage\":\"pt-BR\",\"@id\":\"https:\/\/mettapapelaria.com.br\/catalogo\/produto\/apontador-com-deposito-dino-space-leo-e-leo\/#primaryimage\",\"url\":\"https:\/\/mettapapelaria.com.br\/catalogo\/wp-content\/uploads\/2024\/08\/APONTADOR-COM-DEPOSITO-DINO-SPACE-LEO-E-LEO.jpg\",\"contentUrl\":\"https:\/\/mettapapelaria.com.br\/catalogo\/wp-content\/uploads\/2024\/08\/APONTADOR-COM-DEPOSITO-DINO-SPACE-LEO-E-LEO.jpg\",\"width\":500,\"height\":500},{\"@type\":\"BreadcrumbList\",\"@id\":\"https:\/\/mettapapelaria.com.br\/catalogo\/produto\/apontador-com-deposito-dino-space-leo-e-leo\/#breadcrumb\",\"itemListElement\":[{\"@type\":\"ListItem\",\"position\":1,\"name\":\"In\u00edcio\",\"item\":\"https:\/\/mettapapelaria.com.br\/catalogo\/\"},{\"@type\":\"ListItem\",\"position\":2,\"name\":\"Shop\",\"item\":\"https:\/\/mettapapelaria.com.br\/catalogo\/shop\/\"},{\"@type\":\"ListItem\",\"position\":3,\"name\":\"APONTADOR COM DEP\u00d3SITO DINO SPACE LEO E LEO\"}]},{\"@type\":\"WebSite\",\"@id\":\"https:\/\/mettapapelaria.com.br\/catalogo\/#website\",\"url\":\"https:\/\/mettapapelaria.com.br\/catalogo\/\",\"name\":\"Metta Papelaria\",\"description\":\"Materiais e equipamentos de escrit\u00f3rio, suprimentos para inform\u00e1tica, e uma diversificada linha de material escolar\",\"publisher\":{\"@id\":\"https:\/\/mettapapelaria.com.br\/catalogo\/#organization\"},\"potentialAction\":[{\"@type\":\"SearchAction\",\"target\":{\"@type\":\"EntryPoint\",\"urlTemplate\":\"https:\/\/mettapapelaria.com.br\/catalogo\/?s={search_term_string}\"},\"query-input\":{\"@type\":\"PropertyValueSpecification\",\"valueRequired\":true,\"valueName\":\"search_term_string\"}}],\"inLanguage\":\"pt-BR\"},{\"@type\":\"Organization\",\"@id\":\"https:\/\/mettapapelaria.com.br\/catalogo\/#organization\",\"name\":\"Metta Papelaria\",\"url\":\"https:\/\/mettapapelaria.com.br\/catalogo\/\",\"logo\":{\"@type\":\"ImageObject\",\"inLanguage\":\"pt-BR\",\"@id\":\"https:\/\/mettapapelaria.com.br\/catalogo\/#\/schema\/logo\/image\/\",\"url\":\"https:\/\/mettapapelaria.com.br\/catalogo\/wp-content\/uploads\/2023\/12\/cropped-favicon-Metta_512-1.png\",\"contentUrl\":\"https:\/\/mettapapelaria.com.br\/catalogo\/wp-content\/uploads\/2023\/12\/cropped-favicon-Metta_512-1.png\",\"width\":512,\"height\":512,\"caption\":\"Metta Papelaria\"},\"image\":{\"@id\":\"https:\/\/mettapapelaria.com.br\/catalogo\/#\/schema\/logo\/image\/\"},\"sameAs\":[\"https:\/\/www.facebook.com\/mettapapelaria\/\",\"https:\/\/www.instagram.com\/papelariametta\/\"]}]}<\/script>\n<!-- \/ Yoast SEO plugin. -->","yoast_head_json":{"title":"APONTADOR COM DEP\u00d3SITO DINO SPACE LEO E LEO - Metta Papelaria","description":"O Apontador Foguete com Dep\u00f3sito Dino Space - Leo&Leo \u00e9 uma grande viagem, pois mistura dinossauros e o espa\u00e7o sideral! Em formato de foguete, o apontador \u00e9 super fofo e convidativo para brincar mesmo quando em uso. Ele vem com uma borracha escondida. Basta tirar a ponta da nave e usar a borracha para apagar o que precisar. Al\u00e9m disso, o foguete \u00e9 equipado com um dep\u00f3sito interno, permitindo que se colete as aparas de l\u00e1pis de forma pr\u00e1tica, evitando sujeira em mesas ou na superf\u00edcie de trabalho. Com 1 furo para apontar l\u00e1pis de tamanho comum, sua l\u00e2mina \u00e9 afiada e de qualidade, proporcionando um apontamento preciso e eficiente, garantindo pontas bem afiadas para os l\u00e1pis. Seu tamanho compacto \u00e9 perfeito para levar em estojos, bolsas ou mochilas, sendo ideal para uso escolar, no escrit\u00f3rio ou mesmo art\u00edstico. Sendo oferecido em 4 lindas cores vibrantes, vermelho, laranja, azul e verde. Ainda vem uma estampa de dinossauro com capacete de astronauta no corpo do Apontador Foguete com Dep\u00f3sito Dino Space, deixando cada detalhe especial e divertido nesse apontador que vai acompanhar a crian\u00e7a em diversos momentos do estudo e aprendizado.","robots":{"index":"index","follow":"follow","max-snippet":"max-snippet:-1","max-image-preview":"max-image-preview:large","max-video-preview":"max-video-preview:-1"},"canonical":"https:\/\/mettapapelaria.com.br\/catalogo\/produto\/apontador-com-deposito-dino-space-leo-e-leo\/","og_locale":"pt_BR","og_type":"article","og_title":"APONTADOR COM DEP\u00d3SITO DINO SPACE LEO E LEO - Metta Papelaria","og_description":"O Apontador Foguete com Dep\u00f3sito Dino Space - Leo&Leo \u00e9 uma grande viagem, pois mistura dinossauros e o espa\u00e7o sideral! Em formato de foguete, o apontador \u00e9 super fofo e convidativo para brincar mesmo quando em uso. Ele vem com uma borracha escondida. Basta tirar a ponta da nave e usar a borracha para apagar o que precisar. Al\u00e9m disso, o foguete \u00e9 equipado com um dep\u00f3sito interno, permitindo que se colete as aparas de l\u00e1pis de forma pr\u00e1tica, evitando sujeira em mesas ou na superf\u00edcie de trabalho. Com 1 furo para apontar l\u00e1pis de tamanho comum, sua l\u00e2mina \u00e9 afiada e de qualidade, proporcionando um apontamento preciso e eficiente, garantindo pontas bem afiadas para os l\u00e1pis. Seu tamanho compacto \u00e9 perfeito para levar em estojos, bolsas ou mochilas, sendo ideal para uso escolar, no escrit\u00f3rio ou mesmo art\u00edstico. Sendo oferecido em 4 lindas cores vibrantes, vermelho, laranja, azul e verde. Ainda vem uma estampa de dinossauro com capacete de astronauta no corpo do Apontador Foguete com Dep\u00f3sito Dino Space, deixando cada detalhe especial e divertido nesse apontador que vai acompanhar a crian\u00e7a em diversos momentos do estudo e aprendizado.","og_url":"https:\/\/mettapapelaria.com.br\/catalogo\/produto\/apontador-com-deposito-dino-space-leo-e-leo\/","og_site_name":"Metta Papelaria","article_publisher":"https:\/\/www.facebook.com\/mettapapelaria\/","article_modified_time":"2024-08-29T17:35:23+00:00","og_image":[{"width":500,"height":500,"url":"https:\/\/mettapapelaria.com.br\/catalogo\/wp-content\/uploads\/2024\/08\/APONTADOR-COM-DEPOSITO-DINO-SPACE-LEO-E-LEO.jpg","type":"image\/jpeg"}],"twitter_card":"summary_large_image","twitter_misc":{"Est. tempo de leitura":"2 minutos"},"schema":{"@context":"https:\/\/schema.org","@graph":[{"@type":"WebPage","@id":"https:\/\/mettapapelaria.com.br\/catalogo\/produto\/apontador-com-deposito-dino-space-leo-e-leo\/","url":"https:\/\/mettapapelaria.com.br\/catalogo\/produto\/apontador-com-deposito-dino-space-leo-e-leo\/","name":"APONTADOR COM DEP\u00d3SITO DINO SPACE LEO E LEO - Metta Papelaria","isPartOf":{"@id":"https:\/\/mettapapelaria.com.br\/catalogo\/#website"},"primaryImageOfPage":{"@id":"https:\/\/mettapapelaria.com.br\/catalogo\/produto\/apontador-com-deposito-dino-space-leo-e-leo\/#primaryimage"},"image":{"@id":"https:\/\/mettapapelaria.com.br\/catalogo\/produto\/apontador-com-deposito-dino-space-leo-e-leo\/#primaryimage"},"thumbnailUrl":"https:\/\/mettapapelaria.com.br\/catalogo\/wp-content\/uploads\/2024\/08\/APONTADOR-COM-DEPOSITO-DINO-SPACE-LEO-E-LEO.jpg","datePublished":"2024-08-29T17:35:21+00:00","dateModified":"2024-08-29T17:35:23+00:00","description":"O Apontador Foguete com Dep\u00f3sito Dino Space - Leo&Leo \u00e9 uma grande viagem, pois mistura dinossauros e o espa\u00e7o sideral! Em formato de foguete, o apontador \u00e9 super fofo e convidativo para brincar mesmo quando em uso. Ele vem com uma borracha escondida. Basta tirar a ponta da nave e usar a borracha para apagar o que precisar. Al\u00e9m disso, o foguete \u00e9 equipado com um dep\u00f3sito interno, permitindo que se colete as aparas de l\u00e1pis de forma pr\u00e1tica, evitando sujeira em mesas ou na superf\u00edcie de trabalho. Com 1 furo para apontar l\u00e1pis de tamanho comum, sua l\u00e2mina \u00e9 afiada e de qualidade, proporcionando um apontamento preciso e eficiente, garantindo pontas bem afiadas para os l\u00e1pis. Seu tamanho compacto \u00e9 perfeito para levar em estojos, bolsas ou mochilas, sendo ideal para uso escolar, no escrit\u00f3rio ou mesmo art\u00edstico. Sendo oferecido em 4 lindas cores vibrantes, vermelho, laranja, azul e verde. Ainda vem uma estampa de dinossauro com capacete de astronauta no corpo do Apontador Foguete com Dep\u00f3sito Dino Space, deixando cada detalhe especial e divertido nesse apontador que vai acompanhar a crian\u00e7a em diversos momentos do estudo e aprendizado.","breadcrumb":{"@id":"https:\/\/mettapapelaria.com.br\/catalogo\/produto\/apontador-com-deposito-dino-space-leo-e-leo\/#breadcrumb"},"inLanguage":"pt-BR","potentialAction":[{"@type":"ReadAction","target":["https:\/\/mettapapelaria.com.br\/catalogo\/produto\/apontador-com-deposito-dino-space-leo-e-leo\/"]}]},{"@type":"ImageObject","inLanguage":"pt-BR","@id":"https:\/\/mettapapelaria.com.br\/catalogo\/produto\/apontador-com-deposito-dino-space-leo-e-leo\/#primaryimage","url":"https:\/\/mettapapelaria.com.br\/catalogo\/wp-content\/uploads\/2024\/08\/APONTADOR-COM-DEPOSITO-DINO-SPACE-LEO-E-LEO.jpg","contentUrl":"https:\/\/mettapapelaria.com.br\/catalogo\/wp-content\/uploads\/2024\/08\/APONTADOR-COM-DEPOSITO-DINO-SPACE-LEO-E-LEO.jpg","width":500,"height":500},{"@type":"BreadcrumbList","@id":"https:\/\/mettapapelaria.com.br\/catalogo\/produto\/apontador-com-deposito-dino-space-leo-e-leo\/#breadcrumb","itemListElement":[{"@type":"ListItem","position":1,"name":"In\u00edcio","item":"https:\/\/mettapapelaria.com.br\/catalogo\/"},{"@type":"ListItem","position":2,"name":"Shop","item":"https:\/\/mettapapelaria.com.br\/catalogo\/shop\/"},{"@type":"ListItem","position":3,"name":"APONTADOR COM DEP\u00d3SITO DINO SPACE LEO E LEO"}]},{"@type":"WebSite","@id":"https:\/\/mettapapelaria.com.br\/catalogo\/#website","url":"https:\/\/mettapapelaria.com.br\/catalogo\/","name":"Metta Papelaria","description":"Materiais e equipamentos de escrit\u00f3rio, suprimentos para inform\u00e1tica, e uma diversificada linha de material escolar","publisher":{"@id":"https:\/\/mettapapelaria.com.br\/catalogo\/#organization"},"potentialAction":[{"@type":"SearchAction","target":{"@type":"EntryPoint","urlTemplate":"https:\/\/mettapapelaria.com.br\/catalogo\/?s={search_term_string}"},"query-input":{"@type":"PropertyValueSpecification","valueRequired":true,"valueName":"search_term_string"}}],"inLanguage":"pt-BR"},{"@type":"Organization","@id":"https:\/\/mettapapelaria.com.br\/catalogo\/#organization","name":"Metta Papelaria","url":"https:\/\/mettapapelaria.com.br\/catalogo\/","logo":{"@type":"ImageObject","inLanguage":"pt-BR","@id":"https:\/\/mettapapelaria.com.br\/catalogo\/#\/schema\/logo\/image\/","url":"https:\/\/mettapapelaria.com.br\/catalogo\/wp-content\/uploads\/2023\/12\/cropped-favicon-Metta_512-1.png","contentUrl":"https:\/\/mettapapelaria.com.br\/catalogo\/wp-content\/uploads\/2023\/12\/cropped-favicon-Metta_512-1.png","width":512,"height":512,"caption":"Metta Papelaria"},"image":{"@id":"https:\/\/mettapapelaria.com.br\/catalogo\/#\/schema\/logo\/image\/"},"sameAs":["https:\/\/www.facebook.com\/mettapapelaria\/","https:\/\/www.instagram.com\/papelariametta\/"]}]}},"_links":{"self":[{"href":"https:\/\/mettapapelaria.com.br\/catalogo\/wp-json\/wp\/v2\/product\/7383","targetHints":{"allow":["GET"]}}],"collection":[{"href":"https:\/\/mettapapelaria.com.br\/catalogo\/wp-json\/wp\/v2\/product"}],"about":[{"href":"https:\/\/mettapapelaria.com.br\/catalogo\/wp-json\/wp\/v2\/types\/product"}],"replies":[{"embeddable":true,"href":"https:\/\/mettapapelaria.com.br\/catalogo\/wp-json\/wp\/v2\/comments?post=7383"}],"version-history":[{"count":1,"href":"https:\/\/mettapapelaria.com.br\/catalogo\/wp-json\/wp\/v2\/product\/7383\/revisions"}],"predecessor-version":[{"id":7388,"href":"https:\/\/mettapapelaria.com.br\/catalogo\/wp-json\/wp\/v2\/product\/7383\/revisions\/7388"}],"wp:featuredmedia":[{"embeddable":true,"href":"https:\/\/mettapapelaria.com.br\/catalogo\/wp-json\/wp\/v2\/media\/7384"}],"wp:attachment":[{"href":"https:\/\/mettapapelaria.com.br\/catalogo\/wp-json\/wp\/v2\/media?parent=7383"}],"wp:term":[{"taxonomy":"brand","embeddable":true,"href":"https:\/\/mettapapelaria.com.br\/catalogo\/wp-json\/wp\/v2\/etheme_brands?post=7383"},{"taxonomy":"product_brand","embeddable":true,"href":"https:\/\/mettapapelaria.com.br\/catalogo\/wp-json\/wp\/v2\/product_brand?post=7383"},{"taxonomy":"product_cat","embeddable":true,"href":"https:\/\/mettapapelaria.com.br\/catalogo\/wp-json\/wp\/v2\/product_cat?post=7383"},{"taxonomy":"product_tag","embeddable":true,"href":"https:\/\/mettapapelaria.com.br\/catalogo\/wp-json\/wp\/v2\/product_tag?post=7383"}],"curies":[{"name":"wp","href":"https:\/\/api.w.org\/{rel}","templated":true}]}}