{"id":7376,"date":"2024-08-29T14:18:17","date_gmt":"2024-08-29T17:18:17","guid":{"rendered":"https:\/\/mettapapelaria.com.br\/catalogo\/?post_type=product&#038;p=7376"},"modified":"2024-08-29T14:18:19","modified_gmt":"2024-08-29T17:18:19","slug":"caneta-esferografica-wow-fun-0-7-jocar-office","status":"publish","type":"product","link":"https:\/\/mettapapelaria.com.br\/catalogo\/produto\/caneta-esferografica-wow-fun-0-7-jocar-office\/","title":{"rendered":"CANETA ESFEROGR\u00c1FICA WOW FUN 0.7 JOCAR OFFICE"},"content":{"rendered":"<p>WOW! \u00c9 isso o que voc\u00ea fala ao ver e ter em m\u00e3os a Caneta Esferogr\u00e1fica Wow Fun Jocar Office.<\/p>\n<p>Al\u00e9m de causar surpresa visualmente, ao usar d\u00e1 pra sentir a divers\u00e3o em todos os tra\u00e7os, linhas e rabiscos coloridos que ela faz.<\/p>\n<p>Pr\u00e1tica no uso, sua ponta de 0.7 mm de di\u00e2metro \u00e9 excelente para escrever ou criar mil desenhos e ilustra\u00e7\u00f5es que a criatividade proporcionar. Seu design moderno e colorido do corpo \u00e9 um dos seus diferenciais, dando um toque a mais de alegria nas tarefas no escrit\u00f3rio ou nos estudos da escola ou da faculdade.<\/p>\n<p>Sua composi\u00e7\u00e3o \u00e9 de tinta \u00e0 base de pigmentos e solventes, corpo em resinas termopl\u00e1sticas, ponta de tungst\u00eanio e n\u00edquel prata, tampa com clip para prender em cadernos e agendas, suas cores s\u00e3o sortidas, e seu formato redondo e ergon\u00f4mico que proporciona conforto e leveza na pegada.<\/p>\n<p>Seja para criar, estudar, trabalhar ou dedicar momentos especiais aos desenhos art\u00edsticos, \u00e9 sempre bom ter \u00e0 m\u00e3o a Caneta Esferogr\u00e1fica Wow Fun Jocar Office.<\/p>\n","protected":false},"excerpt":{"rendered":"<p>WOW! \u00c9 isso o que voc\u00ea fala ao ver e ter em m\u00e3os a Caneta Esferogr\u00e1fica Wow Fun Jocar Office. Al\u00e9m de causar surpresa visualmente,&#8230;<\/p>\n","protected":false},"featured_media":7377,"comment_status":"open","ping_status":"closed","template":"","meta":[],"etheme_brands":[{"term_id":251,"name":"Jocar Office","slug":"jocar-office","term_group":0,"term_taxonomy_id":251,"taxonomy":"brand","description":"","parent":249,"count":15,"filter":"raw"},{"term_id":249,"name":"Leonora","slug":"leonora","term_group":0,"term_taxonomy_id":249,"taxonomy":"brand","description":"","parent":0,"count":67,"filter":"raw"}],"product_brand":[],"product_cat":[21,152,16],"product_tag":[377,532,533,254,338,293,396,324,323,276,316,275,395,255,294,292,256,227,225,317,274],"class_list":{"0":"post-7376","1":"product","2":"type-product","3":"status-publish","4":"has-post-thumbnail","6":"brand-jocar-office","7":"brand-leonora","8":"product_cat-canetas","9":"product_cat-canetas-esferograficas","10":"product_cat-material-escolar","11":"product_tag-caneta","12":"product_tag-caneta-esferografica","13":"product_tag-caneta-fina","14":"product_tag-casa","15":"product_tag-colorido","16":"product_tag-crianca","17":"product_tag-cute","18":"product_tag-dino","19":"product_tag-dinossauro","20":"product_tag-escola","21":"product_tag-estudante","22":"product_tag-faculdade","23":"product_tag-fofo","24":"product_tag-home","25":"product_tag-infantil","26":"product_tag-kids","27":"product_tag-lar","28":"product_tag-material-escolar","29":"product_tag-metta-papelaria","30":"product_tag-study","31":"product_tag-universidade","33":"first","34":"instock","35":"sold-individually","36":"shipping-taxable","37":"purchasable","38":"product-type-simple"},"yoast_head":"<!-- This site is optimized with the Yoast SEO plugin v26.9 - https:\/\/yoast.com\/product\/yoast-seo-wordpress\/ -->\n<title>CANETA ESFEROGR\u00c1FICA WOW FUN 0.7 JOCAR OFFICE - Metta Papelaria<\/title>\n<meta name=\"description\" content=\"WOW! \u00c9 isso o que voc\u00ea fala ao ver e ter em m\u00e3os a Caneta Esferogr\u00e1fica Wow Fun Jocar Office. Al\u00e9m de causar surpresa visualmente, ao usar d\u00e1 pra sentir a divers\u00e3o em todos os tra\u00e7os, linhas e rabiscos coloridos que ela faz. Pr\u00e1tica no uso, sua ponta de 0.7 mm de di\u00e2metro \u00e9 excelente para escrever ou criar mil desenhos e ilustra\u00e7\u00f5es que a criatividade proporcionar. Seu design moderno e colorido do corpo \u00e9 um dos seus diferenciais, dando um toque a mais de alegria nas tarefas no escrit\u00f3rio ou nos estudos da escola ou da faculdade. Sua composi\u00e7\u00e3o \u00e9 de tinta \u00e0 base de pigmentos e solventes, corpo em resinas termopl\u00e1sticas, ponta de tungst\u00eanio e n\u00edquel prata, tampa com clip para prender em cadernos e agendas, suas cores s\u00e3o sortidas, e seu formato redondo e ergon\u00f4mico que proporciona conforto e leveza na pegada. Seja para criar, estudar, trabalhar ou dedicar momentos especiais aos desenhos art\u00edsticos, \u00e9 sempre bom ter \u00e0 m\u00e3o a Caneta Esferogr\u00e1fica Wow Fun Jocar Office.\" \/>\n<meta name=\"robots\" content=\"index, follow, max-snippet:-1, max-image-preview:large, max-video-preview:-1\" \/>\n<link rel=\"canonical\" href=\"https:\/\/mettapapelaria.com.br\/catalogo\/produto\/caneta-esferografica-wow-fun-0-7-jocar-office\/\" \/>\n<meta property=\"og:locale\" content=\"pt_BR\" \/>\n<meta property=\"og:type\" content=\"article\" \/>\n<meta property=\"og:title\" content=\"CANETA ESFEROGR\u00c1FICA WOW FUN 0.7 JOCAR OFFICE - Metta Papelaria\" \/>\n<meta property=\"og:description\" content=\"WOW! \u00c9 isso o que voc\u00ea fala ao ver e ter em m\u00e3os a Caneta Esferogr\u00e1fica Wow Fun Jocar Office. Al\u00e9m de causar surpresa visualmente, ao usar d\u00e1 pra sentir a divers\u00e3o em todos os tra\u00e7os, linhas e rabiscos coloridos que ela faz. Pr\u00e1tica no uso, sua ponta de 0.7 mm de di\u00e2metro \u00e9 excelente para escrever ou criar mil desenhos e ilustra\u00e7\u00f5es que a criatividade proporcionar. Seu design moderno e colorido do corpo \u00e9 um dos seus diferenciais, dando um toque a mais de alegria nas tarefas no escrit\u00f3rio ou nos estudos da escola ou da faculdade. Sua composi\u00e7\u00e3o \u00e9 de tinta \u00e0 base de pigmentos e solventes, corpo em resinas termopl\u00e1sticas, ponta de tungst\u00eanio e n\u00edquel prata, tampa com clip para prender em cadernos e agendas, suas cores s\u00e3o sortidas, e seu formato redondo e ergon\u00f4mico que proporciona conforto e leveza na pegada. Seja para criar, estudar, trabalhar ou dedicar momentos especiais aos desenhos art\u00edsticos, \u00e9 sempre bom ter \u00e0 m\u00e3o a Caneta Esferogr\u00e1fica Wow Fun Jocar Office.\" \/>\n<meta property=\"og:url\" content=\"https:\/\/mettapapelaria.com.br\/catalogo\/produto\/caneta-esferografica-wow-fun-0-7-jocar-office\/\" \/>\n<meta property=\"og:site_name\" content=\"Metta Papelaria\" \/>\n<meta property=\"article:publisher\" content=\"https:\/\/www.facebook.com\/mettapapelaria\/\" \/>\n<meta property=\"article:modified_time\" content=\"2024-08-29T17:18:19+00:00\" \/>\n<meta property=\"og:image\" content=\"https:\/\/mettapapelaria.com.br\/catalogo\/wp-content\/uploads\/2024\/08\/CANETA-ESFEROGRAFICA-WOW-FUN-0.7-JOCAR-OFFICE.jpg\" \/>\n\t<meta property=\"og:image:width\" content=\"500\" \/>\n\t<meta property=\"og:image:height\" content=\"500\" \/>\n\t<meta property=\"og:image:type\" content=\"image\/jpeg\" \/>\n<meta name=\"twitter:card\" content=\"summary_large_image\" \/>\n<meta name=\"twitter:label1\" content=\"Est. tempo de leitura\" \/>\n\t<meta name=\"twitter:data1\" content=\"2 minutos\" \/>\n<script type=\"application\/ld+json\" class=\"yoast-schema-graph\">{\"@context\":\"https:\/\/schema.org\",\"@graph\":[{\"@type\":\"WebPage\",\"@id\":\"https:\/\/mettapapelaria.com.br\/catalogo\/produto\/caneta-esferografica-wow-fun-0-7-jocar-office\/\",\"url\":\"https:\/\/mettapapelaria.com.br\/catalogo\/produto\/caneta-esferografica-wow-fun-0-7-jocar-office\/\",\"name\":\"CANETA ESFEROGR\u00c1FICA WOW FUN 0.7 JOCAR OFFICE - Metta Papelaria\",\"isPartOf\":{\"@id\":\"https:\/\/mettapapelaria.com.br\/catalogo\/#website\"},\"primaryImageOfPage\":{\"@id\":\"https:\/\/mettapapelaria.com.br\/catalogo\/produto\/caneta-esferografica-wow-fun-0-7-jocar-office\/#primaryimage\"},\"image\":{\"@id\":\"https:\/\/mettapapelaria.com.br\/catalogo\/produto\/caneta-esferografica-wow-fun-0-7-jocar-office\/#primaryimage\"},\"thumbnailUrl\":\"https:\/\/mettapapelaria.com.br\/catalogo\/wp-content\/uploads\/2024\/08\/CANETA-ESFEROGRAFICA-WOW-FUN-0.7-JOCAR-OFFICE.jpg\",\"datePublished\":\"2024-08-29T17:18:17+00:00\",\"dateModified\":\"2024-08-29T17:18:19+00:00\",\"description\":\"WOW! \u00c9 isso o que voc\u00ea fala ao ver e ter em m\u00e3os a Caneta Esferogr\u00e1fica Wow Fun Jocar Office. Al\u00e9m de causar surpresa visualmente, ao usar d\u00e1 pra sentir a divers\u00e3o em todos os tra\u00e7os, linhas e rabiscos coloridos que ela faz. Pr\u00e1tica no uso, sua ponta de 0.7 mm de di\u00e2metro \u00e9 excelente para escrever ou criar mil desenhos e ilustra\u00e7\u00f5es que a criatividade proporcionar. Seu design moderno e colorido do corpo \u00e9 um dos seus diferenciais, dando um toque a mais de alegria nas tarefas no escrit\u00f3rio ou nos estudos da escola ou da faculdade. Sua composi\u00e7\u00e3o \u00e9 de tinta \u00e0 base de pigmentos e solventes, corpo em resinas termopl\u00e1sticas, ponta de tungst\u00eanio e n\u00edquel prata, tampa com clip para prender em cadernos e agendas, suas cores s\u00e3o sortidas, e seu formato redondo e ergon\u00f4mico que proporciona conforto e leveza na pegada. Seja para criar, estudar, trabalhar ou dedicar momentos especiais aos desenhos art\u00edsticos, \u00e9 sempre bom ter \u00e0 m\u00e3o a Caneta Esferogr\u00e1fica Wow Fun Jocar Office.\",\"breadcrumb\":{\"@id\":\"https:\/\/mettapapelaria.com.br\/catalogo\/produto\/caneta-esferografica-wow-fun-0-7-jocar-office\/#breadcrumb\"},\"inLanguage\":\"pt-BR\",\"potentialAction\":[{\"@type\":\"ReadAction\",\"target\":[\"https:\/\/mettapapelaria.com.br\/catalogo\/produto\/caneta-esferografica-wow-fun-0-7-jocar-office\/\"]}]},{\"@type\":\"ImageObject\",\"inLanguage\":\"pt-BR\",\"@id\":\"https:\/\/mettapapelaria.com.br\/catalogo\/produto\/caneta-esferografica-wow-fun-0-7-jocar-office\/#primaryimage\",\"url\":\"https:\/\/mettapapelaria.com.br\/catalogo\/wp-content\/uploads\/2024\/08\/CANETA-ESFEROGRAFICA-WOW-FUN-0.7-JOCAR-OFFICE.jpg\",\"contentUrl\":\"https:\/\/mettapapelaria.com.br\/catalogo\/wp-content\/uploads\/2024\/08\/CANETA-ESFEROGRAFICA-WOW-FUN-0.7-JOCAR-OFFICE.jpg\",\"width\":500,\"height\":500},{\"@type\":\"BreadcrumbList\",\"@id\":\"https:\/\/mettapapelaria.com.br\/catalogo\/produto\/caneta-esferografica-wow-fun-0-7-jocar-office\/#breadcrumb\",\"itemListElement\":[{\"@type\":\"ListItem\",\"position\":1,\"name\":\"In\u00edcio\",\"item\":\"https:\/\/mettapapelaria.com.br\/catalogo\/\"},{\"@type\":\"ListItem\",\"position\":2,\"name\":\"Shop\",\"item\":\"https:\/\/mettapapelaria.com.br\/catalogo\/shop\/\"},{\"@type\":\"ListItem\",\"position\":3,\"name\":\"CANETA ESFEROGR\u00c1FICA WOW FUN 0.7 JOCAR OFFICE\"}]},{\"@type\":\"WebSite\",\"@id\":\"https:\/\/mettapapelaria.com.br\/catalogo\/#website\",\"url\":\"https:\/\/mettapapelaria.com.br\/catalogo\/\",\"name\":\"Metta Papelaria\",\"description\":\"Materiais e equipamentos de escrit\u00f3rio, suprimentos para inform\u00e1tica, e uma diversificada linha de material escolar\",\"publisher\":{\"@id\":\"https:\/\/mettapapelaria.com.br\/catalogo\/#organization\"},\"potentialAction\":[{\"@type\":\"SearchAction\",\"target\":{\"@type\":\"EntryPoint\",\"urlTemplate\":\"https:\/\/mettapapelaria.com.br\/catalogo\/?s={search_term_string}\"},\"query-input\":{\"@type\":\"PropertyValueSpecification\",\"valueRequired\":true,\"valueName\":\"search_term_string\"}}],\"inLanguage\":\"pt-BR\"},{\"@type\":\"Organization\",\"@id\":\"https:\/\/mettapapelaria.com.br\/catalogo\/#organization\",\"name\":\"Metta Papelaria\",\"url\":\"https:\/\/mettapapelaria.com.br\/catalogo\/\",\"logo\":{\"@type\":\"ImageObject\",\"inLanguage\":\"pt-BR\",\"@id\":\"https:\/\/mettapapelaria.com.br\/catalogo\/#\/schema\/logo\/image\/\",\"url\":\"https:\/\/mettapapelaria.com.br\/catalogo\/wp-content\/uploads\/2023\/12\/cropped-favicon-Metta_512-1.png\",\"contentUrl\":\"https:\/\/mettapapelaria.com.br\/catalogo\/wp-content\/uploads\/2023\/12\/cropped-favicon-Metta_512-1.png\",\"width\":512,\"height\":512,\"caption\":\"Metta Papelaria\"},\"image\":{\"@id\":\"https:\/\/mettapapelaria.com.br\/catalogo\/#\/schema\/logo\/image\/\"},\"sameAs\":[\"https:\/\/www.facebook.com\/mettapapelaria\/\",\"https:\/\/www.instagram.com\/papelariametta\/\"]}]}<\/script>\n<!-- \/ Yoast SEO plugin. -->","yoast_head_json":{"title":"CANETA ESFEROGR\u00c1FICA WOW FUN 0.7 JOCAR OFFICE - Metta Papelaria","description":"WOW! \u00c9 isso o que voc\u00ea fala ao ver e ter em m\u00e3os a Caneta Esferogr\u00e1fica Wow Fun Jocar Office. Al\u00e9m de causar surpresa visualmente, ao usar d\u00e1 pra sentir a divers\u00e3o em todos os tra\u00e7os, linhas e rabiscos coloridos que ela faz. Pr\u00e1tica no uso, sua ponta de 0.7 mm de di\u00e2metro \u00e9 excelente para escrever ou criar mil desenhos e ilustra\u00e7\u00f5es que a criatividade proporcionar. Seu design moderno e colorido do corpo \u00e9 um dos seus diferenciais, dando um toque a mais de alegria nas tarefas no escrit\u00f3rio ou nos estudos da escola ou da faculdade. Sua composi\u00e7\u00e3o \u00e9 de tinta \u00e0 base de pigmentos e solventes, corpo em resinas termopl\u00e1sticas, ponta de tungst\u00eanio e n\u00edquel prata, tampa com clip para prender em cadernos e agendas, suas cores s\u00e3o sortidas, e seu formato redondo e ergon\u00f4mico que proporciona conforto e leveza na pegada. Seja para criar, estudar, trabalhar ou dedicar momentos especiais aos desenhos art\u00edsticos, \u00e9 sempre bom ter \u00e0 m\u00e3o a Caneta Esferogr\u00e1fica Wow Fun Jocar Office.","robots":{"index":"index","follow":"follow","max-snippet":"max-snippet:-1","max-image-preview":"max-image-preview:large","max-video-preview":"max-video-preview:-1"},"canonical":"https:\/\/mettapapelaria.com.br\/catalogo\/produto\/caneta-esferografica-wow-fun-0-7-jocar-office\/","og_locale":"pt_BR","og_type":"article","og_title":"CANETA ESFEROGR\u00c1FICA WOW FUN 0.7 JOCAR OFFICE - Metta Papelaria","og_description":"WOW! \u00c9 isso o que voc\u00ea fala ao ver e ter em m\u00e3os a Caneta Esferogr\u00e1fica Wow Fun Jocar Office. Al\u00e9m de causar surpresa visualmente, ao usar d\u00e1 pra sentir a divers\u00e3o em todos os tra\u00e7os, linhas e rabiscos coloridos que ela faz. Pr\u00e1tica no uso, sua ponta de 0.7 mm de di\u00e2metro \u00e9 excelente para escrever ou criar mil desenhos e ilustra\u00e7\u00f5es que a criatividade proporcionar. Seu design moderno e colorido do corpo \u00e9 um dos seus diferenciais, dando um toque a mais de alegria nas tarefas no escrit\u00f3rio ou nos estudos da escola ou da faculdade. Sua composi\u00e7\u00e3o \u00e9 de tinta \u00e0 base de pigmentos e solventes, corpo em resinas termopl\u00e1sticas, ponta de tungst\u00eanio e n\u00edquel prata, tampa com clip para prender em cadernos e agendas, suas cores s\u00e3o sortidas, e seu formato redondo e ergon\u00f4mico que proporciona conforto e leveza na pegada. Seja para criar, estudar, trabalhar ou dedicar momentos especiais aos desenhos art\u00edsticos, \u00e9 sempre bom ter \u00e0 m\u00e3o a Caneta Esferogr\u00e1fica Wow Fun Jocar Office.","og_url":"https:\/\/mettapapelaria.com.br\/catalogo\/produto\/caneta-esferografica-wow-fun-0-7-jocar-office\/","og_site_name":"Metta Papelaria","article_publisher":"https:\/\/www.facebook.com\/mettapapelaria\/","article_modified_time":"2024-08-29T17:18:19+00:00","og_image":[{"width":500,"height":500,"url":"https:\/\/mettapapelaria.com.br\/catalogo\/wp-content\/uploads\/2024\/08\/CANETA-ESFEROGRAFICA-WOW-FUN-0.7-JOCAR-OFFICE.jpg","type":"image\/jpeg"}],"twitter_card":"summary_large_image","twitter_misc":{"Est. tempo de leitura":"2 minutos"},"schema":{"@context":"https:\/\/schema.org","@graph":[{"@type":"WebPage","@id":"https:\/\/mettapapelaria.com.br\/catalogo\/produto\/caneta-esferografica-wow-fun-0-7-jocar-office\/","url":"https:\/\/mettapapelaria.com.br\/catalogo\/produto\/caneta-esferografica-wow-fun-0-7-jocar-office\/","name":"CANETA ESFEROGR\u00c1FICA WOW FUN 0.7 JOCAR OFFICE - Metta Papelaria","isPartOf":{"@id":"https:\/\/mettapapelaria.com.br\/catalogo\/#website"},"primaryImageOfPage":{"@id":"https:\/\/mettapapelaria.com.br\/catalogo\/produto\/caneta-esferografica-wow-fun-0-7-jocar-office\/#primaryimage"},"image":{"@id":"https:\/\/mettapapelaria.com.br\/catalogo\/produto\/caneta-esferografica-wow-fun-0-7-jocar-office\/#primaryimage"},"thumbnailUrl":"https:\/\/mettapapelaria.com.br\/catalogo\/wp-content\/uploads\/2024\/08\/CANETA-ESFEROGRAFICA-WOW-FUN-0.7-JOCAR-OFFICE.jpg","datePublished":"2024-08-29T17:18:17+00:00","dateModified":"2024-08-29T17:18:19+00:00","description":"WOW! \u00c9 isso o que voc\u00ea fala ao ver e ter em m\u00e3os a Caneta Esferogr\u00e1fica Wow Fun Jocar Office. Al\u00e9m de causar surpresa visualmente, ao usar d\u00e1 pra sentir a divers\u00e3o em todos os tra\u00e7os, linhas e rabiscos coloridos que ela faz. Pr\u00e1tica no uso, sua ponta de 0.7 mm de di\u00e2metro \u00e9 excelente para escrever ou criar mil desenhos e ilustra\u00e7\u00f5es que a criatividade proporcionar. Seu design moderno e colorido do corpo \u00e9 um dos seus diferenciais, dando um toque a mais de alegria nas tarefas no escrit\u00f3rio ou nos estudos da escola ou da faculdade. Sua composi\u00e7\u00e3o \u00e9 de tinta \u00e0 base de pigmentos e solventes, corpo em resinas termopl\u00e1sticas, ponta de tungst\u00eanio e n\u00edquel prata, tampa com clip para prender em cadernos e agendas, suas cores s\u00e3o sortidas, e seu formato redondo e ergon\u00f4mico que proporciona conforto e leveza na pegada. Seja para criar, estudar, trabalhar ou dedicar momentos especiais aos desenhos art\u00edsticos, \u00e9 sempre bom ter \u00e0 m\u00e3o a Caneta Esferogr\u00e1fica Wow Fun Jocar Office.","breadcrumb":{"@id":"https:\/\/mettapapelaria.com.br\/catalogo\/produto\/caneta-esferografica-wow-fun-0-7-jocar-office\/#breadcrumb"},"inLanguage":"pt-BR","potentialAction":[{"@type":"ReadAction","target":["https:\/\/mettapapelaria.com.br\/catalogo\/produto\/caneta-esferografica-wow-fun-0-7-jocar-office\/"]}]},{"@type":"ImageObject","inLanguage":"pt-BR","@id":"https:\/\/mettapapelaria.com.br\/catalogo\/produto\/caneta-esferografica-wow-fun-0-7-jocar-office\/#primaryimage","url":"https:\/\/mettapapelaria.com.br\/catalogo\/wp-content\/uploads\/2024\/08\/CANETA-ESFEROGRAFICA-WOW-FUN-0.7-JOCAR-OFFICE.jpg","contentUrl":"https:\/\/mettapapelaria.com.br\/catalogo\/wp-content\/uploads\/2024\/08\/CANETA-ESFEROGRAFICA-WOW-FUN-0.7-JOCAR-OFFICE.jpg","width":500,"height":500},{"@type":"BreadcrumbList","@id":"https:\/\/mettapapelaria.com.br\/catalogo\/produto\/caneta-esferografica-wow-fun-0-7-jocar-office\/#breadcrumb","itemListElement":[{"@type":"ListItem","position":1,"name":"In\u00edcio","item":"https:\/\/mettapapelaria.com.br\/catalogo\/"},{"@type":"ListItem","position":2,"name":"Shop","item":"https:\/\/mettapapelaria.com.br\/catalogo\/shop\/"},{"@type":"ListItem","position":3,"name":"CANETA ESFEROGR\u00c1FICA WOW FUN 0.7 JOCAR OFFICE"}]},{"@type":"WebSite","@id":"https:\/\/mettapapelaria.com.br\/catalogo\/#website","url":"https:\/\/mettapapelaria.com.br\/catalogo\/","name":"Metta Papelaria","description":"Materiais e equipamentos de escrit\u00f3rio, suprimentos para inform\u00e1tica, e uma diversificada linha de material escolar","publisher":{"@id":"https:\/\/mettapapelaria.com.br\/catalogo\/#organization"},"potentialAction":[{"@type":"SearchAction","target":{"@type":"EntryPoint","urlTemplate":"https:\/\/mettapapelaria.com.br\/catalogo\/?s={search_term_string}"},"query-input":{"@type":"PropertyValueSpecification","valueRequired":true,"valueName":"search_term_string"}}],"inLanguage":"pt-BR"},{"@type":"Organization","@id":"https:\/\/mettapapelaria.com.br\/catalogo\/#organization","name":"Metta Papelaria","url":"https:\/\/mettapapelaria.com.br\/catalogo\/","logo":{"@type":"ImageObject","inLanguage":"pt-BR","@id":"https:\/\/mettapapelaria.com.br\/catalogo\/#\/schema\/logo\/image\/","url":"https:\/\/mettapapelaria.com.br\/catalogo\/wp-content\/uploads\/2023\/12\/cropped-favicon-Metta_512-1.png","contentUrl":"https:\/\/mettapapelaria.com.br\/catalogo\/wp-content\/uploads\/2023\/12\/cropped-favicon-Metta_512-1.png","width":512,"height":512,"caption":"Metta Papelaria"},"image":{"@id":"https:\/\/mettapapelaria.com.br\/catalogo\/#\/schema\/logo\/image\/"},"sameAs":["https:\/\/www.facebook.com\/mettapapelaria\/","https:\/\/www.instagram.com\/papelariametta\/"]}]}},"_links":{"self":[{"href":"https:\/\/mettapapelaria.com.br\/catalogo\/wp-json\/wp\/v2\/product\/7376","targetHints":{"allow":["GET"]}}],"collection":[{"href":"https:\/\/mettapapelaria.com.br\/catalogo\/wp-json\/wp\/v2\/product"}],"about":[{"href":"https:\/\/mettapapelaria.com.br\/catalogo\/wp-json\/wp\/v2\/types\/product"}],"replies":[{"embeddable":true,"href":"https:\/\/mettapapelaria.com.br\/catalogo\/wp-json\/wp\/v2\/comments?post=7376"}],"version-history":[{"count":1,"href":"https:\/\/mettapapelaria.com.br\/catalogo\/wp-json\/wp\/v2\/product\/7376\/revisions"}],"predecessor-version":[{"id":7382,"href":"https:\/\/mettapapelaria.com.br\/catalogo\/wp-json\/wp\/v2\/product\/7376\/revisions\/7382"}],"wp:featuredmedia":[{"embeddable":true,"href":"https:\/\/mettapapelaria.com.br\/catalogo\/wp-json\/wp\/v2\/media\/7377"}],"wp:attachment":[{"href":"https:\/\/mettapapelaria.com.br\/catalogo\/wp-json\/wp\/v2\/media?parent=7376"}],"wp:term":[{"taxonomy":"brand","embeddable":true,"href":"https:\/\/mettapapelaria.com.br\/catalogo\/wp-json\/wp\/v2\/etheme_brands?post=7376"},{"taxonomy":"product_brand","embeddable":true,"href":"https:\/\/mettapapelaria.com.br\/catalogo\/wp-json\/wp\/v2\/product_brand?post=7376"},{"taxonomy":"product_cat","embeddable":true,"href":"https:\/\/mettapapelaria.com.br\/catalogo\/wp-json\/wp\/v2\/product_cat?post=7376"},{"taxonomy":"product_tag","embeddable":true,"href":"https:\/\/mettapapelaria.com.br\/catalogo\/wp-json\/wp\/v2\/product_tag?post=7376"}],"curies":[{"name":"wp","href":"https:\/\/api.w.org\/{rel}","templated":true}]}}