{"id":7363,"date":"2024-08-29T13:55:53","date_gmt":"2024-08-29T16:55:53","guid":{"rendered":"https:\/\/mettapapelaria.com.br\/catalogo\/?post_type=product&#038;p=7363"},"modified":"2024-08-29T13:55:54","modified_gmt":"2024-08-29T16:55:54","slug":"lapis-de-escrever-com-borracha-ponteira-dino-leo-e-leo","status":"publish","type":"product","link":"https:\/\/mettapapelaria.com.br\/catalogo\/produto\/lapis-de-escrever-com-borracha-ponteira-dino-leo-e-leo\/","title":{"rendered":"L\u00c1PIS DE ESCREVER COM BORRACHA PONTEIRA DINO LEO E LEO"},"content":{"rendered":"<p>O L\u00e1pis Grafite HB Dino da Leoeleo \u00e9 perfeito para os amantes de dinossauros e para adicionar um toque divertido \u00e0 sua papelaria. Com seu design encantador de dinossauro, ele traz um elemento l\u00fadico aos seus materiais de escrita.<\/p>\n<p>O l\u00e1pis possui a gradua\u00e7\u00e3o HB, tornando-o adequado para uso geral, desde anota\u00e7\u00f5es at\u00e9 desenhos detalhados.<\/p>\n<p>Al\u00e9m disso, o L\u00e1pis Grafite HB Dino vem com uma borracha acoplada na extremidade, permitindo que voc\u00ea fa\u00e7a corre\u00e7\u00f5es de forma pr\u00e1tica e conveniente. Sua qualidade de escrita suave e confort\u00e1vel proporciona uma experi\u00eancia agrad\u00e1vel durante o uso.<\/p>\n<p>Gostou e deseja comprar? Adquira agora mesmo o L\u00e1pis Grafite HB Dino da Leoeleo e adicione um toque pr\u00e9-hist\u00f3rico \u00e0 sua cole\u00e7\u00e3o de materiais escolares ou de escrit\u00f3rio. Com ele, suas anota\u00e7\u00f5es e desenhos ficar\u00e3o ainda mais divertidos e criativos.<\/p>\n","protected":false},"excerpt":{"rendered":"<p>O L\u00e1pis Grafite HB Dino da Leoeleo \u00e9 perfeito para os amantes de dinossauros e para adicionar um toque divertido \u00e0 sua papelaria. Com seu&#8230;<\/p>\n","protected":false},"featured_media":7364,"comment_status":"open","ping_status":"closed","template":"","meta":[],"etheme_brands":[{"term_id":250,"name":"Leo &amp; Leo","slug":"leo-e-leo","term_group":0,"term_taxonomy_id":250,"taxonomy":"brand","description":"","parent":249,"count":24,"filter":"raw"},{"term_id":249,"name":"Leonora","slug":"leonora","term_group":0,"term_taxonomy_id":249,"taxonomy":"brand","description":"","parent":0,"count":67,"filter":"raw"}],"product_brand":[],"product_cat":[78,16],"product_tag":[254,338,293,396,324,323,276,316,275,395,255,294,292,432,369,367,368,256,227,225,317,274],"class_list":{"0":"post-7363","1":"product","2":"type-product","3":"status-publish","4":"has-post-thumbnail","6":"brand-leo-e-leo","7":"brand-leonora","8":"product_cat-lapis-de-escrever-preto","9":"product_cat-material-escolar","10":"product_tag-casa","11":"product_tag-colorido","12":"product_tag-crianca","13":"product_tag-cute","14":"product_tag-dino","15":"product_tag-dinossauro","16":"product_tag-escola","17":"product_tag-estudante","18":"product_tag-faculdade","19":"product_tag-fofo","20":"product_tag-home","21":"product_tag-infantil","22":"product_tag-kids","23":"product_tag-lapis","24":"product_tag-lapis-de-escrever","25":"product_tag-lapis-grafite","26":"product_tag-lapis-preto","27":"product_tag-lar","28":"product_tag-material-escolar","29":"product_tag-metta-papelaria","30":"product_tag-study","31":"product_tag-universidade","33":"first","34":"instock","35":"sold-individually","36":"shipping-taxable","37":"purchasable","38":"product-type-simple"},"yoast_head":"<!-- This site is optimized with the Yoast SEO plugin v26.9 - https:\/\/yoast.com\/product\/yoast-seo-wordpress\/ -->\n<title>L\u00c1PIS DE ESCREVER COM BORRACHA PONTEIRA DINO LEO E LEO - Metta Papelaria<\/title>\n<meta name=\"description\" content=\"O L\u00e1pis Grafite HB Dino da Leoeleo \u00e9 perfeito para os amantes de dinossauros e para adicionar um toque divertido \u00e0 sua papelaria. Com seu design encantador de dinossauro, ele traz um elemento l\u00fadico aos seus materiais de escrita.\" \/>\n<meta name=\"robots\" content=\"index, follow, max-snippet:-1, max-image-preview:large, max-video-preview:-1\" \/>\n<link rel=\"canonical\" href=\"https:\/\/mettapapelaria.com.br\/catalogo\/produto\/lapis-de-escrever-com-borracha-ponteira-dino-leo-e-leo\/\" \/>\n<meta property=\"og:locale\" content=\"pt_BR\" \/>\n<meta property=\"og:type\" content=\"article\" \/>\n<meta property=\"og:title\" content=\"L\u00c1PIS DE ESCREVER COM BORRACHA PONTEIRA DINO LEO E LEO - Metta Papelaria\" \/>\n<meta property=\"og:description\" content=\"O L\u00e1pis Grafite HB Dino da Leoeleo \u00e9 perfeito para os amantes de dinossauros e para adicionar um toque divertido \u00e0 sua papelaria. Com seu design encantador de dinossauro, ele traz um elemento l\u00fadico aos seus materiais de escrita.\" \/>\n<meta property=\"og:url\" content=\"https:\/\/mettapapelaria.com.br\/catalogo\/produto\/lapis-de-escrever-com-borracha-ponteira-dino-leo-e-leo\/\" \/>\n<meta property=\"og:site_name\" content=\"Metta Papelaria\" \/>\n<meta property=\"article:publisher\" content=\"https:\/\/www.facebook.com\/mettapapelaria\/\" \/>\n<meta property=\"article:modified_time\" content=\"2024-08-29T16:55:54+00:00\" \/>\n<meta property=\"og:image\" content=\"https:\/\/mettapapelaria.com.br\/catalogo\/wp-content\/uploads\/2024\/08\/LAPIS-DE-ESCREVER-COM-BORRACHA-PONTEIRA-DINO-LEO-E-LEO.jpg\" \/>\n\t<meta property=\"og:image:width\" content=\"500\" \/>\n\t<meta property=\"og:image:height\" content=\"500\" \/>\n\t<meta property=\"og:image:type\" content=\"image\/jpeg\" \/>\n<meta name=\"twitter:card\" content=\"summary_large_image\" \/>\n<meta name=\"twitter:label1\" content=\"Est. tempo de leitura\" \/>\n\t<meta name=\"twitter:data1\" content=\"1 minuto\" \/>\n<script type=\"application\/ld+json\" class=\"yoast-schema-graph\">{\"@context\":\"https:\/\/schema.org\",\"@graph\":[{\"@type\":\"WebPage\",\"@id\":\"https:\/\/mettapapelaria.com.br\/catalogo\/produto\/lapis-de-escrever-com-borracha-ponteira-dino-leo-e-leo\/\",\"url\":\"https:\/\/mettapapelaria.com.br\/catalogo\/produto\/lapis-de-escrever-com-borracha-ponteira-dino-leo-e-leo\/\",\"name\":\"L\u00c1PIS DE ESCREVER COM BORRACHA PONTEIRA DINO LEO E LEO - Metta Papelaria\",\"isPartOf\":{\"@id\":\"https:\/\/mettapapelaria.com.br\/catalogo\/#website\"},\"primaryImageOfPage\":{\"@id\":\"https:\/\/mettapapelaria.com.br\/catalogo\/produto\/lapis-de-escrever-com-borracha-ponteira-dino-leo-e-leo\/#primaryimage\"},\"image\":{\"@id\":\"https:\/\/mettapapelaria.com.br\/catalogo\/produto\/lapis-de-escrever-com-borracha-ponteira-dino-leo-e-leo\/#primaryimage\"},\"thumbnailUrl\":\"https:\/\/mettapapelaria.com.br\/catalogo\/wp-content\/uploads\/2024\/08\/LAPIS-DE-ESCREVER-COM-BORRACHA-PONTEIRA-DINO-LEO-E-LEO.jpg\",\"datePublished\":\"2024-08-29T16:55:53+00:00\",\"dateModified\":\"2024-08-29T16:55:54+00:00\",\"description\":\"O L\u00e1pis Grafite HB Dino da Leoeleo \u00e9 perfeito para os amantes de dinossauros e para adicionar um toque divertido \u00e0 sua papelaria. Com seu design encantador de dinossauro, ele traz um elemento l\u00fadico aos seus materiais de escrita.\",\"breadcrumb\":{\"@id\":\"https:\/\/mettapapelaria.com.br\/catalogo\/produto\/lapis-de-escrever-com-borracha-ponteira-dino-leo-e-leo\/#breadcrumb\"},\"inLanguage\":\"pt-BR\",\"potentialAction\":[{\"@type\":\"ReadAction\",\"target\":[\"https:\/\/mettapapelaria.com.br\/catalogo\/produto\/lapis-de-escrever-com-borracha-ponteira-dino-leo-e-leo\/\"]}]},{\"@type\":\"ImageObject\",\"inLanguage\":\"pt-BR\",\"@id\":\"https:\/\/mettapapelaria.com.br\/catalogo\/produto\/lapis-de-escrever-com-borracha-ponteira-dino-leo-e-leo\/#primaryimage\",\"url\":\"https:\/\/mettapapelaria.com.br\/catalogo\/wp-content\/uploads\/2024\/08\/LAPIS-DE-ESCREVER-COM-BORRACHA-PONTEIRA-DINO-LEO-E-LEO.jpg\",\"contentUrl\":\"https:\/\/mettapapelaria.com.br\/catalogo\/wp-content\/uploads\/2024\/08\/LAPIS-DE-ESCREVER-COM-BORRACHA-PONTEIRA-DINO-LEO-E-LEO.jpg\",\"width\":500,\"height\":500},{\"@type\":\"BreadcrumbList\",\"@id\":\"https:\/\/mettapapelaria.com.br\/catalogo\/produto\/lapis-de-escrever-com-borracha-ponteira-dino-leo-e-leo\/#breadcrumb\",\"itemListElement\":[{\"@type\":\"ListItem\",\"position\":1,\"name\":\"In\u00edcio\",\"item\":\"https:\/\/mettapapelaria.com.br\/catalogo\/\"},{\"@type\":\"ListItem\",\"position\":2,\"name\":\"Shop\",\"item\":\"https:\/\/mettapapelaria.com.br\/catalogo\/shop\/\"},{\"@type\":\"ListItem\",\"position\":3,\"name\":\"L\u00c1PIS DE ESCREVER COM BORRACHA PONTEIRA DINO LEO E LEO\"}]},{\"@type\":\"WebSite\",\"@id\":\"https:\/\/mettapapelaria.com.br\/catalogo\/#website\",\"url\":\"https:\/\/mettapapelaria.com.br\/catalogo\/\",\"name\":\"Metta Papelaria\",\"description\":\"Materiais e equipamentos de escrit\u00f3rio, suprimentos para inform\u00e1tica, e uma diversificada linha de material escolar\",\"publisher\":{\"@id\":\"https:\/\/mettapapelaria.com.br\/catalogo\/#organization\"},\"potentialAction\":[{\"@type\":\"SearchAction\",\"target\":{\"@type\":\"EntryPoint\",\"urlTemplate\":\"https:\/\/mettapapelaria.com.br\/catalogo\/?s={search_term_string}\"},\"query-input\":{\"@type\":\"PropertyValueSpecification\",\"valueRequired\":true,\"valueName\":\"search_term_string\"}}],\"inLanguage\":\"pt-BR\"},{\"@type\":\"Organization\",\"@id\":\"https:\/\/mettapapelaria.com.br\/catalogo\/#organization\",\"name\":\"Metta Papelaria\",\"url\":\"https:\/\/mettapapelaria.com.br\/catalogo\/\",\"logo\":{\"@type\":\"ImageObject\",\"inLanguage\":\"pt-BR\",\"@id\":\"https:\/\/mettapapelaria.com.br\/catalogo\/#\/schema\/logo\/image\/\",\"url\":\"https:\/\/mettapapelaria.com.br\/catalogo\/wp-content\/uploads\/2023\/12\/cropped-favicon-Metta_512-1.png\",\"contentUrl\":\"https:\/\/mettapapelaria.com.br\/catalogo\/wp-content\/uploads\/2023\/12\/cropped-favicon-Metta_512-1.png\",\"width\":512,\"height\":512,\"caption\":\"Metta Papelaria\"},\"image\":{\"@id\":\"https:\/\/mettapapelaria.com.br\/catalogo\/#\/schema\/logo\/image\/\"},\"sameAs\":[\"https:\/\/www.facebook.com\/mettapapelaria\/\",\"https:\/\/www.instagram.com\/papelariametta\/\"]}]}<\/script>\n<!-- \/ Yoast SEO plugin. -->","yoast_head_json":{"title":"L\u00c1PIS DE ESCREVER COM BORRACHA PONTEIRA DINO LEO E LEO - Metta Papelaria","description":"O L\u00e1pis Grafite HB Dino da Leoeleo \u00e9 perfeito para os amantes de dinossauros e para adicionar um toque divertido \u00e0 sua papelaria. Com seu design encantador de dinossauro, ele traz um elemento l\u00fadico aos seus materiais de escrita.","robots":{"index":"index","follow":"follow","max-snippet":"max-snippet:-1","max-image-preview":"max-image-preview:large","max-video-preview":"max-video-preview:-1"},"canonical":"https:\/\/mettapapelaria.com.br\/catalogo\/produto\/lapis-de-escrever-com-borracha-ponteira-dino-leo-e-leo\/","og_locale":"pt_BR","og_type":"article","og_title":"L\u00c1PIS DE ESCREVER COM BORRACHA PONTEIRA DINO LEO E LEO - Metta Papelaria","og_description":"O L\u00e1pis Grafite HB Dino da Leoeleo \u00e9 perfeito para os amantes de dinossauros e para adicionar um toque divertido \u00e0 sua papelaria. Com seu design encantador de dinossauro, ele traz um elemento l\u00fadico aos seus materiais de escrita.","og_url":"https:\/\/mettapapelaria.com.br\/catalogo\/produto\/lapis-de-escrever-com-borracha-ponteira-dino-leo-e-leo\/","og_site_name":"Metta Papelaria","article_publisher":"https:\/\/www.facebook.com\/mettapapelaria\/","article_modified_time":"2024-08-29T16:55:54+00:00","og_image":[{"width":500,"height":500,"url":"https:\/\/mettapapelaria.com.br\/catalogo\/wp-content\/uploads\/2024\/08\/LAPIS-DE-ESCREVER-COM-BORRACHA-PONTEIRA-DINO-LEO-E-LEO.jpg","type":"image\/jpeg"}],"twitter_card":"summary_large_image","twitter_misc":{"Est. tempo de leitura":"1 minuto"},"schema":{"@context":"https:\/\/schema.org","@graph":[{"@type":"WebPage","@id":"https:\/\/mettapapelaria.com.br\/catalogo\/produto\/lapis-de-escrever-com-borracha-ponteira-dino-leo-e-leo\/","url":"https:\/\/mettapapelaria.com.br\/catalogo\/produto\/lapis-de-escrever-com-borracha-ponteira-dino-leo-e-leo\/","name":"L\u00c1PIS DE ESCREVER COM BORRACHA PONTEIRA DINO LEO E LEO - Metta Papelaria","isPartOf":{"@id":"https:\/\/mettapapelaria.com.br\/catalogo\/#website"},"primaryImageOfPage":{"@id":"https:\/\/mettapapelaria.com.br\/catalogo\/produto\/lapis-de-escrever-com-borracha-ponteira-dino-leo-e-leo\/#primaryimage"},"image":{"@id":"https:\/\/mettapapelaria.com.br\/catalogo\/produto\/lapis-de-escrever-com-borracha-ponteira-dino-leo-e-leo\/#primaryimage"},"thumbnailUrl":"https:\/\/mettapapelaria.com.br\/catalogo\/wp-content\/uploads\/2024\/08\/LAPIS-DE-ESCREVER-COM-BORRACHA-PONTEIRA-DINO-LEO-E-LEO.jpg","datePublished":"2024-08-29T16:55:53+00:00","dateModified":"2024-08-29T16:55:54+00:00","description":"O L\u00e1pis Grafite HB Dino da Leoeleo \u00e9 perfeito para os amantes de dinossauros e para adicionar um toque divertido \u00e0 sua papelaria. Com seu design encantador de dinossauro, ele traz um elemento l\u00fadico aos seus materiais de escrita.","breadcrumb":{"@id":"https:\/\/mettapapelaria.com.br\/catalogo\/produto\/lapis-de-escrever-com-borracha-ponteira-dino-leo-e-leo\/#breadcrumb"},"inLanguage":"pt-BR","potentialAction":[{"@type":"ReadAction","target":["https:\/\/mettapapelaria.com.br\/catalogo\/produto\/lapis-de-escrever-com-borracha-ponteira-dino-leo-e-leo\/"]}]},{"@type":"ImageObject","inLanguage":"pt-BR","@id":"https:\/\/mettapapelaria.com.br\/catalogo\/produto\/lapis-de-escrever-com-borracha-ponteira-dino-leo-e-leo\/#primaryimage","url":"https:\/\/mettapapelaria.com.br\/catalogo\/wp-content\/uploads\/2024\/08\/LAPIS-DE-ESCREVER-COM-BORRACHA-PONTEIRA-DINO-LEO-E-LEO.jpg","contentUrl":"https:\/\/mettapapelaria.com.br\/catalogo\/wp-content\/uploads\/2024\/08\/LAPIS-DE-ESCREVER-COM-BORRACHA-PONTEIRA-DINO-LEO-E-LEO.jpg","width":500,"height":500},{"@type":"BreadcrumbList","@id":"https:\/\/mettapapelaria.com.br\/catalogo\/produto\/lapis-de-escrever-com-borracha-ponteira-dino-leo-e-leo\/#breadcrumb","itemListElement":[{"@type":"ListItem","position":1,"name":"In\u00edcio","item":"https:\/\/mettapapelaria.com.br\/catalogo\/"},{"@type":"ListItem","position":2,"name":"Shop","item":"https:\/\/mettapapelaria.com.br\/catalogo\/shop\/"},{"@type":"ListItem","position":3,"name":"L\u00c1PIS DE ESCREVER COM BORRACHA PONTEIRA DINO LEO E LEO"}]},{"@type":"WebSite","@id":"https:\/\/mettapapelaria.com.br\/catalogo\/#website","url":"https:\/\/mettapapelaria.com.br\/catalogo\/","name":"Metta Papelaria","description":"Materiais e equipamentos de escrit\u00f3rio, suprimentos para inform\u00e1tica, e uma diversificada linha de material escolar","publisher":{"@id":"https:\/\/mettapapelaria.com.br\/catalogo\/#organization"},"potentialAction":[{"@type":"SearchAction","target":{"@type":"EntryPoint","urlTemplate":"https:\/\/mettapapelaria.com.br\/catalogo\/?s={search_term_string}"},"query-input":{"@type":"PropertyValueSpecification","valueRequired":true,"valueName":"search_term_string"}}],"inLanguage":"pt-BR"},{"@type":"Organization","@id":"https:\/\/mettapapelaria.com.br\/catalogo\/#organization","name":"Metta Papelaria","url":"https:\/\/mettapapelaria.com.br\/catalogo\/","logo":{"@type":"ImageObject","inLanguage":"pt-BR","@id":"https:\/\/mettapapelaria.com.br\/catalogo\/#\/schema\/logo\/image\/","url":"https:\/\/mettapapelaria.com.br\/catalogo\/wp-content\/uploads\/2023\/12\/cropped-favicon-Metta_512-1.png","contentUrl":"https:\/\/mettapapelaria.com.br\/catalogo\/wp-content\/uploads\/2023\/12\/cropped-favicon-Metta_512-1.png","width":512,"height":512,"caption":"Metta Papelaria"},"image":{"@id":"https:\/\/mettapapelaria.com.br\/catalogo\/#\/schema\/logo\/image\/"},"sameAs":["https:\/\/www.facebook.com\/mettapapelaria\/","https:\/\/www.instagram.com\/papelariametta\/"]}]}},"_links":{"self":[{"href":"https:\/\/mettapapelaria.com.br\/catalogo\/wp-json\/wp\/v2\/product\/7363","targetHints":{"allow":["GET"]}}],"collection":[{"href":"https:\/\/mettapapelaria.com.br\/catalogo\/wp-json\/wp\/v2\/product"}],"about":[{"href":"https:\/\/mettapapelaria.com.br\/catalogo\/wp-json\/wp\/v2\/types\/product"}],"replies":[{"embeddable":true,"href":"https:\/\/mettapapelaria.com.br\/catalogo\/wp-json\/wp\/v2\/comments?post=7363"}],"version-history":[{"count":1,"href":"https:\/\/mettapapelaria.com.br\/catalogo\/wp-json\/wp\/v2\/product\/7363\/revisions"}],"predecessor-version":[{"id":7368,"href":"https:\/\/mettapapelaria.com.br\/catalogo\/wp-json\/wp\/v2\/product\/7363\/revisions\/7368"}],"wp:featuredmedia":[{"embeddable":true,"href":"https:\/\/mettapapelaria.com.br\/catalogo\/wp-json\/wp\/v2\/media\/7364"}],"wp:attachment":[{"href":"https:\/\/mettapapelaria.com.br\/catalogo\/wp-json\/wp\/v2\/media?parent=7363"}],"wp:term":[{"taxonomy":"brand","embeddable":true,"href":"https:\/\/mettapapelaria.com.br\/catalogo\/wp-json\/wp\/v2\/etheme_brands?post=7363"},{"taxonomy":"product_brand","embeddable":true,"href":"https:\/\/mettapapelaria.com.br\/catalogo\/wp-json\/wp\/v2\/product_brand?post=7363"},{"taxonomy":"product_cat","embeddable":true,"href":"https:\/\/mettapapelaria.com.br\/catalogo\/wp-json\/wp\/v2\/product_cat?post=7363"},{"taxonomy":"product_tag","embeddable":true,"href":"https:\/\/mettapapelaria.com.br\/catalogo\/wp-json\/wp\/v2\/product_tag?post=7363"}],"curies":[{"name":"wp","href":"https:\/\/api.w.org\/{rel}","templated":true}]}}