{"id":7358,"date":"2024-08-29T13:45:41","date_gmt":"2024-08-29T16:45:41","guid":{"rendered":"https:\/\/mettapapelaria.com.br\/catalogo\/?post_type=product&#038;p=7358"},"modified":"2024-08-29T13:45:42","modified_gmt":"2024-08-29T16:45:42","slug":"caneta-corretiva-mini-4ml-jocar-office","status":"publish","type":"product","link":"https:\/\/mettapapelaria.com.br\/catalogo\/produto\/caneta-corretiva-mini-4ml-jocar-office\/","title":{"rendered":"CANETA CORRETIVA MINI 4ML JOCAR OFFICE"},"content":{"rendered":"<p>Dentro do Mini Corretivo Caneta 4ml Corpo Colorido &#8211; Jocar Office cabem funcionalidades gigantes. \u00c9 a solu\u00e7\u00e3o pr\u00e1tica e eficiente para suas corre\u00e7\u00f5es.<\/p>\n<p>Compacto e de f\u00e1cil manuseio, este corretivo l\u00edquido possui secagem r\u00e1pida, garantindo agilidade e precis\u00e3o no uso.<\/p>\n<p>Com uma ponta met\u00e1lica que facilita na hora da corre\u00e7\u00e3o, o Mini Corretivo Caneta \u00e9 ideal para pequenos ajustes em documentos e trabalhos. Para utilizar, basta agitar antes do uso, pressionar a ponta contra a superf\u00edcie desejada e apertar o corpo da caneta para liberar o l\u00edquido corretivo.<\/p>\n<p>Pr\u00e1tico para estudantes e profissionais, este mini corretivo \u00e9 um item indispens\u00e1vel para quem busca o m\u00e1ximo de praticidade nas suas atividades di\u00e1rias.<\/p>\n","protected":false},"excerpt":{"rendered":"<p>Dentro do Mini Corretivo Caneta 4ml Corpo Colorido &#8211; Jocar Office cabem funcionalidades gigantes. \u00c9 a solu\u00e7\u00e3o pr\u00e1tica e eficiente para suas corre\u00e7\u00f5es. Compacto e&#8230;<\/p>\n","protected":false},"featured_media":7359,"comment_status":"open","ping_status":"closed","template":"","meta":[],"etheme_brands":[{"term_id":251,"name":"Jocar Office","slug":"jocar-office","term_group":0,"term_taxonomy_id":251,"taxonomy":"brand","description":"","parent":249,"count":15,"filter":"raw"},{"term_id":249,"name":"Leonora","slug":"leonora","term_group":0,"term_taxonomy_id":249,"taxonomy":"brand","description":"","parent":0,"count":67,"filter":"raw"}],"product_brand":[],"product_cat":[55,72,102,104,16,15],"product_tag":[600,338,579,580,293,396,276,385,316,275,395,294,292,228,227,225,317,274],"class_list":{"0":"post-7358","1":"product","2":"type-product","3":"status-publish","4":"has-post-thumbnail","6":"brand-jocar-office","7":"brand-leonora","8":"product_cat-corretivos1","9":"product_cat-corretivos","10":"product_cat-corretivos-liquidos","11":"product_cat-corretivos-l","12":"product_cat-material-escolar","13":"product_cat-material-escritorio","14":"product_tag-caneta-corretiva","15":"product_tag-colorido","16":"product_tag-corretivo","17":"product_tag-corretivo-liquido","18":"product_tag-crianca","19":"product_tag-cute","20":"product_tag-escola","21":"product_tag-escritorio","22":"product_tag-estudante","23":"product_tag-faculdade","24":"product_tag-fofo","25":"product_tag-infantil","26":"product_tag-kids","27":"product_tag-material-de-escritorio","28":"product_tag-material-escolar","29":"product_tag-metta-papelaria","30":"product_tag-study","31":"product_tag-universidade","33":"first","34":"instock","35":"sold-individually","36":"shipping-taxable","37":"purchasable","38":"product-type-simple"},"yoast_head":"<!-- This site is optimized with the Yoast SEO plugin v26.9 - https:\/\/yoast.com\/product\/yoast-seo-wordpress\/ -->\n<title>CANETA CORRETIVA MINI 4ML JOCAR OFFICE - Metta Papelaria<\/title>\n<meta name=\"description\" content=\"Dentro do Mini Corretivo Caneta 4ml Corpo Colorido - Jocar Office cabem funcionalidades gigantes. \u00c9 a solu\u00e7\u00e3o pr\u00e1tica e eficiente para suas corre\u00e7\u00f5es. Compacto e de f\u00e1cil manuseio, este corretivo l\u00edquido possui secagem r\u00e1pida, garantindo agilidade e precis\u00e3o no uso. Com uma ponta met\u00e1lica que facilita na hora da corre\u00e7\u00e3o, o Mini Corretivo Caneta \u00e9 ideal para pequenos ajustes em documentos e trabalhos. Para utilizar, basta agitar antes do uso, pressionar a ponta contra a superf\u00edcie desejada e apertar o corpo da caneta para liberar o l\u00edquido corretivo. Pr\u00e1tico para estudantes e profissionais, este mini corretivo \u00e9 um item indispens\u00e1vel para quem busca o m\u00e1ximo de praticidade nas suas atividades di\u00e1rias.\" \/>\n<meta name=\"robots\" content=\"index, follow, max-snippet:-1, max-image-preview:large, max-video-preview:-1\" \/>\n<link rel=\"canonical\" href=\"https:\/\/mettapapelaria.com.br\/catalogo\/produto\/caneta-corretiva-mini-4ml-jocar-office\/\" \/>\n<meta property=\"og:locale\" content=\"pt_BR\" \/>\n<meta property=\"og:type\" content=\"article\" \/>\n<meta property=\"og:title\" content=\"CANETA CORRETIVA MINI 4ML JOCAR OFFICE - Metta Papelaria\" \/>\n<meta property=\"og:description\" content=\"Dentro do Mini Corretivo Caneta 4ml Corpo Colorido - Jocar Office cabem funcionalidades gigantes. \u00c9 a solu\u00e7\u00e3o pr\u00e1tica e eficiente para suas corre\u00e7\u00f5es. Compacto e de f\u00e1cil manuseio, este corretivo l\u00edquido possui secagem r\u00e1pida, garantindo agilidade e precis\u00e3o no uso. Com uma ponta met\u00e1lica que facilita na hora da corre\u00e7\u00e3o, o Mini Corretivo Caneta \u00e9 ideal para pequenos ajustes em documentos e trabalhos. Para utilizar, basta agitar antes do uso, pressionar a ponta contra a superf\u00edcie desejada e apertar o corpo da caneta para liberar o l\u00edquido corretivo. Pr\u00e1tico para estudantes e profissionais, este mini corretivo \u00e9 um item indispens\u00e1vel para quem busca o m\u00e1ximo de praticidade nas suas atividades di\u00e1rias.\" \/>\n<meta property=\"og:url\" content=\"https:\/\/mettapapelaria.com.br\/catalogo\/produto\/caneta-corretiva-mini-4ml-jocar-office\/\" \/>\n<meta property=\"og:site_name\" content=\"Metta Papelaria\" \/>\n<meta property=\"article:publisher\" content=\"https:\/\/www.facebook.com\/mettapapelaria\/\" \/>\n<meta property=\"article:modified_time\" content=\"2024-08-29T16:45:42+00:00\" \/>\n<meta property=\"og:image\" content=\"https:\/\/mettapapelaria.com.br\/catalogo\/wp-content\/uploads\/2024\/08\/CANETA-CORRETIVA-MINI-4ML-JOCAR-OFFICE.jpg\" \/>\n\t<meta property=\"og:image:width\" content=\"500\" \/>\n\t<meta property=\"og:image:height\" content=\"500\" \/>\n\t<meta property=\"og:image:type\" content=\"image\/jpeg\" \/>\n<meta name=\"twitter:card\" content=\"summary_large_image\" \/>\n<meta name=\"twitter:label1\" content=\"Est. tempo de leitura\" \/>\n\t<meta name=\"twitter:data1\" content=\"1 minuto\" \/>\n<script type=\"application\/ld+json\" class=\"yoast-schema-graph\">{\"@context\":\"https:\/\/schema.org\",\"@graph\":[{\"@type\":\"WebPage\",\"@id\":\"https:\/\/mettapapelaria.com.br\/catalogo\/produto\/caneta-corretiva-mini-4ml-jocar-office\/\",\"url\":\"https:\/\/mettapapelaria.com.br\/catalogo\/produto\/caneta-corretiva-mini-4ml-jocar-office\/\",\"name\":\"CANETA CORRETIVA MINI 4ML JOCAR OFFICE - Metta Papelaria\",\"isPartOf\":{\"@id\":\"https:\/\/mettapapelaria.com.br\/catalogo\/#website\"},\"primaryImageOfPage\":{\"@id\":\"https:\/\/mettapapelaria.com.br\/catalogo\/produto\/caneta-corretiva-mini-4ml-jocar-office\/#primaryimage\"},\"image\":{\"@id\":\"https:\/\/mettapapelaria.com.br\/catalogo\/produto\/caneta-corretiva-mini-4ml-jocar-office\/#primaryimage\"},\"thumbnailUrl\":\"https:\/\/mettapapelaria.com.br\/catalogo\/wp-content\/uploads\/2024\/08\/CANETA-CORRETIVA-MINI-4ML-JOCAR-OFFICE.jpg\",\"datePublished\":\"2024-08-29T16:45:41+00:00\",\"dateModified\":\"2024-08-29T16:45:42+00:00\",\"description\":\"Dentro do Mini Corretivo Caneta 4ml Corpo Colorido - Jocar Office cabem funcionalidades gigantes. \u00c9 a solu\u00e7\u00e3o pr\u00e1tica e eficiente para suas corre\u00e7\u00f5es. Compacto e de f\u00e1cil manuseio, este corretivo l\u00edquido possui secagem r\u00e1pida, garantindo agilidade e precis\u00e3o no uso. Com uma ponta met\u00e1lica que facilita na hora da corre\u00e7\u00e3o, o Mini Corretivo Caneta \u00e9 ideal para pequenos ajustes em documentos e trabalhos. Para utilizar, basta agitar antes do uso, pressionar a ponta contra a superf\u00edcie desejada e apertar o corpo da caneta para liberar o l\u00edquido corretivo. Pr\u00e1tico para estudantes e profissionais, este mini corretivo \u00e9 um item indispens\u00e1vel para quem busca o m\u00e1ximo de praticidade nas suas atividades di\u00e1rias.\",\"breadcrumb\":{\"@id\":\"https:\/\/mettapapelaria.com.br\/catalogo\/produto\/caneta-corretiva-mini-4ml-jocar-office\/#breadcrumb\"},\"inLanguage\":\"pt-BR\",\"potentialAction\":[{\"@type\":\"ReadAction\",\"target\":[\"https:\/\/mettapapelaria.com.br\/catalogo\/produto\/caneta-corretiva-mini-4ml-jocar-office\/\"]}]},{\"@type\":\"ImageObject\",\"inLanguage\":\"pt-BR\",\"@id\":\"https:\/\/mettapapelaria.com.br\/catalogo\/produto\/caneta-corretiva-mini-4ml-jocar-office\/#primaryimage\",\"url\":\"https:\/\/mettapapelaria.com.br\/catalogo\/wp-content\/uploads\/2024\/08\/CANETA-CORRETIVA-MINI-4ML-JOCAR-OFFICE.jpg\",\"contentUrl\":\"https:\/\/mettapapelaria.com.br\/catalogo\/wp-content\/uploads\/2024\/08\/CANETA-CORRETIVA-MINI-4ML-JOCAR-OFFICE.jpg\",\"width\":500,\"height\":500},{\"@type\":\"BreadcrumbList\",\"@id\":\"https:\/\/mettapapelaria.com.br\/catalogo\/produto\/caneta-corretiva-mini-4ml-jocar-office\/#breadcrumb\",\"itemListElement\":[{\"@type\":\"ListItem\",\"position\":1,\"name\":\"In\u00edcio\",\"item\":\"https:\/\/mettapapelaria.com.br\/catalogo\/\"},{\"@type\":\"ListItem\",\"position\":2,\"name\":\"Shop\",\"item\":\"https:\/\/mettapapelaria.com.br\/catalogo\/shop\/\"},{\"@type\":\"ListItem\",\"position\":3,\"name\":\"CANETA CORRETIVA MINI 4ML JOCAR OFFICE\"}]},{\"@type\":\"WebSite\",\"@id\":\"https:\/\/mettapapelaria.com.br\/catalogo\/#website\",\"url\":\"https:\/\/mettapapelaria.com.br\/catalogo\/\",\"name\":\"Metta Papelaria\",\"description\":\"Materiais e equipamentos de escrit\u00f3rio, suprimentos para inform\u00e1tica, e uma diversificada linha de material escolar\",\"publisher\":{\"@id\":\"https:\/\/mettapapelaria.com.br\/catalogo\/#organization\"},\"potentialAction\":[{\"@type\":\"SearchAction\",\"target\":{\"@type\":\"EntryPoint\",\"urlTemplate\":\"https:\/\/mettapapelaria.com.br\/catalogo\/?s={search_term_string}\"},\"query-input\":{\"@type\":\"PropertyValueSpecification\",\"valueRequired\":true,\"valueName\":\"search_term_string\"}}],\"inLanguage\":\"pt-BR\"},{\"@type\":\"Organization\",\"@id\":\"https:\/\/mettapapelaria.com.br\/catalogo\/#organization\",\"name\":\"Metta Papelaria\",\"url\":\"https:\/\/mettapapelaria.com.br\/catalogo\/\",\"logo\":{\"@type\":\"ImageObject\",\"inLanguage\":\"pt-BR\",\"@id\":\"https:\/\/mettapapelaria.com.br\/catalogo\/#\/schema\/logo\/image\/\",\"url\":\"https:\/\/mettapapelaria.com.br\/catalogo\/wp-content\/uploads\/2023\/12\/cropped-favicon-Metta_512-1.png\",\"contentUrl\":\"https:\/\/mettapapelaria.com.br\/catalogo\/wp-content\/uploads\/2023\/12\/cropped-favicon-Metta_512-1.png\",\"width\":512,\"height\":512,\"caption\":\"Metta Papelaria\"},\"image\":{\"@id\":\"https:\/\/mettapapelaria.com.br\/catalogo\/#\/schema\/logo\/image\/\"},\"sameAs\":[\"https:\/\/www.facebook.com\/mettapapelaria\/\",\"https:\/\/www.instagram.com\/papelariametta\/\"]}]}<\/script>\n<!-- \/ Yoast SEO plugin. -->","yoast_head_json":{"title":"CANETA CORRETIVA MINI 4ML JOCAR OFFICE - Metta Papelaria","description":"Dentro do Mini Corretivo Caneta 4ml Corpo Colorido - Jocar Office cabem funcionalidades gigantes. \u00c9 a solu\u00e7\u00e3o pr\u00e1tica e eficiente para suas corre\u00e7\u00f5es. Compacto e de f\u00e1cil manuseio, este corretivo l\u00edquido possui secagem r\u00e1pida, garantindo agilidade e precis\u00e3o no uso. Com uma ponta met\u00e1lica que facilita na hora da corre\u00e7\u00e3o, o Mini Corretivo Caneta \u00e9 ideal para pequenos ajustes em documentos e trabalhos. Para utilizar, basta agitar antes do uso, pressionar a ponta contra a superf\u00edcie desejada e apertar o corpo da caneta para liberar o l\u00edquido corretivo. Pr\u00e1tico para estudantes e profissionais, este mini corretivo \u00e9 um item indispens\u00e1vel para quem busca o m\u00e1ximo de praticidade nas suas atividades di\u00e1rias.","robots":{"index":"index","follow":"follow","max-snippet":"max-snippet:-1","max-image-preview":"max-image-preview:large","max-video-preview":"max-video-preview:-1"},"canonical":"https:\/\/mettapapelaria.com.br\/catalogo\/produto\/caneta-corretiva-mini-4ml-jocar-office\/","og_locale":"pt_BR","og_type":"article","og_title":"CANETA CORRETIVA MINI 4ML JOCAR OFFICE - Metta Papelaria","og_description":"Dentro do Mini Corretivo Caneta 4ml Corpo Colorido - Jocar Office cabem funcionalidades gigantes. \u00c9 a solu\u00e7\u00e3o pr\u00e1tica e eficiente para suas corre\u00e7\u00f5es. Compacto e de f\u00e1cil manuseio, este corretivo l\u00edquido possui secagem r\u00e1pida, garantindo agilidade e precis\u00e3o no uso. Com uma ponta met\u00e1lica que facilita na hora da corre\u00e7\u00e3o, o Mini Corretivo Caneta \u00e9 ideal para pequenos ajustes em documentos e trabalhos. Para utilizar, basta agitar antes do uso, pressionar a ponta contra a superf\u00edcie desejada e apertar o corpo da caneta para liberar o l\u00edquido corretivo. Pr\u00e1tico para estudantes e profissionais, este mini corretivo \u00e9 um item indispens\u00e1vel para quem busca o m\u00e1ximo de praticidade nas suas atividades di\u00e1rias.","og_url":"https:\/\/mettapapelaria.com.br\/catalogo\/produto\/caneta-corretiva-mini-4ml-jocar-office\/","og_site_name":"Metta Papelaria","article_publisher":"https:\/\/www.facebook.com\/mettapapelaria\/","article_modified_time":"2024-08-29T16:45:42+00:00","og_image":[{"width":500,"height":500,"url":"https:\/\/mettapapelaria.com.br\/catalogo\/wp-content\/uploads\/2024\/08\/CANETA-CORRETIVA-MINI-4ML-JOCAR-OFFICE.jpg","type":"image\/jpeg"}],"twitter_card":"summary_large_image","twitter_misc":{"Est. tempo de leitura":"1 minuto"},"schema":{"@context":"https:\/\/schema.org","@graph":[{"@type":"WebPage","@id":"https:\/\/mettapapelaria.com.br\/catalogo\/produto\/caneta-corretiva-mini-4ml-jocar-office\/","url":"https:\/\/mettapapelaria.com.br\/catalogo\/produto\/caneta-corretiva-mini-4ml-jocar-office\/","name":"CANETA CORRETIVA MINI 4ML JOCAR OFFICE - Metta Papelaria","isPartOf":{"@id":"https:\/\/mettapapelaria.com.br\/catalogo\/#website"},"primaryImageOfPage":{"@id":"https:\/\/mettapapelaria.com.br\/catalogo\/produto\/caneta-corretiva-mini-4ml-jocar-office\/#primaryimage"},"image":{"@id":"https:\/\/mettapapelaria.com.br\/catalogo\/produto\/caneta-corretiva-mini-4ml-jocar-office\/#primaryimage"},"thumbnailUrl":"https:\/\/mettapapelaria.com.br\/catalogo\/wp-content\/uploads\/2024\/08\/CANETA-CORRETIVA-MINI-4ML-JOCAR-OFFICE.jpg","datePublished":"2024-08-29T16:45:41+00:00","dateModified":"2024-08-29T16:45:42+00:00","description":"Dentro do Mini Corretivo Caneta 4ml Corpo Colorido - Jocar Office cabem funcionalidades gigantes. \u00c9 a solu\u00e7\u00e3o pr\u00e1tica e eficiente para suas corre\u00e7\u00f5es. Compacto e de f\u00e1cil manuseio, este corretivo l\u00edquido possui secagem r\u00e1pida, garantindo agilidade e precis\u00e3o no uso. Com uma ponta met\u00e1lica que facilita na hora da corre\u00e7\u00e3o, o Mini Corretivo Caneta \u00e9 ideal para pequenos ajustes em documentos e trabalhos. Para utilizar, basta agitar antes do uso, pressionar a ponta contra a superf\u00edcie desejada e apertar o corpo da caneta para liberar o l\u00edquido corretivo. Pr\u00e1tico para estudantes e profissionais, este mini corretivo \u00e9 um item indispens\u00e1vel para quem busca o m\u00e1ximo de praticidade nas suas atividades di\u00e1rias.","breadcrumb":{"@id":"https:\/\/mettapapelaria.com.br\/catalogo\/produto\/caneta-corretiva-mini-4ml-jocar-office\/#breadcrumb"},"inLanguage":"pt-BR","potentialAction":[{"@type":"ReadAction","target":["https:\/\/mettapapelaria.com.br\/catalogo\/produto\/caneta-corretiva-mini-4ml-jocar-office\/"]}]},{"@type":"ImageObject","inLanguage":"pt-BR","@id":"https:\/\/mettapapelaria.com.br\/catalogo\/produto\/caneta-corretiva-mini-4ml-jocar-office\/#primaryimage","url":"https:\/\/mettapapelaria.com.br\/catalogo\/wp-content\/uploads\/2024\/08\/CANETA-CORRETIVA-MINI-4ML-JOCAR-OFFICE.jpg","contentUrl":"https:\/\/mettapapelaria.com.br\/catalogo\/wp-content\/uploads\/2024\/08\/CANETA-CORRETIVA-MINI-4ML-JOCAR-OFFICE.jpg","width":500,"height":500},{"@type":"BreadcrumbList","@id":"https:\/\/mettapapelaria.com.br\/catalogo\/produto\/caneta-corretiva-mini-4ml-jocar-office\/#breadcrumb","itemListElement":[{"@type":"ListItem","position":1,"name":"In\u00edcio","item":"https:\/\/mettapapelaria.com.br\/catalogo\/"},{"@type":"ListItem","position":2,"name":"Shop","item":"https:\/\/mettapapelaria.com.br\/catalogo\/shop\/"},{"@type":"ListItem","position":3,"name":"CANETA CORRETIVA MINI 4ML JOCAR OFFICE"}]},{"@type":"WebSite","@id":"https:\/\/mettapapelaria.com.br\/catalogo\/#website","url":"https:\/\/mettapapelaria.com.br\/catalogo\/","name":"Metta Papelaria","description":"Materiais e equipamentos de escrit\u00f3rio, suprimentos para inform\u00e1tica, e uma diversificada linha de material escolar","publisher":{"@id":"https:\/\/mettapapelaria.com.br\/catalogo\/#organization"},"potentialAction":[{"@type":"SearchAction","target":{"@type":"EntryPoint","urlTemplate":"https:\/\/mettapapelaria.com.br\/catalogo\/?s={search_term_string}"},"query-input":{"@type":"PropertyValueSpecification","valueRequired":true,"valueName":"search_term_string"}}],"inLanguage":"pt-BR"},{"@type":"Organization","@id":"https:\/\/mettapapelaria.com.br\/catalogo\/#organization","name":"Metta Papelaria","url":"https:\/\/mettapapelaria.com.br\/catalogo\/","logo":{"@type":"ImageObject","inLanguage":"pt-BR","@id":"https:\/\/mettapapelaria.com.br\/catalogo\/#\/schema\/logo\/image\/","url":"https:\/\/mettapapelaria.com.br\/catalogo\/wp-content\/uploads\/2023\/12\/cropped-favicon-Metta_512-1.png","contentUrl":"https:\/\/mettapapelaria.com.br\/catalogo\/wp-content\/uploads\/2023\/12\/cropped-favicon-Metta_512-1.png","width":512,"height":512,"caption":"Metta Papelaria"},"image":{"@id":"https:\/\/mettapapelaria.com.br\/catalogo\/#\/schema\/logo\/image\/"},"sameAs":["https:\/\/www.facebook.com\/mettapapelaria\/","https:\/\/www.instagram.com\/papelariametta\/"]}]}},"_links":{"self":[{"href":"https:\/\/mettapapelaria.com.br\/catalogo\/wp-json\/wp\/v2\/product\/7358","targetHints":{"allow":["GET"]}}],"collection":[{"href":"https:\/\/mettapapelaria.com.br\/catalogo\/wp-json\/wp\/v2\/product"}],"about":[{"href":"https:\/\/mettapapelaria.com.br\/catalogo\/wp-json\/wp\/v2\/types\/product"}],"replies":[{"embeddable":true,"href":"https:\/\/mettapapelaria.com.br\/catalogo\/wp-json\/wp\/v2\/comments?post=7358"}],"version-history":[{"count":1,"href":"https:\/\/mettapapelaria.com.br\/catalogo\/wp-json\/wp\/v2\/product\/7358\/revisions"}],"predecessor-version":[{"id":7362,"href":"https:\/\/mettapapelaria.com.br\/catalogo\/wp-json\/wp\/v2\/product\/7358\/revisions\/7362"}],"wp:featuredmedia":[{"embeddable":true,"href":"https:\/\/mettapapelaria.com.br\/catalogo\/wp-json\/wp\/v2\/media\/7359"}],"wp:attachment":[{"href":"https:\/\/mettapapelaria.com.br\/catalogo\/wp-json\/wp\/v2\/media?parent=7358"}],"wp:term":[{"taxonomy":"brand","embeddable":true,"href":"https:\/\/mettapapelaria.com.br\/catalogo\/wp-json\/wp\/v2\/etheme_brands?post=7358"},{"taxonomy":"product_brand","embeddable":true,"href":"https:\/\/mettapapelaria.com.br\/catalogo\/wp-json\/wp\/v2\/product_brand?post=7358"},{"taxonomy":"product_cat","embeddable":true,"href":"https:\/\/mettapapelaria.com.br\/catalogo\/wp-json\/wp\/v2\/product_cat?post=7358"},{"taxonomy":"product_tag","embeddable":true,"href":"https:\/\/mettapapelaria.com.br\/catalogo\/wp-json\/wp\/v2\/product_tag?post=7358"}],"curies":[{"name":"wp","href":"https:\/\/api.w.org\/{rel}","templated":true}]}}