{"id":7134,"date":"2024-08-23T14:37:01","date_gmt":"2024-08-23T17:37:01","guid":{"rendered":"https:\/\/mettapapelaria.com.br\/catalogo\/?post_type=product&#038;p=7134"},"modified":"2024-08-23T14:37:02","modified_gmt":"2024-08-23T17:37:02","slug":"caderno-com-espiral-cristales-10m-animativa","status":"publish","type":"product","link":"https:\/\/mettapapelaria.com.br\/catalogo\/produto\/caderno-com-espiral-cristales-10m-animativa\/","title":{"rendered":"CADERNO COM ESPIRAL CRISTALES 10M ANIMATIVA"},"content":{"rendered":"<p>Caderno Universit\u00e1rio Espiral 10 Mat\u00e9rias Cristales 160 Folhas Animativa possui capa dura com a parte interna decorada, bolsa de papel decorada para guardar trabalhos e anota\u00e7\u00f5es, folha com adesivos funcionais, folhas pautadas decoradas e espiral. Ideal para o dia a dia na escola ou na faculdade.<\/p>\n<p>Detalhes<\/p>\n<ul>\n<li>Capa: dura<\/li>\n<li>Folha de adesivos<\/li>\n<li>\u00cdndice: decorado<\/li>\n<li>Bolsa: de papel decorada<\/li>\n<li>Produto certificado: FSC<\/li>\n<li>Folhas: pautadas decoradas<\/li>\n<li>N\u00famero de mat\u00e9rias: 1 mat\u00e9ria<\/li>\n<li>Parte interna da capa decorada<\/li>\n<li>Formato: 200mm x 275mm<\/li>\n<li>Gramatura: 56 g\/m\u00b2<\/li>\n<li>N\u00famero de folhas: 160 folhas<\/li>\n<\/ul>\n","protected":false},"excerpt":{"rendered":"<p>Caderno Universit\u00e1rio Espiral 10 Mat\u00e9rias Cristales 160 Folhas Animativa possui capa dura com a parte interna decorada, bolsa de papel decorada para guardar trabalhos e&#8230;<\/p>\n","protected":false},"featured_media":7135,"comment_status":"open","ping_status":"closed","template":"","meta":[],"etheme_brands":[{"term_id":591,"name":"Animativa","slug":"animativa","term_group":0,"term_taxonomy_id":591,"taxonomy":"brand","description":"","parent":0,"count":20,"filter":"raw"}],"product_brand":[],"product_cat":[20,129,16],"product_tag":[270,272,501,271,278,273,316,275,228,225,239,317,274],"class_list":{"0":"post-7134","1":"product","2":"type-product","3":"status-publish","4":"has-post-thumbnail","6":"brand-animativa","7":"product_cat-cadernos","8":"product_cat-cadernos-de-10-a-20-materias","9":"product_cat-material-escolar","10":"product_tag-caderno","11":"product_tag-caderno-1-materia","12":"product_tag-caderno-argolado","13":"product_tag-caderno-com-espiral","14":"product_tag-caderno-grande","15":"product_tag-caderno-universitario","16":"product_tag-estudante","17":"product_tag-faculdade","18":"product_tag-material-de-escritorio","19":"product_tag-metta-papelaria","20":"product_tag-organizacao","21":"product_tag-study","22":"product_tag-universidade","24":"first","25":"instock","26":"sold-individually","27":"shipping-taxable","28":"purchasable","29":"product-type-simple"},"yoast_head":"<!-- This site is optimized with the Yoast SEO plugin v26.9 - https:\/\/yoast.com\/product\/yoast-seo-wordpress\/ -->\n<title>CADERNO COM ESPIRAL CRISTALES 10M ANIMATIVA - Metta Papelaria<\/title>\n<meta name=\"description\" content=\"Caderno Universit\u00e1rio Espiral 10 Mat\u00e9rias Cristales 80 Folhas Animativa possui capa dura com a parte interna decorada, bolsa de papel decorada para guardar trabalhos e anota\u00e7\u00f5es, folha com adesivos funcionais, folhas pautadas decoradas e espiral. Ideal para o dia a dia na escola ou na faculdade.\" \/>\n<meta name=\"robots\" content=\"index, follow, max-snippet:-1, max-image-preview:large, max-video-preview:-1\" \/>\n<link rel=\"canonical\" href=\"https:\/\/mettapapelaria.com.br\/catalogo\/produto\/caderno-com-espiral-cristales-10m-animativa\/\" \/>\n<meta property=\"og:locale\" content=\"pt_BR\" \/>\n<meta property=\"og:type\" content=\"article\" \/>\n<meta property=\"og:title\" content=\"CADERNO COM ESPIRAL CRISTALES 10M ANIMATIVA - Metta Papelaria\" \/>\n<meta property=\"og:description\" content=\"Caderno Universit\u00e1rio Espiral 10 Mat\u00e9rias Cristales 80 Folhas Animativa possui capa dura com a parte interna decorada, bolsa de papel decorada para guardar trabalhos e anota\u00e7\u00f5es, folha com adesivos funcionais, folhas pautadas decoradas e espiral. Ideal para o dia a dia na escola ou na faculdade.\" \/>\n<meta property=\"og:url\" content=\"https:\/\/mettapapelaria.com.br\/catalogo\/produto\/caderno-com-espiral-cristales-10m-animativa\/\" \/>\n<meta property=\"og:site_name\" content=\"Metta Papelaria\" \/>\n<meta property=\"article:publisher\" content=\"https:\/\/www.facebook.com\/mettapapelaria\/\" \/>\n<meta property=\"article:modified_time\" content=\"2024-08-23T17:37:02+00:00\" \/>\n<meta property=\"og:image\" content=\"https:\/\/mettapapelaria.com.br\/catalogo\/wp-content\/uploads\/2024\/08\/CADERNO-COM-ESPIRAL-CRISTALES-10M-ANIMATIVA.jpg\" \/>\n\t<meta property=\"og:image:width\" content=\"500\" \/>\n\t<meta property=\"og:image:height\" content=\"500\" \/>\n\t<meta property=\"og:image:type\" content=\"image\/jpeg\" \/>\n<meta name=\"twitter:card\" content=\"summary_large_image\" \/>\n<meta name=\"twitter:label1\" content=\"Est. tempo de leitura\" \/>\n\t<meta name=\"twitter:data1\" content=\"1 minuto\" \/>\n<script type=\"application\/ld+json\" class=\"yoast-schema-graph\">{\"@context\":\"https:\/\/schema.org\",\"@graph\":[{\"@type\":\"WebPage\",\"@id\":\"https:\/\/mettapapelaria.com.br\/catalogo\/produto\/caderno-com-espiral-cristales-10m-animativa\/\",\"url\":\"https:\/\/mettapapelaria.com.br\/catalogo\/produto\/caderno-com-espiral-cristales-10m-animativa\/\",\"name\":\"CADERNO COM ESPIRAL CRISTALES 10M ANIMATIVA - Metta Papelaria\",\"isPartOf\":{\"@id\":\"https:\/\/mettapapelaria.com.br\/catalogo\/#website\"},\"primaryImageOfPage\":{\"@id\":\"https:\/\/mettapapelaria.com.br\/catalogo\/produto\/caderno-com-espiral-cristales-10m-animativa\/#primaryimage\"},\"image\":{\"@id\":\"https:\/\/mettapapelaria.com.br\/catalogo\/produto\/caderno-com-espiral-cristales-10m-animativa\/#primaryimage\"},\"thumbnailUrl\":\"https:\/\/mettapapelaria.com.br\/catalogo\/wp-content\/uploads\/2024\/08\/CADERNO-COM-ESPIRAL-CRISTALES-10M-ANIMATIVA.jpg\",\"datePublished\":\"2024-08-23T17:37:01+00:00\",\"dateModified\":\"2024-08-23T17:37:02+00:00\",\"description\":\"Caderno Universit\u00e1rio Espiral 10 Mat\u00e9rias Cristales 80 Folhas Animativa possui capa dura com a parte interna decorada, bolsa de papel decorada para guardar trabalhos e anota\u00e7\u00f5es, folha com adesivos funcionais, folhas pautadas decoradas e espiral. Ideal para o dia a dia na escola ou na faculdade.\",\"breadcrumb\":{\"@id\":\"https:\/\/mettapapelaria.com.br\/catalogo\/produto\/caderno-com-espiral-cristales-10m-animativa\/#breadcrumb\"},\"inLanguage\":\"pt-BR\",\"potentialAction\":[{\"@type\":\"ReadAction\",\"target\":[\"https:\/\/mettapapelaria.com.br\/catalogo\/produto\/caderno-com-espiral-cristales-10m-animativa\/\"]}]},{\"@type\":\"ImageObject\",\"inLanguage\":\"pt-BR\",\"@id\":\"https:\/\/mettapapelaria.com.br\/catalogo\/produto\/caderno-com-espiral-cristales-10m-animativa\/#primaryimage\",\"url\":\"https:\/\/mettapapelaria.com.br\/catalogo\/wp-content\/uploads\/2024\/08\/CADERNO-COM-ESPIRAL-CRISTALES-10M-ANIMATIVA.jpg\",\"contentUrl\":\"https:\/\/mettapapelaria.com.br\/catalogo\/wp-content\/uploads\/2024\/08\/CADERNO-COM-ESPIRAL-CRISTALES-10M-ANIMATIVA.jpg\",\"width\":500,\"height\":500},{\"@type\":\"BreadcrumbList\",\"@id\":\"https:\/\/mettapapelaria.com.br\/catalogo\/produto\/caderno-com-espiral-cristales-10m-animativa\/#breadcrumb\",\"itemListElement\":[{\"@type\":\"ListItem\",\"position\":1,\"name\":\"In\u00edcio\",\"item\":\"https:\/\/mettapapelaria.com.br\/catalogo\/\"},{\"@type\":\"ListItem\",\"position\":2,\"name\":\"Shop\",\"item\":\"https:\/\/mettapapelaria.com.br\/catalogo\/shop\/\"},{\"@type\":\"ListItem\",\"position\":3,\"name\":\"CADERNO COM ESPIRAL CRISTALES 10M ANIMATIVA\"}]},{\"@type\":\"WebSite\",\"@id\":\"https:\/\/mettapapelaria.com.br\/catalogo\/#website\",\"url\":\"https:\/\/mettapapelaria.com.br\/catalogo\/\",\"name\":\"Metta Papelaria\",\"description\":\"Materiais e equipamentos de escrit\u00f3rio, suprimentos para inform\u00e1tica, e uma diversificada linha de material escolar\",\"publisher\":{\"@id\":\"https:\/\/mettapapelaria.com.br\/catalogo\/#organization\"},\"potentialAction\":[{\"@type\":\"SearchAction\",\"target\":{\"@type\":\"EntryPoint\",\"urlTemplate\":\"https:\/\/mettapapelaria.com.br\/catalogo\/?s={search_term_string}\"},\"query-input\":{\"@type\":\"PropertyValueSpecification\",\"valueRequired\":true,\"valueName\":\"search_term_string\"}}],\"inLanguage\":\"pt-BR\"},{\"@type\":\"Organization\",\"@id\":\"https:\/\/mettapapelaria.com.br\/catalogo\/#organization\",\"name\":\"Metta Papelaria\",\"url\":\"https:\/\/mettapapelaria.com.br\/catalogo\/\",\"logo\":{\"@type\":\"ImageObject\",\"inLanguage\":\"pt-BR\",\"@id\":\"https:\/\/mettapapelaria.com.br\/catalogo\/#\/schema\/logo\/image\/\",\"url\":\"https:\/\/mettapapelaria.com.br\/catalogo\/wp-content\/uploads\/2023\/12\/cropped-favicon-Metta_512-1.png\",\"contentUrl\":\"https:\/\/mettapapelaria.com.br\/catalogo\/wp-content\/uploads\/2023\/12\/cropped-favicon-Metta_512-1.png\",\"width\":512,\"height\":512,\"caption\":\"Metta Papelaria\"},\"image\":{\"@id\":\"https:\/\/mettapapelaria.com.br\/catalogo\/#\/schema\/logo\/image\/\"},\"sameAs\":[\"https:\/\/www.facebook.com\/mettapapelaria\/\",\"https:\/\/www.instagram.com\/papelariametta\/\"]}]}<\/script>\n<!-- \/ Yoast SEO plugin. -->","yoast_head_json":{"title":"CADERNO COM ESPIRAL CRISTALES 10M ANIMATIVA - Metta Papelaria","description":"Caderno Universit\u00e1rio Espiral 10 Mat\u00e9rias Cristales 80 Folhas Animativa possui capa dura com a parte interna decorada, bolsa de papel decorada para guardar trabalhos e anota\u00e7\u00f5es, folha com adesivos funcionais, folhas pautadas decoradas e espiral. Ideal para o dia a dia na escola ou na faculdade.","robots":{"index":"index","follow":"follow","max-snippet":"max-snippet:-1","max-image-preview":"max-image-preview:large","max-video-preview":"max-video-preview:-1"},"canonical":"https:\/\/mettapapelaria.com.br\/catalogo\/produto\/caderno-com-espiral-cristales-10m-animativa\/","og_locale":"pt_BR","og_type":"article","og_title":"CADERNO COM ESPIRAL CRISTALES 10M ANIMATIVA - Metta Papelaria","og_description":"Caderno Universit\u00e1rio Espiral 10 Mat\u00e9rias Cristales 80 Folhas Animativa possui capa dura com a parte interna decorada, bolsa de papel decorada para guardar trabalhos e anota\u00e7\u00f5es, folha com adesivos funcionais, folhas pautadas decoradas e espiral. Ideal para o dia a dia na escola ou na faculdade.","og_url":"https:\/\/mettapapelaria.com.br\/catalogo\/produto\/caderno-com-espiral-cristales-10m-animativa\/","og_site_name":"Metta Papelaria","article_publisher":"https:\/\/www.facebook.com\/mettapapelaria\/","article_modified_time":"2024-08-23T17:37:02+00:00","og_image":[{"width":500,"height":500,"url":"https:\/\/mettapapelaria.com.br\/catalogo\/wp-content\/uploads\/2024\/08\/CADERNO-COM-ESPIRAL-CRISTALES-10M-ANIMATIVA.jpg","type":"image\/jpeg"}],"twitter_card":"summary_large_image","twitter_misc":{"Est. tempo de leitura":"1 minuto"},"schema":{"@context":"https:\/\/schema.org","@graph":[{"@type":"WebPage","@id":"https:\/\/mettapapelaria.com.br\/catalogo\/produto\/caderno-com-espiral-cristales-10m-animativa\/","url":"https:\/\/mettapapelaria.com.br\/catalogo\/produto\/caderno-com-espiral-cristales-10m-animativa\/","name":"CADERNO COM ESPIRAL CRISTALES 10M ANIMATIVA - Metta Papelaria","isPartOf":{"@id":"https:\/\/mettapapelaria.com.br\/catalogo\/#website"},"primaryImageOfPage":{"@id":"https:\/\/mettapapelaria.com.br\/catalogo\/produto\/caderno-com-espiral-cristales-10m-animativa\/#primaryimage"},"image":{"@id":"https:\/\/mettapapelaria.com.br\/catalogo\/produto\/caderno-com-espiral-cristales-10m-animativa\/#primaryimage"},"thumbnailUrl":"https:\/\/mettapapelaria.com.br\/catalogo\/wp-content\/uploads\/2024\/08\/CADERNO-COM-ESPIRAL-CRISTALES-10M-ANIMATIVA.jpg","datePublished":"2024-08-23T17:37:01+00:00","dateModified":"2024-08-23T17:37:02+00:00","description":"Caderno Universit\u00e1rio Espiral 10 Mat\u00e9rias Cristales 80 Folhas Animativa possui capa dura com a parte interna decorada, bolsa de papel decorada para guardar trabalhos e anota\u00e7\u00f5es, folha com adesivos funcionais, folhas pautadas decoradas e espiral. Ideal para o dia a dia na escola ou na faculdade.","breadcrumb":{"@id":"https:\/\/mettapapelaria.com.br\/catalogo\/produto\/caderno-com-espiral-cristales-10m-animativa\/#breadcrumb"},"inLanguage":"pt-BR","potentialAction":[{"@type":"ReadAction","target":["https:\/\/mettapapelaria.com.br\/catalogo\/produto\/caderno-com-espiral-cristales-10m-animativa\/"]}]},{"@type":"ImageObject","inLanguage":"pt-BR","@id":"https:\/\/mettapapelaria.com.br\/catalogo\/produto\/caderno-com-espiral-cristales-10m-animativa\/#primaryimage","url":"https:\/\/mettapapelaria.com.br\/catalogo\/wp-content\/uploads\/2024\/08\/CADERNO-COM-ESPIRAL-CRISTALES-10M-ANIMATIVA.jpg","contentUrl":"https:\/\/mettapapelaria.com.br\/catalogo\/wp-content\/uploads\/2024\/08\/CADERNO-COM-ESPIRAL-CRISTALES-10M-ANIMATIVA.jpg","width":500,"height":500},{"@type":"BreadcrumbList","@id":"https:\/\/mettapapelaria.com.br\/catalogo\/produto\/caderno-com-espiral-cristales-10m-animativa\/#breadcrumb","itemListElement":[{"@type":"ListItem","position":1,"name":"In\u00edcio","item":"https:\/\/mettapapelaria.com.br\/catalogo\/"},{"@type":"ListItem","position":2,"name":"Shop","item":"https:\/\/mettapapelaria.com.br\/catalogo\/shop\/"},{"@type":"ListItem","position":3,"name":"CADERNO COM ESPIRAL CRISTALES 10M ANIMATIVA"}]},{"@type":"WebSite","@id":"https:\/\/mettapapelaria.com.br\/catalogo\/#website","url":"https:\/\/mettapapelaria.com.br\/catalogo\/","name":"Metta Papelaria","description":"Materiais e equipamentos de escrit\u00f3rio, suprimentos para inform\u00e1tica, e uma diversificada linha de material escolar","publisher":{"@id":"https:\/\/mettapapelaria.com.br\/catalogo\/#organization"},"potentialAction":[{"@type":"SearchAction","target":{"@type":"EntryPoint","urlTemplate":"https:\/\/mettapapelaria.com.br\/catalogo\/?s={search_term_string}"},"query-input":{"@type":"PropertyValueSpecification","valueRequired":true,"valueName":"search_term_string"}}],"inLanguage":"pt-BR"},{"@type":"Organization","@id":"https:\/\/mettapapelaria.com.br\/catalogo\/#organization","name":"Metta Papelaria","url":"https:\/\/mettapapelaria.com.br\/catalogo\/","logo":{"@type":"ImageObject","inLanguage":"pt-BR","@id":"https:\/\/mettapapelaria.com.br\/catalogo\/#\/schema\/logo\/image\/","url":"https:\/\/mettapapelaria.com.br\/catalogo\/wp-content\/uploads\/2023\/12\/cropped-favicon-Metta_512-1.png","contentUrl":"https:\/\/mettapapelaria.com.br\/catalogo\/wp-content\/uploads\/2023\/12\/cropped-favicon-Metta_512-1.png","width":512,"height":512,"caption":"Metta Papelaria"},"image":{"@id":"https:\/\/mettapapelaria.com.br\/catalogo\/#\/schema\/logo\/image\/"},"sameAs":["https:\/\/www.facebook.com\/mettapapelaria\/","https:\/\/www.instagram.com\/papelariametta\/"]}]}},"_links":{"self":[{"href":"https:\/\/mettapapelaria.com.br\/catalogo\/wp-json\/wp\/v2\/product\/7134","targetHints":{"allow":["GET"]}}],"collection":[{"href":"https:\/\/mettapapelaria.com.br\/catalogo\/wp-json\/wp\/v2\/product"}],"about":[{"href":"https:\/\/mettapapelaria.com.br\/catalogo\/wp-json\/wp\/v2\/types\/product"}],"replies":[{"embeddable":true,"href":"https:\/\/mettapapelaria.com.br\/catalogo\/wp-json\/wp\/v2\/comments?post=7134"}],"version-history":[{"count":1,"href":"https:\/\/mettapapelaria.com.br\/catalogo\/wp-json\/wp\/v2\/product\/7134\/revisions"}],"predecessor-version":[{"id":7139,"href":"https:\/\/mettapapelaria.com.br\/catalogo\/wp-json\/wp\/v2\/product\/7134\/revisions\/7139"}],"wp:featuredmedia":[{"embeddable":true,"href":"https:\/\/mettapapelaria.com.br\/catalogo\/wp-json\/wp\/v2\/media\/7135"}],"wp:attachment":[{"href":"https:\/\/mettapapelaria.com.br\/catalogo\/wp-json\/wp\/v2\/media?parent=7134"}],"wp:term":[{"taxonomy":"brand","embeddable":true,"href":"https:\/\/mettapapelaria.com.br\/catalogo\/wp-json\/wp\/v2\/etheme_brands?post=7134"},{"taxonomy":"product_brand","embeddable":true,"href":"https:\/\/mettapapelaria.com.br\/catalogo\/wp-json\/wp\/v2\/product_brand?post=7134"},{"taxonomy":"product_cat","embeddable":true,"href":"https:\/\/mettapapelaria.com.br\/catalogo\/wp-json\/wp\/v2\/product_cat?post=7134"},{"taxonomy":"product_tag","embeddable":true,"href":"https:\/\/mettapapelaria.com.br\/catalogo\/wp-json\/wp\/v2\/product_tag?post=7134"}],"curies":[{"name":"wp","href":"https:\/\/api.w.org\/{rel}","templated":true}]}}