{"id":7093,"date":"2024-08-22T13:39:27","date_gmt":"2024-08-22T16:39:27","guid":{"rendered":"https:\/\/mettapapelaria.com.br\/catalogo\/?post_type=product&#038;p=7093"},"modified":"2024-08-22T13:39:28","modified_gmt":"2024-08-22T16:39:28","slug":"caderno-com-espiral-mono-jandaia","status":"publish","type":"product","link":"https:\/\/mettapapelaria.com.br\/catalogo\/produto\/caderno-com-espiral-mono-jandaia\/","title":{"rendered":"CADERNO COM ESPIRAL MONO JANDAIA"},"content":{"rendered":"<p>Em um mundo onde a simplicidade e a eleg\u00e2ncia s\u00e3o cada vez mais valorizadas, a linha de cadernos Mono surge como uma celebra\u00e7\u00e3o da versatilidade e do poder do preto e branco. Inspirada pelo minimalismo sofisticado e pela moda atual, essa cole\u00e7\u00e3o \u00e9 um reflexo da beleza que reside na simplicidade. Com designs em preto e branco que ecoam o fashionismo contempor\u00e2neo, os cadernos da linha Mono transcenderam a monotonia das cores para se tornarem \u00edcones de estilo e funcionalidade.<\/p>\n<p>\u2022 Lamina\u00e7\u00e3o Fosca<br \/>\n\u2022 Verniz Reserva<br \/>\n\u2022 Bolso em Papel<br \/>\n\u2022 Cartela De Adesivos<br \/>\n\u2022 Miolo Decorado<\/p>\n","protected":false},"excerpt":{"rendered":"<p>Em um mundo onde a simplicidade e a eleg\u00e2ncia s\u00e3o cada vez mais valorizadas, a linha de cadernos Mono surge como uma celebra\u00e7\u00e3o da versatilidade&#8230;<\/p>\n","protected":false},"featured_media":7095,"comment_status":"open","ping_status":"closed","template":"","meta":[],"etheme_brands":[{"term_id":319,"name":"Jandaia","slug":"jandaia","term_group":0,"term_taxonomy_id":319,"taxonomy":"brand","description":"","parent":0,"count":24,"filter":"raw"}],"product_brand":[],"product_cat":[20,128,16],"product_tag":[270,272,501,271,278,273,316,275,228,225,239,317,274],"class_list":{"0":"post-7093","1":"product","2":"type-product","3":"status-publish","4":"has-post-thumbnail","6":"brand-jandaia","7":"product_cat-cadernos","8":"product_cat-cadernos-de-1-materia","9":"product_cat-material-escolar","10":"product_tag-caderno","11":"product_tag-caderno-1-materia","12":"product_tag-caderno-argolado","13":"product_tag-caderno-com-espiral","14":"product_tag-caderno-grande","15":"product_tag-caderno-universitario","16":"product_tag-estudante","17":"product_tag-faculdade","18":"product_tag-material-de-escritorio","19":"product_tag-metta-papelaria","20":"product_tag-organizacao","21":"product_tag-study","22":"product_tag-universidade","24":"first","25":"instock","26":"sold-individually","27":"shipping-taxable","28":"purchasable","29":"product-type-simple"},"yoast_head":"<!-- This site is optimized with the Yoast SEO plugin v26.9 - https:\/\/yoast.com\/product\/yoast-seo-wordpress\/ -->\n<title>CADERNO COM ESPIRAL MONO JANDAIA - Metta Papelaria<\/title>\n<meta name=\"description\" content=\"Em um mundo onde a simplicidade e a eleg\u00e2ncia s\u00e3o cada vez mais valorizadas, a linha de cadernos Mono surge como uma celebra\u00e7\u00e3o da versatilidade e do poder do preto e branco. Inspirada pelo minimalismo sofisticado e pela moda atual, essa cole\u00e7\u00e3o \u00e9 um reflexo da beleza que reside na simplicidade. Com designs em preto e branco que ecoam o fashionismo contempor\u00e2neo, os cadernos da linha Mono transcenderam a monotonia das cores para se tornarem \u00edcones de estilo e funcionalidade.\" \/>\n<meta name=\"robots\" content=\"index, follow, max-snippet:-1, max-image-preview:large, max-video-preview:-1\" \/>\n<link rel=\"canonical\" href=\"https:\/\/mettapapelaria.com.br\/catalogo\/produto\/caderno-com-espiral-mono-jandaia\/\" \/>\n<meta property=\"og:locale\" content=\"pt_BR\" \/>\n<meta property=\"og:type\" content=\"article\" \/>\n<meta property=\"og:title\" content=\"CADERNO COM ESPIRAL MONO JANDAIA - Metta Papelaria\" \/>\n<meta property=\"og:description\" content=\"Em um mundo onde a simplicidade e a eleg\u00e2ncia s\u00e3o cada vez mais valorizadas, a linha de cadernos Mono surge como uma celebra\u00e7\u00e3o da versatilidade e do poder do preto e branco. Inspirada pelo minimalismo sofisticado e pela moda atual, essa cole\u00e7\u00e3o \u00e9 um reflexo da beleza que reside na simplicidade. Com designs em preto e branco que ecoam o fashionismo contempor\u00e2neo, os cadernos da linha Mono transcenderam a monotonia das cores para se tornarem \u00edcones de estilo e funcionalidade.\" \/>\n<meta property=\"og:url\" content=\"https:\/\/mettapapelaria.com.br\/catalogo\/produto\/caderno-com-espiral-mono-jandaia\/\" \/>\n<meta property=\"og:site_name\" content=\"Metta Papelaria\" \/>\n<meta property=\"article:publisher\" content=\"https:\/\/www.facebook.com\/mettapapelaria\/\" \/>\n<meta property=\"article:modified_time\" content=\"2024-08-22T16:39:28+00:00\" \/>\n<meta property=\"og:image\" content=\"https:\/\/mettapapelaria.com.br\/catalogo\/wp-content\/uploads\/2024\/08\/CADERNO-COM-ESPIRAL-MONO-JANDAIA.jpg\" \/>\n\t<meta property=\"og:image:width\" content=\"500\" \/>\n\t<meta property=\"og:image:height\" content=\"500\" \/>\n\t<meta property=\"og:image:type\" content=\"image\/jpeg\" \/>\n<meta name=\"twitter:card\" content=\"summary_large_image\" \/>\n<meta name=\"twitter:label1\" content=\"Est. tempo de leitura\" \/>\n\t<meta name=\"twitter:data1\" content=\"1 minuto\" \/>\n<script type=\"application\/ld+json\" class=\"yoast-schema-graph\">{\"@context\":\"https:\/\/schema.org\",\"@graph\":[{\"@type\":\"WebPage\",\"@id\":\"https:\/\/mettapapelaria.com.br\/catalogo\/produto\/caderno-com-espiral-mono-jandaia\/\",\"url\":\"https:\/\/mettapapelaria.com.br\/catalogo\/produto\/caderno-com-espiral-mono-jandaia\/\",\"name\":\"CADERNO COM ESPIRAL MONO JANDAIA - Metta Papelaria\",\"isPartOf\":{\"@id\":\"https:\/\/mettapapelaria.com.br\/catalogo\/#website\"},\"primaryImageOfPage\":{\"@id\":\"https:\/\/mettapapelaria.com.br\/catalogo\/produto\/caderno-com-espiral-mono-jandaia\/#primaryimage\"},\"image\":{\"@id\":\"https:\/\/mettapapelaria.com.br\/catalogo\/produto\/caderno-com-espiral-mono-jandaia\/#primaryimage\"},\"thumbnailUrl\":\"https:\/\/mettapapelaria.com.br\/catalogo\/wp-content\/uploads\/2024\/08\/CADERNO-COM-ESPIRAL-MONO-JANDAIA.jpg\",\"datePublished\":\"2024-08-22T16:39:27+00:00\",\"dateModified\":\"2024-08-22T16:39:28+00:00\",\"description\":\"Em um mundo onde a simplicidade e a eleg\u00e2ncia s\u00e3o cada vez mais valorizadas, a linha de cadernos Mono surge como uma celebra\u00e7\u00e3o da versatilidade e do poder do preto e branco. Inspirada pelo minimalismo sofisticado e pela moda atual, essa cole\u00e7\u00e3o \u00e9 um reflexo da beleza que reside na simplicidade. Com designs em preto e branco que ecoam o fashionismo contempor\u00e2neo, os cadernos da linha Mono transcenderam a monotonia das cores para se tornarem \u00edcones de estilo e funcionalidade.\",\"breadcrumb\":{\"@id\":\"https:\/\/mettapapelaria.com.br\/catalogo\/produto\/caderno-com-espiral-mono-jandaia\/#breadcrumb\"},\"inLanguage\":\"pt-BR\",\"potentialAction\":[{\"@type\":\"ReadAction\",\"target\":[\"https:\/\/mettapapelaria.com.br\/catalogo\/produto\/caderno-com-espiral-mono-jandaia\/\"]}]},{\"@type\":\"ImageObject\",\"inLanguage\":\"pt-BR\",\"@id\":\"https:\/\/mettapapelaria.com.br\/catalogo\/produto\/caderno-com-espiral-mono-jandaia\/#primaryimage\",\"url\":\"https:\/\/mettapapelaria.com.br\/catalogo\/wp-content\/uploads\/2024\/08\/CADERNO-COM-ESPIRAL-MONO-JANDAIA.jpg\",\"contentUrl\":\"https:\/\/mettapapelaria.com.br\/catalogo\/wp-content\/uploads\/2024\/08\/CADERNO-COM-ESPIRAL-MONO-JANDAIA.jpg\",\"width\":500,\"height\":500},{\"@type\":\"BreadcrumbList\",\"@id\":\"https:\/\/mettapapelaria.com.br\/catalogo\/produto\/caderno-com-espiral-mono-jandaia\/#breadcrumb\",\"itemListElement\":[{\"@type\":\"ListItem\",\"position\":1,\"name\":\"In\u00edcio\",\"item\":\"https:\/\/mettapapelaria.com.br\/catalogo\/\"},{\"@type\":\"ListItem\",\"position\":2,\"name\":\"Shop\",\"item\":\"https:\/\/mettapapelaria.com.br\/catalogo\/shop\/\"},{\"@type\":\"ListItem\",\"position\":3,\"name\":\"CADERNO COM ESPIRAL MONO JANDAIA\"}]},{\"@type\":\"WebSite\",\"@id\":\"https:\/\/mettapapelaria.com.br\/catalogo\/#website\",\"url\":\"https:\/\/mettapapelaria.com.br\/catalogo\/\",\"name\":\"Metta Papelaria\",\"description\":\"Materiais e equipamentos de escrit\u00f3rio, suprimentos para inform\u00e1tica, e uma diversificada linha de material escolar\",\"publisher\":{\"@id\":\"https:\/\/mettapapelaria.com.br\/catalogo\/#organization\"},\"potentialAction\":[{\"@type\":\"SearchAction\",\"target\":{\"@type\":\"EntryPoint\",\"urlTemplate\":\"https:\/\/mettapapelaria.com.br\/catalogo\/?s={search_term_string}\"},\"query-input\":{\"@type\":\"PropertyValueSpecification\",\"valueRequired\":true,\"valueName\":\"search_term_string\"}}],\"inLanguage\":\"pt-BR\"},{\"@type\":\"Organization\",\"@id\":\"https:\/\/mettapapelaria.com.br\/catalogo\/#organization\",\"name\":\"Metta Papelaria\",\"url\":\"https:\/\/mettapapelaria.com.br\/catalogo\/\",\"logo\":{\"@type\":\"ImageObject\",\"inLanguage\":\"pt-BR\",\"@id\":\"https:\/\/mettapapelaria.com.br\/catalogo\/#\/schema\/logo\/image\/\",\"url\":\"https:\/\/mettapapelaria.com.br\/catalogo\/wp-content\/uploads\/2023\/12\/cropped-favicon-Metta_512-1.png\",\"contentUrl\":\"https:\/\/mettapapelaria.com.br\/catalogo\/wp-content\/uploads\/2023\/12\/cropped-favicon-Metta_512-1.png\",\"width\":512,\"height\":512,\"caption\":\"Metta Papelaria\"},\"image\":{\"@id\":\"https:\/\/mettapapelaria.com.br\/catalogo\/#\/schema\/logo\/image\/\"},\"sameAs\":[\"https:\/\/www.facebook.com\/mettapapelaria\/\",\"https:\/\/www.instagram.com\/papelariametta\/\"]}]}<\/script>\n<!-- \/ Yoast SEO plugin. -->","yoast_head_json":{"title":"CADERNO COM ESPIRAL MONO JANDAIA - Metta Papelaria","description":"Em um mundo onde a simplicidade e a eleg\u00e2ncia s\u00e3o cada vez mais valorizadas, a linha de cadernos Mono surge como uma celebra\u00e7\u00e3o da versatilidade e do poder do preto e branco. Inspirada pelo minimalismo sofisticado e pela moda atual, essa cole\u00e7\u00e3o \u00e9 um reflexo da beleza que reside na simplicidade. Com designs em preto e branco que ecoam o fashionismo contempor\u00e2neo, os cadernos da linha Mono transcenderam a monotonia das cores para se tornarem \u00edcones de estilo e funcionalidade.","robots":{"index":"index","follow":"follow","max-snippet":"max-snippet:-1","max-image-preview":"max-image-preview:large","max-video-preview":"max-video-preview:-1"},"canonical":"https:\/\/mettapapelaria.com.br\/catalogo\/produto\/caderno-com-espiral-mono-jandaia\/","og_locale":"pt_BR","og_type":"article","og_title":"CADERNO COM ESPIRAL MONO JANDAIA - Metta Papelaria","og_description":"Em um mundo onde a simplicidade e a eleg\u00e2ncia s\u00e3o cada vez mais valorizadas, a linha de cadernos Mono surge como uma celebra\u00e7\u00e3o da versatilidade e do poder do preto e branco. Inspirada pelo minimalismo sofisticado e pela moda atual, essa cole\u00e7\u00e3o \u00e9 um reflexo da beleza que reside na simplicidade. Com designs em preto e branco que ecoam o fashionismo contempor\u00e2neo, os cadernos da linha Mono transcenderam a monotonia das cores para se tornarem \u00edcones de estilo e funcionalidade.","og_url":"https:\/\/mettapapelaria.com.br\/catalogo\/produto\/caderno-com-espiral-mono-jandaia\/","og_site_name":"Metta Papelaria","article_publisher":"https:\/\/www.facebook.com\/mettapapelaria\/","article_modified_time":"2024-08-22T16:39:28+00:00","og_image":[{"width":500,"height":500,"url":"https:\/\/mettapapelaria.com.br\/catalogo\/wp-content\/uploads\/2024\/08\/CADERNO-COM-ESPIRAL-MONO-JANDAIA.jpg","type":"image\/jpeg"}],"twitter_card":"summary_large_image","twitter_misc":{"Est. tempo de leitura":"1 minuto"},"schema":{"@context":"https:\/\/schema.org","@graph":[{"@type":"WebPage","@id":"https:\/\/mettapapelaria.com.br\/catalogo\/produto\/caderno-com-espiral-mono-jandaia\/","url":"https:\/\/mettapapelaria.com.br\/catalogo\/produto\/caderno-com-espiral-mono-jandaia\/","name":"CADERNO COM ESPIRAL MONO JANDAIA - Metta Papelaria","isPartOf":{"@id":"https:\/\/mettapapelaria.com.br\/catalogo\/#website"},"primaryImageOfPage":{"@id":"https:\/\/mettapapelaria.com.br\/catalogo\/produto\/caderno-com-espiral-mono-jandaia\/#primaryimage"},"image":{"@id":"https:\/\/mettapapelaria.com.br\/catalogo\/produto\/caderno-com-espiral-mono-jandaia\/#primaryimage"},"thumbnailUrl":"https:\/\/mettapapelaria.com.br\/catalogo\/wp-content\/uploads\/2024\/08\/CADERNO-COM-ESPIRAL-MONO-JANDAIA.jpg","datePublished":"2024-08-22T16:39:27+00:00","dateModified":"2024-08-22T16:39:28+00:00","description":"Em um mundo onde a simplicidade e a eleg\u00e2ncia s\u00e3o cada vez mais valorizadas, a linha de cadernos Mono surge como uma celebra\u00e7\u00e3o da versatilidade e do poder do preto e branco. Inspirada pelo minimalismo sofisticado e pela moda atual, essa cole\u00e7\u00e3o \u00e9 um reflexo da beleza que reside na simplicidade. Com designs em preto e branco que ecoam o fashionismo contempor\u00e2neo, os cadernos da linha Mono transcenderam a monotonia das cores para se tornarem \u00edcones de estilo e funcionalidade.","breadcrumb":{"@id":"https:\/\/mettapapelaria.com.br\/catalogo\/produto\/caderno-com-espiral-mono-jandaia\/#breadcrumb"},"inLanguage":"pt-BR","potentialAction":[{"@type":"ReadAction","target":["https:\/\/mettapapelaria.com.br\/catalogo\/produto\/caderno-com-espiral-mono-jandaia\/"]}]},{"@type":"ImageObject","inLanguage":"pt-BR","@id":"https:\/\/mettapapelaria.com.br\/catalogo\/produto\/caderno-com-espiral-mono-jandaia\/#primaryimage","url":"https:\/\/mettapapelaria.com.br\/catalogo\/wp-content\/uploads\/2024\/08\/CADERNO-COM-ESPIRAL-MONO-JANDAIA.jpg","contentUrl":"https:\/\/mettapapelaria.com.br\/catalogo\/wp-content\/uploads\/2024\/08\/CADERNO-COM-ESPIRAL-MONO-JANDAIA.jpg","width":500,"height":500},{"@type":"BreadcrumbList","@id":"https:\/\/mettapapelaria.com.br\/catalogo\/produto\/caderno-com-espiral-mono-jandaia\/#breadcrumb","itemListElement":[{"@type":"ListItem","position":1,"name":"In\u00edcio","item":"https:\/\/mettapapelaria.com.br\/catalogo\/"},{"@type":"ListItem","position":2,"name":"Shop","item":"https:\/\/mettapapelaria.com.br\/catalogo\/shop\/"},{"@type":"ListItem","position":3,"name":"CADERNO COM ESPIRAL MONO JANDAIA"}]},{"@type":"WebSite","@id":"https:\/\/mettapapelaria.com.br\/catalogo\/#website","url":"https:\/\/mettapapelaria.com.br\/catalogo\/","name":"Metta Papelaria","description":"Materiais e equipamentos de escrit\u00f3rio, suprimentos para inform\u00e1tica, e uma diversificada linha de material escolar","publisher":{"@id":"https:\/\/mettapapelaria.com.br\/catalogo\/#organization"},"potentialAction":[{"@type":"SearchAction","target":{"@type":"EntryPoint","urlTemplate":"https:\/\/mettapapelaria.com.br\/catalogo\/?s={search_term_string}"},"query-input":{"@type":"PropertyValueSpecification","valueRequired":true,"valueName":"search_term_string"}}],"inLanguage":"pt-BR"},{"@type":"Organization","@id":"https:\/\/mettapapelaria.com.br\/catalogo\/#organization","name":"Metta Papelaria","url":"https:\/\/mettapapelaria.com.br\/catalogo\/","logo":{"@type":"ImageObject","inLanguage":"pt-BR","@id":"https:\/\/mettapapelaria.com.br\/catalogo\/#\/schema\/logo\/image\/","url":"https:\/\/mettapapelaria.com.br\/catalogo\/wp-content\/uploads\/2023\/12\/cropped-favicon-Metta_512-1.png","contentUrl":"https:\/\/mettapapelaria.com.br\/catalogo\/wp-content\/uploads\/2023\/12\/cropped-favicon-Metta_512-1.png","width":512,"height":512,"caption":"Metta Papelaria"},"image":{"@id":"https:\/\/mettapapelaria.com.br\/catalogo\/#\/schema\/logo\/image\/"},"sameAs":["https:\/\/www.facebook.com\/mettapapelaria\/","https:\/\/www.instagram.com\/papelariametta\/"]}]}},"_links":{"self":[{"href":"https:\/\/mettapapelaria.com.br\/catalogo\/wp-json\/wp\/v2\/product\/7093","targetHints":{"allow":["GET"]}}],"collection":[{"href":"https:\/\/mettapapelaria.com.br\/catalogo\/wp-json\/wp\/v2\/product"}],"about":[{"href":"https:\/\/mettapapelaria.com.br\/catalogo\/wp-json\/wp\/v2\/types\/product"}],"replies":[{"embeddable":true,"href":"https:\/\/mettapapelaria.com.br\/catalogo\/wp-json\/wp\/v2\/comments?post=7093"}],"version-history":[{"count":1,"href":"https:\/\/mettapapelaria.com.br\/catalogo\/wp-json\/wp\/v2\/product\/7093\/revisions"}],"predecessor-version":[{"id":7094,"href":"https:\/\/mettapapelaria.com.br\/catalogo\/wp-json\/wp\/v2\/product\/7093\/revisions\/7094"}],"wp:featuredmedia":[{"embeddable":true,"href":"https:\/\/mettapapelaria.com.br\/catalogo\/wp-json\/wp\/v2\/media\/7095"}],"wp:attachment":[{"href":"https:\/\/mettapapelaria.com.br\/catalogo\/wp-json\/wp\/v2\/media?parent=7093"}],"wp:term":[{"taxonomy":"brand","embeddable":true,"href":"https:\/\/mettapapelaria.com.br\/catalogo\/wp-json\/wp\/v2\/etheme_brands?post=7093"},{"taxonomy":"product_brand","embeddable":true,"href":"https:\/\/mettapapelaria.com.br\/catalogo\/wp-json\/wp\/v2\/product_brand?post=7093"},{"taxonomy":"product_cat","embeddable":true,"href":"https:\/\/mettapapelaria.com.br\/catalogo\/wp-json\/wp\/v2\/product_cat?post=7093"},{"taxonomy":"product_tag","embeddable":true,"href":"https:\/\/mettapapelaria.com.br\/catalogo\/wp-json\/wp\/v2\/product_tag?post=7093"}],"curies":[{"name":"wp","href":"https:\/\/api.w.org\/{rel}","templated":true}]}}