{"id":7061,"date":"2024-08-21T15:41:41","date_gmt":"2024-08-21T18:41:41","guid":{"rendered":"https:\/\/mettapapelaria.com.br\/catalogo\/?post_type=product&#038;p=7061"},"modified":"2024-08-21T15:41:42","modified_gmt":"2024-08-21T18:41:42","slug":"agenda-espiral-la-creme-jandaia","status":"publish","type":"product","link":"https:\/\/mettapapelaria.com.br\/catalogo\/produto\/agenda-espiral-la-creme-jandaia\/","title":{"rendered":"AGENDA ESPIRAL LA CREME JANDAIA"},"content":{"rendered":"<p>A Linha La Creme \u00e9 mais do que uma simples cole\u00e7\u00e3o. Ela \u00e9 uma declara\u00e7\u00e3o de beleza atemporal, uma celebra\u00e7\u00e3o das cores past\u00e9is e do romantismo que se fundem para criar um estilo que transcende gera\u00e7\u00f5es e gostos pessoais. Atrav\u00e9s das personas, podemos ver como essa linha \u00fanica tem o poder de tocar diferentes cora\u00e7\u00f5es, cumprindo seu prop\u00f3sito de adicionar delicadeza e sofistica\u00e7\u00e3o ao se organizar e nas vidas de pessoas que apreciam a verdadeira ess\u00eancia da moda.<\/p>\n<p>\u2022 Lamina\u00e7\u00e3o Fosca<br \/>\n\u2022 HotStamping<br \/>\n\u2022 Bolso em Papel<br \/>\n\u2022 Cartela de Adesivos<br \/>\n\u2022 Miolo Decorado<br \/>\n\u2022 Miolo Datado<br \/>\n\u2022 Vis\u00e3o Anual<br \/>\n\u2022 Vis\u00e3o Di\u00e1ria<\/p>\n","protected":false},"excerpt":{"rendered":"<p>A Linha La Creme \u00e9 mais do que uma simples cole\u00e7\u00e3o. Ela \u00e9 uma declara\u00e7\u00e3o de beleza atemporal, uma celebra\u00e7\u00e3o das cores past\u00e9is e do&#8230;<\/p>\n","protected":false},"featured_media":7062,"comment_status":"open","ping_status":"closed","template":"","meta":[],"etheme_brands":[{"term_id":319,"name":"Jandaia","slug":"jandaia","term_group":0,"term_taxonomy_id":319,"taxonomy":"brand","description":"","parent":0,"count":24,"filter":"raw"}],"product_brand":[],"product_cat":[114,26,15],"product_tag":[262,589,316,275,228,225,239,266,317,274],"class_list":{"0":"post-7061","1":"product","2":"type-product","3":"status-publish","4":"has-post-thumbnail","6":"brand-jandaia","7":"product_cat-agendas","8":"product_cat-agendas-planners-outros","9":"product_cat-material-escritorio","10":"product_tag-agenda","11":"product_tag-agenda-2025","12":"product_tag-estudante","13":"product_tag-faculdade","14":"product_tag-material-de-escritorio","15":"product_tag-metta-papelaria","16":"product_tag-organizacao","17":"product_tag-planner","18":"product_tag-study","19":"product_tag-universidade","21":"first","22":"instock","23":"sold-individually","24":"shipping-taxable","25":"purchasable","26":"product-type-simple"},"yoast_head":"<!-- This site is optimized with the Yoast SEO plugin v26.9 - https:\/\/yoast.com\/product\/yoast-seo-wordpress\/ -->\n<title>AGENDA ESPIRAL LA CREME JANDAIA - Metta Papelaria<\/title>\n<meta name=\"description\" content=\"A Linha La Creme \u00e9 mais do que uma simples cole\u00e7\u00e3o. Ela \u00e9 uma declara\u00e7\u00e3o de beleza atemporal, uma celebra\u00e7\u00e3o das cores past\u00e9is e do romantismo que se fundem para criar um estilo que transcende gera\u00e7\u00f5es e gostos pessoais. Atrav\u00e9s das personas, podemos ver como essa linha \u00fanica tem o poder de tocar diferentes cora\u00e7\u00f5es, cumprindo seu prop\u00f3sito de adicionar delicadeza e sofistica\u00e7\u00e3o ao se organizar e nas vidas de pessoas que apreciam a verdadeira ess\u00eancia da moda.\" \/>\n<meta name=\"robots\" content=\"index, follow, max-snippet:-1, max-image-preview:large, max-video-preview:-1\" \/>\n<link rel=\"canonical\" href=\"https:\/\/mettapapelaria.com.br\/catalogo\/produto\/agenda-espiral-la-creme-jandaia\/\" \/>\n<meta property=\"og:locale\" content=\"pt_BR\" \/>\n<meta property=\"og:type\" content=\"article\" \/>\n<meta property=\"og:title\" content=\"AGENDA ESPIRAL LA CREME JANDAIA - Metta Papelaria\" \/>\n<meta property=\"og:description\" content=\"A Linha La Creme \u00e9 mais do que uma simples cole\u00e7\u00e3o. Ela \u00e9 uma declara\u00e7\u00e3o de beleza atemporal, uma celebra\u00e7\u00e3o das cores past\u00e9is e do romantismo que se fundem para criar um estilo que transcende gera\u00e7\u00f5es e gostos pessoais. Atrav\u00e9s das personas, podemos ver como essa linha \u00fanica tem o poder de tocar diferentes cora\u00e7\u00f5es, cumprindo seu prop\u00f3sito de adicionar delicadeza e sofistica\u00e7\u00e3o ao se organizar e nas vidas de pessoas que apreciam a verdadeira ess\u00eancia da moda.\" \/>\n<meta property=\"og:url\" content=\"https:\/\/mettapapelaria.com.br\/catalogo\/produto\/agenda-espiral-la-creme-jandaia\/\" \/>\n<meta property=\"og:site_name\" content=\"Metta Papelaria\" \/>\n<meta property=\"article:publisher\" content=\"https:\/\/www.facebook.com\/mettapapelaria\/\" \/>\n<meta property=\"article:modified_time\" content=\"2024-08-21T18:41:42+00:00\" \/>\n<meta property=\"og:image\" content=\"https:\/\/mettapapelaria.com.br\/catalogo\/wp-content\/uploads\/2024\/08\/AGENDA-ESPIRAL-LA-CREME-JANDAIA.jpg\" \/>\n\t<meta property=\"og:image:width\" content=\"500\" \/>\n\t<meta property=\"og:image:height\" content=\"500\" \/>\n\t<meta property=\"og:image:type\" content=\"image\/jpeg\" \/>\n<meta name=\"twitter:card\" content=\"summary_large_image\" \/>\n<meta name=\"twitter:label1\" content=\"Est. tempo de leitura\" \/>\n\t<meta name=\"twitter:data1\" content=\"1 minuto\" \/>\n<script type=\"application\/ld+json\" class=\"yoast-schema-graph\">{\"@context\":\"https:\/\/schema.org\",\"@graph\":[{\"@type\":\"WebPage\",\"@id\":\"https:\/\/mettapapelaria.com.br\/catalogo\/produto\/agenda-espiral-la-creme-jandaia\/\",\"url\":\"https:\/\/mettapapelaria.com.br\/catalogo\/produto\/agenda-espiral-la-creme-jandaia\/\",\"name\":\"AGENDA ESPIRAL LA CREME JANDAIA - Metta Papelaria\",\"isPartOf\":{\"@id\":\"https:\/\/mettapapelaria.com.br\/catalogo\/#website\"},\"primaryImageOfPage\":{\"@id\":\"https:\/\/mettapapelaria.com.br\/catalogo\/produto\/agenda-espiral-la-creme-jandaia\/#primaryimage\"},\"image\":{\"@id\":\"https:\/\/mettapapelaria.com.br\/catalogo\/produto\/agenda-espiral-la-creme-jandaia\/#primaryimage\"},\"thumbnailUrl\":\"https:\/\/mettapapelaria.com.br\/catalogo\/wp-content\/uploads\/2024\/08\/AGENDA-ESPIRAL-LA-CREME-JANDAIA.jpg\",\"datePublished\":\"2024-08-21T18:41:41+00:00\",\"dateModified\":\"2024-08-21T18:41:42+00:00\",\"description\":\"A Linha La Creme \u00e9 mais do que uma simples cole\u00e7\u00e3o. Ela \u00e9 uma declara\u00e7\u00e3o de beleza atemporal, uma celebra\u00e7\u00e3o das cores past\u00e9is e do romantismo que se fundem para criar um estilo que transcende gera\u00e7\u00f5es e gostos pessoais. Atrav\u00e9s das personas, podemos ver como essa linha \u00fanica tem o poder de tocar diferentes cora\u00e7\u00f5es, cumprindo seu prop\u00f3sito de adicionar delicadeza e sofistica\u00e7\u00e3o ao se organizar e nas vidas de pessoas que apreciam a verdadeira ess\u00eancia da moda.\",\"breadcrumb\":{\"@id\":\"https:\/\/mettapapelaria.com.br\/catalogo\/produto\/agenda-espiral-la-creme-jandaia\/#breadcrumb\"},\"inLanguage\":\"pt-BR\",\"potentialAction\":[{\"@type\":\"ReadAction\",\"target\":[\"https:\/\/mettapapelaria.com.br\/catalogo\/produto\/agenda-espiral-la-creme-jandaia\/\"]}]},{\"@type\":\"ImageObject\",\"inLanguage\":\"pt-BR\",\"@id\":\"https:\/\/mettapapelaria.com.br\/catalogo\/produto\/agenda-espiral-la-creme-jandaia\/#primaryimage\",\"url\":\"https:\/\/mettapapelaria.com.br\/catalogo\/wp-content\/uploads\/2024\/08\/AGENDA-ESPIRAL-LA-CREME-JANDAIA.jpg\",\"contentUrl\":\"https:\/\/mettapapelaria.com.br\/catalogo\/wp-content\/uploads\/2024\/08\/AGENDA-ESPIRAL-LA-CREME-JANDAIA.jpg\",\"width\":500,\"height\":500},{\"@type\":\"BreadcrumbList\",\"@id\":\"https:\/\/mettapapelaria.com.br\/catalogo\/produto\/agenda-espiral-la-creme-jandaia\/#breadcrumb\",\"itemListElement\":[{\"@type\":\"ListItem\",\"position\":1,\"name\":\"In\u00edcio\",\"item\":\"https:\/\/mettapapelaria.com.br\/catalogo\/\"},{\"@type\":\"ListItem\",\"position\":2,\"name\":\"Shop\",\"item\":\"https:\/\/mettapapelaria.com.br\/catalogo\/shop\/\"},{\"@type\":\"ListItem\",\"position\":3,\"name\":\"AGENDA ESPIRAL LA CREME JANDAIA\"}]},{\"@type\":\"WebSite\",\"@id\":\"https:\/\/mettapapelaria.com.br\/catalogo\/#website\",\"url\":\"https:\/\/mettapapelaria.com.br\/catalogo\/\",\"name\":\"Metta Papelaria\",\"description\":\"Materiais e equipamentos de escrit\u00f3rio, suprimentos para inform\u00e1tica, e uma diversificada linha de material escolar\",\"publisher\":{\"@id\":\"https:\/\/mettapapelaria.com.br\/catalogo\/#organization\"},\"potentialAction\":[{\"@type\":\"SearchAction\",\"target\":{\"@type\":\"EntryPoint\",\"urlTemplate\":\"https:\/\/mettapapelaria.com.br\/catalogo\/?s={search_term_string}\"},\"query-input\":{\"@type\":\"PropertyValueSpecification\",\"valueRequired\":true,\"valueName\":\"search_term_string\"}}],\"inLanguage\":\"pt-BR\"},{\"@type\":\"Organization\",\"@id\":\"https:\/\/mettapapelaria.com.br\/catalogo\/#organization\",\"name\":\"Metta Papelaria\",\"url\":\"https:\/\/mettapapelaria.com.br\/catalogo\/\",\"logo\":{\"@type\":\"ImageObject\",\"inLanguage\":\"pt-BR\",\"@id\":\"https:\/\/mettapapelaria.com.br\/catalogo\/#\/schema\/logo\/image\/\",\"url\":\"https:\/\/mettapapelaria.com.br\/catalogo\/wp-content\/uploads\/2023\/12\/cropped-favicon-Metta_512-1.png\",\"contentUrl\":\"https:\/\/mettapapelaria.com.br\/catalogo\/wp-content\/uploads\/2023\/12\/cropped-favicon-Metta_512-1.png\",\"width\":512,\"height\":512,\"caption\":\"Metta Papelaria\"},\"image\":{\"@id\":\"https:\/\/mettapapelaria.com.br\/catalogo\/#\/schema\/logo\/image\/\"},\"sameAs\":[\"https:\/\/www.facebook.com\/mettapapelaria\/\",\"https:\/\/www.instagram.com\/papelariametta\/\"]}]}<\/script>\n<!-- \/ Yoast SEO plugin. -->","yoast_head_json":{"title":"AGENDA ESPIRAL LA CREME JANDAIA - Metta Papelaria","description":"A Linha La Creme \u00e9 mais do que uma simples cole\u00e7\u00e3o. Ela \u00e9 uma declara\u00e7\u00e3o de beleza atemporal, uma celebra\u00e7\u00e3o das cores past\u00e9is e do romantismo que se fundem para criar um estilo que transcende gera\u00e7\u00f5es e gostos pessoais. Atrav\u00e9s das personas, podemos ver como essa linha \u00fanica tem o poder de tocar diferentes cora\u00e7\u00f5es, cumprindo seu prop\u00f3sito de adicionar delicadeza e sofistica\u00e7\u00e3o ao se organizar e nas vidas de pessoas que apreciam a verdadeira ess\u00eancia da moda.","robots":{"index":"index","follow":"follow","max-snippet":"max-snippet:-1","max-image-preview":"max-image-preview:large","max-video-preview":"max-video-preview:-1"},"canonical":"https:\/\/mettapapelaria.com.br\/catalogo\/produto\/agenda-espiral-la-creme-jandaia\/","og_locale":"pt_BR","og_type":"article","og_title":"AGENDA ESPIRAL LA CREME JANDAIA - Metta Papelaria","og_description":"A Linha La Creme \u00e9 mais do que uma simples cole\u00e7\u00e3o. Ela \u00e9 uma declara\u00e7\u00e3o de beleza atemporal, uma celebra\u00e7\u00e3o das cores past\u00e9is e do romantismo que se fundem para criar um estilo que transcende gera\u00e7\u00f5es e gostos pessoais. Atrav\u00e9s das personas, podemos ver como essa linha \u00fanica tem o poder de tocar diferentes cora\u00e7\u00f5es, cumprindo seu prop\u00f3sito de adicionar delicadeza e sofistica\u00e7\u00e3o ao se organizar e nas vidas de pessoas que apreciam a verdadeira ess\u00eancia da moda.","og_url":"https:\/\/mettapapelaria.com.br\/catalogo\/produto\/agenda-espiral-la-creme-jandaia\/","og_site_name":"Metta Papelaria","article_publisher":"https:\/\/www.facebook.com\/mettapapelaria\/","article_modified_time":"2024-08-21T18:41:42+00:00","og_image":[{"width":500,"height":500,"url":"https:\/\/mettapapelaria.com.br\/catalogo\/wp-content\/uploads\/2024\/08\/AGENDA-ESPIRAL-LA-CREME-JANDAIA.jpg","type":"image\/jpeg"}],"twitter_card":"summary_large_image","twitter_misc":{"Est. tempo de leitura":"1 minuto"},"schema":{"@context":"https:\/\/schema.org","@graph":[{"@type":"WebPage","@id":"https:\/\/mettapapelaria.com.br\/catalogo\/produto\/agenda-espiral-la-creme-jandaia\/","url":"https:\/\/mettapapelaria.com.br\/catalogo\/produto\/agenda-espiral-la-creme-jandaia\/","name":"AGENDA ESPIRAL LA CREME JANDAIA - Metta Papelaria","isPartOf":{"@id":"https:\/\/mettapapelaria.com.br\/catalogo\/#website"},"primaryImageOfPage":{"@id":"https:\/\/mettapapelaria.com.br\/catalogo\/produto\/agenda-espiral-la-creme-jandaia\/#primaryimage"},"image":{"@id":"https:\/\/mettapapelaria.com.br\/catalogo\/produto\/agenda-espiral-la-creme-jandaia\/#primaryimage"},"thumbnailUrl":"https:\/\/mettapapelaria.com.br\/catalogo\/wp-content\/uploads\/2024\/08\/AGENDA-ESPIRAL-LA-CREME-JANDAIA.jpg","datePublished":"2024-08-21T18:41:41+00:00","dateModified":"2024-08-21T18:41:42+00:00","description":"A Linha La Creme \u00e9 mais do que uma simples cole\u00e7\u00e3o. Ela \u00e9 uma declara\u00e7\u00e3o de beleza atemporal, uma celebra\u00e7\u00e3o das cores past\u00e9is e do romantismo que se fundem para criar um estilo que transcende gera\u00e7\u00f5es e gostos pessoais. Atrav\u00e9s das personas, podemos ver como essa linha \u00fanica tem o poder de tocar diferentes cora\u00e7\u00f5es, cumprindo seu prop\u00f3sito de adicionar delicadeza e sofistica\u00e7\u00e3o ao se organizar e nas vidas de pessoas que apreciam a verdadeira ess\u00eancia da moda.","breadcrumb":{"@id":"https:\/\/mettapapelaria.com.br\/catalogo\/produto\/agenda-espiral-la-creme-jandaia\/#breadcrumb"},"inLanguage":"pt-BR","potentialAction":[{"@type":"ReadAction","target":["https:\/\/mettapapelaria.com.br\/catalogo\/produto\/agenda-espiral-la-creme-jandaia\/"]}]},{"@type":"ImageObject","inLanguage":"pt-BR","@id":"https:\/\/mettapapelaria.com.br\/catalogo\/produto\/agenda-espiral-la-creme-jandaia\/#primaryimage","url":"https:\/\/mettapapelaria.com.br\/catalogo\/wp-content\/uploads\/2024\/08\/AGENDA-ESPIRAL-LA-CREME-JANDAIA.jpg","contentUrl":"https:\/\/mettapapelaria.com.br\/catalogo\/wp-content\/uploads\/2024\/08\/AGENDA-ESPIRAL-LA-CREME-JANDAIA.jpg","width":500,"height":500},{"@type":"BreadcrumbList","@id":"https:\/\/mettapapelaria.com.br\/catalogo\/produto\/agenda-espiral-la-creme-jandaia\/#breadcrumb","itemListElement":[{"@type":"ListItem","position":1,"name":"In\u00edcio","item":"https:\/\/mettapapelaria.com.br\/catalogo\/"},{"@type":"ListItem","position":2,"name":"Shop","item":"https:\/\/mettapapelaria.com.br\/catalogo\/shop\/"},{"@type":"ListItem","position":3,"name":"AGENDA ESPIRAL LA CREME JANDAIA"}]},{"@type":"WebSite","@id":"https:\/\/mettapapelaria.com.br\/catalogo\/#website","url":"https:\/\/mettapapelaria.com.br\/catalogo\/","name":"Metta Papelaria","description":"Materiais e equipamentos de escrit\u00f3rio, suprimentos para inform\u00e1tica, e uma diversificada linha de material escolar","publisher":{"@id":"https:\/\/mettapapelaria.com.br\/catalogo\/#organization"},"potentialAction":[{"@type":"SearchAction","target":{"@type":"EntryPoint","urlTemplate":"https:\/\/mettapapelaria.com.br\/catalogo\/?s={search_term_string}"},"query-input":{"@type":"PropertyValueSpecification","valueRequired":true,"valueName":"search_term_string"}}],"inLanguage":"pt-BR"},{"@type":"Organization","@id":"https:\/\/mettapapelaria.com.br\/catalogo\/#organization","name":"Metta Papelaria","url":"https:\/\/mettapapelaria.com.br\/catalogo\/","logo":{"@type":"ImageObject","inLanguage":"pt-BR","@id":"https:\/\/mettapapelaria.com.br\/catalogo\/#\/schema\/logo\/image\/","url":"https:\/\/mettapapelaria.com.br\/catalogo\/wp-content\/uploads\/2023\/12\/cropped-favicon-Metta_512-1.png","contentUrl":"https:\/\/mettapapelaria.com.br\/catalogo\/wp-content\/uploads\/2023\/12\/cropped-favicon-Metta_512-1.png","width":512,"height":512,"caption":"Metta Papelaria"},"image":{"@id":"https:\/\/mettapapelaria.com.br\/catalogo\/#\/schema\/logo\/image\/"},"sameAs":["https:\/\/www.facebook.com\/mettapapelaria\/","https:\/\/www.instagram.com\/papelariametta\/"]}]}},"_links":{"self":[{"href":"https:\/\/mettapapelaria.com.br\/catalogo\/wp-json\/wp\/v2\/product\/7061","targetHints":{"allow":["GET"]}}],"collection":[{"href":"https:\/\/mettapapelaria.com.br\/catalogo\/wp-json\/wp\/v2\/product"}],"about":[{"href":"https:\/\/mettapapelaria.com.br\/catalogo\/wp-json\/wp\/v2\/types\/product"}],"replies":[{"embeddable":true,"href":"https:\/\/mettapapelaria.com.br\/catalogo\/wp-json\/wp\/v2\/comments?post=7061"}],"version-history":[{"count":1,"href":"https:\/\/mettapapelaria.com.br\/catalogo\/wp-json\/wp\/v2\/product\/7061\/revisions"}],"predecessor-version":[{"id":7066,"href":"https:\/\/mettapapelaria.com.br\/catalogo\/wp-json\/wp\/v2\/product\/7061\/revisions\/7066"}],"wp:featuredmedia":[{"embeddable":true,"href":"https:\/\/mettapapelaria.com.br\/catalogo\/wp-json\/wp\/v2\/media\/7062"}],"wp:attachment":[{"href":"https:\/\/mettapapelaria.com.br\/catalogo\/wp-json\/wp\/v2\/media?parent=7061"}],"wp:term":[{"taxonomy":"brand","embeddable":true,"href":"https:\/\/mettapapelaria.com.br\/catalogo\/wp-json\/wp\/v2\/etheme_brands?post=7061"},{"taxonomy":"product_brand","embeddable":true,"href":"https:\/\/mettapapelaria.com.br\/catalogo\/wp-json\/wp\/v2\/product_brand?post=7061"},{"taxonomy":"product_cat","embeddable":true,"href":"https:\/\/mettapapelaria.com.br\/catalogo\/wp-json\/wp\/v2\/product_cat?post=7061"},{"taxonomy":"product_tag","embeddable":true,"href":"https:\/\/mettapapelaria.com.br\/catalogo\/wp-json\/wp\/v2\/product_tag?post=7061"}],"curies":[{"name":"wp","href":"https:\/\/api.w.org\/{rel}","templated":true}]}}