{"id":6859,"date":"2024-07-24T14:09:20","date_gmt":"2024-07-24T17:09:20","guid":{"rendered":"https:\/\/mettapapelaria.com.br\/catalogo\/?post_type=product&#038;p=6859"},"modified":"2024-07-24T14:18:15","modified_gmt":"2024-07-24T17:18:15","slug":"corretivo-liquido-branco-18ml-mercur","status":"publish","type":"product","link":"https:\/\/mettapapelaria.com.br\/catalogo\/produto\/corretivo-liquido-branco-18ml-mercur\/","title":{"rendered":"CORRETIVO L\u00cdQUIDO BRANCO 18ML MERCUR"},"content":{"rendered":"<p>O Corretivo L\u00edquido Mercur tem \u00f3tima cobertura, e se espalha bem na superf\u00edcie onde \u00e9 aplicado. \u00c9 preciso usar menos corretivo para cobrir uma parte maior da escrita no papel. Se fosse como uma pintura, seria necess\u00e1ria apenas uma dem\u00e3o.<\/p>\n<ul>\n<li>Composi\u00e7\u00e3o: Resina, \u00e1gua, aditivos, pigmento, carga e conservante.<\/li>\n<li>Conte\u00fado: 18ml.<\/li>\n<\/ul>\n","protected":false},"excerpt":{"rendered":"<p>O Corretivo L\u00edquido Mercur tem \u00f3tima cobertura, e se espalha bem na superf\u00edcie onde \u00e9 aplicado. \u00c9 preciso usar menos corretivo para cobrir uma parte&#8230;<\/p>\n","protected":false},"featured_media":6860,"comment_status":"open","ping_status":"closed","template":"","meta":[],"etheme_brands":[{"term_id":585,"name":"Mercur","slug":"mercur","term_group":0,"term_taxonomy_id":585,"taxonomy":"brand","description":"","parent":0,"count":23,"filter":"raw"}],"product_brand":[],"product_cat":[72,102,16],"product_tag":[582,579,580,293,396,581,276,316,275,395,294,292,228,227,225,317,274],"class_list":{"0":"post-6859","1":"product","2":"type-product","3":"status-publish","4":"has-post-thumbnail","6":"brand-mercur","7":"product_cat-corretivos","8":"product_cat-corretivos-liquidos","9":"product_cat-material-escolar","10":"product_tag-branquinho","11":"product_tag-corretivo","12":"product_tag-corretivo-liquido","13":"product_tag-crianca","14":"product_tag-cute","15":"product_tag-errorex","16":"product_tag-escola","17":"product_tag-estudante","18":"product_tag-faculdade","19":"product_tag-fofo","20":"product_tag-infantil","21":"product_tag-kids","22":"product_tag-material-de-escritorio","23":"product_tag-material-escolar","24":"product_tag-metta-papelaria","25":"product_tag-study","26":"product_tag-universidade","28":"first","29":"instock","30":"sold-individually","31":"shipping-taxable","32":"purchasable","33":"product-type-simple"},"yoast_head":"<!-- This site is optimized with the Yoast SEO plugin v26.9 - https:\/\/yoast.com\/product\/yoast-seo-wordpress\/ -->\n<title>CORRETIVO L\u00cdQUIDO BRANCO 18ML MERCUR - Metta Papelaria<\/title>\n<meta name=\"robots\" content=\"index, follow, max-snippet:-1, max-image-preview:large, max-video-preview:-1\" \/>\n<link rel=\"canonical\" href=\"https:\/\/mettapapelaria.com.br\/catalogo\/produto\/corretivo-liquido-branco-18ml-mercur\/\" \/>\n<meta property=\"og:locale\" content=\"pt_BR\" \/>\n<meta property=\"og:type\" content=\"article\" \/>\n<meta property=\"og:title\" content=\"CORRETIVO L\u00cdQUIDO BRANCO 18ML MERCUR - Metta Papelaria\" \/>\n<meta property=\"og:description\" content=\"O Corretivo L\u00edquido Mercur tem \u00f3tima cobertura, e se espalha bem na superf\u00edcie onde \u00e9 aplicado. \u00c9 preciso usar menos corretivo para cobrir uma parte...\" \/>\n<meta property=\"og:url\" content=\"https:\/\/mettapapelaria.com.br\/catalogo\/produto\/corretivo-liquido-branco-18ml-mercur\/\" \/>\n<meta property=\"og:site_name\" content=\"Metta Papelaria\" \/>\n<meta property=\"article:publisher\" content=\"https:\/\/www.facebook.com\/mettapapelaria\/\" \/>\n<meta property=\"article:modified_time\" content=\"2024-07-24T17:18:15+00:00\" \/>\n<meta property=\"og:image\" content=\"https:\/\/mettapapelaria.com.br\/catalogo\/wp-content\/uploads\/2024\/07\/CORRETIVO-LIQUIDO-BRANCO-18ML-MERCUR.jpg\" \/>\n\t<meta property=\"og:image:width\" content=\"500\" \/>\n\t<meta property=\"og:image:height\" content=\"500\" \/>\n\t<meta property=\"og:image:type\" content=\"image\/jpeg\" \/>\n<meta name=\"twitter:card\" content=\"summary_large_image\" \/>\n<meta name=\"twitter:label1\" content=\"Est. tempo de leitura\" \/>\n\t<meta name=\"twitter:data1\" content=\"1 minuto\" \/>\n<script type=\"application\/ld+json\" class=\"yoast-schema-graph\">{\"@context\":\"https:\/\/schema.org\",\"@graph\":[{\"@type\":\"WebPage\",\"@id\":\"https:\/\/mettapapelaria.com.br\/catalogo\/produto\/corretivo-liquido-branco-18ml-mercur\/\",\"url\":\"https:\/\/mettapapelaria.com.br\/catalogo\/produto\/corretivo-liquido-branco-18ml-mercur\/\",\"name\":\"CORRETIVO L\u00cdQUIDO BRANCO 18ML MERCUR - Metta Papelaria\",\"isPartOf\":{\"@id\":\"https:\/\/mettapapelaria.com.br\/catalogo\/#website\"},\"primaryImageOfPage\":{\"@id\":\"https:\/\/mettapapelaria.com.br\/catalogo\/produto\/corretivo-liquido-branco-18ml-mercur\/#primaryimage\"},\"image\":{\"@id\":\"https:\/\/mettapapelaria.com.br\/catalogo\/produto\/corretivo-liquido-branco-18ml-mercur\/#primaryimage\"},\"thumbnailUrl\":\"https:\/\/mettapapelaria.com.br\/catalogo\/wp-content\/uploads\/2024\/07\/CORRETIVO-LIQUIDO-BRANCO-18ML-MERCUR.jpg\",\"datePublished\":\"2024-07-24T17:09:20+00:00\",\"dateModified\":\"2024-07-24T17:18:15+00:00\",\"breadcrumb\":{\"@id\":\"https:\/\/mettapapelaria.com.br\/catalogo\/produto\/corretivo-liquido-branco-18ml-mercur\/#breadcrumb\"},\"inLanguage\":\"pt-BR\",\"potentialAction\":[{\"@type\":\"ReadAction\",\"target\":[\"https:\/\/mettapapelaria.com.br\/catalogo\/produto\/corretivo-liquido-branco-18ml-mercur\/\"]}]},{\"@type\":\"ImageObject\",\"inLanguage\":\"pt-BR\",\"@id\":\"https:\/\/mettapapelaria.com.br\/catalogo\/produto\/corretivo-liquido-branco-18ml-mercur\/#primaryimage\",\"url\":\"https:\/\/mettapapelaria.com.br\/catalogo\/wp-content\/uploads\/2024\/07\/CORRETIVO-LIQUIDO-BRANCO-18ML-MERCUR.jpg\",\"contentUrl\":\"https:\/\/mettapapelaria.com.br\/catalogo\/wp-content\/uploads\/2024\/07\/CORRETIVO-LIQUIDO-BRANCO-18ML-MERCUR.jpg\",\"width\":500,\"height\":500},{\"@type\":\"BreadcrumbList\",\"@id\":\"https:\/\/mettapapelaria.com.br\/catalogo\/produto\/corretivo-liquido-branco-18ml-mercur\/#breadcrumb\",\"itemListElement\":[{\"@type\":\"ListItem\",\"position\":1,\"name\":\"In\u00edcio\",\"item\":\"https:\/\/mettapapelaria.com.br\/catalogo\/\"},{\"@type\":\"ListItem\",\"position\":2,\"name\":\"Shop\",\"item\":\"https:\/\/mettapapelaria.com.br\/catalogo\/shop\/\"},{\"@type\":\"ListItem\",\"position\":3,\"name\":\"CORRETIVO L\u00cdQUIDO BRANCO 18ML MERCUR\"}]},{\"@type\":\"WebSite\",\"@id\":\"https:\/\/mettapapelaria.com.br\/catalogo\/#website\",\"url\":\"https:\/\/mettapapelaria.com.br\/catalogo\/\",\"name\":\"Metta Papelaria\",\"description\":\"Materiais e equipamentos de escrit\u00f3rio, suprimentos para inform\u00e1tica, e uma diversificada linha de material escolar\",\"publisher\":{\"@id\":\"https:\/\/mettapapelaria.com.br\/catalogo\/#organization\"},\"potentialAction\":[{\"@type\":\"SearchAction\",\"target\":{\"@type\":\"EntryPoint\",\"urlTemplate\":\"https:\/\/mettapapelaria.com.br\/catalogo\/?s={search_term_string}\"},\"query-input\":{\"@type\":\"PropertyValueSpecification\",\"valueRequired\":true,\"valueName\":\"search_term_string\"}}],\"inLanguage\":\"pt-BR\"},{\"@type\":\"Organization\",\"@id\":\"https:\/\/mettapapelaria.com.br\/catalogo\/#organization\",\"name\":\"Metta Papelaria\",\"url\":\"https:\/\/mettapapelaria.com.br\/catalogo\/\",\"logo\":{\"@type\":\"ImageObject\",\"inLanguage\":\"pt-BR\",\"@id\":\"https:\/\/mettapapelaria.com.br\/catalogo\/#\/schema\/logo\/image\/\",\"url\":\"https:\/\/mettapapelaria.com.br\/catalogo\/wp-content\/uploads\/2023\/12\/cropped-favicon-Metta_512-1.png\",\"contentUrl\":\"https:\/\/mettapapelaria.com.br\/catalogo\/wp-content\/uploads\/2023\/12\/cropped-favicon-Metta_512-1.png\",\"width\":512,\"height\":512,\"caption\":\"Metta Papelaria\"},\"image\":{\"@id\":\"https:\/\/mettapapelaria.com.br\/catalogo\/#\/schema\/logo\/image\/\"},\"sameAs\":[\"https:\/\/www.facebook.com\/mettapapelaria\/\",\"https:\/\/www.instagram.com\/papelariametta\/\"]}]}<\/script>\n<!-- \/ Yoast SEO plugin. -->","yoast_head_json":{"title":"CORRETIVO L\u00cdQUIDO BRANCO 18ML MERCUR - Metta Papelaria","robots":{"index":"index","follow":"follow","max-snippet":"max-snippet:-1","max-image-preview":"max-image-preview:large","max-video-preview":"max-video-preview:-1"},"canonical":"https:\/\/mettapapelaria.com.br\/catalogo\/produto\/corretivo-liquido-branco-18ml-mercur\/","og_locale":"pt_BR","og_type":"article","og_title":"CORRETIVO L\u00cdQUIDO BRANCO 18ML MERCUR - Metta Papelaria","og_description":"O Corretivo L\u00edquido Mercur tem \u00f3tima cobertura, e se espalha bem na superf\u00edcie onde \u00e9 aplicado. \u00c9 preciso usar menos corretivo para cobrir uma parte...","og_url":"https:\/\/mettapapelaria.com.br\/catalogo\/produto\/corretivo-liquido-branco-18ml-mercur\/","og_site_name":"Metta Papelaria","article_publisher":"https:\/\/www.facebook.com\/mettapapelaria\/","article_modified_time":"2024-07-24T17:18:15+00:00","og_image":[{"width":500,"height":500,"url":"https:\/\/mettapapelaria.com.br\/catalogo\/wp-content\/uploads\/2024\/07\/CORRETIVO-LIQUIDO-BRANCO-18ML-MERCUR.jpg","type":"image\/jpeg"}],"twitter_card":"summary_large_image","twitter_misc":{"Est. tempo de leitura":"1 minuto"},"schema":{"@context":"https:\/\/schema.org","@graph":[{"@type":"WebPage","@id":"https:\/\/mettapapelaria.com.br\/catalogo\/produto\/corretivo-liquido-branco-18ml-mercur\/","url":"https:\/\/mettapapelaria.com.br\/catalogo\/produto\/corretivo-liquido-branco-18ml-mercur\/","name":"CORRETIVO L\u00cdQUIDO BRANCO 18ML MERCUR - Metta Papelaria","isPartOf":{"@id":"https:\/\/mettapapelaria.com.br\/catalogo\/#website"},"primaryImageOfPage":{"@id":"https:\/\/mettapapelaria.com.br\/catalogo\/produto\/corretivo-liquido-branco-18ml-mercur\/#primaryimage"},"image":{"@id":"https:\/\/mettapapelaria.com.br\/catalogo\/produto\/corretivo-liquido-branco-18ml-mercur\/#primaryimage"},"thumbnailUrl":"https:\/\/mettapapelaria.com.br\/catalogo\/wp-content\/uploads\/2024\/07\/CORRETIVO-LIQUIDO-BRANCO-18ML-MERCUR.jpg","datePublished":"2024-07-24T17:09:20+00:00","dateModified":"2024-07-24T17:18:15+00:00","breadcrumb":{"@id":"https:\/\/mettapapelaria.com.br\/catalogo\/produto\/corretivo-liquido-branco-18ml-mercur\/#breadcrumb"},"inLanguage":"pt-BR","potentialAction":[{"@type":"ReadAction","target":["https:\/\/mettapapelaria.com.br\/catalogo\/produto\/corretivo-liquido-branco-18ml-mercur\/"]}]},{"@type":"ImageObject","inLanguage":"pt-BR","@id":"https:\/\/mettapapelaria.com.br\/catalogo\/produto\/corretivo-liquido-branco-18ml-mercur\/#primaryimage","url":"https:\/\/mettapapelaria.com.br\/catalogo\/wp-content\/uploads\/2024\/07\/CORRETIVO-LIQUIDO-BRANCO-18ML-MERCUR.jpg","contentUrl":"https:\/\/mettapapelaria.com.br\/catalogo\/wp-content\/uploads\/2024\/07\/CORRETIVO-LIQUIDO-BRANCO-18ML-MERCUR.jpg","width":500,"height":500},{"@type":"BreadcrumbList","@id":"https:\/\/mettapapelaria.com.br\/catalogo\/produto\/corretivo-liquido-branco-18ml-mercur\/#breadcrumb","itemListElement":[{"@type":"ListItem","position":1,"name":"In\u00edcio","item":"https:\/\/mettapapelaria.com.br\/catalogo\/"},{"@type":"ListItem","position":2,"name":"Shop","item":"https:\/\/mettapapelaria.com.br\/catalogo\/shop\/"},{"@type":"ListItem","position":3,"name":"CORRETIVO L\u00cdQUIDO BRANCO 18ML MERCUR"}]},{"@type":"WebSite","@id":"https:\/\/mettapapelaria.com.br\/catalogo\/#website","url":"https:\/\/mettapapelaria.com.br\/catalogo\/","name":"Metta Papelaria","description":"Materiais e equipamentos de escrit\u00f3rio, suprimentos para inform\u00e1tica, e uma diversificada linha de material escolar","publisher":{"@id":"https:\/\/mettapapelaria.com.br\/catalogo\/#organization"},"potentialAction":[{"@type":"SearchAction","target":{"@type":"EntryPoint","urlTemplate":"https:\/\/mettapapelaria.com.br\/catalogo\/?s={search_term_string}"},"query-input":{"@type":"PropertyValueSpecification","valueRequired":true,"valueName":"search_term_string"}}],"inLanguage":"pt-BR"},{"@type":"Organization","@id":"https:\/\/mettapapelaria.com.br\/catalogo\/#organization","name":"Metta Papelaria","url":"https:\/\/mettapapelaria.com.br\/catalogo\/","logo":{"@type":"ImageObject","inLanguage":"pt-BR","@id":"https:\/\/mettapapelaria.com.br\/catalogo\/#\/schema\/logo\/image\/","url":"https:\/\/mettapapelaria.com.br\/catalogo\/wp-content\/uploads\/2023\/12\/cropped-favicon-Metta_512-1.png","contentUrl":"https:\/\/mettapapelaria.com.br\/catalogo\/wp-content\/uploads\/2023\/12\/cropped-favicon-Metta_512-1.png","width":512,"height":512,"caption":"Metta Papelaria"},"image":{"@id":"https:\/\/mettapapelaria.com.br\/catalogo\/#\/schema\/logo\/image\/"},"sameAs":["https:\/\/www.facebook.com\/mettapapelaria\/","https:\/\/www.instagram.com\/papelariametta\/"]}]}},"_links":{"self":[{"href":"https:\/\/mettapapelaria.com.br\/catalogo\/wp-json\/wp\/v2\/product\/6859","targetHints":{"allow":["GET"]}}],"collection":[{"href":"https:\/\/mettapapelaria.com.br\/catalogo\/wp-json\/wp\/v2\/product"}],"about":[{"href":"https:\/\/mettapapelaria.com.br\/catalogo\/wp-json\/wp\/v2\/types\/product"}],"replies":[{"embeddable":true,"href":"https:\/\/mettapapelaria.com.br\/catalogo\/wp-json\/wp\/v2\/comments?post=6859"}],"version-history":[{"count":1,"href":"https:\/\/mettapapelaria.com.br\/catalogo\/wp-json\/wp\/v2\/product\/6859\/revisions"}],"predecessor-version":[{"id":6862,"href":"https:\/\/mettapapelaria.com.br\/catalogo\/wp-json\/wp\/v2\/product\/6859\/revisions\/6862"}],"wp:featuredmedia":[{"embeddable":true,"href":"https:\/\/mettapapelaria.com.br\/catalogo\/wp-json\/wp\/v2\/media\/6860"}],"wp:attachment":[{"href":"https:\/\/mettapapelaria.com.br\/catalogo\/wp-json\/wp\/v2\/media?parent=6859"}],"wp:term":[{"taxonomy":"brand","embeddable":true,"href":"https:\/\/mettapapelaria.com.br\/catalogo\/wp-json\/wp\/v2\/etheme_brands?post=6859"},{"taxonomy":"product_brand","embeddable":true,"href":"https:\/\/mettapapelaria.com.br\/catalogo\/wp-json\/wp\/v2\/product_brand?post=6859"},{"taxonomy":"product_cat","embeddable":true,"href":"https:\/\/mettapapelaria.com.br\/catalogo\/wp-json\/wp\/v2\/product_cat?post=6859"},{"taxonomy":"product_tag","embeddable":true,"href":"https:\/\/mettapapelaria.com.br\/catalogo\/wp-json\/wp\/v2\/product_tag?post=6859"}],"curies":[{"name":"wp","href":"https:\/\/api.w.org\/{rel}","templated":true}]}}