{"id":6750,"date":"2024-06-03T14:52:56","date_gmt":"2024-06-03T17:52:56","guid":{"rendered":"https:\/\/mettapapelaria.com.br\/catalogo\/?post_type=product&#038;p=6750"},"modified":"2024-06-03T14:52:57","modified_gmt":"2024-06-03T17:52:57","slug":"giz-de-cera-ergonomico-piao-4-cores-faber-castell","status":"publish","type":"product","link":"https:\/\/mettapapelaria.com.br\/catalogo\/produto\/giz-de-cera-ergonomico-piao-4-cores-faber-castell\/","title":{"rendered":"GIZ DE CERA ERGON\u00d4MICO PI\u00c3O 4 CORES FABER CASTELL"},"content":{"rendered":"<p>A linha Little Creatives da Faber-Castell \u00e9 um convite para as m\u00e3os pequenas mergulharem no maravilhoso mundo da imagina\u00e7\u00e3o e da arte. E entre suas estrelas, o Giz de Cera Pi\u00e3o se destaca como uma ferramenta essencial, projetada com um formato especial para garantir uma experi\u00eancia de pintura confort\u00e1vel e divertida para as crian\u00e7as na primeira inf\u00e2ncia.<\/p>\n<p>Para pequenos artistas com grandes sonhos, o Giz de Cera Pi\u00e3o da linha Little Creatives da Faber-Castell \u00e9 a escolha perfeita. Com sua combina\u00e7\u00e3o de atributos como, resist\u00eancia a quebras, cores vibrantes e formato especial para m\u00e3os pequenas, este giz de cera n\u00e3o s\u00f3 estimula a criatividade das crian\u00e7as, mas tamb\u00e9m proporciona uma experi\u00eancia de pintura suave, segura e divertida.<\/p>\n<p>Seja em casa, na escola ou em qualquer lugar, este giz de cera infantil \u00e9 uma ferramenta essencial para transformar ideias em obras de arte coloridas e cheias de vida.<\/p>\n<p>Especifica\u00e7\u00f5es<\/p>\n<ul>\n<li>Giz de cera: Pi\u00e3o<\/li>\n<li>Deixam as m\u00e3os limpas: gra\u00e7as \u00e0 sua f\u00f3rmula de alta qualidade, n\u00e3o deixa res\u00edduos nas m\u00e3os das crian\u00e7as, garantindo uma experi\u00eancia de pintura limpa e sem bagun\u00e7a<\/li>\n<li>Resistente \u00e0 quebras: o Giz de Cera Pi\u00e3o \u00e9 projetado para resistir a quedas e impactos, proporcionando longa durabilidade mesmo nas m\u00e3os mais agitadas<\/li>\n<li>Ideal para m\u00e3os pequenas: seu formato especial foi cuidadosamente projetado para se adaptar perfeitamente \u00e0s m\u00e3os pequenas das crian\u00e7as, garantindo uma ader\u00eancia confort\u00e1vel e controlada durante o uso<\/li>\n<li>Cores vibrantes: em um estojo com 4 cores, o Giz de Cera Pi\u00e3o oferece op\u00e7\u00f5es para as crian\u00e7as explorarem sua criatividade e expressarem suas ideias com vivacidade<\/li>\n<\/ul>\n","protected":false},"excerpt":{"rendered":"<p>A linha Little Creatives da Faber-Castell \u00e9 um convite para as m\u00e3os pequenas mergulharem no maravilhoso mundo da imagina\u00e7\u00e3o e da arte. E entre suas&#8230;<\/p>\n","protected":false},"featured_media":6751,"comment_status":"open","ping_status":"closed","template":"","meta":[],"etheme_brands":[{"term_id":217,"name":"Faber Castell","slug":"faber-castell","term_group":0,"term_taxonomy_id":217,"taxonomy":"brand","description":"","parent":0,"count":33,"filter":"raw"}],"product_brand":[],"product_cat":[518],"product_tag":[338,555,293,396,276,316,395,351,294,292,256,227,225],"class_list":{"0":"post-6750","1":"product","2":"type-product","3":"status-publish","4":"has-post-thumbnail","6":"brand-faber-castell","7":"product_cat-sem-categoria","8":"product_tag-colorido","9":"product_tag-colorir","10":"product_tag-crianca","11":"product_tag-cute","12":"product_tag-escola","13":"product_tag-estudante","14":"product_tag-fofo","15":"product_tag-giz-de-cera","16":"product_tag-infantil","17":"product_tag-kids","18":"product_tag-lar","19":"product_tag-material-escolar","20":"product_tag-metta-papelaria","22":"first","23":"instock","24":"sold-individually","25":"shipping-taxable","26":"purchasable","27":"product-type-simple"},"yoast_head":"<!-- This site is optimized with the Yoast SEO plugin v26.9 - https:\/\/yoast.com\/product\/yoast-seo-wordpress\/ -->\n<title>GIZ DE CERA ERGON\u00d4MICO PI\u00c3O 4 CORES FABER CASTELL - Metta Papelaria<\/title>\n<meta name=\"description\" content=\"A linha Little Creatives da Faber-Castell \u00e9 um convite para as m\u00e3os pequenas mergulharem no maravilhoso mundo da imagina\u00e7\u00e3o e da arte. E entre suas estrelas, o Giz de Cera Pi\u00e3o se destaca como uma ferramenta essencial, projetada com um formato especial para garantir uma experi\u00eancia de pintura confort\u00e1vel e divertida para as crian\u00e7as na primeira inf\u00e2ncia. Para pequenos artistas com grandes sonhos, o Giz de Cera Pi\u00e3o da linha Little Creatives da Faber-Castell \u00e9 a escolha perfeita. Com sua combina\u00e7\u00e3o de atributos como, resist\u00eancia a quebras, cores vibrantes e formato especial para m\u00e3os pequenas, este giz de cera n\u00e3o s\u00f3 estimula a criatividade das crian\u00e7as, mas tamb\u00e9m proporciona uma experi\u00eancia de pintura suave, segura e divertida. Seja em casa, na escola ou em qualquer lugar, este giz de cera infantil \u00e9 uma ferramenta essencial para transformar ideias em obras de arte coloridas e cheias de vida. Especifica\u00e7\u00f5es: Giz de cera: Pi\u00e3o; Deixam as m\u00e3os limpas: gra\u00e7as \u00e0 sua f\u00f3rmula de alta qualidade, n\u00e3o deixa res\u00edduos nas m\u00e3os das crian\u00e7as, garantindo uma experi\u00eancia de pintura limpa e sem bagun\u00e7a; Resistente \u00e0 quebras: o Giz de Cera Pi\u00e3o \u00e9 projetado para resistir a quedas e impactos, proporcionando longa durabilidade mesmo nas m\u00e3os mais agitadas; Ideal para m\u00e3os pequenas: seu formato especial foi cuidadosamente projetado para se adaptar perfeitamente \u00e0s m\u00e3os pequenas das crian\u00e7as, garantindo uma ader\u00eancia confort\u00e1vel e controlada durante o uso; Cores vibrantes: em um estojo com 4 cores, o Giz de Cera Pi\u00e3o oferece op\u00e7\u00f5es para as crian\u00e7as explorarem sua criatividade e expressarem suas ideias com vivacidade\" \/>\n<meta name=\"robots\" content=\"index, follow, max-snippet:-1, max-image-preview:large, max-video-preview:-1\" \/>\n<link rel=\"canonical\" href=\"https:\/\/mettapapelaria.com.br\/catalogo\/produto\/giz-de-cera-ergonomico-piao-4-cores-faber-castell\/\" \/>\n<meta property=\"og:locale\" content=\"pt_BR\" \/>\n<meta property=\"og:type\" content=\"article\" \/>\n<meta property=\"og:title\" content=\"GIZ DE CERA ERGON\u00d4MICO PI\u00c3O 4 CORES FABER CASTELL - Metta Papelaria\" \/>\n<meta property=\"og:description\" content=\"A linha Little Creatives da Faber-Castell \u00e9 um convite para as m\u00e3os pequenas mergulharem no maravilhoso mundo da imagina\u00e7\u00e3o e da arte. E entre suas estrelas, o Giz de Cera Pi\u00e3o se destaca como uma ferramenta essencial, projetada com um formato especial para garantir uma experi\u00eancia de pintura confort\u00e1vel e divertida para as crian\u00e7as na primeira inf\u00e2ncia. Para pequenos artistas com grandes sonhos, o Giz de Cera Pi\u00e3o da linha Little Creatives da Faber-Castell \u00e9 a escolha perfeita. Com sua combina\u00e7\u00e3o de atributos como, resist\u00eancia a quebras, cores vibrantes e formato especial para m\u00e3os pequenas, este giz de cera n\u00e3o s\u00f3 estimula a criatividade das crian\u00e7as, mas tamb\u00e9m proporciona uma experi\u00eancia de pintura suave, segura e divertida. Seja em casa, na escola ou em qualquer lugar, este giz de cera infantil \u00e9 uma ferramenta essencial para transformar ideias em obras de arte coloridas e cheias de vida. Especifica\u00e7\u00f5es: Giz de cera: Pi\u00e3o; Deixam as m\u00e3os limpas: gra\u00e7as \u00e0 sua f\u00f3rmula de alta qualidade, n\u00e3o deixa res\u00edduos nas m\u00e3os das crian\u00e7as, garantindo uma experi\u00eancia de pintura limpa e sem bagun\u00e7a; Resistente \u00e0 quebras: o Giz de Cera Pi\u00e3o \u00e9 projetado para resistir a quedas e impactos, proporcionando longa durabilidade mesmo nas m\u00e3os mais agitadas; Ideal para m\u00e3os pequenas: seu formato especial foi cuidadosamente projetado para se adaptar perfeitamente \u00e0s m\u00e3os pequenas das crian\u00e7as, garantindo uma ader\u00eancia confort\u00e1vel e controlada durante o uso; Cores vibrantes: em um estojo com 4 cores, o Giz de Cera Pi\u00e3o oferece op\u00e7\u00f5es para as crian\u00e7as explorarem sua criatividade e expressarem suas ideias com vivacidade\" \/>\n<meta property=\"og:url\" content=\"https:\/\/mettapapelaria.com.br\/catalogo\/produto\/giz-de-cera-ergonomico-piao-4-cores-faber-castell\/\" \/>\n<meta property=\"og:site_name\" content=\"Metta Papelaria\" \/>\n<meta property=\"article:publisher\" content=\"https:\/\/www.facebook.com\/mettapapelaria\/\" \/>\n<meta property=\"article:modified_time\" content=\"2024-06-03T17:52:57+00:00\" \/>\n<meta property=\"og:image\" content=\"https:\/\/mettapapelaria.com.br\/catalogo\/wp-content\/uploads\/2024\/06\/GIZ-DE-CERA-ERGONOMICO-PIAO-4-CORES-FABER-CASTELL-2.jpg\" \/>\n\t<meta property=\"og:image:width\" content=\"500\" \/>\n\t<meta property=\"og:image:height\" content=\"500\" \/>\n\t<meta property=\"og:image:type\" content=\"image\/jpeg\" \/>\n<meta name=\"twitter:card\" content=\"summary_large_image\" \/>\n<meta name=\"twitter:label1\" content=\"Est. tempo de leitura\" \/>\n\t<meta name=\"twitter:data1\" content=\"2 minutos\" \/>\n<script type=\"application\/ld+json\" class=\"yoast-schema-graph\">{\"@context\":\"https:\/\/schema.org\",\"@graph\":[{\"@type\":\"WebPage\",\"@id\":\"https:\/\/mettapapelaria.com.br\/catalogo\/produto\/giz-de-cera-ergonomico-piao-4-cores-faber-castell\/\",\"url\":\"https:\/\/mettapapelaria.com.br\/catalogo\/produto\/giz-de-cera-ergonomico-piao-4-cores-faber-castell\/\",\"name\":\"GIZ DE CERA ERGON\u00d4MICO PI\u00c3O 4 CORES FABER CASTELL - Metta Papelaria\",\"isPartOf\":{\"@id\":\"https:\/\/mettapapelaria.com.br\/catalogo\/#website\"},\"primaryImageOfPage\":{\"@id\":\"https:\/\/mettapapelaria.com.br\/catalogo\/produto\/giz-de-cera-ergonomico-piao-4-cores-faber-castell\/#primaryimage\"},\"image\":{\"@id\":\"https:\/\/mettapapelaria.com.br\/catalogo\/produto\/giz-de-cera-ergonomico-piao-4-cores-faber-castell\/#primaryimage\"},\"thumbnailUrl\":\"https:\/\/mettapapelaria.com.br\/catalogo\/wp-content\/uploads\/2024\/06\/GIZ-DE-CERA-ERGONOMICO-PIAO-4-CORES-FABER-CASTELL-2.jpg\",\"datePublished\":\"2024-06-03T17:52:56+00:00\",\"dateModified\":\"2024-06-03T17:52:57+00:00\",\"description\":\"A linha Little Creatives da Faber-Castell \u00e9 um convite para as m\u00e3os pequenas mergulharem no maravilhoso mundo da imagina\u00e7\u00e3o e da arte. E entre suas estrelas, o Giz de Cera Pi\u00e3o se destaca como uma ferramenta essencial, projetada com um formato especial para garantir uma experi\u00eancia de pintura confort\u00e1vel e divertida para as crian\u00e7as na primeira inf\u00e2ncia. Para pequenos artistas com grandes sonhos, o Giz de Cera Pi\u00e3o da linha Little Creatives da Faber-Castell \u00e9 a escolha perfeita. Com sua combina\u00e7\u00e3o de atributos como, resist\u00eancia a quebras, cores vibrantes e formato especial para m\u00e3os pequenas, este giz de cera n\u00e3o s\u00f3 estimula a criatividade das crian\u00e7as, mas tamb\u00e9m proporciona uma experi\u00eancia de pintura suave, segura e divertida. Seja em casa, na escola ou em qualquer lugar, este giz de cera infantil \u00e9 uma ferramenta essencial para transformar ideias em obras de arte coloridas e cheias de vida. Especifica\u00e7\u00f5es: Giz de cera: Pi\u00e3o; Deixam as m\u00e3os limpas: gra\u00e7as \u00e0 sua f\u00f3rmula de alta qualidade, n\u00e3o deixa res\u00edduos nas m\u00e3os das crian\u00e7as, garantindo uma experi\u00eancia de pintura limpa e sem bagun\u00e7a; Resistente \u00e0 quebras: o Giz de Cera Pi\u00e3o \u00e9 projetado para resistir a quedas e impactos, proporcionando longa durabilidade mesmo nas m\u00e3os mais agitadas; Ideal para m\u00e3os pequenas: seu formato especial foi cuidadosamente projetado para se adaptar perfeitamente \u00e0s m\u00e3os pequenas das crian\u00e7as, garantindo uma ader\u00eancia confort\u00e1vel e controlada durante o uso; Cores vibrantes: em um estojo com 4 cores, o Giz de Cera Pi\u00e3o oferece op\u00e7\u00f5es para as crian\u00e7as explorarem sua criatividade e expressarem suas ideias com vivacidade\",\"breadcrumb\":{\"@id\":\"https:\/\/mettapapelaria.com.br\/catalogo\/produto\/giz-de-cera-ergonomico-piao-4-cores-faber-castell\/#breadcrumb\"},\"inLanguage\":\"pt-BR\",\"potentialAction\":[{\"@type\":\"ReadAction\",\"target\":[\"https:\/\/mettapapelaria.com.br\/catalogo\/produto\/giz-de-cera-ergonomico-piao-4-cores-faber-castell\/\"]}]},{\"@type\":\"ImageObject\",\"inLanguage\":\"pt-BR\",\"@id\":\"https:\/\/mettapapelaria.com.br\/catalogo\/produto\/giz-de-cera-ergonomico-piao-4-cores-faber-castell\/#primaryimage\",\"url\":\"https:\/\/mettapapelaria.com.br\/catalogo\/wp-content\/uploads\/2024\/06\/GIZ-DE-CERA-ERGONOMICO-PIAO-4-CORES-FABER-CASTELL-2.jpg\",\"contentUrl\":\"https:\/\/mettapapelaria.com.br\/catalogo\/wp-content\/uploads\/2024\/06\/GIZ-DE-CERA-ERGONOMICO-PIAO-4-CORES-FABER-CASTELL-2.jpg\",\"width\":500,\"height\":500},{\"@type\":\"BreadcrumbList\",\"@id\":\"https:\/\/mettapapelaria.com.br\/catalogo\/produto\/giz-de-cera-ergonomico-piao-4-cores-faber-castell\/#breadcrumb\",\"itemListElement\":[{\"@type\":\"ListItem\",\"position\":1,\"name\":\"In\u00edcio\",\"item\":\"https:\/\/mettapapelaria.com.br\/catalogo\/\"},{\"@type\":\"ListItem\",\"position\":2,\"name\":\"Shop\",\"item\":\"https:\/\/mettapapelaria.com.br\/catalogo\/shop\/\"},{\"@type\":\"ListItem\",\"position\":3,\"name\":\"GIZ DE CERA ERGON\u00d4MICO PI\u00c3O 4 CORES FABER CASTELL\"}]},{\"@type\":\"WebSite\",\"@id\":\"https:\/\/mettapapelaria.com.br\/catalogo\/#website\",\"url\":\"https:\/\/mettapapelaria.com.br\/catalogo\/\",\"name\":\"Metta Papelaria\",\"description\":\"Materiais e equipamentos de escrit\u00f3rio, suprimentos para inform\u00e1tica, e uma diversificada linha de material escolar\",\"publisher\":{\"@id\":\"https:\/\/mettapapelaria.com.br\/catalogo\/#organization\"},\"potentialAction\":[{\"@type\":\"SearchAction\",\"target\":{\"@type\":\"EntryPoint\",\"urlTemplate\":\"https:\/\/mettapapelaria.com.br\/catalogo\/?s={search_term_string}\"},\"query-input\":{\"@type\":\"PropertyValueSpecification\",\"valueRequired\":true,\"valueName\":\"search_term_string\"}}],\"inLanguage\":\"pt-BR\"},{\"@type\":\"Organization\",\"@id\":\"https:\/\/mettapapelaria.com.br\/catalogo\/#organization\",\"name\":\"Metta Papelaria\",\"url\":\"https:\/\/mettapapelaria.com.br\/catalogo\/\",\"logo\":{\"@type\":\"ImageObject\",\"inLanguage\":\"pt-BR\",\"@id\":\"https:\/\/mettapapelaria.com.br\/catalogo\/#\/schema\/logo\/image\/\",\"url\":\"https:\/\/mettapapelaria.com.br\/catalogo\/wp-content\/uploads\/2023\/12\/cropped-favicon-Metta_512-1.png\",\"contentUrl\":\"https:\/\/mettapapelaria.com.br\/catalogo\/wp-content\/uploads\/2023\/12\/cropped-favicon-Metta_512-1.png\",\"width\":512,\"height\":512,\"caption\":\"Metta Papelaria\"},\"image\":{\"@id\":\"https:\/\/mettapapelaria.com.br\/catalogo\/#\/schema\/logo\/image\/\"},\"sameAs\":[\"https:\/\/www.facebook.com\/mettapapelaria\/\",\"https:\/\/www.instagram.com\/papelariametta\/\"]}]}<\/script>\n<!-- \/ Yoast SEO plugin. -->","yoast_head_json":{"title":"GIZ DE CERA ERGON\u00d4MICO PI\u00c3O 4 CORES FABER CASTELL - Metta Papelaria","description":"A linha Little Creatives da Faber-Castell \u00e9 um convite para as m\u00e3os pequenas mergulharem no maravilhoso mundo da imagina\u00e7\u00e3o e da arte. E entre suas estrelas, o Giz de Cera Pi\u00e3o se destaca como uma ferramenta essencial, projetada com um formato especial para garantir uma experi\u00eancia de pintura confort\u00e1vel e divertida para as crian\u00e7as na primeira inf\u00e2ncia. Para pequenos artistas com grandes sonhos, o Giz de Cera Pi\u00e3o da linha Little Creatives da Faber-Castell \u00e9 a escolha perfeita. Com sua combina\u00e7\u00e3o de atributos como, resist\u00eancia a quebras, cores vibrantes e formato especial para m\u00e3os pequenas, este giz de cera n\u00e3o s\u00f3 estimula a criatividade das crian\u00e7as, mas tamb\u00e9m proporciona uma experi\u00eancia de pintura suave, segura e divertida. Seja em casa, na escola ou em qualquer lugar, este giz de cera infantil \u00e9 uma ferramenta essencial para transformar ideias em obras de arte coloridas e cheias de vida. Especifica\u00e7\u00f5es: Giz de cera: Pi\u00e3o; Deixam as m\u00e3os limpas: gra\u00e7as \u00e0 sua f\u00f3rmula de alta qualidade, n\u00e3o deixa res\u00edduos nas m\u00e3os das crian\u00e7as, garantindo uma experi\u00eancia de pintura limpa e sem bagun\u00e7a; Resistente \u00e0 quebras: o Giz de Cera Pi\u00e3o \u00e9 projetado para resistir a quedas e impactos, proporcionando longa durabilidade mesmo nas m\u00e3os mais agitadas; Ideal para m\u00e3os pequenas: seu formato especial foi cuidadosamente projetado para se adaptar perfeitamente \u00e0s m\u00e3os pequenas das crian\u00e7as, garantindo uma ader\u00eancia confort\u00e1vel e controlada durante o uso; Cores vibrantes: em um estojo com 4 cores, o Giz de Cera Pi\u00e3o oferece op\u00e7\u00f5es para as crian\u00e7as explorarem sua criatividade e expressarem suas ideias com vivacidade","robots":{"index":"index","follow":"follow","max-snippet":"max-snippet:-1","max-image-preview":"max-image-preview:large","max-video-preview":"max-video-preview:-1"},"canonical":"https:\/\/mettapapelaria.com.br\/catalogo\/produto\/giz-de-cera-ergonomico-piao-4-cores-faber-castell\/","og_locale":"pt_BR","og_type":"article","og_title":"GIZ DE CERA ERGON\u00d4MICO PI\u00c3O 4 CORES FABER CASTELL - Metta Papelaria","og_description":"A linha Little Creatives da Faber-Castell \u00e9 um convite para as m\u00e3os pequenas mergulharem no maravilhoso mundo da imagina\u00e7\u00e3o e da arte. E entre suas estrelas, o Giz de Cera Pi\u00e3o se destaca como uma ferramenta essencial, projetada com um formato especial para garantir uma experi\u00eancia de pintura confort\u00e1vel e divertida para as crian\u00e7as na primeira inf\u00e2ncia. Para pequenos artistas com grandes sonhos, o Giz de Cera Pi\u00e3o da linha Little Creatives da Faber-Castell \u00e9 a escolha perfeita. Com sua combina\u00e7\u00e3o de atributos como, resist\u00eancia a quebras, cores vibrantes e formato especial para m\u00e3os pequenas, este giz de cera n\u00e3o s\u00f3 estimula a criatividade das crian\u00e7as, mas tamb\u00e9m proporciona uma experi\u00eancia de pintura suave, segura e divertida. Seja em casa, na escola ou em qualquer lugar, este giz de cera infantil \u00e9 uma ferramenta essencial para transformar ideias em obras de arte coloridas e cheias de vida. Especifica\u00e7\u00f5es: Giz de cera: Pi\u00e3o; Deixam as m\u00e3os limpas: gra\u00e7as \u00e0 sua f\u00f3rmula de alta qualidade, n\u00e3o deixa res\u00edduos nas m\u00e3os das crian\u00e7as, garantindo uma experi\u00eancia de pintura limpa e sem bagun\u00e7a; Resistente \u00e0 quebras: o Giz de Cera Pi\u00e3o \u00e9 projetado para resistir a quedas e impactos, proporcionando longa durabilidade mesmo nas m\u00e3os mais agitadas; Ideal para m\u00e3os pequenas: seu formato especial foi cuidadosamente projetado para se adaptar perfeitamente \u00e0s m\u00e3os pequenas das crian\u00e7as, garantindo uma ader\u00eancia confort\u00e1vel e controlada durante o uso; Cores vibrantes: em um estojo com 4 cores, o Giz de Cera Pi\u00e3o oferece op\u00e7\u00f5es para as crian\u00e7as explorarem sua criatividade e expressarem suas ideias com vivacidade","og_url":"https:\/\/mettapapelaria.com.br\/catalogo\/produto\/giz-de-cera-ergonomico-piao-4-cores-faber-castell\/","og_site_name":"Metta Papelaria","article_publisher":"https:\/\/www.facebook.com\/mettapapelaria\/","article_modified_time":"2024-06-03T17:52:57+00:00","og_image":[{"width":500,"height":500,"url":"https:\/\/mettapapelaria.com.br\/catalogo\/wp-content\/uploads\/2024\/06\/GIZ-DE-CERA-ERGONOMICO-PIAO-4-CORES-FABER-CASTELL-2.jpg","type":"image\/jpeg"}],"twitter_card":"summary_large_image","twitter_misc":{"Est. tempo de leitura":"2 minutos"},"schema":{"@context":"https:\/\/schema.org","@graph":[{"@type":"WebPage","@id":"https:\/\/mettapapelaria.com.br\/catalogo\/produto\/giz-de-cera-ergonomico-piao-4-cores-faber-castell\/","url":"https:\/\/mettapapelaria.com.br\/catalogo\/produto\/giz-de-cera-ergonomico-piao-4-cores-faber-castell\/","name":"GIZ DE CERA ERGON\u00d4MICO PI\u00c3O 4 CORES FABER CASTELL - Metta Papelaria","isPartOf":{"@id":"https:\/\/mettapapelaria.com.br\/catalogo\/#website"},"primaryImageOfPage":{"@id":"https:\/\/mettapapelaria.com.br\/catalogo\/produto\/giz-de-cera-ergonomico-piao-4-cores-faber-castell\/#primaryimage"},"image":{"@id":"https:\/\/mettapapelaria.com.br\/catalogo\/produto\/giz-de-cera-ergonomico-piao-4-cores-faber-castell\/#primaryimage"},"thumbnailUrl":"https:\/\/mettapapelaria.com.br\/catalogo\/wp-content\/uploads\/2024\/06\/GIZ-DE-CERA-ERGONOMICO-PIAO-4-CORES-FABER-CASTELL-2.jpg","datePublished":"2024-06-03T17:52:56+00:00","dateModified":"2024-06-03T17:52:57+00:00","description":"A linha Little Creatives da Faber-Castell \u00e9 um convite para as m\u00e3os pequenas mergulharem no maravilhoso mundo da imagina\u00e7\u00e3o e da arte. E entre suas estrelas, o Giz de Cera Pi\u00e3o se destaca como uma ferramenta essencial, projetada com um formato especial para garantir uma experi\u00eancia de pintura confort\u00e1vel e divertida para as crian\u00e7as na primeira inf\u00e2ncia. Para pequenos artistas com grandes sonhos, o Giz de Cera Pi\u00e3o da linha Little Creatives da Faber-Castell \u00e9 a escolha perfeita. Com sua combina\u00e7\u00e3o de atributos como, resist\u00eancia a quebras, cores vibrantes e formato especial para m\u00e3os pequenas, este giz de cera n\u00e3o s\u00f3 estimula a criatividade das crian\u00e7as, mas tamb\u00e9m proporciona uma experi\u00eancia de pintura suave, segura e divertida. Seja em casa, na escola ou em qualquer lugar, este giz de cera infantil \u00e9 uma ferramenta essencial para transformar ideias em obras de arte coloridas e cheias de vida. Especifica\u00e7\u00f5es: Giz de cera: Pi\u00e3o; Deixam as m\u00e3os limpas: gra\u00e7as \u00e0 sua f\u00f3rmula de alta qualidade, n\u00e3o deixa res\u00edduos nas m\u00e3os das crian\u00e7as, garantindo uma experi\u00eancia de pintura limpa e sem bagun\u00e7a; Resistente \u00e0 quebras: o Giz de Cera Pi\u00e3o \u00e9 projetado para resistir a quedas e impactos, proporcionando longa durabilidade mesmo nas m\u00e3os mais agitadas; Ideal para m\u00e3os pequenas: seu formato especial foi cuidadosamente projetado para se adaptar perfeitamente \u00e0s m\u00e3os pequenas das crian\u00e7as, garantindo uma ader\u00eancia confort\u00e1vel e controlada durante o uso; Cores vibrantes: em um estojo com 4 cores, o Giz de Cera Pi\u00e3o oferece op\u00e7\u00f5es para as crian\u00e7as explorarem sua criatividade e expressarem suas ideias com vivacidade","breadcrumb":{"@id":"https:\/\/mettapapelaria.com.br\/catalogo\/produto\/giz-de-cera-ergonomico-piao-4-cores-faber-castell\/#breadcrumb"},"inLanguage":"pt-BR","potentialAction":[{"@type":"ReadAction","target":["https:\/\/mettapapelaria.com.br\/catalogo\/produto\/giz-de-cera-ergonomico-piao-4-cores-faber-castell\/"]}]},{"@type":"ImageObject","inLanguage":"pt-BR","@id":"https:\/\/mettapapelaria.com.br\/catalogo\/produto\/giz-de-cera-ergonomico-piao-4-cores-faber-castell\/#primaryimage","url":"https:\/\/mettapapelaria.com.br\/catalogo\/wp-content\/uploads\/2024\/06\/GIZ-DE-CERA-ERGONOMICO-PIAO-4-CORES-FABER-CASTELL-2.jpg","contentUrl":"https:\/\/mettapapelaria.com.br\/catalogo\/wp-content\/uploads\/2024\/06\/GIZ-DE-CERA-ERGONOMICO-PIAO-4-CORES-FABER-CASTELL-2.jpg","width":500,"height":500},{"@type":"BreadcrumbList","@id":"https:\/\/mettapapelaria.com.br\/catalogo\/produto\/giz-de-cera-ergonomico-piao-4-cores-faber-castell\/#breadcrumb","itemListElement":[{"@type":"ListItem","position":1,"name":"In\u00edcio","item":"https:\/\/mettapapelaria.com.br\/catalogo\/"},{"@type":"ListItem","position":2,"name":"Shop","item":"https:\/\/mettapapelaria.com.br\/catalogo\/shop\/"},{"@type":"ListItem","position":3,"name":"GIZ DE CERA ERGON\u00d4MICO PI\u00c3O 4 CORES FABER CASTELL"}]},{"@type":"WebSite","@id":"https:\/\/mettapapelaria.com.br\/catalogo\/#website","url":"https:\/\/mettapapelaria.com.br\/catalogo\/","name":"Metta Papelaria","description":"Materiais e equipamentos de escrit\u00f3rio, suprimentos para inform\u00e1tica, e uma diversificada linha de material escolar","publisher":{"@id":"https:\/\/mettapapelaria.com.br\/catalogo\/#organization"},"potentialAction":[{"@type":"SearchAction","target":{"@type":"EntryPoint","urlTemplate":"https:\/\/mettapapelaria.com.br\/catalogo\/?s={search_term_string}"},"query-input":{"@type":"PropertyValueSpecification","valueRequired":true,"valueName":"search_term_string"}}],"inLanguage":"pt-BR"},{"@type":"Organization","@id":"https:\/\/mettapapelaria.com.br\/catalogo\/#organization","name":"Metta Papelaria","url":"https:\/\/mettapapelaria.com.br\/catalogo\/","logo":{"@type":"ImageObject","inLanguage":"pt-BR","@id":"https:\/\/mettapapelaria.com.br\/catalogo\/#\/schema\/logo\/image\/","url":"https:\/\/mettapapelaria.com.br\/catalogo\/wp-content\/uploads\/2023\/12\/cropped-favicon-Metta_512-1.png","contentUrl":"https:\/\/mettapapelaria.com.br\/catalogo\/wp-content\/uploads\/2023\/12\/cropped-favicon-Metta_512-1.png","width":512,"height":512,"caption":"Metta Papelaria"},"image":{"@id":"https:\/\/mettapapelaria.com.br\/catalogo\/#\/schema\/logo\/image\/"},"sameAs":["https:\/\/www.facebook.com\/mettapapelaria\/","https:\/\/www.instagram.com\/papelariametta\/"]}]}},"_links":{"self":[{"href":"https:\/\/mettapapelaria.com.br\/catalogo\/wp-json\/wp\/v2\/product\/6750","targetHints":{"allow":["GET"]}}],"collection":[{"href":"https:\/\/mettapapelaria.com.br\/catalogo\/wp-json\/wp\/v2\/product"}],"about":[{"href":"https:\/\/mettapapelaria.com.br\/catalogo\/wp-json\/wp\/v2\/types\/product"}],"replies":[{"embeddable":true,"href":"https:\/\/mettapapelaria.com.br\/catalogo\/wp-json\/wp\/v2\/comments?post=6750"}],"version-history":[{"count":1,"href":"https:\/\/mettapapelaria.com.br\/catalogo\/wp-json\/wp\/v2\/product\/6750\/revisions"}],"predecessor-version":[{"id":6754,"href":"https:\/\/mettapapelaria.com.br\/catalogo\/wp-json\/wp\/v2\/product\/6750\/revisions\/6754"}],"wp:featuredmedia":[{"embeddable":true,"href":"https:\/\/mettapapelaria.com.br\/catalogo\/wp-json\/wp\/v2\/media\/6751"}],"wp:attachment":[{"href":"https:\/\/mettapapelaria.com.br\/catalogo\/wp-json\/wp\/v2\/media?parent=6750"}],"wp:term":[{"taxonomy":"brand","embeddable":true,"href":"https:\/\/mettapapelaria.com.br\/catalogo\/wp-json\/wp\/v2\/etheme_brands?post=6750"},{"taxonomy":"product_brand","embeddable":true,"href":"https:\/\/mettapapelaria.com.br\/catalogo\/wp-json\/wp\/v2\/product_brand?post=6750"},{"taxonomy":"product_cat","embeddable":true,"href":"https:\/\/mettapapelaria.com.br\/catalogo\/wp-json\/wp\/v2\/product_cat?post=6750"},{"taxonomy":"product_tag","embeddable":true,"href":"https:\/\/mettapapelaria.com.br\/catalogo\/wp-json\/wp\/v2\/product_tag?post=6750"}],"curies":[{"name":"wp","href":"https:\/\/api.w.org\/{rel}","templated":true}]}}