{"id":6669,"date":"2024-01-30T18:26:11","date_gmt":"2024-01-30T21:26:11","guid":{"rendered":"https:\/\/mettapapelaria.com.br\/catalogo\/?post_type=product&#038;p=6669"},"modified":"2024-01-30T18:26:12","modified_gmt":"2024-01-30T21:26:12","slug":"lancheira-academie-listras-e-poas-rose-tilibra","status":"publish","type":"product","link":"https:\/\/mettapapelaria.com.br\/catalogo\/produto\/lancheira-academie-listras-e-poas-rose-tilibra\/","title":{"rendered":"LANCHEIRA ACAD\u00c9MIE LISTRAS E PO\u00c1S ROS\u00c9 TILIBRA"},"content":{"rendered":"<p>A Lancheira Tiracolo Acad\u00e9mie Listras e Po\u00e1s \u00e9 resistente e possui material interno que ajuda a conservar a temperatura dos alimentos, al\u00e9m de ser de f\u00e1cil limpeza. Possui al\u00e7a remov\u00edvel.<\/p>\n<p>Detalhes<\/p>\n<ul>\n<li>Al\u00e7a: ajust\u00e1vel e remov\u00edvel<\/li>\n<li>Detalhe: foil<\/li>\n<li>Fechamento: em z\u00edper<\/li>\n<li>Garantia: Garantia contra defeitos de fabrica\u00e7\u00e3o<\/li>\n<li>Material: poli\u00e9ster e resistente<\/li>\n<li>Puxador: em metal<\/li>\n<li>Formato: (L)220mm x (A)185mm x (P)145mm<\/li>\n<\/ul>\n","protected":false},"excerpt":{"rendered":"<p>A Lancheira Tiracolo Acad\u00e9mie Listras e Po\u00e1s \u00e9 resistente e possui material interno que ajuda a conservar a temperatura dos alimentos, al\u00e9m de ser de&#8230;<\/p>\n","protected":false},"featured_media":6670,"comment_status":"open","ping_status":"closed","template":"","meta":[],"etheme_brands":[{"term_id":311,"name":"Tilibra","slug":"tilibra","term_group":0,"term_taxonomy_id":311,"taxonomy":"brand","description":"","parent":0,"count":148,"filter":"raw"}],"product_brand":[],"product_cat":[132,16],"product_tag":[293,396,276,316,395,294,292,554,227,225,317,318],"class_list":{"0":"post-6669","1":"product","2":"type-product","3":"status-publish","4":"has-post-thumbnail","6":"brand-tilibra","7":"product_cat-lancheiras","8":"product_cat-material-escolar","9":"product_tag-crianca","10":"product_tag-cute","11":"product_tag-escola","12":"product_tag-estudante","13":"product_tag-fofo","14":"product_tag-infantil","15":"product_tag-kids","16":"product_tag-lancheira","17":"product_tag-material-escolar","18":"product_tag-metta-papelaria","19":"product_tag-study","20":"product_tag-volta-as-aulas","22":"first","23":"instock","24":"sold-individually","25":"shipping-taxable","26":"purchasable","27":"product-type-simple"},"yoast_head":"<!-- This site is optimized with the Yoast SEO plugin v26.9 - https:\/\/yoast.com\/product\/yoast-seo-wordpress\/ -->\n<title>LANCHEIRA ACAD\u00c9MIE LISTRAS E PO\u00c1S ROS\u00c9 TILIBRA - Metta Papelaria<\/title>\n<meta name=\"description\" content=\"A Lancheira Tiracolo Acad\u00e9mie Listras e Po\u00e1s \u00e9 resistente e possui material interno que ajuda a conservar a temperatura dos alimentos, al\u00e9m de ser de f\u00e1cil limpeza. Possui al\u00e7a remov\u00edvel.\" \/>\n<meta name=\"robots\" content=\"index, follow, max-snippet:-1, max-image-preview:large, max-video-preview:-1\" \/>\n<link rel=\"canonical\" href=\"https:\/\/mettapapelaria.com.br\/catalogo\/produto\/lancheira-academie-listras-e-poas-rose-tilibra\/\" \/>\n<meta property=\"og:locale\" content=\"pt_BR\" \/>\n<meta property=\"og:type\" content=\"article\" \/>\n<meta property=\"og:title\" content=\"LANCHEIRA ACAD\u00c9MIE LISTRAS E PO\u00c1S ROS\u00c9 TILIBRA - Metta Papelaria\" \/>\n<meta property=\"og:description\" content=\"A Lancheira Tiracolo Acad\u00e9mie Listras e Po\u00e1s \u00e9 resistente e possui material interno que ajuda a conservar a temperatura dos alimentos, al\u00e9m de ser de f\u00e1cil limpeza. Possui al\u00e7a remov\u00edvel.\" \/>\n<meta property=\"og:url\" content=\"https:\/\/mettapapelaria.com.br\/catalogo\/produto\/lancheira-academie-listras-e-poas-rose-tilibra\/\" \/>\n<meta property=\"og:site_name\" content=\"Metta Papelaria\" \/>\n<meta property=\"article:publisher\" content=\"https:\/\/www.facebook.com\/mettapapelaria\/\" \/>\n<meta property=\"article:modified_time\" content=\"2024-01-30T21:26:12+00:00\" \/>\n<meta property=\"og:image\" content=\"https:\/\/mettapapelaria.com.br\/catalogo\/wp-content\/uploads\/2024\/01\/LANCHEIRA-ACADEMIE-LISTRAS-E-POAS-ROSE-TILIBRA-4.jpg\" \/>\n\t<meta property=\"og:image:width\" content=\"600\" \/>\n\t<meta property=\"og:image:height\" content=\"600\" \/>\n\t<meta property=\"og:image:type\" content=\"image\/jpeg\" \/>\n<meta name=\"twitter:card\" content=\"summary_large_image\" \/>\n<meta name=\"twitter:label1\" content=\"Est. tempo de leitura\" \/>\n\t<meta name=\"twitter:data1\" content=\"1 minuto\" \/>\n<script type=\"application\/ld+json\" class=\"yoast-schema-graph\">{\"@context\":\"https:\/\/schema.org\",\"@graph\":[{\"@type\":\"WebPage\",\"@id\":\"https:\/\/mettapapelaria.com.br\/catalogo\/produto\/lancheira-academie-listras-e-poas-rose-tilibra\/\",\"url\":\"https:\/\/mettapapelaria.com.br\/catalogo\/produto\/lancheira-academie-listras-e-poas-rose-tilibra\/\",\"name\":\"LANCHEIRA ACAD\u00c9MIE LISTRAS E PO\u00c1S ROS\u00c9 TILIBRA - Metta Papelaria\",\"isPartOf\":{\"@id\":\"https:\/\/mettapapelaria.com.br\/catalogo\/#website\"},\"primaryImageOfPage\":{\"@id\":\"https:\/\/mettapapelaria.com.br\/catalogo\/produto\/lancheira-academie-listras-e-poas-rose-tilibra\/#primaryimage\"},\"image\":{\"@id\":\"https:\/\/mettapapelaria.com.br\/catalogo\/produto\/lancheira-academie-listras-e-poas-rose-tilibra\/#primaryimage\"},\"thumbnailUrl\":\"https:\/\/mettapapelaria.com.br\/catalogo\/wp-content\/uploads\/2024\/01\/LANCHEIRA-ACADEMIE-LISTRAS-E-POAS-ROSE-TILIBRA-4.jpg\",\"datePublished\":\"2024-01-30T21:26:11+00:00\",\"dateModified\":\"2024-01-30T21:26:12+00:00\",\"description\":\"A Lancheira Tiracolo Acad\u00e9mie Listras e Po\u00e1s \u00e9 resistente e possui material interno que ajuda a conservar a temperatura dos alimentos, al\u00e9m de ser de f\u00e1cil limpeza. Possui al\u00e7a remov\u00edvel.\",\"breadcrumb\":{\"@id\":\"https:\/\/mettapapelaria.com.br\/catalogo\/produto\/lancheira-academie-listras-e-poas-rose-tilibra\/#breadcrumb\"},\"inLanguage\":\"pt-BR\",\"potentialAction\":[{\"@type\":\"ReadAction\",\"target\":[\"https:\/\/mettapapelaria.com.br\/catalogo\/produto\/lancheira-academie-listras-e-poas-rose-tilibra\/\"]}]},{\"@type\":\"ImageObject\",\"inLanguage\":\"pt-BR\",\"@id\":\"https:\/\/mettapapelaria.com.br\/catalogo\/produto\/lancheira-academie-listras-e-poas-rose-tilibra\/#primaryimage\",\"url\":\"https:\/\/mettapapelaria.com.br\/catalogo\/wp-content\/uploads\/2024\/01\/LANCHEIRA-ACADEMIE-LISTRAS-E-POAS-ROSE-TILIBRA-4.jpg\",\"contentUrl\":\"https:\/\/mettapapelaria.com.br\/catalogo\/wp-content\/uploads\/2024\/01\/LANCHEIRA-ACADEMIE-LISTRAS-E-POAS-ROSE-TILIBRA-4.jpg\",\"width\":600,\"height\":600},{\"@type\":\"BreadcrumbList\",\"@id\":\"https:\/\/mettapapelaria.com.br\/catalogo\/produto\/lancheira-academie-listras-e-poas-rose-tilibra\/#breadcrumb\",\"itemListElement\":[{\"@type\":\"ListItem\",\"position\":1,\"name\":\"In\u00edcio\",\"item\":\"https:\/\/mettapapelaria.com.br\/catalogo\/\"},{\"@type\":\"ListItem\",\"position\":2,\"name\":\"Shop\",\"item\":\"https:\/\/mettapapelaria.com.br\/catalogo\/shop\/\"},{\"@type\":\"ListItem\",\"position\":3,\"name\":\"LANCHEIRA ACAD\u00c9MIE LISTRAS E PO\u00c1S ROS\u00c9 TILIBRA\"}]},{\"@type\":\"WebSite\",\"@id\":\"https:\/\/mettapapelaria.com.br\/catalogo\/#website\",\"url\":\"https:\/\/mettapapelaria.com.br\/catalogo\/\",\"name\":\"Metta Papelaria\",\"description\":\"Materiais e equipamentos de escrit\u00f3rio, suprimentos para inform\u00e1tica, e uma diversificada linha de material escolar\",\"publisher\":{\"@id\":\"https:\/\/mettapapelaria.com.br\/catalogo\/#organization\"},\"potentialAction\":[{\"@type\":\"SearchAction\",\"target\":{\"@type\":\"EntryPoint\",\"urlTemplate\":\"https:\/\/mettapapelaria.com.br\/catalogo\/?s={search_term_string}\"},\"query-input\":{\"@type\":\"PropertyValueSpecification\",\"valueRequired\":true,\"valueName\":\"search_term_string\"}}],\"inLanguage\":\"pt-BR\"},{\"@type\":\"Organization\",\"@id\":\"https:\/\/mettapapelaria.com.br\/catalogo\/#organization\",\"name\":\"Metta Papelaria\",\"url\":\"https:\/\/mettapapelaria.com.br\/catalogo\/\",\"logo\":{\"@type\":\"ImageObject\",\"inLanguage\":\"pt-BR\",\"@id\":\"https:\/\/mettapapelaria.com.br\/catalogo\/#\/schema\/logo\/image\/\",\"url\":\"https:\/\/mettapapelaria.com.br\/catalogo\/wp-content\/uploads\/2023\/12\/cropped-favicon-Metta_512-1.png\",\"contentUrl\":\"https:\/\/mettapapelaria.com.br\/catalogo\/wp-content\/uploads\/2023\/12\/cropped-favicon-Metta_512-1.png\",\"width\":512,\"height\":512,\"caption\":\"Metta Papelaria\"},\"image\":{\"@id\":\"https:\/\/mettapapelaria.com.br\/catalogo\/#\/schema\/logo\/image\/\"},\"sameAs\":[\"https:\/\/www.facebook.com\/mettapapelaria\/\",\"https:\/\/www.instagram.com\/papelariametta\/\"]}]}<\/script>\n<!-- \/ Yoast SEO plugin. -->","yoast_head_json":{"title":"LANCHEIRA ACAD\u00c9MIE LISTRAS E PO\u00c1S ROS\u00c9 TILIBRA - Metta Papelaria","description":"A Lancheira Tiracolo Acad\u00e9mie Listras e Po\u00e1s \u00e9 resistente e possui material interno que ajuda a conservar a temperatura dos alimentos, al\u00e9m de ser de f\u00e1cil limpeza. Possui al\u00e7a remov\u00edvel.","robots":{"index":"index","follow":"follow","max-snippet":"max-snippet:-1","max-image-preview":"max-image-preview:large","max-video-preview":"max-video-preview:-1"},"canonical":"https:\/\/mettapapelaria.com.br\/catalogo\/produto\/lancheira-academie-listras-e-poas-rose-tilibra\/","og_locale":"pt_BR","og_type":"article","og_title":"LANCHEIRA ACAD\u00c9MIE LISTRAS E PO\u00c1S ROS\u00c9 TILIBRA - Metta Papelaria","og_description":"A Lancheira Tiracolo Acad\u00e9mie Listras e Po\u00e1s \u00e9 resistente e possui material interno que ajuda a conservar a temperatura dos alimentos, al\u00e9m de ser de f\u00e1cil limpeza. Possui al\u00e7a remov\u00edvel.","og_url":"https:\/\/mettapapelaria.com.br\/catalogo\/produto\/lancheira-academie-listras-e-poas-rose-tilibra\/","og_site_name":"Metta Papelaria","article_publisher":"https:\/\/www.facebook.com\/mettapapelaria\/","article_modified_time":"2024-01-30T21:26:12+00:00","og_image":[{"width":600,"height":600,"url":"https:\/\/mettapapelaria.com.br\/catalogo\/wp-content\/uploads\/2024\/01\/LANCHEIRA-ACADEMIE-LISTRAS-E-POAS-ROSE-TILIBRA-4.jpg","type":"image\/jpeg"}],"twitter_card":"summary_large_image","twitter_misc":{"Est. tempo de leitura":"1 minuto"},"schema":{"@context":"https:\/\/schema.org","@graph":[{"@type":"WebPage","@id":"https:\/\/mettapapelaria.com.br\/catalogo\/produto\/lancheira-academie-listras-e-poas-rose-tilibra\/","url":"https:\/\/mettapapelaria.com.br\/catalogo\/produto\/lancheira-academie-listras-e-poas-rose-tilibra\/","name":"LANCHEIRA ACAD\u00c9MIE LISTRAS E PO\u00c1S ROS\u00c9 TILIBRA - Metta Papelaria","isPartOf":{"@id":"https:\/\/mettapapelaria.com.br\/catalogo\/#website"},"primaryImageOfPage":{"@id":"https:\/\/mettapapelaria.com.br\/catalogo\/produto\/lancheira-academie-listras-e-poas-rose-tilibra\/#primaryimage"},"image":{"@id":"https:\/\/mettapapelaria.com.br\/catalogo\/produto\/lancheira-academie-listras-e-poas-rose-tilibra\/#primaryimage"},"thumbnailUrl":"https:\/\/mettapapelaria.com.br\/catalogo\/wp-content\/uploads\/2024\/01\/LANCHEIRA-ACADEMIE-LISTRAS-E-POAS-ROSE-TILIBRA-4.jpg","datePublished":"2024-01-30T21:26:11+00:00","dateModified":"2024-01-30T21:26:12+00:00","description":"A Lancheira Tiracolo Acad\u00e9mie Listras e Po\u00e1s \u00e9 resistente e possui material interno que ajuda a conservar a temperatura dos alimentos, al\u00e9m de ser de f\u00e1cil limpeza. Possui al\u00e7a remov\u00edvel.","breadcrumb":{"@id":"https:\/\/mettapapelaria.com.br\/catalogo\/produto\/lancheira-academie-listras-e-poas-rose-tilibra\/#breadcrumb"},"inLanguage":"pt-BR","potentialAction":[{"@type":"ReadAction","target":["https:\/\/mettapapelaria.com.br\/catalogo\/produto\/lancheira-academie-listras-e-poas-rose-tilibra\/"]}]},{"@type":"ImageObject","inLanguage":"pt-BR","@id":"https:\/\/mettapapelaria.com.br\/catalogo\/produto\/lancheira-academie-listras-e-poas-rose-tilibra\/#primaryimage","url":"https:\/\/mettapapelaria.com.br\/catalogo\/wp-content\/uploads\/2024\/01\/LANCHEIRA-ACADEMIE-LISTRAS-E-POAS-ROSE-TILIBRA-4.jpg","contentUrl":"https:\/\/mettapapelaria.com.br\/catalogo\/wp-content\/uploads\/2024\/01\/LANCHEIRA-ACADEMIE-LISTRAS-E-POAS-ROSE-TILIBRA-4.jpg","width":600,"height":600},{"@type":"BreadcrumbList","@id":"https:\/\/mettapapelaria.com.br\/catalogo\/produto\/lancheira-academie-listras-e-poas-rose-tilibra\/#breadcrumb","itemListElement":[{"@type":"ListItem","position":1,"name":"In\u00edcio","item":"https:\/\/mettapapelaria.com.br\/catalogo\/"},{"@type":"ListItem","position":2,"name":"Shop","item":"https:\/\/mettapapelaria.com.br\/catalogo\/shop\/"},{"@type":"ListItem","position":3,"name":"LANCHEIRA ACAD\u00c9MIE LISTRAS E PO\u00c1S ROS\u00c9 TILIBRA"}]},{"@type":"WebSite","@id":"https:\/\/mettapapelaria.com.br\/catalogo\/#website","url":"https:\/\/mettapapelaria.com.br\/catalogo\/","name":"Metta Papelaria","description":"Materiais e equipamentos de escrit\u00f3rio, suprimentos para inform\u00e1tica, e uma diversificada linha de material escolar","publisher":{"@id":"https:\/\/mettapapelaria.com.br\/catalogo\/#organization"},"potentialAction":[{"@type":"SearchAction","target":{"@type":"EntryPoint","urlTemplate":"https:\/\/mettapapelaria.com.br\/catalogo\/?s={search_term_string}"},"query-input":{"@type":"PropertyValueSpecification","valueRequired":true,"valueName":"search_term_string"}}],"inLanguage":"pt-BR"},{"@type":"Organization","@id":"https:\/\/mettapapelaria.com.br\/catalogo\/#organization","name":"Metta Papelaria","url":"https:\/\/mettapapelaria.com.br\/catalogo\/","logo":{"@type":"ImageObject","inLanguage":"pt-BR","@id":"https:\/\/mettapapelaria.com.br\/catalogo\/#\/schema\/logo\/image\/","url":"https:\/\/mettapapelaria.com.br\/catalogo\/wp-content\/uploads\/2023\/12\/cropped-favicon-Metta_512-1.png","contentUrl":"https:\/\/mettapapelaria.com.br\/catalogo\/wp-content\/uploads\/2023\/12\/cropped-favicon-Metta_512-1.png","width":512,"height":512,"caption":"Metta Papelaria"},"image":{"@id":"https:\/\/mettapapelaria.com.br\/catalogo\/#\/schema\/logo\/image\/"},"sameAs":["https:\/\/www.facebook.com\/mettapapelaria\/","https:\/\/www.instagram.com\/papelariametta\/"]}]}},"_links":{"self":[{"href":"https:\/\/mettapapelaria.com.br\/catalogo\/wp-json\/wp\/v2\/product\/6669","targetHints":{"allow":["GET"]}}],"collection":[{"href":"https:\/\/mettapapelaria.com.br\/catalogo\/wp-json\/wp\/v2\/product"}],"about":[{"href":"https:\/\/mettapapelaria.com.br\/catalogo\/wp-json\/wp\/v2\/types\/product"}],"replies":[{"embeddable":true,"href":"https:\/\/mettapapelaria.com.br\/catalogo\/wp-json\/wp\/v2\/comments?post=6669"}],"version-history":[{"count":2,"href":"https:\/\/mettapapelaria.com.br\/catalogo\/wp-json\/wp\/v2\/product\/6669\/revisions"}],"predecessor-version":[{"id":6678,"href":"https:\/\/mettapapelaria.com.br\/catalogo\/wp-json\/wp\/v2\/product\/6669\/revisions\/6678"}],"wp:featuredmedia":[{"embeddable":true,"href":"https:\/\/mettapapelaria.com.br\/catalogo\/wp-json\/wp\/v2\/media\/6670"}],"wp:attachment":[{"href":"https:\/\/mettapapelaria.com.br\/catalogo\/wp-json\/wp\/v2\/media?parent=6669"}],"wp:term":[{"taxonomy":"brand","embeddable":true,"href":"https:\/\/mettapapelaria.com.br\/catalogo\/wp-json\/wp\/v2\/etheme_brands?post=6669"},{"taxonomy":"product_brand","embeddable":true,"href":"https:\/\/mettapapelaria.com.br\/catalogo\/wp-json\/wp\/v2\/product_brand?post=6669"},{"taxonomy":"product_cat","embeddable":true,"href":"https:\/\/mettapapelaria.com.br\/catalogo\/wp-json\/wp\/v2\/product_cat?post=6669"},{"taxonomy":"product_tag","embeddable":true,"href":"https:\/\/mettapapelaria.com.br\/catalogo\/wp-json\/wp\/v2\/product_tag?post=6669"}],"curies":[{"name":"wp","href":"https:\/\/api.w.org\/{rel}","templated":true}]}}