{"id":6640,"date":"2024-01-26T14:44:43","date_gmt":"2024-01-26T17:44:43","guid":{"rendered":"https:\/\/mettapapelaria.com.br\/catalogo\/?post_type=product&#038;p=6640"},"modified":"2024-01-26T14:44:44","modified_gmt":"2024-01-26T17:44:44","slug":"giz-de-cera-pastel-6-cores-brw","status":"publish","type":"product","link":"https:\/\/mettapapelaria.com.br\/catalogo\/produto\/giz-de-cera-pastel-6-cores-brw\/","title":{"rendered":"GIZ DE CERA PASTEL 6 CORES BRW"},"content":{"rendered":"<p>Este giz de cera retr\u00e1til com 6 cores em tons pastel \u00e9 a escolha perfeita para crian\u00e7as e artistas de todas as idades! Com uma textura super macia que n\u00e3o quebra facilmente, este giz de cera oferece alta cobertura e cores vibrantes que d\u00e3o vida \u00e0s suas cria\u00e7\u00f5es. Al\u00e9m disso, ele tamb\u00e9m \u00e9 aquarel\u00e1vel, permitindo que voc\u00ea misture e sobreponha cores para obter resultados ainda mais incr\u00edveis. Com sua conveni\u00eancia retr\u00e1til, este giz de cera \u00e9 f\u00e1cil de transportar e armazenar al\u00e9m de ser mais resistente para o uso por m\u00e3ozinhas pequenas. Experimente agora e libere sua criatividade!<\/p>\n<p>Mais detalhes:<\/p>\n<ul>\n<li>Composi\u00e7\u00e3o: corpo em resina termopl\u00e1stica, \u00e1gua, glicerina e pigmentos.<\/li>\n<li>N\u00e3o recomendado para menores de 3 anos<\/li>\n<li>Registro Inmetro: 003083\/2018<\/li>\n<\/ul>\n","protected":false},"excerpt":{"rendered":"<p>Este giz de cera retr\u00e1til com 6 cores em tons pastel \u00e9 a escolha perfeita para crian\u00e7as e artistas de todas as idades! Com uma&#8230;<\/p>\n","protected":false},"featured_media":6641,"comment_status":"open","ping_status":"closed","template":"","meta":[],"etheme_brands":[{"term_id":193,"name":"BRW","slug":"brw","term_group":0,"term_taxonomy_id":193,"taxonomy":"brand","description":"","parent":0,"count":34,"filter":"raw"}],"product_brand":[],"product_cat":[38,16],"product_tag":[338,397,293,396,276,316,275,395,351,294,292,227,225,384,317,274,318],"class_list":{"0":"post-6640","1":"product","2":"type-product","3":"status-publish","4":"has-post-thumbnail","6":"brand-brw","7":"product_cat-giz-de-cera-giz-pastel-giz-escola","8":"product_cat-material-escolar","9":"product_tag-colorido","10":"product_tag-cores-pasteis","11":"product_tag-crianca","12":"product_tag-cute","13":"product_tag-escola","14":"product_tag-estudante","15":"product_tag-faculdade","16":"product_tag-fofo","17":"product_tag-giz-de-cera","18":"product_tag-infantil","19":"product_tag-kids","20":"product_tag-material-escolar","21":"product_tag-metta-papelaria","22":"product_tag-pastel","23":"product_tag-study","24":"product_tag-universidade","25":"product_tag-volta-as-aulas","27":"first","28":"instock","29":"sold-individually","30":"shipping-taxable","31":"purchasable","32":"product-type-simple"},"yoast_head":"<!-- This site is optimized with the Yoast SEO plugin v26.9 - https:\/\/yoast.com\/product\/yoast-seo-wordpress\/ -->\n<title>GIZ DE CERA PASTEL 6 CORES BRW - Metta Papelaria<\/title>\n<meta name=\"description\" content=\"Este giz de cera retr\u00e1til com 6 cores em tons pastel \u00e9 a escolha perfeita para crian\u00e7as e artistas de todas as idades! Com uma textura super macia que n\u00e3o quebra facilmente, este giz de cera oferece alta cobertura e cores vibrantes que d\u00e3o vida \u00e0s suas cria\u00e7\u00f5es. Al\u00e9m disso, ele tamb\u00e9m \u00e9 aquarel\u00e1vel, permitindo que voc\u00ea misture e sobreponha cores para obter resultados ainda mais incr\u00edveis. Com sua conveni\u00eancia retr\u00e1til, este giz de cera \u00e9 f\u00e1cil de transportar e armazenar al\u00e9m de ser mais resistente para o uso por m\u00e3ozinhas pequenas. Experimente agora e libere sua criatividade!\" \/>\n<meta name=\"robots\" content=\"index, follow, max-snippet:-1, max-image-preview:large, max-video-preview:-1\" \/>\n<link rel=\"canonical\" href=\"https:\/\/mettapapelaria.com.br\/catalogo\/produto\/giz-de-cera-pastel-6-cores-brw\/\" \/>\n<meta property=\"og:locale\" content=\"pt_BR\" \/>\n<meta property=\"og:type\" content=\"article\" \/>\n<meta property=\"og:title\" content=\"GIZ DE CERA PASTEL 6 CORES BRW - Metta Papelaria\" \/>\n<meta property=\"og:description\" content=\"Este giz de cera retr\u00e1til com 6 cores em tons pastel \u00e9 a escolha perfeita para crian\u00e7as e artistas de todas as idades! Com uma textura super macia que n\u00e3o quebra facilmente, este giz de cera oferece alta cobertura e cores vibrantes que d\u00e3o vida \u00e0s suas cria\u00e7\u00f5es. Al\u00e9m disso, ele tamb\u00e9m \u00e9 aquarel\u00e1vel, permitindo que voc\u00ea misture e sobreponha cores para obter resultados ainda mais incr\u00edveis. Com sua conveni\u00eancia retr\u00e1til, este giz de cera \u00e9 f\u00e1cil de transportar e armazenar al\u00e9m de ser mais resistente para o uso por m\u00e3ozinhas pequenas. Experimente agora e libere sua criatividade!\" \/>\n<meta property=\"og:url\" content=\"https:\/\/mettapapelaria.com.br\/catalogo\/produto\/giz-de-cera-pastel-6-cores-brw\/\" \/>\n<meta property=\"og:site_name\" content=\"Metta Papelaria\" \/>\n<meta property=\"article:publisher\" content=\"https:\/\/www.facebook.com\/mettapapelaria\/\" \/>\n<meta property=\"article:modified_time\" content=\"2024-01-26T17:44:44+00:00\" \/>\n<meta property=\"og:image\" content=\"https:\/\/mettapapelaria.com.br\/catalogo\/wp-content\/uploads\/2024\/01\/GIZ-DE-CERA-PASTEL-6-CORES-BRW.jpg\" \/>\n\t<meta property=\"og:image:width\" content=\"600\" \/>\n\t<meta property=\"og:image:height\" content=\"600\" \/>\n\t<meta property=\"og:image:type\" content=\"image\/jpeg\" \/>\n<meta name=\"twitter:card\" content=\"summary_large_image\" \/>\n<meta name=\"twitter:label1\" content=\"Est. tempo de leitura\" \/>\n\t<meta name=\"twitter:data1\" content=\"1 minuto\" \/>\n<script type=\"application\/ld+json\" class=\"yoast-schema-graph\">{\"@context\":\"https:\/\/schema.org\",\"@graph\":[{\"@type\":\"WebPage\",\"@id\":\"https:\/\/mettapapelaria.com.br\/catalogo\/produto\/giz-de-cera-pastel-6-cores-brw\/\",\"url\":\"https:\/\/mettapapelaria.com.br\/catalogo\/produto\/giz-de-cera-pastel-6-cores-brw\/\",\"name\":\"GIZ DE CERA PASTEL 6 CORES BRW - Metta Papelaria\",\"isPartOf\":{\"@id\":\"https:\/\/mettapapelaria.com.br\/catalogo\/#website\"},\"primaryImageOfPage\":{\"@id\":\"https:\/\/mettapapelaria.com.br\/catalogo\/produto\/giz-de-cera-pastel-6-cores-brw\/#primaryimage\"},\"image\":{\"@id\":\"https:\/\/mettapapelaria.com.br\/catalogo\/produto\/giz-de-cera-pastel-6-cores-brw\/#primaryimage\"},\"thumbnailUrl\":\"https:\/\/mettapapelaria.com.br\/catalogo\/wp-content\/uploads\/2024\/01\/GIZ-DE-CERA-PASTEL-6-CORES-BRW.jpg\",\"datePublished\":\"2024-01-26T17:44:43+00:00\",\"dateModified\":\"2024-01-26T17:44:44+00:00\",\"description\":\"Este giz de cera retr\u00e1til com 6 cores em tons pastel \u00e9 a escolha perfeita para crian\u00e7as e artistas de todas as idades! Com uma textura super macia que n\u00e3o quebra facilmente, este giz de cera oferece alta cobertura e cores vibrantes que d\u00e3o vida \u00e0s suas cria\u00e7\u00f5es. Al\u00e9m disso, ele tamb\u00e9m \u00e9 aquarel\u00e1vel, permitindo que voc\u00ea misture e sobreponha cores para obter resultados ainda mais incr\u00edveis. Com sua conveni\u00eancia retr\u00e1til, este giz de cera \u00e9 f\u00e1cil de transportar e armazenar al\u00e9m de ser mais resistente para o uso por m\u00e3ozinhas pequenas. Experimente agora e libere sua criatividade!\",\"breadcrumb\":{\"@id\":\"https:\/\/mettapapelaria.com.br\/catalogo\/produto\/giz-de-cera-pastel-6-cores-brw\/#breadcrumb\"},\"inLanguage\":\"pt-BR\",\"potentialAction\":[{\"@type\":\"ReadAction\",\"target\":[\"https:\/\/mettapapelaria.com.br\/catalogo\/produto\/giz-de-cera-pastel-6-cores-brw\/\"]}]},{\"@type\":\"ImageObject\",\"inLanguage\":\"pt-BR\",\"@id\":\"https:\/\/mettapapelaria.com.br\/catalogo\/produto\/giz-de-cera-pastel-6-cores-brw\/#primaryimage\",\"url\":\"https:\/\/mettapapelaria.com.br\/catalogo\/wp-content\/uploads\/2024\/01\/GIZ-DE-CERA-PASTEL-6-CORES-BRW.jpg\",\"contentUrl\":\"https:\/\/mettapapelaria.com.br\/catalogo\/wp-content\/uploads\/2024\/01\/GIZ-DE-CERA-PASTEL-6-CORES-BRW.jpg\",\"width\":600,\"height\":600},{\"@type\":\"BreadcrumbList\",\"@id\":\"https:\/\/mettapapelaria.com.br\/catalogo\/produto\/giz-de-cera-pastel-6-cores-brw\/#breadcrumb\",\"itemListElement\":[{\"@type\":\"ListItem\",\"position\":1,\"name\":\"In\u00edcio\",\"item\":\"https:\/\/mettapapelaria.com.br\/catalogo\/\"},{\"@type\":\"ListItem\",\"position\":2,\"name\":\"Shop\",\"item\":\"https:\/\/mettapapelaria.com.br\/catalogo\/shop\/\"},{\"@type\":\"ListItem\",\"position\":3,\"name\":\"GIZ DE CERA PASTEL 6 CORES BRW\"}]},{\"@type\":\"WebSite\",\"@id\":\"https:\/\/mettapapelaria.com.br\/catalogo\/#website\",\"url\":\"https:\/\/mettapapelaria.com.br\/catalogo\/\",\"name\":\"Metta Papelaria\",\"description\":\"Materiais e equipamentos de escrit\u00f3rio, suprimentos para inform\u00e1tica, e uma diversificada linha de material escolar\",\"publisher\":{\"@id\":\"https:\/\/mettapapelaria.com.br\/catalogo\/#organization\"},\"potentialAction\":[{\"@type\":\"SearchAction\",\"target\":{\"@type\":\"EntryPoint\",\"urlTemplate\":\"https:\/\/mettapapelaria.com.br\/catalogo\/?s={search_term_string}\"},\"query-input\":{\"@type\":\"PropertyValueSpecification\",\"valueRequired\":true,\"valueName\":\"search_term_string\"}}],\"inLanguage\":\"pt-BR\"},{\"@type\":\"Organization\",\"@id\":\"https:\/\/mettapapelaria.com.br\/catalogo\/#organization\",\"name\":\"Metta Papelaria\",\"url\":\"https:\/\/mettapapelaria.com.br\/catalogo\/\",\"logo\":{\"@type\":\"ImageObject\",\"inLanguage\":\"pt-BR\",\"@id\":\"https:\/\/mettapapelaria.com.br\/catalogo\/#\/schema\/logo\/image\/\",\"url\":\"https:\/\/mettapapelaria.com.br\/catalogo\/wp-content\/uploads\/2023\/12\/cropped-favicon-Metta_512-1.png\",\"contentUrl\":\"https:\/\/mettapapelaria.com.br\/catalogo\/wp-content\/uploads\/2023\/12\/cropped-favicon-Metta_512-1.png\",\"width\":512,\"height\":512,\"caption\":\"Metta Papelaria\"},\"image\":{\"@id\":\"https:\/\/mettapapelaria.com.br\/catalogo\/#\/schema\/logo\/image\/\"},\"sameAs\":[\"https:\/\/www.facebook.com\/mettapapelaria\/\",\"https:\/\/www.instagram.com\/papelariametta\/\"]}]}<\/script>\n<!-- \/ Yoast SEO plugin. -->","yoast_head_json":{"title":"GIZ DE CERA PASTEL 6 CORES BRW - Metta Papelaria","description":"Este giz de cera retr\u00e1til com 6 cores em tons pastel \u00e9 a escolha perfeita para crian\u00e7as e artistas de todas as idades! Com uma textura super macia que n\u00e3o quebra facilmente, este giz de cera oferece alta cobertura e cores vibrantes que d\u00e3o vida \u00e0s suas cria\u00e7\u00f5es. Al\u00e9m disso, ele tamb\u00e9m \u00e9 aquarel\u00e1vel, permitindo que voc\u00ea misture e sobreponha cores para obter resultados ainda mais incr\u00edveis. Com sua conveni\u00eancia retr\u00e1til, este giz de cera \u00e9 f\u00e1cil de transportar e armazenar al\u00e9m de ser mais resistente para o uso por m\u00e3ozinhas pequenas. Experimente agora e libere sua criatividade!","robots":{"index":"index","follow":"follow","max-snippet":"max-snippet:-1","max-image-preview":"max-image-preview:large","max-video-preview":"max-video-preview:-1"},"canonical":"https:\/\/mettapapelaria.com.br\/catalogo\/produto\/giz-de-cera-pastel-6-cores-brw\/","og_locale":"pt_BR","og_type":"article","og_title":"GIZ DE CERA PASTEL 6 CORES BRW - Metta Papelaria","og_description":"Este giz de cera retr\u00e1til com 6 cores em tons pastel \u00e9 a escolha perfeita para crian\u00e7as e artistas de todas as idades! Com uma textura super macia que n\u00e3o quebra facilmente, este giz de cera oferece alta cobertura e cores vibrantes que d\u00e3o vida \u00e0s suas cria\u00e7\u00f5es. Al\u00e9m disso, ele tamb\u00e9m \u00e9 aquarel\u00e1vel, permitindo que voc\u00ea misture e sobreponha cores para obter resultados ainda mais incr\u00edveis. Com sua conveni\u00eancia retr\u00e1til, este giz de cera \u00e9 f\u00e1cil de transportar e armazenar al\u00e9m de ser mais resistente para o uso por m\u00e3ozinhas pequenas. Experimente agora e libere sua criatividade!","og_url":"https:\/\/mettapapelaria.com.br\/catalogo\/produto\/giz-de-cera-pastel-6-cores-brw\/","og_site_name":"Metta Papelaria","article_publisher":"https:\/\/www.facebook.com\/mettapapelaria\/","article_modified_time":"2024-01-26T17:44:44+00:00","og_image":[{"width":600,"height":600,"url":"https:\/\/mettapapelaria.com.br\/catalogo\/wp-content\/uploads\/2024\/01\/GIZ-DE-CERA-PASTEL-6-CORES-BRW.jpg","type":"image\/jpeg"}],"twitter_card":"summary_large_image","twitter_misc":{"Est. tempo de leitura":"1 minuto"},"schema":{"@context":"https:\/\/schema.org","@graph":[{"@type":"WebPage","@id":"https:\/\/mettapapelaria.com.br\/catalogo\/produto\/giz-de-cera-pastel-6-cores-brw\/","url":"https:\/\/mettapapelaria.com.br\/catalogo\/produto\/giz-de-cera-pastel-6-cores-brw\/","name":"GIZ DE CERA PASTEL 6 CORES BRW - Metta Papelaria","isPartOf":{"@id":"https:\/\/mettapapelaria.com.br\/catalogo\/#website"},"primaryImageOfPage":{"@id":"https:\/\/mettapapelaria.com.br\/catalogo\/produto\/giz-de-cera-pastel-6-cores-brw\/#primaryimage"},"image":{"@id":"https:\/\/mettapapelaria.com.br\/catalogo\/produto\/giz-de-cera-pastel-6-cores-brw\/#primaryimage"},"thumbnailUrl":"https:\/\/mettapapelaria.com.br\/catalogo\/wp-content\/uploads\/2024\/01\/GIZ-DE-CERA-PASTEL-6-CORES-BRW.jpg","datePublished":"2024-01-26T17:44:43+00:00","dateModified":"2024-01-26T17:44:44+00:00","description":"Este giz de cera retr\u00e1til com 6 cores em tons pastel \u00e9 a escolha perfeita para crian\u00e7as e artistas de todas as idades! Com uma textura super macia que n\u00e3o quebra facilmente, este giz de cera oferece alta cobertura e cores vibrantes que d\u00e3o vida \u00e0s suas cria\u00e7\u00f5es. Al\u00e9m disso, ele tamb\u00e9m \u00e9 aquarel\u00e1vel, permitindo que voc\u00ea misture e sobreponha cores para obter resultados ainda mais incr\u00edveis. Com sua conveni\u00eancia retr\u00e1til, este giz de cera \u00e9 f\u00e1cil de transportar e armazenar al\u00e9m de ser mais resistente para o uso por m\u00e3ozinhas pequenas. Experimente agora e libere sua criatividade!","breadcrumb":{"@id":"https:\/\/mettapapelaria.com.br\/catalogo\/produto\/giz-de-cera-pastel-6-cores-brw\/#breadcrumb"},"inLanguage":"pt-BR","potentialAction":[{"@type":"ReadAction","target":["https:\/\/mettapapelaria.com.br\/catalogo\/produto\/giz-de-cera-pastel-6-cores-brw\/"]}]},{"@type":"ImageObject","inLanguage":"pt-BR","@id":"https:\/\/mettapapelaria.com.br\/catalogo\/produto\/giz-de-cera-pastel-6-cores-brw\/#primaryimage","url":"https:\/\/mettapapelaria.com.br\/catalogo\/wp-content\/uploads\/2024\/01\/GIZ-DE-CERA-PASTEL-6-CORES-BRW.jpg","contentUrl":"https:\/\/mettapapelaria.com.br\/catalogo\/wp-content\/uploads\/2024\/01\/GIZ-DE-CERA-PASTEL-6-CORES-BRW.jpg","width":600,"height":600},{"@type":"BreadcrumbList","@id":"https:\/\/mettapapelaria.com.br\/catalogo\/produto\/giz-de-cera-pastel-6-cores-brw\/#breadcrumb","itemListElement":[{"@type":"ListItem","position":1,"name":"In\u00edcio","item":"https:\/\/mettapapelaria.com.br\/catalogo\/"},{"@type":"ListItem","position":2,"name":"Shop","item":"https:\/\/mettapapelaria.com.br\/catalogo\/shop\/"},{"@type":"ListItem","position":3,"name":"GIZ DE CERA PASTEL 6 CORES BRW"}]},{"@type":"WebSite","@id":"https:\/\/mettapapelaria.com.br\/catalogo\/#website","url":"https:\/\/mettapapelaria.com.br\/catalogo\/","name":"Metta Papelaria","description":"Materiais e equipamentos de escrit\u00f3rio, suprimentos para inform\u00e1tica, e uma diversificada linha de material escolar","publisher":{"@id":"https:\/\/mettapapelaria.com.br\/catalogo\/#organization"},"potentialAction":[{"@type":"SearchAction","target":{"@type":"EntryPoint","urlTemplate":"https:\/\/mettapapelaria.com.br\/catalogo\/?s={search_term_string}"},"query-input":{"@type":"PropertyValueSpecification","valueRequired":true,"valueName":"search_term_string"}}],"inLanguage":"pt-BR"},{"@type":"Organization","@id":"https:\/\/mettapapelaria.com.br\/catalogo\/#organization","name":"Metta Papelaria","url":"https:\/\/mettapapelaria.com.br\/catalogo\/","logo":{"@type":"ImageObject","inLanguage":"pt-BR","@id":"https:\/\/mettapapelaria.com.br\/catalogo\/#\/schema\/logo\/image\/","url":"https:\/\/mettapapelaria.com.br\/catalogo\/wp-content\/uploads\/2023\/12\/cropped-favicon-Metta_512-1.png","contentUrl":"https:\/\/mettapapelaria.com.br\/catalogo\/wp-content\/uploads\/2023\/12\/cropped-favicon-Metta_512-1.png","width":512,"height":512,"caption":"Metta Papelaria"},"image":{"@id":"https:\/\/mettapapelaria.com.br\/catalogo\/#\/schema\/logo\/image\/"},"sameAs":["https:\/\/www.facebook.com\/mettapapelaria\/","https:\/\/www.instagram.com\/papelariametta\/"]}]}},"_links":{"self":[{"href":"https:\/\/mettapapelaria.com.br\/catalogo\/wp-json\/wp\/v2\/product\/6640","targetHints":{"allow":["GET"]}}],"collection":[{"href":"https:\/\/mettapapelaria.com.br\/catalogo\/wp-json\/wp\/v2\/product"}],"about":[{"href":"https:\/\/mettapapelaria.com.br\/catalogo\/wp-json\/wp\/v2\/types\/product"}],"replies":[{"embeddable":true,"href":"https:\/\/mettapapelaria.com.br\/catalogo\/wp-json\/wp\/v2\/comments?post=6640"}],"version-history":[{"count":1,"href":"https:\/\/mettapapelaria.com.br\/catalogo\/wp-json\/wp\/v2\/product\/6640\/revisions"}],"predecessor-version":[{"id":6643,"href":"https:\/\/mettapapelaria.com.br\/catalogo\/wp-json\/wp\/v2\/product\/6640\/revisions\/6643"}],"wp:featuredmedia":[{"embeddable":true,"href":"https:\/\/mettapapelaria.com.br\/catalogo\/wp-json\/wp\/v2\/media\/6641"}],"wp:attachment":[{"href":"https:\/\/mettapapelaria.com.br\/catalogo\/wp-json\/wp\/v2\/media?parent=6640"}],"wp:term":[{"taxonomy":"brand","embeddable":true,"href":"https:\/\/mettapapelaria.com.br\/catalogo\/wp-json\/wp\/v2\/etheme_brands?post=6640"},{"taxonomy":"product_brand","embeddable":true,"href":"https:\/\/mettapapelaria.com.br\/catalogo\/wp-json\/wp\/v2\/product_brand?post=6640"},{"taxonomy":"product_cat","embeddable":true,"href":"https:\/\/mettapapelaria.com.br\/catalogo\/wp-json\/wp\/v2\/product_cat?post=6640"},{"taxonomy":"product_tag","embeddable":true,"href":"https:\/\/mettapapelaria.com.br\/catalogo\/wp-json\/wp\/v2\/product_tag?post=6640"}],"curies":[{"name":"wp","href":"https:\/\/api.w.org\/{rel}","templated":true}]}}