{"id":6609,"date":"2024-01-25T16:35:36","date_gmt":"2024-01-25T19:35:36","guid":{"rendered":"https:\/\/mettapapelaria.com.br\/catalogo\/?post_type=product&#038;p=6609"},"modified":"2024-01-25T16:35:37","modified_gmt":"2024-01-25T19:35:37","slug":"caneta-com-ponteira-paw-fineliner-0-4-brw","status":"publish","type":"product","link":"https:\/\/mettapapelaria.com.br\/catalogo\/produto\/caneta-com-ponteira-paw-fineliner-0-4-brw\/","title":{"rendered":"CANETA COM PONTEIRA PAW FINELINER 0.4 BRW"},"content":{"rendered":"<p>Para os que buscam cores lindas e uma ponta fininha de 0,4mm para fazer tra\u00e7os perfeitos, a Caneta Fine liner 0.4mm Paw BRW \u00e9 a melhor pedida! Sua escrita \u00e9 bem macia e a ponta \u00e9 ultra resistente, o que garante tra\u00e7ados precisos e de qualidade para compor seus projetos. Al\u00e9m disso, sua tinta seca rapidamente e n\u00e3o borra e nem mancha o papel escrito.<\/p>\n<p>A Caneta Fine liner 0.4mm Paw BRW possui duas op\u00e7\u00f5es de cores, al\u00e9m de detalhes lindos na ponteira. S\u00e3o ideais para escrever em cadernos de estudos, em anota\u00e7\u00f5es cotidianas no trabalho e tamb\u00e9m fazer detalhes \u00fanicos em desenhos art\u00edsticos e letterings.<\/p>\n<ul>\n<li>Composi\u00e7\u00e3o: resinas termopl\u00e1sticas, tinta \u00e0 base de corantes, solventes e ponta sint\u00e9tica.<\/li>\n<\/ul>\n<p>Recomenda\u00e7\u00f5es: ATEN\u00c7\u00c3O! N\u00e3o recomend\u00e1vel para crian\u00e7as de at\u00e9 4 (quatro) anos, por conter parte(s) pequena(s) que pode(m) ser engolida(s) ou aspirada(s) e ponta(s) aguda(s) funcional(is). Crian\u00e7as entre 5 (cinco) e 8 (oito) anos somente devem utilizar sob a supervis\u00e3o de um adulto.<\/p>\n","protected":false},"excerpt":{"rendered":"<p>Para os que buscam cores lindas e uma ponta fininha de 0,4mm para fazer tra\u00e7os perfeitos, a Caneta Fine liner 0.4mm Paw BRW \u00e9 a&#8230;<\/p>\n","protected":false},"featured_media":6610,"comment_status":"open","ping_status":"closed","template":"","meta":[],"etheme_brands":[{"term_id":193,"name":"BRW","slug":"brw","term_group":0,"term_taxonomy_id":193,"taxonomy":"brand","description":"","parent":0,"count":34,"filter":"raw"}],"product_brand":[],"product_cat":[21,16],"product_tag":[377,533,534,535,293,396,276,316,275,395,336,335,294,292,437,227,225,536,537,317,274,318],"class_list":{"0":"post-6609","1":"product","2":"type-product","3":"status-publish","4":"has-post-thumbnail","6":"brand-brw","7":"product_cat-canetas","8":"product_cat-material-escolar","9":"product_tag-caneta","10":"product_tag-caneta-fina","11":"product_tag-caneta-fineliner","12":"product_tag-caneta-pra-contorno","13":"product_tag-crianca","14":"product_tag-cute","15":"product_tag-escola","16":"product_tag-estudante","17":"product_tag-faculdade","18":"product_tag-fofo","19":"product_tag-gatinho","20":"product_tag-gato","21":"product_tag-infantil","22":"product_tag-kids","23":"product_tag-lettering","24":"product_tag-material-escolar","25":"product_tag-metta-papelaria","26":"product_tag-pata-de-gato","27":"product_tag-patinha-de-gato","28":"product_tag-study","29":"product_tag-universidade","30":"product_tag-volta-as-aulas","32":"first","33":"instock","34":"sold-individually","35":"shipping-taxable","36":"purchasable","37":"product-type-simple"},"yoast_head":"<!-- This site is optimized with the Yoast SEO plugin v26.9 - https:\/\/yoast.com\/product\/yoast-seo-wordpress\/ -->\n<title>CANETA COM PONTEIRA PAW FINELINER 0.4 BRW - Metta Papelaria<\/title>\n<meta name=\"description\" content=\"Para os que buscam cores lindas e uma ponta fininha de 0,4mm para fazer tra\u00e7os perfeitos, a Caneta Fine liner 0.4mm Paw BRW \u00e9 a melhor pedida! Sua escrita \u00e9 bem macia e a ponta \u00e9 ultra resistente, o que garante tra\u00e7ados precisos e de qualidade para compor seus projetos. Al\u00e9m disso, sua tinta seca rapidamente e n\u00e3o borra e nem mancha o papel escrito. A Caneta Fine liner 0.4mm Paw BRW possui duas op\u00e7\u00f5es de cores, al\u00e9m de detalhes lindos na ponteira. S\u00e3o ideais para escrever em cadernos de estudos, em anota\u00e7\u00f5es cotidianas no trabalho e tamb\u00e9m fazer detalhes \u00fanicos em desenhos art\u00edsticos e letterings.\" \/>\n<meta name=\"robots\" content=\"index, follow, max-snippet:-1, max-image-preview:large, max-video-preview:-1\" \/>\n<link rel=\"canonical\" href=\"https:\/\/mettapapelaria.com.br\/catalogo\/produto\/caneta-com-ponteira-paw-fineliner-0-4-brw\/\" \/>\n<meta property=\"og:locale\" content=\"pt_BR\" \/>\n<meta property=\"og:type\" content=\"article\" \/>\n<meta property=\"og:title\" content=\"CANETA COM PONTEIRA PAW FINELINER 0.4 BRW - Metta Papelaria\" \/>\n<meta property=\"og:description\" content=\"Para os que buscam cores lindas e uma ponta fininha de 0,4mm para fazer tra\u00e7os perfeitos, a Caneta Fine liner 0.4mm Paw BRW \u00e9 a melhor pedida! Sua escrita \u00e9 bem macia e a ponta \u00e9 ultra resistente, o que garante tra\u00e7ados precisos e de qualidade para compor seus projetos. Al\u00e9m disso, sua tinta seca rapidamente e n\u00e3o borra e nem mancha o papel escrito. A Caneta Fine liner 0.4mm Paw BRW possui duas op\u00e7\u00f5es de cores, al\u00e9m de detalhes lindos na ponteira. S\u00e3o ideais para escrever em cadernos de estudos, em anota\u00e7\u00f5es cotidianas no trabalho e tamb\u00e9m fazer detalhes \u00fanicos em desenhos art\u00edsticos e letterings.\" \/>\n<meta property=\"og:url\" content=\"https:\/\/mettapapelaria.com.br\/catalogo\/produto\/caneta-com-ponteira-paw-fineliner-0-4-brw\/\" \/>\n<meta property=\"og:site_name\" content=\"Metta Papelaria\" \/>\n<meta property=\"article:publisher\" content=\"https:\/\/www.facebook.com\/mettapapelaria\/\" \/>\n<meta property=\"article:modified_time\" content=\"2024-01-25T19:35:37+00:00\" \/>\n<meta property=\"og:image\" content=\"https:\/\/mettapapelaria.com.br\/catalogo\/wp-content\/uploads\/2024\/01\/CANETA-COM-PONTEIRA-PAW-FINELINER-0.4-BRW.jpg\" \/>\n\t<meta property=\"og:image:width\" content=\"600\" \/>\n\t<meta property=\"og:image:height\" content=\"600\" \/>\n\t<meta property=\"og:image:type\" content=\"image\/jpeg\" \/>\n<meta name=\"twitter:card\" content=\"summary_large_image\" \/>\n<meta name=\"twitter:label1\" content=\"Est. tempo de leitura\" \/>\n\t<meta name=\"twitter:data1\" content=\"2 minutos\" \/>\n<script type=\"application\/ld+json\" class=\"yoast-schema-graph\">{\"@context\":\"https:\/\/schema.org\",\"@graph\":[{\"@type\":\"WebPage\",\"@id\":\"https:\/\/mettapapelaria.com.br\/catalogo\/produto\/caneta-com-ponteira-paw-fineliner-0-4-brw\/\",\"url\":\"https:\/\/mettapapelaria.com.br\/catalogo\/produto\/caneta-com-ponteira-paw-fineliner-0-4-brw\/\",\"name\":\"CANETA COM PONTEIRA PAW FINELINER 0.4 BRW - Metta Papelaria\",\"isPartOf\":{\"@id\":\"https:\/\/mettapapelaria.com.br\/catalogo\/#website\"},\"primaryImageOfPage\":{\"@id\":\"https:\/\/mettapapelaria.com.br\/catalogo\/produto\/caneta-com-ponteira-paw-fineliner-0-4-brw\/#primaryimage\"},\"image\":{\"@id\":\"https:\/\/mettapapelaria.com.br\/catalogo\/produto\/caneta-com-ponteira-paw-fineliner-0-4-brw\/#primaryimage\"},\"thumbnailUrl\":\"https:\/\/mettapapelaria.com.br\/catalogo\/wp-content\/uploads\/2024\/01\/CANETA-COM-PONTEIRA-PAW-FINELINER-0.4-BRW.jpg\",\"datePublished\":\"2024-01-25T19:35:36+00:00\",\"dateModified\":\"2024-01-25T19:35:37+00:00\",\"description\":\"Para os que buscam cores lindas e uma ponta fininha de 0,4mm para fazer tra\u00e7os perfeitos, a Caneta Fine liner 0.4mm Paw BRW \u00e9 a melhor pedida! Sua escrita \u00e9 bem macia e a ponta \u00e9 ultra resistente, o que garante tra\u00e7ados precisos e de qualidade para compor seus projetos. Al\u00e9m disso, sua tinta seca rapidamente e n\u00e3o borra e nem mancha o papel escrito. A Caneta Fine liner 0.4mm Paw BRW possui duas op\u00e7\u00f5es de cores, al\u00e9m de detalhes lindos na ponteira. S\u00e3o ideais para escrever em cadernos de estudos, em anota\u00e7\u00f5es cotidianas no trabalho e tamb\u00e9m fazer detalhes \u00fanicos em desenhos art\u00edsticos e letterings.\",\"breadcrumb\":{\"@id\":\"https:\/\/mettapapelaria.com.br\/catalogo\/produto\/caneta-com-ponteira-paw-fineliner-0-4-brw\/#breadcrumb\"},\"inLanguage\":\"pt-BR\",\"potentialAction\":[{\"@type\":\"ReadAction\",\"target\":[\"https:\/\/mettapapelaria.com.br\/catalogo\/produto\/caneta-com-ponteira-paw-fineliner-0-4-brw\/\"]}]},{\"@type\":\"ImageObject\",\"inLanguage\":\"pt-BR\",\"@id\":\"https:\/\/mettapapelaria.com.br\/catalogo\/produto\/caneta-com-ponteira-paw-fineliner-0-4-brw\/#primaryimage\",\"url\":\"https:\/\/mettapapelaria.com.br\/catalogo\/wp-content\/uploads\/2024\/01\/CANETA-COM-PONTEIRA-PAW-FINELINER-0.4-BRW.jpg\",\"contentUrl\":\"https:\/\/mettapapelaria.com.br\/catalogo\/wp-content\/uploads\/2024\/01\/CANETA-COM-PONTEIRA-PAW-FINELINER-0.4-BRW.jpg\",\"width\":600,\"height\":600},{\"@type\":\"BreadcrumbList\",\"@id\":\"https:\/\/mettapapelaria.com.br\/catalogo\/produto\/caneta-com-ponteira-paw-fineliner-0-4-brw\/#breadcrumb\",\"itemListElement\":[{\"@type\":\"ListItem\",\"position\":1,\"name\":\"In\u00edcio\",\"item\":\"https:\/\/mettapapelaria.com.br\/catalogo\/\"},{\"@type\":\"ListItem\",\"position\":2,\"name\":\"Shop\",\"item\":\"https:\/\/mettapapelaria.com.br\/catalogo\/shop\/\"},{\"@type\":\"ListItem\",\"position\":3,\"name\":\"CANETA COM PONTEIRA PAW FINELINER 0.4 BRW\"}]},{\"@type\":\"WebSite\",\"@id\":\"https:\/\/mettapapelaria.com.br\/catalogo\/#website\",\"url\":\"https:\/\/mettapapelaria.com.br\/catalogo\/\",\"name\":\"Metta Papelaria\",\"description\":\"Materiais e equipamentos de escrit\u00f3rio, suprimentos para inform\u00e1tica, e uma diversificada linha de material escolar\",\"publisher\":{\"@id\":\"https:\/\/mettapapelaria.com.br\/catalogo\/#organization\"},\"potentialAction\":[{\"@type\":\"SearchAction\",\"target\":{\"@type\":\"EntryPoint\",\"urlTemplate\":\"https:\/\/mettapapelaria.com.br\/catalogo\/?s={search_term_string}\"},\"query-input\":{\"@type\":\"PropertyValueSpecification\",\"valueRequired\":true,\"valueName\":\"search_term_string\"}}],\"inLanguage\":\"pt-BR\"},{\"@type\":\"Organization\",\"@id\":\"https:\/\/mettapapelaria.com.br\/catalogo\/#organization\",\"name\":\"Metta Papelaria\",\"url\":\"https:\/\/mettapapelaria.com.br\/catalogo\/\",\"logo\":{\"@type\":\"ImageObject\",\"inLanguage\":\"pt-BR\",\"@id\":\"https:\/\/mettapapelaria.com.br\/catalogo\/#\/schema\/logo\/image\/\",\"url\":\"https:\/\/mettapapelaria.com.br\/catalogo\/wp-content\/uploads\/2023\/12\/cropped-favicon-Metta_512-1.png\",\"contentUrl\":\"https:\/\/mettapapelaria.com.br\/catalogo\/wp-content\/uploads\/2023\/12\/cropped-favicon-Metta_512-1.png\",\"width\":512,\"height\":512,\"caption\":\"Metta Papelaria\"},\"image\":{\"@id\":\"https:\/\/mettapapelaria.com.br\/catalogo\/#\/schema\/logo\/image\/\"},\"sameAs\":[\"https:\/\/www.facebook.com\/mettapapelaria\/\",\"https:\/\/www.instagram.com\/papelariametta\/\"]}]}<\/script>\n<!-- \/ Yoast SEO plugin. -->","yoast_head_json":{"title":"CANETA COM PONTEIRA PAW FINELINER 0.4 BRW - Metta Papelaria","description":"Para os que buscam cores lindas e uma ponta fininha de 0,4mm para fazer tra\u00e7os perfeitos, a Caneta Fine liner 0.4mm Paw BRW \u00e9 a melhor pedida! Sua escrita \u00e9 bem macia e a ponta \u00e9 ultra resistente, o que garante tra\u00e7ados precisos e de qualidade para compor seus projetos. Al\u00e9m disso, sua tinta seca rapidamente e n\u00e3o borra e nem mancha o papel escrito. A Caneta Fine liner 0.4mm Paw BRW possui duas op\u00e7\u00f5es de cores, al\u00e9m de detalhes lindos na ponteira. S\u00e3o ideais para escrever em cadernos de estudos, em anota\u00e7\u00f5es cotidianas no trabalho e tamb\u00e9m fazer detalhes \u00fanicos em desenhos art\u00edsticos e letterings.","robots":{"index":"index","follow":"follow","max-snippet":"max-snippet:-1","max-image-preview":"max-image-preview:large","max-video-preview":"max-video-preview:-1"},"canonical":"https:\/\/mettapapelaria.com.br\/catalogo\/produto\/caneta-com-ponteira-paw-fineliner-0-4-brw\/","og_locale":"pt_BR","og_type":"article","og_title":"CANETA COM PONTEIRA PAW FINELINER 0.4 BRW - Metta Papelaria","og_description":"Para os que buscam cores lindas e uma ponta fininha de 0,4mm para fazer tra\u00e7os perfeitos, a Caneta Fine liner 0.4mm Paw BRW \u00e9 a melhor pedida! Sua escrita \u00e9 bem macia e a ponta \u00e9 ultra resistente, o que garante tra\u00e7ados precisos e de qualidade para compor seus projetos. Al\u00e9m disso, sua tinta seca rapidamente e n\u00e3o borra e nem mancha o papel escrito. A Caneta Fine liner 0.4mm Paw BRW possui duas op\u00e7\u00f5es de cores, al\u00e9m de detalhes lindos na ponteira. S\u00e3o ideais para escrever em cadernos de estudos, em anota\u00e7\u00f5es cotidianas no trabalho e tamb\u00e9m fazer detalhes \u00fanicos em desenhos art\u00edsticos e letterings.","og_url":"https:\/\/mettapapelaria.com.br\/catalogo\/produto\/caneta-com-ponteira-paw-fineliner-0-4-brw\/","og_site_name":"Metta Papelaria","article_publisher":"https:\/\/www.facebook.com\/mettapapelaria\/","article_modified_time":"2024-01-25T19:35:37+00:00","og_image":[{"width":600,"height":600,"url":"https:\/\/mettapapelaria.com.br\/catalogo\/wp-content\/uploads\/2024\/01\/CANETA-COM-PONTEIRA-PAW-FINELINER-0.4-BRW.jpg","type":"image\/jpeg"}],"twitter_card":"summary_large_image","twitter_misc":{"Est. tempo de leitura":"2 minutos"},"schema":{"@context":"https:\/\/schema.org","@graph":[{"@type":"WebPage","@id":"https:\/\/mettapapelaria.com.br\/catalogo\/produto\/caneta-com-ponteira-paw-fineliner-0-4-brw\/","url":"https:\/\/mettapapelaria.com.br\/catalogo\/produto\/caneta-com-ponteira-paw-fineliner-0-4-brw\/","name":"CANETA COM PONTEIRA PAW FINELINER 0.4 BRW - Metta Papelaria","isPartOf":{"@id":"https:\/\/mettapapelaria.com.br\/catalogo\/#website"},"primaryImageOfPage":{"@id":"https:\/\/mettapapelaria.com.br\/catalogo\/produto\/caneta-com-ponteira-paw-fineliner-0-4-brw\/#primaryimage"},"image":{"@id":"https:\/\/mettapapelaria.com.br\/catalogo\/produto\/caneta-com-ponteira-paw-fineliner-0-4-brw\/#primaryimage"},"thumbnailUrl":"https:\/\/mettapapelaria.com.br\/catalogo\/wp-content\/uploads\/2024\/01\/CANETA-COM-PONTEIRA-PAW-FINELINER-0.4-BRW.jpg","datePublished":"2024-01-25T19:35:36+00:00","dateModified":"2024-01-25T19:35:37+00:00","description":"Para os que buscam cores lindas e uma ponta fininha de 0,4mm para fazer tra\u00e7os perfeitos, a Caneta Fine liner 0.4mm Paw BRW \u00e9 a melhor pedida! Sua escrita \u00e9 bem macia e a ponta \u00e9 ultra resistente, o que garante tra\u00e7ados precisos e de qualidade para compor seus projetos. Al\u00e9m disso, sua tinta seca rapidamente e n\u00e3o borra e nem mancha o papel escrito. A Caneta Fine liner 0.4mm Paw BRW possui duas op\u00e7\u00f5es de cores, al\u00e9m de detalhes lindos na ponteira. S\u00e3o ideais para escrever em cadernos de estudos, em anota\u00e7\u00f5es cotidianas no trabalho e tamb\u00e9m fazer detalhes \u00fanicos em desenhos art\u00edsticos e letterings.","breadcrumb":{"@id":"https:\/\/mettapapelaria.com.br\/catalogo\/produto\/caneta-com-ponteira-paw-fineliner-0-4-brw\/#breadcrumb"},"inLanguage":"pt-BR","potentialAction":[{"@type":"ReadAction","target":["https:\/\/mettapapelaria.com.br\/catalogo\/produto\/caneta-com-ponteira-paw-fineliner-0-4-brw\/"]}]},{"@type":"ImageObject","inLanguage":"pt-BR","@id":"https:\/\/mettapapelaria.com.br\/catalogo\/produto\/caneta-com-ponteira-paw-fineliner-0-4-brw\/#primaryimage","url":"https:\/\/mettapapelaria.com.br\/catalogo\/wp-content\/uploads\/2024\/01\/CANETA-COM-PONTEIRA-PAW-FINELINER-0.4-BRW.jpg","contentUrl":"https:\/\/mettapapelaria.com.br\/catalogo\/wp-content\/uploads\/2024\/01\/CANETA-COM-PONTEIRA-PAW-FINELINER-0.4-BRW.jpg","width":600,"height":600},{"@type":"BreadcrumbList","@id":"https:\/\/mettapapelaria.com.br\/catalogo\/produto\/caneta-com-ponteira-paw-fineliner-0-4-brw\/#breadcrumb","itemListElement":[{"@type":"ListItem","position":1,"name":"In\u00edcio","item":"https:\/\/mettapapelaria.com.br\/catalogo\/"},{"@type":"ListItem","position":2,"name":"Shop","item":"https:\/\/mettapapelaria.com.br\/catalogo\/shop\/"},{"@type":"ListItem","position":3,"name":"CANETA COM PONTEIRA PAW FINELINER 0.4 BRW"}]},{"@type":"WebSite","@id":"https:\/\/mettapapelaria.com.br\/catalogo\/#website","url":"https:\/\/mettapapelaria.com.br\/catalogo\/","name":"Metta Papelaria","description":"Materiais e equipamentos de escrit\u00f3rio, suprimentos para inform\u00e1tica, e uma diversificada linha de material escolar","publisher":{"@id":"https:\/\/mettapapelaria.com.br\/catalogo\/#organization"},"potentialAction":[{"@type":"SearchAction","target":{"@type":"EntryPoint","urlTemplate":"https:\/\/mettapapelaria.com.br\/catalogo\/?s={search_term_string}"},"query-input":{"@type":"PropertyValueSpecification","valueRequired":true,"valueName":"search_term_string"}}],"inLanguage":"pt-BR"},{"@type":"Organization","@id":"https:\/\/mettapapelaria.com.br\/catalogo\/#organization","name":"Metta Papelaria","url":"https:\/\/mettapapelaria.com.br\/catalogo\/","logo":{"@type":"ImageObject","inLanguage":"pt-BR","@id":"https:\/\/mettapapelaria.com.br\/catalogo\/#\/schema\/logo\/image\/","url":"https:\/\/mettapapelaria.com.br\/catalogo\/wp-content\/uploads\/2023\/12\/cropped-favicon-Metta_512-1.png","contentUrl":"https:\/\/mettapapelaria.com.br\/catalogo\/wp-content\/uploads\/2023\/12\/cropped-favicon-Metta_512-1.png","width":512,"height":512,"caption":"Metta Papelaria"},"image":{"@id":"https:\/\/mettapapelaria.com.br\/catalogo\/#\/schema\/logo\/image\/"},"sameAs":["https:\/\/www.facebook.com\/mettapapelaria\/","https:\/\/www.instagram.com\/papelariametta\/"]}]}},"_links":{"self":[{"href":"https:\/\/mettapapelaria.com.br\/catalogo\/wp-json\/wp\/v2\/product\/6609","targetHints":{"allow":["GET"]}}],"collection":[{"href":"https:\/\/mettapapelaria.com.br\/catalogo\/wp-json\/wp\/v2\/product"}],"about":[{"href":"https:\/\/mettapapelaria.com.br\/catalogo\/wp-json\/wp\/v2\/types\/product"}],"replies":[{"embeddable":true,"href":"https:\/\/mettapapelaria.com.br\/catalogo\/wp-json\/wp\/v2\/comments?post=6609"}],"version-history":[{"count":1,"href":"https:\/\/mettapapelaria.com.br\/catalogo\/wp-json\/wp\/v2\/product\/6609\/revisions"}],"predecessor-version":[{"id":6612,"href":"https:\/\/mettapapelaria.com.br\/catalogo\/wp-json\/wp\/v2\/product\/6609\/revisions\/6612"}],"wp:featuredmedia":[{"embeddable":true,"href":"https:\/\/mettapapelaria.com.br\/catalogo\/wp-json\/wp\/v2\/media\/6610"}],"wp:attachment":[{"href":"https:\/\/mettapapelaria.com.br\/catalogo\/wp-json\/wp\/v2\/media?parent=6609"}],"wp:term":[{"taxonomy":"brand","embeddable":true,"href":"https:\/\/mettapapelaria.com.br\/catalogo\/wp-json\/wp\/v2\/etheme_brands?post=6609"},{"taxonomy":"product_brand","embeddable":true,"href":"https:\/\/mettapapelaria.com.br\/catalogo\/wp-json\/wp\/v2\/product_brand?post=6609"},{"taxonomy":"product_cat","embeddable":true,"href":"https:\/\/mettapapelaria.com.br\/catalogo\/wp-json\/wp\/v2\/product_cat?post=6609"},{"taxonomy":"product_tag","embeddable":true,"href":"https:\/\/mettapapelaria.com.br\/catalogo\/wp-json\/wp\/v2\/product_tag?post=6609"}],"curies":[{"name":"wp","href":"https:\/\/api.w.org\/{rel}","templated":true}]}}