{"id":6575,"date":"2024-01-24T16:12:35","date_gmt":"2024-01-24T19:12:35","guid":{"rendered":"https:\/\/mettapapelaria.com.br\/catalogo\/?post_type=product&#038;p=6575"},"modified":"2024-09-23T16:11:35","modified_gmt":"2024-09-23T19:11:35","slug":"kit-porta-canetas-stitch-plasutil","status":"publish","type":"product","link":"https:\/\/mettapapelaria.com.br\/catalogo\/produto\/kit-porta-canetas-stitch-plasutil\/","title":{"rendered":"KIT PORTA CANETAS STITCH PLAS\u00daTIL"},"content":{"rendered":"<p>Nosso conjunto de porta l\u00e1pis e caneta \u00e9 um organizador de mesa pr\u00e1tico. Com ele, voc\u00ea pode setorizar seus itens escolares ou de escrit\u00f3rio de forma divertida.<\/p>\n<ul>\n<li>Decora\u00e7\u00e3o coordenada com seus personagens preferidos.<\/li>\n<li>Conjunto composto por 5 pe\u00e7as. Acompanha bandeja.<\/li>\n<li>Fabricado em polipropileno (PP). Livre de bisfenol-A (BPA FREE).<\/li>\n<\/ul>\n","protected":false},"excerpt":{"rendered":"<p>Nosso conjunto de porta l\u00e1pis e caneta \u00e9 um organizador de mesa pr\u00e1tico. Com ele, voc\u00ea pode setorizar seus itens escolares ou de escrit\u00f3rio de&#8230;<\/p>\n","protected":false},"featured_media":7490,"comment_status":"open","ping_status":"closed","template":"","meta":[],"etheme_brands":[{"term_id":279,"name":"Plas\u00fatil","slug":"plasutil","term_group":0,"term_taxonomy_id":279,"taxonomy":"brand","description":"","parent":0,"count":5,"filter":"raw"}],"product_brand":[],"product_cat":[518,43,15,118,85,67],"product_tag":[253,515,228,225,239,283,285,284,286,281,280,282,259,514],"class_list":{"0":"post-6575","1":"product","2":"type-product","3":"status-publish","4":"has-post-thumbnail","6":"brand-plasutil","7":"product_cat-sem-categoria","8":"product_cat-bazar-artesanato","9":"product_cat-material-escritorio","10":"product_cat-organizacao","11":"product_cat-porta-canetas-lapis","12":"product_cat-porta-coisas","13":"product_tag-bazar","14":"product_tag-lilo-e-stitch","15":"product_tag-material-de-escritorio","16":"product_tag-metta-papelaria","17":"product_tag-organizacao","18":"product_tag-organizador","19":"product_tag-organizador-de-escrivaninha","20":"product_tag-organizador-de-mesa","21":"product_tag-plasutil","22":"product_tag-porta-canetas","23":"product_tag-porta-coisas","24":"product_tag-porta-pinceis","25":"product_tag-solucoes","26":"product_tag-stitch","28":"first","29":"instock","30":"sold-individually","31":"shipping-taxable","32":"purchasable","33":"product-type-simple"},"yoast_head":"<!-- This site is optimized with the Yoast SEO plugin v26.9 - https:\/\/yoast.com\/product\/yoast-seo-wordpress\/ -->\n<title>KIT PORTA CANETAS STITCH PLAS\u00daTIL - Metta Papelaria<\/title>\n<meta name=\"description\" content=\"Nosso conjunto de porta l\u00e1pis e caneta \u00e9 um organizador de mesa pr\u00e1tico. Com ele, voc\u00ea pode setorizar seus itens escolares ou de escrit\u00f3rio de forma divertida.\" \/>\n<meta name=\"robots\" content=\"index, follow, max-snippet:-1, max-image-preview:large, max-video-preview:-1\" \/>\n<link rel=\"canonical\" href=\"https:\/\/mettapapelaria.com.br\/catalogo\/produto\/kit-porta-canetas-stitch-plasutil\/\" \/>\n<meta property=\"og:locale\" content=\"pt_BR\" \/>\n<meta property=\"og:type\" content=\"article\" \/>\n<meta property=\"og:title\" content=\"KIT PORTA CANETAS STITCH PLAS\u00daTIL - Metta Papelaria\" \/>\n<meta property=\"og:description\" content=\"Nosso conjunto de porta l\u00e1pis e caneta \u00e9 um organizador de mesa pr\u00e1tico. Com ele, voc\u00ea pode setorizar seus itens escolares ou de escrit\u00f3rio de forma divertida.\" \/>\n<meta property=\"og:url\" content=\"https:\/\/mettapapelaria.com.br\/catalogo\/produto\/kit-porta-canetas-stitch-plasutil\/\" \/>\n<meta property=\"og:site_name\" content=\"Metta Papelaria\" \/>\n<meta property=\"article:publisher\" content=\"https:\/\/www.facebook.com\/mettapapelaria\/\" \/>\n<meta property=\"article:modified_time\" content=\"2024-09-23T19:11:35+00:00\" \/>\n<meta property=\"og:image\" content=\"https:\/\/mettapapelaria.com.br\/catalogo\/wp-content\/uploads\/2024\/01\/KIT-PORTA-CANETAS-STITCH-PLASUTIL-3.jpg\" \/>\n\t<meta property=\"og:image:width\" content=\"500\" \/>\n\t<meta property=\"og:image:height\" content=\"500\" \/>\n\t<meta property=\"og:image:type\" content=\"image\/jpeg\" \/>\n<meta name=\"twitter:card\" content=\"summary_large_image\" \/>\n<meta name=\"twitter:label1\" content=\"Est. tempo de leitura\" \/>\n\t<meta name=\"twitter:data1\" content=\"1 minuto\" \/>\n<script type=\"application\/ld+json\" class=\"yoast-schema-graph\">{\"@context\":\"https:\/\/schema.org\",\"@graph\":[{\"@type\":\"WebPage\",\"@id\":\"https:\/\/mettapapelaria.com.br\/catalogo\/produto\/kit-porta-canetas-stitch-plasutil\/\",\"url\":\"https:\/\/mettapapelaria.com.br\/catalogo\/produto\/kit-porta-canetas-stitch-plasutil\/\",\"name\":\"KIT PORTA CANETAS STITCH PLAS\u00daTIL - Metta Papelaria\",\"isPartOf\":{\"@id\":\"https:\/\/mettapapelaria.com.br\/catalogo\/#website\"},\"primaryImageOfPage\":{\"@id\":\"https:\/\/mettapapelaria.com.br\/catalogo\/produto\/kit-porta-canetas-stitch-plasutil\/#primaryimage\"},\"image\":{\"@id\":\"https:\/\/mettapapelaria.com.br\/catalogo\/produto\/kit-porta-canetas-stitch-plasutil\/#primaryimage\"},\"thumbnailUrl\":\"https:\/\/mettapapelaria.com.br\/catalogo\/wp-content\/uploads\/2024\/01\/KIT-PORTA-CANETAS-STITCH-PLASUTIL-3.jpg\",\"datePublished\":\"2024-01-24T19:12:35+00:00\",\"dateModified\":\"2024-09-23T19:11:35+00:00\",\"description\":\"Nosso conjunto de porta l\u00e1pis e caneta \u00e9 um organizador de mesa pr\u00e1tico. Com ele, voc\u00ea pode setorizar seus itens escolares ou de escrit\u00f3rio de forma divertida.\",\"breadcrumb\":{\"@id\":\"https:\/\/mettapapelaria.com.br\/catalogo\/produto\/kit-porta-canetas-stitch-plasutil\/#breadcrumb\"},\"inLanguage\":\"pt-BR\",\"potentialAction\":[{\"@type\":\"ReadAction\",\"target\":[\"https:\/\/mettapapelaria.com.br\/catalogo\/produto\/kit-porta-canetas-stitch-plasutil\/\"]}]},{\"@type\":\"ImageObject\",\"inLanguage\":\"pt-BR\",\"@id\":\"https:\/\/mettapapelaria.com.br\/catalogo\/produto\/kit-porta-canetas-stitch-plasutil\/#primaryimage\",\"url\":\"https:\/\/mettapapelaria.com.br\/catalogo\/wp-content\/uploads\/2024\/01\/KIT-PORTA-CANETAS-STITCH-PLASUTIL-3.jpg\",\"contentUrl\":\"https:\/\/mettapapelaria.com.br\/catalogo\/wp-content\/uploads\/2024\/01\/KIT-PORTA-CANETAS-STITCH-PLASUTIL-3.jpg\",\"width\":500,\"height\":500},{\"@type\":\"BreadcrumbList\",\"@id\":\"https:\/\/mettapapelaria.com.br\/catalogo\/produto\/kit-porta-canetas-stitch-plasutil\/#breadcrumb\",\"itemListElement\":[{\"@type\":\"ListItem\",\"position\":1,\"name\":\"In\u00edcio\",\"item\":\"https:\/\/mettapapelaria.com.br\/catalogo\/\"},{\"@type\":\"ListItem\",\"position\":2,\"name\":\"Shop\",\"item\":\"https:\/\/mettapapelaria.com.br\/catalogo\/shop\/\"},{\"@type\":\"ListItem\",\"position\":3,\"name\":\"KIT PORTA CANETAS STITCH PLAS\u00daTIL\"}]},{\"@type\":\"WebSite\",\"@id\":\"https:\/\/mettapapelaria.com.br\/catalogo\/#website\",\"url\":\"https:\/\/mettapapelaria.com.br\/catalogo\/\",\"name\":\"Metta Papelaria\",\"description\":\"Materiais e equipamentos de escrit\u00f3rio, suprimentos para inform\u00e1tica, e uma diversificada linha de material escolar\",\"publisher\":{\"@id\":\"https:\/\/mettapapelaria.com.br\/catalogo\/#organization\"},\"potentialAction\":[{\"@type\":\"SearchAction\",\"target\":{\"@type\":\"EntryPoint\",\"urlTemplate\":\"https:\/\/mettapapelaria.com.br\/catalogo\/?s={search_term_string}\"},\"query-input\":{\"@type\":\"PropertyValueSpecification\",\"valueRequired\":true,\"valueName\":\"search_term_string\"}}],\"inLanguage\":\"pt-BR\"},{\"@type\":\"Organization\",\"@id\":\"https:\/\/mettapapelaria.com.br\/catalogo\/#organization\",\"name\":\"Metta Papelaria\",\"url\":\"https:\/\/mettapapelaria.com.br\/catalogo\/\",\"logo\":{\"@type\":\"ImageObject\",\"inLanguage\":\"pt-BR\",\"@id\":\"https:\/\/mettapapelaria.com.br\/catalogo\/#\/schema\/logo\/image\/\",\"url\":\"https:\/\/mettapapelaria.com.br\/catalogo\/wp-content\/uploads\/2023\/12\/cropped-favicon-Metta_512-1.png\",\"contentUrl\":\"https:\/\/mettapapelaria.com.br\/catalogo\/wp-content\/uploads\/2023\/12\/cropped-favicon-Metta_512-1.png\",\"width\":512,\"height\":512,\"caption\":\"Metta Papelaria\"},\"image\":{\"@id\":\"https:\/\/mettapapelaria.com.br\/catalogo\/#\/schema\/logo\/image\/\"},\"sameAs\":[\"https:\/\/www.facebook.com\/mettapapelaria\/\",\"https:\/\/www.instagram.com\/papelariametta\/\"]}]}<\/script>\n<!-- \/ Yoast SEO plugin. -->","yoast_head_json":{"title":"KIT PORTA CANETAS STITCH PLAS\u00daTIL - Metta Papelaria","description":"Nosso conjunto de porta l\u00e1pis e caneta \u00e9 um organizador de mesa pr\u00e1tico. Com ele, voc\u00ea pode setorizar seus itens escolares ou de escrit\u00f3rio de forma divertida.","robots":{"index":"index","follow":"follow","max-snippet":"max-snippet:-1","max-image-preview":"max-image-preview:large","max-video-preview":"max-video-preview:-1"},"canonical":"https:\/\/mettapapelaria.com.br\/catalogo\/produto\/kit-porta-canetas-stitch-plasutil\/","og_locale":"pt_BR","og_type":"article","og_title":"KIT PORTA CANETAS STITCH PLAS\u00daTIL - Metta Papelaria","og_description":"Nosso conjunto de porta l\u00e1pis e caneta \u00e9 um organizador de mesa pr\u00e1tico. Com ele, voc\u00ea pode setorizar seus itens escolares ou de escrit\u00f3rio de forma divertida.","og_url":"https:\/\/mettapapelaria.com.br\/catalogo\/produto\/kit-porta-canetas-stitch-plasutil\/","og_site_name":"Metta Papelaria","article_publisher":"https:\/\/www.facebook.com\/mettapapelaria\/","article_modified_time":"2024-09-23T19:11:35+00:00","og_image":[{"width":500,"height":500,"url":"https:\/\/mettapapelaria.com.br\/catalogo\/wp-content\/uploads\/2024\/01\/KIT-PORTA-CANETAS-STITCH-PLASUTIL-3.jpg","type":"image\/jpeg"}],"twitter_card":"summary_large_image","twitter_misc":{"Est. tempo de leitura":"1 minuto"},"schema":{"@context":"https:\/\/schema.org","@graph":[{"@type":"WebPage","@id":"https:\/\/mettapapelaria.com.br\/catalogo\/produto\/kit-porta-canetas-stitch-plasutil\/","url":"https:\/\/mettapapelaria.com.br\/catalogo\/produto\/kit-porta-canetas-stitch-plasutil\/","name":"KIT PORTA CANETAS STITCH PLAS\u00daTIL - Metta Papelaria","isPartOf":{"@id":"https:\/\/mettapapelaria.com.br\/catalogo\/#website"},"primaryImageOfPage":{"@id":"https:\/\/mettapapelaria.com.br\/catalogo\/produto\/kit-porta-canetas-stitch-plasutil\/#primaryimage"},"image":{"@id":"https:\/\/mettapapelaria.com.br\/catalogo\/produto\/kit-porta-canetas-stitch-plasutil\/#primaryimage"},"thumbnailUrl":"https:\/\/mettapapelaria.com.br\/catalogo\/wp-content\/uploads\/2024\/01\/KIT-PORTA-CANETAS-STITCH-PLASUTIL-3.jpg","datePublished":"2024-01-24T19:12:35+00:00","dateModified":"2024-09-23T19:11:35+00:00","description":"Nosso conjunto de porta l\u00e1pis e caneta \u00e9 um organizador de mesa pr\u00e1tico. Com ele, voc\u00ea pode setorizar seus itens escolares ou de escrit\u00f3rio de forma divertida.","breadcrumb":{"@id":"https:\/\/mettapapelaria.com.br\/catalogo\/produto\/kit-porta-canetas-stitch-plasutil\/#breadcrumb"},"inLanguage":"pt-BR","potentialAction":[{"@type":"ReadAction","target":["https:\/\/mettapapelaria.com.br\/catalogo\/produto\/kit-porta-canetas-stitch-plasutil\/"]}]},{"@type":"ImageObject","inLanguage":"pt-BR","@id":"https:\/\/mettapapelaria.com.br\/catalogo\/produto\/kit-porta-canetas-stitch-plasutil\/#primaryimage","url":"https:\/\/mettapapelaria.com.br\/catalogo\/wp-content\/uploads\/2024\/01\/KIT-PORTA-CANETAS-STITCH-PLASUTIL-3.jpg","contentUrl":"https:\/\/mettapapelaria.com.br\/catalogo\/wp-content\/uploads\/2024\/01\/KIT-PORTA-CANETAS-STITCH-PLASUTIL-3.jpg","width":500,"height":500},{"@type":"BreadcrumbList","@id":"https:\/\/mettapapelaria.com.br\/catalogo\/produto\/kit-porta-canetas-stitch-plasutil\/#breadcrumb","itemListElement":[{"@type":"ListItem","position":1,"name":"In\u00edcio","item":"https:\/\/mettapapelaria.com.br\/catalogo\/"},{"@type":"ListItem","position":2,"name":"Shop","item":"https:\/\/mettapapelaria.com.br\/catalogo\/shop\/"},{"@type":"ListItem","position":3,"name":"KIT PORTA CANETAS STITCH PLAS\u00daTIL"}]},{"@type":"WebSite","@id":"https:\/\/mettapapelaria.com.br\/catalogo\/#website","url":"https:\/\/mettapapelaria.com.br\/catalogo\/","name":"Metta Papelaria","description":"Materiais e equipamentos de escrit\u00f3rio, suprimentos para inform\u00e1tica, e uma diversificada linha de material escolar","publisher":{"@id":"https:\/\/mettapapelaria.com.br\/catalogo\/#organization"},"potentialAction":[{"@type":"SearchAction","target":{"@type":"EntryPoint","urlTemplate":"https:\/\/mettapapelaria.com.br\/catalogo\/?s={search_term_string}"},"query-input":{"@type":"PropertyValueSpecification","valueRequired":true,"valueName":"search_term_string"}}],"inLanguage":"pt-BR"},{"@type":"Organization","@id":"https:\/\/mettapapelaria.com.br\/catalogo\/#organization","name":"Metta Papelaria","url":"https:\/\/mettapapelaria.com.br\/catalogo\/","logo":{"@type":"ImageObject","inLanguage":"pt-BR","@id":"https:\/\/mettapapelaria.com.br\/catalogo\/#\/schema\/logo\/image\/","url":"https:\/\/mettapapelaria.com.br\/catalogo\/wp-content\/uploads\/2023\/12\/cropped-favicon-Metta_512-1.png","contentUrl":"https:\/\/mettapapelaria.com.br\/catalogo\/wp-content\/uploads\/2023\/12\/cropped-favicon-Metta_512-1.png","width":512,"height":512,"caption":"Metta Papelaria"},"image":{"@id":"https:\/\/mettapapelaria.com.br\/catalogo\/#\/schema\/logo\/image\/"},"sameAs":["https:\/\/www.facebook.com\/mettapapelaria\/","https:\/\/www.instagram.com\/papelariametta\/"]}]}},"_links":{"self":[{"href":"https:\/\/mettapapelaria.com.br\/catalogo\/wp-json\/wp\/v2\/product\/6575","targetHints":{"allow":["GET"]}}],"collection":[{"href":"https:\/\/mettapapelaria.com.br\/catalogo\/wp-json\/wp\/v2\/product"}],"about":[{"href":"https:\/\/mettapapelaria.com.br\/catalogo\/wp-json\/wp\/v2\/types\/product"}],"replies":[{"embeddable":true,"href":"https:\/\/mettapapelaria.com.br\/catalogo\/wp-json\/wp\/v2\/comments?post=6575"}],"version-history":[{"count":2,"href":"https:\/\/mettapapelaria.com.br\/catalogo\/wp-json\/wp\/v2\/product\/6575\/revisions"}],"predecessor-version":[{"id":6580,"href":"https:\/\/mettapapelaria.com.br\/catalogo\/wp-json\/wp\/v2\/product\/6575\/revisions\/6580"}],"wp:featuredmedia":[{"embeddable":true,"href":"https:\/\/mettapapelaria.com.br\/catalogo\/wp-json\/wp\/v2\/media\/7490"}],"wp:attachment":[{"href":"https:\/\/mettapapelaria.com.br\/catalogo\/wp-json\/wp\/v2\/media?parent=6575"}],"wp:term":[{"taxonomy":"brand","embeddable":true,"href":"https:\/\/mettapapelaria.com.br\/catalogo\/wp-json\/wp\/v2\/etheme_brands?post=6575"},{"taxonomy":"product_brand","embeddable":true,"href":"https:\/\/mettapapelaria.com.br\/catalogo\/wp-json\/wp\/v2\/product_brand?post=6575"},{"taxonomy":"product_cat","embeddable":true,"href":"https:\/\/mettapapelaria.com.br\/catalogo\/wp-json\/wp\/v2\/product_cat?post=6575"},{"taxonomy":"product_tag","embeddable":true,"href":"https:\/\/mettapapelaria.com.br\/catalogo\/wp-json\/wp\/v2\/product_tag?post=6575"}],"curies":[{"name":"wp","href":"https:\/\/api.w.org\/{rel}","templated":true}]}}