{"id":6569,"date":"2024-01-24T15:47:01","date_gmt":"2024-01-24T18:47:01","guid":{"rendered":"https:\/\/mettapapelaria.com.br\/catalogo\/?post_type=product&#038;p=6569"},"modified":"2024-01-24T15:47:02","modified_gmt":"2024-01-24T18:47:02","slug":"apontador-smiiling-planet-eco-maped","status":"publish","type":"product","link":"https:\/\/mettapapelaria.com.br\/catalogo\/produto\/apontador-smiiling-planet-eco-maped\/","title":{"rendered":"APONTADOR SMIILING PLANET ECO MAPED"},"content":{"rendered":"<p>O apontador de l\u00e1pis Smiling Planet \u00e9 composto por 50% de fibras de madeira com certifica\u00e7\u00e3o FSC. Este apontador de l\u00e1pis sem dep\u00f3sito faz jus ao seu nome! Esta composi\u00e7\u00e3o respons\u00e1vel reduz a quantidade de pl\u00e1stico em 50%. O mini apontador de l\u00e1pis para caber no estojo! A afia\u00e7\u00e3o \u00e9 r\u00e1pida e f\u00e1cil e n\u00e3o danifica a mina. Algumas voltas s\u00e3o suficientes para obter um bom ponto. Uma excelente ferramenta escolar que corta bem as minas para fazer desenhos finos!<\/p>\n","protected":false},"excerpt":{"rendered":"<p>O apontador de l\u00e1pis Smiling Planet \u00e9 composto por 50% de fibras de madeira com certifica\u00e7\u00e3o FSC. Este apontador de l\u00e1pis sem dep\u00f3sito faz jus&#8230;<\/p>\n","protected":false},"featured_media":6572,"comment_status":"open","ping_status":"closed","template":"","meta":[],"etheme_brands":[{"term_id":526,"name":"Maped","slug":"maped","term_group":0,"term_taxonomy_id":526,"taxonomy":"brand","description":"","parent":0,"count":9,"filter":"raw"}],"product_brand":[],"product_cat":[19,83,16],"product_tag":[328,348,347,293,276,316,275,294,292,227,225,317,274,318],"class_list":{"0":"post-6569","1":"product","2":"type-product","3":"status-publish","4":"has-post-thumbnail","6":"brand-maped","7":"product_cat-apontadores","8":"product_cat-apontadores-sem-deposito","9":"product_cat-material-escolar","10":"product_tag-apontador","11":"product_tag-apontador-sem-deposito","12":"product_tag-apontador-simples","13":"product_tag-crianca","14":"product_tag-escola","15":"product_tag-estudante","16":"product_tag-faculdade","17":"product_tag-infantil","18":"product_tag-kids","19":"product_tag-material-escolar","20":"product_tag-metta-papelaria","21":"product_tag-study","22":"product_tag-universidade","23":"product_tag-volta-as-aulas","25":"first","26":"instock","27":"sold-individually","28":"shipping-taxable","29":"purchasable","30":"product-type-simple"},"yoast_head":"<!-- This site is optimized with the Yoast SEO plugin v26.9 - https:\/\/yoast.com\/product\/yoast-seo-wordpress\/ -->\n<title>APONTADOR SMIILING PLANET ECO MAPED - Metta Papelaria<\/title>\n<meta name=\"description\" content=\"O apontador de l\u00e1pis Smiling Planet \u00e9 composto por 50% de fibras de madeira com certifica\u00e7\u00e3o FSC. Este apontador de l\u00e1pis sem dep\u00f3sito faz jus ao seu nome! Esta composi\u00e7\u00e3o respons\u00e1vel reduz a quantidade de pl\u00e1stico em 50%. O mini apontador de l\u00e1pis para caber no estojo! A afia\u00e7\u00e3o \u00e9 r\u00e1pida e f\u00e1cil e n\u00e3o danifica a mina. Algumas voltas s\u00e3o suficientes para obter um bom ponto. Uma excelente ferramenta escolar que corta bem as minas para fazer desenhos finos!\" \/>\n<meta name=\"robots\" content=\"index, follow, max-snippet:-1, max-image-preview:large, max-video-preview:-1\" \/>\n<link rel=\"canonical\" href=\"https:\/\/mettapapelaria.com.br\/catalogo\/produto\/apontador-smiiling-planet-eco-maped\/\" \/>\n<meta property=\"og:locale\" content=\"pt_BR\" \/>\n<meta property=\"og:type\" content=\"article\" \/>\n<meta property=\"og:title\" content=\"APONTADOR SMIILING PLANET ECO MAPED - Metta Papelaria\" \/>\n<meta property=\"og:description\" content=\"O apontador de l\u00e1pis Smiling Planet \u00e9 composto por 50% de fibras de madeira com certifica\u00e7\u00e3o FSC. Este apontador de l\u00e1pis sem dep\u00f3sito faz jus ao seu nome! Esta composi\u00e7\u00e3o respons\u00e1vel reduz a quantidade de pl\u00e1stico em 50%. O mini apontador de l\u00e1pis para caber no estojo! A afia\u00e7\u00e3o \u00e9 r\u00e1pida e f\u00e1cil e n\u00e3o danifica a mina. Algumas voltas s\u00e3o suficientes para obter um bom ponto. Uma excelente ferramenta escolar que corta bem as minas para fazer desenhos finos!\" \/>\n<meta property=\"og:url\" content=\"https:\/\/mettapapelaria.com.br\/catalogo\/produto\/apontador-smiiling-planet-eco-maped\/\" \/>\n<meta property=\"og:site_name\" content=\"Metta Papelaria\" \/>\n<meta property=\"article:publisher\" content=\"https:\/\/www.facebook.com\/mettapapelaria\/\" \/>\n<meta property=\"article:modified_time\" content=\"2024-01-24T18:47:02+00:00\" \/>\n<meta property=\"og:image\" content=\"https:\/\/mettapapelaria.com.br\/catalogo\/wp-content\/uploads\/2024\/01\/APONTADOR-SMIILING-PLANET-ECO-MAPED-2.jpg\" \/>\n\t<meta property=\"og:image:width\" content=\"600\" \/>\n\t<meta property=\"og:image:height\" content=\"600\" \/>\n\t<meta property=\"og:image:type\" content=\"image\/jpeg\" \/>\n<meta name=\"twitter:card\" content=\"summary_large_image\" \/>\n<meta name=\"twitter:label1\" content=\"Est. tempo de leitura\" \/>\n\t<meta name=\"twitter:data1\" content=\"1 minuto\" \/>\n<script type=\"application\/ld+json\" class=\"yoast-schema-graph\">{\"@context\":\"https:\/\/schema.org\",\"@graph\":[{\"@type\":\"WebPage\",\"@id\":\"https:\/\/mettapapelaria.com.br\/catalogo\/produto\/apontador-smiiling-planet-eco-maped\/\",\"url\":\"https:\/\/mettapapelaria.com.br\/catalogo\/produto\/apontador-smiiling-planet-eco-maped\/\",\"name\":\"APONTADOR SMIILING PLANET ECO MAPED - Metta Papelaria\",\"isPartOf\":{\"@id\":\"https:\/\/mettapapelaria.com.br\/catalogo\/#website\"},\"primaryImageOfPage\":{\"@id\":\"https:\/\/mettapapelaria.com.br\/catalogo\/produto\/apontador-smiiling-planet-eco-maped\/#primaryimage\"},\"image\":{\"@id\":\"https:\/\/mettapapelaria.com.br\/catalogo\/produto\/apontador-smiiling-planet-eco-maped\/#primaryimage\"},\"thumbnailUrl\":\"https:\/\/mettapapelaria.com.br\/catalogo\/wp-content\/uploads\/2024\/01\/APONTADOR-SMIILING-PLANET-ECO-MAPED-2.jpg\",\"datePublished\":\"2024-01-24T18:47:01+00:00\",\"dateModified\":\"2024-01-24T18:47:02+00:00\",\"description\":\"O apontador de l\u00e1pis Smiling Planet \u00e9 composto por 50% de fibras de madeira com certifica\u00e7\u00e3o FSC. Este apontador de l\u00e1pis sem dep\u00f3sito faz jus ao seu nome! Esta composi\u00e7\u00e3o respons\u00e1vel reduz a quantidade de pl\u00e1stico em 50%. O mini apontador de l\u00e1pis para caber no estojo! A afia\u00e7\u00e3o \u00e9 r\u00e1pida e f\u00e1cil e n\u00e3o danifica a mina. Algumas voltas s\u00e3o suficientes para obter um bom ponto. Uma excelente ferramenta escolar que corta bem as minas para fazer desenhos finos!\",\"breadcrumb\":{\"@id\":\"https:\/\/mettapapelaria.com.br\/catalogo\/produto\/apontador-smiiling-planet-eco-maped\/#breadcrumb\"},\"inLanguage\":\"pt-BR\",\"potentialAction\":[{\"@type\":\"ReadAction\",\"target\":[\"https:\/\/mettapapelaria.com.br\/catalogo\/produto\/apontador-smiiling-planet-eco-maped\/\"]}]},{\"@type\":\"ImageObject\",\"inLanguage\":\"pt-BR\",\"@id\":\"https:\/\/mettapapelaria.com.br\/catalogo\/produto\/apontador-smiiling-planet-eco-maped\/#primaryimage\",\"url\":\"https:\/\/mettapapelaria.com.br\/catalogo\/wp-content\/uploads\/2024\/01\/APONTADOR-SMIILING-PLANET-ECO-MAPED-2.jpg\",\"contentUrl\":\"https:\/\/mettapapelaria.com.br\/catalogo\/wp-content\/uploads\/2024\/01\/APONTADOR-SMIILING-PLANET-ECO-MAPED-2.jpg\",\"width\":600,\"height\":600},{\"@type\":\"BreadcrumbList\",\"@id\":\"https:\/\/mettapapelaria.com.br\/catalogo\/produto\/apontador-smiiling-planet-eco-maped\/#breadcrumb\",\"itemListElement\":[{\"@type\":\"ListItem\",\"position\":1,\"name\":\"In\u00edcio\",\"item\":\"https:\/\/mettapapelaria.com.br\/catalogo\/\"},{\"@type\":\"ListItem\",\"position\":2,\"name\":\"Shop\",\"item\":\"https:\/\/mettapapelaria.com.br\/catalogo\/shop\/\"},{\"@type\":\"ListItem\",\"position\":3,\"name\":\"APONTADOR SMIILING PLANET ECO MAPED\"}]},{\"@type\":\"WebSite\",\"@id\":\"https:\/\/mettapapelaria.com.br\/catalogo\/#website\",\"url\":\"https:\/\/mettapapelaria.com.br\/catalogo\/\",\"name\":\"Metta Papelaria\",\"description\":\"Materiais e equipamentos de escrit\u00f3rio, suprimentos para inform\u00e1tica, e uma diversificada linha de material escolar\",\"publisher\":{\"@id\":\"https:\/\/mettapapelaria.com.br\/catalogo\/#organization\"},\"potentialAction\":[{\"@type\":\"SearchAction\",\"target\":{\"@type\":\"EntryPoint\",\"urlTemplate\":\"https:\/\/mettapapelaria.com.br\/catalogo\/?s={search_term_string}\"},\"query-input\":{\"@type\":\"PropertyValueSpecification\",\"valueRequired\":true,\"valueName\":\"search_term_string\"}}],\"inLanguage\":\"pt-BR\"},{\"@type\":\"Organization\",\"@id\":\"https:\/\/mettapapelaria.com.br\/catalogo\/#organization\",\"name\":\"Metta Papelaria\",\"url\":\"https:\/\/mettapapelaria.com.br\/catalogo\/\",\"logo\":{\"@type\":\"ImageObject\",\"inLanguage\":\"pt-BR\",\"@id\":\"https:\/\/mettapapelaria.com.br\/catalogo\/#\/schema\/logo\/image\/\",\"url\":\"https:\/\/mettapapelaria.com.br\/catalogo\/wp-content\/uploads\/2023\/12\/cropped-favicon-Metta_512-1.png\",\"contentUrl\":\"https:\/\/mettapapelaria.com.br\/catalogo\/wp-content\/uploads\/2023\/12\/cropped-favicon-Metta_512-1.png\",\"width\":512,\"height\":512,\"caption\":\"Metta Papelaria\"},\"image\":{\"@id\":\"https:\/\/mettapapelaria.com.br\/catalogo\/#\/schema\/logo\/image\/\"},\"sameAs\":[\"https:\/\/www.facebook.com\/mettapapelaria\/\",\"https:\/\/www.instagram.com\/papelariametta\/\"]}]}<\/script>\n<!-- \/ Yoast SEO plugin. -->","yoast_head_json":{"title":"APONTADOR SMIILING PLANET ECO MAPED - Metta Papelaria","description":"O apontador de l\u00e1pis Smiling Planet \u00e9 composto por 50% de fibras de madeira com certifica\u00e7\u00e3o FSC. Este apontador de l\u00e1pis sem dep\u00f3sito faz jus ao seu nome! Esta composi\u00e7\u00e3o respons\u00e1vel reduz a quantidade de pl\u00e1stico em 50%. O mini apontador de l\u00e1pis para caber no estojo! A afia\u00e7\u00e3o \u00e9 r\u00e1pida e f\u00e1cil e n\u00e3o danifica a mina. Algumas voltas s\u00e3o suficientes para obter um bom ponto. Uma excelente ferramenta escolar que corta bem as minas para fazer desenhos finos!","robots":{"index":"index","follow":"follow","max-snippet":"max-snippet:-1","max-image-preview":"max-image-preview:large","max-video-preview":"max-video-preview:-1"},"canonical":"https:\/\/mettapapelaria.com.br\/catalogo\/produto\/apontador-smiiling-planet-eco-maped\/","og_locale":"pt_BR","og_type":"article","og_title":"APONTADOR SMIILING PLANET ECO MAPED - Metta Papelaria","og_description":"O apontador de l\u00e1pis Smiling Planet \u00e9 composto por 50% de fibras de madeira com certifica\u00e7\u00e3o FSC. Este apontador de l\u00e1pis sem dep\u00f3sito faz jus ao seu nome! Esta composi\u00e7\u00e3o respons\u00e1vel reduz a quantidade de pl\u00e1stico em 50%. O mini apontador de l\u00e1pis para caber no estojo! A afia\u00e7\u00e3o \u00e9 r\u00e1pida e f\u00e1cil e n\u00e3o danifica a mina. Algumas voltas s\u00e3o suficientes para obter um bom ponto. Uma excelente ferramenta escolar que corta bem as minas para fazer desenhos finos!","og_url":"https:\/\/mettapapelaria.com.br\/catalogo\/produto\/apontador-smiiling-planet-eco-maped\/","og_site_name":"Metta Papelaria","article_publisher":"https:\/\/www.facebook.com\/mettapapelaria\/","article_modified_time":"2024-01-24T18:47:02+00:00","og_image":[{"width":600,"height":600,"url":"https:\/\/mettapapelaria.com.br\/catalogo\/wp-content\/uploads\/2024\/01\/APONTADOR-SMIILING-PLANET-ECO-MAPED-2.jpg","type":"image\/jpeg"}],"twitter_card":"summary_large_image","twitter_misc":{"Est. tempo de leitura":"1 minuto"},"schema":{"@context":"https:\/\/schema.org","@graph":[{"@type":"WebPage","@id":"https:\/\/mettapapelaria.com.br\/catalogo\/produto\/apontador-smiiling-planet-eco-maped\/","url":"https:\/\/mettapapelaria.com.br\/catalogo\/produto\/apontador-smiiling-planet-eco-maped\/","name":"APONTADOR SMIILING PLANET ECO MAPED - Metta Papelaria","isPartOf":{"@id":"https:\/\/mettapapelaria.com.br\/catalogo\/#website"},"primaryImageOfPage":{"@id":"https:\/\/mettapapelaria.com.br\/catalogo\/produto\/apontador-smiiling-planet-eco-maped\/#primaryimage"},"image":{"@id":"https:\/\/mettapapelaria.com.br\/catalogo\/produto\/apontador-smiiling-planet-eco-maped\/#primaryimage"},"thumbnailUrl":"https:\/\/mettapapelaria.com.br\/catalogo\/wp-content\/uploads\/2024\/01\/APONTADOR-SMIILING-PLANET-ECO-MAPED-2.jpg","datePublished":"2024-01-24T18:47:01+00:00","dateModified":"2024-01-24T18:47:02+00:00","description":"O apontador de l\u00e1pis Smiling Planet \u00e9 composto por 50% de fibras de madeira com certifica\u00e7\u00e3o FSC. Este apontador de l\u00e1pis sem dep\u00f3sito faz jus ao seu nome! Esta composi\u00e7\u00e3o respons\u00e1vel reduz a quantidade de pl\u00e1stico em 50%. O mini apontador de l\u00e1pis para caber no estojo! A afia\u00e7\u00e3o \u00e9 r\u00e1pida e f\u00e1cil e n\u00e3o danifica a mina. Algumas voltas s\u00e3o suficientes para obter um bom ponto. Uma excelente ferramenta escolar que corta bem as minas para fazer desenhos finos!","breadcrumb":{"@id":"https:\/\/mettapapelaria.com.br\/catalogo\/produto\/apontador-smiiling-planet-eco-maped\/#breadcrumb"},"inLanguage":"pt-BR","potentialAction":[{"@type":"ReadAction","target":["https:\/\/mettapapelaria.com.br\/catalogo\/produto\/apontador-smiiling-planet-eco-maped\/"]}]},{"@type":"ImageObject","inLanguage":"pt-BR","@id":"https:\/\/mettapapelaria.com.br\/catalogo\/produto\/apontador-smiiling-planet-eco-maped\/#primaryimage","url":"https:\/\/mettapapelaria.com.br\/catalogo\/wp-content\/uploads\/2024\/01\/APONTADOR-SMIILING-PLANET-ECO-MAPED-2.jpg","contentUrl":"https:\/\/mettapapelaria.com.br\/catalogo\/wp-content\/uploads\/2024\/01\/APONTADOR-SMIILING-PLANET-ECO-MAPED-2.jpg","width":600,"height":600},{"@type":"BreadcrumbList","@id":"https:\/\/mettapapelaria.com.br\/catalogo\/produto\/apontador-smiiling-planet-eco-maped\/#breadcrumb","itemListElement":[{"@type":"ListItem","position":1,"name":"In\u00edcio","item":"https:\/\/mettapapelaria.com.br\/catalogo\/"},{"@type":"ListItem","position":2,"name":"Shop","item":"https:\/\/mettapapelaria.com.br\/catalogo\/shop\/"},{"@type":"ListItem","position":3,"name":"APONTADOR SMIILING PLANET ECO MAPED"}]},{"@type":"WebSite","@id":"https:\/\/mettapapelaria.com.br\/catalogo\/#website","url":"https:\/\/mettapapelaria.com.br\/catalogo\/","name":"Metta Papelaria","description":"Materiais e equipamentos de escrit\u00f3rio, suprimentos para inform\u00e1tica, e uma diversificada linha de material escolar","publisher":{"@id":"https:\/\/mettapapelaria.com.br\/catalogo\/#organization"},"potentialAction":[{"@type":"SearchAction","target":{"@type":"EntryPoint","urlTemplate":"https:\/\/mettapapelaria.com.br\/catalogo\/?s={search_term_string}"},"query-input":{"@type":"PropertyValueSpecification","valueRequired":true,"valueName":"search_term_string"}}],"inLanguage":"pt-BR"},{"@type":"Organization","@id":"https:\/\/mettapapelaria.com.br\/catalogo\/#organization","name":"Metta Papelaria","url":"https:\/\/mettapapelaria.com.br\/catalogo\/","logo":{"@type":"ImageObject","inLanguage":"pt-BR","@id":"https:\/\/mettapapelaria.com.br\/catalogo\/#\/schema\/logo\/image\/","url":"https:\/\/mettapapelaria.com.br\/catalogo\/wp-content\/uploads\/2023\/12\/cropped-favicon-Metta_512-1.png","contentUrl":"https:\/\/mettapapelaria.com.br\/catalogo\/wp-content\/uploads\/2023\/12\/cropped-favicon-Metta_512-1.png","width":512,"height":512,"caption":"Metta Papelaria"},"image":{"@id":"https:\/\/mettapapelaria.com.br\/catalogo\/#\/schema\/logo\/image\/"},"sameAs":["https:\/\/www.facebook.com\/mettapapelaria\/","https:\/\/www.instagram.com\/papelariametta\/"]}]}},"_links":{"self":[{"href":"https:\/\/mettapapelaria.com.br\/catalogo\/wp-json\/wp\/v2\/product\/6569","targetHints":{"allow":["GET"]}}],"collection":[{"href":"https:\/\/mettapapelaria.com.br\/catalogo\/wp-json\/wp\/v2\/product"}],"about":[{"href":"https:\/\/mettapapelaria.com.br\/catalogo\/wp-json\/wp\/v2\/types\/product"}],"replies":[{"embeddable":true,"href":"https:\/\/mettapapelaria.com.br\/catalogo\/wp-json\/wp\/v2\/comments?post=6569"}],"version-history":[{"count":1,"href":"https:\/\/mettapapelaria.com.br\/catalogo\/wp-json\/wp\/v2\/product\/6569\/revisions"}],"predecessor-version":[{"id":6574,"href":"https:\/\/mettapapelaria.com.br\/catalogo\/wp-json\/wp\/v2\/product\/6569\/revisions\/6574"}],"wp:featuredmedia":[{"embeddable":true,"href":"https:\/\/mettapapelaria.com.br\/catalogo\/wp-json\/wp\/v2\/media\/6572"}],"wp:attachment":[{"href":"https:\/\/mettapapelaria.com.br\/catalogo\/wp-json\/wp\/v2\/media?parent=6569"}],"wp:term":[{"taxonomy":"brand","embeddable":true,"href":"https:\/\/mettapapelaria.com.br\/catalogo\/wp-json\/wp\/v2\/etheme_brands?post=6569"},{"taxonomy":"product_brand","embeddable":true,"href":"https:\/\/mettapapelaria.com.br\/catalogo\/wp-json\/wp\/v2\/product_brand?post=6569"},{"taxonomy":"product_cat","embeddable":true,"href":"https:\/\/mettapapelaria.com.br\/catalogo\/wp-json\/wp\/v2\/product_cat?post=6569"},{"taxonomy":"product_tag","embeddable":true,"href":"https:\/\/mettapapelaria.com.br\/catalogo\/wp-json\/wp\/v2\/product_tag?post=6569"}],"curies":[{"name":"wp","href":"https:\/\/api.w.org\/{rel}","templated":true}]}}