{"id":6462,"date":"2024-01-10T16:53:30","date_gmt":"2024-01-10T19:53:30","guid":{"rendered":"https:\/\/mettapapelaria.com.br\/catalogo\/?post_type=product&#038;p=6462"},"modified":"2024-01-10T16:53:31","modified_gmt":"2024-01-10T19:53:31","slug":"caderno-com-espiral-colegial-essencial-academie-tilibra","status":"publish","type":"product","link":"https:\/\/mettapapelaria.com.br\/catalogo\/produto\/caderno-com-espiral-colegial-essencial-academie-tilibra\/","title":{"rendered":"CADERNO COM ESPIRAL COLEGIAL ESSENCIAL ACAD\u00c9MIE TILIBRA"},"content":{"rendered":"<p>Ideal para o dia a dia na escola ou na faculdade, o Caderno Capa Dura Colegial Acad\u00e9mie 90 Gramas 1 Mat\u00e9ria 80 Folhas possui capa dura com parte interna e 80 folhas pautadas e destac\u00e1veis, com gramatura 90 g\/m\u00b2 para oferecer um acabamento perfeito \u00e0s anota\u00e7\u00f5es.<\/p>\n<p>Detalhes<\/p>\n<ul>\n<li>Capa: dura<\/li>\n<li>Espiral colorido<\/li>\n<li>Miolo: pautado<\/li>\n<li>N\u00famero de mat\u00e9rias: 1 mat\u00e9ria<\/li>\n<li>Produto certificado: FSC<\/li>\n<li>Formato: 177mm x 240mm<\/li>\n<li>Gramatura: 90 g\/m\u00b2<\/li>\n<li>N\u00famero de folhas: 80 folhas<\/li>\n<\/ul>\n","protected":false},"excerpt":{"rendered":"<p>Ideal para o dia a dia na escola ou na faculdade, o Caderno Capa Dura Colegial Acad\u00e9mie 90 Gramas 1 Mat\u00e9ria 80 Folhas possui capa&#8230;<\/p>\n","protected":false},"featured_media":6463,"comment_status":"open","ping_status":"closed","template":"","meta":[],"etheme_brands":[{"term_id":311,"name":"Tilibra","slug":"tilibra","term_group":0,"term_taxonomy_id":311,"taxonomy":"brand","description":"","parent":0,"count":148,"filter":"raw"}],"product_brand":[],"product_cat":[20,128,16],"product_tag":[270,272,313,314,271,276,316,275,227,225,317,274,318],"class_list":{"0":"post-6462","1":"product","2":"type-product","3":"status-publish","4":"has-post-thumbnail","6":"brand-tilibra","7":"product_cat-cadernos","8":"product_cat-cadernos-de-1-materia","9":"product_cat-material-escolar","10":"product_tag-caderno","11":"product_tag-caderno-1-materia","12":"product_tag-caderno-colegial","13":"product_tag-caderno-college","14":"product_tag-caderno-com-espiral","15":"product_tag-escola","16":"product_tag-estudante","17":"product_tag-faculdade","18":"product_tag-material-escolar","19":"product_tag-metta-papelaria","20":"product_tag-study","21":"product_tag-universidade","22":"product_tag-volta-as-aulas","24":"first","25":"instock","26":"sold-individually","27":"shipping-taxable","28":"purchasable","29":"product-type-simple"},"yoast_head":"<!-- This site is optimized with the Yoast SEO plugin v26.9 - https:\/\/yoast.com\/product\/yoast-seo-wordpress\/ -->\n<title>CADERNO COM ESPIRAL COLEGIAL ESSENCIAL ACAD\u00c9MIE TILIBRA - Metta Papelaria<\/title>\n<meta name=\"robots\" content=\"index, follow, max-snippet:-1, max-image-preview:large, max-video-preview:-1\" \/>\n<link rel=\"canonical\" href=\"https:\/\/mettapapelaria.com.br\/catalogo\/produto\/caderno-com-espiral-colegial-essencial-academie-tilibra\/\" \/>\n<meta property=\"og:locale\" content=\"pt_BR\" \/>\n<meta property=\"og:type\" content=\"article\" \/>\n<meta property=\"og:title\" content=\"CADERNO COM ESPIRAL COLEGIAL ESSENCIAL ACAD\u00c9MIE TILIBRA - Metta Papelaria\" \/>\n<meta property=\"og:description\" content=\"Ideal para o dia a dia na escola ou na faculdade, o Caderno Capa Dura Colegial Acad\u00e9mie 90 Gramas 1 Mat\u00e9ria 80 Folhas possui capa...\" \/>\n<meta property=\"og:url\" content=\"https:\/\/mettapapelaria.com.br\/catalogo\/produto\/caderno-com-espiral-colegial-essencial-academie-tilibra\/\" \/>\n<meta property=\"og:site_name\" content=\"Metta Papelaria\" \/>\n<meta property=\"article:publisher\" content=\"https:\/\/www.facebook.com\/mettapapelaria\/\" \/>\n<meta property=\"article:modified_time\" content=\"2024-01-10T19:53:31+00:00\" \/>\n<meta property=\"og:image\" content=\"https:\/\/mettapapelaria.com.br\/catalogo\/wp-content\/uploads\/2024\/01\/CADERNO-COM-ESPIRAL-COLEGIAL-ESSENCIAL-ACADEMIE-TILIBRA.jpg\" \/>\n\t<meta property=\"og:image:width\" content=\"600\" \/>\n\t<meta property=\"og:image:height\" content=\"600\" \/>\n\t<meta property=\"og:image:type\" content=\"image\/jpeg\" \/>\n<meta name=\"twitter:card\" content=\"summary_large_image\" \/>\n<script type=\"application\/ld+json\" class=\"yoast-schema-graph\">{\"@context\":\"https:\/\/schema.org\",\"@graph\":[{\"@type\":\"WebPage\",\"@id\":\"https:\/\/mettapapelaria.com.br\/catalogo\/produto\/caderno-com-espiral-colegial-essencial-academie-tilibra\/\",\"url\":\"https:\/\/mettapapelaria.com.br\/catalogo\/produto\/caderno-com-espiral-colegial-essencial-academie-tilibra\/\",\"name\":\"CADERNO COM ESPIRAL COLEGIAL ESSENCIAL ACAD\u00c9MIE TILIBRA - Metta Papelaria\",\"isPartOf\":{\"@id\":\"https:\/\/mettapapelaria.com.br\/catalogo\/#website\"},\"primaryImageOfPage\":{\"@id\":\"https:\/\/mettapapelaria.com.br\/catalogo\/produto\/caderno-com-espiral-colegial-essencial-academie-tilibra\/#primaryimage\"},\"image\":{\"@id\":\"https:\/\/mettapapelaria.com.br\/catalogo\/produto\/caderno-com-espiral-colegial-essencial-academie-tilibra\/#primaryimage\"},\"thumbnailUrl\":\"https:\/\/mettapapelaria.com.br\/catalogo\/wp-content\/uploads\/2024\/01\/CADERNO-COM-ESPIRAL-COLEGIAL-ESSENCIAL-ACADEMIE-TILIBRA.jpg\",\"datePublished\":\"2024-01-10T19:53:30+00:00\",\"dateModified\":\"2024-01-10T19:53:31+00:00\",\"breadcrumb\":{\"@id\":\"https:\/\/mettapapelaria.com.br\/catalogo\/produto\/caderno-com-espiral-colegial-essencial-academie-tilibra\/#breadcrumb\"},\"inLanguage\":\"pt-BR\",\"potentialAction\":[{\"@type\":\"ReadAction\",\"target\":[\"https:\/\/mettapapelaria.com.br\/catalogo\/produto\/caderno-com-espiral-colegial-essencial-academie-tilibra\/\"]}]},{\"@type\":\"ImageObject\",\"inLanguage\":\"pt-BR\",\"@id\":\"https:\/\/mettapapelaria.com.br\/catalogo\/produto\/caderno-com-espiral-colegial-essencial-academie-tilibra\/#primaryimage\",\"url\":\"https:\/\/mettapapelaria.com.br\/catalogo\/wp-content\/uploads\/2024\/01\/CADERNO-COM-ESPIRAL-COLEGIAL-ESSENCIAL-ACADEMIE-TILIBRA.jpg\",\"contentUrl\":\"https:\/\/mettapapelaria.com.br\/catalogo\/wp-content\/uploads\/2024\/01\/CADERNO-COM-ESPIRAL-COLEGIAL-ESSENCIAL-ACADEMIE-TILIBRA.jpg\",\"width\":600,\"height\":600},{\"@type\":\"BreadcrumbList\",\"@id\":\"https:\/\/mettapapelaria.com.br\/catalogo\/produto\/caderno-com-espiral-colegial-essencial-academie-tilibra\/#breadcrumb\",\"itemListElement\":[{\"@type\":\"ListItem\",\"position\":1,\"name\":\"In\u00edcio\",\"item\":\"https:\/\/mettapapelaria.com.br\/catalogo\/\"},{\"@type\":\"ListItem\",\"position\":2,\"name\":\"Shop\",\"item\":\"https:\/\/mettapapelaria.com.br\/catalogo\/shop\/\"},{\"@type\":\"ListItem\",\"position\":3,\"name\":\"CADERNO COM ESPIRAL COLEGIAL ESSENCIAL ACAD\u00c9MIE TILIBRA\"}]},{\"@type\":\"WebSite\",\"@id\":\"https:\/\/mettapapelaria.com.br\/catalogo\/#website\",\"url\":\"https:\/\/mettapapelaria.com.br\/catalogo\/\",\"name\":\"Metta Papelaria\",\"description\":\"Materiais e equipamentos de escrit\u00f3rio, suprimentos para inform\u00e1tica, e uma diversificada linha de material escolar\",\"publisher\":{\"@id\":\"https:\/\/mettapapelaria.com.br\/catalogo\/#organization\"},\"potentialAction\":[{\"@type\":\"SearchAction\",\"target\":{\"@type\":\"EntryPoint\",\"urlTemplate\":\"https:\/\/mettapapelaria.com.br\/catalogo\/?s={search_term_string}\"},\"query-input\":{\"@type\":\"PropertyValueSpecification\",\"valueRequired\":true,\"valueName\":\"search_term_string\"}}],\"inLanguage\":\"pt-BR\"},{\"@type\":\"Organization\",\"@id\":\"https:\/\/mettapapelaria.com.br\/catalogo\/#organization\",\"name\":\"Metta Papelaria\",\"url\":\"https:\/\/mettapapelaria.com.br\/catalogo\/\",\"logo\":{\"@type\":\"ImageObject\",\"inLanguage\":\"pt-BR\",\"@id\":\"https:\/\/mettapapelaria.com.br\/catalogo\/#\/schema\/logo\/image\/\",\"url\":\"https:\/\/mettapapelaria.com.br\/catalogo\/wp-content\/uploads\/2023\/12\/cropped-favicon-Metta_512-1.png\",\"contentUrl\":\"https:\/\/mettapapelaria.com.br\/catalogo\/wp-content\/uploads\/2023\/12\/cropped-favicon-Metta_512-1.png\",\"width\":512,\"height\":512,\"caption\":\"Metta Papelaria\"},\"image\":{\"@id\":\"https:\/\/mettapapelaria.com.br\/catalogo\/#\/schema\/logo\/image\/\"},\"sameAs\":[\"https:\/\/www.facebook.com\/mettapapelaria\/\",\"https:\/\/www.instagram.com\/papelariametta\/\"]}]}<\/script>\n<!-- \/ Yoast SEO plugin. -->","yoast_head_json":{"title":"CADERNO COM ESPIRAL COLEGIAL ESSENCIAL ACAD\u00c9MIE TILIBRA - Metta Papelaria","robots":{"index":"index","follow":"follow","max-snippet":"max-snippet:-1","max-image-preview":"max-image-preview:large","max-video-preview":"max-video-preview:-1"},"canonical":"https:\/\/mettapapelaria.com.br\/catalogo\/produto\/caderno-com-espiral-colegial-essencial-academie-tilibra\/","og_locale":"pt_BR","og_type":"article","og_title":"CADERNO COM ESPIRAL COLEGIAL ESSENCIAL ACAD\u00c9MIE TILIBRA - Metta Papelaria","og_description":"Ideal para o dia a dia na escola ou na faculdade, o Caderno Capa Dura Colegial Acad\u00e9mie 90 Gramas 1 Mat\u00e9ria 80 Folhas possui capa...","og_url":"https:\/\/mettapapelaria.com.br\/catalogo\/produto\/caderno-com-espiral-colegial-essencial-academie-tilibra\/","og_site_name":"Metta Papelaria","article_publisher":"https:\/\/www.facebook.com\/mettapapelaria\/","article_modified_time":"2024-01-10T19:53:31+00:00","og_image":[{"width":600,"height":600,"url":"https:\/\/mettapapelaria.com.br\/catalogo\/wp-content\/uploads\/2024\/01\/CADERNO-COM-ESPIRAL-COLEGIAL-ESSENCIAL-ACADEMIE-TILIBRA.jpg","type":"image\/jpeg"}],"twitter_card":"summary_large_image","schema":{"@context":"https:\/\/schema.org","@graph":[{"@type":"WebPage","@id":"https:\/\/mettapapelaria.com.br\/catalogo\/produto\/caderno-com-espiral-colegial-essencial-academie-tilibra\/","url":"https:\/\/mettapapelaria.com.br\/catalogo\/produto\/caderno-com-espiral-colegial-essencial-academie-tilibra\/","name":"CADERNO COM ESPIRAL COLEGIAL ESSENCIAL ACAD\u00c9MIE TILIBRA - Metta Papelaria","isPartOf":{"@id":"https:\/\/mettapapelaria.com.br\/catalogo\/#website"},"primaryImageOfPage":{"@id":"https:\/\/mettapapelaria.com.br\/catalogo\/produto\/caderno-com-espiral-colegial-essencial-academie-tilibra\/#primaryimage"},"image":{"@id":"https:\/\/mettapapelaria.com.br\/catalogo\/produto\/caderno-com-espiral-colegial-essencial-academie-tilibra\/#primaryimage"},"thumbnailUrl":"https:\/\/mettapapelaria.com.br\/catalogo\/wp-content\/uploads\/2024\/01\/CADERNO-COM-ESPIRAL-COLEGIAL-ESSENCIAL-ACADEMIE-TILIBRA.jpg","datePublished":"2024-01-10T19:53:30+00:00","dateModified":"2024-01-10T19:53:31+00:00","breadcrumb":{"@id":"https:\/\/mettapapelaria.com.br\/catalogo\/produto\/caderno-com-espiral-colegial-essencial-academie-tilibra\/#breadcrumb"},"inLanguage":"pt-BR","potentialAction":[{"@type":"ReadAction","target":["https:\/\/mettapapelaria.com.br\/catalogo\/produto\/caderno-com-espiral-colegial-essencial-academie-tilibra\/"]}]},{"@type":"ImageObject","inLanguage":"pt-BR","@id":"https:\/\/mettapapelaria.com.br\/catalogo\/produto\/caderno-com-espiral-colegial-essencial-academie-tilibra\/#primaryimage","url":"https:\/\/mettapapelaria.com.br\/catalogo\/wp-content\/uploads\/2024\/01\/CADERNO-COM-ESPIRAL-COLEGIAL-ESSENCIAL-ACADEMIE-TILIBRA.jpg","contentUrl":"https:\/\/mettapapelaria.com.br\/catalogo\/wp-content\/uploads\/2024\/01\/CADERNO-COM-ESPIRAL-COLEGIAL-ESSENCIAL-ACADEMIE-TILIBRA.jpg","width":600,"height":600},{"@type":"BreadcrumbList","@id":"https:\/\/mettapapelaria.com.br\/catalogo\/produto\/caderno-com-espiral-colegial-essencial-academie-tilibra\/#breadcrumb","itemListElement":[{"@type":"ListItem","position":1,"name":"In\u00edcio","item":"https:\/\/mettapapelaria.com.br\/catalogo\/"},{"@type":"ListItem","position":2,"name":"Shop","item":"https:\/\/mettapapelaria.com.br\/catalogo\/shop\/"},{"@type":"ListItem","position":3,"name":"CADERNO COM ESPIRAL COLEGIAL ESSENCIAL ACAD\u00c9MIE TILIBRA"}]},{"@type":"WebSite","@id":"https:\/\/mettapapelaria.com.br\/catalogo\/#website","url":"https:\/\/mettapapelaria.com.br\/catalogo\/","name":"Metta Papelaria","description":"Materiais e equipamentos de escrit\u00f3rio, suprimentos para inform\u00e1tica, e uma diversificada linha de material escolar","publisher":{"@id":"https:\/\/mettapapelaria.com.br\/catalogo\/#organization"},"potentialAction":[{"@type":"SearchAction","target":{"@type":"EntryPoint","urlTemplate":"https:\/\/mettapapelaria.com.br\/catalogo\/?s={search_term_string}"},"query-input":{"@type":"PropertyValueSpecification","valueRequired":true,"valueName":"search_term_string"}}],"inLanguage":"pt-BR"},{"@type":"Organization","@id":"https:\/\/mettapapelaria.com.br\/catalogo\/#organization","name":"Metta Papelaria","url":"https:\/\/mettapapelaria.com.br\/catalogo\/","logo":{"@type":"ImageObject","inLanguage":"pt-BR","@id":"https:\/\/mettapapelaria.com.br\/catalogo\/#\/schema\/logo\/image\/","url":"https:\/\/mettapapelaria.com.br\/catalogo\/wp-content\/uploads\/2023\/12\/cropped-favicon-Metta_512-1.png","contentUrl":"https:\/\/mettapapelaria.com.br\/catalogo\/wp-content\/uploads\/2023\/12\/cropped-favicon-Metta_512-1.png","width":512,"height":512,"caption":"Metta Papelaria"},"image":{"@id":"https:\/\/mettapapelaria.com.br\/catalogo\/#\/schema\/logo\/image\/"},"sameAs":["https:\/\/www.facebook.com\/mettapapelaria\/","https:\/\/www.instagram.com\/papelariametta\/"]}]}},"_links":{"self":[{"href":"https:\/\/mettapapelaria.com.br\/catalogo\/wp-json\/wp\/v2\/product\/6462","targetHints":{"allow":["GET"]}}],"collection":[{"href":"https:\/\/mettapapelaria.com.br\/catalogo\/wp-json\/wp\/v2\/product"}],"about":[{"href":"https:\/\/mettapapelaria.com.br\/catalogo\/wp-json\/wp\/v2\/types\/product"}],"replies":[{"embeddable":true,"href":"https:\/\/mettapapelaria.com.br\/catalogo\/wp-json\/wp\/v2\/comments?post=6462"}],"version-history":[{"count":1,"href":"https:\/\/mettapapelaria.com.br\/catalogo\/wp-json\/wp\/v2\/product\/6462\/revisions"}],"predecessor-version":[{"id":6464,"href":"https:\/\/mettapapelaria.com.br\/catalogo\/wp-json\/wp\/v2\/product\/6462\/revisions\/6464"}],"wp:featuredmedia":[{"embeddable":true,"href":"https:\/\/mettapapelaria.com.br\/catalogo\/wp-json\/wp\/v2\/media\/6463"}],"wp:attachment":[{"href":"https:\/\/mettapapelaria.com.br\/catalogo\/wp-json\/wp\/v2\/media?parent=6462"}],"wp:term":[{"taxonomy":"brand","embeddable":true,"href":"https:\/\/mettapapelaria.com.br\/catalogo\/wp-json\/wp\/v2\/etheme_brands?post=6462"},{"taxonomy":"product_brand","embeddable":true,"href":"https:\/\/mettapapelaria.com.br\/catalogo\/wp-json\/wp\/v2\/product_brand?post=6462"},{"taxonomy":"product_cat","embeddable":true,"href":"https:\/\/mettapapelaria.com.br\/catalogo\/wp-json\/wp\/v2\/product_cat?post=6462"},{"taxonomy":"product_tag","embeddable":true,"href":"https:\/\/mettapapelaria.com.br\/catalogo\/wp-json\/wp\/v2\/product_tag?post=6462"}],"curies":[{"name":"wp","href":"https:\/\/api.w.org\/{rel}","templated":true}]}}