{"id":6318,"date":"2024-01-09T17:13:24","date_gmt":"2024-01-09T20:13:24","guid":{"rendered":"https:\/\/mettapapelaria.com.br\/catalogo\/?post_type=product&#038;p=6318"},"modified":"2024-01-09T17:13:25","modified_gmt":"2024-01-09T20:13:25","slug":"marca-texto-liquido-2-em-1-jocar-office","status":"publish","type":"product","link":"https:\/\/mettapapelaria.com.br\/catalogo\/produto\/marca-texto-liquido-2-em-1-jocar-office\/","title":{"rendered":"MARCA TEXTO L\u00cdQUIDO 2 EM 1 JOCAR OFFICE"},"content":{"rendered":"<p>O Marca-Texto L\u00edquido 2 em 1 Jocar Office \u00e9 um marca-texto com design inteligente que deixa o n\u00edvel de tinta aparente. E ele ainda vem com duas cores diferentes em cada ponta. Assim, \u00e9 poss\u00edvel alternar entre dois tons vibrantes com um simples giro dos dedos. S\u00e3o 12 combina\u00e7\u00f5es de cores divertidas com \u00f3tima cobertura, corpo redondo e uma ponta chanfrada, com tra\u00e7o de 3,1 mm, que permite variar a espessura do tra\u00e7o e garantir um realce perfeito.<\/p>\n<ul>\n<li>Todos contemplam a cor amarela e mais uma segunda cor: rosa, azul, laranja ou verde.<\/li>\n<li>Composi\u00e7\u00e3o: Corpo em resina termopl\u00e1stica, polipropileno, ponta de fibra e tinta \u00e0 base de \u00e1gua e corantes.<\/li>\n<\/ul>\n","protected":false},"excerpt":{"rendered":"<p>O Marca-Texto L\u00edquido 2 em 1 Jocar Office \u00e9 um marca-texto com design inteligente que deixa o n\u00edvel de tinta aparente. E ele ainda vem&#8230;<\/p>\n","protected":false},"featured_media":6319,"comment_status":"open","ping_status":"closed","template":"","meta":[],"etheme_brands":[{"term_id":251,"name":"Jocar Office","slug":"jocar-office","term_group":0,"term_taxonomy_id":251,"taxonomy":"brand","description":"","parent":249,"count":15,"filter":"raw"},{"term_id":249,"name":"Leonora","slug":"leonora","term_group":0,"term_taxonomy_id":249,"taxonomy":"brand","description":"","parent":0,"count":67,"filter":"raw"}],"product_brand":[],"product_cat":[76,16,15],"product_tag":[333,406,276,316,275,382,228,227,225,383,317,274,318],"class_list":{"0":"post-6318","1":"product","2":"type-product","3":"status-publish","4":"has-post-thumbnail","6":"brand-jocar-office","7":"brand-leonora","8":"product_cat-marca-texto","9":"product_cat-material-escolar","10":"product_cat-material-escritorio","11":"product_tag-2-em-1","12":"product_tag-cores-neon","13":"product_tag-escola","14":"product_tag-estudante","15":"product_tag-faculdade","16":"product_tag-marca-texto","17":"product_tag-material-de-escritorio","18":"product_tag-material-escolar","19":"product_tag-metta-papelaria","20":"product_tag-neon","21":"product_tag-study","22":"product_tag-universidade","23":"product_tag-volta-as-aulas","25":"first","26":"instock","27":"sold-individually","28":"shipping-taxable","29":"purchasable","30":"product-type-simple"},"yoast_head":"<!-- This site is optimized with the Yoast SEO plugin v26.9 - https:\/\/yoast.com\/product\/yoast-seo-wordpress\/ -->\n<title>MARCA TEXTO L\u00cdQUIDO 2 EM 1 JOCAR OFFICE - Metta Papelaria<\/title>\n<meta name=\"robots\" content=\"index, follow, max-snippet:-1, max-image-preview:large, max-video-preview:-1\" \/>\n<link rel=\"canonical\" href=\"https:\/\/mettapapelaria.com.br\/catalogo\/produto\/marca-texto-liquido-2-em-1-jocar-office\/\" \/>\n<meta property=\"og:locale\" content=\"pt_BR\" \/>\n<meta property=\"og:type\" content=\"article\" \/>\n<meta property=\"og:title\" content=\"MARCA TEXTO L\u00cdQUIDO 2 EM 1 JOCAR OFFICE - Metta Papelaria\" \/>\n<meta property=\"og:description\" content=\"O Marca-Texto L\u00edquido 2 em 1 Jocar Office \u00e9 um marca-texto com design inteligente que deixa o n\u00edvel de tinta aparente. E ele ainda vem...\" \/>\n<meta property=\"og:url\" content=\"https:\/\/mettapapelaria.com.br\/catalogo\/produto\/marca-texto-liquido-2-em-1-jocar-office\/\" \/>\n<meta property=\"og:site_name\" content=\"Metta Papelaria\" \/>\n<meta property=\"article:publisher\" content=\"https:\/\/www.facebook.com\/mettapapelaria\/\" \/>\n<meta property=\"article:modified_time\" content=\"2024-01-09T20:13:25+00:00\" \/>\n<meta property=\"og:image\" content=\"https:\/\/mettapapelaria.com.br\/catalogo\/wp-content\/uploads\/2024\/01\/MARCA-TEXTO-LIQUIDO-2-EM-1-JOCAR-OFFICE.jpg\" \/>\n\t<meta property=\"og:image:width\" content=\"600\" \/>\n\t<meta property=\"og:image:height\" content=\"600\" \/>\n\t<meta property=\"og:image:type\" content=\"image\/jpeg\" \/>\n<meta name=\"twitter:card\" content=\"summary_large_image\" \/>\n<meta name=\"twitter:label1\" content=\"Est. tempo de leitura\" \/>\n\t<meta name=\"twitter:data1\" content=\"1 minuto\" \/>\n<script type=\"application\/ld+json\" class=\"yoast-schema-graph\">{\"@context\":\"https:\/\/schema.org\",\"@graph\":[{\"@type\":\"WebPage\",\"@id\":\"https:\/\/mettapapelaria.com.br\/catalogo\/produto\/marca-texto-liquido-2-em-1-jocar-office\/\",\"url\":\"https:\/\/mettapapelaria.com.br\/catalogo\/produto\/marca-texto-liquido-2-em-1-jocar-office\/\",\"name\":\"MARCA TEXTO L\u00cdQUIDO 2 EM 1 JOCAR OFFICE - Metta Papelaria\",\"isPartOf\":{\"@id\":\"https:\/\/mettapapelaria.com.br\/catalogo\/#website\"},\"primaryImageOfPage\":{\"@id\":\"https:\/\/mettapapelaria.com.br\/catalogo\/produto\/marca-texto-liquido-2-em-1-jocar-office\/#primaryimage\"},\"image\":{\"@id\":\"https:\/\/mettapapelaria.com.br\/catalogo\/produto\/marca-texto-liquido-2-em-1-jocar-office\/#primaryimage\"},\"thumbnailUrl\":\"https:\/\/mettapapelaria.com.br\/catalogo\/wp-content\/uploads\/2024\/01\/MARCA-TEXTO-LIQUIDO-2-EM-1-JOCAR-OFFICE.jpg\",\"datePublished\":\"2024-01-09T20:13:24+00:00\",\"dateModified\":\"2024-01-09T20:13:25+00:00\",\"breadcrumb\":{\"@id\":\"https:\/\/mettapapelaria.com.br\/catalogo\/produto\/marca-texto-liquido-2-em-1-jocar-office\/#breadcrumb\"},\"inLanguage\":\"pt-BR\",\"potentialAction\":[{\"@type\":\"ReadAction\",\"target\":[\"https:\/\/mettapapelaria.com.br\/catalogo\/produto\/marca-texto-liquido-2-em-1-jocar-office\/\"]}]},{\"@type\":\"ImageObject\",\"inLanguage\":\"pt-BR\",\"@id\":\"https:\/\/mettapapelaria.com.br\/catalogo\/produto\/marca-texto-liquido-2-em-1-jocar-office\/#primaryimage\",\"url\":\"https:\/\/mettapapelaria.com.br\/catalogo\/wp-content\/uploads\/2024\/01\/MARCA-TEXTO-LIQUIDO-2-EM-1-JOCAR-OFFICE.jpg\",\"contentUrl\":\"https:\/\/mettapapelaria.com.br\/catalogo\/wp-content\/uploads\/2024\/01\/MARCA-TEXTO-LIQUIDO-2-EM-1-JOCAR-OFFICE.jpg\",\"width\":600,\"height\":600},{\"@type\":\"BreadcrumbList\",\"@id\":\"https:\/\/mettapapelaria.com.br\/catalogo\/produto\/marca-texto-liquido-2-em-1-jocar-office\/#breadcrumb\",\"itemListElement\":[{\"@type\":\"ListItem\",\"position\":1,\"name\":\"In\u00edcio\",\"item\":\"https:\/\/mettapapelaria.com.br\/catalogo\/\"},{\"@type\":\"ListItem\",\"position\":2,\"name\":\"Shop\",\"item\":\"https:\/\/mettapapelaria.com.br\/catalogo\/shop\/\"},{\"@type\":\"ListItem\",\"position\":3,\"name\":\"MARCA TEXTO L\u00cdQUIDO 2 EM 1 JOCAR OFFICE\"}]},{\"@type\":\"WebSite\",\"@id\":\"https:\/\/mettapapelaria.com.br\/catalogo\/#website\",\"url\":\"https:\/\/mettapapelaria.com.br\/catalogo\/\",\"name\":\"Metta Papelaria\",\"description\":\"Materiais e equipamentos de escrit\u00f3rio, suprimentos para inform\u00e1tica, e uma diversificada linha de material escolar\",\"publisher\":{\"@id\":\"https:\/\/mettapapelaria.com.br\/catalogo\/#organization\"},\"potentialAction\":[{\"@type\":\"SearchAction\",\"target\":{\"@type\":\"EntryPoint\",\"urlTemplate\":\"https:\/\/mettapapelaria.com.br\/catalogo\/?s={search_term_string}\"},\"query-input\":{\"@type\":\"PropertyValueSpecification\",\"valueRequired\":true,\"valueName\":\"search_term_string\"}}],\"inLanguage\":\"pt-BR\"},{\"@type\":\"Organization\",\"@id\":\"https:\/\/mettapapelaria.com.br\/catalogo\/#organization\",\"name\":\"Metta Papelaria\",\"url\":\"https:\/\/mettapapelaria.com.br\/catalogo\/\",\"logo\":{\"@type\":\"ImageObject\",\"inLanguage\":\"pt-BR\",\"@id\":\"https:\/\/mettapapelaria.com.br\/catalogo\/#\/schema\/logo\/image\/\",\"url\":\"https:\/\/mettapapelaria.com.br\/catalogo\/wp-content\/uploads\/2023\/12\/cropped-favicon-Metta_512-1.png\",\"contentUrl\":\"https:\/\/mettapapelaria.com.br\/catalogo\/wp-content\/uploads\/2023\/12\/cropped-favicon-Metta_512-1.png\",\"width\":512,\"height\":512,\"caption\":\"Metta Papelaria\"},\"image\":{\"@id\":\"https:\/\/mettapapelaria.com.br\/catalogo\/#\/schema\/logo\/image\/\"},\"sameAs\":[\"https:\/\/www.facebook.com\/mettapapelaria\/\",\"https:\/\/www.instagram.com\/papelariametta\/\"]}]}<\/script>\n<!-- \/ Yoast SEO plugin. -->","yoast_head_json":{"title":"MARCA TEXTO L\u00cdQUIDO 2 EM 1 JOCAR OFFICE - Metta Papelaria","robots":{"index":"index","follow":"follow","max-snippet":"max-snippet:-1","max-image-preview":"max-image-preview:large","max-video-preview":"max-video-preview:-1"},"canonical":"https:\/\/mettapapelaria.com.br\/catalogo\/produto\/marca-texto-liquido-2-em-1-jocar-office\/","og_locale":"pt_BR","og_type":"article","og_title":"MARCA TEXTO L\u00cdQUIDO 2 EM 1 JOCAR OFFICE - Metta Papelaria","og_description":"O Marca-Texto L\u00edquido 2 em 1 Jocar Office \u00e9 um marca-texto com design inteligente que deixa o n\u00edvel de tinta aparente. E ele ainda vem...","og_url":"https:\/\/mettapapelaria.com.br\/catalogo\/produto\/marca-texto-liquido-2-em-1-jocar-office\/","og_site_name":"Metta Papelaria","article_publisher":"https:\/\/www.facebook.com\/mettapapelaria\/","article_modified_time":"2024-01-09T20:13:25+00:00","og_image":[{"width":600,"height":600,"url":"https:\/\/mettapapelaria.com.br\/catalogo\/wp-content\/uploads\/2024\/01\/MARCA-TEXTO-LIQUIDO-2-EM-1-JOCAR-OFFICE.jpg","type":"image\/jpeg"}],"twitter_card":"summary_large_image","twitter_misc":{"Est. tempo de leitura":"1 minuto"},"schema":{"@context":"https:\/\/schema.org","@graph":[{"@type":"WebPage","@id":"https:\/\/mettapapelaria.com.br\/catalogo\/produto\/marca-texto-liquido-2-em-1-jocar-office\/","url":"https:\/\/mettapapelaria.com.br\/catalogo\/produto\/marca-texto-liquido-2-em-1-jocar-office\/","name":"MARCA TEXTO L\u00cdQUIDO 2 EM 1 JOCAR OFFICE - Metta Papelaria","isPartOf":{"@id":"https:\/\/mettapapelaria.com.br\/catalogo\/#website"},"primaryImageOfPage":{"@id":"https:\/\/mettapapelaria.com.br\/catalogo\/produto\/marca-texto-liquido-2-em-1-jocar-office\/#primaryimage"},"image":{"@id":"https:\/\/mettapapelaria.com.br\/catalogo\/produto\/marca-texto-liquido-2-em-1-jocar-office\/#primaryimage"},"thumbnailUrl":"https:\/\/mettapapelaria.com.br\/catalogo\/wp-content\/uploads\/2024\/01\/MARCA-TEXTO-LIQUIDO-2-EM-1-JOCAR-OFFICE.jpg","datePublished":"2024-01-09T20:13:24+00:00","dateModified":"2024-01-09T20:13:25+00:00","breadcrumb":{"@id":"https:\/\/mettapapelaria.com.br\/catalogo\/produto\/marca-texto-liquido-2-em-1-jocar-office\/#breadcrumb"},"inLanguage":"pt-BR","potentialAction":[{"@type":"ReadAction","target":["https:\/\/mettapapelaria.com.br\/catalogo\/produto\/marca-texto-liquido-2-em-1-jocar-office\/"]}]},{"@type":"ImageObject","inLanguage":"pt-BR","@id":"https:\/\/mettapapelaria.com.br\/catalogo\/produto\/marca-texto-liquido-2-em-1-jocar-office\/#primaryimage","url":"https:\/\/mettapapelaria.com.br\/catalogo\/wp-content\/uploads\/2024\/01\/MARCA-TEXTO-LIQUIDO-2-EM-1-JOCAR-OFFICE.jpg","contentUrl":"https:\/\/mettapapelaria.com.br\/catalogo\/wp-content\/uploads\/2024\/01\/MARCA-TEXTO-LIQUIDO-2-EM-1-JOCAR-OFFICE.jpg","width":600,"height":600},{"@type":"BreadcrumbList","@id":"https:\/\/mettapapelaria.com.br\/catalogo\/produto\/marca-texto-liquido-2-em-1-jocar-office\/#breadcrumb","itemListElement":[{"@type":"ListItem","position":1,"name":"In\u00edcio","item":"https:\/\/mettapapelaria.com.br\/catalogo\/"},{"@type":"ListItem","position":2,"name":"Shop","item":"https:\/\/mettapapelaria.com.br\/catalogo\/shop\/"},{"@type":"ListItem","position":3,"name":"MARCA TEXTO L\u00cdQUIDO 2 EM 1 JOCAR OFFICE"}]},{"@type":"WebSite","@id":"https:\/\/mettapapelaria.com.br\/catalogo\/#website","url":"https:\/\/mettapapelaria.com.br\/catalogo\/","name":"Metta Papelaria","description":"Materiais e equipamentos de escrit\u00f3rio, suprimentos para inform\u00e1tica, e uma diversificada linha de material escolar","publisher":{"@id":"https:\/\/mettapapelaria.com.br\/catalogo\/#organization"},"potentialAction":[{"@type":"SearchAction","target":{"@type":"EntryPoint","urlTemplate":"https:\/\/mettapapelaria.com.br\/catalogo\/?s={search_term_string}"},"query-input":{"@type":"PropertyValueSpecification","valueRequired":true,"valueName":"search_term_string"}}],"inLanguage":"pt-BR"},{"@type":"Organization","@id":"https:\/\/mettapapelaria.com.br\/catalogo\/#organization","name":"Metta Papelaria","url":"https:\/\/mettapapelaria.com.br\/catalogo\/","logo":{"@type":"ImageObject","inLanguage":"pt-BR","@id":"https:\/\/mettapapelaria.com.br\/catalogo\/#\/schema\/logo\/image\/","url":"https:\/\/mettapapelaria.com.br\/catalogo\/wp-content\/uploads\/2023\/12\/cropped-favicon-Metta_512-1.png","contentUrl":"https:\/\/mettapapelaria.com.br\/catalogo\/wp-content\/uploads\/2023\/12\/cropped-favicon-Metta_512-1.png","width":512,"height":512,"caption":"Metta Papelaria"},"image":{"@id":"https:\/\/mettapapelaria.com.br\/catalogo\/#\/schema\/logo\/image\/"},"sameAs":["https:\/\/www.facebook.com\/mettapapelaria\/","https:\/\/www.instagram.com\/papelariametta\/"]}]}},"_links":{"self":[{"href":"https:\/\/mettapapelaria.com.br\/catalogo\/wp-json\/wp\/v2\/product\/6318","targetHints":{"allow":["GET"]}}],"collection":[{"href":"https:\/\/mettapapelaria.com.br\/catalogo\/wp-json\/wp\/v2\/product"}],"about":[{"href":"https:\/\/mettapapelaria.com.br\/catalogo\/wp-json\/wp\/v2\/types\/product"}],"replies":[{"embeddable":true,"href":"https:\/\/mettapapelaria.com.br\/catalogo\/wp-json\/wp\/v2\/comments?post=6318"}],"version-history":[{"count":2,"href":"https:\/\/mettapapelaria.com.br\/catalogo\/wp-json\/wp\/v2\/product\/6318\/revisions"}],"predecessor-version":[{"id":6325,"href":"https:\/\/mettapapelaria.com.br\/catalogo\/wp-json\/wp\/v2\/product\/6318\/revisions\/6325"}],"wp:featuredmedia":[{"embeddable":true,"href":"https:\/\/mettapapelaria.com.br\/catalogo\/wp-json\/wp\/v2\/media\/6319"}],"wp:attachment":[{"href":"https:\/\/mettapapelaria.com.br\/catalogo\/wp-json\/wp\/v2\/media?parent=6318"}],"wp:term":[{"taxonomy":"brand","embeddable":true,"href":"https:\/\/mettapapelaria.com.br\/catalogo\/wp-json\/wp\/v2\/etheme_brands?post=6318"},{"taxonomy":"product_brand","embeddable":true,"href":"https:\/\/mettapapelaria.com.br\/catalogo\/wp-json\/wp\/v2\/product_brand?post=6318"},{"taxonomy":"product_cat","embeddable":true,"href":"https:\/\/mettapapelaria.com.br\/catalogo\/wp-json\/wp\/v2\/product_cat?post=6318"},{"taxonomy":"product_tag","embeddable":true,"href":"https:\/\/mettapapelaria.com.br\/catalogo\/wp-json\/wp\/v2\/product_tag?post=6318"}],"curies":[{"name":"wp","href":"https:\/\/api.w.org\/{rel}","templated":true}]}}