{"id":6220,"date":"2024-01-04T08:43:44","date_gmt":"2024-01-04T11:43:44","guid":{"rendered":"https:\/\/mettapapelaria.com.br\/catalogo\/?post_type=product&#038;p=6220"},"modified":"2024-01-04T08:43:45","modified_gmt":"2024-01-04T11:43:45","slug":"apontador-com-deposito-tom-pastel-brw","status":"publish","type":"product","link":"https:\/\/mettapapelaria.com.br\/catalogo\/produto\/apontador-com-deposito-tom-pastel-brw\/","title":{"rendered":"APONTADOR COM DEP\u00d3SITO TOM PASTEL BRW"},"content":{"rendered":"<p>O Apontador Pl\u00e1stico com Dep\u00f3sito Tom Pastel BRW une um material resistente e de alt\u00edssima qualidade com uma das maiores e mais lindas tend\u00eancias de cores: os tons pastel!<br \/>\nO charme das cores claras e delicadas s\u00e3o ideias para o cotidiano em escrit\u00f3rios, escolas, universidades e at\u00e9 mesmo em casa.<br \/>\nConta com dep\u00f3sito transparente para raspas de l\u00e1pis e tampa flip-flop que evita a sa\u00edda dos res\u00edduos. Desta forma, pode ser facilmente carregado em estojos e mochilas sem correr o risco de sujar os outros materiais.<br \/>\nPossui l\u00e2mina de a\u00e7o temperado com excelente fio de corte, o que proporciona facilidade para apontar e prolonga sua durabilidade.<br \/>\nSeu uso \u00e9 indicado para l\u00e1pis de tamanho comum.<\/p>\n","protected":false},"excerpt":{"rendered":"<p>O Apontador Pl\u00e1stico com Dep\u00f3sito Tom Pastel BRW une um material resistente e de alt\u00edssima qualidade com uma das maiores e mais lindas tend\u00eancias de&#8230;<\/p>\n","protected":false},"featured_media":6221,"comment_status":"open","ping_status":"closed","template":"","meta":[],"etheme_brands":[{"term_id":193,"name":"BRW","slug":"brw","term_group":0,"term_taxonomy_id":193,"taxonomy":"brand","description":"","parent":0,"count":34,"filter":"raw"}],"product_brand":[],"product_cat":[19,82,16],"product_tag":[328,329,330,238,397,293,396,276,316,275,395,294,292,227,225,384,317,274,318],"class_list":{"0":"post-6220","1":"product","2":"type-product","3":"status-publish","4":"has-post-thumbnail","6":"brand-brw","7":"product_cat-apontadores","8":"product_cat-apontadores-com-deposito","9":"product_cat-material-escolar","10":"product_tag-apontador","11":"product_tag-apontador-com-deposito","12":"product_tag-apontador-com-lixeira","13":"product_tag-brw","14":"product_tag-cores-pasteis","15":"product_tag-crianca","16":"product_tag-cute","17":"product_tag-escola","18":"product_tag-estudante","19":"product_tag-faculdade","20":"product_tag-fofo","21":"product_tag-infantil","22":"product_tag-kids","23":"product_tag-material-escolar","24":"product_tag-metta-papelaria","25":"product_tag-pastel","26":"product_tag-study","27":"product_tag-universidade","28":"product_tag-volta-as-aulas","30":"first","31":"instock","32":"sold-individually","33":"shipping-taxable","34":"product-type-simple"},"yoast_head":"<!-- This site is optimized with the Yoast SEO plugin v26.9 - https:\/\/yoast.com\/product\/yoast-seo-wordpress\/ -->\n<title>APONTADOR COM DEP\u00d3SITO TOM PASTEL BRW - Metta Papelaria<\/title>\n<meta name=\"robots\" content=\"index, follow, max-snippet:-1, max-image-preview:large, max-video-preview:-1\" \/>\n<link rel=\"canonical\" href=\"https:\/\/mettapapelaria.com.br\/catalogo\/produto\/apontador-com-deposito-tom-pastel-brw\/\" \/>\n<meta property=\"og:locale\" content=\"pt_BR\" \/>\n<meta property=\"og:type\" content=\"article\" \/>\n<meta property=\"og:title\" content=\"APONTADOR COM DEP\u00d3SITO TOM PASTEL BRW - Metta Papelaria\" \/>\n<meta property=\"og:description\" content=\"O Apontador Pl\u00e1stico com Dep\u00f3sito Tom Pastel BRW une um material resistente e de alt\u00edssima qualidade com uma das maiores e mais lindas tend\u00eancias de...\" \/>\n<meta property=\"og:url\" content=\"https:\/\/mettapapelaria.com.br\/catalogo\/produto\/apontador-com-deposito-tom-pastel-brw\/\" \/>\n<meta property=\"og:site_name\" content=\"Metta Papelaria\" \/>\n<meta property=\"article:publisher\" content=\"https:\/\/www.facebook.com\/mettapapelaria\/\" \/>\n<meta property=\"article:modified_time\" content=\"2024-01-04T11:43:45+00:00\" \/>\n<meta property=\"og:image\" content=\"https:\/\/mettapapelaria.com.br\/catalogo\/wp-content\/uploads\/2024\/01\/APONTADOR-COM-DEPOSITO-TOM-PASTEL-BRW.jpg\" \/>\n\t<meta property=\"og:image:width\" content=\"600\" \/>\n\t<meta property=\"og:image:height\" content=\"600\" \/>\n\t<meta property=\"og:image:type\" content=\"image\/jpeg\" \/>\n<meta name=\"twitter:card\" content=\"summary_large_image\" \/>\n<meta name=\"twitter:label1\" content=\"Est. tempo de leitura\" \/>\n\t<meta name=\"twitter:data1\" content=\"1 minuto\" \/>\n<script type=\"application\/ld+json\" class=\"yoast-schema-graph\">{\"@context\":\"https:\/\/schema.org\",\"@graph\":[{\"@type\":\"WebPage\",\"@id\":\"https:\/\/mettapapelaria.com.br\/catalogo\/produto\/apontador-com-deposito-tom-pastel-brw\/\",\"url\":\"https:\/\/mettapapelaria.com.br\/catalogo\/produto\/apontador-com-deposito-tom-pastel-brw\/\",\"name\":\"APONTADOR COM DEP\u00d3SITO TOM PASTEL BRW - Metta Papelaria\",\"isPartOf\":{\"@id\":\"https:\/\/mettapapelaria.com.br\/catalogo\/#website\"},\"primaryImageOfPage\":{\"@id\":\"https:\/\/mettapapelaria.com.br\/catalogo\/produto\/apontador-com-deposito-tom-pastel-brw\/#primaryimage\"},\"image\":{\"@id\":\"https:\/\/mettapapelaria.com.br\/catalogo\/produto\/apontador-com-deposito-tom-pastel-brw\/#primaryimage\"},\"thumbnailUrl\":\"https:\/\/mettapapelaria.com.br\/catalogo\/wp-content\/uploads\/2024\/01\/APONTADOR-COM-DEPOSITO-TOM-PASTEL-BRW.jpg\",\"datePublished\":\"2024-01-04T11:43:44+00:00\",\"dateModified\":\"2024-01-04T11:43:45+00:00\",\"breadcrumb\":{\"@id\":\"https:\/\/mettapapelaria.com.br\/catalogo\/produto\/apontador-com-deposito-tom-pastel-brw\/#breadcrumb\"},\"inLanguage\":\"pt-BR\",\"potentialAction\":[{\"@type\":\"ReadAction\",\"target\":[\"https:\/\/mettapapelaria.com.br\/catalogo\/produto\/apontador-com-deposito-tom-pastel-brw\/\"]}]},{\"@type\":\"ImageObject\",\"inLanguage\":\"pt-BR\",\"@id\":\"https:\/\/mettapapelaria.com.br\/catalogo\/produto\/apontador-com-deposito-tom-pastel-brw\/#primaryimage\",\"url\":\"https:\/\/mettapapelaria.com.br\/catalogo\/wp-content\/uploads\/2024\/01\/APONTADOR-COM-DEPOSITO-TOM-PASTEL-BRW.jpg\",\"contentUrl\":\"https:\/\/mettapapelaria.com.br\/catalogo\/wp-content\/uploads\/2024\/01\/APONTADOR-COM-DEPOSITO-TOM-PASTEL-BRW.jpg\",\"width\":600,\"height\":600},{\"@type\":\"BreadcrumbList\",\"@id\":\"https:\/\/mettapapelaria.com.br\/catalogo\/produto\/apontador-com-deposito-tom-pastel-brw\/#breadcrumb\",\"itemListElement\":[{\"@type\":\"ListItem\",\"position\":1,\"name\":\"In\u00edcio\",\"item\":\"https:\/\/mettapapelaria.com.br\/catalogo\/\"},{\"@type\":\"ListItem\",\"position\":2,\"name\":\"Shop\",\"item\":\"https:\/\/mettapapelaria.com.br\/catalogo\/shop\/\"},{\"@type\":\"ListItem\",\"position\":3,\"name\":\"APONTADOR COM DEP\u00d3SITO TOM PASTEL BRW\"}]},{\"@type\":\"WebSite\",\"@id\":\"https:\/\/mettapapelaria.com.br\/catalogo\/#website\",\"url\":\"https:\/\/mettapapelaria.com.br\/catalogo\/\",\"name\":\"Metta Papelaria\",\"description\":\"Materiais e equipamentos de escrit\u00f3rio, suprimentos para inform\u00e1tica, e uma diversificada linha de material escolar\",\"publisher\":{\"@id\":\"https:\/\/mettapapelaria.com.br\/catalogo\/#organization\"},\"potentialAction\":[{\"@type\":\"SearchAction\",\"target\":{\"@type\":\"EntryPoint\",\"urlTemplate\":\"https:\/\/mettapapelaria.com.br\/catalogo\/?s={search_term_string}\"},\"query-input\":{\"@type\":\"PropertyValueSpecification\",\"valueRequired\":true,\"valueName\":\"search_term_string\"}}],\"inLanguage\":\"pt-BR\"},{\"@type\":\"Organization\",\"@id\":\"https:\/\/mettapapelaria.com.br\/catalogo\/#organization\",\"name\":\"Metta Papelaria\",\"url\":\"https:\/\/mettapapelaria.com.br\/catalogo\/\",\"logo\":{\"@type\":\"ImageObject\",\"inLanguage\":\"pt-BR\",\"@id\":\"https:\/\/mettapapelaria.com.br\/catalogo\/#\/schema\/logo\/image\/\",\"url\":\"https:\/\/mettapapelaria.com.br\/catalogo\/wp-content\/uploads\/2023\/12\/cropped-favicon-Metta_512-1.png\",\"contentUrl\":\"https:\/\/mettapapelaria.com.br\/catalogo\/wp-content\/uploads\/2023\/12\/cropped-favicon-Metta_512-1.png\",\"width\":512,\"height\":512,\"caption\":\"Metta Papelaria\"},\"image\":{\"@id\":\"https:\/\/mettapapelaria.com.br\/catalogo\/#\/schema\/logo\/image\/\"},\"sameAs\":[\"https:\/\/www.facebook.com\/mettapapelaria\/\",\"https:\/\/www.instagram.com\/papelariametta\/\"]}]}<\/script>\n<!-- \/ Yoast SEO plugin. -->","yoast_head_json":{"title":"APONTADOR COM DEP\u00d3SITO TOM PASTEL BRW - Metta Papelaria","robots":{"index":"index","follow":"follow","max-snippet":"max-snippet:-1","max-image-preview":"max-image-preview:large","max-video-preview":"max-video-preview:-1"},"canonical":"https:\/\/mettapapelaria.com.br\/catalogo\/produto\/apontador-com-deposito-tom-pastel-brw\/","og_locale":"pt_BR","og_type":"article","og_title":"APONTADOR COM DEP\u00d3SITO TOM PASTEL BRW - Metta Papelaria","og_description":"O Apontador Pl\u00e1stico com Dep\u00f3sito Tom Pastel BRW une um material resistente e de alt\u00edssima qualidade com uma das maiores e mais lindas tend\u00eancias de...","og_url":"https:\/\/mettapapelaria.com.br\/catalogo\/produto\/apontador-com-deposito-tom-pastel-brw\/","og_site_name":"Metta Papelaria","article_publisher":"https:\/\/www.facebook.com\/mettapapelaria\/","article_modified_time":"2024-01-04T11:43:45+00:00","og_image":[{"width":600,"height":600,"url":"https:\/\/mettapapelaria.com.br\/catalogo\/wp-content\/uploads\/2024\/01\/APONTADOR-COM-DEPOSITO-TOM-PASTEL-BRW.jpg","type":"image\/jpeg"}],"twitter_card":"summary_large_image","twitter_misc":{"Est. tempo de leitura":"1 minuto"},"schema":{"@context":"https:\/\/schema.org","@graph":[{"@type":"WebPage","@id":"https:\/\/mettapapelaria.com.br\/catalogo\/produto\/apontador-com-deposito-tom-pastel-brw\/","url":"https:\/\/mettapapelaria.com.br\/catalogo\/produto\/apontador-com-deposito-tom-pastel-brw\/","name":"APONTADOR COM DEP\u00d3SITO TOM PASTEL BRW - Metta Papelaria","isPartOf":{"@id":"https:\/\/mettapapelaria.com.br\/catalogo\/#website"},"primaryImageOfPage":{"@id":"https:\/\/mettapapelaria.com.br\/catalogo\/produto\/apontador-com-deposito-tom-pastel-brw\/#primaryimage"},"image":{"@id":"https:\/\/mettapapelaria.com.br\/catalogo\/produto\/apontador-com-deposito-tom-pastel-brw\/#primaryimage"},"thumbnailUrl":"https:\/\/mettapapelaria.com.br\/catalogo\/wp-content\/uploads\/2024\/01\/APONTADOR-COM-DEPOSITO-TOM-PASTEL-BRW.jpg","datePublished":"2024-01-04T11:43:44+00:00","dateModified":"2024-01-04T11:43:45+00:00","breadcrumb":{"@id":"https:\/\/mettapapelaria.com.br\/catalogo\/produto\/apontador-com-deposito-tom-pastel-brw\/#breadcrumb"},"inLanguage":"pt-BR","potentialAction":[{"@type":"ReadAction","target":["https:\/\/mettapapelaria.com.br\/catalogo\/produto\/apontador-com-deposito-tom-pastel-brw\/"]}]},{"@type":"ImageObject","inLanguage":"pt-BR","@id":"https:\/\/mettapapelaria.com.br\/catalogo\/produto\/apontador-com-deposito-tom-pastel-brw\/#primaryimage","url":"https:\/\/mettapapelaria.com.br\/catalogo\/wp-content\/uploads\/2024\/01\/APONTADOR-COM-DEPOSITO-TOM-PASTEL-BRW.jpg","contentUrl":"https:\/\/mettapapelaria.com.br\/catalogo\/wp-content\/uploads\/2024\/01\/APONTADOR-COM-DEPOSITO-TOM-PASTEL-BRW.jpg","width":600,"height":600},{"@type":"BreadcrumbList","@id":"https:\/\/mettapapelaria.com.br\/catalogo\/produto\/apontador-com-deposito-tom-pastel-brw\/#breadcrumb","itemListElement":[{"@type":"ListItem","position":1,"name":"In\u00edcio","item":"https:\/\/mettapapelaria.com.br\/catalogo\/"},{"@type":"ListItem","position":2,"name":"Shop","item":"https:\/\/mettapapelaria.com.br\/catalogo\/shop\/"},{"@type":"ListItem","position":3,"name":"APONTADOR COM DEP\u00d3SITO TOM PASTEL BRW"}]},{"@type":"WebSite","@id":"https:\/\/mettapapelaria.com.br\/catalogo\/#website","url":"https:\/\/mettapapelaria.com.br\/catalogo\/","name":"Metta Papelaria","description":"Materiais e equipamentos de escrit\u00f3rio, suprimentos para inform\u00e1tica, e uma diversificada linha de material escolar","publisher":{"@id":"https:\/\/mettapapelaria.com.br\/catalogo\/#organization"},"potentialAction":[{"@type":"SearchAction","target":{"@type":"EntryPoint","urlTemplate":"https:\/\/mettapapelaria.com.br\/catalogo\/?s={search_term_string}"},"query-input":{"@type":"PropertyValueSpecification","valueRequired":true,"valueName":"search_term_string"}}],"inLanguage":"pt-BR"},{"@type":"Organization","@id":"https:\/\/mettapapelaria.com.br\/catalogo\/#organization","name":"Metta Papelaria","url":"https:\/\/mettapapelaria.com.br\/catalogo\/","logo":{"@type":"ImageObject","inLanguage":"pt-BR","@id":"https:\/\/mettapapelaria.com.br\/catalogo\/#\/schema\/logo\/image\/","url":"https:\/\/mettapapelaria.com.br\/catalogo\/wp-content\/uploads\/2023\/12\/cropped-favicon-Metta_512-1.png","contentUrl":"https:\/\/mettapapelaria.com.br\/catalogo\/wp-content\/uploads\/2023\/12\/cropped-favicon-Metta_512-1.png","width":512,"height":512,"caption":"Metta Papelaria"},"image":{"@id":"https:\/\/mettapapelaria.com.br\/catalogo\/#\/schema\/logo\/image\/"},"sameAs":["https:\/\/www.facebook.com\/mettapapelaria\/","https:\/\/www.instagram.com\/papelariametta\/"]}]}},"_links":{"self":[{"href":"https:\/\/mettapapelaria.com.br\/catalogo\/wp-json\/wp\/v2\/product\/6220","targetHints":{"allow":["GET"]}}],"collection":[{"href":"https:\/\/mettapapelaria.com.br\/catalogo\/wp-json\/wp\/v2\/product"}],"about":[{"href":"https:\/\/mettapapelaria.com.br\/catalogo\/wp-json\/wp\/v2\/types\/product"}],"replies":[{"embeddable":true,"href":"https:\/\/mettapapelaria.com.br\/catalogo\/wp-json\/wp\/v2\/comments?post=6220"}],"version-history":[{"count":1,"href":"https:\/\/mettapapelaria.com.br\/catalogo\/wp-json\/wp\/v2\/product\/6220\/revisions"}],"predecessor-version":[{"id":6225,"href":"https:\/\/mettapapelaria.com.br\/catalogo\/wp-json\/wp\/v2\/product\/6220\/revisions\/6225"}],"wp:featuredmedia":[{"embeddable":true,"href":"https:\/\/mettapapelaria.com.br\/catalogo\/wp-json\/wp\/v2\/media\/6221"}],"wp:attachment":[{"href":"https:\/\/mettapapelaria.com.br\/catalogo\/wp-json\/wp\/v2\/media?parent=6220"}],"wp:term":[{"taxonomy":"brand","embeddable":true,"href":"https:\/\/mettapapelaria.com.br\/catalogo\/wp-json\/wp\/v2\/etheme_brands?post=6220"},{"taxonomy":"product_brand","embeddable":true,"href":"https:\/\/mettapapelaria.com.br\/catalogo\/wp-json\/wp\/v2\/product_brand?post=6220"},{"taxonomy":"product_cat","embeddable":true,"href":"https:\/\/mettapapelaria.com.br\/catalogo\/wp-json\/wp\/v2\/product_cat?post=6220"},{"taxonomy":"product_tag","embeddable":true,"href":"https:\/\/mettapapelaria.com.br\/catalogo\/wp-json\/wp\/v2\/product_tag?post=6220"}],"curies":[{"name":"wp","href":"https:\/\/api.w.org\/{rel}","templated":true}]}}