{"id":6210,"date":"2024-01-03T16:24:37","date_gmt":"2024-01-03T19:24:37","guid":{"rendered":"https:\/\/mettapapelaria.com.br\/catalogo\/?post_type=product&#038;p=6210"},"modified":"2024-01-03T16:24:38","modified_gmt":"2024-01-03T19:24:38","slug":"alfabeto-movel-abc-vogais-5cm-x-5mm-evamax","status":"publish","type":"product","link":"https:\/\/mettapapelaria.com.br\/catalogo\/produto\/alfabeto-movel-abc-vogais-5cm-x-5mm-evamax\/","title":{"rendered":"ALFABETO M\u00d3VEL ABC + VOGAIS 5CM X 5MM EVAMAX"},"content":{"rendered":"<p>O EVA recortado ABC+VOGAIS Grande Bast\u00e3o EVAMAX, cont\u00eam todas as letras do alfabeto de A a Z + vogais. A EVAMAX desenvolveu o EVA recortado ABC+VOGAIS Grande Bast\u00e3o , para formar palavras, frases, express\u00f5es, nomes e muito mais! EVA EVAMAX \u00e9 colorido, macio, at\u00f3xico e inodoro.<\/p>\n","protected":false},"excerpt":{"rendered":"<p>O EVA recortado ABC+VOGAIS Grande Bast\u00e3o EVAMAX, cont\u00eam todas as letras do alfabeto de A a Z + vogais. A EVAMAX desenvolveu o EVA recortado&#8230;<\/p>\n","protected":false},"featured_media":6211,"comment_status":"open","ping_status":"closed","template":"","meta":[],"etheme_brands":[],"product_brand":[],"product_cat":[18,27,25,16,47],"product_tag":[389,390,388,387,254,338,293,276,316,391,255,294,392,393,292,256,227,225,318],"class_list":{"0":"post-6210","1":"product","2":"type-product","3":"status-publish","4":"has-post-thumbnail","6":"product_cat-brinquedos-jogos","7":"product_cat-eva-folhas-tnt","8":"product_cat-material","9":"product_cat-material-escolar","10":"product_cat-pedagogicos","11":"product_tag-abc","12":"product_tag-abc-eva","13":"product_tag-alfabeto-eva","14":"product_tag-alfabeto-movel","15":"product_tag-casa","16":"product_tag-colorido","17":"product_tag-crianca","18":"product_tag-escola","19":"product_tag-estudante","20":"product_tag-eva","21":"product_tag-home","22":"product_tag-infantil","23":"product_tag-jogos","24":"product_tag-jogos-infantis","25":"product_tag-kids","26":"product_tag-lar","27":"product_tag-material-escolar","28":"product_tag-metta-papelaria","29":"product_tag-volta-as-aulas","31":"first","32":"instock","33":"sold-individually","34":"shipping-taxable","35":"purchasable","36":"product-type-simple"},"yoast_head":"<!-- This site is optimized with the Yoast SEO plugin v26.9 - https:\/\/yoast.com\/product\/yoast-seo-wordpress\/ -->\n<title>ALFABETO M\u00d3VEL ABC + VOGAIS 5CM X 5MM EVAMAX - Metta Papelaria<\/title>\n<meta name=\"robots\" content=\"index, follow, max-snippet:-1, max-image-preview:large, max-video-preview:-1\" \/>\n<link rel=\"canonical\" href=\"https:\/\/mettapapelaria.com.br\/catalogo\/produto\/alfabeto-movel-abc-vogais-5cm-x-5mm-evamax\/\" \/>\n<meta property=\"og:locale\" content=\"pt_BR\" \/>\n<meta property=\"og:type\" content=\"article\" \/>\n<meta property=\"og:title\" content=\"ALFABETO M\u00d3VEL ABC + VOGAIS 5CM X 5MM EVAMAX - Metta Papelaria\" \/>\n<meta property=\"og:description\" content=\"O EVA recortado ABC+VOGAIS Grande Bast\u00e3o EVAMAX, cont\u00eam todas as letras do alfabeto de A a Z + vogais. A EVAMAX desenvolveu o EVA recortado...\" \/>\n<meta property=\"og:url\" content=\"https:\/\/mettapapelaria.com.br\/catalogo\/produto\/alfabeto-movel-abc-vogais-5cm-x-5mm-evamax\/\" \/>\n<meta property=\"og:site_name\" content=\"Metta Papelaria\" \/>\n<meta property=\"article:publisher\" content=\"https:\/\/www.facebook.com\/mettapapelaria\/\" \/>\n<meta property=\"article:modified_time\" content=\"2024-01-03T19:24:38+00:00\" \/>\n<meta property=\"og:image\" content=\"https:\/\/mettapapelaria.com.br\/catalogo\/wp-content\/uploads\/2024\/01\/ALFABETO-MOVEL-ABC-VOGAIS-5CM-X-5MM-EVAMAX.jpg\" \/>\n\t<meta property=\"og:image:width\" content=\"600\" \/>\n\t<meta property=\"og:image:height\" content=\"600\" \/>\n\t<meta property=\"og:image:type\" content=\"image\/jpeg\" \/>\n<meta name=\"twitter:card\" content=\"summary_large_image\" \/>\n<script type=\"application\/ld+json\" class=\"yoast-schema-graph\">{\"@context\":\"https:\/\/schema.org\",\"@graph\":[{\"@type\":\"WebPage\",\"@id\":\"https:\/\/mettapapelaria.com.br\/catalogo\/produto\/alfabeto-movel-abc-vogais-5cm-x-5mm-evamax\/\",\"url\":\"https:\/\/mettapapelaria.com.br\/catalogo\/produto\/alfabeto-movel-abc-vogais-5cm-x-5mm-evamax\/\",\"name\":\"ALFABETO M\u00d3VEL ABC + VOGAIS 5CM X 5MM EVAMAX - Metta Papelaria\",\"isPartOf\":{\"@id\":\"https:\/\/mettapapelaria.com.br\/catalogo\/#website\"},\"primaryImageOfPage\":{\"@id\":\"https:\/\/mettapapelaria.com.br\/catalogo\/produto\/alfabeto-movel-abc-vogais-5cm-x-5mm-evamax\/#primaryimage\"},\"image\":{\"@id\":\"https:\/\/mettapapelaria.com.br\/catalogo\/produto\/alfabeto-movel-abc-vogais-5cm-x-5mm-evamax\/#primaryimage\"},\"thumbnailUrl\":\"https:\/\/mettapapelaria.com.br\/catalogo\/wp-content\/uploads\/2024\/01\/ALFABETO-MOVEL-ABC-VOGAIS-5CM-X-5MM-EVAMAX.jpg\",\"datePublished\":\"2024-01-03T19:24:37+00:00\",\"dateModified\":\"2024-01-03T19:24:38+00:00\",\"breadcrumb\":{\"@id\":\"https:\/\/mettapapelaria.com.br\/catalogo\/produto\/alfabeto-movel-abc-vogais-5cm-x-5mm-evamax\/#breadcrumb\"},\"inLanguage\":\"pt-BR\",\"potentialAction\":[{\"@type\":\"ReadAction\",\"target\":[\"https:\/\/mettapapelaria.com.br\/catalogo\/produto\/alfabeto-movel-abc-vogais-5cm-x-5mm-evamax\/\"]}]},{\"@type\":\"ImageObject\",\"inLanguage\":\"pt-BR\",\"@id\":\"https:\/\/mettapapelaria.com.br\/catalogo\/produto\/alfabeto-movel-abc-vogais-5cm-x-5mm-evamax\/#primaryimage\",\"url\":\"https:\/\/mettapapelaria.com.br\/catalogo\/wp-content\/uploads\/2024\/01\/ALFABETO-MOVEL-ABC-VOGAIS-5CM-X-5MM-EVAMAX.jpg\",\"contentUrl\":\"https:\/\/mettapapelaria.com.br\/catalogo\/wp-content\/uploads\/2024\/01\/ALFABETO-MOVEL-ABC-VOGAIS-5CM-X-5MM-EVAMAX.jpg\",\"width\":600,\"height\":600},{\"@type\":\"BreadcrumbList\",\"@id\":\"https:\/\/mettapapelaria.com.br\/catalogo\/produto\/alfabeto-movel-abc-vogais-5cm-x-5mm-evamax\/#breadcrumb\",\"itemListElement\":[{\"@type\":\"ListItem\",\"position\":1,\"name\":\"In\u00edcio\",\"item\":\"https:\/\/mettapapelaria.com.br\/catalogo\/\"},{\"@type\":\"ListItem\",\"position\":2,\"name\":\"Shop\",\"item\":\"https:\/\/mettapapelaria.com.br\/catalogo\/shop\/\"},{\"@type\":\"ListItem\",\"position\":3,\"name\":\"ALFABETO M\u00d3VEL ABC + VOGAIS 5CM X 5MM EVAMAX\"}]},{\"@type\":\"WebSite\",\"@id\":\"https:\/\/mettapapelaria.com.br\/catalogo\/#website\",\"url\":\"https:\/\/mettapapelaria.com.br\/catalogo\/\",\"name\":\"Metta Papelaria\",\"description\":\"Materiais e equipamentos de escrit\u00f3rio, suprimentos para inform\u00e1tica, e uma diversificada linha de material escolar\",\"publisher\":{\"@id\":\"https:\/\/mettapapelaria.com.br\/catalogo\/#organization\"},\"potentialAction\":[{\"@type\":\"SearchAction\",\"target\":{\"@type\":\"EntryPoint\",\"urlTemplate\":\"https:\/\/mettapapelaria.com.br\/catalogo\/?s={search_term_string}\"},\"query-input\":{\"@type\":\"PropertyValueSpecification\",\"valueRequired\":true,\"valueName\":\"search_term_string\"}}],\"inLanguage\":\"pt-BR\"},{\"@type\":\"Organization\",\"@id\":\"https:\/\/mettapapelaria.com.br\/catalogo\/#organization\",\"name\":\"Metta Papelaria\",\"url\":\"https:\/\/mettapapelaria.com.br\/catalogo\/\",\"logo\":{\"@type\":\"ImageObject\",\"inLanguage\":\"pt-BR\",\"@id\":\"https:\/\/mettapapelaria.com.br\/catalogo\/#\/schema\/logo\/image\/\",\"url\":\"https:\/\/mettapapelaria.com.br\/catalogo\/wp-content\/uploads\/2023\/12\/cropped-favicon-Metta_512-1.png\",\"contentUrl\":\"https:\/\/mettapapelaria.com.br\/catalogo\/wp-content\/uploads\/2023\/12\/cropped-favicon-Metta_512-1.png\",\"width\":512,\"height\":512,\"caption\":\"Metta Papelaria\"},\"image\":{\"@id\":\"https:\/\/mettapapelaria.com.br\/catalogo\/#\/schema\/logo\/image\/\"},\"sameAs\":[\"https:\/\/www.facebook.com\/mettapapelaria\/\",\"https:\/\/www.instagram.com\/papelariametta\/\"]}]}<\/script>\n<!-- \/ Yoast SEO plugin. -->","yoast_head_json":{"title":"ALFABETO M\u00d3VEL ABC + VOGAIS 5CM X 5MM EVAMAX - Metta Papelaria","robots":{"index":"index","follow":"follow","max-snippet":"max-snippet:-1","max-image-preview":"max-image-preview:large","max-video-preview":"max-video-preview:-1"},"canonical":"https:\/\/mettapapelaria.com.br\/catalogo\/produto\/alfabeto-movel-abc-vogais-5cm-x-5mm-evamax\/","og_locale":"pt_BR","og_type":"article","og_title":"ALFABETO M\u00d3VEL ABC + VOGAIS 5CM X 5MM EVAMAX - Metta Papelaria","og_description":"O EVA recortado ABC+VOGAIS Grande Bast\u00e3o EVAMAX, cont\u00eam todas as letras do alfabeto de A a Z + vogais. A EVAMAX desenvolveu o EVA recortado...","og_url":"https:\/\/mettapapelaria.com.br\/catalogo\/produto\/alfabeto-movel-abc-vogais-5cm-x-5mm-evamax\/","og_site_name":"Metta Papelaria","article_publisher":"https:\/\/www.facebook.com\/mettapapelaria\/","article_modified_time":"2024-01-03T19:24:38+00:00","og_image":[{"width":600,"height":600,"url":"https:\/\/mettapapelaria.com.br\/catalogo\/wp-content\/uploads\/2024\/01\/ALFABETO-MOVEL-ABC-VOGAIS-5CM-X-5MM-EVAMAX.jpg","type":"image\/jpeg"}],"twitter_card":"summary_large_image","schema":{"@context":"https:\/\/schema.org","@graph":[{"@type":"WebPage","@id":"https:\/\/mettapapelaria.com.br\/catalogo\/produto\/alfabeto-movel-abc-vogais-5cm-x-5mm-evamax\/","url":"https:\/\/mettapapelaria.com.br\/catalogo\/produto\/alfabeto-movel-abc-vogais-5cm-x-5mm-evamax\/","name":"ALFABETO M\u00d3VEL ABC + VOGAIS 5CM X 5MM EVAMAX - Metta Papelaria","isPartOf":{"@id":"https:\/\/mettapapelaria.com.br\/catalogo\/#website"},"primaryImageOfPage":{"@id":"https:\/\/mettapapelaria.com.br\/catalogo\/produto\/alfabeto-movel-abc-vogais-5cm-x-5mm-evamax\/#primaryimage"},"image":{"@id":"https:\/\/mettapapelaria.com.br\/catalogo\/produto\/alfabeto-movel-abc-vogais-5cm-x-5mm-evamax\/#primaryimage"},"thumbnailUrl":"https:\/\/mettapapelaria.com.br\/catalogo\/wp-content\/uploads\/2024\/01\/ALFABETO-MOVEL-ABC-VOGAIS-5CM-X-5MM-EVAMAX.jpg","datePublished":"2024-01-03T19:24:37+00:00","dateModified":"2024-01-03T19:24:38+00:00","breadcrumb":{"@id":"https:\/\/mettapapelaria.com.br\/catalogo\/produto\/alfabeto-movel-abc-vogais-5cm-x-5mm-evamax\/#breadcrumb"},"inLanguage":"pt-BR","potentialAction":[{"@type":"ReadAction","target":["https:\/\/mettapapelaria.com.br\/catalogo\/produto\/alfabeto-movel-abc-vogais-5cm-x-5mm-evamax\/"]}]},{"@type":"ImageObject","inLanguage":"pt-BR","@id":"https:\/\/mettapapelaria.com.br\/catalogo\/produto\/alfabeto-movel-abc-vogais-5cm-x-5mm-evamax\/#primaryimage","url":"https:\/\/mettapapelaria.com.br\/catalogo\/wp-content\/uploads\/2024\/01\/ALFABETO-MOVEL-ABC-VOGAIS-5CM-X-5MM-EVAMAX.jpg","contentUrl":"https:\/\/mettapapelaria.com.br\/catalogo\/wp-content\/uploads\/2024\/01\/ALFABETO-MOVEL-ABC-VOGAIS-5CM-X-5MM-EVAMAX.jpg","width":600,"height":600},{"@type":"BreadcrumbList","@id":"https:\/\/mettapapelaria.com.br\/catalogo\/produto\/alfabeto-movel-abc-vogais-5cm-x-5mm-evamax\/#breadcrumb","itemListElement":[{"@type":"ListItem","position":1,"name":"In\u00edcio","item":"https:\/\/mettapapelaria.com.br\/catalogo\/"},{"@type":"ListItem","position":2,"name":"Shop","item":"https:\/\/mettapapelaria.com.br\/catalogo\/shop\/"},{"@type":"ListItem","position":3,"name":"ALFABETO M\u00d3VEL ABC + VOGAIS 5CM X 5MM EVAMAX"}]},{"@type":"WebSite","@id":"https:\/\/mettapapelaria.com.br\/catalogo\/#website","url":"https:\/\/mettapapelaria.com.br\/catalogo\/","name":"Metta Papelaria","description":"Materiais e equipamentos de escrit\u00f3rio, suprimentos para inform\u00e1tica, e uma diversificada linha de material escolar","publisher":{"@id":"https:\/\/mettapapelaria.com.br\/catalogo\/#organization"},"potentialAction":[{"@type":"SearchAction","target":{"@type":"EntryPoint","urlTemplate":"https:\/\/mettapapelaria.com.br\/catalogo\/?s={search_term_string}"},"query-input":{"@type":"PropertyValueSpecification","valueRequired":true,"valueName":"search_term_string"}}],"inLanguage":"pt-BR"},{"@type":"Organization","@id":"https:\/\/mettapapelaria.com.br\/catalogo\/#organization","name":"Metta Papelaria","url":"https:\/\/mettapapelaria.com.br\/catalogo\/","logo":{"@type":"ImageObject","inLanguage":"pt-BR","@id":"https:\/\/mettapapelaria.com.br\/catalogo\/#\/schema\/logo\/image\/","url":"https:\/\/mettapapelaria.com.br\/catalogo\/wp-content\/uploads\/2023\/12\/cropped-favicon-Metta_512-1.png","contentUrl":"https:\/\/mettapapelaria.com.br\/catalogo\/wp-content\/uploads\/2023\/12\/cropped-favicon-Metta_512-1.png","width":512,"height":512,"caption":"Metta Papelaria"},"image":{"@id":"https:\/\/mettapapelaria.com.br\/catalogo\/#\/schema\/logo\/image\/"},"sameAs":["https:\/\/www.facebook.com\/mettapapelaria\/","https:\/\/www.instagram.com\/papelariametta\/"]}]}},"_links":{"self":[{"href":"https:\/\/mettapapelaria.com.br\/catalogo\/wp-json\/wp\/v2\/product\/6210","targetHints":{"allow":["GET"]}}],"collection":[{"href":"https:\/\/mettapapelaria.com.br\/catalogo\/wp-json\/wp\/v2\/product"}],"about":[{"href":"https:\/\/mettapapelaria.com.br\/catalogo\/wp-json\/wp\/v2\/types\/product"}],"replies":[{"embeddable":true,"href":"https:\/\/mettapapelaria.com.br\/catalogo\/wp-json\/wp\/v2\/comments?post=6210"}],"version-history":[{"count":1,"href":"https:\/\/mettapapelaria.com.br\/catalogo\/wp-json\/wp\/v2\/product\/6210\/revisions"}],"predecessor-version":[{"id":6212,"href":"https:\/\/mettapapelaria.com.br\/catalogo\/wp-json\/wp\/v2\/product\/6210\/revisions\/6212"}],"wp:featuredmedia":[{"embeddable":true,"href":"https:\/\/mettapapelaria.com.br\/catalogo\/wp-json\/wp\/v2\/media\/6211"}],"wp:attachment":[{"href":"https:\/\/mettapapelaria.com.br\/catalogo\/wp-json\/wp\/v2\/media?parent=6210"}],"wp:term":[{"taxonomy":"brand","embeddable":true,"href":"https:\/\/mettapapelaria.com.br\/catalogo\/wp-json\/wp\/v2\/etheme_brands?post=6210"},{"taxonomy":"product_brand","embeddable":true,"href":"https:\/\/mettapapelaria.com.br\/catalogo\/wp-json\/wp\/v2\/product_brand?post=6210"},{"taxonomy":"product_cat","embeddable":true,"href":"https:\/\/mettapapelaria.com.br\/catalogo\/wp-json\/wp\/v2\/product_cat?post=6210"},{"taxonomy":"product_tag","embeddable":true,"href":"https:\/\/mettapapelaria.com.br\/catalogo\/wp-json\/wp\/v2\/product_tag?post=6210"}],"curies":[{"name":"wp","href":"https:\/\/api.w.org\/{rel}","templated":true}]}}