{"id":620,"date":"2022-10-24T14:44:50","date_gmt":"2022-10-24T17:44:50","guid":{"rendered":"https:\/\/mettapapelaria.com.br\/catalogo\/produto\/estojo-simples-bubble-dac\/"},"modified":"2022-10-24T14:44:50","modified_gmt":"2022-10-24T17:44:50","slug":"estojo-simples-bubble-dac","status":"publish","type":"product","link":"https:\/\/mettapapelaria.com.br\/catalogo\/produto\/estojo-simples-bubble-dac\/","title":{"rendered":"ESTOJO SIMPLES BUBBLE DAC"},"content":{"rendered":"<h4><span style=\"font-family: Arial;\">O Estojo Bubble \u00e9 um sucesso em vendas pela sua inova\u00e7\u00e3o, estilo e praticidade. Ele \u00e9 pr\u00e1tico, muito grande, at\u00e9 no z\u00edper trator com puxador criativo, e ideal para quem gosta de facilitar na organiza\u00e7\u00e3o com tudo em ordem. \u00c9 um modelo de estojo \u00f3timo para escola, assim como tamb\u00e9m \u00e9 para guardar maquiagem, pinc\u00e9is, produtos de higiene pessoal e dentre tantas op\u00e7\u00f5es.<\/span><\/h4>\n<h4><span style=\"font-family: Arial;\">O material \u00e9 resistente, transl\u00facido e com fechamento em z\u00edper, garantindo maior durabilidade e prote\u00e7\u00e3o.<\/span><\/h4>\n","protected":false},"excerpt":{"rendered":"<p>O Estojo Bubble \u00e9 um sucesso em vendas pela sua inova\u00e7\u00e3o, estilo e praticidade. Ele \u00e9 pr\u00e1tico, muito grande, at\u00e9 no z\u00edper trator com puxador&#8230;<\/p>\n","protected":false},"featured_media":616,"comment_status":"open","ping_status":"closed","template":"","meta":[],"etheme_brands":[],"product_brand":[],"product_cat":[131,25],"product_tag":[],"class_list":{"0":"post-620","1":"product","2":"type-product","3":"status-publish","4":"has-post-thumbnail","6":"product_cat-estojos","7":"product_cat-material","9":"first","10":"instock","11":"sold-individually","12":"shipping-taxable","13":"purchasable","14":"product-type-simple"},"yoast_head":"<!-- This site is optimized with the Yoast SEO plugin v26.9 - https:\/\/yoast.com\/product\/yoast-seo-wordpress\/ -->\n<title>ESTOJO SIMPLES BUBBLE DAC - Metta Papelaria<\/title>\n<meta name=\"robots\" content=\"index, follow, max-snippet:-1, max-image-preview:large, max-video-preview:-1\" \/>\n<link rel=\"canonical\" href=\"https:\/\/mettapapelaria.com.br\/catalogo\/produto\/estojo-simples-bubble-dac\/\" \/>\n<meta property=\"og:locale\" content=\"pt_BR\" \/>\n<meta property=\"og:type\" content=\"article\" \/>\n<meta property=\"og:title\" content=\"ESTOJO SIMPLES BUBBLE DAC - Metta Papelaria\" \/>\n<meta property=\"og:description\" content=\"O Estojo Bubble \u00e9 um sucesso em vendas pela sua inova\u00e7\u00e3o, estilo e praticidade. Ele \u00e9 pr\u00e1tico, muito grande, at\u00e9 no z\u00edper trator com puxador...\" \/>\n<meta property=\"og:url\" content=\"https:\/\/mettapapelaria.com.br\/catalogo\/produto\/estojo-simples-bubble-dac\/\" \/>\n<meta property=\"og:site_name\" content=\"Metta Papelaria\" \/>\n<meta property=\"article:publisher\" content=\"https:\/\/www.facebook.com\/mettapapelaria\/\" \/>\n<meta property=\"og:image\" content=\"https:\/\/mettapapelaria.com.br\/catalogo\/wp-content\/uploads\/2022\/10\/ESTOJO-SIMPLES-BUBBLE-DAC-A.jpg\" \/>\n\t<meta property=\"og:image:width\" content=\"930\" \/>\n\t<meta property=\"og:image:height\" content=\"668\" \/>\n\t<meta property=\"og:image:type\" content=\"image\/jpeg\" \/>\n<meta name=\"twitter:card\" content=\"summary_large_image\" \/>\n<script type=\"application\/ld+json\" class=\"yoast-schema-graph\">{\"@context\":\"https:\/\/schema.org\",\"@graph\":[{\"@type\":\"WebPage\",\"@id\":\"https:\/\/mettapapelaria.com.br\/catalogo\/produto\/estojo-simples-bubble-dac\/\",\"url\":\"https:\/\/mettapapelaria.com.br\/catalogo\/produto\/estojo-simples-bubble-dac\/\",\"name\":\"ESTOJO SIMPLES BUBBLE DAC - Metta Papelaria\",\"isPartOf\":{\"@id\":\"https:\/\/mettapapelaria.com.br\/catalogo\/#website\"},\"primaryImageOfPage\":{\"@id\":\"https:\/\/mettapapelaria.com.br\/catalogo\/produto\/estojo-simples-bubble-dac\/#primaryimage\"},\"image\":{\"@id\":\"https:\/\/mettapapelaria.com.br\/catalogo\/produto\/estojo-simples-bubble-dac\/#primaryimage\"},\"thumbnailUrl\":\"https:\/\/mettapapelaria.com.br\/catalogo\/wp-content\/uploads\/2022\/10\/ESTOJO-SIMPLES-BUBBLE-DAC-A.jpg\",\"datePublished\":\"2022-10-24T17:44:50+00:00\",\"breadcrumb\":{\"@id\":\"https:\/\/mettapapelaria.com.br\/catalogo\/produto\/estojo-simples-bubble-dac\/#breadcrumb\"},\"inLanguage\":\"pt-BR\",\"potentialAction\":[{\"@type\":\"ReadAction\",\"target\":[\"https:\/\/mettapapelaria.com.br\/catalogo\/produto\/estojo-simples-bubble-dac\/\"]}]},{\"@type\":\"ImageObject\",\"inLanguage\":\"pt-BR\",\"@id\":\"https:\/\/mettapapelaria.com.br\/catalogo\/produto\/estojo-simples-bubble-dac\/#primaryimage\",\"url\":\"https:\/\/mettapapelaria.com.br\/catalogo\/wp-content\/uploads\/2022\/10\/ESTOJO-SIMPLES-BUBBLE-DAC-A.jpg\",\"contentUrl\":\"https:\/\/mettapapelaria.com.br\/catalogo\/wp-content\/uploads\/2022\/10\/ESTOJO-SIMPLES-BUBBLE-DAC-A.jpg\",\"width\":930,\"height\":668,\"caption\":\"ESTOJO SIMPLES BUBBLE DAC\"},{\"@type\":\"BreadcrumbList\",\"@id\":\"https:\/\/mettapapelaria.com.br\/catalogo\/produto\/estojo-simples-bubble-dac\/#breadcrumb\",\"itemListElement\":[{\"@type\":\"ListItem\",\"position\":1,\"name\":\"In\u00edcio\",\"item\":\"https:\/\/mettapapelaria.com.br\/catalogo\/\"},{\"@type\":\"ListItem\",\"position\":2,\"name\":\"Shop\",\"item\":\"https:\/\/mettapapelaria.com.br\/catalogo\/shop\/\"},{\"@type\":\"ListItem\",\"position\":3,\"name\":\"ESTOJO SIMPLES BUBBLE DAC\"}]},{\"@type\":\"WebSite\",\"@id\":\"https:\/\/mettapapelaria.com.br\/catalogo\/#website\",\"url\":\"https:\/\/mettapapelaria.com.br\/catalogo\/\",\"name\":\"Metta Papelaria\",\"description\":\"Materiais e equipamentos de escrit\u00f3rio, suprimentos para inform\u00e1tica, e uma diversificada linha de material escolar\",\"publisher\":{\"@id\":\"https:\/\/mettapapelaria.com.br\/catalogo\/#organization\"},\"potentialAction\":[{\"@type\":\"SearchAction\",\"target\":{\"@type\":\"EntryPoint\",\"urlTemplate\":\"https:\/\/mettapapelaria.com.br\/catalogo\/?s={search_term_string}\"},\"query-input\":{\"@type\":\"PropertyValueSpecification\",\"valueRequired\":true,\"valueName\":\"search_term_string\"}}],\"inLanguage\":\"pt-BR\"},{\"@type\":\"Organization\",\"@id\":\"https:\/\/mettapapelaria.com.br\/catalogo\/#organization\",\"name\":\"Metta Papelaria\",\"url\":\"https:\/\/mettapapelaria.com.br\/catalogo\/\",\"logo\":{\"@type\":\"ImageObject\",\"inLanguage\":\"pt-BR\",\"@id\":\"https:\/\/mettapapelaria.com.br\/catalogo\/#\/schema\/logo\/image\/\",\"url\":\"https:\/\/mettapapelaria.com.br\/catalogo\/wp-content\/uploads\/2023\/12\/cropped-favicon-Metta_512-1.png\",\"contentUrl\":\"https:\/\/mettapapelaria.com.br\/catalogo\/wp-content\/uploads\/2023\/12\/cropped-favicon-Metta_512-1.png\",\"width\":512,\"height\":512,\"caption\":\"Metta Papelaria\"},\"image\":{\"@id\":\"https:\/\/mettapapelaria.com.br\/catalogo\/#\/schema\/logo\/image\/\"},\"sameAs\":[\"https:\/\/www.facebook.com\/mettapapelaria\/\",\"https:\/\/www.instagram.com\/papelariametta\/\"]}]}<\/script>\n<!-- \/ Yoast SEO plugin. -->","yoast_head_json":{"title":"ESTOJO SIMPLES BUBBLE DAC - Metta Papelaria","robots":{"index":"index","follow":"follow","max-snippet":"max-snippet:-1","max-image-preview":"max-image-preview:large","max-video-preview":"max-video-preview:-1"},"canonical":"https:\/\/mettapapelaria.com.br\/catalogo\/produto\/estojo-simples-bubble-dac\/","og_locale":"pt_BR","og_type":"article","og_title":"ESTOJO SIMPLES BUBBLE DAC - Metta Papelaria","og_description":"O Estojo Bubble \u00e9 um sucesso em vendas pela sua inova\u00e7\u00e3o, estilo e praticidade. Ele \u00e9 pr\u00e1tico, muito grande, at\u00e9 no z\u00edper trator com puxador...","og_url":"https:\/\/mettapapelaria.com.br\/catalogo\/produto\/estojo-simples-bubble-dac\/","og_site_name":"Metta Papelaria","article_publisher":"https:\/\/www.facebook.com\/mettapapelaria\/","og_image":[{"width":930,"height":668,"url":"https:\/\/mettapapelaria.com.br\/catalogo\/wp-content\/uploads\/2022\/10\/ESTOJO-SIMPLES-BUBBLE-DAC-A.jpg","type":"image\/jpeg"}],"twitter_card":"summary_large_image","schema":{"@context":"https:\/\/schema.org","@graph":[{"@type":"WebPage","@id":"https:\/\/mettapapelaria.com.br\/catalogo\/produto\/estojo-simples-bubble-dac\/","url":"https:\/\/mettapapelaria.com.br\/catalogo\/produto\/estojo-simples-bubble-dac\/","name":"ESTOJO SIMPLES BUBBLE DAC - Metta Papelaria","isPartOf":{"@id":"https:\/\/mettapapelaria.com.br\/catalogo\/#website"},"primaryImageOfPage":{"@id":"https:\/\/mettapapelaria.com.br\/catalogo\/produto\/estojo-simples-bubble-dac\/#primaryimage"},"image":{"@id":"https:\/\/mettapapelaria.com.br\/catalogo\/produto\/estojo-simples-bubble-dac\/#primaryimage"},"thumbnailUrl":"https:\/\/mettapapelaria.com.br\/catalogo\/wp-content\/uploads\/2022\/10\/ESTOJO-SIMPLES-BUBBLE-DAC-A.jpg","datePublished":"2022-10-24T17:44:50+00:00","breadcrumb":{"@id":"https:\/\/mettapapelaria.com.br\/catalogo\/produto\/estojo-simples-bubble-dac\/#breadcrumb"},"inLanguage":"pt-BR","potentialAction":[{"@type":"ReadAction","target":["https:\/\/mettapapelaria.com.br\/catalogo\/produto\/estojo-simples-bubble-dac\/"]}]},{"@type":"ImageObject","inLanguage":"pt-BR","@id":"https:\/\/mettapapelaria.com.br\/catalogo\/produto\/estojo-simples-bubble-dac\/#primaryimage","url":"https:\/\/mettapapelaria.com.br\/catalogo\/wp-content\/uploads\/2022\/10\/ESTOJO-SIMPLES-BUBBLE-DAC-A.jpg","contentUrl":"https:\/\/mettapapelaria.com.br\/catalogo\/wp-content\/uploads\/2022\/10\/ESTOJO-SIMPLES-BUBBLE-DAC-A.jpg","width":930,"height":668,"caption":"ESTOJO SIMPLES BUBBLE DAC"},{"@type":"BreadcrumbList","@id":"https:\/\/mettapapelaria.com.br\/catalogo\/produto\/estojo-simples-bubble-dac\/#breadcrumb","itemListElement":[{"@type":"ListItem","position":1,"name":"In\u00edcio","item":"https:\/\/mettapapelaria.com.br\/catalogo\/"},{"@type":"ListItem","position":2,"name":"Shop","item":"https:\/\/mettapapelaria.com.br\/catalogo\/shop\/"},{"@type":"ListItem","position":3,"name":"ESTOJO SIMPLES BUBBLE DAC"}]},{"@type":"WebSite","@id":"https:\/\/mettapapelaria.com.br\/catalogo\/#website","url":"https:\/\/mettapapelaria.com.br\/catalogo\/","name":"Metta Papelaria","description":"Materiais e equipamentos de escrit\u00f3rio, suprimentos para inform\u00e1tica, e uma diversificada linha de material escolar","publisher":{"@id":"https:\/\/mettapapelaria.com.br\/catalogo\/#organization"},"potentialAction":[{"@type":"SearchAction","target":{"@type":"EntryPoint","urlTemplate":"https:\/\/mettapapelaria.com.br\/catalogo\/?s={search_term_string}"},"query-input":{"@type":"PropertyValueSpecification","valueRequired":true,"valueName":"search_term_string"}}],"inLanguage":"pt-BR"},{"@type":"Organization","@id":"https:\/\/mettapapelaria.com.br\/catalogo\/#organization","name":"Metta Papelaria","url":"https:\/\/mettapapelaria.com.br\/catalogo\/","logo":{"@type":"ImageObject","inLanguage":"pt-BR","@id":"https:\/\/mettapapelaria.com.br\/catalogo\/#\/schema\/logo\/image\/","url":"https:\/\/mettapapelaria.com.br\/catalogo\/wp-content\/uploads\/2023\/12\/cropped-favicon-Metta_512-1.png","contentUrl":"https:\/\/mettapapelaria.com.br\/catalogo\/wp-content\/uploads\/2023\/12\/cropped-favicon-Metta_512-1.png","width":512,"height":512,"caption":"Metta Papelaria"},"image":{"@id":"https:\/\/mettapapelaria.com.br\/catalogo\/#\/schema\/logo\/image\/"},"sameAs":["https:\/\/www.facebook.com\/mettapapelaria\/","https:\/\/www.instagram.com\/papelariametta\/"]}]}},"_links":{"self":[{"href":"https:\/\/mettapapelaria.com.br\/catalogo\/wp-json\/wp\/v2\/product\/620","targetHints":{"allow":["GET"]}}],"collection":[{"href":"https:\/\/mettapapelaria.com.br\/catalogo\/wp-json\/wp\/v2\/product"}],"about":[{"href":"https:\/\/mettapapelaria.com.br\/catalogo\/wp-json\/wp\/v2\/types\/product"}],"replies":[{"embeddable":true,"href":"https:\/\/mettapapelaria.com.br\/catalogo\/wp-json\/wp\/v2\/comments?post=620"}],"version-history":[{"count":0,"href":"https:\/\/mettapapelaria.com.br\/catalogo\/wp-json\/wp\/v2\/product\/620\/revisions"}],"wp:featuredmedia":[{"embeddable":true,"href":"https:\/\/mettapapelaria.com.br\/catalogo\/wp-json\/wp\/v2\/media\/616"}],"wp:attachment":[{"href":"https:\/\/mettapapelaria.com.br\/catalogo\/wp-json\/wp\/v2\/media?parent=620"}],"wp:term":[{"taxonomy":"brand","embeddable":true,"href":"https:\/\/mettapapelaria.com.br\/catalogo\/wp-json\/wp\/v2\/etheme_brands?post=620"},{"taxonomy":"product_brand","embeddable":true,"href":"https:\/\/mettapapelaria.com.br\/catalogo\/wp-json\/wp\/v2\/product_brand?post=620"},{"taxonomy":"product_cat","embeddable":true,"href":"https:\/\/mettapapelaria.com.br\/catalogo\/wp-json\/wp\/v2\/product_cat?post=620"},{"taxonomy":"product_tag","embeddable":true,"href":"https:\/\/mettapapelaria.com.br\/catalogo\/wp-json\/wp\/v2\/product_tag?post=620"}],"curies":[{"name":"wp","href":"https:\/\/api.w.org\/{rel}","templated":true}]}}