{"id":5511,"date":"2023-12-28T11:20:49","date_gmt":"2023-12-28T14:20:49","guid":{"rendered":"https:\/\/mettapapelaria.com.br\/catalogo\/?post_type=product&#038;p=5511"},"modified":"2023-12-28T11:25:09","modified_gmt":"2023-12-28T14:25:09","slug":"kit-porta-canetas-princesas-plasutil","status":"publish","type":"product","link":"https:\/\/mettapapelaria.com.br\/catalogo\/produto\/kit-porta-canetas-princesas-plasutil\/","title":{"rendered":"KIT PORTA CANETAS PRINCESAS PLAS\u00daTIL"},"content":{"rendered":"<p>Este conjunto inclui quatro potinhos decorativos e uma bandeja, projetados com a m\u00e1xima aten\u00e7\u00e3o aos detalhes para ajud\u00e1-lo a organizar com efici\u00eancia seus l\u00e1pis, canetas, pincel de maquiagem ou organizar seu cantinho preferido.<\/p>\n<p>Cada pe\u00e7a do conjunto \u00e9 decorada com padr\u00f5es que harmonizam perfeitamente entre si, tornando-o uma escolha excepcional tanto para escrit\u00f3rios profissionais quanto para espa\u00e7os de estudo em casa.<\/p>\n<p>O Kit Porta-Canetas oferece a combina\u00e7\u00e3o perfeita de organiza\u00e7\u00e3o, praticidade e decora\u00e7\u00e3o. Seu design vers\u00e1til e elegante se adapta facilmente a diversos ambientes, enquanto seu tamanho foi cuidadosamente planejado para acomodar seus l\u00e1pis, canetas e outros itens essenciais.<\/p>\n<p>Mantenha sua \u00e1rea de trabalho organizada e com estilo com este conjunto de organizadores, demonstrando o compromisso com a funcionalidade e o bom gosto.<\/p>\n<ul>\n<li>Fabricado em polipropileno PP<\/li>\n<li>Dimens\u00e3o de cada unidade<\/li>\n<li>11,5cm de altura<\/li>\n<li>8,2 cm de largura<\/li>\n<li>Livre de bisfenol A<\/li>\n<\/ul>\n","protected":false},"excerpt":{"rendered":"<h2>KIT PORTA CANETAS<\/h2>\n","protected":false},"featured_media":5549,"comment_status":"open","ping_status":"closed","template":"","meta":[],"etheme_brands":[{"term_id":279,"name":"Plas\u00fatil","slug":"plasutil","term_group":0,"term_taxonomy_id":279,"taxonomy":"brand","description":"","parent":0,"count":5,"filter":"raw"}],"product_brand":[],"product_cat":[43,25,15,118,85,67],"product_tag":[253,228,225,239,283,285,284,286,281,280,282,259],"class_list":{"0":"post-5511","1":"product","2":"type-product","3":"status-publish","4":"has-post-thumbnail","6":"brand-plasutil","7":"product_cat-bazar-artesanato","8":"product_cat-material","9":"product_cat-material-escritorio","10":"product_cat-organizacao","11":"product_cat-porta-canetas-lapis","12":"product_cat-porta-coisas","13":"product_tag-bazar","14":"product_tag-material-de-escritorio","15":"product_tag-metta-papelaria","16":"product_tag-organizacao","17":"product_tag-organizador","18":"product_tag-organizador-de-escrivaninha","19":"product_tag-organizador-de-mesa","20":"product_tag-plasutil","21":"product_tag-porta-canetas","22":"product_tag-porta-coisas","23":"product_tag-porta-pinceis","24":"product_tag-solucoes","26":"first","27":"instock","28":"sold-individually","29":"shipping-taxable","30":"purchasable","31":"product-type-simple"},"yoast_head":"<!-- This site is optimized with the Yoast SEO plugin v26.9 - https:\/\/yoast.com\/product\/yoast-seo-wordpress\/ -->\n<title>KIT PORTA CANETAS PRINCESAS PLAS\u00daTIL - Metta Papelaria<\/title>\n<meta name=\"robots\" content=\"index, follow, max-snippet:-1, max-image-preview:large, max-video-preview:-1\" \/>\n<link rel=\"canonical\" href=\"https:\/\/mettapapelaria.com.br\/catalogo\/produto\/kit-porta-canetas-princesas-plasutil\/\" \/>\n<meta property=\"og:locale\" content=\"pt_BR\" \/>\n<meta property=\"og:type\" content=\"article\" \/>\n<meta property=\"og:title\" content=\"KIT PORTA CANETAS PRINCESAS PLAS\u00daTIL - Metta Papelaria\" \/>\n<meta property=\"og:description\" content=\"KIT PORTA CANETAS\" \/>\n<meta property=\"og:url\" content=\"https:\/\/mettapapelaria.com.br\/catalogo\/produto\/kit-porta-canetas-princesas-plasutil\/\" \/>\n<meta property=\"og:site_name\" content=\"Metta Papelaria\" \/>\n<meta property=\"article:publisher\" content=\"https:\/\/www.facebook.com\/mettapapelaria\/\" \/>\n<meta property=\"article:modified_time\" content=\"2023-12-28T14:25:09+00:00\" \/>\n<meta property=\"og:image\" content=\"https:\/\/mettapapelaria.com.br\/catalogo\/wp-content\/uploads\/2023\/12\/KIT-PORTA-CANETAS-PRINCESAS-PLASUTIL.jpg\" \/>\n\t<meta property=\"og:image:width\" content=\"600\" \/>\n\t<meta property=\"og:image:height\" content=\"600\" \/>\n\t<meta property=\"og:image:type\" content=\"image\/jpeg\" \/>\n<meta name=\"twitter:card\" content=\"summary_large_image\" \/>\n<meta name=\"twitter:label1\" content=\"Est. tempo de leitura\" \/>\n\t<meta name=\"twitter:data1\" content=\"1 minuto\" \/>\n<script type=\"application\/ld+json\" class=\"yoast-schema-graph\">{\"@context\":\"https:\/\/schema.org\",\"@graph\":[{\"@type\":\"WebPage\",\"@id\":\"https:\/\/mettapapelaria.com.br\/catalogo\/produto\/kit-porta-canetas-princesas-plasutil\/\",\"url\":\"https:\/\/mettapapelaria.com.br\/catalogo\/produto\/kit-porta-canetas-princesas-plasutil\/\",\"name\":\"KIT PORTA CANETAS PRINCESAS PLAS\u00daTIL - Metta Papelaria\",\"isPartOf\":{\"@id\":\"https:\/\/mettapapelaria.com.br\/catalogo\/#website\"},\"primaryImageOfPage\":{\"@id\":\"https:\/\/mettapapelaria.com.br\/catalogo\/produto\/kit-porta-canetas-princesas-plasutil\/#primaryimage\"},\"image\":{\"@id\":\"https:\/\/mettapapelaria.com.br\/catalogo\/produto\/kit-porta-canetas-princesas-plasutil\/#primaryimage\"},\"thumbnailUrl\":\"https:\/\/mettapapelaria.com.br\/catalogo\/wp-content\/uploads\/2023\/12\/KIT-PORTA-CANETAS-PRINCESAS-PLASUTIL.jpg\",\"datePublished\":\"2023-12-28T14:20:49+00:00\",\"dateModified\":\"2023-12-28T14:25:09+00:00\",\"breadcrumb\":{\"@id\":\"https:\/\/mettapapelaria.com.br\/catalogo\/produto\/kit-porta-canetas-princesas-plasutil\/#breadcrumb\"},\"inLanguage\":\"pt-BR\",\"potentialAction\":[{\"@type\":\"ReadAction\",\"target\":[\"https:\/\/mettapapelaria.com.br\/catalogo\/produto\/kit-porta-canetas-princesas-plasutil\/\"]}]},{\"@type\":\"ImageObject\",\"inLanguage\":\"pt-BR\",\"@id\":\"https:\/\/mettapapelaria.com.br\/catalogo\/produto\/kit-porta-canetas-princesas-plasutil\/#primaryimage\",\"url\":\"https:\/\/mettapapelaria.com.br\/catalogo\/wp-content\/uploads\/2023\/12\/KIT-PORTA-CANETAS-PRINCESAS-PLASUTIL.jpg\",\"contentUrl\":\"https:\/\/mettapapelaria.com.br\/catalogo\/wp-content\/uploads\/2023\/12\/KIT-PORTA-CANETAS-PRINCESAS-PLASUTIL.jpg\",\"width\":600,\"height\":600},{\"@type\":\"BreadcrumbList\",\"@id\":\"https:\/\/mettapapelaria.com.br\/catalogo\/produto\/kit-porta-canetas-princesas-plasutil\/#breadcrumb\",\"itemListElement\":[{\"@type\":\"ListItem\",\"position\":1,\"name\":\"In\u00edcio\",\"item\":\"https:\/\/mettapapelaria.com.br\/catalogo\/\"},{\"@type\":\"ListItem\",\"position\":2,\"name\":\"Shop\",\"item\":\"https:\/\/mettapapelaria.com.br\/catalogo\/shop\/\"},{\"@type\":\"ListItem\",\"position\":3,\"name\":\"KIT PORTA CANETAS PRINCESAS PLAS\u00daTIL\"}]},{\"@type\":\"WebSite\",\"@id\":\"https:\/\/mettapapelaria.com.br\/catalogo\/#website\",\"url\":\"https:\/\/mettapapelaria.com.br\/catalogo\/\",\"name\":\"Metta Papelaria\",\"description\":\"Materiais e equipamentos de escrit\u00f3rio, suprimentos para inform\u00e1tica, e uma diversificada linha de material escolar\",\"publisher\":{\"@id\":\"https:\/\/mettapapelaria.com.br\/catalogo\/#organization\"},\"potentialAction\":[{\"@type\":\"SearchAction\",\"target\":{\"@type\":\"EntryPoint\",\"urlTemplate\":\"https:\/\/mettapapelaria.com.br\/catalogo\/?s={search_term_string}\"},\"query-input\":{\"@type\":\"PropertyValueSpecification\",\"valueRequired\":true,\"valueName\":\"search_term_string\"}}],\"inLanguage\":\"pt-BR\"},{\"@type\":\"Organization\",\"@id\":\"https:\/\/mettapapelaria.com.br\/catalogo\/#organization\",\"name\":\"Metta Papelaria\",\"url\":\"https:\/\/mettapapelaria.com.br\/catalogo\/\",\"logo\":{\"@type\":\"ImageObject\",\"inLanguage\":\"pt-BR\",\"@id\":\"https:\/\/mettapapelaria.com.br\/catalogo\/#\/schema\/logo\/image\/\",\"url\":\"https:\/\/mettapapelaria.com.br\/catalogo\/wp-content\/uploads\/2023\/12\/cropped-favicon-Metta_512-1.png\",\"contentUrl\":\"https:\/\/mettapapelaria.com.br\/catalogo\/wp-content\/uploads\/2023\/12\/cropped-favicon-Metta_512-1.png\",\"width\":512,\"height\":512,\"caption\":\"Metta Papelaria\"},\"image\":{\"@id\":\"https:\/\/mettapapelaria.com.br\/catalogo\/#\/schema\/logo\/image\/\"},\"sameAs\":[\"https:\/\/www.facebook.com\/mettapapelaria\/\",\"https:\/\/www.instagram.com\/papelariametta\/\"]}]}<\/script>\n<!-- \/ Yoast SEO plugin. -->","yoast_head_json":{"title":"KIT PORTA CANETAS PRINCESAS PLAS\u00daTIL - Metta Papelaria","robots":{"index":"index","follow":"follow","max-snippet":"max-snippet:-1","max-image-preview":"max-image-preview:large","max-video-preview":"max-video-preview:-1"},"canonical":"https:\/\/mettapapelaria.com.br\/catalogo\/produto\/kit-porta-canetas-princesas-plasutil\/","og_locale":"pt_BR","og_type":"article","og_title":"KIT PORTA CANETAS PRINCESAS PLAS\u00daTIL - Metta Papelaria","og_description":"KIT PORTA CANETAS","og_url":"https:\/\/mettapapelaria.com.br\/catalogo\/produto\/kit-porta-canetas-princesas-plasutil\/","og_site_name":"Metta Papelaria","article_publisher":"https:\/\/www.facebook.com\/mettapapelaria\/","article_modified_time":"2023-12-28T14:25:09+00:00","og_image":[{"width":600,"height":600,"url":"https:\/\/mettapapelaria.com.br\/catalogo\/wp-content\/uploads\/2023\/12\/KIT-PORTA-CANETAS-PRINCESAS-PLASUTIL.jpg","type":"image\/jpeg"}],"twitter_card":"summary_large_image","twitter_misc":{"Est. tempo de leitura":"1 minuto"},"schema":{"@context":"https:\/\/schema.org","@graph":[{"@type":"WebPage","@id":"https:\/\/mettapapelaria.com.br\/catalogo\/produto\/kit-porta-canetas-princesas-plasutil\/","url":"https:\/\/mettapapelaria.com.br\/catalogo\/produto\/kit-porta-canetas-princesas-plasutil\/","name":"KIT PORTA CANETAS PRINCESAS PLAS\u00daTIL - Metta Papelaria","isPartOf":{"@id":"https:\/\/mettapapelaria.com.br\/catalogo\/#website"},"primaryImageOfPage":{"@id":"https:\/\/mettapapelaria.com.br\/catalogo\/produto\/kit-porta-canetas-princesas-plasutil\/#primaryimage"},"image":{"@id":"https:\/\/mettapapelaria.com.br\/catalogo\/produto\/kit-porta-canetas-princesas-plasutil\/#primaryimage"},"thumbnailUrl":"https:\/\/mettapapelaria.com.br\/catalogo\/wp-content\/uploads\/2023\/12\/KIT-PORTA-CANETAS-PRINCESAS-PLASUTIL.jpg","datePublished":"2023-12-28T14:20:49+00:00","dateModified":"2023-12-28T14:25:09+00:00","breadcrumb":{"@id":"https:\/\/mettapapelaria.com.br\/catalogo\/produto\/kit-porta-canetas-princesas-plasutil\/#breadcrumb"},"inLanguage":"pt-BR","potentialAction":[{"@type":"ReadAction","target":["https:\/\/mettapapelaria.com.br\/catalogo\/produto\/kit-porta-canetas-princesas-plasutil\/"]}]},{"@type":"ImageObject","inLanguage":"pt-BR","@id":"https:\/\/mettapapelaria.com.br\/catalogo\/produto\/kit-porta-canetas-princesas-plasutil\/#primaryimage","url":"https:\/\/mettapapelaria.com.br\/catalogo\/wp-content\/uploads\/2023\/12\/KIT-PORTA-CANETAS-PRINCESAS-PLASUTIL.jpg","contentUrl":"https:\/\/mettapapelaria.com.br\/catalogo\/wp-content\/uploads\/2023\/12\/KIT-PORTA-CANETAS-PRINCESAS-PLASUTIL.jpg","width":600,"height":600},{"@type":"BreadcrumbList","@id":"https:\/\/mettapapelaria.com.br\/catalogo\/produto\/kit-porta-canetas-princesas-plasutil\/#breadcrumb","itemListElement":[{"@type":"ListItem","position":1,"name":"In\u00edcio","item":"https:\/\/mettapapelaria.com.br\/catalogo\/"},{"@type":"ListItem","position":2,"name":"Shop","item":"https:\/\/mettapapelaria.com.br\/catalogo\/shop\/"},{"@type":"ListItem","position":3,"name":"KIT PORTA CANETAS PRINCESAS PLAS\u00daTIL"}]},{"@type":"WebSite","@id":"https:\/\/mettapapelaria.com.br\/catalogo\/#website","url":"https:\/\/mettapapelaria.com.br\/catalogo\/","name":"Metta Papelaria","description":"Materiais e equipamentos de escrit\u00f3rio, suprimentos para inform\u00e1tica, e uma diversificada linha de material escolar","publisher":{"@id":"https:\/\/mettapapelaria.com.br\/catalogo\/#organization"},"potentialAction":[{"@type":"SearchAction","target":{"@type":"EntryPoint","urlTemplate":"https:\/\/mettapapelaria.com.br\/catalogo\/?s={search_term_string}"},"query-input":{"@type":"PropertyValueSpecification","valueRequired":true,"valueName":"search_term_string"}}],"inLanguage":"pt-BR"},{"@type":"Organization","@id":"https:\/\/mettapapelaria.com.br\/catalogo\/#organization","name":"Metta Papelaria","url":"https:\/\/mettapapelaria.com.br\/catalogo\/","logo":{"@type":"ImageObject","inLanguage":"pt-BR","@id":"https:\/\/mettapapelaria.com.br\/catalogo\/#\/schema\/logo\/image\/","url":"https:\/\/mettapapelaria.com.br\/catalogo\/wp-content\/uploads\/2023\/12\/cropped-favicon-Metta_512-1.png","contentUrl":"https:\/\/mettapapelaria.com.br\/catalogo\/wp-content\/uploads\/2023\/12\/cropped-favicon-Metta_512-1.png","width":512,"height":512,"caption":"Metta Papelaria"},"image":{"@id":"https:\/\/mettapapelaria.com.br\/catalogo\/#\/schema\/logo\/image\/"},"sameAs":["https:\/\/www.facebook.com\/mettapapelaria\/","https:\/\/www.instagram.com\/papelariametta\/"]}]}},"_links":{"self":[{"href":"https:\/\/mettapapelaria.com.br\/catalogo\/wp-json\/wp\/v2\/product\/5511","targetHints":{"allow":["GET"]}}],"collection":[{"href":"https:\/\/mettapapelaria.com.br\/catalogo\/wp-json\/wp\/v2\/product"}],"about":[{"href":"https:\/\/mettapapelaria.com.br\/catalogo\/wp-json\/wp\/v2\/types\/product"}],"replies":[{"embeddable":true,"href":"https:\/\/mettapapelaria.com.br\/catalogo\/wp-json\/wp\/v2\/comments?post=5511"}],"version-history":[{"count":0,"href":"https:\/\/mettapapelaria.com.br\/catalogo\/wp-json\/wp\/v2\/product\/5511\/revisions"}],"wp:featuredmedia":[{"embeddable":true,"href":"https:\/\/mettapapelaria.com.br\/catalogo\/wp-json\/wp\/v2\/media\/5549"}],"wp:attachment":[{"href":"https:\/\/mettapapelaria.com.br\/catalogo\/wp-json\/wp\/v2\/media?parent=5511"}],"wp:term":[{"taxonomy":"brand","embeddable":true,"href":"https:\/\/mettapapelaria.com.br\/catalogo\/wp-json\/wp\/v2\/etheme_brands?post=5511"},{"taxonomy":"product_brand","embeddable":true,"href":"https:\/\/mettapapelaria.com.br\/catalogo\/wp-json\/wp\/v2\/product_brand?post=5511"},{"taxonomy":"product_cat","embeddable":true,"href":"https:\/\/mettapapelaria.com.br\/catalogo\/wp-json\/wp\/v2\/product_cat?post=5511"},{"taxonomy":"product_tag","embeddable":true,"href":"https:\/\/mettapapelaria.com.br\/catalogo\/wp-json\/wp\/v2\/product_tag?post=5511"}],"curies":[{"name":"wp","href":"https:\/\/api.w.org\/{rel}","templated":true}]}}