{"id":504,"date":"2022-10-13T13:53:21","date_gmt":"2022-10-13T16:53:21","guid":{"rendered":"https:\/\/mettapapelaria.com.br\/catalogo\/produto\/estojo-duplo-grande-academie-listras-e-poa-tilibra\/"},"modified":"2022-10-13T13:53:21","modified_gmt":"2022-10-13T16:53:21","slug":"estojo-duplo-grande-academie-listras-e-poa-tilibra","status":"publish","type":"product","link":"https:\/\/mettapapelaria.com.br\/catalogo\/produto\/estojo-duplo-grande-academie-listras-e-poa-tilibra\/","title":{"rendered":"ESTOJO DUPLO GRANDE ACAD\u00c9MIE LISTRAS E PO\u00c1 TILIBRA"},"content":{"rendered":"<h4><span style=\"font-family: Arial;\">O Estojo Box Acad\u00e9mie Listras e Po\u00e1s \u00e9 pr\u00e1tico, espa\u00e7oso e ideal para quem tem muitos l\u00e1pis, canetas e outros materiais e acess\u00f3rios. Al\u00e9m de facilitar seu dia a dia na escola, o estojo possui material resistente, \u00e9 estruturado, espa\u00e7oso, conta com divis\u00f3ria central com el\u00e1sticos que auxiliam na organiza\u00e7\u00e3o do material e fechamento em z\u00edper.<\/span><\/h4>\n<h4><span style=\"font-family: Arial; font-weight: bold;\">Detalhes<\/span><\/h4>\n<h4>\n<ul>\n<li><span style=\"font-family: Arial;\">Compartimento: um<\/span><\/li>\n<li><span style=\"font-family: Arial;\">Detalhe: foil<\/span><\/li>\n<li><span style=\"font-family: Arial;\">Divis\u00f3ria Central<\/span><\/li>\n<li><span style=\"font-family: Arial;\">El\u00e1stico para acomodar l\u00e1pis e canetas<\/span><\/li>\n<li><span style=\"font-family: Arial; color: inherit;\">Fechamento: em z\u00edper<\/span><\/li>\n<li><span style=\"font-family: Arial;\">Forro<\/span><\/li>\n<li><span style=\"font-family: Arial;\">Garantia: Garantia contra defeitos de fabrica\u00e7\u00e3o<\/span><\/li>\n<li><span style=\"font-family: Arial;\">Material: poli\u00e9ster e resistente<\/span><\/li>\n<li><span style=\"font-family: Arial;\">Puxador: em metal<\/span><\/li>\n<li><span style=\"font-family: Arial;\">Formato: (L)150mm x (A)210mm x (P)60mm<\/span><\/li>\n<\/ul>\n<\/h4>\n","protected":false},"excerpt":{"rendered":"<p>O Estojo Box Acad\u00e9mie Listras e Po\u00e1s \u00e9 pr\u00e1tico, espa\u00e7oso e ideal para quem tem muitos l\u00e1pis, canetas e outros materiais e acess\u00f3rios. Al\u00e9m de&#8230;<\/p>\n","protected":false},"featured_media":503,"comment_status":"open","ping_status":"closed","template":"","meta":[],"etheme_brands":[],"product_brand":[],"product_cat":[131,25,16],"product_tag":[],"class_list":{"0":"post-504","1":"product","2":"type-product","3":"status-publish","4":"has-post-thumbnail","6":"product_cat-estojos","7":"product_cat-material","8":"product_cat-material-escolar","10":"first","11":"instock","12":"sold-individually","13":"shipping-taxable","14":"purchasable","15":"product-type-simple"},"yoast_head":"<!-- This site is optimized with the Yoast SEO plugin v26.9 - https:\/\/yoast.com\/product\/yoast-seo-wordpress\/ -->\n<title>ESTOJO DUPLO GRANDE ACAD\u00c9MIE LISTRAS E PO\u00c1 TILIBRA - Metta Papelaria<\/title>\n<meta name=\"robots\" content=\"index, follow, max-snippet:-1, max-image-preview:large, max-video-preview:-1\" \/>\n<link rel=\"canonical\" href=\"https:\/\/mettapapelaria.com.br\/catalogo\/produto\/estojo-duplo-grande-academie-listras-e-poa-tilibra\/\" \/>\n<meta property=\"og:locale\" content=\"pt_BR\" \/>\n<meta property=\"og:type\" content=\"article\" \/>\n<meta property=\"og:title\" content=\"ESTOJO DUPLO GRANDE ACAD\u00c9MIE LISTRAS E PO\u00c1 TILIBRA - Metta Papelaria\" \/>\n<meta property=\"og:description\" content=\"O Estojo Box Acad\u00e9mie Listras e Po\u00e1s \u00e9 pr\u00e1tico, espa\u00e7oso e ideal para quem tem muitos l\u00e1pis, canetas e outros materiais e acess\u00f3rios. Al\u00e9m de...\" \/>\n<meta property=\"og:url\" content=\"https:\/\/mettapapelaria.com.br\/catalogo\/produto\/estojo-duplo-grande-academie-listras-e-poa-tilibra\/\" \/>\n<meta property=\"og:site_name\" content=\"Metta Papelaria\" \/>\n<meta property=\"article:publisher\" content=\"https:\/\/www.facebook.com\/mettapapelaria\/\" \/>\n<meta property=\"og:image\" content=\"https:\/\/mettapapelaria.com.br\/catalogo\/wp-content\/uploads\/2022\/10\/ESTOJO-DUPLO-GRANDE-ACADEMIE-LISTRAS-E-POA-TILIBRA.png\" \/>\n\t<meta property=\"og:image:width\" content=\"1080\" \/>\n\t<meta property=\"og:image:height\" content=\"1080\" \/>\n\t<meta property=\"og:image:type\" content=\"image\/png\" \/>\n<meta name=\"twitter:card\" content=\"summary_large_image\" \/>\n<meta name=\"twitter:label1\" content=\"Est. tempo de leitura\" \/>\n\t<meta name=\"twitter:data1\" content=\"1 minuto\" \/>\n<script type=\"application\/ld+json\" class=\"yoast-schema-graph\">{\"@context\":\"https:\/\/schema.org\",\"@graph\":[{\"@type\":\"WebPage\",\"@id\":\"https:\/\/mettapapelaria.com.br\/catalogo\/produto\/estojo-duplo-grande-academie-listras-e-poa-tilibra\/\",\"url\":\"https:\/\/mettapapelaria.com.br\/catalogo\/produto\/estojo-duplo-grande-academie-listras-e-poa-tilibra\/\",\"name\":\"ESTOJO DUPLO GRANDE ACAD\u00c9MIE LISTRAS E PO\u00c1 TILIBRA - Metta Papelaria\",\"isPartOf\":{\"@id\":\"https:\/\/mettapapelaria.com.br\/catalogo\/#website\"},\"primaryImageOfPage\":{\"@id\":\"https:\/\/mettapapelaria.com.br\/catalogo\/produto\/estojo-duplo-grande-academie-listras-e-poa-tilibra\/#primaryimage\"},\"image\":{\"@id\":\"https:\/\/mettapapelaria.com.br\/catalogo\/produto\/estojo-duplo-grande-academie-listras-e-poa-tilibra\/#primaryimage\"},\"thumbnailUrl\":\"https:\/\/mettapapelaria.com.br\/catalogo\/wp-content\/uploads\/2022\/10\/ESTOJO-DUPLO-GRANDE-ACADEMIE-LISTRAS-E-POA-TILIBRA.png\",\"datePublished\":\"2022-10-13T16:53:21+00:00\",\"breadcrumb\":{\"@id\":\"https:\/\/mettapapelaria.com.br\/catalogo\/produto\/estojo-duplo-grande-academie-listras-e-poa-tilibra\/#breadcrumb\"},\"inLanguage\":\"pt-BR\",\"potentialAction\":[{\"@type\":\"ReadAction\",\"target\":[\"https:\/\/mettapapelaria.com.br\/catalogo\/produto\/estojo-duplo-grande-academie-listras-e-poa-tilibra\/\"]}]},{\"@type\":\"ImageObject\",\"inLanguage\":\"pt-BR\",\"@id\":\"https:\/\/mettapapelaria.com.br\/catalogo\/produto\/estojo-duplo-grande-academie-listras-e-poa-tilibra\/#primaryimage\",\"url\":\"https:\/\/mettapapelaria.com.br\/catalogo\/wp-content\/uploads\/2022\/10\/ESTOJO-DUPLO-GRANDE-ACADEMIE-LISTRAS-E-POA-TILIBRA.png\",\"contentUrl\":\"https:\/\/mettapapelaria.com.br\/catalogo\/wp-content\/uploads\/2022\/10\/ESTOJO-DUPLO-GRANDE-ACADEMIE-LISTRAS-E-POA-TILIBRA.png\",\"width\":1080,\"height\":1080,\"caption\":\"ESTOJO DUPLO GRANDE ACAD\u00c9MIE LISTRAS E PO\u00c1 TILIBRA\"},{\"@type\":\"BreadcrumbList\",\"@id\":\"https:\/\/mettapapelaria.com.br\/catalogo\/produto\/estojo-duplo-grande-academie-listras-e-poa-tilibra\/#breadcrumb\",\"itemListElement\":[{\"@type\":\"ListItem\",\"position\":1,\"name\":\"In\u00edcio\",\"item\":\"https:\/\/mettapapelaria.com.br\/catalogo\/\"},{\"@type\":\"ListItem\",\"position\":2,\"name\":\"Shop\",\"item\":\"https:\/\/mettapapelaria.com.br\/catalogo\/shop\/\"},{\"@type\":\"ListItem\",\"position\":3,\"name\":\"ESTOJO DUPLO GRANDE ACAD\u00c9MIE LISTRAS E PO\u00c1 TILIBRA\"}]},{\"@type\":\"WebSite\",\"@id\":\"https:\/\/mettapapelaria.com.br\/catalogo\/#website\",\"url\":\"https:\/\/mettapapelaria.com.br\/catalogo\/\",\"name\":\"Metta Papelaria\",\"description\":\"Materiais e equipamentos de escrit\u00f3rio, suprimentos para inform\u00e1tica, e uma diversificada linha de material escolar\",\"publisher\":{\"@id\":\"https:\/\/mettapapelaria.com.br\/catalogo\/#organization\"},\"potentialAction\":[{\"@type\":\"SearchAction\",\"target\":{\"@type\":\"EntryPoint\",\"urlTemplate\":\"https:\/\/mettapapelaria.com.br\/catalogo\/?s={search_term_string}\"},\"query-input\":{\"@type\":\"PropertyValueSpecification\",\"valueRequired\":true,\"valueName\":\"search_term_string\"}}],\"inLanguage\":\"pt-BR\"},{\"@type\":\"Organization\",\"@id\":\"https:\/\/mettapapelaria.com.br\/catalogo\/#organization\",\"name\":\"Metta Papelaria\",\"url\":\"https:\/\/mettapapelaria.com.br\/catalogo\/\",\"logo\":{\"@type\":\"ImageObject\",\"inLanguage\":\"pt-BR\",\"@id\":\"https:\/\/mettapapelaria.com.br\/catalogo\/#\/schema\/logo\/image\/\",\"url\":\"https:\/\/mettapapelaria.com.br\/catalogo\/wp-content\/uploads\/2023\/12\/cropped-favicon-Metta_512-1.png\",\"contentUrl\":\"https:\/\/mettapapelaria.com.br\/catalogo\/wp-content\/uploads\/2023\/12\/cropped-favicon-Metta_512-1.png\",\"width\":512,\"height\":512,\"caption\":\"Metta Papelaria\"},\"image\":{\"@id\":\"https:\/\/mettapapelaria.com.br\/catalogo\/#\/schema\/logo\/image\/\"},\"sameAs\":[\"https:\/\/www.facebook.com\/mettapapelaria\/\",\"https:\/\/www.instagram.com\/papelariametta\/\"]}]}<\/script>\n<!-- \/ Yoast SEO plugin. -->","yoast_head_json":{"title":"ESTOJO DUPLO GRANDE ACAD\u00c9MIE LISTRAS E PO\u00c1 TILIBRA - Metta Papelaria","robots":{"index":"index","follow":"follow","max-snippet":"max-snippet:-1","max-image-preview":"max-image-preview:large","max-video-preview":"max-video-preview:-1"},"canonical":"https:\/\/mettapapelaria.com.br\/catalogo\/produto\/estojo-duplo-grande-academie-listras-e-poa-tilibra\/","og_locale":"pt_BR","og_type":"article","og_title":"ESTOJO DUPLO GRANDE ACAD\u00c9MIE LISTRAS E PO\u00c1 TILIBRA - Metta Papelaria","og_description":"O Estojo Box Acad\u00e9mie Listras e Po\u00e1s \u00e9 pr\u00e1tico, espa\u00e7oso e ideal para quem tem muitos l\u00e1pis, canetas e outros materiais e acess\u00f3rios. Al\u00e9m de...","og_url":"https:\/\/mettapapelaria.com.br\/catalogo\/produto\/estojo-duplo-grande-academie-listras-e-poa-tilibra\/","og_site_name":"Metta Papelaria","article_publisher":"https:\/\/www.facebook.com\/mettapapelaria\/","og_image":[{"width":1080,"height":1080,"url":"https:\/\/mettapapelaria.com.br\/catalogo\/wp-content\/uploads\/2022\/10\/ESTOJO-DUPLO-GRANDE-ACADEMIE-LISTRAS-E-POA-TILIBRA.png","type":"image\/png"}],"twitter_card":"summary_large_image","twitter_misc":{"Est. tempo de leitura":"1 minuto"},"schema":{"@context":"https:\/\/schema.org","@graph":[{"@type":"WebPage","@id":"https:\/\/mettapapelaria.com.br\/catalogo\/produto\/estojo-duplo-grande-academie-listras-e-poa-tilibra\/","url":"https:\/\/mettapapelaria.com.br\/catalogo\/produto\/estojo-duplo-grande-academie-listras-e-poa-tilibra\/","name":"ESTOJO DUPLO GRANDE ACAD\u00c9MIE LISTRAS E PO\u00c1 TILIBRA - Metta Papelaria","isPartOf":{"@id":"https:\/\/mettapapelaria.com.br\/catalogo\/#website"},"primaryImageOfPage":{"@id":"https:\/\/mettapapelaria.com.br\/catalogo\/produto\/estojo-duplo-grande-academie-listras-e-poa-tilibra\/#primaryimage"},"image":{"@id":"https:\/\/mettapapelaria.com.br\/catalogo\/produto\/estojo-duplo-grande-academie-listras-e-poa-tilibra\/#primaryimage"},"thumbnailUrl":"https:\/\/mettapapelaria.com.br\/catalogo\/wp-content\/uploads\/2022\/10\/ESTOJO-DUPLO-GRANDE-ACADEMIE-LISTRAS-E-POA-TILIBRA.png","datePublished":"2022-10-13T16:53:21+00:00","breadcrumb":{"@id":"https:\/\/mettapapelaria.com.br\/catalogo\/produto\/estojo-duplo-grande-academie-listras-e-poa-tilibra\/#breadcrumb"},"inLanguage":"pt-BR","potentialAction":[{"@type":"ReadAction","target":["https:\/\/mettapapelaria.com.br\/catalogo\/produto\/estojo-duplo-grande-academie-listras-e-poa-tilibra\/"]}]},{"@type":"ImageObject","inLanguage":"pt-BR","@id":"https:\/\/mettapapelaria.com.br\/catalogo\/produto\/estojo-duplo-grande-academie-listras-e-poa-tilibra\/#primaryimage","url":"https:\/\/mettapapelaria.com.br\/catalogo\/wp-content\/uploads\/2022\/10\/ESTOJO-DUPLO-GRANDE-ACADEMIE-LISTRAS-E-POA-TILIBRA.png","contentUrl":"https:\/\/mettapapelaria.com.br\/catalogo\/wp-content\/uploads\/2022\/10\/ESTOJO-DUPLO-GRANDE-ACADEMIE-LISTRAS-E-POA-TILIBRA.png","width":1080,"height":1080,"caption":"ESTOJO DUPLO GRANDE ACAD\u00c9MIE LISTRAS E PO\u00c1 TILIBRA"},{"@type":"BreadcrumbList","@id":"https:\/\/mettapapelaria.com.br\/catalogo\/produto\/estojo-duplo-grande-academie-listras-e-poa-tilibra\/#breadcrumb","itemListElement":[{"@type":"ListItem","position":1,"name":"In\u00edcio","item":"https:\/\/mettapapelaria.com.br\/catalogo\/"},{"@type":"ListItem","position":2,"name":"Shop","item":"https:\/\/mettapapelaria.com.br\/catalogo\/shop\/"},{"@type":"ListItem","position":3,"name":"ESTOJO DUPLO GRANDE ACAD\u00c9MIE LISTRAS E PO\u00c1 TILIBRA"}]},{"@type":"WebSite","@id":"https:\/\/mettapapelaria.com.br\/catalogo\/#website","url":"https:\/\/mettapapelaria.com.br\/catalogo\/","name":"Metta Papelaria","description":"Materiais e equipamentos de escrit\u00f3rio, suprimentos para inform\u00e1tica, e uma diversificada linha de material escolar","publisher":{"@id":"https:\/\/mettapapelaria.com.br\/catalogo\/#organization"},"potentialAction":[{"@type":"SearchAction","target":{"@type":"EntryPoint","urlTemplate":"https:\/\/mettapapelaria.com.br\/catalogo\/?s={search_term_string}"},"query-input":{"@type":"PropertyValueSpecification","valueRequired":true,"valueName":"search_term_string"}}],"inLanguage":"pt-BR"},{"@type":"Organization","@id":"https:\/\/mettapapelaria.com.br\/catalogo\/#organization","name":"Metta Papelaria","url":"https:\/\/mettapapelaria.com.br\/catalogo\/","logo":{"@type":"ImageObject","inLanguage":"pt-BR","@id":"https:\/\/mettapapelaria.com.br\/catalogo\/#\/schema\/logo\/image\/","url":"https:\/\/mettapapelaria.com.br\/catalogo\/wp-content\/uploads\/2023\/12\/cropped-favicon-Metta_512-1.png","contentUrl":"https:\/\/mettapapelaria.com.br\/catalogo\/wp-content\/uploads\/2023\/12\/cropped-favicon-Metta_512-1.png","width":512,"height":512,"caption":"Metta Papelaria"},"image":{"@id":"https:\/\/mettapapelaria.com.br\/catalogo\/#\/schema\/logo\/image\/"},"sameAs":["https:\/\/www.facebook.com\/mettapapelaria\/","https:\/\/www.instagram.com\/papelariametta\/"]}]}},"_links":{"self":[{"href":"https:\/\/mettapapelaria.com.br\/catalogo\/wp-json\/wp\/v2\/product\/504","targetHints":{"allow":["GET"]}}],"collection":[{"href":"https:\/\/mettapapelaria.com.br\/catalogo\/wp-json\/wp\/v2\/product"}],"about":[{"href":"https:\/\/mettapapelaria.com.br\/catalogo\/wp-json\/wp\/v2\/types\/product"}],"replies":[{"embeddable":true,"href":"https:\/\/mettapapelaria.com.br\/catalogo\/wp-json\/wp\/v2\/comments?post=504"}],"version-history":[{"count":0,"href":"https:\/\/mettapapelaria.com.br\/catalogo\/wp-json\/wp\/v2\/product\/504\/revisions"}],"wp:featuredmedia":[{"embeddable":true,"href":"https:\/\/mettapapelaria.com.br\/catalogo\/wp-json\/wp\/v2\/media\/503"}],"wp:attachment":[{"href":"https:\/\/mettapapelaria.com.br\/catalogo\/wp-json\/wp\/v2\/media?parent=504"}],"wp:term":[{"taxonomy":"brand","embeddable":true,"href":"https:\/\/mettapapelaria.com.br\/catalogo\/wp-json\/wp\/v2\/etheme_brands?post=504"},{"taxonomy":"product_brand","embeddable":true,"href":"https:\/\/mettapapelaria.com.br\/catalogo\/wp-json\/wp\/v2\/product_brand?post=504"},{"taxonomy":"product_cat","embeddable":true,"href":"https:\/\/mettapapelaria.com.br\/catalogo\/wp-json\/wp\/v2\/product_cat?post=504"},{"taxonomy":"product_tag","embeddable":true,"href":"https:\/\/mettapapelaria.com.br\/catalogo\/wp-json\/wp\/v2\/product_tag?post=504"}],"curies":[{"name":"wp","href":"https:\/\/api.w.org\/{rel}","templated":true}]}}