{"id":4804,"date":"2023-12-15T15:08:42","date_gmt":"2023-12-15T18:08:42","guid":{"rendered":"https:\/\/mettapapelaria.com.br\/catalogo\/produto\/mochila-de-costas-iron-man-avengers-luxcel\/"},"modified":"2023-12-15T15:08:42","modified_gmt":"2023-12-15T18:08:42","slug":"mochila-de-costas-iron-man-avengers-luxcel","status":"publish","type":"product","link":"https:\/\/mettapapelaria.com.br\/catalogo\/produto\/mochila-de-costas-iron-man-avengers-luxcel\/","title":{"rendered":"MOCHILA DE COSTAS IRON MAN AVENGERS LUXCEL"},"content":{"rendered":"<h4><span style=\"font-family: Arial;\">Fabricada em poli\u00e9ster e PVC, possui al\u00e7as de costas acolchoadas com regulagens, al\u00e7a de m\u00e3o, bolsos laterais em redes el\u00e1sticas, bolso superior com fechamento em z\u00edper de metal, etiqueta personalizada em bolso pl\u00e1stico na parte de tr\u00e1s e acolchoado na parte de tr\u00e1s da mochila para as costas da crian\u00e7a.<\/span><\/h4>\n<h4>\n<ul>\n<li><span style=\"font-family: Arial;\">Medidas Do Produto: Altura: 41cm ; Largura: 28cm ;Profundidade: 14cm<\/span><\/li>\n<li><span style=\"font-family: Arial;\">Peso: 350gr<\/span><\/li>\n<li><span style=\"font-family: Arial;\">Capacidade: 16L<\/span><\/li>\n<\/ul>\n<\/h4>\n","protected":false},"excerpt":{"rendered":"<p>Fabricada em poli\u00e9ster e PVC, possui al\u00e7as de costas acolchoadas com regulagens, al\u00e7a de m\u00e3o, bolsos laterais em redes el\u00e1sticas, bolso superior com fechamento em&#8230;<\/p>\n","protected":false},"featured_media":4802,"comment_status":"open","ping_status":"closed","template":"","meta":[],"etheme_brands":[],"product_brand":[],"product_cat":[25,16,31],"product_tag":[],"class_list":{"0":"post-4804","1":"product","2":"type-product","3":"status-publish","4":"has-post-thumbnail","6":"product_cat-material","7":"product_cat-material-escolar","8":"product_cat-mochilas-bolsas","10":"first","11":"instock","12":"sold-individually","13":"shipping-taxable","14":"purchasable","15":"product-type-simple"},"yoast_head":"<!-- This site is optimized with the Yoast SEO plugin v26.9 - https:\/\/yoast.com\/product\/yoast-seo-wordpress\/ -->\n<title>MOCHILA DE COSTAS IRON MAN AVENGERS LUXCEL - Metta Papelaria<\/title>\n<meta name=\"robots\" content=\"index, follow, max-snippet:-1, max-image-preview:large, max-video-preview:-1\" \/>\n<link rel=\"canonical\" href=\"https:\/\/mettapapelaria.com.br\/catalogo\/produto\/mochila-de-costas-iron-man-avengers-luxcel\/\" \/>\n<meta property=\"og:locale\" content=\"pt_BR\" \/>\n<meta property=\"og:type\" content=\"article\" \/>\n<meta property=\"og:title\" content=\"MOCHILA DE COSTAS IRON MAN AVENGERS LUXCEL - Metta Papelaria\" \/>\n<meta property=\"og:description\" content=\"Fabricada em poli\u00e9ster e PVC, possui al\u00e7as de costas acolchoadas com regulagens, al\u00e7a de m\u00e3o, bolsos laterais em redes el\u00e1sticas, bolso superior com fechamento em...\" \/>\n<meta property=\"og:url\" content=\"https:\/\/mettapapelaria.com.br\/catalogo\/produto\/mochila-de-costas-iron-man-avengers-luxcel\/\" \/>\n<meta property=\"og:site_name\" content=\"Metta Papelaria\" \/>\n<meta property=\"article:publisher\" content=\"https:\/\/www.facebook.com\/mettapapelaria\/\" \/>\n<meta property=\"og:image\" content=\"https:\/\/mettapapelaria.com.br\/catalogo\/wp-content\/uploads\/2023\/12\/MOCHILA-DE-COSTAS-IRON-MAN-AVENGERS-LUXCEL.png\" \/>\n\t<meta property=\"og:image:width\" content=\"1080\" \/>\n\t<meta property=\"og:image:height\" content=\"1080\" \/>\n\t<meta property=\"og:image:type\" content=\"image\/png\" \/>\n<meta name=\"twitter:card\" content=\"summary_large_image\" \/>\n<script type=\"application\/ld+json\" class=\"yoast-schema-graph\">{\"@context\":\"https:\/\/schema.org\",\"@graph\":[{\"@type\":\"WebPage\",\"@id\":\"https:\/\/mettapapelaria.com.br\/catalogo\/produto\/mochila-de-costas-iron-man-avengers-luxcel\/\",\"url\":\"https:\/\/mettapapelaria.com.br\/catalogo\/produto\/mochila-de-costas-iron-man-avengers-luxcel\/\",\"name\":\"MOCHILA DE COSTAS IRON MAN AVENGERS LUXCEL - Metta Papelaria\",\"isPartOf\":{\"@id\":\"https:\/\/mettapapelaria.com.br\/catalogo\/#website\"},\"primaryImageOfPage\":{\"@id\":\"https:\/\/mettapapelaria.com.br\/catalogo\/produto\/mochila-de-costas-iron-man-avengers-luxcel\/#primaryimage\"},\"image\":{\"@id\":\"https:\/\/mettapapelaria.com.br\/catalogo\/produto\/mochila-de-costas-iron-man-avengers-luxcel\/#primaryimage\"},\"thumbnailUrl\":\"https:\/\/mettapapelaria.com.br\/catalogo\/wp-content\/uploads\/2023\/12\/MOCHILA-DE-COSTAS-IRON-MAN-AVENGERS-LUXCEL.png\",\"datePublished\":\"2023-12-15T18:08:42+00:00\",\"breadcrumb\":{\"@id\":\"https:\/\/mettapapelaria.com.br\/catalogo\/produto\/mochila-de-costas-iron-man-avengers-luxcel\/#breadcrumb\"},\"inLanguage\":\"pt-BR\",\"potentialAction\":[{\"@type\":\"ReadAction\",\"target\":[\"https:\/\/mettapapelaria.com.br\/catalogo\/produto\/mochila-de-costas-iron-man-avengers-luxcel\/\"]}]},{\"@type\":\"ImageObject\",\"inLanguage\":\"pt-BR\",\"@id\":\"https:\/\/mettapapelaria.com.br\/catalogo\/produto\/mochila-de-costas-iron-man-avengers-luxcel\/#primaryimage\",\"url\":\"https:\/\/mettapapelaria.com.br\/catalogo\/wp-content\/uploads\/2023\/12\/MOCHILA-DE-COSTAS-IRON-MAN-AVENGERS-LUXCEL.png\",\"contentUrl\":\"https:\/\/mettapapelaria.com.br\/catalogo\/wp-content\/uploads\/2023\/12\/MOCHILA-DE-COSTAS-IRON-MAN-AVENGERS-LUXCEL.png\",\"width\":1080,\"height\":1080,\"caption\":\"MOCHILA DE COSTAS IRON MAN AVENGERS LUXCEL\"},{\"@type\":\"BreadcrumbList\",\"@id\":\"https:\/\/mettapapelaria.com.br\/catalogo\/produto\/mochila-de-costas-iron-man-avengers-luxcel\/#breadcrumb\",\"itemListElement\":[{\"@type\":\"ListItem\",\"position\":1,\"name\":\"In\u00edcio\",\"item\":\"https:\/\/mettapapelaria.com.br\/catalogo\/\"},{\"@type\":\"ListItem\",\"position\":2,\"name\":\"Shop\",\"item\":\"https:\/\/mettapapelaria.com.br\/catalogo\/shop\/\"},{\"@type\":\"ListItem\",\"position\":3,\"name\":\"MOCHILA DE COSTAS IRON MAN AVENGERS LUXCEL\"}]},{\"@type\":\"WebSite\",\"@id\":\"https:\/\/mettapapelaria.com.br\/catalogo\/#website\",\"url\":\"https:\/\/mettapapelaria.com.br\/catalogo\/\",\"name\":\"Metta Papelaria\",\"description\":\"Materiais e equipamentos de escrit\u00f3rio, suprimentos para inform\u00e1tica, e uma diversificada linha de material escolar\",\"publisher\":{\"@id\":\"https:\/\/mettapapelaria.com.br\/catalogo\/#organization\"},\"potentialAction\":[{\"@type\":\"SearchAction\",\"target\":{\"@type\":\"EntryPoint\",\"urlTemplate\":\"https:\/\/mettapapelaria.com.br\/catalogo\/?s={search_term_string}\"},\"query-input\":{\"@type\":\"PropertyValueSpecification\",\"valueRequired\":true,\"valueName\":\"search_term_string\"}}],\"inLanguage\":\"pt-BR\"},{\"@type\":\"Organization\",\"@id\":\"https:\/\/mettapapelaria.com.br\/catalogo\/#organization\",\"name\":\"Metta Papelaria\",\"url\":\"https:\/\/mettapapelaria.com.br\/catalogo\/\",\"logo\":{\"@type\":\"ImageObject\",\"inLanguage\":\"pt-BR\",\"@id\":\"https:\/\/mettapapelaria.com.br\/catalogo\/#\/schema\/logo\/image\/\",\"url\":\"https:\/\/mettapapelaria.com.br\/catalogo\/wp-content\/uploads\/2023\/12\/cropped-favicon-Metta_512-1.png\",\"contentUrl\":\"https:\/\/mettapapelaria.com.br\/catalogo\/wp-content\/uploads\/2023\/12\/cropped-favicon-Metta_512-1.png\",\"width\":512,\"height\":512,\"caption\":\"Metta Papelaria\"},\"image\":{\"@id\":\"https:\/\/mettapapelaria.com.br\/catalogo\/#\/schema\/logo\/image\/\"},\"sameAs\":[\"https:\/\/www.facebook.com\/mettapapelaria\/\",\"https:\/\/www.instagram.com\/papelariametta\/\"]}]}<\/script>\n<!-- \/ Yoast SEO plugin. -->","yoast_head_json":{"title":"MOCHILA DE COSTAS IRON MAN AVENGERS LUXCEL - Metta Papelaria","robots":{"index":"index","follow":"follow","max-snippet":"max-snippet:-1","max-image-preview":"max-image-preview:large","max-video-preview":"max-video-preview:-1"},"canonical":"https:\/\/mettapapelaria.com.br\/catalogo\/produto\/mochila-de-costas-iron-man-avengers-luxcel\/","og_locale":"pt_BR","og_type":"article","og_title":"MOCHILA DE COSTAS IRON MAN AVENGERS LUXCEL - Metta Papelaria","og_description":"Fabricada em poli\u00e9ster e PVC, possui al\u00e7as de costas acolchoadas com regulagens, al\u00e7a de m\u00e3o, bolsos laterais em redes el\u00e1sticas, bolso superior com fechamento em...","og_url":"https:\/\/mettapapelaria.com.br\/catalogo\/produto\/mochila-de-costas-iron-man-avengers-luxcel\/","og_site_name":"Metta Papelaria","article_publisher":"https:\/\/www.facebook.com\/mettapapelaria\/","og_image":[{"width":1080,"height":1080,"url":"https:\/\/mettapapelaria.com.br\/catalogo\/wp-content\/uploads\/2023\/12\/MOCHILA-DE-COSTAS-IRON-MAN-AVENGERS-LUXCEL.png","type":"image\/png"}],"twitter_card":"summary_large_image","schema":{"@context":"https:\/\/schema.org","@graph":[{"@type":"WebPage","@id":"https:\/\/mettapapelaria.com.br\/catalogo\/produto\/mochila-de-costas-iron-man-avengers-luxcel\/","url":"https:\/\/mettapapelaria.com.br\/catalogo\/produto\/mochila-de-costas-iron-man-avengers-luxcel\/","name":"MOCHILA DE COSTAS IRON MAN AVENGERS LUXCEL - Metta Papelaria","isPartOf":{"@id":"https:\/\/mettapapelaria.com.br\/catalogo\/#website"},"primaryImageOfPage":{"@id":"https:\/\/mettapapelaria.com.br\/catalogo\/produto\/mochila-de-costas-iron-man-avengers-luxcel\/#primaryimage"},"image":{"@id":"https:\/\/mettapapelaria.com.br\/catalogo\/produto\/mochila-de-costas-iron-man-avengers-luxcel\/#primaryimage"},"thumbnailUrl":"https:\/\/mettapapelaria.com.br\/catalogo\/wp-content\/uploads\/2023\/12\/MOCHILA-DE-COSTAS-IRON-MAN-AVENGERS-LUXCEL.png","datePublished":"2023-12-15T18:08:42+00:00","breadcrumb":{"@id":"https:\/\/mettapapelaria.com.br\/catalogo\/produto\/mochila-de-costas-iron-man-avengers-luxcel\/#breadcrumb"},"inLanguage":"pt-BR","potentialAction":[{"@type":"ReadAction","target":["https:\/\/mettapapelaria.com.br\/catalogo\/produto\/mochila-de-costas-iron-man-avengers-luxcel\/"]}]},{"@type":"ImageObject","inLanguage":"pt-BR","@id":"https:\/\/mettapapelaria.com.br\/catalogo\/produto\/mochila-de-costas-iron-man-avengers-luxcel\/#primaryimage","url":"https:\/\/mettapapelaria.com.br\/catalogo\/wp-content\/uploads\/2023\/12\/MOCHILA-DE-COSTAS-IRON-MAN-AVENGERS-LUXCEL.png","contentUrl":"https:\/\/mettapapelaria.com.br\/catalogo\/wp-content\/uploads\/2023\/12\/MOCHILA-DE-COSTAS-IRON-MAN-AVENGERS-LUXCEL.png","width":1080,"height":1080,"caption":"MOCHILA DE COSTAS IRON MAN AVENGERS LUXCEL"},{"@type":"BreadcrumbList","@id":"https:\/\/mettapapelaria.com.br\/catalogo\/produto\/mochila-de-costas-iron-man-avengers-luxcel\/#breadcrumb","itemListElement":[{"@type":"ListItem","position":1,"name":"In\u00edcio","item":"https:\/\/mettapapelaria.com.br\/catalogo\/"},{"@type":"ListItem","position":2,"name":"Shop","item":"https:\/\/mettapapelaria.com.br\/catalogo\/shop\/"},{"@type":"ListItem","position":3,"name":"MOCHILA DE COSTAS IRON MAN AVENGERS LUXCEL"}]},{"@type":"WebSite","@id":"https:\/\/mettapapelaria.com.br\/catalogo\/#website","url":"https:\/\/mettapapelaria.com.br\/catalogo\/","name":"Metta Papelaria","description":"Materiais e equipamentos de escrit\u00f3rio, suprimentos para inform\u00e1tica, e uma diversificada linha de material escolar","publisher":{"@id":"https:\/\/mettapapelaria.com.br\/catalogo\/#organization"},"potentialAction":[{"@type":"SearchAction","target":{"@type":"EntryPoint","urlTemplate":"https:\/\/mettapapelaria.com.br\/catalogo\/?s={search_term_string}"},"query-input":{"@type":"PropertyValueSpecification","valueRequired":true,"valueName":"search_term_string"}}],"inLanguage":"pt-BR"},{"@type":"Organization","@id":"https:\/\/mettapapelaria.com.br\/catalogo\/#organization","name":"Metta Papelaria","url":"https:\/\/mettapapelaria.com.br\/catalogo\/","logo":{"@type":"ImageObject","inLanguage":"pt-BR","@id":"https:\/\/mettapapelaria.com.br\/catalogo\/#\/schema\/logo\/image\/","url":"https:\/\/mettapapelaria.com.br\/catalogo\/wp-content\/uploads\/2023\/12\/cropped-favicon-Metta_512-1.png","contentUrl":"https:\/\/mettapapelaria.com.br\/catalogo\/wp-content\/uploads\/2023\/12\/cropped-favicon-Metta_512-1.png","width":512,"height":512,"caption":"Metta Papelaria"},"image":{"@id":"https:\/\/mettapapelaria.com.br\/catalogo\/#\/schema\/logo\/image\/"},"sameAs":["https:\/\/www.facebook.com\/mettapapelaria\/","https:\/\/www.instagram.com\/papelariametta\/"]}]}},"_links":{"self":[{"href":"https:\/\/mettapapelaria.com.br\/catalogo\/wp-json\/wp\/v2\/product\/4804","targetHints":{"allow":["GET"]}}],"collection":[{"href":"https:\/\/mettapapelaria.com.br\/catalogo\/wp-json\/wp\/v2\/product"}],"about":[{"href":"https:\/\/mettapapelaria.com.br\/catalogo\/wp-json\/wp\/v2\/types\/product"}],"replies":[{"embeddable":true,"href":"https:\/\/mettapapelaria.com.br\/catalogo\/wp-json\/wp\/v2\/comments?post=4804"}],"version-history":[{"count":0,"href":"https:\/\/mettapapelaria.com.br\/catalogo\/wp-json\/wp\/v2\/product\/4804\/revisions"}],"wp:featuredmedia":[{"embeddable":true,"href":"https:\/\/mettapapelaria.com.br\/catalogo\/wp-json\/wp\/v2\/media\/4802"}],"wp:attachment":[{"href":"https:\/\/mettapapelaria.com.br\/catalogo\/wp-json\/wp\/v2\/media?parent=4804"}],"wp:term":[{"taxonomy":"brand","embeddable":true,"href":"https:\/\/mettapapelaria.com.br\/catalogo\/wp-json\/wp\/v2\/etheme_brands?post=4804"},{"taxonomy":"product_brand","embeddable":true,"href":"https:\/\/mettapapelaria.com.br\/catalogo\/wp-json\/wp\/v2\/product_brand?post=4804"},{"taxonomy":"product_cat","embeddable":true,"href":"https:\/\/mettapapelaria.com.br\/catalogo\/wp-json\/wp\/v2\/product_cat?post=4804"},{"taxonomy":"product_tag","embeddable":true,"href":"https:\/\/mettapapelaria.com.br\/catalogo\/wp-json\/wp\/v2\/product_tag?post=4804"}],"curies":[{"name":"wp","href":"https:\/\/api.w.org\/{rel}","templated":true}]}}