{"id":4623,"date":"2023-12-06T15:10:51","date_gmt":"2023-12-06T18:10:51","guid":{"rendered":"https:\/\/mettapapelaria.com.br\/catalogo\/produto\/caderno-com-espiral-capa-mole-pequeno-stella-jandaia\/"},"modified":"2023-12-06T15:10:51","modified_gmt":"2023-12-06T18:10:51","slug":"caderno-com-espiral-capa-mole-pequeno-stella-jandaia","status":"publish","type":"product","link":"https:\/\/mettapapelaria.com.br\/catalogo\/produto\/caderno-com-espiral-capa-mole-pequeno-stella-jandaia\/","title":{"rendered":"CADERNO COM ESPIRAL CAPA MOLE PEQUENO STELLA JANDAIA"},"content":{"rendered":"<h4><span style=\"font-family: Arial;\">Caderno 1\/4 80 Folhas, Stella. Apresentamos o elegante Caderno 1\/4, contendo 80 folhas, da cole\u00e7\u00e3o &#8220;Stella&#8221;. Este caderno \u00e9 perfeito para aqueles que desejam unir funcionalidade com uma est\u00e9tica sofisticada e delicada. Ele protege suas anota\u00e7\u00f5es e pensamentos ao longo do tempo, enquanto as 80 folhas oferecem espa\u00e7o adequado para suas atividades de escrita. Seja para anota\u00e7\u00f5es di\u00e1rias, resumos ou momentos de inspira\u00e7\u00e3o, este caderno une utilidade com uma est\u00e9tica elegante da cole\u00e7\u00e3o &#8220;Stella&#8221;. Opte pelo Caderno 1\/4 e adicione um toque de sofistica\u00e7\u00e3o \u00e0s suas notas e registros.<\/span><\/h4>\n","protected":false},"excerpt":{"rendered":"<p>Caderno 1\/4 80 Folhas, Stella. Apresentamos o elegante Caderno 1\/4, contendo 80 folhas, da cole\u00e7\u00e3o &#8220;Stella&#8221;. Este caderno \u00e9 perfeito para aqueles que desejam unir&#8230;<\/p>\n","protected":false},"featured_media":2585,"comment_status":"open","ping_status":"closed","template":"","meta":[],"etheme_brands":[],"product_brand":[],"product_cat":[20,128,25,16],"product_tag":[],"class_list":{"0":"post-4623","1":"product","2":"type-product","3":"status-publish","4":"has-post-thumbnail","6":"product_cat-cadernos","7":"product_cat-cadernos-de-1-materia","8":"product_cat-material","9":"product_cat-material-escolar","11":"first","12":"instock","13":"sold-individually","14":"shipping-taxable","15":"purchasable","16":"product-type-simple"},"yoast_head":"<!-- This site is optimized with the Yoast SEO plugin v26.9 - https:\/\/yoast.com\/product\/yoast-seo-wordpress\/ -->\n<title>CADERNO COM ESPIRAL CAPA MOLE PEQUENO STELLA JANDAIA - Metta Papelaria<\/title>\n<meta name=\"robots\" content=\"index, follow, max-snippet:-1, max-image-preview:large, max-video-preview:-1\" \/>\n<link rel=\"canonical\" href=\"https:\/\/mettapapelaria.com.br\/catalogo\/produto\/caderno-com-espiral-capa-mole-pequeno-stella-jandaia\/\" \/>\n<meta property=\"og:locale\" content=\"pt_BR\" \/>\n<meta property=\"og:type\" content=\"article\" \/>\n<meta property=\"og:title\" content=\"CADERNO COM ESPIRAL CAPA MOLE PEQUENO STELLA JANDAIA - Metta Papelaria\" \/>\n<meta property=\"og:description\" content=\"Caderno 1\/4 80 Folhas, Stella. Apresentamos o elegante Caderno 1\/4, contendo 80 folhas, da cole\u00e7\u00e3o &#8220;Stella&#8221;. Este caderno \u00e9 perfeito para aqueles que desejam unir...\" \/>\n<meta property=\"og:url\" content=\"https:\/\/mettapapelaria.com.br\/catalogo\/produto\/caderno-com-espiral-capa-mole-pequeno-stella-jandaia\/\" \/>\n<meta property=\"og:site_name\" content=\"Metta Papelaria\" \/>\n<meta property=\"article:publisher\" content=\"https:\/\/www.facebook.com\/mettapapelaria\/\" \/>\n<meta property=\"og:image\" content=\"https:\/\/mettapapelaria.com.br\/catalogo\/wp-content\/uploads\/2022\/12\/CADERNO-COM-ESPIRAL-CAPA-MOLE-PEQUENO-STELLA-JANDAIA.png\" \/>\n\t<meta property=\"og:image:width\" content=\"1080\" \/>\n\t<meta property=\"og:image:height\" content=\"1080\" \/>\n\t<meta property=\"og:image:type\" content=\"image\/png\" \/>\n<meta name=\"twitter:card\" content=\"summary_large_image\" \/>\n<script type=\"application\/ld+json\" class=\"yoast-schema-graph\">{\"@context\":\"https:\/\/schema.org\",\"@graph\":[{\"@type\":\"WebPage\",\"@id\":\"https:\/\/mettapapelaria.com.br\/catalogo\/produto\/caderno-com-espiral-capa-mole-pequeno-stella-jandaia\/\",\"url\":\"https:\/\/mettapapelaria.com.br\/catalogo\/produto\/caderno-com-espiral-capa-mole-pequeno-stella-jandaia\/\",\"name\":\"CADERNO COM ESPIRAL CAPA MOLE PEQUENO STELLA JANDAIA - Metta Papelaria\",\"isPartOf\":{\"@id\":\"https:\/\/mettapapelaria.com.br\/catalogo\/#website\"},\"primaryImageOfPage\":{\"@id\":\"https:\/\/mettapapelaria.com.br\/catalogo\/produto\/caderno-com-espiral-capa-mole-pequeno-stella-jandaia\/#primaryimage\"},\"image\":{\"@id\":\"https:\/\/mettapapelaria.com.br\/catalogo\/produto\/caderno-com-espiral-capa-mole-pequeno-stella-jandaia\/#primaryimage\"},\"thumbnailUrl\":\"https:\/\/mettapapelaria.com.br\/catalogo\/wp-content\/uploads\/2022\/12\/CADERNO-COM-ESPIRAL-CAPA-MOLE-PEQUENO-STELLA-JANDAIA.png\",\"datePublished\":\"2023-12-06T18:10:51+00:00\",\"breadcrumb\":{\"@id\":\"https:\/\/mettapapelaria.com.br\/catalogo\/produto\/caderno-com-espiral-capa-mole-pequeno-stella-jandaia\/#breadcrumb\"},\"inLanguage\":\"pt-BR\",\"potentialAction\":[{\"@type\":\"ReadAction\",\"target\":[\"https:\/\/mettapapelaria.com.br\/catalogo\/produto\/caderno-com-espiral-capa-mole-pequeno-stella-jandaia\/\"]}]},{\"@type\":\"ImageObject\",\"inLanguage\":\"pt-BR\",\"@id\":\"https:\/\/mettapapelaria.com.br\/catalogo\/produto\/caderno-com-espiral-capa-mole-pequeno-stella-jandaia\/#primaryimage\",\"url\":\"https:\/\/mettapapelaria.com.br\/catalogo\/wp-content\/uploads\/2022\/12\/CADERNO-COM-ESPIRAL-CAPA-MOLE-PEQUENO-STELLA-JANDAIA.png\",\"contentUrl\":\"https:\/\/mettapapelaria.com.br\/catalogo\/wp-content\/uploads\/2022\/12\/CADERNO-COM-ESPIRAL-CAPA-MOLE-PEQUENO-STELLA-JANDAIA.png\",\"width\":1080,\"height\":1080,\"caption\":\"CADERNO COM ESPIRAL CAPA MOLE PEQUENO STELLA JANDAIA\"},{\"@type\":\"BreadcrumbList\",\"@id\":\"https:\/\/mettapapelaria.com.br\/catalogo\/produto\/caderno-com-espiral-capa-mole-pequeno-stella-jandaia\/#breadcrumb\",\"itemListElement\":[{\"@type\":\"ListItem\",\"position\":1,\"name\":\"In\u00edcio\",\"item\":\"https:\/\/mettapapelaria.com.br\/catalogo\/\"},{\"@type\":\"ListItem\",\"position\":2,\"name\":\"Shop\",\"item\":\"https:\/\/mettapapelaria.com.br\/catalogo\/shop\/\"},{\"@type\":\"ListItem\",\"position\":3,\"name\":\"CADERNO COM ESPIRAL CAPA MOLE PEQUENO STELLA JANDAIA\"}]},{\"@type\":\"WebSite\",\"@id\":\"https:\/\/mettapapelaria.com.br\/catalogo\/#website\",\"url\":\"https:\/\/mettapapelaria.com.br\/catalogo\/\",\"name\":\"Metta Papelaria\",\"description\":\"Materiais e equipamentos de escrit\u00f3rio, suprimentos para inform\u00e1tica, e uma diversificada linha de material escolar\",\"publisher\":{\"@id\":\"https:\/\/mettapapelaria.com.br\/catalogo\/#organization\"},\"potentialAction\":[{\"@type\":\"SearchAction\",\"target\":{\"@type\":\"EntryPoint\",\"urlTemplate\":\"https:\/\/mettapapelaria.com.br\/catalogo\/?s={search_term_string}\"},\"query-input\":{\"@type\":\"PropertyValueSpecification\",\"valueRequired\":true,\"valueName\":\"search_term_string\"}}],\"inLanguage\":\"pt-BR\"},{\"@type\":\"Organization\",\"@id\":\"https:\/\/mettapapelaria.com.br\/catalogo\/#organization\",\"name\":\"Metta Papelaria\",\"url\":\"https:\/\/mettapapelaria.com.br\/catalogo\/\",\"logo\":{\"@type\":\"ImageObject\",\"inLanguage\":\"pt-BR\",\"@id\":\"https:\/\/mettapapelaria.com.br\/catalogo\/#\/schema\/logo\/image\/\",\"url\":\"https:\/\/mettapapelaria.com.br\/catalogo\/wp-content\/uploads\/2023\/12\/cropped-favicon-Metta_512-1.png\",\"contentUrl\":\"https:\/\/mettapapelaria.com.br\/catalogo\/wp-content\/uploads\/2023\/12\/cropped-favicon-Metta_512-1.png\",\"width\":512,\"height\":512,\"caption\":\"Metta Papelaria\"},\"image\":{\"@id\":\"https:\/\/mettapapelaria.com.br\/catalogo\/#\/schema\/logo\/image\/\"},\"sameAs\":[\"https:\/\/www.facebook.com\/mettapapelaria\/\",\"https:\/\/www.instagram.com\/papelariametta\/\"]}]}<\/script>\n<!-- \/ Yoast SEO plugin. -->","yoast_head_json":{"title":"CADERNO COM ESPIRAL CAPA MOLE PEQUENO STELLA JANDAIA - Metta Papelaria","robots":{"index":"index","follow":"follow","max-snippet":"max-snippet:-1","max-image-preview":"max-image-preview:large","max-video-preview":"max-video-preview:-1"},"canonical":"https:\/\/mettapapelaria.com.br\/catalogo\/produto\/caderno-com-espiral-capa-mole-pequeno-stella-jandaia\/","og_locale":"pt_BR","og_type":"article","og_title":"CADERNO COM ESPIRAL CAPA MOLE PEQUENO STELLA JANDAIA - Metta Papelaria","og_description":"Caderno 1\/4 80 Folhas, Stella. Apresentamos o elegante Caderno 1\/4, contendo 80 folhas, da cole\u00e7\u00e3o &#8220;Stella&#8221;. Este caderno \u00e9 perfeito para aqueles que desejam unir...","og_url":"https:\/\/mettapapelaria.com.br\/catalogo\/produto\/caderno-com-espiral-capa-mole-pequeno-stella-jandaia\/","og_site_name":"Metta Papelaria","article_publisher":"https:\/\/www.facebook.com\/mettapapelaria\/","og_image":[{"width":1080,"height":1080,"url":"https:\/\/mettapapelaria.com.br\/catalogo\/wp-content\/uploads\/2022\/12\/CADERNO-COM-ESPIRAL-CAPA-MOLE-PEQUENO-STELLA-JANDAIA.png","type":"image\/png"}],"twitter_card":"summary_large_image","schema":{"@context":"https:\/\/schema.org","@graph":[{"@type":"WebPage","@id":"https:\/\/mettapapelaria.com.br\/catalogo\/produto\/caderno-com-espiral-capa-mole-pequeno-stella-jandaia\/","url":"https:\/\/mettapapelaria.com.br\/catalogo\/produto\/caderno-com-espiral-capa-mole-pequeno-stella-jandaia\/","name":"CADERNO COM ESPIRAL CAPA MOLE PEQUENO STELLA JANDAIA - Metta Papelaria","isPartOf":{"@id":"https:\/\/mettapapelaria.com.br\/catalogo\/#website"},"primaryImageOfPage":{"@id":"https:\/\/mettapapelaria.com.br\/catalogo\/produto\/caderno-com-espiral-capa-mole-pequeno-stella-jandaia\/#primaryimage"},"image":{"@id":"https:\/\/mettapapelaria.com.br\/catalogo\/produto\/caderno-com-espiral-capa-mole-pequeno-stella-jandaia\/#primaryimage"},"thumbnailUrl":"https:\/\/mettapapelaria.com.br\/catalogo\/wp-content\/uploads\/2022\/12\/CADERNO-COM-ESPIRAL-CAPA-MOLE-PEQUENO-STELLA-JANDAIA.png","datePublished":"2023-12-06T18:10:51+00:00","breadcrumb":{"@id":"https:\/\/mettapapelaria.com.br\/catalogo\/produto\/caderno-com-espiral-capa-mole-pequeno-stella-jandaia\/#breadcrumb"},"inLanguage":"pt-BR","potentialAction":[{"@type":"ReadAction","target":["https:\/\/mettapapelaria.com.br\/catalogo\/produto\/caderno-com-espiral-capa-mole-pequeno-stella-jandaia\/"]}]},{"@type":"ImageObject","inLanguage":"pt-BR","@id":"https:\/\/mettapapelaria.com.br\/catalogo\/produto\/caderno-com-espiral-capa-mole-pequeno-stella-jandaia\/#primaryimage","url":"https:\/\/mettapapelaria.com.br\/catalogo\/wp-content\/uploads\/2022\/12\/CADERNO-COM-ESPIRAL-CAPA-MOLE-PEQUENO-STELLA-JANDAIA.png","contentUrl":"https:\/\/mettapapelaria.com.br\/catalogo\/wp-content\/uploads\/2022\/12\/CADERNO-COM-ESPIRAL-CAPA-MOLE-PEQUENO-STELLA-JANDAIA.png","width":1080,"height":1080,"caption":"CADERNO COM ESPIRAL CAPA MOLE PEQUENO STELLA JANDAIA"},{"@type":"BreadcrumbList","@id":"https:\/\/mettapapelaria.com.br\/catalogo\/produto\/caderno-com-espiral-capa-mole-pequeno-stella-jandaia\/#breadcrumb","itemListElement":[{"@type":"ListItem","position":1,"name":"In\u00edcio","item":"https:\/\/mettapapelaria.com.br\/catalogo\/"},{"@type":"ListItem","position":2,"name":"Shop","item":"https:\/\/mettapapelaria.com.br\/catalogo\/shop\/"},{"@type":"ListItem","position":3,"name":"CADERNO COM ESPIRAL CAPA MOLE PEQUENO STELLA JANDAIA"}]},{"@type":"WebSite","@id":"https:\/\/mettapapelaria.com.br\/catalogo\/#website","url":"https:\/\/mettapapelaria.com.br\/catalogo\/","name":"Metta Papelaria","description":"Materiais e equipamentos de escrit\u00f3rio, suprimentos para inform\u00e1tica, e uma diversificada linha de material escolar","publisher":{"@id":"https:\/\/mettapapelaria.com.br\/catalogo\/#organization"},"potentialAction":[{"@type":"SearchAction","target":{"@type":"EntryPoint","urlTemplate":"https:\/\/mettapapelaria.com.br\/catalogo\/?s={search_term_string}"},"query-input":{"@type":"PropertyValueSpecification","valueRequired":true,"valueName":"search_term_string"}}],"inLanguage":"pt-BR"},{"@type":"Organization","@id":"https:\/\/mettapapelaria.com.br\/catalogo\/#organization","name":"Metta Papelaria","url":"https:\/\/mettapapelaria.com.br\/catalogo\/","logo":{"@type":"ImageObject","inLanguage":"pt-BR","@id":"https:\/\/mettapapelaria.com.br\/catalogo\/#\/schema\/logo\/image\/","url":"https:\/\/mettapapelaria.com.br\/catalogo\/wp-content\/uploads\/2023\/12\/cropped-favicon-Metta_512-1.png","contentUrl":"https:\/\/mettapapelaria.com.br\/catalogo\/wp-content\/uploads\/2023\/12\/cropped-favicon-Metta_512-1.png","width":512,"height":512,"caption":"Metta Papelaria"},"image":{"@id":"https:\/\/mettapapelaria.com.br\/catalogo\/#\/schema\/logo\/image\/"},"sameAs":["https:\/\/www.facebook.com\/mettapapelaria\/","https:\/\/www.instagram.com\/papelariametta\/"]}]}},"_links":{"self":[{"href":"https:\/\/mettapapelaria.com.br\/catalogo\/wp-json\/wp\/v2\/product\/4623","targetHints":{"allow":["GET"]}}],"collection":[{"href":"https:\/\/mettapapelaria.com.br\/catalogo\/wp-json\/wp\/v2\/product"}],"about":[{"href":"https:\/\/mettapapelaria.com.br\/catalogo\/wp-json\/wp\/v2\/types\/product"}],"replies":[{"embeddable":true,"href":"https:\/\/mettapapelaria.com.br\/catalogo\/wp-json\/wp\/v2\/comments?post=4623"}],"version-history":[{"count":0,"href":"https:\/\/mettapapelaria.com.br\/catalogo\/wp-json\/wp\/v2\/product\/4623\/revisions"}],"wp:featuredmedia":[{"embeddable":true,"href":"https:\/\/mettapapelaria.com.br\/catalogo\/wp-json\/wp\/v2\/media\/2585"}],"wp:attachment":[{"href":"https:\/\/mettapapelaria.com.br\/catalogo\/wp-json\/wp\/v2\/media?parent=4623"}],"wp:term":[{"taxonomy":"brand","embeddable":true,"href":"https:\/\/mettapapelaria.com.br\/catalogo\/wp-json\/wp\/v2\/etheme_brands?post=4623"},{"taxonomy":"product_brand","embeddable":true,"href":"https:\/\/mettapapelaria.com.br\/catalogo\/wp-json\/wp\/v2\/product_brand?post=4623"},{"taxonomy":"product_cat","embeddable":true,"href":"https:\/\/mettapapelaria.com.br\/catalogo\/wp-json\/wp\/v2\/product_cat?post=4623"},{"taxonomy":"product_tag","embeddable":true,"href":"https:\/\/mettapapelaria.com.br\/catalogo\/wp-json\/wp\/v2\/product_tag?post=4623"}],"curies":[{"name":"wp","href":"https:\/\/api.w.org\/{rel}","templated":true}]}}