{"id":4268,"date":"2023-11-08T16:50:56","date_gmt":"2023-11-08T19:50:56","guid":{"rendered":"https:\/\/mettapapelaria.com.br\/catalogo\/produto\/caderno-com-espiral-capa-plastica-connect-neon-tilibra\/"},"modified":"2023-12-29T11:13:24","modified_gmt":"2023-12-29T14:13:24","slug":"caderno-com-espiral-capa-plastica-connect-neon-tilibra","status":"publish","type":"product","link":"https:\/\/mettapapelaria.com.br\/catalogo\/produto\/caderno-com-espiral-capa-plastica-connect-neon-tilibra\/","title":{"rendered":"CADERNO COM ESPIRAL CAPA PL\u00c1STICA CONNECT NEON TILIBRA"},"content":{"rendered":"<h4><span style=\"font-family: Arial;\">O Caderno Espiral Capa Pl\u00e1stica Universit\u00e1rio 1 Mat\u00e9ria Neon Connect 80 Folhas possui parte interna decorada, folha com adesivos funcionais, folhas pautadas e espiral colorido. Ideal para o dia a dia na escola ou na faculdade.<\/span><\/h4>\n<h4><span style=\"font-family: Arial;\">Al\u00e9m disso, as folhas desse caderno s\u00e3o compat\u00edveis com o aplicativo Tilibra Connect, dispon\u00edvel gratuitamente na Apple Store e Google Play. Com esse app voc\u00ea consegue digitalizar suas anota\u00e7\u00f5es com mais agilidade, elaborar perguntas e respostas com o conte\u00fado escaneado, ciar e revisar fichas. Mais praticidade para estudar em qualquer hora e lugar!<\/span><\/h4>\n<h4><span style=\"font-family: Arial;\">Detalhes:<\/span><\/h4>\n<h4>\n<ul>\n<li><span style=\"font-family: Arial;\">Bolsa pl\u00e1stica<\/span><\/li>\n<li><span style=\"font-family: Arial;\">Capa: com el\u00e1stico e pl\u00e1stica<\/span><\/li>\n<li><span style=\"font-family: Arial;\">Cor: Sortidas<\/span><\/li>\n<li><span style=\"font-family: Arial;\">\u00cdndice\/separador de mat\u00e9rias<\/span><\/li>\n<li><span style=\"font-family: Arial;\">Material: Polipropileno<\/span><\/li>\n<li><span style=\"font-family: Arial;\">Miolo: pautado<\/span><\/li>\n<li><span style=\"font-family: Arial;\">Miolo APP<\/span><\/li>\n<li><span style=\"font-family: Arial;\">N\u00famero de mat\u00e9rias: 1 mat\u00e9ria<\/span><\/li>\n<li><span style=\"font-family: Arial;\">Produto certificado: FSC<\/span><\/li>\n<li><span style=\"font-family: Arial;\">Formato: 200mm x 275mm<\/span><\/li>\n<li><span style=\"font-family: Arial;\">Gramatura: 56 g\/m\u00b2<\/span><\/li>\n<li><span style=\"font-family: Arial;\">N\u00famero de folhas: 80 folhas<\/span><\/li>\n<\/ul>\n<\/h4>\n","protected":false},"excerpt":{"rendered":"<p>O Caderno Espiral Capa Pl\u00e1stica Universit\u00e1rio 1 Mat\u00e9ria Neon Connect 80 Folhas possui parte interna decorada, folha com adesivos funcionais, folhas pautadas e espiral colorido&#8230;.<\/p>\n","protected":false},"featured_media":4264,"comment_status":"open","ping_status":"closed","template":"","meta":[],"etheme_brands":[{"term_id":311,"name":"Tilibra","slug":"tilibra","term_group":0,"term_taxonomy_id":311,"taxonomy":"brand","description":"","parent":0,"count":148,"filter":"raw"}],"product_brand":[],"product_cat":[20,128,25],"product_tag":[],"class_list":{"0":"post-4268","1":"product","2":"type-product","3":"status-publish","4":"has-post-thumbnail","6":"brand-tilibra","7":"product_cat-cadernos","8":"product_cat-cadernos-de-1-materia","9":"product_cat-material","11":"first","12":"instock","13":"sold-individually","14":"shipping-taxable","15":"purchasable","16":"product-type-simple"},"yoast_head":"<!-- This site is optimized with the Yoast SEO plugin v26.9 - https:\/\/yoast.com\/product\/yoast-seo-wordpress\/ -->\n<title>CADERNO COM ESPIRAL CAPA PL\u00c1STICA CONNECT NEON TILIBRA - Metta Papelaria<\/title>\n<meta name=\"robots\" content=\"index, follow, max-snippet:-1, max-image-preview:large, max-video-preview:-1\" \/>\n<link rel=\"canonical\" href=\"https:\/\/mettapapelaria.com.br\/catalogo\/produto\/caderno-com-espiral-capa-plastica-connect-neon-tilibra\/\" \/>\n<meta property=\"og:locale\" content=\"pt_BR\" \/>\n<meta property=\"og:type\" content=\"article\" \/>\n<meta property=\"og:title\" content=\"CADERNO COM ESPIRAL CAPA PL\u00c1STICA CONNECT NEON TILIBRA - Metta Papelaria\" \/>\n<meta property=\"og:description\" content=\"O Caderno Espiral Capa Pl\u00e1stica Universit\u00e1rio 1 Mat\u00e9ria Neon Connect 80 Folhas possui parte interna decorada, folha com adesivos funcionais, folhas pautadas e espiral colorido....\" \/>\n<meta property=\"og:url\" content=\"https:\/\/mettapapelaria.com.br\/catalogo\/produto\/caderno-com-espiral-capa-plastica-connect-neon-tilibra\/\" \/>\n<meta property=\"og:site_name\" content=\"Metta Papelaria\" \/>\n<meta property=\"article:publisher\" content=\"https:\/\/www.facebook.com\/mettapapelaria\/\" \/>\n<meta property=\"article:modified_time\" content=\"2023-12-29T14:13:24+00:00\" \/>\n<meta property=\"og:image\" content=\"https:\/\/mettapapelaria.com.br\/catalogo\/wp-content\/uploads\/2023\/11\/CADERNO-COM-ESPIRAL-CAPA-PLASTICA-CONNECT-NEON-TILIBRA.png\" \/>\n\t<meta property=\"og:image:width\" content=\"1080\" \/>\n\t<meta property=\"og:image:height\" content=\"1080\" \/>\n\t<meta property=\"og:image:type\" content=\"image\/png\" \/>\n<meta name=\"twitter:card\" content=\"summary_large_image\" \/>\n<meta name=\"twitter:label1\" content=\"Est. tempo de leitura\" \/>\n\t<meta name=\"twitter:data1\" content=\"1 minuto\" \/>\n<script type=\"application\/ld+json\" class=\"yoast-schema-graph\">{\"@context\":\"https:\/\/schema.org\",\"@graph\":[{\"@type\":\"WebPage\",\"@id\":\"https:\/\/mettapapelaria.com.br\/catalogo\/produto\/caderno-com-espiral-capa-plastica-connect-neon-tilibra\/\",\"url\":\"https:\/\/mettapapelaria.com.br\/catalogo\/produto\/caderno-com-espiral-capa-plastica-connect-neon-tilibra\/\",\"name\":\"CADERNO COM ESPIRAL CAPA PL\u00c1STICA CONNECT NEON TILIBRA - Metta Papelaria\",\"isPartOf\":{\"@id\":\"https:\/\/mettapapelaria.com.br\/catalogo\/#website\"},\"primaryImageOfPage\":{\"@id\":\"https:\/\/mettapapelaria.com.br\/catalogo\/produto\/caderno-com-espiral-capa-plastica-connect-neon-tilibra\/#primaryimage\"},\"image\":{\"@id\":\"https:\/\/mettapapelaria.com.br\/catalogo\/produto\/caderno-com-espiral-capa-plastica-connect-neon-tilibra\/#primaryimage\"},\"thumbnailUrl\":\"https:\/\/mettapapelaria.com.br\/catalogo\/wp-content\/uploads\/2023\/11\/CADERNO-COM-ESPIRAL-CAPA-PLASTICA-CONNECT-NEON-TILIBRA.png\",\"datePublished\":\"2023-11-08T19:50:56+00:00\",\"dateModified\":\"2023-12-29T14:13:24+00:00\",\"breadcrumb\":{\"@id\":\"https:\/\/mettapapelaria.com.br\/catalogo\/produto\/caderno-com-espiral-capa-plastica-connect-neon-tilibra\/#breadcrumb\"},\"inLanguage\":\"pt-BR\",\"potentialAction\":[{\"@type\":\"ReadAction\",\"target\":[\"https:\/\/mettapapelaria.com.br\/catalogo\/produto\/caderno-com-espiral-capa-plastica-connect-neon-tilibra\/\"]}]},{\"@type\":\"ImageObject\",\"inLanguage\":\"pt-BR\",\"@id\":\"https:\/\/mettapapelaria.com.br\/catalogo\/produto\/caderno-com-espiral-capa-plastica-connect-neon-tilibra\/#primaryimage\",\"url\":\"https:\/\/mettapapelaria.com.br\/catalogo\/wp-content\/uploads\/2023\/11\/CADERNO-COM-ESPIRAL-CAPA-PLASTICA-CONNECT-NEON-TILIBRA.png\",\"contentUrl\":\"https:\/\/mettapapelaria.com.br\/catalogo\/wp-content\/uploads\/2023\/11\/CADERNO-COM-ESPIRAL-CAPA-PLASTICA-CONNECT-NEON-TILIBRA.png\",\"width\":1080,\"height\":1080,\"caption\":\"CADERNO COM ESPIRAL CAPA PL\u00c1STICA CONNECT NEON TILIBRA\"},{\"@type\":\"BreadcrumbList\",\"@id\":\"https:\/\/mettapapelaria.com.br\/catalogo\/produto\/caderno-com-espiral-capa-plastica-connect-neon-tilibra\/#breadcrumb\",\"itemListElement\":[{\"@type\":\"ListItem\",\"position\":1,\"name\":\"In\u00edcio\",\"item\":\"https:\/\/mettapapelaria.com.br\/catalogo\/\"},{\"@type\":\"ListItem\",\"position\":2,\"name\":\"Shop\",\"item\":\"https:\/\/mettapapelaria.com.br\/catalogo\/shop\/\"},{\"@type\":\"ListItem\",\"position\":3,\"name\":\"CADERNO COM ESPIRAL CAPA PL\u00c1STICA CONNECT NEON TILIBRA\"}]},{\"@type\":\"WebSite\",\"@id\":\"https:\/\/mettapapelaria.com.br\/catalogo\/#website\",\"url\":\"https:\/\/mettapapelaria.com.br\/catalogo\/\",\"name\":\"Metta Papelaria\",\"description\":\"Materiais e equipamentos de escrit\u00f3rio, suprimentos para inform\u00e1tica, e uma diversificada linha de material escolar\",\"publisher\":{\"@id\":\"https:\/\/mettapapelaria.com.br\/catalogo\/#organization\"},\"potentialAction\":[{\"@type\":\"SearchAction\",\"target\":{\"@type\":\"EntryPoint\",\"urlTemplate\":\"https:\/\/mettapapelaria.com.br\/catalogo\/?s={search_term_string}\"},\"query-input\":{\"@type\":\"PropertyValueSpecification\",\"valueRequired\":true,\"valueName\":\"search_term_string\"}}],\"inLanguage\":\"pt-BR\"},{\"@type\":\"Organization\",\"@id\":\"https:\/\/mettapapelaria.com.br\/catalogo\/#organization\",\"name\":\"Metta Papelaria\",\"url\":\"https:\/\/mettapapelaria.com.br\/catalogo\/\",\"logo\":{\"@type\":\"ImageObject\",\"inLanguage\":\"pt-BR\",\"@id\":\"https:\/\/mettapapelaria.com.br\/catalogo\/#\/schema\/logo\/image\/\",\"url\":\"https:\/\/mettapapelaria.com.br\/catalogo\/wp-content\/uploads\/2023\/12\/cropped-favicon-Metta_512-1.png\",\"contentUrl\":\"https:\/\/mettapapelaria.com.br\/catalogo\/wp-content\/uploads\/2023\/12\/cropped-favicon-Metta_512-1.png\",\"width\":512,\"height\":512,\"caption\":\"Metta Papelaria\"},\"image\":{\"@id\":\"https:\/\/mettapapelaria.com.br\/catalogo\/#\/schema\/logo\/image\/\"},\"sameAs\":[\"https:\/\/www.facebook.com\/mettapapelaria\/\",\"https:\/\/www.instagram.com\/papelariametta\/\"]}]}<\/script>\n<!-- \/ Yoast SEO plugin. -->","yoast_head_json":{"title":"CADERNO COM ESPIRAL CAPA PL\u00c1STICA CONNECT NEON TILIBRA - Metta Papelaria","robots":{"index":"index","follow":"follow","max-snippet":"max-snippet:-1","max-image-preview":"max-image-preview:large","max-video-preview":"max-video-preview:-1"},"canonical":"https:\/\/mettapapelaria.com.br\/catalogo\/produto\/caderno-com-espiral-capa-plastica-connect-neon-tilibra\/","og_locale":"pt_BR","og_type":"article","og_title":"CADERNO COM ESPIRAL CAPA PL\u00c1STICA CONNECT NEON TILIBRA - Metta Papelaria","og_description":"O Caderno Espiral Capa Pl\u00e1stica Universit\u00e1rio 1 Mat\u00e9ria Neon Connect 80 Folhas possui parte interna decorada, folha com adesivos funcionais, folhas pautadas e espiral colorido....","og_url":"https:\/\/mettapapelaria.com.br\/catalogo\/produto\/caderno-com-espiral-capa-plastica-connect-neon-tilibra\/","og_site_name":"Metta Papelaria","article_publisher":"https:\/\/www.facebook.com\/mettapapelaria\/","article_modified_time":"2023-12-29T14:13:24+00:00","og_image":[{"width":1080,"height":1080,"url":"https:\/\/mettapapelaria.com.br\/catalogo\/wp-content\/uploads\/2023\/11\/CADERNO-COM-ESPIRAL-CAPA-PLASTICA-CONNECT-NEON-TILIBRA.png","type":"image\/png"}],"twitter_card":"summary_large_image","twitter_misc":{"Est. tempo de leitura":"1 minuto"},"schema":{"@context":"https:\/\/schema.org","@graph":[{"@type":"WebPage","@id":"https:\/\/mettapapelaria.com.br\/catalogo\/produto\/caderno-com-espiral-capa-plastica-connect-neon-tilibra\/","url":"https:\/\/mettapapelaria.com.br\/catalogo\/produto\/caderno-com-espiral-capa-plastica-connect-neon-tilibra\/","name":"CADERNO COM ESPIRAL CAPA PL\u00c1STICA CONNECT NEON TILIBRA - Metta Papelaria","isPartOf":{"@id":"https:\/\/mettapapelaria.com.br\/catalogo\/#website"},"primaryImageOfPage":{"@id":"https:\/\/mettapapelaria.com.br\/catalogo\/produto\/caderno-com-espiral-capa-plastica-connect-neon-tilibra\/#primaryimage"},"image":{"@id":"https:\/\/mettapapelaria.com.br\/catalogo\/produto\/caderno-com-espiral-capa-plastica-connect-neon-tilibra\/#primaryimage"},"thumbnailUrl":"https:\/\/mettapapelaria.com.br\/catalogo\/wp-content\/uploads\/2023\/11\/CADERNO-COM-ESPIRAL-CAPA-PLASTICA-CONNECT-NEON-TILIBRA.png","datePublished":"2023-11-08T19:50:56+00:00","dateModified":"2023-12-29T14:13:24+00:00","breadcrumb":{"@id":"https:\/\/mettapapelaria.com.br\/catalogo\/produto\/caderno-com-espiral-capa-plastica-connect-neon-tilibra\/#breadcrumb"},"inLanguage":"pt-BR","potentialAction":[{"@type":"ReadAction","target":["https:\/\/mettapapelaria.com.br\/catalogo\/produto\/caderno-com-espiral-capa-plastica-connect-neon-tilibra\/"]}]},{"@type":"ImageObject","inLanguage":"pt-BR","@id":"https:\/\/mettapapelaria.com.br\/catalogo\/produto\/caderno-com-espiral-capa-plastica-connect-neon-tilibra\/#primaryimage","url":"https:\/\/mettapapelaria.com.br\/catalogo\/wp-content\/uploads\/2023\/11\/CADERNO-COM-ESPIRAL-CAPA-PLASTICA-CONNECT-NEON-TILIBRA.png","contentUrl":"https:\/\/mettapapelaria.com.br\/catalogo\/wp-content\/uploads\/2023\/11\/CADERNO-COM-ESPIRAL-CAPA-PLASTICA-CONNECT-NEON-TILIBRA.png","width":1080,"height":1080,"caption":"CADERNO COM ESPIRAL CAPA PL\u00c1STICA CONNECT NEON TILIBRA"},{"@type":"BreadcrumbList","@id":"https:\/\/mettapapelaria.com.br\/catalogo\/produto\/caderno-com-espiral-capa-plastica-connect-neon-tilibra\/#breadcrumb","itemListElement":[{"@type":"ListItem","position":1,"name":"In\u00edcio","item":"https:\/\/mettapapelaria.com.br\/catalogo\/"},{"@type":"ListItem","position":2,"name":"Shop","item":"https:\/\/mettapapelaria.com.br\/catalogo\/shop\/"},{"@type":"ListItem","position":3,"name":"CADERNO COM ESPIRAL CAPA PL\u00c1STICA CONNECT NEON TILIBRA"}]},{"@type":"WebSite","@id":"https:\/\/mettapapelaria.com.br\/catalogo\/#website","url":"https:\/\/mettapapelaria.com.br\/catalogo\/","name":"Metta Papelaria","description":"Materiais e equipamentos de escrit\u00f3rio, suprimentos para inform\u00e1tica, e uma diversificada linha de material escolar","publisher":{"@id":"https:\/\/mettapapelaria.com.br\/catalogo\/#organization"},"potentialAction":[{"@type":"SearchAction","target":{"@type":"EntryPoint","urlTemplate":"https:\/\/mettapapelaria.com.br\/catalogo\/?s={search_term_string}"},"query-input":{"@type":"PropertyValueSpecification","valueRequired":true,"valueName":"search_term_string"}}],"inLanguage":"pt-BR"},{"@type":"Organization","@id":"https:\/\/mettapapelaria.com.br\/catalogo\/#organization","name":"Metta Papelaria","url":"https:\/\/mettapapelaria.com.br\/catalogo\/","logo":{"@type":"ImageObject","inLanguage":"pt-BR","@id":"https:\/\/mettapapelaria.com.br\/catalogo\/#\/schema\/logo\/image\/","url":"https:\/\/mettapapelaria.com.br\/catalogo\/wp-content\/uploads\/2023\/12\/cropped-favicon-Metta_512-1.png","contentUrl":"https:\/\/mettapapelaria.com.br\/catalogo\/wp-content\/uploads\/2023\/12\/cropped-favicon-Metta_512-1.png","width":512,"height":512,"caption":"Metta Papelaria"},"image":{"@id":"https:\/\/mettapapelaria.com.br\/catalogo\/#\/schema\/logo\/image\/"},"sameAs":["https:\/\/www.facebook.com\/mettapapelaria\/","https:\/\/www.instagram.com\/papelariametta\/"]}]}},"_links":{"self":[{"href":"https:\/\/mettapapelaria.com.br\/catalogo\/wp-json\/wp\/v2\/product\/4268","targetHints":{"allow":["GET"]}}],"collection":[{"href":"https:\/\/mettapapelaria.com.br\/catalogo\/wp-json\/wp\/v2\/product"}],"about":[{"href":"https:\/\/mettapapelaria.com.br\/catalogo\/wp-json\/wp\/v2\/types\/product"}],"replies":[{"embeddable":true,"href":"https:\/\/mettapapelaria.com.br\/catalogo\/wp-json\/wp\/v2\/comments?post=4268"}],"version-history":[{"count":0,"href":"https:\/\/mettapapelaria.com.br\/catalogo\/wp-json\/wp\/v2\/product\/4268\/revisions"}],"wp:featuredmedia":[{"embeddable":true,"href":"https:\/\/mettapapelaria.com.br\/catalogo\/wp-json\/wp\/v2\/media\/4264"}],"wp:attachment":[{"href":"https:\/\/mettapapelaria.com.br\/catalogo\/wp-json\/wp\/v2\/media?parent=4268"}],"wp:term":[{"taxonomy":"brand","embeddable":true,"href":"https:\/\/mettapapelaria.com.br\/catalogo\/wp-json\/wp\/v2\/etheme_brands?post=4268"},{"taxonomy":"product_brand","embeddable":true,"href":"https:\/\/mettapapelaria.com.br\/catalogo\/wp-json\/wp\/v2\/product_brand?post=4268"},{"taxonomy":"product_cat","embeddable":true,"href":"https:\/\/mettapapelaria.com.br\/catalogo\/wp-json\/wp\/v2\/product_cat?post=4268"},{"taxonomy":"product_tag","embeddable":true,"href":"https:\/\/mettapapelaria.com.br\/catalogo\/wp-json\/wp\/v2\/product_tag?post=4268"}],"curies":[{"name":"wp","href":"https:\/\/api.w.org\/{rel}","templated":true}]}}