{"id":4077,"date":"2023-10-26T14:41:37","date_gmt":"2023-10-26T17:41:37","guid":{"rendered":"https:\/\/mettapapelaria.com.br\/catalogo\/produto\/regua-dobravel-nightfall-30cm-maped\/"},"modified":"2023-10-26T14:41:37","modified_gmt":"2023-10-26T17:41:37","slug":"regua-dobravel-nightfall-30cm-maped","status":"publish","type":"product","link":"https:\/\/mettapapelaria.com.br\/catalogo\/produto\/regua-dobravel-nightfall-30cm-maped\/","title":{"rendered":"R\u00c9GUA DOBR\u00c1VEL NIGHTFALL 30CM MAPED"},"content":{"rendered":"<h4><span style=\"font-family: Arial;\">A r\u00e9gua dobr\u00e1vel 2 em 1 junta-se \u00e0 lista de materiais essenciais de volta \u00e0s aulas! Esta r\u00e9gua pr\u00e1tica e inovadora dobra-se ao meio, permite-lhe ter uma r\u00e9gua de 30 cm que pode ser guardada num estojo de l\u00e1pis t\u00e3o facilmente como uma r\u00e9gua de 15 cm! Esta r\u00e9gua transparente graduada em um lado facilitar\u00e1 o desenho de crian\u00e7as em idade escolar. Al\u00e9m de pr\u00e1tica, esta r\u00e9gua de pl\u00e1stico \u00e9 decorada com o tema Nightfull, as decora\u00e7\u00f5es est\u00e3o na moda e v\u00e3o agradar aos adolescentes!<\/span><br \/><\/h4>\n","protected":false},"excerpt":{"rendered":"<p>A r\u00e9gua dobr\u00e1vel 2 em 1 junta-se \u00e0 lista de materiais essenciais de volta \u00e0s aulas! Esta r\u00e9gua pr\u00e1tica e inovadora dobra-se ao meio, permite-lhe&#8230;<\/p>\n","protected":false},"featured_media":4075,"comment_status":"open","ping_status":"closed","template":"","meta":[],"etheme_brands":[],"product_brand":[],"product_cat":[25,16,33],"product_tag":[],"class_list":{"0":"post-4077","1":"product","2":"type-product","3":"status-publish","4":"has-post-thumbnail","6":"product_cat-material","7":"product_cat-material-escolar","8":"product_cat-reguas-esquadros-gabaritos-e-outros","10":"first","11":"instock","12":"sold-individually","13":"shipping-taxable","14":"purchasable","15":"product-type-simple"},"yoast_head":"<!-- This site is optimized with the Yoast SEO plugin v26.9 - https:\/\/yoast.com\/product\/yoast-seo-wordpress\/ -->\n<title>R\u00c9GUA DOBR\u00c1VEL NIGHTFALL 30CM MAPED - Metta Papelaria<\/title>\n<meta name=\"robots\" content=\"index, follow, max-snippet:-1, max-image-preview:large, max-video-preview:-1\" \/>\n<link rel=\"canonical\" href=\"https:\/\/mettapapelaria.com.br\/catalogo\/produto\/regua-dobravel-nightfall-30cm-maped\/\" \/>\n<meta property=\"og:locale\" content=\"pt_BR\" \/>\n<meta property=\"og:type\" content=\"article\" \/>\n<meta property=\"og:title\" content=\"R\u00c9GUA DOBR\u00c1VEL NIGHTFALL 30CM MAPED - Metta Papelaria\" \/>\n<meta property=\"og:description\" content=\"A r\u00e9gua dobr\u00e1vel 2 em 1 junta-se \u00e0 lista de materiais essenciais de volta \u00e0s aulas! Esta r\u00e9gua pr\u00e1tica e inovadora dobra-se ao meio, permite-lhe...\" \/>\n<meta property=\"og:url\" content=\"https:\/\/mettapapelaria.com.br\/catalogo\/produto\/regua-dobravel-nightfall-30cm-maped\/\" \/>\n<meta property=\"og:site_name\" content=\"Metta Papelaria\" \/>\n<meta property=\"article:publisher\" content=\"https:\/\/www.facebook.com\/mettapapelaria\/\" \/>\n<meta property=\"og:image\" content=\"https:\/\/mettapapelaria.com.br\/catalogo\/wp-content\/uploads\/2023\/10\/REGUA-DOBRAVEL-NIGHTFALL-30CM-MAPED-1.png\" \/>\n\t<meta property=\"og:image:width\" content=\"1080\" \/>\n\t<meta property=\"og:image:height\" content=\"1080\" \/>\n\t<meta property=\"og:image:type\" content=\"image\/png\" \/>\n<meta name=\"twitter:card\" content=\"summary_large_image\" \/>\n<script type=\"application\/ld+json\" class=\"yoast-schema-graph\">{\"@context\":\"https:\/\/schema.org\",\"@graph\":[{\"@type\":\"WebPage\",\"@id\":\"https:\/\/mettapapelaria.com.br\/catalogo\/produto\/regua-dobravel-nightfall-30cm-maped\/\",\"url\":\"https:\/\/mettapapelaria.com.br\/catalogo\/produto\/regua-dobravel-nightfall-30cm-maped\/\",\"name\":\"R\u00c9GUA DOBR\u00c1VEL NIGHTFALL 30CM MAPED - Metta Papelaria\",\"isPartOf\":{\"@id\":\"https:\/\/mettapapelaria.com.br\/catalogo\/#website\"},\"primaryImageOfPage\":{\"@id\":\"https:\/\/mettapapelaria.com.br\/catalogo\/produto\/regua-dobravel-nightfall-30cm-maped\/#primaryimage\"},\"image\":{\"@id\":\"https:\/\/mettapapelaria.com.br\/catalogo\/produto\/regua-dobravel-nightfall-30cm-maped\/#primaryimage\"},\"thumbnailUrl\":\"https:\/\/mettapapelaria.com.br\/catalogo\/wp-content\/uploads\/2023\/10\/REGUA-DOBRAVEL-NIGHTFALL-30CM-MAPED-1.png\",\"datePublished\":\"2023-10-26T17:41:37+00:00\",\"breadcrumb\":{\"@id\":\"https:\/\/mettapapelaria.com.br\/catalogo\/produto\/regua-dobravel-nightfall-30cm-maped\/#breadcrumb\"},\"inLanguage\":\"pt-BR\",\"potentialAction\":[{\"@type\":\"ReadAction\",\"target\":[\"https:\/\/mettapapelaria.com.br\/catalogo\/produto\/regua-dobravel-nightfall-30cm-maped\/\"]}]},{\"@type\":\"ImageObject\",\"inLanguage\":\"pt-BR\",\"@id\":\"https:\/\/mettapapelaria.com.br\/catalogo\/produto\/regua-dobravel-nightfall-30cm-maped\/#primaryimage\",\"url\":\"https:\/\/mettapapelaria.com.br\/catalogo\/wp-content\/uploads\/2023\/10\/REGUA-DOBRAVEL-NIGHTFALL-30CM-MAPED-1.png\",\"contentUrl\":\"https:\/\/mettapapelaria.com.br\/catalogo\/wp-content\/uploads\/2023\/10\/REGUA-DOBRAVEL-NIGHTFALL-30CM-MAPED-1.png\",\"width\":1080,\"height\":1080,\"caption\":\"R\u00c9GUA DOBR\u00c1VEL NIGHTFALL 30CM MAPED\"},{\"@type\":\"BreadcrumbList\",\"@id\":\"https:\/\/mettapapelaria.com.br\/catalogo\/produto\/regua-dobravel-nightfall-30cm-maped\/#breadcrumb\",\"itemListElement\":[{\"@type\":\"ListItem\",\"position\":1,\"name\":\"In\u00edcio\",\"item\":\"https:\/\/mettapapelaria.com.br\/catalogo\/\"},{\"@type\":\"ListItem\",\"position\":2,\"name\":\"Shop\",\"item\":\"https:\/\/mettapapelaria.com.br\/catalogo\/shop\/\"},{\"@type\":\"ListItem\",\"position\":3,\"name\":\"R\u00c9GUA DOBR\u00c1VEL NIGHTFALL 30CM MAPED\"}]},{\"@type\":\"WebSite\",\"@id\":\"https:\/\/mettapapelaria.com.br\/catalogo\/#website\",\"url\":\"https:\/\/mettapapelaria.com.br\/catalogo\/\",\"name\":\"Metta Papelaria\",\"description\":\"Materiais e equipamentos de escrit\u00f3rio, suprimentos para inform\u00e1tica, e uma diversificada linha de material escolar\",\"publisher\":{\"@id\":\"https:\/\/mettapapelaria.com.br\/catalogo\/#organization\"},\"potentialAction\":[{\"@type\":\"SearchAction\",\"target\":{\"@type\":\"EntryPoint\",\"urlTemplate\":\"https:\/\/mettapapelaria.com.br\/catalogo\/?s={search_term_string}\"},\"query-input\":{\"@type\":\"PropertyValueSpecification\",\"valueRequired\":true,\"valueName\":\"search_term_string\"}}],\"inLanguage\":\"pt-BR\"},{\"@type\":\"Organization\",\"@id\":\"https:\/\/mettapapelaria.com.br\/catalogo\/#organization\",\"name\":\"Metta Papelaria\",\"url\":\"https:\/\/mettapapelaria.com.br\/catalogo\/\",\"logo\":{\"@type\":\"ImageObject\",\"inLanguage\":\"pt-BR\",\"@id\":\"https:\/\/mettapapelaria.com.br\/catalogo\/#\/schema\/logo\/image\/\",\"url\":\"https:\/\/mettapapelaria.com.br\/catalogo\/wp-content\/uploads\/2023\/12\/cropped-favicon-Metta_512-1.png\",\"contentUrl\":\"https:\/\/mettapapelaria.com.br\/catalogo\/wp-content\/uploads\/2023\/12\/cropped-favicon-Metta_512-1.png\",\"width\":512,\"height\":512,\"caption\":\"Metta Papelaria\"},\"image\":{\"@id\":\"https:\/\/mettapapelaria.com.br\/catalogo\/#\/schema\/logo\/image\/\"},\"sameAs\":[\"https:\/\/www.facebook.com\/mettapapelaria\/\",\"https:\/\/www.instagram.com\/papelariametta\/\"]}]}<\/script>\n<!-- \/ Yoast SEO plugin. -->","yoast_head_json":{"title":"R\u00c9GUA DOBR\u00c1VEL NIGHTFALL 30CM MAPED - Metta Papelaria","robots":{"index":"index","follow":"follow","max-snippet":"max-snippet:-1","max-image-preview":"max-image-preview:large","max-video-preview":"max-video-preview:-1"},"canonical":"https:\/\/mettapapelaria.com.br\/catalogo\/produto\/regua-dobravel-nightfall-30cm-maped\/","og_locale":"pt_BR","og_type":"article","og_title":"R\u00c9GUA DOBR\u00c1VEL NIGHTFALL 30CM MAPED - Metta Papelaria","og_description":"A r\u00e9gua dobr\u00e1vel 2 em 1 junta-se \u00e0 lista de materiais essenciais de volta \u00e0s aulas! Esta r\u00e9gua pr\u00e1tica e inovadora dobra-se ao meio, permite-lhe...","og_url":"https:\/\/mettapapelaria.com.br\/catalogo\/produto\/regua-dobravel-nightfall-30cm-maped\/","og_site_name":"Metta Papelaria","article_publisher":"https:\/\/www.facebook.com\/mettapapelaria\/","og_image":[{"width":1080,"height":1080,"url":"https:\/\/mettapapelaria.com.br\/catalogo\/wp-content\/uploads\/2023\/10\/REGUA-DOBRAVEL-NIGHTFALL-30CM-MAPED-1.png","type":"image\/png"}],"twitter_card":"summary_large_image","schema":{"@context":"https:\/\/schema.org","@graph":[{"@type":"WebPage","@id":"https:\/\/mettapapelaria.com.br\/catalogo\/produto\/regua-dobravel-nightfall-30cm-maped\/","url":"https:\/\/mettapapelaria.com.br\/catalogo\/produto\/regua-dobravel-nightfall-30cm-maped\/","name":"R\u00c9GUA DOBR\u00c1VEL NIGHTFALL 30CM MAPED - Metta Papelaria","isPartOf":{"@id":"https:\/\/mettapapelaria.com.br\/catalogo\/#website"},"primaryImageOfPage":{"@id":"https:\/\/mettapapelaria.com.br\/catalogo\/produto\/regua-dobravel-nightfall-30cm-maped\/#primaryimage"},"image":{"@id":"https:\/\/mettapapelaria.com.br\/catalogo\/produto\/regua-dobravel-nightfall-30cm-maped\/#primaryimage"},"thumbnailUrl":"https:\/\/mettapapelaria.com.br\/catalogo\/wp-content\/uploads\/2023\/10\/REGUA-DOBRAVEL-NIGHTFALL-30CM-MAPED-1.png","datePublished":"2023-10-26T17:41:37+00:00","breadcrumb":{"@id":"https:\/\/mettapapelaria.com.br\/catalogo\/produto\/regua-dobravel-nightfall-30cm-maped\/#breadcrumb"},"inLanguage":"pt-BR","potentialAction":[{"@type":"ReadAction","target":["https:\/\/mettapapelaria.com.br\/catalogo\/produto\/regua-dobravel-nightfall-30cm-maped\/"]}]},{"@type":"ImageObject","inLanguage":"pt-BR","@id":"https:\/\/mettapapelaria.com.br\/catalogo\/produto\/regua-dobravel-nightfall-30cm-maped\/#primaryimage","url":"https:\/\/mettapapelaria.com.br\/catalogo\/wp-content\/uploads\/2023\/10\/REGUA-DOBRAVEL-NIGHTFALL-30CM-MAPED-1.png","contentUrl":"https:\/\/mettapapelaria.com.br\/catalogo\/wp-content\/uploads\/2023\/10\/REGUA-DOBRAVEL-NIGHTFALL-30CM-MAPED-1.png","width":1080,"height":1080,"caption":"R\u00c9GUA DOBR\u00c1VEL NIGHTFALL 30CM MAPED"},{"@type":"BreadcrumbList","@id":"https:\/\/mettapapelaria.com.br\/catalogo\/produto\/regua-dobravel-nightfall-30cm-maped\/#breadcrumb","itemListElement":[{"@type":"ListItem","position":1,"name":"In\u00edcio","item":"https:\/\/mettapapelaria.com.br\/catalogo\/"},{"@type":"ListItem","position":2,"name":"Shop","item":"https:\/\/mettapapelaria.com.br\/catalogo\/shop\/"},{"@type":"ListItem","position":3,"name":"R\u00c9GUA DOBR\u00c1VEL NIGHTFALL 30CM MAPED"}]},{"@type":"WebSite","@id":"https:\/\/mettapapelaria.com.br\/catalogo\/#website","url":"https:\/\/mettapapelaria.com.br\/catalogo\/","name":"Metta Papelaria","description":"Materiais e equipamentos de escrit\u00f3rio, suprimentos para inform\u00e1tica, e uma diversificada linha de material escolar","publisher":{"@id":"https:\/\/mettapapelaria.com.br\/catalogo\/#organization"},"potentialAction":[{"@type":"SearchAction","target":{"@type":"EntryPoint","urlTemplate":"https:\/\/mettapapelaria.com.br\/catalogo\/?s={search_term_string}"},"query-input":{"@type":"PropertyValueSpecification","valueRequired":true,"valueName":"search_term_string"}}],"inLanguage":"pt-BR"},{"@type":"Organization","@id":"https:\/\/mettapapelaria.com.br\/catalogo\/#organization","name":"Metta Papelaria","url":"https:\/\/mettapapelaria.com.br\/catalogo\/","logo":{"@type":"ImageObject","inLanguage":"pt-BR","@id":"https:\/\/mettapapelaria.com.br\/catalogo\/#\/schema\/logo\/image\/","url":"https:\/\/mettapapelaria.com.br\/catalogo\/wp-content\/uploads\/2023\/12\/cropped-favicon-Metta_512-1.png","contentUrl":"https:\/\/mettapapelaria.com.br\/catalogo\/wp-content\/uploads\/2023\/12\/cropped-favicon-Metta_512-1.png","width":512,"height":512,"caption":"Metta Papelaria"},"image":{"@id":"https:\/\/mettapapelaria.com.br\/catalogo\/#\/schema\/logo\/image\/"},"sameAs":["https:\/\/www.facebook.com\/mettapapelaria\/","https:\/\/www.instagram.com\/papelariametta\/"]}]}},"_links":{"self":[{"href":"https:\/\/mettapapelaria.com.br\/catalogo\/wp-json\/wp\/v2\/product\/4077","targetHints":{"allow":["GET"]}}],"collection":[{"href":"https:\/\/mettapapelaria.com.br\/catalogo\/wp-json\/wp\/v2\/product"}],"about":[{"href":"https:\/\/mettapapelaria.com.br\/catalogo\/wp-json\/wp\/v2\/types\/product"}],"replies":[{"embeddable":true,"href":"https:\/\/mettapapelaria.com.br\/catalogo\/wp-json\/wp\/v2\/comments?post=4077"}],"version-history":[{"count":0,"href":"https:\/\/mettapapelaria.com.br\/catalogo\/wp-json\/wp\/v2\/product\/4077\/revisions"}],"wp:featuredmedia":[{"embeddable":true,"href":"https:\/\/mettapapelaria.com.br\/catalogo\/wp-json\/wp\/v2\/media\/4075"}],"wp:attachment":[{"href":"https:\/\/mettapapelaria.com.br\/catalogo\/wp-json\/wp\/v2\/media?parent=4077"}],"wp:term":[{"taxonomy":"brand","embeddable":true,"href":"https:\/\/mettapapelaria.com.br\/catalogo\/wp-json\/wp\/v2\/etheme_brands?post=4077"},{"taxonomy":"product_brand","embeddable":true,"href":"https:\/\/mettapapelaria.com.br\/catalogo\/wp-json\/wp\/v2\/product_brand?post=4077"},{"taxonomy":"product_cat","embeddable":true,"href":"https:\/\/mettapapelaria.com.br\/catalogo\/wp-json\/wp\/v2\/product_cat?post=4077"},{"taxonomy":"product_tag","embeddable":true,"href":"https:\/\/mettapapelaria.com.br\/catalogo\/wp-json\/wp\/v2\/product_tag?post=4077"}],"curies":[{"name":"wp","href":"https:\/\/api.w.org\/{rel}","templated":true}]}}