{"id":4045,"date":"2023-10-25T17:31:09","date_gmt":"2023-10-25T20:31:09","guid":{"rendered":"https:\/\/mettapapelaria.com.br\/catalogo\/produto\/garrafa-termica-picnik-maped\/"},"modified":"2023-10-25T17:31:09","modified_gmt":"2023-10-25T20:31:09","slug":"garrafa-termica-picnik-maped","status":"publish","type":"product","link":"https:\/\/mettapapelaria.com.br\/catalogo\/produto\/garrafa-termica-picnik-maped\/","title":{"rendered":"GARRAFA T\u00c9RMICA PICNIK MAPED"},"content":{"rendered":"<h4><span style=\"font-family: Arial;\"><span style=\"color: inherit;\">Linha Concept Kids Maped. Garrafas de a\u00e7o inoxid\u00e1vel, abertura f\u00e1cil e r\u00e1pida com bot\u00e3o f\u00e1cil de abrir com apenas uma m\u00e3o. \u00c0 prova de vazamento. F\u00e1cil de limpar,&nbsp;<\/span><span style=\"color: inherit;\">tampa da garrafa pode ir \u00e0 m\u00e1quina de lavar lou\u00e7a e o bocal possui abertura ampla para que voc\u00ea possa lavar o interior da garrafa facilmente com uma esponja.<\/span><\/span><\/h4>\n<h4>\n<ul>\n<li><span style=\"font-family: Arial;\">Capacidade: 430ml<\/span><\/li>\n<li><span style=\"font-family: Arial;\">Composi\u00e7\u00e3o: A\u00e7o inoxid\u00e1vel<\/span><\/li>\n<li><span style=\"font-family: Arial;\">A garrafa mant\u00e9m a temperatura da bebida!<\/span><\/li>\n<li><span style=\"font-family: Arial;\">A garrafa perfeita para voc\u00ea levar a escola, faculdade, passeio ou at\u00e9 mesmo se refrescar em casa!<\/span><\/li>\n<\/ul>\n<\/h4>\n<h4><span style=\"color: inherit; font-family: inherit;\"><\/span><br \/><\/h4>\n","protected":false},"excerpt":{"rendered":"<p>Linha Concept Kids Maped. Garrafas de a\u00e7o inoxid\u00e1vel, abertura f\u00e1cil e r\u00e1pida com bot\u00e3o f\u00e1cil de abrir com apenas uma m\u00e3o. \u00c0 prova de vazamento&#8230;.<\/p>\n","protected":false},"featured_media":4043,"comment_status":"open","ping_status":"closed","template":"","meta":[],"etheme_brands":[],"product_brand":[],"product_cat":[43,143,144,16],"product_tag":[],"class_list":{"0":"post-4045","1":"product","2":"type-product","3":"status-publish","4":"has-post-thumbnail","6":"product_cat-bazar-artesanato","7":"product_cat-garrafas","8":"product_cat-garrafass","9":"product_cat-material-escolar","11":"first","12":"instock","13":"sold-individually","14":"shipping-taxable","15":"purchasable","16":"product-type-simple"},"yoast_head":"<!-- This site is optimized with the Yoast SEO plugin v26.9 - https:\/\/yoast.com\/product\/yoast-seo-wordpress\/ -->\n<title>GARRAFA T\u00c9RMICA PICNIK MAPED - Metta Papelaria<\/title>\n<meta name=\"robots\" content=\"index, follow, max-snippet:-1, max-image-preview:large, max-video-preview:-1\" \/>\n<link rel=\"canonical\" href=\"https:\/\/mettapapelaria.com.br\/catalogo\/produto\/garrafa-termica-picnik-maped\/\" \/>\n<meta property=\"og:locale\" content=\"pt_BR\" \/>\n<meta property=\"og:type\" content=\"article\" \/>\n<meta property=\"og:title\" content=\"GARRAFA T\u00c9RMICA PICNIK MAPED - Metta Papelaria\" \/>\n<meta property=\"og:description\" content=\"Linha Concept Kids Maped. Garrafas de a\u00e7o inoxid\u00e1vel, abertura f\u00e1cil e r\u00e1pida com bot\u00e3o f\u00e1cil de abrir com apenas uma m\u00e3o. \u00c0 prova de vazamento....\" \/>\n<meta property=\"og:url\" content=\"https:\/\/mettapapelaria.com.br\/catalogo\/produto\/garrafa-termica-picnik-maped\/\" \/>\n<meta property=\"og:site_name\" content=\"Metta Papelaria\" \/>\n<meta property=\"article:publisher\" content=\"https:\/\/www.facebook.com\/mettapapelaria\/\" \/>\n<meta property=\"og:image\" content=\"https:\/\/mettapapelaria.com.br\/catalogo\/wp-content\/uploads\/2023\/10\/GARRAFA-TERMICA-PICNIK-MAPED.png\" \/>\n\t<meta property=\"og:image:width\" content=\"1080\" \/>\n\t<meta property=\"og:image:height\" content=\"1080\" \/>\n\t<meta property=\"og:image:type\" content=\"image\/png\" \/>\n<meta name=\"twitter:card\" content=\"summary_large_image\" \/>\n<script type=\"application\/ld+json\" class=\"yoast-schema-graph\">{\"@context\":\"https:\/\/schema.org\",\"@graph\":[{\"@type\":\"WebPage\",\"@id\":\"https:\/\/mettapapelaria.com.br\/catalogo\/produto\/garrafa-termica-picnik-maped\/\",\"url\":\"https:\/\/mettapapelaria.com.br\/catalogo\/produto\/garrafa-termica-picnik-maped\/\",\"name\":\"GARRAFA T\u00c9RMICA PICNIK MAPED - Metta Papelaria\",\"isPartOf\":{\"@id\":\"https:\/\/mettapapelaria.com.br\/catalogo\/#website\"},\"primaryImageOfPage\":{\"@id\":\"https:\/\/mettapapelaria.com.br\/catalogo\/produto\/garrafa-termica-picnik-maped\/#primaryimage\"},\"image\":{\"@id\":\"https:\/\/mettapapelaria.com.br\/catalogo\/produto\/garrafa-termica-picnik-maped\/#primaryimage\"},\"thumbnailUrl\":\"https:\/\/mettapapelaria.com.br\/catalogo\/wp-content\/uploads\/2023\/10\/GARRAFA-TERMICA-PICNIK-MAPED.png\",\"datePublished\":\"2023-10-25T20:31:09+00:00\",\"breadcrumb\":{\"@id\":\"https:\/\/mettapapelaria.com.br\/catalogo\/produto\/garrafa-termica-picnik-maped\/#breadcrumb\"},\"inLanguage\":\"pt-BR\",\"potentialAction\":[{\"@type\":\"ReadAction\",\"target\":[\"https:\/\/mettapapelaria.com.br\/catalogo\/produto\/garrafa-termica-picnik-maped\/\"]}]},{\"@type\":\"ImageObject\",\"inLanguage\":\"pt-BR\",\"@id\":\"https:\/\/mettapapelaria.com.br\/catalogo\/produto\/garrafa-termica-picnik-maped\/#primaryimage\",\"url\":\"https:\/\/mettapapelaria.com.br\/catalogo\/wp-content\/uploads\/2023\/10\/GARRAFA-TERMICA-PICNIK-MAPED.png\",\"contentUrl\":\"https:\/\/mettapapelaria.com.br\/catalogo\/wp-content\/uploads\/2023\/10\/GARRAFA-TERMICA-PICNIK-MAPED.png\",\"width\":1080,\"height\":1080,\"caption\":\"GARRAFA T\u00c9RMICA PICNIK MAPED\"},{\"@type\":\"BreadcrumbList\",\"@id\":\"https:\/\/mettapapelaria.com.br\/catalogo\/produto\/garrafa-termica-picnik-maped\/#breadcrumb\",\"itemListElement\":[{\"@type\":\"ListItem\",\"position\":1,\"name\":\"In\u00edcio\",\"item\":\"https:\/\/mettapapelaria.com.br\/catalogo\/\"},{\"@type\":\"ListItem\",\"position\":2,\"name\":\"Shop\",\"item\":\"https:\/\/mettapapelaria.com.br\/catalogo\/shop\/\"},{\"@type\":\"ListItem\",\"position\":3,\"name\":\"GARRAFA T\u00c9RMICA PICNIK MAPED\"}]},{\"@type\":\"WebSite\",\"@id\":\"https:\/\/mettapapelaria.com.br\/catalogo\/#website\",\"url\":\"https:\/\/mettapapelaria.com.br\/catalogo\/\",\"name\":\"Metta Papelaria\",\"description\":\"Materiais e equipamentos de escrit\u00f3rio, suprimentos para inform\u00e1tica, e uma diversificada linha de material escolar\",\"publisher\":{\"@id\":\"https:\/\/mettapapelaria.com.br\/catalogo\/#organization\"},\"potentialAction\":[{\"@type\":\"SearchAction\",\"target\":{\"@type\":\"EntryPoint\",\"urlTemplate\":\"https:\/\/mettapapelaria.com.br\/catalogo\/?s={search_term_string}\"},\"query-input\":{\"@type\":\"PropertyValueSpecification\",\"valueRequired\":true,\"valueName\":\"search_term_string\"}}],\"inLanguage\":\"pt-BR\"},{\"@type\":\"Organization\",\"@id\":\"https:\/\/mettapapelaria.com.br\/catalogo\/#organization\",\"name\":\"Metta Papelaria\",\"url\":\"https:\/\/mettapapelaria.com.br\/catalogo\/\",\"logo\":{\"@type\":\"ImageObject\",\"inLanguage\":\"pt-BR\",\"@id\":\"https:\/\/mettapapelaria.com.br\/catalogo\/#\/schema\/logo\/image\/\",\"url\":\"https:\/\/mettapapelaria.com.br\/catalogo\/wp-content\/uploads\/2023\/12\/cropped-favicon-Metta_512-1.png\",\"contentUrl\":\"https:\/\/mettapapelaria.com.br\/catalogo\/wp-content\/uploads\/2023\/12\/cropped-favicon-Metta_512-1.png\",\"width\":512,\"height\":512,\"caption\":\"Metta Papelaria\"},\"image\":{\"@id\":\"https:\/\/mettapapelaria.com.br\/catalogo\/#\/schema\/logo\/image\/\"},\"sameAs\":[\"https:\/\/www.facebook.com\/mettapapelaria\/\",\"https:\/\/www.instagram.com\/papelariametta\/\"]}]}<\/script>\n<!-- \/ Yoast SEO plugin. -->","yoast_head_json":{"title":"GARRAFA T\u00c9RMICA PICNIK MAPED - Metta Papelaria","robots":{"index":"index","follow":"follow","max-snippet":"max-snippet:-1","max-image-preview":"max-image-preview:large","max-video-preview":"max-video-preview:-1"},"canonical":"https:\/\/mettapapelaria.com.br\/catalogo\/produto\/garrafa-termica-picnik-maped\/","og_locale":"pt_BR","og_type":"article","og_title":"GARRAFA T\u00c9RMICA PICNIK MAPED - Metta Papelaria","og_description":"Linha Concept Kids Maped. Garrafas de a\u00e7o inoxid\u00e1vel, abertura f\u00e1cil e r\u00e1pida com bot\u00e3o f\u00e1cil de abrir com apenas uma m\u00e3o. \u00c0 prova de vazamento....","og_url":"https:\/\/mettapapelaria.com.br\/catalogo\/produto\/garrafa-termica-picnik-maped\/","og_site_name":"Metta Papelaria","article_publisher":"https:\/\/www.facebook.com\/mettapapelaria\/","og_image":[{"width":1080,"height":1080,"url":"https:\/\/mettapapelaria.com.br\/catalogo\/wp-content\/uploads\/2023\/10\/GARRAFA-TERMICA-PICNIK-MAPED.png","type":"image\/png"}],"twitter_card":"summary_large_image","schema":{"@context":"https:\/\/schema.org","@graph":[{"@type":"WebPage","@id":"https:\/\/mettapapelaria.com.br\/catalogo\/produto\/garrafa-termica-picnik-maped\/","url":"https:\/\/mettapapelaria.com.br\/catalogo\/produto\/garrafa-termica-picnik-maped\/","name":"GARRAFA T\u00c9RMICA PICNIK MAPED - Metta Papelaria","isPartOf":{"@id":"https:\/\/mettapapelaria.com.br\/catalogo\/#website"},"primaryImageOfPage":{"@id":"https:\/\/mettapapelaria.com.br\/catalogo\/produto\/garrafa-termica-picnik-maped\/#primaryimage"},"image":{"@id":"https:\/\/mettapapelaria.com.br\/catalogo\/produto\/garrafa-termica-picnik-maped\/#primaryimage"},"thumbnailUrl":"https:\/\/mettapapelaria.com.br\/catalogo\/wp-content\/uploads\/2023\/10\/GARRAFA-TERMICA-PICNIK-MAPED.png","datePublished":"2023-10-25T20:31:09+00:00","breadcrumb":{"@id":"https:\/\/mettapapelaria.com.br\/catalogo\/produto\/garrafa-termica-picnik-maped\/#breadcrumb"},"inLanguage":"pt-BR","potentialAction":[{"@type":"ReadAction","target":["https:\/\/mettapapelaria.com.br\/catalogo\/produto\/garrafa-termica-picnik-maped\/"]}]},{"@type":"ImageObject","inLanguage":"pt-BR","@id":"https:\/\/mettapapelaria.com.br\/catalogo\/produto\/garrafa-termica-picnik-maped\/#primaryimage","url":"https:\/\/mettapapelaria.com.br\/catalogo\/wp-content\/uploads\/2023\/10\/GARRAFA-TERMICA-PICNIK-MAPED.png","contentUrl":"https:\/\/mettapapelaria.com.br\/catalogo\/wp-content\/uploads\/2023\/10\/GARRAFA-TERMICA-PICNIK-MAPED.png","width":1080,"height":1080,"caption":"GARRAFA T\u00c9RMICA PICNIK MAPED"},{"@type":"BreadcrumbList","@id":"https:\/\/mettapapelaria.com.br\/catalogo\/produto\/garrafa-termica-picnik-maped\/#breadcrumb","itemListElement":[{"@type":"ListItem","position":1,"name":"In\u00edcio","item":"https:\/\/mettapapelaria.com.br\/catalogo\/"},{"@type":"ListItem","position":2,"name":"Shop","item":"https:\/\/mettapapelaria.com.br\/catalogo\/shop\/"},{"@type":"ListItem","position":3,"name":"GARRAFA T\u00c9RMICA PICNIK MAPED"}]},{"@type":"WebSite","@id":"https:\/\/mettapapelaria.com.br\/catalogo\/#website","url":"https:\/\/mettapapelaria.com.br\/catalogo\/","name":"Metta Papelaria","description":"Materiais e equipamentos de escrit\u00f3rio, suprimentos para inform\u00e1tica, e uma diversificada linha de material escolar","publisher":{"@id":"https:\/\/mettapapelaria.com.br\/catalogo\/#organization"},"potentialAction":[{"@type":"SearchAction","target":{"@type":"EntryPoint","urlTemplate":"https:\/\/mettapapelaria.com.br\/catalogo\/?s={search_term_string}"},"query-input":{"@type":"PropertyValueSpecification","valueRequired":true,"valueName":"search_term_string"}}],"inLanguage":"pt-BR"},{"@type":"Organization","@id":"https:\/\/mettapapelaria.com.br\/catalogo\/#organization","name":"Metta Papelaria","url":"https:\/\/mettapapelaria.com.br\/catalogo\/","logo":{"@type":"ImageObject","inLanguage":"pt-BR","@id":"https:\/\/mettapapelaria.com.br\/catalogo\/#\/schema\/logo\/image\/","url":"https:\/\/mettapapelaria.com.br\/catalogo\/wp-content\/uploads\/2023\/12\/cropped-favicon-Metta_512-1.png","contentUrl":"https:\/\/mettapapelaria.com.br\/catalogo\/wp-content\/uploads\/2023\/12\/cropped-favicon-Metta_512-1.png","width":512,"height":512,"caption":"Metta Papelaria"},"image":{"@id":"https:\/\/mettapapelaria.com.br\/catalogo\/#\/schema\/logo\/image\/"},"sameAs":["https:\/\/www.facebook.com\/mettapapelaria\/","https:\/\/www.instagram.com\/papelariametta\/"]}]}},"_links":{"self":[{"href":"https:\/\/mettapapelaria.com.br\/catalogo\/wp-json\/wp\/v2\/product\/4045","targetHints":{"allow":["GET"]}}],"collection":[{"href":"https:\/\/mettapapelaria.com.br\/catalogo\/wp-json\/wp\/v2\/product"}],"about":[{"href":"https:\/\/mettapapelaria.com.br\/catalogo\/wp-json\/wp\/v2\/types\/product"}],"replies":[{"embeddable":true,"href":"https:\/\/mettapapelaria.com.br\/catalogo\/wp-json\/wp\/v2\/comments?post=4045"}],"version-history":[{"count":0,"href":"https:\/\/mettapapelaria.com.br\/catalogo\/wp-json\/wp\/v2\/product\/4045\/revisions"}],"wp:featuredmedia":[{"embeddable":true,"href":"https:\/\/mettapapelaria.com.br\/catalogo\/wp-json\/wp\/v2\/media\/4043"}],"wp:attachment":[{"href":"https:\/\/mettapapelaria.com.br\/catalogo\/wp-json\/wp\/v2\/media?parent=4045"}],"wp:term":[{"taxonomy":"brand","embeddable":true,"href":"https:\/\/mettapapelaria.com.br\/catalogo\/wp-json\/wp\/v2\/etheme_brands?post=4045"},{"taxonomy":"product_brand","embeddable":true,"href":"https:\/\/mettapapelaria.com.br\/catalogo\/wp-json\/wp\/v2\/product_brand?post=4045"},{"taxonomy":"product_cat","embeddable":true,"href":"https:\/\/mettapapelaria.com.br\/catalogo\/wp-json\/wp\/v2\/product_cat?post=4045"},{"taxonomy":"product_tag","embeddable":true,"href":"https:\/\/mettapapelaria.com.br\/catalogo\/wp-json\/wp\/v2\/product_tag?post=4045"}],"curies":[{"name":"wp","href":"https:\/\/api.w.org\/{rel}","templated":true}]}}