{"id":4012,"date":"2023-10-25T14:28:57","date_gmt":"2023-10-25T17:28:57","guid":{"rendered":"https:\/\/mettapapelaria.com.br\/catalogo\/produto\/mini-marca-texto-fluo-peps-friends-maped\/"},"modified":"2023-10-25T14:28:57","modified_gmt":"2023-10-25T17:28:57","slug":"mini-marca-texto-fluo-peps-friends-maped","status":"publish","type":"product","link":"https:\/\/mettapapelaria.com.br\/catalogo\/produto\/mini-marca-texto-fluo-peps-friends-maped\/","title":{"rendered":"MINI MARCA TEXTO FLUO PEPS FRIENDS MAPED"},"content":{"rendered":"<h4><span style=\"font-family: Arial;\">Voc\u00ea vai adorar os marcadores de Mini Friends com seu design kawaii na forma de animais fofos. Pr\u00e1ticos, divertidos e bonitos, s\u00e3o un\u00e2nimes. Seu mini formato \u00e9 funcional. Eles cabem em qualquer lugar, no bolso, no estojo ou na mesa. Eles ficam de p\u00e9. Jogue e organize-os como quiser. Os 4 marcadores de Mini Friends s\u00e3o lindos e coloridos. As tampas s\u00e3o intercambi\u00e1veis, o suficiente para criar hist\u00f3rias e personagens engra\u00e7ados. Seu pequeno tamanho de 7 cm tamb\u00e9m permite que crian\u00e7as pequenas os usem facilmente. A tinta fluorescente \u00e9 perfeita: Tintas fluorescentes luminosas de qualidade Maped, que n\u00e3o penetram nem rasgam o papel. A tinta fluorescente \u00e9 resistente a fotoc\u00f3pias e tamb\u00e9m a faxes. Pode ser deixado aberto por 4 horas sem secar. A tinta \u00e9 \u00e0 base de \u00e1gua. Ponta de cinzel. A espessura da linha varia entre 1, 2 e 5 mm, dependendo do posicionamento do iluminador. Sua bolsa \u00e9 feita de papel\u00e3o recicl\u00e1vel.<\/span><\/h4>\n","protected":false},"excerpt":{"rendered":"<p>Voc\u00ea vai adorar os marcadores de Mini Friends com seu design kawaii na forma de animais fofos. Pr\u00e1ticos, divertidos e bonitos, s\u00e3o un\u00e2nimes. Seu mini&#8230;<\/p>\n","protected":false},"featured_media":4007,"comment_status":"open","ping_status":"closed","template":"","meta":[],"etheme_brands":[],"product_brand":[],"product_cat":[76,25,16],"product_tag":[],"class_list":{"0":"post-4012","1":"product","2":"type-product","3":"status-publish","4":"has-post-thumbnail","6":"product_cat-marca-texto","7":"product_cat-material","8":"product_cat-material-escolar","10":"first","11":"instock","12":"sold-individually","13":"shipping-taxable","14":"purchasable","15":"product-type-simple"},"yoast_head":"<!-- This site is optimized with the Yoast SEO plugin v26.9 - https:\/\/yoast.com\/product\/yoast-seo-wordpress\/ -->\n<title>MINI MARCA TEXTO FLUO PEPS FRIENDS MAPED - Metta Papelaria<\/title>\n<meta name=\"robots\" content=\"index, follow, max-snippet:-1, max-image-preview:large, max-video-preview:-1\" \/>\n<link rel=\"canonical\" href=\"https:\/\/mettapapelaria.com.br\/catalogo\/produto\/mini-marca-texto-fluo-peps-friends-maped\/\" \/>\n<meta property=\"og:locale\" content=\"pt_BR\" \/>\n<meta property=\"og:type\" content=\"article\" \/>\n<meta property=\"og:title\" content=\"MINI MARCA TEXTO FLUO PEPS FRIENDS MAPED - Metta Papelaria\" \/>\n<meta property=\"og:description\" content=\"Voc\u00ea vai adorar os marcadores de Mini Friends com seu design kawaii na forma de animais fofos. Pr\u00e1ticos, divertidos e bonitos, s\u00e3o un\u00e2nimes. Seu mini...\" \/>\n<meta property=\"og:url\" content=\"https:\/\/mettapapelaria.com.br\/catalogo\/produto\/mini-marca-texto-fluo-peps-friends-maped\/\" \/>\n<meta property=\"og:site_name\" content=\"Metta Papelaria\" \/>\n<meta property=\"article:publisher\" content=\"https:\/\/www.facebook.com\/mettapapelaria\/\" \/>\n<meta property=\"og:image\" content=\"https:\/\/mettapapelaria.com.br\/catalogo\/wp-content\/uploads\/2023\/10\/MINI-MARCA-TEXTO-FLUO-PEPS-FRIENDS-MAPED.png\" \/>\n\t<meta property=\"og:image:width\" content=\"1080\" \/>\n\t<meta property=\"og:image:height\" content=\"1080\" \/>\n\t<meta property=\"og:image:type\" content=\"image\/png\" \/>\n<meta name=\"twitter:card\" content=\"summary_large_image\" \/>\n<meta name=\"twitter:label1\" content=\"Est. tempo de leitura\" \/>\n\t<meta name=\"twitter:data1\" content=\"1 minuto\" \/>\n<script type=\"application\/ld+json\" class=\"yoast-schema-graph\">{\"@context\":\"https:\/\/schema.org\",\"@graph\":[{\"@type\":\"WebPage\",\"@id\":\"https:\/\/mettapapelaria.com.br\/catalogo\/produto\/mini-marca-texto-fluo-peps-friends-maped\/\",\"url\":\"https:\/\/mettapapelaria.com.br\/catalogo\/produto\/mini-marca-texto-fluo-peps-friends-maped\/\",\"name\":\"MINI MARCA TEXTO FLUO PEPS FRIENDS MAPED - Metta Papelaria\",\"isPartOf\":{\"@id\":\"https:\/\/mettapapelaria.com.br\/catalogo\/#website\"},\"primaryImageOfPage\":{\"@id\":\"https:\/\/mettapapelaria.com.br\/catalogo\/produto\/mini-marca-texto-fluo-peps-friends-maped\/#primaryimage\"},\"image\":{\"@id\":\"https:\/\/mettapapelaria.com.br\/catalogo\/produto\/mini-marca-texto-fluo-peps-friends-maped\/#primaryimage\"},\"thumbnailUrl\":\"https:\/\/mettapapelaria.com.br\/catalogo\/wp-content\/uploads\/2023\/10\/MINI-MARCA-TEXTO-FLUO-PEPS-FRIENDS-MAPED.png\",\"datePublished\":\"2023-10-25T17:28:57+00:00\",\"breadcrumb\":{\"@id\":\"https:\/\/mettapapelaria.com.br\/catalogo\/produto\/mini-marca-texto-fluo-peps-friends-maped\/#breadcrumb\"},\"inLanguage\":\"pt-BR\",\"potentialAction\":[{\"@type\":\"ReadAction\",\"target\":[\"https:\/\/mettapapelaria.com.br\/catalogo\/produto\/mini-marca-texto-fluo-peps-friends-maped\/\"]}]},{\"@type\":\"ImageObject\",\"inLanguage\":\"pt-BR\",\"@id\":\"https:\/\/mettapapelaria.com.br\/catalogo\/produto\/mini-marca-texto-fluo-peps-friends-maped\/#primaryimage\",\"url\":\"https:\/\/mettapapelaria.com.br\/catalogo\/wp-content\/uploads\/2023\/10\/MINI-MARCA-TEXTO-FLUO-PEPS-FRIENDS-MAPED.png\",\"contentUrl\":\"https:\/\/mettapapelaria.com.br\/catalogo\/wp-content\/uploads\/2023\/10\/MINI-MARCA-TEXTO-FLUO-PEPS-FRIENDS-MAPED.png\",\"width\":1080,\"height\":1080,\"caption\":\"MINI MARCA TEXTO FLUO PEPS FRIENDS MAPED\"},{\"@type\":\"BreadcrumbList\",\"@id\":\"https:\/\/mettapapelaria.com.br\/catalogo\/produto\/mini-marca-texto-fluo-peps-friends-maped\/#breadcrumb\",\"itemListElement\":[{\"@type\":\"ListItem\",\"position\":1,\"name\":\"In\u00edcio\",\"item\":\"https:\/\/mettapapelaria.com.br\/catalogo\/\"},{\"@type\":\"ListItem\",\"position\":2,\"name\":\"Shop\",\"item\":\"https:\/\/mettapapelaria.com.br\/catalogo\/shop\/\"},{\"@type\":\"ListItem\",\"position\":3,\"name\":\"MINI MARCA TEXTO FLUO PEPS FRIENDS MAPED\"}]},{\"@type\":\"WebSite\",\"@id\":\"https:\/\/mettapapelaria.com.br\/catalogo\/#website\",\"url\":\"https:\/\/mettapapelaria.com.br\/catalogo\/\",\"name\":\"Metta Papelaria\",\"description\":\"Materiais e equipamentos de escrit\u00f3rio, suprimentos para inform\u00e1tica, e uma diversificada linha de material escolar\",\"publisher\":{\"@id\":\"https:\/\/mettapapelaria.com.br\/catalogo\/#organization\"},\"potentialAction\":[{\"@type\":\"SearchAction\",\"target\":{\"@type\":\"EntryPoint\",\"urlTemplate\":\"https:\/\/mettapapelaria.com.br\/catalogo\/?s={search_term_string}\"},\"query-input\":{\"@type\":\"PropertyValueSpecification\",\"valueRequired\":true,\"valueName\":\"search_term_string\"}}],\"inLanguage\":\"pt-BR\"},{\"@type\":\"Organization\",\"@id\":\"https:\/\/mettapapelaria.com.br\/catalogo\/#organization\",\"name\":\"Metta Papelaria\",\"url\":\"https:\/\/mettapapelaria.com.br\/catalogo\/\",\"logo\":{\"@type\":\"ImageObject\",\"inLanguage\":\"pt-BR\",\"@id\":\"https:\/\/mettapapelaria.com.br\/catalogo\/#\/schema\/logo\/image\/\",\"url\":\"https:\/\/mettapapelaria.com.br\/catalogo\/wp-content\/uploads\/2023\/12\/cropped-favicon-Metta_512-1.png\",\"contentUrl\":\"https:\/\/mettapapelaria.com.br\/catalogo\/wp-content\/uploads\/2023\/12\/cropped-favicon-Metta_512-1.png\",\"width\":512,\"height\":512,\"caption\":\"Metta Papelaria\"},\"image\":{\"@id\":\"https:\/\/mettapapelaria.com.br\/catalogo\/#\/schema\/logo\/image\/\"},\"sameAs\":[\"https:\/\/www.facebook.com\/mettapapelaria\/\",\"https:\/\/www.instagram.com\/papelariametta\/\"]}]}<\/script>\n<!-- \/ Yoast SEO plugin. -->","yoast_head_json":{"title":"MINI MARCA TEXTO FLUO PEPS FRIENDS MAPED - Metta Papelaria","robots":{"index":"index","follow":"follow","max-snippet":"max-snippet:-1","max-image-preview":"max-image-preview:large","max-video-preview":"max-video-preview:-1"},"canonical":"https:\/\/mettapapelaria.com.br\/catalogo\/produto\/mini-marca-texto-fluo-peps-friends-maped\/","og_locale":"pt_BR","og_type":"article","og_title":"MINI MARCA TEXTO FLUO PEPS FRIENDS MAPED - Metta Papelaria","og_description":"Voc\u00ea vai adorar os marcadores de Mini Friends com seu design kawaii na forma de animais fofos. Pr\u00e1ticos, divertidos e bonitos, s\u00e3o un\u00e2nimes. Seu mini...","og_url":"https:\/\/mettapapelaria.com.br\/catalogo\/produto\/mini-marca-texto-fluo-peps-friends-maped\/","og_site_name":"Metta Papelaria","article_publisher":"https:\/\/www.facebook.com\/mettapapelaria\/","og_image":[{"width":1080,"height":1080,"url":"https:\/\/mettapapelaria.com.br\/catalogo\/wp-content\/uploads\/2023\/10\/MINI-MARCA-TEXTO-FLUO-PEPS-FRIENDS-MAPED.png","type":"image\/png"}],"twitter_card":"summary_large_image","twitter_misc":{"Est. tempo de leitura":"1 minuto"},"schema":{"@context":"https:\/\/schema.org","@graph":[{"@type":"WebPage","@id":"https:\/\/mettapapelaria.com.br\/catalogo\/produto\/mini-marca-texto-fluo-peps-friends-maped\/","url":"https:\/\/mettapapelaria.com.br\/catalogo\/produto\/mini-marca-texto-fluo-peps-friends-maped\/","name":"MINI MARCA TEXTO FLUO PEPS FRIENDS MAPED - Metta Papelaria","isPartOf":{"@id":"https:\/\/mettapapelaria.com.br\/catalogo\/#website"},"primaryImageOfPage":{"@id":"https:\/\/mettapapelaria.com.br\/catalogo\/produto\/mini-marca-texto-fluo-peps-friends-maped\/#primaryimage"},"image":{"@id":"https:\/\/mettapapelaria.com.br\/catalogo\/produto\/mini-marca-texto-fluo-peps-friends-maped\/#primaryimage"},"thumbnailUrl":"https:\/\/mettapapelaria.com.br\/catalogo\/wp-content\/uploads\/2023\/10\/MINI-MARCA-TEXTO-FLUO-PEPS-FRIENDS-MAPED.png","datePublished":"2023-10-25T17:28:57+00:00","breadcrumb":{"@id":"https:\/\/mettapapelaria.com.br\/catalogo\/produto\/mini-marca-texto-fluo-peps-friends-maped\/#breadcrumb"},"inLanguage":"pt-BR","potentialAction":[{"@type":"ReadAction","target":["https:\/\/mettapapelaria.com.br\/catalogo\/produto\/mini-marca-texto-fluo-peps-friends-maped\/"]}]},{"@type":"ImageObject","inLanguage":"pt-BR","@id":"https:\/\/mettapapelaria.com.br\/catalogo\/produto\/mini-marca-texto-fluo-peps-friends-maped\/#primaryimage","url":"https:\/\/mettapapelaria.com.br\/catalogo\/wp-content\/uploads\/2023\/10\/MINI-MARCA-TEXTO-FLUO-PEPS-FRIENDS-MAPED.png","contentUrl":"https:\/\/mettapapelaria.com.br\/catalogo\/wp-content\/uploads\/2023\/10\/MINI-MARCA-TEXTO-FLUO-PEPS-FRIENDS-MAPED.png","width":1080,"height":1080,"caption":"MINI MARCA TEXTO FLUO PEPS FRIENDS MAPED"},{"@type":"BreadcrumbList","@id":"https:\/\/mettapapelaria.com.br\/catalogo\/produto\/mini-marca-texto-fluo-peps-friends-maped\/#breadcrumb","itemListElement":[{"@type":"ListItem","position":1,"name":"In\u00edcio","item":"https:\/\/mettapapelaria.com.br\/catalogo\/"},{"@type":"ListItem","position":2,"name":"Shop","item":"https:\/\/mettapapelaria.com.br\/catalogo\/shop\/"},{"@type":"ListItem","position":3,"name":"MINI MARCA TEXTO FLUO PEPS FRIENDS MAPED"}]},{"@type":"WebSite","@id":"https:\/\/mettapapelaria.com.br\/catalogo\/#website","url":"https:\/\/mettapapelaria.com.br\/catalogo\/","name":"Metta Papelaria","description":"Materiais e equipamentos de escrit\u00f3rio, suprimentos para inform\u00e1tica, e uma diversificada linha de material escolar","publisher":{"@id":"https:\/\/mettapapelaria.com.br\/catalogo\/#organization"},"potentialAction":[{"@type":"SearchAction","target":{"@type":"EntryPoint","urlTemplate":"https:\/\/mettapapelaria.com.br\/catalogo\/?s={search_term_string}"},"query-input":{"@type":"PropertyValueSpecification","valueRequired":true,"valueName":"search_term_string"}}],"inLanguage":"pt-BR"},{"@type":"Organization","@id":"https:\/\/mettapapelaria.com.br\/catalogo\/#organization","name":"Metta Papelaria","url":"https:\/\/mettapapelaria.com.br\/catalogo\/","logo":{"@type":"ImageObject","inLanguage":"pt-BR","@id":"https:\/\/mettapapelaria.com.br\/catalogo\/#\/schema\/logo\/image\/","url":"https:\/\/mettapapelaria.com.br\/catalogo\/wp-content\/uploads\/2023\/12\/cropped-favicon-Metta_512-1.png","contentUrl":"https:\/\/mettapapelaria.com.br\/catalogo\/wp-content\/uploads\/2023\/12\/cropped-favicon-Metta_512-1.png","width":512,"height":512,"caption":"Metta Papelaria"},"image":{"@id":"https:\/\/mettapapelaria.com.br\/catalogo\/#\/schema\/logo\/image\/"},"sameAs":["https:\/\/www.facebook.com\/mettapapelaria\/","https:\/\/www.instagram.com\/papelariametta\/"]}]}},"_links":{"self":[{"href":"https:\/\/mettapapelaria.com.br\/catalogo\/wp-json\/wp\/v2\/product\/4012","targetHints":{"allow":["GET"]}}],"collection":[{"href":"https:\/\/mettapapelaria.com.br\/catalogo\/wp-json\/wp\/v2\/product"}],"about":[{"href":"https:\/\/mettapapelaria.com.br\/catalogo\/wp-json\/wp\/v2\/types\/product"}],"replies":[{"embeddable":true,"href":"https:\/\/mettapapelaria.com.br\/catalogo\/wp-json\/wp\/v2\/comments?post=4012"}],"version-history":[{"count":0,"href":"https:\/\/mettapapelaria.com.br\/catalogo\/wp-json\/wp\/v2\/product\/4012\/revisions"}],"wp:featuredmedia":[{"embeddable":true,"href":"https:\/\/mettapapelaria.com.br\/catalogo\/wp-json\/wp\/v2\/media\/4007"}],"wp:attachment":[{"href":"https:\/\/mettapapelaria.com.br\/catalogo\/wp-json\/wp\/v2\/media?parent=4012"}],"wp:term":[{"taxonomy":"brand","embeddable":true,"href":"https:\/\/mettapapelaria.com.br\/catalogo\/wp-json\/wp\/v2\/etheme_brands?post=4012"},{"taxonomy":"product_brand","embeddable":true,"href":"https:\/\/mettapapelaria.com.br\/catalogo\/wp-json\/wp\/v2\/product_brand?post=4012"},{"taxonomy":"product_cat","embeddable":true,"href":"https:\/\/mettapapelaria.com.br\/catalogo\/wp-json\/wp\/v2\/product_cat?post=4012"},{"taxonomy":"product_tag","embeddable":true,"href":"https:\/\/mettapapelaria.com.br\/catalogo\/wp-json\/wp\/v2\/product_tag?post=4012"}],"curies":[{"name":"wp","href":"https:\/\/api.w.org\/{rel}","templated":true}]}}