{"id":3725,"date":"2023-08-24T16:55:41","date_gmt":"2023-08-24T19:55:41","guid":{"rendered":"https:\/\/mettapapelaria.com.br\/catalogo\/produto\/caneta-esferografica-com-ponteira-touch-stylus-brw\/"},"modified":"2023-08-24T16:55:41","modified_gmt":"2023-08-24T19:55:41","slug":"caneta-esferografica-com-ponteira-touch-stylus-brw","status":"publish","type":"product","link":"https:\/\/mettapapelaria.com.br\/catalogo\/produto\/caneta-esferografica-com-ponteira-touch-stylus-brw\/","title":{"rendered":"CANETA ESFEROGR\u00c1FICA COM PONTEIRA TOUCH STYLUS BRW"},"content":{"rendered":"<h4><span style=\"font-family: Arial;\">A Caneta com Touch Stylus da BRW possui ponta m\u00e9dia de 1.0mm e \u00e9 ideal para utiliza\u00e7\u00e3o em smartphones, tablets e iphones. Sua escrita \u00e9 suave e seu corpo met\u00e1lico.<\/span><\/h4>\n<h4><span style=\"font-family: Arial;\">Especifica\u00e7\u00f5es:<\/span><\/h4>\n<h4><span style=\"font-family: Arial;\">\u2022 Com Touch<\/span><\/h4>\n<h4><span style=\"font-family: Arial;\">\u2022 Escrita Suave<\/span><\/h4>\n<h4><span style=\"font-family: Arial;\">\u2022 Corpo Met\u00e1lico<\/span><\/h4>\n<h4><span style=\"font-family: Arial;\">\u2022 Ponta M\u00e9dia<\/span><\/h4>\n<h4><span style=\"font-family: Arial;\">\u2022 Tra\u00e7o: 1.0mm<\/span><\/h4>\n<h4><span style=\"font-family: Arial;\">\u2022 Corpo redondo<\/span><\/h4>\n<h4><span style=\"font-family: Arial;\">\u2022 Tinta: Azul<\/span><\/h4>\n","protected":false},"excerpt":{"rendered":"<p>A Caneta com Touch Stylus da BRW possui ponta m\u00e9dia de 1.0mm e \u00e9 ideal para utiliza\u00e7\u00e3o em smartphones, tablets e iphones. Sua escrita \u00e9&#8230;<\/p>\n","protected":false},"featured_media":3723,"comment_status":"open","ping_status":"closed","template":"","meta":[],"etheme_brands":[],"product_brand":[],"product_cat":[157,25,15],"product_tag":[],"class_list":{"0":"post-3725","1":"product","2":"type-product","3":"status-publish","4":"has-post-thumbnail","6":"product_cat-canetas-esferograficass","7":"product_cat-material","8":"product_cat-material-escritorio","10":"first","11":"instock","12":"sold-individually","13":"shipping-taxable","14":"purchasable","15":"product-type-simple"},"yoast_head":"<!-- This site is optimized with the Yoast SEO plugin v26.9 - https:\/\/yoast.com\/product\/yoast-seo-wordpress\/ -->\n<title>CANETA ESFEROGR\u00c1FICA COM PONTEIRA TOUCH STYLUS BRW - Metta Papelaria<\/title>\n<meta name=\"robots\" content=\"index, follow, max-snippet:-1, max-image-preview:large, max-video-preview:-1\" \/>\n<link rel=\"canonical\" href=\"https:\/\/mettapapelaria.com.br\/catalogo\/produto\/caneta-esferografica-com-ponteira-touch-stylus-brw\/\" \/>\n<meta property=\"og:locale\" content=\"pt_BR\" \/>\n<meta property=\"og:type\" content=\"article\" \/>\n<meta property=\"og:title\" content=\"CANETA ESFEROGR\u00c1FICA COM PONTEIRA TOUCH STYLUS BRW - Metta Papelaria\" \/>\n<meta property=\"og:description\" content=\"A Caneta com Touch Stylus da BRW possui ponta m\u00e9dia de 1.0mm e \u00e9 ideal para utiliza\u00e7\u00e3o em smartphones, tablets e iphones. Sua escrita \u00e9...\" \/>\n<meta property=\"og:url\" content=\"https:\/\/mettapapelaria.com.br\/catalogo\/produto\/caneta-esferografica-com-ponteira-touch-stylus-brw\/\" \/>\n<meta property=\"og:site_name\" content=\"Metta Papelaria\" \/>\n<meta property=\"article:publisher\" content=\"https:\/\/www.facebook.com\/mettapapelaria\/\" \/>\n<meta property=\"og:image\" content=\"https:\/\/mettapapelaria.com.br\/catalogo\/wp-content\/uploads\/2023\/08\/CANETA-ESFEROGRAFICA-COM-PONTEIRA-TOUCH-STYLUS-BRW.png\" \/>\n\t<meta property=\"og:image:width\" content=\"1080\" \/>\n\t<meta property=\"og:image:height\" content=\"1080\" \/>\n\t<meta property=\"og:image:type\" content=\"image\/png\" \/>\n<meta name=\"twitter:card\" content=\"summary_large_image\" \/>\n<script type=\"application\/ld+json\" class=\"yoast-schema-graph\">{\"@context\":\"https:\/\/schema.org\",\"@graph\":[{\"@type\":\"WebPage\",\"@id\":\"https:\/\/mettapapelaria.com.br\/catalogo\/produto\/caneta-esferografica-com-ponteira-touch-stylus-brw\/\",\"url\":\"https:\/\/mettapapelaria.com.br\/catalogo\/produto\/caneta-esferografica-com-ponteira-touch-stylus-brw\/\",\"name\":\"CANETA ESFEROGR\u00c1FICA COM PONTEIRA TOUCH STYLUS BRW - Metta Papelaria\",\"isPartOf\":{\"@id\":\"https:\/\/mettapapelaria.com.br\/catalogo\/#website\"},\"primaryImageOfPage\":{\"@id\":\"https:\/\/mettapapelaria.com.br\/catalogo\/produto\/caneta-esferografica-com-ponteira-touch-stylus-brw\/#primaryimage\"},\"image\":{\"@id\":\"https:\/\/mettapapelaria.com.br\/catalogo\/produto\/caneta-esferografica-com-ponteira-touch-stylus-brw\/#primaryimage\"},\"thumbnailUrl\":\"https:\/\/mettapapelaria.com.br\/catalogo\/wp-content\/uploads\/2023\/08\/CANETA-ESFEROGRAFICA-COM-PONTEIRA-TOUCH-STYLUS-BRW.png\",\"datePublished\":\"2023-08-24T19:55:41+00:00\",\"breadcrumb\":{\"@id\":\"https:\/\/mettapapelaria.com.br\/catalogo\/produto\/caneta-esferografica-com-ponteira-touch-stylus-brw\/#breadcrumb\"},\"inLanguage\":\"pt-BR\",\"potentialAction\":[{\"@type\":\"ReadAction\",\"target\":[\"https:\/\/mettapapelaria.com.br\/catalogo\/produto\/caneta-esferografica-com-ponteira-touch-stylus-brw\/\"]}]},{\"@type\":\"ImageObject\",\"inLanguage\":\"pt-BR\",\"@id\":\"https:\/\/mettapapelaria.com.br\/catalogo\/produto\/caneta-esferografica-com-ponteira-touch-stylus-brw\/#primaryimage\",\"url\":\"https:\/\/mettapapelaria.com.br\/catalogo\/wp-content\/uploads\/2023\/08\/CANETA-ESFEROGRAFICA-COM-PONTEIRA-TOUCH-STYLUS-BRW.png\",\"contentUrl\":\"https:\/\/mettapapelaria.com.br\/catalogo\/wp-content\/uploads\/2023\/08\/CANETA-ESFEROGRAFICA-COM-PONTEIRA-TOUCH-STYLUS-BRW.png\",\"width\":1080,\"height\":1080,\"caption\":\"CANETA ESFEROGR\u00c1FICA COM PONTEIRA TOUCH STYLUS BRW\"},{\"@type\":\"BreadcrumbList\",\"@id\":\"https:\/\/mettapapelaria.com.br\/catalogo\/produto\/caneta-esferografica-com-ponteira-touch-stylus-brw\/#breadcrumb\",\"itemListElement\":[{\"@type\":\"ListItem\",\"position\":1,\"name\":\"In\u00edcio\",\"item\":\"https:\/\/mettapapelaria.com.br\/catalogo\/\"},{\"@type\":\"ListItem\",\"position\":2,\"name\":\"Shop\",\"item\":\"https:\/\/mettapapelaria.com.br\/catalogo\/shop\/\"},{\"@type\":\"ListItem\",\"position\":3,\"name\":\"CANETA ESFEROGR\u00c1FICA COM PONTEIRA TOUCH STYLUS BRW\"}]},{\"@type\":\"WebSite\",\"@id\":\"https:\/\/mettapapelaria.com.br\/catalogo\/#website\",\"url\":\"https:\/\/mettapapelaria.com.br\/catalogo\/\",\"name\":\"Metta Papelaria\",\"description\":\"Materiais e equipamentos de escrit\u00f3rio, suprimentos para inform\u00e1tica, e uma diversificada linha de material escolar\",\"publisher\":{\"@id\":\"https:\/\/mettapapelaria.com.br\/catalogo\/#organization\"},\"potentialAction\":[{\"@type\":\"SearchAction\",\"target\":{\"@type\":\"EntryPoint\",\"urlTemplate\":\"https:\/\/mettapapelaria.com.br\/catalogo\/?s={search_term_string}\"},\"query-input\":{\"@type\":\"PropertyValueSpecification\",\"valueRequired\":true,\"valueName\":\"search_term_string\"}}],\"inLanguage\":\"pt-BR\"},{\"@type\":\"Organization\",\"@id\":\"https:\/\/mettapapelaria.com.br\/catalogo\/#organization\",\"name\":\"Metta Papelaria\",\"url\":\"https:\/\/mettapapelaria.com.br\/catalogo\/\",\"logo\":{\"@type\":\"ImageObject\",\"inLanguage\":\"pt-BR\",\"@id\":\"https:\/\/mettapapelaria.com.br\/catalogo\/#\/schema\/logo\/image\/\",\"url\":\"https:\/\/mettapapelaria.com.br\/catalogo\/wp-content\/uploads\/2023\/12\/cropped-favicon-Metta_512-1.png\",\"contentUrl\":\"https:\/\/mettapapelaria.com.br\/catalogo\/wp-content\/uploads\/2023\/12\/cropped-favicon-Metta_512-1.png\",\"width\":512,\"height\":512,\"caption\":\"Metta Papelaria\"},\"image\":{\"@id\":\"https:\/\/mettapapelaria.com.br\/catalogo\/#\/schema\/logo\/image\/\"},\"sameAs\":[\"https:\/\/www.facebook.com\/mettapapelaria\/\",\"https:\/\/www.instagram.com\/papelariametta\/\"]}]}<\/script>\n<!-- \/ Yoast SEO plugin. -->","yoast_head_json":{"title":"CANETA ESFEROGR\u00c1FICA COM PONTEIRA TOUCH STYLUS BRW - Metta Papelaria","robots":{"index":"index","follow":"follow","max-snippet":"max-snippet:-1","max-image-preview":"max-image-preview:large","max-video-preview":"max-video-preview:-1"},"canonical":"https:\/\/mettapapelaria.com.br\/catalogo\/produto\/caneta-esferografica-com-ponteira-touch-stylus-brw\/","og_locale":"pt_BR","og_type":"article","og_title":"CANETA ESFEROGR\u00c1FICA COM PONTEIRA TOUCH STYLUS BRW - Metta Papelaria","og_description":"A Caneta com Touch Stylus da BRW possui ponta m\u00e9dia de 1.0mm e \u00e9 ideal para utiliza\u00e7\u00e3o em smartphones, tablets e iphones. Sua escrita \u00e9...","og_url":"https:\/\/mettapapelaria.com.br\/catalogo\/produto\/caneta-esferografica-com-ponteira-touch-stylus-brw\/","og_site_name":"Metta Papelaria","article_publisher":"https:\/\/www.facebook.com\/mettapapelaria\/","og_image":[{"width":1080,"height":1080,"url":"https:\/\/mettapapelaria.com.br\/catalogo\/wp-content\/uploads\/2023\/08\/CANETA-ESFEROGRAFICA-COM-PONTEIRA-TOUCH-STYLUS-BRW.png","type":"image\/png"}],"twitter_card":"summary_large_image","schema":{"@context":"https:\/\/schema.org","@graph":[{"@type":"WebPage","@id":"https:\/\/mettapapelaria.com.br\/catalogo\/produto\/caneta-esferografica-com-ponteira-touch-stylus-brw\/","url":"https:\/\/mettapapelaria.com.br\/catalogo\/produto\/caneta-esferografica-com-ponteira-touch-stylus-brw\/","name":"CANETA ESFEROGR\u00c1FICA COM PONTEIRA TOUCH STYLUS BRW - Metta Papelaria","isPartOf":{"@id":"https:\/\/mettapapelaria.com.br\/catalogo\/#website"},"primaryImageOfPage":{"@id":"https:\/\/mettapapelaria.com.br\/catalogo\/produto\/caneta-esferografica-com-ponteira-touch-stylus-brw\/#primaryimage"},"image":{"@id":"https:\/\/mettapapelaria.com.br\/catalogo\/produto\/caneta-esferografica-com-ponteira-touch-stylus-brw\/#primaryimage"},"thumbnailUrl":"https:\/\/mettapapelaria.com.br\/catalogo\/wp-content\/uploads\/2023\/08\/CANETA-ESFEROGRAFICA-COM-PONTEIRA-TOUCH-STYLUS-BRW.png","datePublished":"2023-08-24T19:55:41+00:00","breadcrumb":{"@id":"https:\/\/mettapapelaria.com.br\/catalogo\/produto\/caneta-esferografica-com-ponteira-touch-stylus-brw\/#breadcrumb"},"inLanguage":"pt-BR","potentialAction":[{"@type":"ReadAction","target":["https:\/\/mettapapelaria.com.br\/catalogo\/produto\/caneta-esferografica-com-ponteira-touch-stylus-brw\/"]}]},{"@type":"ImageObject","inLanguage":"pt-BR","@id":"https:\/\/mettapapelaria.com.br\/catalogo\/produto\/caneta-esferografica-com-ponteira-touch-stylus-brw\/#primaryimage","url":"https:\/\/mettapapelaria.com.br\/catalogo\/wp-content\/uploads\/2023\/08\/CANETA-ESFEROGRAFICA-COM-PONTEIRA-TOUCH-STYLUS-BRW.png","contentUrl":"https:\/\/mettapapelaria.com.br\/catalogo\/wp-content\/uploads\/2023\/08\/CANETA-ESFEROGRAFICA-COM-PONTEIRA-TOUCH-STYLUS-BRW.png","width":1080,"height":1080,"caption":"CANETA ESFEROGR\u00c1FICA COM PONTEIRA TOUCH STYLUS BRW"},{"@type":"BreadcrumbList","@id":"https:\/\/mettapapelaria.com.br\/catalogo\/produto\/caneta-esferografica-com-ponteira-touch-stylus-brw\/#breadcrumb","itemListElement":[{"@type":"ListItem","position":1,"name":"In\u00edcio","item":"https:\/\/mettapapelaria.com.br\/catalogo\/"},{"@type":"ListItem","position":2,"name":"Shop","item":"https:\/\/mettapapelaria.com.br\/catalogo\/shop\/"},{"@type":"ListItem","position":3,"name":"CANETA ESFEROGR\u00c1FICA COM PONTEIRA TOUCH STYLUS BRW"}]},{"@type":"WebSite","@id":"https:\/\/mettapapelaria.com.br\/catalogo\/#website","url":"https:\/\/mettapapelaria.com.br\/catalogo\/","name":"Metta Papelaria","description":"Materiais e equipamentos de escrit\u00f3rio, suprimentos para inform\u00e1tica, e uma diversificada linha de material escolar","publisher":{"@id":"https:\/\/mettapapelaria.com.br\/catalogo\/#organization"},"potentialAction":[{"@type":"SearchAction","target":{"@type":"EntryPoint","urlTemplate":"https:\/\/mettapapelaria.com.br\/catalogo\/?s={search_term_string}"},"query-input":{"@type":"PropertyValueSpecification","valueRequired":true,"valueName":"search_term_string"}}],"inLanguage":"pt-BR"},{"@type":"Organization","@id":"https:\/\/mettapapelaria.com.br\/catalogo\/#organization","name":"Metta Papelaria","url":"https:\/\/mettapapelaria.com.br\/catalogo\/","logo":{"@type":"ImageObject","inLanguage":"pt-BR","@id":"https:\/\/mettapapelaria.com.br\/catalogo\/#\/schema\/logo\/image\/","url":"https:\/\/mettapapelaria.com.br\/catalogo\/wp-content\/uploads\/2023\/12\/cropped-favicon-Metta_512-1.png","contentUrl":"https:\/\/mettapapelaria.com.br\/catalogo\/wp-content\/uploads\/2023\/12\/cropped-favicon-Metta_512-1.png","width":512,"height":512,"caption":"Metta Papelaria"},"image":{"@id":"https:\/\/mettapapelaria.com.br\/catalogo\/#\/schema\/logo\/image\/"},"sameAs":["https:\/\/www.facebook.com\/mettapapelaria\/","https:\/\/www.instagram.com\/papelariametta\/"]}]}},"_links":{"self":[{"href":"https:\/\/mettapapelaria.com.br\/catalogo\/wp-json\/wp\/v2\/product\/3725","targetHints":{"allow":["GET"]}}],"collection":[{"href":"https:\/\/mettapapelaria.com.br\/catalogo\/wp-json\/wp\/v2\/product"}],"about":[{"href":"https:\/\/mettapapelaria.com.br\/catalogo\/wp-json\/wp\/v2\/types\/product"}],"replies":[{"embeddable":true,"href":"https:\/\/mettapapelaria.com.br\/catalogo\/wp-json\/wp\/v2\/comments?post=3725"}],"version-history":[{"count":0,"href":"https:\/\/mettapapelaria.com.br\/catalogo\/wp-json\/wp\/v2\/product\/3725\/revisions"}],"wp:featuredmedia":[{"embeddable":true,"href":"https:\/\/mettapapelaria.com.br\/catalogo\/wp-json\/wp\/v2\/media\/3723"}],"wp:attachment":[{"href":"https:\/\/mettapapelaria.com.br\/catalogo\/wp-json\/wp\/v2\/media?parent=3725"}],"wp:term":[{"taxonomy":"brand","embeddable":true,"href":"https:\/\/mettapapelaria.com.br\/catalogo\/wp-json\/wp\/v2\/etheme_brands?post=3725"},{"taxonomy":"product_brand","embeddable":true,"href":"https:\/\/mettapapelaria.com.br\/catalogo\/wp-json\/wp\/v2\/product_brand?post=3725"},{"taxonomy":"product_cat","embeddable":true,"href":"https:\/\/mettapapelaria.com.br\/catalogo\/wp-json\/wp\/v2\/product_cat?post=3725"},{"taxonomy":"product_tag","embeddable":true,"href":"https:\/\/mettapapelaria.com.br\/catalogo\/wp-json\/wp\/v2\/product_tag?post=3725"}],"curies":[{"name":"wp","href":"https:\/\/api.w.org\/{rel}","templated":true}]}}