{"id":3674,"date":"2023-07-27T11:34:12","date_gmt":"2023-07-27T14:34:12","guid":{"rendered":"https:\/\/mettapapelaria.com.br\/catalogo\/produto\/fone-de-ouvido-intra-auricular-dia-a-dia-letron\/"},"modified":"2023-07-27T11:34:12","modified_gmt":"2023-07-27T14:34:12","slug":"fone-de-ouvido-intra-auricular-dia-a-dia-letron","status":"publish","type":"product","link":"https:\/\/mettapapelaria.com.br\/catalogo\/produto\/fone-de-ouvido-intra-auricular-dia-a-dia-letron\/","title":{"rendered":"FONE DE OUVIDO INTRA AURICULAR DIA A DIA LETRON"},"content":{"rendered":"<h4><span style=\"font-family: Arial;\">Surgiu uma videoconfer\u00eancia de \u00faltima hora? T\u00e1 a fim de ouvir um som no trajeto pro trabalho? Pois com o Fone de Ouvido Intra-auricular Dia a Dia Preto Letron isso \u00e9 poss\u00edvel a qualquer hora e em qualquer lugar, sem tempo ruim.<\/span><\/h4>\n<h4><span style=\"font-family: Arial;\">Como o nome diz, \u00e9 perfeito para te acompanhar em todas as atividades do dia a dia, como as esportivas, de trabalho, estudos e claro, recreativas, passeios e viagens. E seu tamanho permite guardar sem ocupar espa\u00e7o, seja na bolsa, mochila ou at\u00e9 no carro. Bateu o t\u00e9dio e voc\u00ea quer assistir aquele v\u00eddeo? \u00c9 s\u00f3 pegar seu fone e ser feliz.<\/span><\/h4>\n<h4><span style=\"font-family: Arial;\">E o melhor, ele \u00e9 plug e play, basta conectar e sair usando, sem depender de energia ou instala\u00e7\u00e3o de drive.<\/span><\/h4>\n<h4><span style=\"font-family: Arial;\"><br \/><\/span><\/h4>\n<h4><span style=\"font-family: Arial;\">Vem ver mais:<\/span><\/h4>\n<h4><span style=\"font-family: Arial;\">&#8211; Conex\u00e3o P2, com dois canais de entrada, um para cada alto-falante<\/span><\/h4>\n<h4><span style=\"font-family: Arial;\">&#8211; Modelo Intra-auricular: com acabamento siliconado para maior conforto;<\/span><\/h4>\n<h4><span style=\"font-family: Arial;\">&#8211; Cabo com 1,2 metros: tamanho ideal para se mexer;<\/span><\/h4>\n<h4><span style=\"font-family: Arial;\">&#8211; Drivers de 10 mm est\u00e9reo, para \u00f3tima experi\u00eancia sonora.<\/span><\/h4>\n<h4><span style=\"font-family: Arial;\"><br \/><\/span><\/h4>\n<h4><span style=\"font-family: Arial;\">Especifica\u00e7\u00f5es t\u00e9cnicas:<\/span><\/h4>\n<h4><span style=\"font-family: Arial;\">&#8211; Alto-falantes: 10 mm<\/span><\/h4>\n<h4><span style=\"font-family: Arial;\">&#8211; Sensibilidade: 98dB\u00b13dB.<\/span><\/h4>\n<h4><span style=\"font-family: Arial;\">&#8211; Imped\u00e2ncia: 32 Ohms<\/span><\/h4>\n<h4><span style=\"font-family: Arial;\">&#8211; Resposta de frequ\u00eancia: 20Hz &#8211; 20kHz<\/span><\/h4>\n<h4><span style=\"font-family: Arial;\">&#8211; Conex\u00e3o: P2<\/span><\/h4>\n<h4><span style=\"font-family: Arial;\">&#8211; Pot\u00eancia nominal: 2mW<\/span><\/h4>\n<h4><span style=\"font-family: Arial;\">&#8211; Capacidade de pot\u00eancia: 5mW<\/span><\/h4>\n<h4><span style=\"font-family: Arial;\">&#8211; Especifica\u00e7\u00f5es do Microfone: -42dB\u00b13dB \/ 2.2K \u03a9<\/span><\/h4>\n<h4><span style=\"font-family: Arial;\">&#8211; Tamanho: 12x2x1 cm.<\/span><\/h4>\n<h4><span style=\"font-family: Arial;\">&#8211; Peso: 10,4 g.<\/span><\/h4>\n<h4><span style=\"font-family: Arial;\"><br \/><\/span><\/h4>\n<h4><span style=\"font-family: Arial;\">Sua rotina ainda mais divertida e leve ouvindo suas m\u00fasicas preferidas, s\u00f3 com o Fone de Ouvido dia a dia.<\/span><\/h4>\n","protected":false},"excerpt":{"rendered":"<p>Surgiu uma videoconfer\u00eancia de \u00faltima hora? T\u00e1 a fim de ouvir um som no trajeto pro trabalho? Pois com o Fone de Ouvido Intra-auricular Dia&#8230;<\/p>\n","protected":false},"featured_media":3672,"comment_status":"open","ping_status":"closed","template":"","meta":[],"etheme_brands":[],"product_brand":[],"product_cat":[124,25,17],"product_tag":[],"class_list":{"0":"post-3674","1":"product","2":"type-product","3":"status-publish","4":"has-post-thumbnail","6":"product_cat-fone-de-ouvido","7":"product_cat-material","8":"product_cat-suprimentos-informatica","10":"first","11":"instock","12":"sold-individually","13":"shipping-taxable","14":"purchasable","15":"product-type-simple"},"yoast_head":"<!-- This site is optimized with the Yoast SEO plugin v26.9 - https:\/\/yoast.com\/product\/yoast-seo-wordpress\/ -->\n<title>FONE DE OUVIDO INTRA AURICULAR DIA A DIA LETRON - Metta Papelaria<\/title>\n<meta name=\"robots\" content=\"index, follow, max-snippet:-1, max-image-preview:large, max-video-preview:-1\" \/>\n<link rel=\"canonical\" href=\"https:\/\/mettapapelaria.com.br\/catalogo\/produto\/fone-de-ouvido-intra-auricular-dia-a-dia-letron\/\" \/>\n<meta property=\"og:locale\" content=\"pt_BR\" \/>\n<meta property=\"og:type\" content=\"article\" \/>\n<meta property=\"og:title\" content=\"FONE DE OUVIDO INTRA AURICULAR DIA A DIA LETRON - Metta Papelaria\" \/>\n<meta property=\"og:description\" content=\"Surgiu uma videoconfer\u00eancia de \u00faltima hora? T\u00e1 a fim de ouvir um som no trajeto pro trabalho? Pois com o Fone de Ouvido Intra-auricular Dia...\" \/>\n<meta property=\"og:url\" content=\"https:\/\/mettapapelaria.com.br\/catalogo\/produto\/fone-de-ouvido-intra-auricular-dia-a-dia-letron\/\" \/>\n<meta property=\"og:site_name\" content=\"Metta Papelaria\" \/>\n<meta property=\"article:publisher\" content=\"https:\/\/www.facebook.com\/mettapapelaria\/\" \/>\n<meta property=\"og:image\" content=\"https:\/\/mettapapelaria.com.br\/catalogo\/wp-content\/uploads\/2023\/07\/FONE-DE-OUVIDO-INTRA-AURICULAR-DIA-A-DIA-LETRON.png\" \/>\n\t<meta property=\"og:image:width\" content=\"1080\" \/>\n\t<meta property=\"og:image:height\" content=\"1080\" \/>\n\t<meta property=\"og:image:type\" content=\"image\/png\" \/>\n<meta name=\"twitter:card\" content=\"summary_large_image\" \/>\n<meta name=\"twitter:label1\" content=\"Est. tempo de leitura\" \/>\n\t<meta name=\"twitter:data1\" content=\"1 minuto\" \/>\n<script type=\"application\/ld+json\" class=\"yoast-schema-graph\">{\"@context\":\"https:\/\/schema.org\",\"@graph\":[{\"@type\":\"WebPage\",\"@id\":\"https:\/\/mettapapelaria.com.br\/catalogo\/produto\/fone-de-ouvido-intra-auricular-dia-a-dia-letron\/\",\"url\":\"https:\/\/mettapapelaria.com.br\/catalogo\/produto\/fone-de-ouvido-intra-auricular-dia-a-dia-letron\/\",\"name\":\"FONE DE OUVIDO INTRA AURICULAR DIA A DIA LETRON - Metta Papelaria\",\"isPartOf\":{\"@id\":\"https:\/\/mettapapelaria.com.br\/catalogo\/#website\"},\"primaryImageOfPage\":{\"@id\":\"https:\/\/mettapapelaria.com.br\/catalogo\/produto\/fone-de-ouvido-intra-auricular-dia-a-dia-letron\/#primaryimage\"},\"image\":{\"@id\":\"https:\/\/mettapapelaria.com.br\/catalogo\/produto\/fone-de-ouvido-intra-auricular-dia-a-dia-letron\/#primaryimage\"},\"thumbnailUrl\":\"https:\/\/mettapapelaria.com.br\/catalogo\/wp-content\/uploads\/2023\/07\/FONE-DE-OUVIDO-INTRA-AURICULAR-DIA-A-DIA-LETRON.png\",\"datePublished\":\"2023-07-27T14:34:12+00:00\",\"breadcrumb\":{\"@id\":\"https:\/\/mettapapelaria.com.br\/catalogo\/produto\/fone-de-ouvido-intra-auricular-dia-a-dia-letron\/#breadcrumb\"},\"inLanguage\":\"pt-BR\",\"potentialAction\":[{\"@type\":\"ReadAction\",\"target\":[\"https:\/\/mettapapelaria.com.br\/catalogo\/produto\/fone-de-ouvido-intra-auricular-dia-a-dia-letron\/\"]}]},{\"@type\":\"ImageObject\",\"inLanguage\":\"pt-BR\",\"@id\":\"https:\/\/mettapapelaria.com.br\/catalogo\/produto\/fone-de-ouvido-intra-auricular-dia-a-dia-letron\/#primaryimage\",\"url\":\"https:\/\/mettapapelaria.com.br\/catalogo\/wp-content\/uploads\/2023\/07\/FONE-DE-OUVIDO-INTRA-AURICULAR-DIA-A-DIA-LETRON.png\",\"contentUrl\":\"https:\/\/mettapapelaria.com.br\/catalogo\/wp-content\/uploads\/2023\/07\/FONE-DE-OUVIDO-INTRA-AURICULAR-DIA-A-DIA-LETRON.png\",\"width\":1080,\"height\":1080,\"caption\":\"FONE DE OUVIDO INTRA AURICULAR DIA A DIA LETRON\"},{\"@type\":\"BreadcrumbList\",\"@id\":\"https:\/\/mettapapelaria.com.br\/catalogo\/produto\/fone-de-ouvido-intra-auricular-dia-a-dia-letron\/#breadcrumb\",\"itemListElement\":[{\"@type\":\"ListItem\",\"position\":1,\"name\":\"In\u00edcio\",\"item\":\"https:\/\/mettapapelaria.com.br\/catalogo\/\"},{\"@type\":\"ListItem\",\"position\":2,\"name\":\"Shop\",\"item\":\"https:\/\/mettapapelaria.com.br\/catalogo\/shop\/\"},{\"@type\":\"ListItem\",\"position\":3,\"name\":\"FONE DE OUVIDO INTRA AURICULAR DIA A DIA LETRON\"}]},{\"@type\":\"WebSite\",\"@id\":\"https:\/\/mettapapelaria.com.br\/catalogo\/#website\",\"url\":\"https:\/\/mettapapelaria.com.br\/catalogo\/\",\"name\":\"Metta Papelaria\",\"description\":\"Materiais e equipamentos de escrit\u00f3rio, suprimentos para inform\u00e1tica, e uma diversificada linha de material escolar\",\"publisher\":{\"@id\":\"https:\/\/mettapapelaria.com.br\/catalogo\/#organization\"},\"potentialAction\":[{\"@type\":\"SearchAction\",\"target\":{\"@type\":\"EntryPoint\",\"urlTemplate\":\"https:\/\/mettapapelaria.com.br\/catalogo\/?s={search_term_string}\"},\"query-input\":{\"@type\":\"PropertyValueSpecification\",\"valueRequired\":true,\"valueName\":\"search_term_string\"}}],\"inLanguage\":\"pt-BR\"},{\"@type\":\"Organization\",\"@id\":\"https:\/\/mettapapelaria.com.br\/catalogo\/#organization\",\"name\":\"Metta Papelaria\",\"url\":\"https:\/\/mettapapelaria.com.br\/catalogo\/\",\"logo\":{\"@type\":\"ImageObject\",\"inLanguage\":\"pt-BR\",\"@id\":\"https:\/\/mettapapelaria.com.br\/catalogo\/#\/schema\/logo\/image\/\",\"url\":\"https:\/\/mettapapelaria.com.br\/catalogo\/wp-content\/uploads\/2023\/12\/cropped-favicon-Metta_512-1.png\",\"contentUrl\":\"https:\/\/mettapapelaria.com.br\/catalogo\/wp-content\/uploads\/2023\/12\/cropped-favicon-Metta_512-1.png\",\"width\":512,\"height\":512,\"caption\":\"Metta Papelaria\"},\"image\":{\"@id\":\"https:\/\/mettapapelaria.com.br\/catalogo\/#\/schema\/logo\/image\/\"},\"sameAs\":[\"https:\/\/www.facebook.com\/mettapapelaria\/\",\"https:\/\/www.instagram.com\/papelariametta\/\"]}]}<\/script>\n<!-- \/ Yoast SEO plugin. -->","yoast_head_json":{"title":"FONE DE OUVIDO INTRA AURICULAR DIA A DIA LETRON - Metta Papelaria","robots":{"index":"index","follow":"follow","max-snippet":"max-snippet:-1","max-image-preview":"max-image-preview:large","max-video-preview":"max-video-preview:-1"},"canonical":"https:\/\/mettapapelaria.com.br\/catalogo\/produto\/fone-de-ouvido-intra-auricular-dia-a-dia-letron\/","og_locale":"pt_BR","og_type":"article","og_title":"FONE DE OUVIDO INTRA AURICULAR DIA A DIA LETRON - Metta Papelaria","og_description":"Surgiu uma videoconfer\u00eancia de \u00faltima hora? T\u00e1 a fim de ouvir um som no trajeto pro trabalho? Pois com o Fone de Ouvido Intra-auricular Dia...","og_url":"https:\/\/mettapapelaria.com.br\/catalogo\/produto\/fone-de-ouvido-intra-auricular-dia-a-dia-letron\/","og_site_name":"Metta Papelaria","article_publisher":"https:\/\/www.facebook.com\/mettapapelaria\/","og_image":[{"width":1080,"height":1080,"url":"https:\/\/mettapapelaria.com.br\/catalogo\/wp-content\/uploads\/2023\/07\/FONE-DE-OUVIDO-INTRA-AURICULAR-DIA-A-DIA-LETRON.png","type":"image\/png"}],"twitter_card":"summary_large_image","twitter_misc":{"Est. tempo de leitura":"1 minuto"},"schema":{"@context":"https:\/\/schema.org","@graph":[{"@type":"WebPage","@id":"https:\/\/mettapapelaria.com.br\/catalogo\/produto\/fone-de-ouvido-intra-auricular-dia-a-dia-letron\/","url":"https:\/\/mettapapelaria.com.br\/catalogo\/produto\/fone-de-ouvido-intra-auricular-dia-a-dia-letron\/","name":"FONE DE OUVIDO INTRA AURICULAR DIA A DIA LETRON - Metta Papelaria","isPartOf":{"@id":"https:\/\/mettapapelaria.com.br\/catalogo\/#website"},"primaryImageOfPage":{"@id":"https:\/\/mettapapelaria.com.br\/catalogo\/produto\/fone-de-ouvido-intra-auricular-dia-a-dia-letron\/#primaryimage"},"image":{"@id":"https:\/\/mettapapelaria.com.br\/catalogo\/produto\/fone-de-ouvido-intra-auricular-dia-a-dia-letron\/#primaryimage"},"thumbnailUrl":"https:\/\/mettapapelaria.com.br\/catalogo\/wp-content\/uploads\/2023\/07\/FONE-DE-OUVIDO-INTRA-AURICULAR-DIA-A-DIA-LETRON.png","datePublished":"2023-07-27T14:34:12+00:00","breadcrumb":{"@id":"https:\/\/mettapapelaria.com.br\/catalogo\/produto\/fone-de-ouvido-intra-auricular-dia-a-dia-letron\/#breadcrumb"},"inLanguage":"pt-BR","potentialAction":[{"@type":"ReadAction","target":["https:\/\/mettapapelaria.com.br\/catalogo\/produto\/fone-de-ouvido-intra-auricular-dia-a-dia-letron\/"]}]},{"@type":"ImageObject","inLanguage":"pt-BR","@id":"https:\/\/mettapapelaria.com.br\/catalogo\/produto\/fone-de-ouvido-intra-auricular-dia-a-dia-letron\/#primaryimage","url":"https:\/\/mettapapelaria.com.br\/catalogo\/wp-content\/uploads\/2023\/07\/FONE-DE-OUVIDO-INTRA-AURICULAR-DIA-A-DIA-LETRON.png","contentUrl":"https:\/\/mettapapelaria.com.br\/catalogo\/wp-content\/uploads\/2023\/07\/FONE-DE-OUVIDO-INTRA-AURICULAR-DIA-A-DIA-LETRON.png","width":1080,"height":1080,"caption":"FONE DE OUVIDO INTRA AURICULAR DIA A DIA LETRON"},{"@type":"BreadcrumbList","@id":"https:\/\/mettapapelaria.com.br\/catalogo\/produto\/fone-de-ouvido-intra-auricular-dia-a-dia-letron\/#breadcrumb","itemListElement":[{"@type":"ListItem","position":1,"name":"In\u00edcio","item":"https:\/\/mettapapelaria.com.br\/catalogo\/"},{"@type":"ListItem","position":2,"name":"Shop","item":"https:\/\/mettapapelaria.com.br\/catalogo\/shop\/"},{"@type":"ListItem","position":3,"name":"FONE DE OUVIDO INTRA AURICULAR DIA A DIA LETRON"}]},{"@type":"WebSite","@id":"https:\/\/mettapapelaria.com.br\/catalogo\/#website","url":"https:\/\/mettapapelaria.com.br\/catalogo\/","name":"Metta Papelaria","description":"Materiais e equipamentos de escrit\u00f3rio, suprimentos para inform\u00e1tica, e uma diversificada linha de material escolar","publisher":{"@id":"https:\/\/mettapapelaria.com.br\/catalogo\/#organization"},"potentialAction":[{"@type":"SearchAction","target":{"@type":"EntryPoint","urlTemplate":"https:\/\/mettapapelaria.com.br\/catalogo\/?s={search_term_string}"},"query-input":{"@type":"PropertyValueSpecification","valueRequired":true,"valueName":"search_term_string"}}],"inLanguage":"pt-BR"},{"@type":"Organization","@id":"https:\/\/mettapapelaria.com.br\/catalogo\/#organization","name":"Metta Papelaria","url":"https:\/\/mettapapelaria.com.br\/catalogo\/","logo":{"@type":"ImageObject","inLanguage":"pt-BR","@id":"https:\/\/mettapapelaria.com.br\/catalogo\/#\/schema\/logo\/image\/","url":"https:\/\/mettapapelaria.com.br\/catalogo\/wp-content\/uploads\/2023\/12\/cropped-favicon-Metta_512-1.png","contentUrl":"https:\/\/mettapapelaria.com.br\/catalogo\/wp-content\/uploads\/2023\/12\/cropped-favicon-Metta_512-1.png","width":512,"height":512,"caption":"Metta Papelaria"},"image":{"@id":"https:\/\/mettapapelaria.com.br\/catalogo\/#\/schema\/logo\/image\/"},"sameAs":["https:\/\/www.facebook.com\/mettapapelaria\/","https:\/\/www.instagram.com\/papelariametta\/"]}]}},"_links":{"self":[{"href":"https:\/\/mettapapelaria.com.br\/catalogo\/wp-json\/wp\/v2\/product\/3674","targetHints":{"allow":["GET"]}}],"collection":[{"href":"https:\/\/mettapapelaria.com.br\/catalogo\/wp-json\/wp\/v2\/product"}],"about":[{"href":"https:\/\/mettapapelaria.com.br\/catalogo\/wp-json\/wp\/v2\/types\/product"}],"replies":[{"embeddable":true,"href":"https:\/\/mettapapelaria.com.br\/catalogo\/wp-json\/wp\/v2\/comments?post=3674"}],"version-history":[{"count":0,"href":"https:\/\/mettapapelaria.com.br\/catalogo\/wp-json\/wp\/v2\/product\/3674\/revisions"}],"wp:featuredmedia":[{"embeddable":true,"href":"https:\/\/mettapapelaria.com.br\/catalogo\/wp-json\/wp\/v2\/media\/3672"}],"wp:attachment":[{"href":"https:\/\/mettapapelaria.com.br\/catalogo\/wp-json\/wp\/v2\/media?parent=3674"}],"wp:term":[{"taxonomy":"brand","embeddable":true,"href":"https:\/\/mettapapelaria.com.br\/catalogo\/wp-json\/wp\/v2\/etheme_brands?post=3674"},{"taxonomy":"product_brand","embeddable":true,"href":"https:\/\/mettapapelaria.com.br\/catalogo\/wp-json\/wp\/v2\/product_brand?post=3674"},{"taxonomy":"product_cat","embeddable":true,"href":"https:\/\/mettapapelaria.com.br\/catalogo\/wp-json\/wp\/v2\/product_cat?post=3674"},{"taxonomy":"product_tag","embeddable":true,"href":"https:\/\/mettapapelaria.com.br\/catalogo\/wp-json\/wp\/v2\/product_tag?post=3674"}],"curies":[{"name":"wp","href":"https:\/\/api.w.org\/{rel}","templated":true}]}}