{"id":3519,"date":"2023-05-31T16:27:13","date_gmt":"2023-05-31T19:27:13","guid":{"rendered":"https:\/\/mettapapelaria.com.br\/catalogo\/produto\/caneta-para-tecido-branca-brw\/"},"modified":"2023-05-31T16:27:13","modified_gmt":"2023-05-31T19:27:13","slug":"caneta-para-tecido-branca-brw","status":"publish","type":"product","link":"https:\/\/mettapapelaria.com.br\/catalogo\/produto\/caneta-para-tecido-branca-brw\/","title":{"rendered":"CANETA PARA TECIDO BRANCA BRW"},"content":{"rendered":"<h4><span style=\"font-family: Arial;\">A Caneta Para Tecido Branca BRW possui anatomia mais fina que proporciona f\u00e1cil manuseio e acabamentos lindos.&nbsp;<\/span><\/h4>\n<h4><span style=\"font-family: Arial;\">A ponta redonda \u00e9 firme e resistente, possibilitando fazer tra\u00e7os precisos, detalhes para finaliza\u00e7\u00e3o, pinturas completas e at\u00e9 mesmo assinaturas.<\/span><\/h4>\n<h4><span style=\"font-family: Arial;\">\u00c9 at\u00f3xica, com excelente fixa\u00e7\u00e3o e resistente \u00e0 \u00e1gua.<\/span><\/h4>\n<h4><span style=\"font-family: Arial;\">Para utiliz\u00e1-la, lave o tecido anteriormente para remover todos os res\u00edduos. Depois, estique-o numa superf\u00edcie firme e lisa, com uma prote\u00e7\u00e3o no meio para n\u00e3o sujar o verso. Ap\u00f3s 72 horas da pintura, pode ser lavado novamente sem preocupa\u00e7\u00f5es!<\/span><\/h4>\n<h4><span style=\"font-family: Arial;\">Use na posi\u00e7\u00e3o vertical para tra\u00e7os finos e incline-a para tra\u00e7os mais grossos. Aplique pouca press\u00e3o para linhas mais suaves e mais press\u00e3o para aumentar a vaz\u00e3o de tinta.<\/span><\/h4>\n<h4><span style=\"font-family: Arial;\">Al\u00e9m de tecido, a caneta pode ser aplicada em papel, papel\u00e3o, madeira, gesso e cer\u00e2mica!<\/span><\/h4>\n<h4><span style=\"font-family: Arial;\">&nbsp;<\/span><\/h4>\n<h4><span style=\"font-family: Arial;\">Descri\u00e7\u00e3o:&nbsp;<\/span><\/h4>\n<h4>\n<ul>\n<li><span style=\"color: inherit; font-family: Arial;\">1 unidades por blister<\/span><\/li>\n<li><span style=\"font-family: Arial;\">Dimens\u00f5es do blister: 1 x 13,7cm<\/span><\/li>\n<li><span style=\"font-family: Arial;\">Dimens\u00f5es do produto: 7 x 1,2 x 20cm<\/span><\/li>\n<\/ul>\n<\/h4>\n","protected":false},"excerpt":{"rendered":"<p>A Caneta Para Tecido Branca BRW possui anatomia mais fina que proporciona f\u00e1cil manuseio e acabamentos lindos.&nbsp; A ponta redonda \u00e9 firme e resistente, possibilitando&#8230;<\/p>\n","protected":false},"featured_media":3517,"comment_status":"open","ping_status":"closed","template":"","meta":[],"etheme_brands":[],"product_brand":[],"product_cat":[43,25,15,96,34],"product_tag":[],"class_list":{"0":"post-3519","1":"product","2":"type-product","3":"status-publish","4":"has-post-thumbnail","6":"product_cat-bazar-artesanato","7":"product_cat-material","8":"product_cat-material-escritorio","9":"product_cat-tintas","10":"product_cat-tintas-guache-tempera-diversos","12":"first","13":"instock","14":"sold-individually","15":"shipping-taxable","16":"purchasable","17":"product-type-simple"},"yoast_head":"<!-- This site is optimized with the Yoast SEO plugin v26.9 - https:\/\/yoast.com\/product\/yoast-seo-wordpress\/ -->\n<title>CANETA PARA TECIDO BRANCA BRW - Metta Papelaria<\/title>\n<meta name=\"robots\" content=\"index, follow, max-snippet:-1, max-image-preview:large, max-video-preview:-1\" \/>\n<link rel=\"canonical\" href=\"https:\/\/mettapapelaria.com.br\/catalogo\/produto\/caneta-para-tecido-branca-brw\/\" \/>\n<meta property=\"og:locale\" content=\"pt_BR\" \/>\n<meta property=\"og:type\" content=\"article\" \/>\n<meta property=\"og:title\" content=\"CANETA PARA TECIDO BRANCA BRW - Metta Papelaria\" \/>\n<meta property=\"og:description\" content=\"A Caneta Para Tecido Branca BRW possui anatomia mais fina que proporciona f\u00e1cil manuseio e acabamentos lindos.&nbsp; A ponta redonda \u00e9 firme e resistente, possibilitando...\" \/>\n<meta property=\"og:url\" content=\"https:\/\/mettapapelaria.com.br\/catalogo\/produto\/caneta-para-tecido-branca-brw\/\" \/>\n<meta property=\"og:site_name\" content=\"Metta Papelaria\" \/>\n<meta property=\"article:publisher\" content=\"https:\/\/www.facebook.com\/mettapapelaria\/\" \/>\n<meta property=\"og:image\" content=\"https:\/\/mettapapelaria.com.br\/catalogo\/wp-content\/uploads\/2023\/05\/cobaia-2023-05-31T162107.482.png\" \/>\n\t<meta property=\"og:image:width\" content=\"1080\" \/>\n\t<meta property=\"og:image:height\" content=\"1080\" \/>\n\t<meta property=\"og:image:type\" content=\"image\/png\" \/>\n<meta name=\"twitter:card\" content=\"summary_large_image\" \/>\n<meta name=\"twitter:label1\" content=\"Est. tempo de leitura\" \/>\n\t<meta name=\"twitter:data1\" content=\"1 minuto\" \/>\n<script type=\"application\/ld+json\" class=\"yoast-schema-graph\">{\"@context\":\"https:\/\/schema.org\",\"@graph\":[{\"@type\":\"WebPage\",\"@id\":\"https:\/\/mettapapelaria.com.br\/catalogo\/produto\/caneta-para-tecido-branca-brw\/\",\"url\":\"https:\/\/mettapapelaria.com.br\/catalogo\/produto\/caneta-para-tecido-branca-brw\/\",\"name\":\"CANETA PARA TECIDO BRANCA BRW - Metta Papelaria\",\"isPartOf\":{\"@id\":\"https:\/\/mettapapelaria.com.br\/catalogo\/#website\"},\"primaryImageOfPage\":{\"@id\":\"https:\/\/mettapapelaria.com.br\/catalogo\/produto\/caneta-para-tecido-branca-brw\/#primaryimage\"},\"image\":{\"@id\":\"https:\/\/mettapapelaria.com.br\/catalogo\/produto\/caneta-para-tecido-branca-brw\/#primaryimage\"},\"thumbnailUrl\":\"https:\/\/mettapapelaria.com.br\/catalogo\/wp-content\/uploads\/2023\/05\/cobaia-2023-05-31T162107.482.png\",\"datePublished\":\"2023-05-31T19:27:13+00:00\",\"breadcrumb\":{\"@id\":\"https:\/\/mettapapelaria.com.br\/catalogo\/produto\/caneta-para-tecido-branca-brw\/#breadcrumb\"},\"inLanguage\":\"pt-BR\",\"potentialAction\":[{\"@type\":\"ReadAction\",\"target\":[\"https:\/\/mettapapelaria.com.br\/catalogo\/produto\/caneta-para-tecido-branca-brw\/\"]}]},{\"@type\":\"ImageObject\",\"inLanguage\":\"pt-BR\",\"@id\":\"https:\/\/mettapapelaria.com.br\/catalogo\/produto\/caneta-para-tecido-branca-brw\/#primaryimage\",\"url\":\"https:\/\/mettapapelaria.com.br\/catalogo\/wp-content\/uploads\/2023\/05\/cobaia-2023-05-31T162107.482.png\",\"contentUrl\":\"https:\/\/mettapapelaria.com.br\/catalogo\/wp-content\/uploads\/2023\/05\/cobaia-2023-05-31T162107.482.png\",\"width\":1080,\"height\":1080,\"caption\":\"CANETA PARA TECIDO BRANCA BRW\"},{\"@type\":\"BreadcrumbList\",\"@id\":\"https:\/\/mettapapelaria.com.br\/catalogo\/produto\/caneta-para-tecido-branca-brw\/#breadcrumb\",\"itemListElement\":[{\"@type\":\"ListItem\",\"position\":1,\"name\":\"In\u00edcio\",\"item\":\"https:\/\/mettapapelaria.com.br\/catalogo\/\"},{\"@type\":\"ListItem\",\"position\":2,\"name\":\"Shop\",\"item\":\"https:\/\/mettapapelaria.com.br\/catalogo\/shop\/\"},{\"@type\":\"ListItem\",\"position\":3,\"name\":\"CANETA PARA TECIDO BRANCA BRW\"}]},{\"@type\":\"WebSite\",\"@id\":\"https:\/\/mettapapelaria.com.br\/catalogo\/#website\",\"url\":\"https:\/\/mettapapelaria.com.br\/catalogo\/\",\"name\":\"Metta Papelaria\",\"description\":\"Materiais e equipamentos de escrit\u00f3rio, suprimentos para inform\u00e1tica, e uma diversificada linha de material escolar\",\"publisher\":{\"@id\":\"https:\/\/mettapapelaria.com.br\/catalogo\/#organization\"},\"potentialAction\":[{\"@type\":\"SearchAction\",\"target\":{\"@type\":\"EntryPoint\",\"urlTemplate\":\"https:\/\/mettapapelaria.com.br\/catalogo\/?s={search_term_string}\"},\"query-input\":{\"@type\":\"PropertyValueSpecification\",\"valueRequired\":true,\"valueName\":\"search_term_string\"}}],\"inLanguage\":\"pt-BR\"},{\"@type\":\"Organization\",\"@id\":\"https:\/\/mettapapelaria.com.br\/catalogo\/#organization\",\"name\":\"Metta Papelaria\",\"url\":\"https:\/\/mettapapelaria.com.br\/catalogo\/\",\"logo\":{\"@type\":\"ImageObject\",\"inLanguage\":\"pt-BR\",\"@id\":\"https:\/\/mettapapelaria.com.br\/catalogo\/#\/schema\/logo\/image\/\",\"url\":\"https:\/\/mettapapelaria.com.br\/catalogo\/wp-content\/uploads\/2023\/12\/cropped-favicon-Metta_512-1.png\",\"contentUrl\":\"https:\/\/mettapapelaria.com.br\/catalogo\/wp-content\/uploads\/2023\/12\/cropped-favicon-Metta_512-1.png\",\"width\":512,\"height\":512,\"caption\":\"Metta Papelaria\"},\"image\":{\"@id\":\"https:\/\/mettapapelaria.com.br\/catalogo\/#\/schema\/logo\/image\/\"},\"sameAs\":[\"https:\/\/www.facebook.com\/mettapapelaria\/\",\"https:\/\/www.instagram.com\/papelariametta\/\"]}]}<\/script>\n<!-- \/ Yoast SEO plugin. -->","yoast_head_json":{"title":"CANETA PARA TECIDO BRANCA BRW - Metta Papelaria","robots":{"index":"index","follow":"follow","max-snippet":"max-snippet:-1","max-image-preview":"max-image-preview:large","max-video-preview":"max-video-preview:-1"},"canonical":"https:\/\/mettapapelaria.com.br\/catalogo\/produto\/caneta-para-tecido-branca-brw\/","og_locale":"pt_BR","og_type":"article","og_title":"CANETA PARA TECIDO BRANCA BRW - Metta Papelaria","og_description":"A Caneta Para Tecido Branca BRW possui anatomia mais fina que proporciona f\u00e1cil manuseio e acabamentos lindos.&nbsp; A ponta redonda \u00e9 firme e resistente, possibilitando...","og_url":"https:\/\/mettapapelaria.com.br\/catalogo\/produto\/caneta-para-tecido-branca-brw\/","og_site_name":"Metta Papelaria","article_publisher":"https:\/\/www.facebook.com\/mettapapelaria\/","og_image":[{"width":1080,"height":1080,"url":"https:\/\/mettapapelaria.com.br\/catalogo\/wp-content\/uploads\/2023\/05\/cobaia-2023-05-31T162107.482.png","type":"image\/png"}],"twitter_card":"summary_large_image","twitter_misc":{"Est. tempo de leitura":"1 minuto"},"schema":{"@context":"https:\/\/schema.org","@graph":[{"@type":"WebPage","@id":"https:\/\/mettapapelaria.com.br\/catalogo\/produto\/caneta-para-tecido-branca-brw\/","url":"https:\/\/mettapapelaria.com.br\/catalogo\/produto\/caneta-para-tecido-branca-brw\/","name":"CANETA PARA TECIDO BRANCA BRW - Metta Papelaria","isPartOf":{"@id":"https:\/\/mettapapelaria.com.br\/catalogo\/#website"},"primaryImageOfPage":{"@id":"https:\/\/mettapapelaria.com.br\/catalogo\/produto\/caneta-para-tecido-branca-brw\/#primaryimage"},"image":{"@id":"https:\/\/mettapapelaria.com.br\/catalogo\/produto\/caneta-para-tecido-branca-brw\/#primaryimage"},"thumbnailUrl":"https:\/\/mettapapelaria.com.br\/catalogo\/wp-content\/uploads\/2023\/05\/cobaia-2023-05-31T162107.482.png","datePublished":"2023-05-31T19:27:13+00:00","breadcrumb":{"@id":"https:\/\/mettapapelaria.com.br\/catalogo\/produto\/caneta-para-tecido-branca-brw\/#breadcrumb"},"inLanguage":"pt-BR","potentialAction":[{"@type":"ReadAction","target":["https:\/\/mettapapelaria.com.br\/catalogo\/produto\/caneta-para-tecido-branca-brw\/"]}]},{"@type":"ImageObject","inLanguage":"pt-BR","@id":"https:\/\/mettapapelaria.com.br\/catalogo\/produto\/caneta-para-tecido-branca-brw\/#primaryimage","url":"https:\/\/mettapapelaria.com.br\/catalogo\/wp-content\/uploads\/2023\/05\/cobaia-2023-05-31T162107.482.png","contentUrl":"https:\/\/mettapapelaria.com.br\/catalogo\/wp-content\/uploads\/2023\/05\/cobaia-2023-05-31T162107.482.png","width":1080,"height":1080,"caption":"CANETA PARA TECIDO BRANCA BRW"},{"@type":"BreadcrumbList","@id":"https:\/\/mettapapelaria.com.br\/catalogo\/produto\/caneta-para-tecido-branca-brw\/#breadcrumb","itemListElement":[{"@type":"ListItem","position":1,"name":"In\u00edcio","item":"https:\/\/mettapapelaria.com.br\/catalogo\/"},{"@type":"ListItem","position":2,"name":"Shop","item":"https:\/\/mettapapelaria.com.br\/catalogo\/shop\/"},{"@type":"ListItem","position":3,"name":"CANETA PARA TECIDO BRANCA BRW"}]},{"@type":"WebSite","@id":"https:\/\/mettapapelaria.com.br\/catalogo\/#website","url":"https:\/\/mettapapelaria.com.br\/catalogo\/","name":"Metta Papelaria","description":"Materiais e equipamentos de escrit\u00f3rio, suprimentos para inform\u00e1tica, e uma diversificada linha de material escolar","publisher":{"@id":"https:\/\/mettapapelaria.com.br\/catalogo\/#organization"},"potentialAction":[{"@type":"SearchAction","target":{"@type":"EntryPoint","urlTemplate":"https:\/\/mettapapelaria.com.br\/catalogo\/?s={search_term_string}"},"query-input":{"@type":"PropertyValueSpecification","valueRequired":true,"valueName":"search_term_string"}}],"inLanguage":"pt-BR"},{"@type":"Organization","@id":"https:\/\/mettapapelaria.com.br\/catalogo\/#organization","name":"Metta Papelaria","url":"https:\/\/mettapapelaria.com.br\/catalogo\/","logo":{"@type":"ImageObject","inLanguage":"pt-BR","@id":"https:\/\/mettapapelaria.com.br\/catalogo\/#\/schema\/logo\/image\/","url":"https:\/\/mettapapelaria.com.br\/catalogo\/wp-content\/uploads\/2023\/12\/cropped-favicon-Metta_512-1.png","contentUrl":"https:\/\/mettapapelaria.com.br\/catalogo\/wp-content\/uploads\/2023\/12\/cropped-favicon-Metta_512-1.png","width":512,"height":512,"caption":"Metta Papelaria"},"image":{"@id":"https:\/\/mettapapelaria.com.br\/catalogo\/#\/schema\/logo\/image\/"},"sameAs":["https:\/\/www.facebook.com\/mettapapelaria\/","https:\/\/www.instagram.com\/papelariametta\/"]}]}},"_links":{"self":[{"href":"https:\/\/mettapapelaria.com.br\/catalogo\/wp-json\/wp\/v2\/product\/3519","targetHints":{"allow":["GET"]}}],"collection":[{"href":"https:\/\/mettapapelaria.com.br\/catalogo\/wp-json\/wp\/v2\/product"}],"about":[{"href":"https:\/\/mettapapelaria.com.br\/catalogo\/wp-json\/wp\/v2\/types\/product"}],"replies":[{"embeddable":true,"href":"https:\/\/mettapapelaria.com.br\/catalogo\/wp-json\/wp\/v2\/comments?post=3519"}],"version-history":[{"count":0,"href":"https:\/\/mettapapelaria.com.br\/catalogo\/wp-json\/wp\/v2\/product\/3519\/revisions"}],"wp:featuredmedia":[{"embeddable":true,"href":"https:\/\/mettapapelaria.com.br\/catalogo\/wp-json\/wp\/v2\/media\/3517"}],"wp:attachment":[{"href":"https:\/\/mettapapelaria.com.br\/catalogo\/wp-json\/wp\/v2\/media?parent=3519"}],"wp:term":[{"taxonomy":"brand","embeddable":true,"href":"https:\/\/mettapapelaria.com.br\/catalogo\/wp-json\/wp\/v2\/etheme_brands?post=3519"},{"taxonomy":"product_brand","embeddable":true,"href":"https:\/\/mettapapelaria.com.br\/catalogo\/wp-json\/wp\/v2\/product_brand?post=3519"},{"taxonomy":"product_cat","embeddable":true,"href":"https:\/\/mettapapelaria.com.br\/catalogo\/wp-json\/wp\/v2\/product_cat?post=3519"},{"taxonomy":"product_tag","embeddable":true,"href":"https:\/\/mettapapelaria.com.br\/catalogo\/wp-json\/wp\/v2\/product_tag?post=3519"}],"curies":[{"name":"wp","href":"https:\/\/api.w.org\/{rel}","templated":true}]}}