{"id":3414,"date":"2023-03-30T14:57:58","date_gmt":"2023-03-30T17:57:58","guid":{"rendered":"https:\/\/mettapapelaria.com.br\/catalogo\/produto\/kit-canetas-4-cores-cristal-fashion-1-2-bic\/"},"modified":"2023-03-30T14:57:58","modified_gmt":"2023-03-30T17:57:58","slug":"kit-canetas-4-cores-cristal-fashion-1-2-bic","status":"publish","type":"product","link":"https:\/\/mettapapelaria.com.br\/catalogo\/produto\/kit-canetas-4-cores-cristal-fashion-1-2-bic\/","title":{"rendered":"KIT CANETAS 4 CORES CRISTAL FASHION 1.2 BIC"},"content":{"rendered":"<h4><span style=\"font-family: Arial;\">As canetas esferogr\u00e1ficas BIC Cristal Fashion tem ponta grossa e escrita intensa, que proporciona maciez e um deslizar ultra f\u00e1cil. Possui tampa ventilada que garante a seguran\u00e7a do produto. Dispon\u00edvel em cores vibrantes. Com a linha de materiais da BIC voc\u00ea garante toda a qualidade necess\u00e1ria para realizar suas tarefas di\u00e1rias e trabalhos impec\u00e1veis. Com modelos e fun\u00e7\u00f5es diferentes, a linha BIC \u00e9 ideal para decorar sua mesa de trabalho, seu material escolar ou seu escrit\u00f3rio te ajudando a manter sempre por perto tudo o que precisa. A caneta BIC Cristal Fashion \u00e9 ideal para quem quer sair da rotina!<\/span><\/h4>\n<h4><span style=\"font-family: Arial;\">Diferenciadores:<\/span><\/h4>\n<h4>\n<ul>\n<li><span style=\"font-family: Arial;\">Escrita colorida e suave.<\/span><\/li>\n<li><span style=\"font-family: Arial;\">Ponta 1.2mm para escrita macia e cores vibrantes.<\/span><\/li>\n<li><span style=\"font-family: Arial;\">Tampa e corpo acompanha a cor da tinta.<\/span><\/li>\n<li><span style=\"font-family: Arial;\">Bola de Tungst\u00eanio, esfera perfeita e muito resistente.<\/span><\/li>\n<li><span style=\"font-family: Arial;\">Tampa ventilada.<\/span><\/li>\n<\/ul>\n<\/h4>\n<h4><span style=\"font-family: Arial;\">Especifica\u00e7\u00f5es<\/span><\/h4>\n<h4>\n<ul>\n<li><span style=\"font-family: Arial;\">Cor: Azul celeste, verde claro, rosa e roxa<\/span><\/li>\n<li><span style=\"font-family: Arial;\">Indica\u00e7\u00f5es: Para escrever<\/span><\/li>\n<li><span style=\"font-family: Arial;\">Volume: Blister 4 unidades<\/span><\/li>\n<\/ul>\n<\/h4>\n","protected":false},"excerpt":{"rendered":"<p>As canetas esferogr\u00e1ficas BIC Cristal Fashion tem ponta grossa e escrita intensa, que proporciona maciez e um deslizar ultra f\u00e1cil. Possui tampa ventilada que garante&#8230;<\/p>\n","protected":false},"featured_media":3411,"comment_status":"open","ping_status":"closed","template":"","meta":[],"etheme_brands":[],"product_brand":[],"product_cat":[21,152,157,25,16,15],"product_tag":[],"class_list":{"0":"post-3414","1":"product","2":"type-product","3":"status-publish","4":"has-post-thumbnail","6":"product_cat-canetas","7":"product_cat-canetas-esferograficas","8":"product_cat-canetas-esferograficass","9":"product_cat-material","10":"product_cat-material-escolar","11":"product_cat-material-escritorio","13":"first","14":"instock","15":"sold-individually","16":"shipping-taxable","17":"purchasable","18":"product-type-simple"},"yoast_head":"<!-- This site is optimized with the Yoast SEO plugin v26.9 - https:\/\/yoast.com\/product\/yoast-seo-wordpress\/ -->\n<title>KIT CANETAS 4 CORES CRISTAL FASHION 1.2 BIC - Metta Papelaria<\/title>\n<meta name=\"robots\" content=\"index, follow, max-snippet:-1, max-image-preview:large, max-video-preview:-1\" \/>\n<link rel=\"canonical\" href=\"https:\/\/mettapapelaria.com.br\/catalogo\/produto\/kit-canetas-4-cores-cristal-fashion-1-2-bic\/\" \/>\n<meta property=\"og:locale\" content=\"pt_BR\" \/>\n<meta property=\"og:type\" content=\"article\" \/>\n<meta property=\"og:title\" content=\"KIT CANETAS 4 CORES CRISTAL FASHION 1.2 BIC - Metta Papelaria\" \/>\n<meta property=\"og:description\" content=\"As canetas esferogr\u00e1ficas BIC Cristal Fashion tem ponta grossa e escrita intensa, que proporciona maciez e um deslizar ultra f\u00e1cil. Possui tampa ventilada que garante...\" \/>\n<meta property=\"og:url\" content=\"https:\/\/mettapapelaria.com.br\/catalogo\/produto\/kit-canetas-4-cores-cristal-fashion-1-2-bic\/\" \/>\n<meta property=\"og:site_name\" content=\"Metta Papelaria\" \/>\n<meta property=\"article:publisher\" content=\"https:\/\/www.facebook.com\/mettapapelaria\/\" \/>\n<meta property=\"og:image\" content=\"https:\/\/mettapapelaria.com.br\/catalogo\/wp-content\/uploads\/2023\/03\/KIT-CANETAS-4-CORES-CRISTAL-FASHION-1.2-BIC.png\" \/>\n\t<meta property=\"og:image:width\" content=\"1080\" \/>\n\t<meta property=\"og:image:height\" content=\"1080\" \/>\n\t<meta property=\"og:image:type\" content=\"image\/png\" \/>\n<meta name=\"twitter:card\" content=\"summary_large_image\" \/>\n<meta name=\"twitter:label1\" content=\"Est. tempo de leitura\" \/>\n\t<meta name=\"twitter:data1\" content=\"1 minuto\" \/>\n<script type=\"application\/ld+json\" class=\"yoast-schema-graph\">{\"@context\":\"https:\/\/schema.org\",\"@graph\":[{\"@type\":\"WebPage\",\"@id\":\"https:\/\/mettapapelaria.com.br\/catalogo\/produto\/kit-canetas-4-cores-cristal-fashion-1-2-bic\/\",\"url\":\"https:\/\/mettapapelaria.com.br\/catalogo\/produto\/kit-canetas-4-cores-cristal-fashion-1-2-bic\/\",\"name\":\"KIT CANETAS 4 CORES CRISTAL FASHION 1.2 BIC - Metta Papelaria\",\"isPartOf\":{\"@id\":\"https:\/\/mettapapelaria.com.br\/catalogo\/#website\"},\"primaryImageOfPage\":{\"@id\":\"https:\/\/mettapapelaria.com.br\/catalogo\/produto\/kit-canetas-4-cores-cristal-fashion-1-2-bic\/#primaryimage\"},\"image\":{\"@id\":\"https:\/\/mettapapelaria.com.br\/catalogo\/produto\/kit-canetas-4-cores-cristal-fashion-1-2-bic\/#primaryimage\"},\"thumbnailUrl\":\"https:\/\/mettapapelaria.com.br\/catalogo\/wp-content\/uploads\/2023\/03\/KIT-CANETAS-4-CORES-CRISTAL-FASHION-1.2-BIC.png\",\"datePublished\":\"2023-03-30T17:57:58+00:00\",\"breadcrumb\":{\"@id\":\"https:\/\/mettapapelaria.com.br\/catalogo\/produto\/kit-canetas-4-cores-cristal-fashion-1-2-bic\/#breadcrumb\"},\"inLanguage\":\"pt-BR\",\"potentialAction\":[{\"@type\":\"ReadAction\",\"target\":[\"https:\/\/mettapapelaria.com.br\/catalogo\/produto\/kit-canetas-4-cores-cristal-fashion-1-2-bic\/\"]}]},{\"@type\":\"ImageObject\",\"inLanguage\":\"pt-BR\",\"@id\":\"https:\/\/mettapapelaria.com.br\/catalogo\/produto\/kit-canetas-4-cores-cristal-fashion-1-2-bic\/#primaryimage\",\"url\":\"https:\/\/mettapapelaria.com.br\/catalogo\/wp-content\/uploads\/2023\/03\/KIT-CANETAS-4-CORES-CRISTAL-FASHION-1.2-BIC.png\",\"contentUrl\":\"https:\/\/mettapapelaria.com.br\/catalogo\/wp-content\/uploads\/2023\/03\/KIT-CANETAS-4-CORES-CRISTAL-FASHION-1.2-BIC.png\",\"width\":1080,\"height\":1080,\"caption\":\"KIT CANETAS 4 CORES CRISTAL FASHION 1.2 BIC\"},{\"@type\":\"BreadcrumbList\",\"@id\":\"https:\/\/mettapapelaria.com.br\/catalogo\/produto\/kit-canetas-4-cores-cristal-fashion-1-2-bic\/#breadcrumb\",\"itemListElement\":[{\"@type\":\"ListItem\",\"position\":1,\"name\":\"In\u00edcio\",\"item\":\"https:\/\/mettapapelaria.com.br\/catalogo\/\"},{\"@type\":\"ListItem\",\"position\":2,\"name\":\"Shop\",\"item\":\"https:\/\/mettapapelaria.com.br\/catalogo\/shop\/\"},{\"@type\":\"ListItem\",\"position\":3,\"name\":\"KIT CANETAS 4 CORES CRISTAL FASHION 1.2 BIC\"}]},{\"@type\":\"WebSite\",\"@id\":\"https:\/\/mettapapelaria.com.br\/catalogo\/#website\",\"url\":\"https:\/\/mettapapelaria.com.br\/catalogo\/\",\"name\":\"Metta Papelaria\",\"description\":\"Materiais e equipamentos de escrit\u00f3rio, suprimentos para inform\u00e1tica, e uma diversificada linha de material escolar\",\"publisher\":{\"@id\":\"https:\/\/mettapapelaria.com.br\/catalogo\/#organization\"},\"potentialAction\":[{\"@type\":\"SearchAction\",\"target\":{\"@type\":\"EntryPoint\",\"urlTemplate\":\"https:\/\/mettapapelaria.com.br\/catalogo\/?s={search_term_string}\"},\"query-input\":{\"@type\":\"PropertyValueSpecification\",\"valueRequired\":true,\"valueName\":\"search_term_string\"}}],\"inLanguage\":\"pt-BR\"},{\"@type\":\"Organization\",\"@id\":\"https:\/\/mettapapelaria.com.br\/catalogo\/#organization\",\"name\":\"Metta Papelaria\",\"url\":\"https:\/\/mettapapelaria.com.br\/catalogo\/\",\"logo\":{\"@type\":\"ImageObject\",\"inLanguage\":\"pt-BR\",\"@id\":\"https:\/\/mettapapelaria.com.br\/catalogo\/#\/schema\/logo\/image\/\",\"url\":\"https:\/\/mettapapelaria.com.br\/catalogo\/wp-content\/uploads\/2023\/12\/cropped-favicon-Metta_512-1.png\",\"contentUrl\":\"https:\/\/mettapapelaria.com.br\/catalogo\/wp-content\/uploads\/2023\/12\/cropped-favicon-Metta_512-1.png\",\"width\":512,\"height\":512,\"caption\":\"Metta Papelaria\"},\"image\":{\"@id\":\"https:\/\/mettapapelaria.com.br\/catalogo\/#\/schema\/logo\/image\/\"},\"sameAs\":[\"https:\/\/www.facebook.com\/mettapapelaria\/\",\"https:\/\/www.instagram.com\/papelariametta\/\"]}]}<\/script>\n<!-- \/ Yoast SEO plugin. -->","yoast_head_json":{"title":"KIT CANETAS 4 CORES CRISTAL FASHION 1.2 BIC - Metta Papelaria","robots":{"index":"index","follow":"follow","max-snippet":"max-snippet:-1","max-image-preview":"max-image-preview:large","max-video-preview":"max-video-preview:-1"},"canonical":"https:\/\/mettapapelaria.com.br\/catalogo\/produto\/kit-canetas-4-cores-cristal-fashion-1-2-bic\/","og_locale":"pt_BR","og_type":"article","og_title":"KIT CANETAS 4 CORES CRISTAL FASHION 1.2 BIC - Metta Papelaria","og_description":"As canetas esferogr\u00e1ficas BIC Cristal Fashion tem ponta grossa e escrita intensa, que proporciona maciez e um deslizar ultra f\u00e1cil. Possui tampa ventilada que garante...","og_url":"https:\/\/mettapapelaria.com.br\/catalogo\/produto\/kit-canetas-4-cores-cristal-fashion-1-2-bic\/","og_site_name":"Metta Papelaria","article_publisher":"https:\/\/www.facebook.com\/mettapapelaria\/","og_image":[{"width":1080,"height":1080,"url":"https:\/\/mettapapelaria.com.br\/catalogo\/wp-content\/uploads\/2023\/03\/KIT-CANETAS-4-CORES-CRISTAL-FASHION-1.2-BIC.png","type":"image\/png"}],"twitter_card":"summary_large_image","twitter_misc":{"Est. tempo de leitura":"1 minuto"},"schema":{"@context":"https:\/\/schema.org","@graph":[{"@type":"WebPage","@id":"https:\/\/mettapapelaria.com.br\/catalogo\/produto\/kit-canetas-4-cores-cristal-fashion-1-2-bic\/","url":"https:\/\/mettapapelaria.com.br\/catalogo\/produto\/kit-canetas-4-cores-cristal-fashion-1-2-bic\/","name":"KIT CANETAS 4 CORES CRISTAL FASHION 1.2 BIC - Metta Papelaria","isPartOf":{"@id":"https:\/\/mettapapelaria.com.br\/catalogo\/#website"},"primaryImageOfPage":{"@id":"https:\/\/mettapapelaria.com.br\/catalogo\/produto\/kit-canetas-4-cores-cristal-fashion-1-2-bic\/#primaryimage"},"image":{"@id":"https:\/\/mettapapelaria.com.br\/catalogo\/produto\/kit-canetas-4-cores-cristal-fashion-1-2-bic\/#primaryimage"},"thumbnailUrl":"https:\/\/mettapapelaria.com.br\/catalogo\/wp-content\/uploads\/2023\/03\/KIT-CANETAS-4-CORES-CRISTAL-FASHION-1.2-BIC.png","datePublished":"2023-03-30T17:57:58+00:00","breadcrumb":{"@id":"https:\/\/mettapapelaria.com.br\/catalogo\/produto\/kit-canetas-4-cores-cristal-fashion-1-2-bic\/#breadcrumb"},"inLanguage":"pt-BR","potentialAction":[{"@type":"ReadAction","target":["https:\/\/mettapapelaria.com.br\/catalogo\/produto\/kit-canetas-4-cores-cristal-fashion-1-2-bic\/"]}]},{"@type":"ImageObject","inLanguage":"pt-BR","@id":"https:\/\/mettapapelaria.com.br\/catalogo\/produto\/kit-canetas-4-cores-cristal-fashion-1-2-bic\/#primaryimage","url":"https:\/\/mettapapelaria.com.br\/catalogo\/wp-content\/uploads\/2023\/03\/KIT-CANETAS-4-CORES-CRISTAL-FASHION-1.2-BIC.png","contentUrl":"https:\/\/mettapapelaria.com.br\/catalogo\/wp-content\/uploads\/2023\/03\/KIT-CANETAS-4-CORES-CRISTAL-FASHION-1.2-BIC.png","width":1080,"height":1080,"caption":"KIT CANETAS 4 CORES CRISTAL FASHION 1.2 BIC"},{"@type":"BreadcrumbList","@id":"https:\/\/mettapapelaria.com.br\/catalogo\/produto\/kit-canetas-4-cores-cristal-fashion-1-2-bic\/#breadcrumb","itemListElement":[{"@type":"ListItem","position":1,"name":"In\u00edcio","item":"https:\/\/mettapapelaria.com.br\/catalogo\/"},{"@type":"ListItem","position":2,"name":"Shop","item":"https:\/\/mettapapelaria.com.br\/catalogo\/shop\/"},{"@type":"ListItem","position":3,"name":"KIT CANETAS 4 CORES CRISTAL FASHION 1.2 BIC"}]},{"@type":"WebSite","@id":"https:\/\/mettapapelaria.com.br\/catalogo\/#website","url":"https:\/\/mettapapelaria.com.br\/catalogo\/","name":"Metta Papelaria","description":"Materiais e equipamentos de escrit\u00f3rio, suprimentos para inform\u00e1tica, e uma diversificada linha de material escolar","publisher":{"@id":"https:\/\/mettapapelaria.com.br\/catalogo\/#organization"},"potentialAction":[{"@type":"SearchAction","target":{"@type":"EntryPoint","urlTemplate":"https:\/\/mettapapelaria.com.br\/catalogo\/?s={search_term_string}"},"query-input":{"@type":"PropertyValueSpecification","valueRequired":true,"valueName":"search_term_string"}}],"inLanguage":"pt-BR"},{"@type":"Organization","@id":"https:\/\/mettapapelaria.com.br\/catalogo\/#organization","name":"Metta Papelaria","url":"https:\/\/mettapapelaria.com.br\/catalogo\/","logo":{"@type":"ImageObject","inLanguage":"pt-BR","@id":"https:\/\/mettapapelaria.com.br\/catalogo\/#\/schema\/logo\/image\/","url":"https:\/\/mettapapelaria.com.br\/catalogo\/wp-content\/uploads\/2023\/12\/cropped-favicon-Metta_512-1.png","contentUrl":"https:\/\/mettapapelaria.com.br\/catalogo\/wp-content\/uploads\/2023\/12\/cropped-favicon-Metta_512-1.png","width":512,"height":512,"caption":"Metta Papelaria"},"image":{"@id":"https:\/\/mettapapelaria.com.br\/catalogo\/#\/schema\/logo\/image\/"},"sameAs":["https:\/\/www.facebook.com\/mettapapelaria\/","https:\/\/www.instagram.com\/papelariametta\/"]}]}},"_links":{"self":[{"href":"https:\/\/mettapapelaria.com.br\/catalogo\/wp-json\/wp\/v2\/product\/3414","targetHints":{"allow":["GET"]}}],"collection":[{"href":"https:\/\/mettapapelaria.com.br\/catalogo\/wp-json\/wp\/v2\/product"}],"about":[{"href":"https:\/\/mettapapelaria.com.br\/catalogo\/wp-json\/wp\/v2\/types\/product"}],"replies":[{"embeddable":true,"href":"https:\/\/mettapapelaria.com.br\/catalogo\/wp-json\/wp\/v2\/comments?post=3414"}],"version-history":[{"count":0,"href":"https:\/\/mettapapelaria.com.br\/catalogo\/wp-json\/wp\/v2\/product\/3414\/revisions"}],"wp:featuredmedia":[{"embeddable":true,"href":"https:\/\/mettapapelaria.com.br\/catalogo\/wp-json\/wp\/v2\/media\/3411"}],"wp:attachment":[{"href":"https:\/\/mettapapelaria.com.br\/catalogo\/wp-json\/wp\/v2\/media?parent=3414"}],"wp:term":[{"taxonomy":"brand","embeddable":true,"href":"https:\/\/mettapapelaria.com.br\/catalogo\/wp-json\/wp\/v2\/etheme_brands?post=3414"},{"taxonomy":"product_brand","embeddable":true,"href":"https:\/\/mettapapelaria.com.br\/catalogo\/wp-json\/wp\/v2\/product_brand?post=3414"},{"taxonomy":"product_cat","embeddable":true,"href":"https:\/\/mettapapelaria.com.br\/catalogo\/wp-json\/wp\/v2\/product_cat?post=3414"},{"taxonomy":"product_tag","embeddable":true,"href":"https:\/\/mettapapelaria.com.br\/catalogo\/wp-json\/wp\/v2\/product_tag?post=3414"}],"curies":[{"name":"wp","href":"https:\/\/api.w.org\/{rel}","templated":true}]}}