{"id":3282,"date":"2023-02-02T11:19:21","date_gmt":"2023-02-02T14:19:21","guid":{"rendered":"https:\/\/mettapapelaria.com.br\/catalogo\/produto\/tabuada-divertida-editora-brasileitura\/"},"modified":"2023-02-02T11:19:21","modified_gmt":"2023-02-02T14:19:21","slug":"tabuada-divertida-editora-brasileitura","status":"publish","type":"product","link":"https:\/\/mettapapelaria.com.br\/catalogo\/produto\/tabuada-divertida-editora-brasileitura\/","title":{"rendered":"TABUADA DIVERTIDA EDITORA BRASILEITURA"},"content":{"rendered":"<h4><span style=\"font-family: Arial;\">A multiplica\u00e7\u00e3o existe para facilitar a vida, n\u00e3o para complic\u00e1-la. Este livro mostra como fixar a tabuada na mente de modo pr\u00e1tico e divertido, com truques, humor e linguagem f\u00e1cil.<\/span><\/h4>\n<h4><span style=\"font-family: Arial;\">Cativar o leitor e faz\u00ea-lo entender a l\u00f3gica da matem\u00e1tica \u00e9 um dos objetivos da obra, que, para isso, apresenta exemplos pr\u00e1ticos do universo infantojuvenil e brincadeiras. O aluno ter\u00e1 oportunidade de interagir com o livro e, certamente, vai se encantar com o mundo fascinante da matem\u00e1tica.<\/span><\/h4>\n<h4><span style=\"font-family: Arial;\">Aprender a Tabuada de modo bem-humorado e utilizando um racioc\u00ednio simples para a associa\u00e7\u00e3o de valores e c\u00e1lculos: eis o objetivo deste livro. Com linguagem adequada para a faixa et\u00e1ria, figuras e explica\u00e7\u00f5es pedagogicamente constru\u00eddas para as crian\u00e7as, a Tabuada Divertida torna este aprendizado uma alegria.<\/span><\/h4>\n<h4><span style=\"font-family: Arial;\">DETALHES:<\/span><\/h4>\n<h4>\n<ul>\n<li><span style=\"font-family: Arial;\">Autor: Heine,&nbsp;Evelyn<\/span><\/li>\n<li><span style=\"color: inherit; font-family: Arial;\">Formato: 13,5\u00d720 cm<\/span><\/li>\n<li><span style=\"font-family: Arial;\">P\u00e1ginas: 16<\/span><\/li>\n<li><span style=\"font-family: Arial;\">Faixa Et\u00e1ria: A partir de 6 anos<\/span><\/li>\n<li><span style=\"font-family: Arial;\">Acabamento: Brochura, grampeado<\/span><\/li>\n<\/ul>\n<\/h4>\n","protected":false},"excerpt":{"rendered":"<p>A multiplica\u00e7\u00e3o existe para facilitar a vida, n\u00e3o para complic\u00e1-la. Este livro mostra como fixar a tabuada na mente de modo pr\u00e1tico e divertido, com&#8230;<\/p>\n","protected":false},"featured_media":3280,"comment_status":"open","ping_status":"closed","template":"","meta":[],"etheme_brands":[],"product_brand":[],"product_cat":[24,25,16],"product_tag":[],"class_list":{"0":"post-3282","1":"product","2":"type-product","3":"status-publish","4":"has-post-thumbnail","6":"product_cat-dicionarios-livros-mapas","7":"product_cat-material","8":"product_cat-material-escolar","10":"first","11":"instock","12":"sold-individually","13":"shipping-taxable","14":"purchasable","15":"product-type-simple"},"yoast_head":"<!-- This site is optimized with the Yoast SEO plugin v26.9 - https:\/\/yoast.com\/product\/yoast-seo-wordpress\/ -->\n<title>TABUADA DIVERTIDA EDITORA BRASILEITURA - Metta Papelaria<\/title>\n<meta name=\"robots\" content=\"index, follow, max-snippet:-1, max-image-preview:large, max-video-preview:-1\" \/>\n<link rel=\"canonical\" href=\"https:\/\/mettapapelaria.com.br\/catalogo\/produto\/tabuada-divertida-editora-brasileitura\/\" \/>\n<meta property=\"og:locale\" content=\"pt_BR\" \/>\n<meta property=\"og:type\" content=\"article\" \/>\n<meta property=\"og:title\" content=\"TABUADA DIVERTIDA EDITORA BRASILEITURA - Metta Papelaria\" \/>\n<meta property=\"og:description\" content=\"A multiplica\u00e7\u00e3o existe para facilitar a vida, n\u00e3o para complic\u00e1-la. Este livro mostra como fixar a tabuada na mente de modo pr\u00e1tico e divertido, com...\" \/>\n<meta property=\"og:url\" content=\"https:\/\/mettapapelaria.com.br\/catalogo\/produto\/tabuada-divertida-editora-brasileitura\/\" \/>\n<meta property=\"og:site_name\" content=\"Metta Papelaria\" \/>\n<meta property=\"article:publisher\" content=\"https:\/\/www.facebook.com\/mettapapelaria\/\" \/>\n<meta property=\"og:image\" content=\"https:\/\/mettapapelaria.com.br\/catalogo\/wp-content\/uploads\/2023\/02\/TABUADA-DIVERTIDA-EDITORA-BRASILEITURA.png\" \/>\n\t<meta property=\"og:image:width\" content=\"1080\" \/>\n\t<meta property=\"og:image:height\" content=\"1080\" \/>\n\t<meta property=\"og:image:type\" content=\"image\/png\" \/>\n<meta name=\"twitter:card\" content=\"summary_large_image\" \/>\n<meta name=\"twitter:label1\" content=\"Est. tempo de leitura\" \/>\n\t<meta name=\"twitter:data1\" content=\"1 minuto\" \/>\n<script type=\"application\/ld+json\" class=\"yoast-schema-graph\">{\"@context\":\"https:\/\/schema.org\",\"@graph\":[{\"@type\":\"WebPage\",\"@id\":\"https:\/\/mettapapelaria.com.br\/catalogo\/produto\/tabuada-divertida-editora-brasileitura\/\",\"url\":\"https:\/\/mettapapelaria.com.br\/catalogo\/produto\/tabuada-divertida-editora-brasileitura\/\",\"name\":\"TABUADA DIVERTIDA EDITORA BRASILEITURA - Metta Papelaria\",\"isPartOf\":{\"@id\":\"https:\/\/mettapapelaria.com.br\/catalogo\/#website\"},\"primaryImageOfPage\":{\"@id\":\"https:\/\/mettapapelaria.com.br\/catalogo\/produto\/tabuada-divertida-editora-brasileitura\/#primaryimage\"},\"image\":{\"@id\":\"https:\/\/mettapapelaria.com.br\/catalogo\/produto\/tabuada-divertida-editora-brasileitura\/#primaryimage\"},\"thumbnailUrl\":\"https:\/\/mettapapelaria.com.br\/catalogo\/wp-content\/uploads\/2023\/02\/TABUADA-DIVERTIDA-EDITORA-BRASILEITURA.png\",\"datePublished\":\"2023-02-02T14:19:21+00:00\",\"breadcrumb\":{\"@id\":\"https:\/\/mettapapelaria.com.br\/catalogo\/produto\/tabuada-divertida-editora-brasileitura\/#breadcrumb\"},\"inLanguage\":\"pt-BR\",\"potentialAction\":[{\"@type\":\"ReadAction\",\"target\":[\"https:\/\/mettapapelaria.com.br\/catalogo\/produto\/tabuada-divertida-editora-brasileitura\/\"]}]},{\"@type\":\"ImageObject\",\"inLanguage\":\"pt-BR\",\"@id\":\"https:\/\/mettapapelaria.com.br\/catalogo\/produto\/tabuada-divertida-editora-brasileitura\/#primaryimage\",\"url\":\"https:\/\/mettapapelaria.com.br\/catalogo\/wp-content\/uploads\/2023\/02\/TABUADA-DIVERTIDA-EDITORA-BRASILEITURA.png\",\"contentUrl\":\"https:\/\/mettapapelaria.com.br\/catalogo\/wp-content\/uploads\/2023\/02\/TABUADA-DIVERTIDA-EDITORA-BRASILEITURA.png\",\"width\":1080,\"height\":1080,\"caption\":\"TABUADA DIVERTIDA EDITORA BRASILEITURA\"},{\"@type\":\"BreadcrumbList\",\"@id\":\"https:\/\/mettapapelaria.com.br\/catalogo\/produto\/tabuada-divertida-editora-brasileitura\/#breadcrumb\",\"itemListElement\":[{\"@type\":\"ListItem\",\"position\":1,\"name\":\"In\u00edcio\",\"item\":\"https:\/\/mettapapelaria.com.br\/catalogo\/\"},{\"@type\":\"ListItem\",\"position\":2,\"name\":\"Shop\",\"item\":\"https:\/\/mettapapelaria.com.br\/catalogo\/shop\/\"},{\"@type\":\"ListItem\",\"position\":3,\"name\":\"TABUADA DIVERTIDA EDITORA BRASILEITURA\"}]},{\"@type\":\"WebSite\",\"@id\":\"https:\/\/mettapapelaria.com.br\/catalogo\/#website\",\"url\":\"https:\/\/mettapapelaria.com.br\/catalogo\/\",\"name\":\"Metta Papelaria\",\"description\":\"Materiais e equipamentos de escrit\u00f3rio, suprimentos para inform\u00e1tica, e uma diversificada linha de material escolar\",\"publisher\":{\"@id\":\"https:\/\/mettapapelaria.com.br\/catalogo\/#organization\"},\"potentialAction\":[{\"@type\":\"SearchAction\",\"target\":{\"@type\":\"EntryPoint\",\"urlTemplate\":\"https:\/\/mettapapelaria.com.br\/catalogo\/?s={search_term_string}\"},\"query-input\":{\"@type\":\"PropertyValueSpecification\",\"valueRequired\":true,\"valueName\":\"search_term_string\"}}],\"inLanguage\":\"pt-BR\"},{\"@type\":\"Organization\",\"@id\":\"https:\/\/mettapapelaria.com.br\/catalogo\/#organization\",\"name\":\"Metta Papelaria\",\"url\":\"https:\/\/mettapapelaria.com.br\/catalogo\/\",\"logo\":{\"@type\":\"ImageObject\",\"inLanguage\":\"pt-BR\",\"@id\":\"https:\/\/mettapapelaria.com.br\/catalogo\/#\/schema\/logo\/image\/\",\"url\":\"https:\/\/mettapapelaria.com.br\/catalogo\/wp-content\/uploads\/2023\/12\/cropped-favicon-Metta_512-1.png\",\"contentUrl\":\"https:\/\/mettapapelaria.com.br\/catalogo\/wp-content\/uploads\/2023\/12\/cropped-favicon-Metta_512-1.png\",\"width\":512,\"height\":512,\"caption\":\"Metta Papelaria\"},\"image\":{\"@id\":\"https:\/\/mettapapelaria.com.br\/catalogo\/#\/schema\/logo\/image\/\"},\"sameAs\":[\"https:\/\/www.facebook.com\/mettapapelaria\/\",\"https:\/\/www.instagram.com\/papelariametta\/\"]}]}<\/script>\n<!-- \/ Yoast SEO plugin. -->","yoast_head_json":{"title":"TABUADA DIVERTIDA EDITORA BRASILEITURA - Metta Papelaria","robots":{"index":"index","follow":"follow","max-snippet":"max-snippet:-1","max-image-preview":"max-image-preview:large","max-video-preview":"max-video-preview:-1"},"canonical":"https:\/\/mettapapelaria.com.br\/catalogo\/produto\/tabuada-divertida-editora-brasileitura\/","og_locale":"pt_BR","og_type":"article","og_title":"TABUADA DIVERTIDA EDITORA BRASILEITURA - Metta Papelaria","og_description":"A multiplica\u00e7\u00e3o existe para facilitar a vida, n\u00e3o para complic\u00e1-la. Este livro mostra como fixar a tabuada na mente de modo pr\u00e1tico e divertido, com...","og_url":"https:\/\/mettapapelaria.com.br\/catalogo\/produto\/tabuada-divertida-editora-brasileitura\/","og_site_name":"Metta Papelaria","article_publisher":"https:\/\/www.facebook.com\/mettapapelaria\/","og_image":[{"width":1080,"height":1080,"url":"https:\/\/mettapapelaria.com.br\/catalogo\/wp-content\/uploads\/2023\/02\/TABUADA-DIVERTIDA-EDITORA-BRASILEITURA.png","type":"image\/png"}],"twitter_card":"summary_large_image","twitter_misc":{"Est. tempo de leitura":"1 minuto"},"schema":{"@context":"https:\/\/schema.org","@graph":[{"@type":"WebPage","@id":"https:\/\/mettapapelaria.com.br\/catalogo\/produto\/tabuada-divertida-editora-brasileitura\/","url":"https:\/\/mettapapelaria.com.br\/catalogo\/produto\/tabuada-divertida-editora-brasileitura\/","name":"TABUADA DIVERTIDA EDITORA BRASILEITURA - Metta Papelaria","isPartOf":{"@id":"https:\/\/mettapapelaria.com.br\/catalogo\/#website"},"primaryImageOfPage":{"@id":"https:\/\/mettapapelaria.com.br\/catalogo\/produto\/tabuada-divertida-editora-brasileitura\/#primaryimage"},"image":{"@id":"https:\/\/mettapapelaria.com.br\/catalogo\/produto\/tabuada-divertida-editora-brasileitura\/#primaryimage"},"thumbnailUrl":"https:\/\/mettapapelaria.com.br\/catalogo\/wp-content\/uploads\/2023\/02\/TABUADA-DIVERTIDA-EDITORA-BRASILEITURA.png","datePublished":"2023-02-02T14:19:21+00:00","breadcrumb":{"@id":"https:\/\/mettapapelaria.com.br\/catalogo\/produto\/tabuada-divertida-editora-brasileitura\/#breadcrumb"},"inLanguage":"pt-BR","potentialAction":[{"@type":"ReadAction","target":["https:\/\/mettapapelaria.com.br\/catalogo\/produto\/tabuada-divertida-editora-brasileitura\/"]}]},{"@type":"ImageObject","inLanguage":"pt-BR","@id":"https:\/\/mettapapelaria.com.br\/catalogo\/produto\/tabuada-divertida-editora-brasileitura\/#primaryimage","url":"https:\/\/mettapapelaria.com.br\/catalogo\/wp-content\/uploads\/2023\/02\/TABUADA-DIVERTIDA-EDITORA-BRASILEITURA.png","contentUrl":"https:\/\/mettapapelaria.com.br\/catalogo\/wp-content\/uploads\/2023\/02\/TABUADA-DIVERTIDA-EDITORA-BRASILEITURA.png","width":1080,"height":1080,"caption":"TABUADA DIVERTIDA EDITORA BRASILEITURA"},{"@type":"BreadcrumbList","@id":"https:\/\/mettapapelaria.com.br\/catalogo\/produto\/tabuada-divertida-editora-brasileitura\/#breadcrumb","itemListElement":[{"@type":"ListItem","position":1,"name":"In\u00edcio","item":"https:\/\/mettapapelaria.com.br\/catalogo\/"},{"@type":"ListItem","position":2,"name":"Shop","item":"https:\/\/mettapapelaria.com.br\/catalogo\/shop\/"},{"@type":"ListItem","position":3,"name":"TABUADA DIVERTIDA EDITORA BRASILEITURA"}]},{"@type":"WebSite","@id":"https:\/\/mettapapelaria.com.br\/catalogo\/#website","url":"https:\/\/mettapapelaria.com.br\/catalogo\/","name":"Metta Papelaria","description":"Materiais e equipamentos de escrit\u00f3rio, suprimentos para inform\u00e1tica, e uma diversificada linha de material escolar","publisher":{"@id":"https:\/\/mettapapelaria.com.br\/catalogo\/#organization"},"potentialAction":[{"@type":"SearchAction","target":{"@type":"EntryPoint","urlTemplate":"https:\/\/mettapapelaria.com.br\/catalogo\/?s={search_term_string}"},"query-input":{"@type":"PropertyValueSpecification","valueRequired":true,"valueName":"search_term_string"}}],"inLanguage":"pt-BR"},{"@type":"Organization","@id":"https:\/\/mettapapelaria.com.br\/catalogo\/#organization","name":"Metta Papelaria","url":"https:\/\/mettapapelaria.com.br\/catalogo\/","logo":{"@type":"ImageObject","inLanguage":"pt-BR","@id":"https:\/\/mettapapelaria.com.br\/catalogo\/#\/schema\/logo\/image\/","url":"https:\/\/mettapapelaria.com.br\/catalogo\/wp-content\/uploads\/2023\/12\/cropped-favicon-Metta_512-1.png","contentUrl":"https:\/\/mettapapelaria.com.br\/catalogo\/wp-content\/uploads\/2023\/12\/cropped-favicon-Metta_512-1.png","width":512,"height":512,"caption":"Metta Papelaria"},"image":{"@id":"https:\/\/mettapapelaria.com.br\/catalogo\/#\/schema\/logo\/image\/"},"sameAs":["https:\/\/www.facebook.com\/mettapapelaria\/","https:\/\/www.instagram.com\/papelariametta\/"]}]}},"_links":{"self":[{"href":"https:\/\/mettapapelaria.com.br\/catalogo\/wp-json\/wp\/v2\/product\/3282","targetHints":{"allow":["GET"]}}],"collection":[{"href":"https:\/\/mettapapelaria.com.br\/catalogo\/wp-json\/wp\/v2\/product"}],"about":[{"href":"https:\/\/mettapapelaria.com.br\/catalogo\/wp-json\/wp\/v2\/types\/product"}],"replies":[{"embeddable":true,"href":"https:\/\/mettapapelaria.com.br\/catalogo\/wp-json\/wp\/v2\/comments?post=3282"}],"version-history":[{"count":0,"href":"https:\/\/mettapapelaria.com.br\/catalogo\/wp-json\/wp\/v2\/product\/3282\/revisions"}],"wp:featuredmedia":[{"embeddable":true,"href":"https:\/\/mettapapelaria.com.br\/catalogo\/wp-json\/wp\/v2\/media\/3280"}],"wp:attachment":[{"href":"https:\/\/mettapapelaria.com.br\/catalogo\/wp-json\/wp\/v2\/media?parent=3282"}],"wp:term":[{"taxonomy":"brand","embeddable":true,"href":"https:\/\/mettapapelaria.com.br\/catalogo\/wp-json\/wp\/v2\/etheme_brands?post=3282"},{"taxonomy":"product_brand","embeddable":true,"href":"https:\/\/mettapapelaria.com.br\/catalogo\/wp-json\/wp\/v2\/product_brand?post=3282"},{"taxonomy":"product_cat","embeddable":true,"href":"https:\/\/mettapapelaria.com.br\/catalogo\/wp-json\/wp\/v2\/product_cat?post=3282"},{"taxonomy":"product_tag","embeddable":true,"href":"https:\/\/mettapapelaria.com.br\/catalogo\/wp-json\/wp\/v2\/product_tag?post=3282"}],"curies":[{"name":"wp","href":"https:\/\/api.w.org\/{rel}","templated":true}]}}