{"id":3228,"date":"2023-02-01T18:15:07","date_gmt":"2023-02-01T21:15:07","guid":{"rendered":"https:\/\/mettapapelaria.com.br\/catalogo\/produto\/perfurador-para-papeis-2-furos-21cm-brw\/"},"modified":"2023-02-01T18:15:07","modified_gmt":"2023-02-01T21:15:07","slug":"perfurador-para-papeis-2-furos-21cm-brw","status":"publish","type":"product","link":"https:\/\/mettapapelaria.com.br\/catalogo\/produto\/perfurador-para-papeis-2-furos-21cm-brw\/","title":{"rendered":"PERFURADOR PARA PAP\u00c9IS 2 FUROS 21CM BRW"},"content":{"rendered":"<h4><span style=\"font-family: Arial;\">O Perfurador de Metal 2 Furos Base de 21cm BRW \u00e9 um produto indispens\u00e1vel para garantir o m\u00e1ximo de praticidade em seu dia a dia!<\/span><\/h4>\n<h4><span style=\"font-family: Arial;\">Produzido a partir de mat\u00e9ria-prima de qualidade, possui estrutura met\u00e1lica resistente e capacidade para perfurar at\u00e9 60 folhas de 75g\/m\u00b2. Al\u00e9m disso, conta com base pl\u00e1stica antideslizante de 21cm.<\/span><\/h4>\n<h4><span style=\"font-family: Arial;\">O perfurador cont\u00e9m pinos perfuradores e molas em a\u00e7o que proporcionam dois furos de 6mm de di\u00e2metro com 80mm de dist\u00e2ncia entre eles. O alcance \u00e9 de 10mm e possui margeador acoplado para auxiliar a furar no local correto. Seu uso \u00e9 pr\u00e1tico, confort\u00e1vel e exige pouco esfor\u00e7o manual.&nbsp;<\/span><\/h4>\n<h4><span style=\"font-family: Arial;\">\u00c9 ideal para escrit\u00f3rios, cart\u00f3rios, papelarias, salas de aula e at\u00e9 mesmo para uso dom\u00e9stico. Tamb\u00e9m \u00e9 perfeito para auxiliar na cria\u00e7\u00e3o de itens personalizados, tal como scrapbooks.<\/span><\/h4>\n","protected":false},"excerpt":{"rendered":"<p>O Perfurador de Metal 2 Furos Base de 21cm BRW \u00e9 um produto indispens\u00e1vel para garantir o m\u00e1ximo de praticidade em seu dia a dia!&#8230;<\/p>\n","protected":false},"featured_media":3226,"comment_status":"open","ping_status":"closed","template":"","meta":[],"etheme_brands":[],"product_brand":[],"product_cat":[25,15,142],"product_tag":[],"class_list":{"0":"post-3228","1":"product","2":"type-product","3":"status-publish","4":"has-post-thumbnail","6":"product_cat-material","7":"product_cat-material-escritorio","8":"product_cat-perfuradores","10":"first","11":"instock","12":"sold-individually","13":"shipping-taxable","14":"purchasable","15":"product-type-simple"},"yoast_head":"<!-- This site is optimized with the Yoast SEO plugin v26.9 - https:\/\/yoast.com\/product\/yoast-seo-wordpress\/ -->\n<title>PERFURADOR PARA PAP\u00c9IS 2 FUROS 21CM BRW - Metta Papelaria<\/title>\n<meta name=\"robots\" content=\"index, follow, max-snippet:-1, max-image-preview:large, max-video-preview:-1\" \/>\n<link rel=\"canonical\" href=\"https:\/\/mettapapelaria.com.br\/catalogo\/produto\/perfurador-para-papeis-2-furos-21cm-brw\/\" \/>\n<meta property=\"og:locale\" content=\"pt_BR\" \/>\n<meta property=\"og:type\" content=\"article\" \/>\n<meta property=\"og:title\" content=\"PERFURADOR PARA PAP\u00c9IS 2 FUROS 21CM BRW - Metta Papelaria\" \/>\n<meta property=\"og:description\" content=\"O Perfurador de Metal 2 Furos Base de 21cm BRW \u00e9 um produto indispens\u00e1vel para garantir o m\u00e1ximo de praticidade em seu dia a dia!...\" \/>\n<meta property=\"og:url\" content=\"https:\/\/mettapapelaria.com.br\/catalogo\/produto\/perfurador-para-papeis-2-furos-21cm-brw\/\" \/>\n<meta property=\"og:site_name\" content=\"Metta Papelaria\" \/>\n<meta property=\"article:publisher\" content=\"https:\/\/www.facebook.com\/mettapapelaria\/\" \/>\n<meta property=\"og:image\" content=\"https:\/\/mettapapelaria.com.br\/catalogo\/wp-content\/uploads\/2023\/02\/PERFURADOR-PARA-PAPEIS-2-FUROS-21CM-BRW.png\" \/>\n\t<meta property=\"og:image:width\" content=\"1080\" \/>\n\t<meta property=\"og:image:height\" content=\"1080\" \/>\n\t<meta property=\"og:image:type\" content=\"image\/png\" \/>\n<meta name=\"twitter:card\" content=\"summary_large_image\" \/>\n<meta name=\"twitter:label1\" content=\"Est. tempo de leitura\" \/>\n\t<meta name=\"twitter:data1\" content=\"1 minuto\" \/>\n<script type=\"application\/ld+json\" class=\"yoast-schema-graph\">{\"@context\":\"https:\/\/schema.org\",\"@graph\":[{\"@type\":\"WebPage\",\"@id\":\"https:\/\/mettapapelaria.com.br\/catalogo\/produto\/perfurador-para-papeis-2-furos-21cm-brw\/\",\"url\":\"https:\/\/mettapapelaria.com.br\/catalogo\/produto\/perfurador-para-papeis-2-furos-21cm-brw\/\",\"name\":\"PERFURADOR PARA PAP\u00c9IS 2 FUROS 21CM BRW - Metta Papelaria\",\"isPartOf\":{\"@id\":\"https:\/\/mettapapelaria.com.br\/catalogo\/#website\"},\"primaryImageOfPage\":{\"@id\":\"https:\/\/mettapapelaria.com.br\/catalogo\/produto\/perfurador-para-papeis-2-furos-21cm-brw\/#primaryimage\"},\"image\":{\"@id\":\"https:\/\/mettapapelaria.com.br\/catalogo\/produto\/perfurador-para-papeis-2-furos-21cm-brw\/#primaryimage\"},\"thumbnailUrl\":\"https:\/\/mettapapelaria.com.br\/catalogo\/wp-content\/uploads\/2023\/02\/PERFURADOR-PARA-PAPEIS-2-FUROS-21CM-BRW.png\",\"datePublished\":\"2023-02-01T21:15:07+00:00\",\"breadcrumb\":{\"@id\":\"https:\/\/mettapapelaria.com.br\/catalogo\/produto\/perfurador-para-papeis-2-furos-21cm-brw\/#breadcrumb\"},\"inLanguage\":\"pt-BR\",\"potentialAction\":[{\"@type\":\"ReadAction\",\"target\":[\"https:\/\/mettapapelaria.com.br\/catalogo\/produto\/perfurador-para-papeis-2-furos-21cm-brw\/\"]}]},{\"@type\":\"ImageObject\",\"inLanguage\":\"pt-BR\",\"@id\":\"https:\/\/mettapapelaria.com.br\/catalogo\/produto\/perfurador-para-papeis-2-furos-21cm-brw\/#primaryimage\",\"url\":\"https:\/\/mettapapelaria.com.br\/catalogo\/wp-content\/uploads\/2023\/02\/PERFURADOR-PARA-PAPEIS-2-FUROS-21CM-BRW.png\",\"contentUrl\":\"https:\/\/mettapapelaria.com.br\/catalogo\/wp-content\/uploads\/2023\/02\/PERFURADOR-PARA-PAPEIS-2-FUROS-21CM-BRW.png\",\"width\":1080,\"height\":1080,\"caption\":\"PERFURADOR PARA PAP\u00c9IS 2 FUROS 21CM BRW\"},{\"@type\":\"BreadcrumbList\",\"@id\":\"https:\/\/mettapapelaria.com.br\/catalogo\/produto\/perfurador-para-papeis-2-furos-21cm-brw\/#breadcrumb\",\"itemListElement\":[{\"@type\":\"ListItem\",\"position\":1,\"name\":\"In\u00edcio\",\"item\":\"https:\/\/mettapapelaria.com.br\/catalogo\/\"},{\"@type\":\"ListItem\",\"position\":2,\"name\":\"Shop\",\"item\":\"https:\/\/mettapapelaria.com.br\/catalogo\/shop\/\"},{\"@type\":\"ListItem\",\"position\":3,\"name\":\"PERFURADOR PARA PAP\u00c9IS 2 FUROS 21CM BRW\"}]},{\"@type\":\"WebSite\",\"@id\":\"https:\/\/mettapapelaria.com.br\/catalogo\/#website\",\"url\":\"https:\/\/mettapapelaria.com.br\/catalogo\/\",\"name\":\"Metta Papelaria\",\"description\":\"Materiais e equipamentos de escrit\u00f3rio, suprimentos para inform\u00e1tica, e uma diversificada linha de material escolar\",\"publisher\":{\"@id\":\"https:\/\/mettapapelaria.com.br\/catalogo\/#organization\"},\"potentialAction\":[{\"@type\":\"SearchAction\",\"target\":{\"@type\":\"EntryPoint\",\"urlTemplate\":\"https:\/\/mettapapelaria.com.br\/catalogo\/?s={search_term_string}\"},\"query-input\":{\"@type\":\"PropertyValueSpecification\",\"valueRequired\":true,\"valueName\":\"search_term_string\"}}],\"inLanguage\":\"pt-BR\"},{\"@type\":\"Organization\",\"@id\":\"https:\/\/mettapapelaria.com.br\/catalogo\/#organization\",\"name\":\"Metta Papelaria\",\"url\":\"https:\/\/mettapapelaria.com.br\/catalogo\/\",\"logo\":{\"@type\":\"ImageObject\",\"inLanguage\":\"pt-BR\",\"@id\":\"https:\/\/mettapapelaria.com.br\/catalogo\/#\/schema\/logo\/image\/\",\"url\":\"https:\/\/mettapapelaria.com.br\/catalogo\/wp-content\/uploads\/2023\/12\/cropped-favicon-Metta_512-1.png\",\"contentUrl\":\"https:\/\/mettapapelaria.com.br\/catalogo\/wp-content\/uploads\/2023\/12\/cropped-favicon-Metta_512-1.png\",\"width\":512,\"height\":512,\"caption\":\"Metta Papelaria\"},\"image\":{\"@id\":\"https:\/\/mettapapelaria.com.br\/catalogo\/#\/schema\/logo\/image\/\"},\"sameAs\":[\"https:\/\/www.facebook.com\/mettapapelaria\/\",\"https:\/\/www.instagram.com\/papelariametta\/\"]}]}<\/script>\n<!-- \/ Yoast SEO plugin. -->","yoast_head_json":{"title":"PERFURADOR PARA PAP\u00c9IS 2 FUROS 21CM BRW - Metta Papelaria","robots":{"index":"index","follow":"follow","max-snippet":"max-snippet:-1","max-image-preview":"max-image-preview:large","max-video-preview":"max-video-preview:-1"},"canonical":"https:\/\/mettapapelaria.com.br\/catalogo\/produto\/perfurador-para-papeis-2-furos-21cm-brw\/","og_locale":"pt_BR","og_type":"article","og_title":"PERFURADOR PARA PAP\u00c9IS 2 FUROS 21CM BRW - Metta Papelaria","og_description":"O Perfurador de Metal 2 Furos Base de 21cm BRW \u00e9 um produto indispens\u00e1vel para garantir o m\u00e1ximo de praticidade em seu dia a dia!...","og_url":"https:\/\/mettapapelaria.com.br\/catalogo\/produto\/perfurador-para-papeis-2-furos-21cm-brw\/","og_site_name":"Metta Papelaria","article_publisher":"https:\/\/www.facebook.com\/mettapapelaria\/","og_image":[{"width":1080,"height":1080,"url":"https:\/\/mettapapelaria.com.br\/catalogo\/wp-content\/uploads\/2023\/02\/PERFURADOR-PARA-PAPEIS-2-FUROS-21CM-BRW.png","type":"image\/png"}],"twitter_card":"summary_large_image","twitter_misc":{"Est. tempo de leitura":"1 minuto"},"schema":{"@context":"https:\/\/schema.org","@graph":[{"@type":"WebPage","@id":"https:\/\/mettapapelaria.com.br\/catalogo\/produto\/perfurador-para-papeis-2-furos-21cm-brw\/","url":"https:\/\/mettapapelaria.com.br\/catalogo\/produto\/perfurador-para-papeis-2-furos-21cm-brw\/","name":"PERFURADOR PARA PAP\u00c9IS 2 FUROS 21CM BRW - Metta Papelaria","isPartOf":{"@id":"https:\/\/mettapapelaria.com.br\/catalogo\/#website"},"primaryImageOfPage":{"@id":"https:\/\/mettapapelaria.com.br\/catalogo\/produto\/perfurador-para-papeis-2-furos-21cm-brw\/#primaryimage"},"image":{"@id":"https:\/\/mettapapelaria.com.br\/catalogo\/produto\/perfurador-para-papeis-2-furos-21cm-brw\/#primaryimage"},"thumbnailUrl":"https:\/\/mettapapelaria.com.br\/catalogo\/wp-content\/uploads\/2023\/02\/PERFURADOR-PARA-PAPEIS-2-FUROS-21CM-BRW.png","datePublished":"2023-02-01T21:15:07+00:00","breadcrumb":{"@id":"https:\/\/mettapapelaria.com.br\/catalogo\/produto\/perfurador-para-papeis-2-furos-21cm-brw\/#breadcrumb"},"inLanguage":"pt-BR","potentialAction":[{"@type":"ReadAction","target":["https:\/\/mettapapelaria.com.br\/catalogo\/produto\/perfurador-para-papeis-2-furos-21cm-brw\/"]}]},{"@type":"ImageObject","inLanguage":"pt-BR","@id":"https:\/\/mettapapelaria.com.br\/catalogo\/produto\/perfurador-para-papeis-2-furos-21cm-brw\/#primaryimage","url":"https:\/\/mettapapelaria.com.br\/catalogo\/wp-content\/uploads\/2023\/02\/PERFURADOR-PARA-PAPEIS-2-FUROS-21CM-BRW.png","contentUrl":"https:\/\/mettapapelaria.com.br\/catalogo\/wp-content\/uploads\/2023\/02\/PERFURADOR-PARA-PAPEIS-2-FUROS-21CM-BRW.png","width":1080,"height":1080,"caption":"PERFURADOR PARA PAP\u00c9IS 2 FUROS 21CM BRW"},{"@type":"BreadcrumbList","@id":"https:\/\/mettapapelaria.com.br\/catalogo\/produto\/perfurador-para-papeis-2-furos-21cm-brw\/#breadcrumb","itemListElement":[{"@type":"ListItem","position":1,"name":"In\u00edcio","item":"https:\/\/mettapapelaria.com.br\/catalogo\/"},{"@type":"ListItem","position":2,"name":"Shop","item":"https:\/\/mettapapelaria.com.br\/catalogo\/shop\/"},{"@type":"ListItem","position":3,"name":"PERFURADOR PARA PAP\u00c9IS 2 FUROS 21CM BRW"}]},{"@type":"WebSite","@id":"https:\/\/mettapapelaria.com.br\/catalogo\/#website","url":"https:\/\/mettapapelaria.com.br\/catalogo\/","name":"Metta Papelaria","description":"Materiais e equipamentos de escrit\u00f3rio, suprimentos para inform\u00e1tica, e uma diversificada linha de material escolar","publisher":{"@id":"https:\/\/mettapapelaria.com.br\/catalogo\/#organization"},"potentialAction":[{"@type":"SearchAction","target":{"@type":"EntryPoint","urlTemplate":"https:\/\/mettapapelaria.com.br\/catalogo\/?s={search_term_string}"},"query-input":{"@type":"PropertyValueSpecification","valueRequired":true,"valueName":"search_term_string"}}],"inLanguage":"pt-BR"},{"@type":"Organization","@id":"https:\/\/mettapapelaria.com.br\/catalogo\/#organization","name":"Metta Papelaria","url":"https:\/\/mettapapelaria.com.br\/catalogo\/","logo":{"@type":"ImageObject","inLanguage":"pt-BR","@id":"https:\/\/mettapapelaria.com.br\/catalogo\/#\/schema\/logo\/image\/","url":"https:\/\/mettapapelaria.com.br\/catalogo\/wp-content\/uploads\/2023\/12\/cropped-favicon-Metta_512-1.png","contentUrl":"https:\/\/mettapapelaria.com.br\/catalogo\/wp-content\/uploads\/2023\/12\/cropped-favicon-Metta_512-1.png","width":512,"height":512,"caption":"Metta Papelaria"},"image":{"@id":"https:\/\/mettapapelaria.com.br\/catalogo\/#\/schema\/logo\/image\/"},"sameAs":["https:\/\/www.facebook.com\/mettapapelaria\/","https:\/\/www.instagram.com\/papelariametta\/"]}]}},"_links":{"self":[{"href":"https:\/\/mettapapelaria.com.br\/catalogo\/wp-json\/wp\/v2\/product\/3228","targetHints":{"allow":["GET"]}}],"collection":[{"href":"https:\/\/mettapapelaria.com.br\/catalogo\/wp-json\/wp\/v2\/product"}],"about":[{"href":"https:\/\/mettapapelaria.com.br\/catalogo\/wp-json\/wp\/v2\/types\/product"}],"replies":[{"embeddable":true,"href":"https:\/\/mettapapelaria.com.br\/catalogo\/wp-json\/wp\/v2\/comments?post=3228"}],"version-history":[{"count":0,"href":"https:\/\/mettapapelaria.com.br\/catalogo\/wp-json\/wp\/v2\/product\/3228\/revisions"}],"wp:featuredmedia":[{"embeddable":true,"href":"https:\/\/mettapapelaria.com.br\/catalogo\/wp-json\/wp\/v2\/media\/3226"}],"wp:attachment":[{"href":"https:\/\/mettapapelaria.com.br\/catalogo\/wp-json\/wp\/v2\/media?parent=3228"}],"wp:term":[{"taxonomy":"brand","embeddable":true,"href":"https:\/\/mettapapelaria.com.br\/catalogo\/wp-json\/wp\/v2\/etheme_brands?post=3228"},{"taxonomy":"product_brand","embeddable":true,"href":"https:\/\/mettapapelaria.com.br\/catalogo\/wp-json\/wp\/v2\/product_brand?post=3228"},{"taxonomy":"product_cat","embeddable":true,"href":"https:\/\/mettapapelaria.com.br\/catalogo\/wp-json\/wp\/v2\/product_cat?post=3228"},{"taxonomy":"product_tag","embeddable":true,"href":"https:\/\/mettapapelaria.com.br\/catalogo\/wp-json\/wp\/v2\/product_tag?post=3228"}],"curies":[{"name":"wp","href":"https:\/\/api.w.org\/{rel}","templated":true}]}}