{"id":3020,"date":"2023-01-24T08:11:46","date_gmt":"2023-01-24T11:11:46","guid":{"rendered":"https:\/\/mettapapelaria.com.br\/catalogo\/produto\/kit-maleta-artistica-42-pecas-batman-tris\/"},"modified":"2024-01-03T09:19:24","modified_gmt":"2024-01-03T12:19:24","slug":"kit-maleta-artistica-42-pecas-batman-tris","status":"publish","type":"product","link":"https:\/\/mettapapelaria.com.br\/catalogo\/produto\/kit-maleta-artistica-42-pecas-batman-tris\/","title":{"rendered":"KIT MALETA ART\u00cdSTICA 42 PE\u00c7AS BATMAN TRIS"},"content":{"rendered":"<p>Batman \u00e9 um homem, um her\u00f3i, um \u00edcone! Tecnologia infinita, incr\u00edvel estrat\u00e9gia e uma mente brilhante fazem com que esse personagem seja um her\u00f3i inspirador. A linha TRIS Batman veio para trazer a experi\u00eancia incr\u00edvel para os estudos. E a maleta art\u00edstica Batman \u00e9 divers\u00e3o garantida! Cont\u00e9m 42 pe\u00e7as para deixar a criatividade fluir.<\/p>\n<p>Composi\u00e7\u00e3o:<\/p>\n<ul>\n<li>Aquarela: pigmentos, carga inerte, aglutinantes e conservantes<\/li>\n<li>Giz de cera: ceras, carga mineral inerte e pigmentos org\u00e2nicos especiais<\/li>\n<li>\u00d3leo pastel: ceras, carga mineral inerte, pigmentos org\u00e2nicos especiais, \u00f3leos e aditivos<\/li>\n<li>Hidrocor: Resina pl\u00e1stica e corantes<\/li>\n<li>Clips: metal<\/li>\n<li>Pincel: resina termopl\u00e1stica<\/li>\n<li>Apontador: resina termopl\u00e1stica e a\u00e7o inoxid\u00e1vel<\/li>\n<li>Borracha: resina pl\u00e1stica e aglutinantes<\/li>\n<li>Esponja: pol\u00edmero pl\u00e1stico<\/li>\n<\/ul>\n","protected":false},"excerpt":{"rendered":"<p>Batman \u00e9 um homem, um her\u00f3i, um \u00edcone! Tecnologia infinita, incr\u00edvel estrat\u00e9gia e uma mente brilhante fazem com que esse personagem seja um her\u00f3i inspirador&#8230;.<\/p>\n","protected":false},"featured_media":3018,"comment_status":"open","ping_status":"closed","template":"","meta":[],"etheme_brands":[{"term_id":337,"name":"Tris","slug":"tris","term_group":0,"term_taxonomy_id":337,"taxonomy":"brand","description":"","parent":0,"count":53,"filter":"raw"}],"product_brand":[],"product_cat":[19,83,99,73,21,75,54,38,25,16,126,97],"product_tag":[328,348,347,358,331,332,350,349,355,293,359,360,362,276,357,364,365,316,351,356,292,361,363,227,225,352,317,353,354,318],"class_list":{"0":"post-3020","1":"product","2":"type-product","3":"status-publish","4":"has-post-thumbnail","6":"brand-tris","7":"product_cat-apontadores","8":"product_cat-apontadores-sem-deposito","9":"product_cat-borracha-com-capa","10":"product_cat-borrachas","11":"product_cat-canetas","12":"product_cat-canetas-hidrocor-canetinhas","13":"product_cat-clips-grampo-prendedor","14":"product_cat-giz-de-cera-giz-pastel-giz-escola","15":"product_cat-material","16":"product_cat-material-escolar","17":"product_cat-pincels","18":"product_cat-tintass","19":"product_tag-apontador","20":"product_tag-apontador-sem-deposito","21":"product_tag-apontador-simples","22":"product_tag-batman","23":"product_tag-borracha","24":"product_tag-borracha-com-capa","25":"product_tag-canetas-hidrocor","26":"product_tag-canetinhas","27":"product_tag-clips","28":"product_tag-crianca","29":"product_tag-dc","30":"product_tag-dc-comics","31":"product_tag-diversao","32":"product_tag-escola","33":"product_tag-esponja","34":"product_tag-estojo","35":"product_tag-estojo-de-material-escolar","36":"product_tag-estudante","37":"product_tag-giz-de-cera","38":"product_tag-giz-pastel","39":"product_tag-kids","40":"product_tag-kit-material-escolar","41":"product_tag-maleta-de-materiais-escolares","42":"product_tag-material-escolar","43":"product_tag-metta-papelaria","44":"product_tag-pincel","45":"product_tag-study","46":"product_tag-tinta","47":"product_tag-tinta-aquarela","48":"product_tag-volta-as-aulas","50":"first","51":"instock","52":"sold-individually","53":"shipping-taxable","54":"purchasable","55":"product-type-simple"},"yoast_head":"<!-- This site is optimized with the Yoast SEO plugin v26.9 - https:\/\/yoast.com\/product\/yoast-seo-wordpress\/ -->\n<title>KIT MALETA ART\u00cdSTICA 42 PE\u00c7AS BATMAN TRIS - Metta Papelaria<\/title>\n<meta name=\"robots\" content=\"index, follow, max-snippet:-1, max-image-preview:large, max-video-preview:-1\" \/>\n<link rel=\"canonical\" href=\"https:\/\/mettapapelaria.com.br\/catalogo\/produto\/kit-maleta-artistica-42-pecas-batman-tris\/\" \/>\n<meta property=\"og:locale\" content=\"pt_BR\" \/>\n<meta property=\"og:type\" content=\"article\" \/>\n<meta property=\"og:title\" content=\"KIT MALETA ART\u00cdSTICA 42 PE\u00c7AS BATMAN TRIS - Metta Papelaria\" \/>\n<meta property=\"og:description\" content=\"Batman \u00e9 um homem, um her\u00f3i, um \u00edcone! Tecnologia infinita, incr\u00edvel estrat\u00e9gia e uma mente brilhante fazem com que esse personagem seja um her\u00f3i inspirador....\" \/>\n<meta property=\"og:url\" content=\"https:\/\/mettapapelaria.com.br\/catalogo\/produto\/kit-maleta-artistica-42-pecas-batman-tris\/\" \/>\n<meta property=\"og:site_name\" content=\"Metta Papelaria\" \/>\n<meta property=\"article:publisher\" content=\"https:\/\/www.facebook.com\/mettapapelaria\/\" \/>\n<meta property=\"article:modified_time\" content=\"2024-01-03T12:19:24+00:00\" \/>\n<meta property=\"og:image\" content=\"https:\/\/mettapapelaria.com.br\/catalogo\/wp-content\/uploads\/2023\/01\/KIT-MALETA-ARTISTICA-42-PECAS-BATMAN-TRIS.png\" \/>\n\t<meta property=\"og:image:width\" content=\"1080\" \/>\n\t<meta property=\"og:image:height\" content=\"1080\" \/>\n\t<meta property=\"og:image:type\" content=\"image\/png\" \/>\n<meta name=\"twitter:card\" content=\"summary_large_image\" \/>\n<meta name=\"twitter:label1\" content=\"Est. tempo de leitura\" \/>\n\t<meta name=\"twitter:data1\" content=\"1 minuto\" \/>\n<script type=\"application\/ld+json\" class=\"yoast-schema-graph\">{\"@context\":\"https:\/\/schema.org\",\"@graph\":[{\"@type\":\"WebPage\",\"@id\":\"https:\/\/mettapapelaria.com.br\/catalogo\/produto\/kit-maleta-artistica-42-pecas-batman-tris\/\",\"url\":\"https:\/\/mettapapelaria.com.br\/catalogo\/produto\/kit-maleta-artistica-42-pecas-batman-tris\/\",\"name\":\"KIT MALETA ART\u00cdSTICA 42 PE\u00c7AS BATMAN TRIS - Metta Papelaria\",\"isPartOf\":{\"@id\":\"https:\/\/mettapapelaria.com.br\/catalogo\/#website\"},\"primaryImageOfPage\":{\"@id\":\"https:\/\/mettapapelaria.com.br\/catalogo\/produto\/kit-maleta-artistica-42-pecas-batman-tris\/#primaryimage\"},\"image\":{\"@id\":\"https:\/\/mettapapelaria.com.br\/catalogo\/produto\/kit-maleta-artistica-42-pecas-batman-tris\/#primaryimage\"},\"thumbnailUrl\":\"https:\/\/mettapapelaria.com.br\/catalogo\/wp-content\/uploads\/2023\/01\/KIT-MALETA-ARTISTICA-42-PECAS-BATMAN-TRIS.png\",\"datePublished\":\"2023-01-24T11:11:46+00:00\",\"dateModified\":\"2024-01-03T12:19:24+00:00\",\"breadcrumb\":{\"@id\":\"https:\/\/mettapapelaria.com.br\/catalogo\/produto\/kit-maleta-artistica-42-pecas-batman-tris\/#breadcrumb\"},\"inLanguage\":\"pt-BR\",\"potentialAction\":[{\"@type\":\"ReadAction\",\"target\":[\"https:\/\/mettapapelaria.com.br\/catalogo\/produto\/kit-maleta-artistica-42-pecas-batman-tris\/\"]}]},{\"@type\":\"ImageObject\",\"inLanguage\":\"pt-BR\",\"@id\":\"https:\/\/mettapapelaria.com.br\/catalogo\/produto\/kit-maleta-artistica-42-pecas-batman-tris\/#primaryimage\",\"url\":\"https:\/\/mettapapelaria.com.br\/catalogo\/wp-content\/uploads\/2023\/01\/KIT-MALETA-ARTISTICA-42-PECAS-BATMAN-TRIS.png\",\"contentUrl\":\"https:\/\/mettapapelaria.com.br\/catalogo\/wp-content\/uploads\/2023\/01\/KIT-MALETA-ARTISTICA-42-PECAS-BATMAN-TRIS.png\",\"width\":1080,\"height\":1080,\"caption\":\"KIT MALETA ART\u00cdSTICA 42 PE\u00c7AS BATMAN TRIS\"},{\"@type\":\"BreadcrumbList\",\"@id\":\"https:\/\/mettapapelaria.com.br\/catalogo\/produto\/kit-maleta-artistica-42-pecas-batman-tris\/#breadcrumb\",\"itemListElement\":[{\"@type\":\"ListItem\",\"position\":1,\"name\":\"In\u00edcio\",\"item\":\"https:\/\/mettapapelaria.com.br\/catalogo\/\"},{\"@type\":\"ListItem\",\"position\":2,\"name\":\"Shop\",\"item\":\"https:\/\/mettapapelaria.com.br\/catalogo\/shop\/\"},{\"@type\":\"ListItem\",\"position\":3,\"name\":\"KIT MALETA ART\u00cdSTICA 42 PE\u00c7AS BATMAN TRIS\"}]},{\"@type\":\"WebSite\",\"@id\":\"https:\/\/mettapapelaria.com.br\/catalogo\/#website\",\"url\":\"https:\/\/mettapapelaria.com.br\/catalogo\/\",\"name\":\"Metta Papelaria\",\"description\":\"Materiais e equipamentos de escrit\u00f3rio, suprimentos para inform\u00e1tica, e uma diversificada linha de material escolar\",\"publisher\":{\"@id\":\"https:\/\/mettapapelaria.com.br\/catalogo\/#organization\"},\"potentialAction\":[{\"@type\":\"SearchAction\",\"target\":{\"@type\":\"EntryPoint\",\"urlTemplate\":\"https:\/\/mettapapelaria.com.br\/catalogo\/?s={search_term_string}\"},\"query-input\":{\"@type\":\"PropertyValueSpecification\",\"valueRequired\":true,\"valueName\":\"search_term_string\"}}],\"inLanguage\":\"pt-BR\"},{\"@type\":\"Organization\",\"@id\":\"https:\/\/mettapapelaria.com.br\/catalogo\/#organization\",\"name\":\"Metta Papelaria\",\"url\":\"https:\/\/mettapapelaria.com.br\/catalogo\/\",\"logo\":{\"@type\":\"ImageObject\",\"inLanguage\":\"pt-BR\",\"@id\":\"https:\/\/mettapapelaria.com.br\/catalogo\/#\/schema\/logo\/image\/\",\"url\":\"https:\/\/mettapapelaria.com.br\/catalogo\/wp-content\/uploads\/2023\/12\/cropped-favicon-Metta_512-1.png\",\"contentUrl\":\"https:\/\/mettapapelaria.com.br\/catalogo\/wp-content\/uploads\/2023\/12\/cropped-favicon-Metta_512-1.png\",\"width\":512,\"height\":512,\"caption\":\"Metta Papelaria\"},\"image\":{\"@id\":\"https:\/\/mettapapelaria.com.br\/catalogo\/#\/schema\/logo\/image\/\"},\"sameAs\":[\"https:\/\/www.facebook.com\/mettapapelaria\/\",\"https:\/\/www.instagram.com\/papelariametta\/\"]}]}<\/script>\n<!-- \/ Yoast SEO plugin. -->","yoast_head_json":{"title":"KIT MALETA ART\u00cdSTICA 42 PE\u00c7AS BATMAN TRIS - Metta Papelaria","robots":{"index":"index","follow":"follow","max-snippet":"max-snippet:-1","max-image-preview":"max-image-preview:large","max-video-preview":"max-video-preview:-1"},"canonical":"https:\/\/mettapapelaria.com.br\/catalogo\/produto\/kit-maleta-artistica-42-pecas-batman-tris\/","og_locale":"pt_BR","og_type":"article","og_title":"KIT MALETA ART\u00cdSTICA 42 PE\u00c7AS BATMAN TRIS - Metta Papelaria","og_description":"Batman \u00e9 um homem, um her\u00f3i, um \u00edcone! Tecnologia infinita, incr\u00edvel estrat\u00e9gia e uma mente brilhante fazem com que esse personagem seja um her\u00f3i inspirador....","og_url":"https:\/\/mettapapelaria.com.br\/catalogo\/produto\/kit-maleta-artistica-42-pecas-batman-tris\/","og_site_name":"Metta Papelaria","article_publisher":"https:\/\/www.facebook.com\/mettapapelaria\/","article_modified_time":"2024-01-03T12:19:24+00:00","og_image":[{"width":1080,"height":1080,"url":"https:\/\/mettapapelaria.com.br\/catalogo\/wp-content\/uploads\/2023\/01\/KIT-MALETA-ARTISTICA-42-PECAS-BATMAN-TRIS.png","type":"image\/png"}],"twitter_card":"summary_large_image","twitter_misc":{"Est. tempo de leitura":"1 minuto"},"schema":{"@context":"https:\/\/schema.org","@graph":[{"@type":"WebPage","@id":"https:\/\/mettapapelaria.com.br\/catalogo\/produto\/kit-maleta-artistica-42-pecas-batman-tris\/","url":"https:\/\/mettapapelaria.com.br\/catalogo\/produto\/kit-maleta-artistica-42-pecas-batman-tris\/","name":"KIT MALETA ART\u00cdSTICA 42 PE\u00c7AS BATMAN TRIS - Metta Papelaria","isPartOf":{"@id":"https:\/\/mettapapelaria.com.br\/catalogo\/#website"},"primaryImageOfPage":{"@id":"https:\/\/mettapapelaria.com.br\/catalogo\/produto\/kit-maleta-artistica-42-pecas-batman-tris\/#primaryimage"},"image":{"@id":"https:\/\/mettapapelaria.com.br\/catalogo\/produto\/kit-maleta-artistica-42-pecas-batman-tris\/#primaryimage"},"thumbnailUrl":"https:\/\/mettapapelaria.com.br\/catalogo\/wp-content\/uploads\/2023\/01\/KIT-MALETA-ARTISTICA-42-PECAS-BATMAN-TRIS.png","datePublished":"2023-01-24T11:11:46+00:00","dateModified":"2024-01-03T12:19:24+00:00","breadcrumb":{"@id":"https:\/\/mettapapelaria.com.br\/catalogo\/produto\/kit-maleta-artistica-42-pecas-batman-tris\/#breadcrumb"},"inLanguage":"pt-BR","potentialAction":[{"@type":"ReadAction","target":["https:\/\/mettapapelaria.com.br\/catalogo\/produto\/kit-maleta-artistica-42-pecas-batman-tris\/"]}]},{"@type":"ImageObject","inLanguage":"pt-BR","@id":"https:\/\/mettapapelaria.com.br\/catalogo\/produto\/kit-maleta-artistica-42-pecas-batman-tris\/#primaryimage","url":"https:\/\/mettapapelaria.com.br\/catalogo\/wp-content\/uploads\/2023\/01\/KIT-MALETA-ARTISTICA-42-PECAS-BATMAN-TRIS.png","contentUrl":"https:\/\/mettapapelaria.com.br\/catalogo\/wp-content\/uploads\/2023\/01\/KIT-MALETA-ARTISTICA-42-PECAS-BATMAN-TRIS.png","width":1080,"height":1080,"caption":"KIT MALETA ART\u00cdSTICA 42 PE\u00c7AS BATMAN TRIS"},{"@type":"BreadcrumbList","@id":"https:\/\/mettapapelaria.com.br\/catalogo\/produto\/kit-maleta-artistica-42-pecas-batman-tris\/#breadcrumb","itemListElement":[{"@type":"ListItem","position":1,"name":"In\u00edcio","item":"https:\/\/mettapapelaria.com.br\/catalogo\/"},{"@type":"ListItem","position":2,"name":"Shop","item":"https:\/\/mettapapelaria.com.br\/catalogo\/shop\/"},{"@type":"ListItem","position":3,"name":"KIT MALETA ART\u00cdSTICA 42 PE\u00c7AS BATMAN TRIS"}]},{"@type":"WebSite","@id":"https:\/\/mettapapelaria.com.br\/catalogo\/#website","url":"https:\/\/mettapapelaria.com.br\/catalogo\/","name":"Metta Papelaria","description":"Materiais e equipamentos de escrit\u00f3rio, suprimentos para inform\u00e1tica, e uma diversificada linha de material escolar","publisher":{"@id":"https:\/\/mettapapelaria.com.br\/catalogo\/#organization"},"potentialAction":[{"@type":"SearchAction","target":{"@type":"EntryPoint","urlTemplate":"https:\/\/mettapapelaria.com.br\/catalogo\/?s={search_term_string}"},"query-input":{"@type":"PropertyValueSpecification","valueRequired":true,"valueName":"search_term_string"}}],"inLanguage":"pt-BR"},{"@type":"Organization","@id":"https:\/\/mettapapelaria.com.br\/catalogo\/#organization","name":"Metta Papelaria","url":"https:\/\/mettapapelaria.com.br\/catalogo\/","logo":{"@type":"ImageObject","inLanguage":"pt-BR","@id":"https:\/\/mettapapelaria.com.br\/catalogo\/#\/schema\/logo\/image\/","url":"https:\/\/mettapapelaria.com.br\/catalogo\/wp-content\/uploads\/2023\/12\/cropped-favicon-Metta_512-1.png","contentUrl":"https:\/\/mettapapelaria.com.br\/catalogo\/wp-content\/uploads\/2023\/12\/cropped-favicon-Metta_512-1.png","width":512,"height":512,"caption":"Metta Papelaria"},"image":{"@id":"https:\/\/mettapapelaria.com.br\/catalogo\/#\/schema\/logo\/image\/"},"sameAs":["https:\/\/www.facebook.com\/mettapapelaria\/","https:\/\/www.instagram.com\/papelariametta\/"]}]}},"_links":{"self":[{"href":"https:\/\/mettapapelaria.com.br\/catalogo\/wp-json\/wp\/v2\/product\/3020","targetHints":{"allow":["GET"]}}],"collection":[{"href":"https:\/\/mettapapelaria.com.br\/catalogo\/wp-json\/wp\/v2\/product"}],"about":[{"href":"https:\/\/mettapapelaria.com.br\/catalogo\/wp-json\/wp\/v2\/types\/product"}],"replies":[{"embeddable":true,"href":"https:\/\/mettapapelaria.com.br\/catalogo\/wp-json\/wp\/v2\/comments?post=3020"}],"version-history":[{"count":2,"href":"https:\/\/mettapapelaria.com.br\/catalogo\/wp-json\/wp\/v2\/product\/3020\/revisions"}],"predecessor-version":[{"id":6166,"href":"https:\/\/mettapapelaria.com.br\/catalogo\/wp-json\/wp\/v2\/product\/3020\/revisions\/6166"}],"wp:featuredmedia":[{"embeddable":true,"href":"https:\/\/mettapapelaria.com.br\/catalogo\/wp-json\/wp\/v2\/media\/3018"}],"wp:attachment":[{"href":"https:\/\/mettapapelaria.com.br\/catalogo\/wp-json\/wp\/v2\/media?parent=3020"}],"wp:term":[{"taxonomy":"brand","embeddable":true,"href":"https:\/\/mettapapelaria.com.br\/catalogo\/wp-json\/wp\/v2\/etheme_brands?post=3020"},{"taxonomy":"product_brand","embeddable":true,"href":"https:\/\/mettapapelaria.com.br\/catalogo\/wp-json\/wp\/v2\/product_brand?post=3020"},{"taxonomy":"product_cat","embeddable":true,"href":"https:\/\/mettapapelaria.com.br\/catalogo\/wp-json\/wp\/v2\/product_cat?post=3020"},{"taxonomy":"product_tag","embeddable":true,"href":"https:\/\/mettapapelaria.com.br\/catalogo\/wp-json\/wp\/v2\/product_tag?post=3020"}],"curies":[{"name":"wp","href":"https:\/\/api.w.org\/{rel}","templated":true}]}}