{"id":2892,"date":"2023-01-18T16:34:53","date_gmt":"2023-01-18T19:34:53","guid":{"rendered":"https:\/\/mettapapelaria.com.br\/catalogo\/produto\/kit-lapis-de-cor-jumbo-4-em-1-13-cores-1-apontador-1-pincel-leo-and-leo\/"},"modified":"2023-01-18T16:34:53","modified_gmt":"2023-01-18T19:34:53","slug":"kit-lapis-de-cor-jumbo-4-em-1-13-cores-1-apontador-1-pincel-leo-and-leo","status":"publish","type":"product","link":"https:\/\/mettapapelaria.com.br\/catalogo\/produto\/kit-lapis-de-cor-jumbo-4-em-1-13-cores-1-apontador-1-pincel-leo-and-leo\/","title":{"rendered":"KIT L\u00c1PIS DE COR JUMBO 4 EM 1 13 CORES + 1 APONTADOR + 1 PINCEL LEO &#038; LEO"},"content":{"rendered":"<h4><span style=\"font-family: Arial;\">O L\u00e1pis Jumbo 4 em 1 Leo e Leo \u00e9 um super queridinho, ideal para crian\u00e7as em fase de aprendizado, \u00e9 um l\u00e1pis de madeira tamanho jumbo, indicado para m\u00e3os pequenas. \u00c9 l\u00e1pis de cor, l\u00e1pis de cera pois possui textura super macia, pode ser utilizado em diversas superf\u00edcies al\u00e9m do papel como pl\u00e1sticos, parede e vidro, e \u00e9 aquarel\u00e1vel, tudo isso em um s\u00f3 l\u00e1pis. Al\u00e9m disso o L\u00e1pis Jumbo 4 em 1 possui 1 l\u00e1pis quadricolor, com as cores amarelo, azul, verde e vermelho, 1 pincel e 1 apontador.<\/span><\/h4>\n","protected":false},"excerpt":{"rendered":"<p>O L\u00e1pis Jumbo 4 em 1 Leo e Leo \u00e9 um super queridinho, ideal para crian\u00e7as em fase de aprendizado, \u00e9 um l\u00e1pis de madeira&#8230;<\/p>\n","protected":false},"featured_media":2890,"comment_status":"open","ping_status":"closed","template":"","meta":[],"etheme_brands":[],"product_brand":[],"product_cat":[83,38,29,25,16,32],"product_tag":[],"class_list":{"0":"post-2892","1":"product","2":"type-product","3":"status-publish","4":"has-post-thumbnail","6":"product_cat-apontadores-sem-deposito","7":"product_cat-giz-de-cera-giz-pastel-giz-escola","8":"product_cat-lapis-de-cor","9":"product_cat-material","10":"product_cat-material-escolar","11":"product_cat-papeis-linha-escolar","13":"first","14":"instock","15":"sold-individually","16":"shipping-taxable","17":"purchasable","18":"product-type-simple"},"yoast_head":"<!-- This site is optimized with the Yoast SEO plugin v26.9 - https:\/\/yoast.com\/product\/yoast-seo-wordpress\/ -->\n<title>KIT L\u00c1PIS DE COR JUMBO 4 EM 1 13 CORES + 1 APONTADOR + 1 PINCEL LEO &amp; LEO - Metta Papelaria<\/title>\n<meta name=\"robots\" content=\"index, follow, max-snippet:-1, max-image-preview:large, max-video-preview:-1\" \/>\n<link rel=\"canonical\" href=\"https:\/\/mettapapelaria.com.br\/catalogo\/produto\/kit-lapis-de-cor-jumbo-4-em-1-13-cores-1-apontador-1-pincel-leo-and-leo\/\" \/>\n<meta property=\"og:locale\" content=\"pt_BR\" \/>\n<meta property=\"og:type\" content=\"article\" \/>\n<meta property=\"og:title\" content=\"KIT L\u00c1PIS DE COR JUMBO 4 EM 1 13 CORES + 1 APONTADOR + 1 PINCEL LEO &amp; LEO - Metta Papelaria\" \/>\n<meta property=\"og:description\" content=\"O L\u00e1pis Jumbo 4 em 1 Leo e Leo \u00e9 um super queridinho, ideal para crian\u00e7as em fase de aprendizado, \u00e9 um l\u00e1pis de madeira...\" \/>\n<meta property=\"og:url\" content=\"https:\/\/mettapapelaria.com.br\/catalogo\/produto\/kit-lapis-de-cor-jumbo-4-em-1-13-cores-1-apontador-1-pincel-leo-and-leo\/\" \/>\n<meta property=\"og:site_name\" content=\"Metta Papelaria\" \/>\n<meta property=\"article:publisher\" content=\"https:\/\/www.facebook.com\/mettapapelaria\/\" \/>\n<meta property=\"og:image\" content=\"https:\/\/mettapapelaria.com.br\/catalogo\/wp-content\/uploads\/2023\/01\/KIT-LAPIS-DE-COR-JUMBO-4-EM-1-13-CORES-1-APONTADOR-PINCEL-LEO.png\" \/>\n\t<meta property=\"og:image:width\" content=\"1080\" \/>\n\t<meta property=\"og:image:height\" content=\"1080\" \/>\n\t<meta property=\"og:image:type\" content=\"image\/png\" \/>\n<meta name=\"twitter:card\" content=\"summary_large_image\" \/>\n<script type=\"application\/ld+json\" class=\"yoast-schema-graph\">{\"@context\":\"https:\/\/schema.org\",\"@graph\":[{\"@type\":\"WebPage\",\"@id\":\"https:\/\/mettapapelaria.com.br\/catalogo\/produto\/kit-lapis-de-cor-jumbo-4-em-1-13-cores-1-apontador-1-pincel-leo-and-leo\/\",\"url\":\"https:\/\/mettapapelaria.com.br\/catalogo\/produto\/kit-lapis-de-cor-jumbo-4-em-1-13-cores-1-apontador-1-pincel-leo-and-leo\/\",\"name\":\"KIT L\u00c1PIS DE COR JUMBO 4 EM 1 13 CORES + 1 APONTADOR + 1 PINCEL LEO & LEO - Metta Papelaria\",\"isPartOf\":{\"@id\":\"https:\/\/mettapapelaria.com.br\/catalogo\/#website\"},\"primaryImageOfPage\":{\"@id\":\"https:\/\/mettapapelaria.com.br\/catalogo\/produto\/kit-lapis-de-cor-jumbo-4-em-1-13-cores-1-apontador-1-pincel-leo-and-leo\/#primaryimage\"},\"image\":{\"@id\":\"https:\/\/mettapapelaria.com.br\/catalogo\/produto\/kit-lapis-de-cor-jumbo-4-em-1-13-cores-1-apontador-1-pincel-leo-and-leo\/#primaryimage\"},\"thumbnailUrl\":\"https:\/\/mettapapelaria.com.br\/catalogo\/wp-content\/uploads\/2023\/01\/KIT-LAPIS-DE-COR-JUMBO-4-EM-1-13-CORES-1-APONTADOR-PINCEL-LEO.png\",\"datePublished\":\"2023-01-18T19:34:53+00:00\",\"breadcrumb\":{\"@id\":\"https:\/\/mettapapelaria.com.br\/catalogo\/produto\/kit-lapis-de-cor-jumbo-4-em-1-13-cores-1-apontador-1-pincel-leo-and-leo\/#breadcrumb\"},\"inLanguage\":\"pt-BR\",\"potentialAction\":[{\"@type\":\"ReadAction\",\"target\":[\"https:\/\/mettapapelaria.com.br\/catalogo\/produto\/kit-lapis-de-cor-jumbo-4-em-1-13-cores-1-apontador-1-pincel-leo-and-leo\/\"]}]},{\"@type\":\"ImageObject\",\"inLanguage\":\"pt-BR\",\"@id\":\"https:\/\/mettapapelaria.com.br\/catalogo\/produto\/kit-lapis-de-cor-jumbo-4-em-1-13-cores-1-apontador-1-pincel-leo-and-leo\/#primaryimage\",\"url\":\"https:\/\/mettapapelaria.com.br\/catalogo\/wp-content\/uploads\/2023\/01\/KIT-LAPIS-DE-COR-JUMBO-4-EM-1-13-CORES-1-APONTADOR-PINCEL-LEO.png\",\"contentUrl\":\"https:\/\/mettapapelaria.com.br\/catalogo\/wp-content\/uploads\/2023\/01\/KIT-LAPIS-DE-COR-JUMBO-4-EM-1-13-CORES-1-APONTADOR-PINCEL-LEO.png\",\"width\":1080,\"height\":1080,\"caption\":\"KIT L\u00c1PIS DE COR JUMBO 4 EM 1 13 CORES + 1 APONTADOR + 1 PINCEL LEO &amp; LEO\"},{\"@type\":\"BreadcrumbList\",\"@id\":\"https:\/\/mettapapelaria.com.br\/catalogo\/produto\/kit-lapis-de-cor-jumbo-4-em-1-13-cores-1-apontador-1-pincel-leo-and-leo\/#breadcrumb\",\"itemListElement\":[{\"@type\":\"ListItem\",\"position\":1,\"name\":\"In\u00edcio\",\"item\":\"https:\/\/mettapapelaria.com.br\/catalogo\/\"},{\"@type\":\"ListItem\",\"position\":2,\"name\":\"Shop\",\"item\":\"https:\/\/mettapapelaria.com.br\/catalogo\/shop\/\"},{\"@type\":\"ListItem\",\"position\":3,\"name\":\"KIT L\u00c1PIS DE COR JUMBO 4 EM 1 13 CORES + 1 APONTADOR + 1 PINCEL LEO &#038; LEO\"}]},{\"@type\":\"WebSite\",\"@id\":\"https:\/\/mettapapelaria.com.br\/catalogo\/#website\",\"url\":\"https:\/\/mettapapelaria.com.br\/catalogo\/\",\"name\":\"Metta Papelaria\",\"description\":\"Materiais e equipamentos de escrit\u00f3rio, suprimentos para inform\u00e1tica, e uma diversificada linha de material escolar\",\"publisher\":{\"@id\":\"https:\/\/mettapapelaria.com.br\/catalogo\/#organization\"},\"potentialAction\":[{\"@type\":\"SearchAction\",\"target\":{\"@type\":\"EntryPoint\",\"urlTemplate\":\"https:\/\/mettapapelaria.com.br\/catalogo\/?s={search_term_string}\"},\"query-input\":{\"@type\":\"PropertyValueSpecification\",\"valueRequired\":true,\"valueName\":\"search_term_string\"}}],\"inLanguage\":\"pt-BR\"},{\"@type\":\"Organization\",\"@id\":\"https:\/\/mettapapelaria.com.br\/catalogo\/#organization\",\"name\":\"Metta Papelaria\",\"url\":\"https:\/\/mettapapelaria.com.br\/catalogo\/\",\"logo\":{\"@type\":\"ImageObject\",\"inLanguage\":\"pt-BR\",\"@id\":\"https:\/\/mettapapelaria.com.br\/catalogo\/#\/schema\/logo\/image\/\",\"url\":\"https:\/\/mettapapelaria.com.br\/catalogo\/wp-content\/uploads\/2023\/12\/cropped-favicon-Metta_512-1.png\",\"contentUrl\":\"https:\/\/mettapapelaria.com.br\/catalogo\/wp-content\/uploads\/2023\/12\/cropped-favicon-Metta_512-1.png\",\"width\":512,\"height\":512,\"caption\":\"Metta Papelaria\"},\"image\":{\"@id\":\"https:\/\/mettapapelaria.com.br\/catalogo\/#\/schema\/logo\/image\/\"},\"sameAs\":[\"https:\/\/www.facebook.com\/mettapapelaria\/\",\"https:\/\/www.instagram.com\/papelariametta\/\"]}]}<\/script>\n<!-- \/ Yoast SEO plugin. -->","yoast_head_json":{"title":"KIT L\u00c1PIS DE COR JUMBO 4 EM 1 13 CORES + 1 APONTADOR + 1 PINCEL LEO & LEO - Metta Papelaria","robots":{"index":"index","follow":"follow","max-snippet":"max-snippet:-1","max-image-preview":"max-image-preview:large","max-video-preview":"max-video-preview:-1"},"canonical":"https:\/\/mettapapelaria.com.br\/catalogo\/produto\/kit-lapis-de-cor-jumbo-4-em-1-13-cores-1-apontador-1-pincel-leo-and-leo\/","og_locale":"pt_BR","og_type":"article","og_title":"KIT L\u00c1PIS DE COR JUMBO 4 EM 1 13 CORES + 1 APONTADOR + 1 PINCEL LEO & LEO - Metta Papelaria","og_description":"O L\u00e1pis Jumbo 4 em 1 Leo e Leo \u00e9 um super queridinho, ideal para crian\u00e7as em fase de aprendizado, \u00e9 um l\u00e1pis de madeira...","og_url":"https:\/\/mettapapelaria.com.br\/catalogo\/produto\/kit-lapis-de-cor-jumbo-4-em-1-13-cores-1-apontador-1-pincel-leo-and-leo\/","og_site_name":"Metta Papelaria","article_publisher":"https:\/\/www.facebook.com\/mettapapelaria\/","og_image":[{"width":1080,"height":1080,"url":"https:\/\/mettapapelaria.com.br\/catalogo\/wp-content\/uploads\/2023\/01\/KIT-LAPIS-DE-COR-JUMBO-4-EM-1-13-CORES-1-APONTADOR-PINCEL-LEO.png","type":"image\/png"}],"twitter_card":"summary_large_image","schema":{"@context":"https:\/\/schema.org","@graph":[{"@type":"WebPage","@id":"https:\/\/mettapapelaria.com.br\/catalogo\/produto\/kit-lapis-de-cor-jumbo-4-em-1-13-cores-1-apontador-1-pincel-leo-and-leo\/","url":"https:\/\/mettapapelaria.com.br\/catalogo\/produto\/kit-lapis-de-cor-jumbo-4-em-1-13-cores-1-apontador-1-pincel-leo-and-leo\/","name":"KIT L\u00c1PIS DE COR JUMBO 4 EM 1 13 CORES + 1 APONTADOR + 1 PINCEL LEO & LEO - Metta Papelaria","isPartOf":{"@id":"https:\/\/mettapapelaria.com.br\/catalogo\/#website"},"primaryImageOfPage":{"@id":"https:\/\/mettapapelaria.com.br\/catalogo\/produto\/kit-lapis-de-cor-jumbo-4-em-1-13-cores-1-apontador-1-pincel-leo-and-leo\/#primaryimage"},"image":{"@id":"https:\/\/mettapapelaria.com.br\/catalogo\/produto\/kit-lapis-de-cor-jumbo-4-em-1-13-cores-1-apontador-1-pincel-leo-and-leo\/#primaryimage"},"thumbnailUrl":"https:\/\/mettapapelaria.com.br\/catalogo\/wp-content\/uploads\/2023\/01\/KIT-LAPIS-DE-COR-JUMBO-4-EM-1-13-CORES-1-APONTADOR-PINCEL-LEO.png","datePublished":"2023-01-18T19:34:53+00:00","breadcrumb":{"@id":"https:\/\/mettapapelaria.com.br\/catalogo\/produto\/kit-lapis-de-cor-jumbo-4-em-1-13-cores-1-apontador-1-pincel-leo-and-leo\/#breadcrumb"},"inLanguage":"pt-BR","potentialAction":[{"@type":"ReadAction","target":["https:\/\/mettapapelaria.com.br\/catalogo\/produto\/kit-lapis-de-cor-jumbo-4-em-1-13-cores-1-apontador-1-pincel-leo-and-leo\/"]}]},{"@type":"ImageObject","inLanguage":"pt-BR","@id":"https:\/\/mettapapelaria.com.br\/catalogo\/produto\/kit-lapis-de-cor-jumbo-4-em-1-13-cores-1-apontador-1-pincel-leo-and-leo\/#primaryimage","url":"https:\/\/mettapapelaria.com.br\/catalogo\/wp-content\/uploads\/2023\/01\/KIT-LAPIS-DE-COR-JUMBO-4-EM-1-13-CORES-1-APONTADOR-PINCEL-LEO.png","contentUrl":"https:\/\/mettapapelaria.com.br\/catalogo\/wp-content\/uploads\/2023\/01\/KIT-LAPIS-DE-COR-JUMBO-4-EM-1-13-CORES-1-APONTADOR-PINCEL-LEO.png","width":1080,"height":1080,"caption":"KIT L\u00c1PIS DE COR JUMBO 4 EM 1 13 CORES + 1 APONTADOR + 1 PINCEL LEO &amp; LEO"},{"@type":"BreadcrumbList","@id":"https:\/\/mettapapelaria.com.br\/catalogo\/produto\/kit-lapis-de-cor-jumbo-4-em-1-13-cores-1-apontador-1-pincel-leo-and-leo\/#breadcrumb","itemListElement":[{"@type":"ListItem","position":1,"name":"In\u00edcio","item":"https:\/\/mettapapelaria.com.br\/catalogo\/"},{"@type":"ListItem","position":2,"name":"Shop","item":"https:\/\/mettapapelaria.com.br\/catalogo\/shop\/"},{"@type":"ListItem","position":3,"name":"KIT L\u00c1PIS DE COR JUMBO 4 EM 1 13 CORES + 1 APONTADOR + 1 PINCEL LEO &#038; LEO"}]},{"@type":"WebSite","@id":"https:\/\/mettapapelaria.com.br\/catalogo\/#website","url":"https:\/\/mettapapelaria.com.br\/catalogo\/","name":"Metta Papelaria","description":"Materiais e equipamentos de escrit\u00f3rio, suprimentos para inform\u00e1tica, e uma diversificada linha de material escolar","publisher":{"@id":"https:\/\/mettapapelaria.com.br\/catalogo\/#organization"},"potentialAction":[{"@type":"SearchAction","target":{"@type":"EntryPoint","urlTemplate":"https:\/\/mettapapelaria.com.br\/catalogo\/?s={search_term_string}"},"query-input":{"@type":"PropertyValueSpecification","valueRequired":true,"valueName":"search_term_string"}}],"inLanguage":"pt-BR"},{"@type":"Organization","@id":"https:\/\/mettapapelaria.com.br\/catalogo\/#organization","name":"Metta Papelaria","url":"https:\/\/mettapapelaria.com.br\/catalogo\/","logo":{"@type":"ImageObject","inLanguage":"pt-BR","@id":"https:\/\/mettapapelaria.com.br\/catalogo\/#\/schema\/logo\/image\/","url":"https:\/\/mettapapelaria.com.br\/catalogo\/wp-content\/uploads\/2023\/12\/cropped-favicon-Metta_512-1.png","contentUrl":"https:\/\/mettapapelaria.com.br\/catalogo\/wp-content\/uploads\/2023\/12\/cropped-favicon-Metta_512-1.png","width":512,"height":512,"caption":"Metta Papelaria"},"image":{"@id":"https:\/\/mettapapelaria.com.br\/catalogo\/#\/schema\/logo\/image\/"},"sameAs":["https:\/\/www.facebook.com\/mettapapelaria\/","https:\/\/www.instagram.com\/papelariametta\/"]}]}},"_links":{"self":[{"href":"https:\/\/mettapapelaria.com.br\/catalogo\/wp-json\/wp\/v2\/product\/2892","targetHints":{"allow":["GET"]}}],"collection":[{"href":"https:\/\/mettapapelaria.com.br\/catalogo\/wp-json\/wp\/v2\/product"}],"about":[{"href":"https:\/\/mettapapelaria.com.br\/catalogo\/wp-json\/wp\/v2\/types\/product"}],"replies":[{"embeddable":true,"href":"https:\/\/mettapapelaria.com.br\/catalogo\/wp-json\/wp\/v2\/comments?post=2892"}],"version-history":[{"count":0,"href":"https:\/\/mettapapelaria.com.br\/catalogo\/wp-json\/wp\/v2\/product\/2892\/revisions"}],"wp:featuredmedia":[{"embeddable":true,"href":"https:\/\/mettapapelaria.com.br\/catalogo\/wp-json\/wp\/v2\/media\/2890"}],"wp:attachment":[{"href":"https:\/\/mettapapelaria.com.br\/catalogo\/wp-json\/wp\/v2\/media?parent=2892"}],"wp:term":[{"taxonomy":"brand","embeddable":true,"href":"https:\/\/mettapapelaria.com.br\/catalogo\/wp-json\/wp\/v2\/etheme_brands?post=2892"},{"taxonomy":"product_brand","embeddable":true,"href":"https:\/\/mettapapelaria.com.br\/catalogo\/wp-json\/wp\/v2\/product_brand?post=2892"},{"taxonomy":"product_cat","embeddable":true,"href":"https:\/\/mettapapelaria.com.br\/catalogo\/wp-json\/wp\/v2\/product_cat?post=2892"},{"taxonomy":"product_tag","embeddable":true,"href":"https:\/\/mettapapelaria.com.br\/catalogo\/wp-json\/wp\/v2\/product_tag?post=2892"}],"curies":[{"name":"wp","href":"https:\/\/api.w.org\/{rel}","templated":true}]}}