{"id":2787,"date":"2022-12-28T14:05:39","date_gmt":"2022-12-28T17:05:39","guid":{"rendered":"https:\/\/mettapapelaria.com.br\/catalogo\/produto\/caderno-inteligente-tilidisco-10m-happy-tilibra\/"},"modified":"2024-01-10T11:17:46","modified_gmt":"2024-01-10T14:17:46","slug":"caderno-inteligente-tilidisco-10m-happy-tilibra","status":"publish","type":"product","link":"https:\/\/mettapapelaria.com.br\/catalogo\/produto\/caderno-inteligente-tilidisco-10m-happy-tilibra\/","title":{"rendered":"CADERNO INTELIGENTE UNIVERSIT\u00c1RIO TILIDISCO WEST VILLAGE 10M TILIBRA"},"content":{"rendered":"<p>O Caderno Universit\u00e1rio Tilidisco 10 Mat\u00e9rias West Village garante a liberdade para voc\u00ea se organizar como bem entender. O produto \u00e9 desenvolvido com capa dura remov\u00edvel, 11 discos coloridos, bolsa pl\u00e1stica, \u00edndice, separador de mat\u00e9rias, adesivos para decorar e miolo pautado com 160 folhas, de 90 g\/m\u00b2, soltas que podem ser tiradas e adicionadas quantas vezes quiser.<\/p>\n<p>Detalhes:<\/p>\n<ul>\n<li>Acess\u00f3rios: 11 discos com 33 mm de di\u00e2metro<\/li>\n<li>Bolsa: pl\u00e1stica<\/li>\n<li>Capa acabamento: com detalhe metalizado<\/li>\n<li>Capa e Contracapa: duras, costuradas, com acabamento pl\u00e1stico para encaixe dos discos<\/li>\n<li>Discos: 11 unidades com 33 mm de di\u00e2metro<\/li>\n<li>Folha de adesivos<\/li>\n<li>Folhas: pautadas decoradas<\/li>\n<li>\u00cdndice\/separador de mat\u00e9rias decorados<\/li>\n<li>N\u00famero de mat\u00e9rias: 10 mat\u00e9rias<\/li>\n<li>Parte interna da capa decorada<\/li>\n<li>Produto certificado: FSC<\/li>\n<li>Formato: 200mm x 275mm<\/li>\n<li>Gramatura: 90 g\/m\u00b2<\/li>\n<li>N\u00famero de folhas: 160 folhas<\/li>\n<\/ul>\n","protected":false},"excerpt":{"rendered":"<p>O Caderno Universit\u00e1rio Tilidisco 10 Mat\u00e9rias West Village garante a liberdade para voc\u00ea se organizar como bem entender. O produto \u00e9 desenvolvido com capa dura&#8230;<\/p>\n","protected":false},"featured_media":6390,"comment_status":"open","ping_status":"closed","template":"","meta":[],"etheme_brands":[{"term_id":311,"name":"Tilibra","slug":"tilibra","term_group":0,"term_taxonomy_id":311,"taxonomy":"brand","description":"","parent":0,"count":148,"filter":"raw"}],"product_brand":[],"product_cat":[20,133,25,16],"product_tag":[270,277,465,278,464,273,466],"class_list":{"0":"post-2787","1":"product","2":"type-product","3":"status-publish","4":"has-post-thumbnail","6":"brand-tilibra","7":"product_cat-cadernos","8":"product_cat-cadernos-inteligentes","9":"product_cat-material","10":"product_cat-material-escolar","11":"product_tag-caderno","12":"product_tag-caderno-10-materias","13":"product_tag-caderno-de-discos","14":"product_tag-caderno-grande","15":"product_tag-caderno-inteligente","16":"product_tag-caderno-universitario","17":"product_tag-tilidisco","19":"first","20":"instock","21":"sold-individually","22":"shipping-taxable","23":"purchasable","24":"product-type-simple"},"yoast_head":"<!-- This site is optimized with the Yoast SEO plugin v26.9 - https:\/\/yoast.com\/product\/yoast-seo-wordpress\/ -->\n<title>CADERNO INTELIGENTE UNIVERSIT\u00c1RIO TILIDISCO WEST VILLAGE 10M TILIBRA - Metta Papelaria<\/title>\n<meta name=\"robots\" content=\"index, follow, max-snippet:-1, max-image-preview:large, max-video-preview:-1\" \/>\n<link rel=\"canonical\" href=\"https:\/\/mettapapelaria.com.br\/catalogo\/produto\/caderno-inteligente-tilidisco-10m-happy-tilibra\/\" \/>\n<meta property=\"og:locale\" content=\"pt_BR\" \/>\n<meta property=\"og:type\" content=\"article\" \/>\n<meta property=\"og:title\" content=\"CADERNO INTELIGENTE UNIVERSIT\u00c1RIO TILIDISCO WEST VILLAGE 10M TILIBRA - Metta Papelaria\" \/>\n<meta property=\"og:description\" content=\"O Caderno Universit\u00e1rio Tilidisco 10 Mat\u00e9rias West Village garante a liberdade para voc\u00ea se organizar como bem entender. O produto \u00e9 desenvolvido com capa dura...\" \/>\n<meta property=\"og:url\" content=\"https:\/\/mettapapelaria.com.br\/catalogo\/produto\/caderno-inteligente-tilidisco-10m-happy-tilibra\/\" \/>\n<meta property=\"og:site_name\" content=\"Metta Papelaria\" \/>\n<meta property=\"article:publisher\" content=\"https:\/\/www.facebook.com\/mettapapelaria\/\" \/>\n<meta property=\"article:modified_time\" content=\"2024-01-10T14:17:46+00:00\" \/>\n<meta property=\"og:image\" content=\"https:\/\/mettapapelaria.com.br\/catalogo\/wp-content\/uploads\/2022\/12\/CADERNO-INTELIGENTE-TILIDISCO-WEST-VILLAGE-10M-TILIBRA.jpg\" \/>\n\t<meta property=\"og:image:width\" content=\"600\" \/>\n\t<meta property=\"og:image:height\" content=\"600\" \/>\n\t<meta property=\"og:image:type\" content=\"image\/jpeg\" \/>\n<meta name=\"twitter:card\" content=\"summary_large_image\" \/>\n<meta name=\"twitter:label1\" content=\"Est. tempo de leitura\" \/>\n\t<meta name=\"twitter:data1\" content=\"1 minuto\" \/>\n<script type=\"application\/ld+json\" class=\"yoast-schema-graph\">{\"@context\":\"https:\/\/schema.org\",\"@graph\":[{\"@type\":\"WebPage\",\"@id\":\"https:\/\/mettapapelaria.com.br\/catalogo\/produto\/caderno-inteligente-tilidisco-10m-happy-tilibra\/\",\"url\":\"https:\/\/mettapapelaria.com.br\/catalogo\/produto\/caderno-inteligente-tilidisco-10m-happy-tilibra\/\",\"name\":\"CADERNO INTELIGENTE UNIVERSIT\u00c1RIO TILIDISCO WEST VILLAGE 10M TILIBRA - Metta Papelaria\",\"isPartOf\":{\"@id\":\"https:\/\/mettapapelaria.com.br\/catalogo\/#website\"},\"primaryImageOfPage\":{\"@id\":\"https:\/\/mettapapelaria.com.br\/catalogo\/produto\/caderno-inteligente-tilidisco-10m-happy-tilibra\/#primaryimage\"},\"image\":{\"@id\":\"https:\/\/mettapapelaria.com.br\/catalogo\/produto\/caderno-inteligente-tilidisco-10m-happy-tilibra\/#primaryimage\"},\"thumbnailUrl\":\"https:\/\/mettapapelaria.com.br\/catalogo\/wp-content\/uploads\/2022\/12\/CADERNO-INTELIGENTE-TILIDISCO-WEST-VILLAGE-10M-TILIBRA.jpg\",\"datePublished\":\"2022-12-28T17:05:39+00:00\",\"dateModified\":\"2024-01-10T14:17:46+00:00\",\"breadcrumb\":{\"@id\":\"https:\/\/mettapapelaria.com.br\/catalogo\/produto\/caderno-inteligente-tilidisco-10m-happy-tilibra\/#breadcrumb\"},\"inLanguage\":\"pt-BR\",\"potentialAction\":[{\"@type\":\"ReadAction\",\"target\":[\"https:\/\/mettapapelaria.com.br\/catalogo\/produto\/caderno-inteligente-tilidisco-10m-happy-tilibra\/\"]}]},{\"@type\":\"ImageObject\",\"inLanguage\":\"pt-BR\",\"@id\":\"https:\/\/mettapapelaria.com.br\/catalogo\/produto\/caderno-inteligente-tilidisco-10m-happy-tilibra\/#primaryimage\",\"url\":\"https:\/\/mettapapelaria.com.br\/catalogo\/wp-content\/uploads\/2022\/12\/CADERNO-INTELIGENTE-TILIDISCO-WEST-VILLAGE-10M-TILIBRA.jpg\",\"contentUrl\":\"https:\/\/mettapapelaria.com.br\/catalogo\/wp-content\/uploads\/2022\/12\/CADERNO-INTELIGENTE-TILIDISCO-WEST-VILLAGE-10M-TILIBRA.jpg\",\"width\":600,\"height\":600},{\"@type\":\"BreadcrumbList\",\"@id\":\"https:\/\/mettapapelaria.com.br\/catalogo\/produto\/caderno-inteligente-tilidisco-10m-happy-tilibra\/#breadcrumb\",\"itemListElement\":[{\"@type\":\"ListItem\",\"position\":1,\"name\":\"In\u00edcio\",\"item\":\"https:\/\/mettapapelaria.com.br\/catalogo\/\"},{\"@type\":\"ListItem\",\"position\":2,\"name\":\"Shop\",\"item\":\"https:\/\/mettapapelaria.com.br\/catalogo\/shop\/\"},{\"@type\":\"ListItem\",\"position\":3,\"name\":\"CADERNO INTELIGENTE UNIVERSIT\u00c1RIO TILIDISCO WEST VILLAGE 10M TILIBRA\"}]},{\"@type\":\"WebSite\",\"@id\":\"https:\/\/mettapapelaria.com.br\/catalogo\/#website\",\"url\":\"https:\/\/mettapapelaria.com.br\/catalogo\/\",\"name\":\"Metta Papelaria\",\"description\":\"Materiais e equipamentos de escrit\u00f3rio, suprimentos para inform\u00e1tica, e uma diversificada linha de material escolar\",\"publisher\":{\"@id\":\"https:\/\/mettapapelaria.com.br\/catalogo\/#organization\"},\"potentialAction\":[{\"@type\":\"SearchAction\",\"target\":{\"@type\":\"EntryPoint\",\"urlTemplate\":\"https:\/\/mettapapelaria.com.br\/catalogo\/?s={search_term_string}\"},\"query-input\":{\"@type\":\"PropertyValueSpecification\",\"valueRequired\":true,\"valueName\":\"search_term_string\"}}],\"inLanguage\":\"pt-BR\"},{\"@type\":\"Organization\",\"@id\":\"https:\/\/mettapapelaria.com.br\/catalogo\/#organization\",\"name\":\"Metta Papelaria\",\"url\":\"https:\/\/mettapapelaria.com.br\/catalogo\/\",\"logo\":{\"@type\":\"ImageObject\",\"inLanguage\":\"pt-BR\",\"@id\":\"https:\/\/mettapapelaria.com.br\/catalogo\/#\/schema\/logo\/image\/\",\"url\":\"https:\/\/mettapapelaria.com.br\/catalogo\/wp-content\/uploads\/2023\/12\/cropped-favicon-Metta_512-1.png\",\"contentUrl\":\"https:\/\/mettapapelaria.com.br\/catalogo\/wp-content\/uploads\/2023\/12\/cropped-favicon-Metta_512-1.png\",\"width\":512,\"height\":512,\"caption\":\"Metta Papelaria\"},\"image\":{\"@id\":\"https:\/\/mettapapelaria.com.br\/catalogo\/#\/schema\/logo\/image\/\"},\"sameAs\":[\"https:\/\/www.facebook.com\/mettapapelaria\/\",\"https:\/\/www.instagram.com\/papelariametta\/\"]}]}<\/script>\n<!-- \/ Yoast SEO plugin. -->","yoast_head_json":{"title":"CADERNO INTELIGENTE UNIVERSIT\u00c1RIO TILIDISCO WEST VILLAGE 10M TILIBRA - Metta Papelaria","robots":{"index":"index","follow":"follow","max-snippet":"max-snippet:-1","max-image-preview":"max-image-preview:large","max-video-preview":"max-video-preview:-1"},"canonical":"https:\/\/mettapapelaria.com.br\/catalogo\/produto\/caderno-inteligente-tilidisco-10m-happy-tilibra\/","og_locale":"pt_BR","og_type":"article","og_title":"CADERNO INTELIGENTE UNIVERSIT\u00c1RIO TILIDISCO WEST VILLAGE 10M TILIBRA - Metta Papelaria","og_description":"O Caderno Universit\u00e1rio Tilidisco 10 Mat\u00e9rias West Village garante a liberdade para voc\u00ea se organizar como bem entender. O produto \u00e9 desenvolvido com capa dura...","og_url":"https:\/\/mettapapelaria.com.br\/catalogo\/produto\/caderno-inteligente-tilidisco-10m-happy-tilibra\/","og_site_name":"Metta Papelaria","article_publisher":"https:\/\/www.facebook.com\/mettapapelaria\/","article_modified_time":"2024-01-10T14:17:46+00:00","og_image":[{"width":600,"height":600,"url":"https:\/\/mettapapelaria.com.br\/catalogo\/wp-content\/uploads\/2022\/12\/CADERNO-INTELIGENTE-TILIDISCO-WEST-VILLAGE-10M-TILIBRA.jpg","type":"image\/jpeg"}],"twitter_card":"summary_large_image","twitter_misc":{"Est. tempo de leitura":"1 minuto"},"schema":{"@context":"https:\/\/schema.org","@graph":[{"@type":"WebPage","@id":"https:\/\/mettapapelaria.com.br\/catalogo\/produto\/caderno-inteligente-tilidisco-10m-happy-tilibra\/","url":"https:\/\/mettapapelaria.com.br\/catalogo\/produto\/caderno-inteligente-tilidisco-10m-happy-tilibra\/","name":"CADERNO INTELIGENTE UNIVERSIT\u00c1RIO TILIDISCO WEST VILLAGE 10M TILIBRA - Metta Papelaria","isPartOf":{"@id":"https:\/\/mettapapelaria.com.br\/catalogo\/#website"},"primaryImageOfPage":{"@id":"https:\/\/mettapapelaria.com.br\/catalogo\/produto\/caderno-inteligente-tilidisco-10m-happy-tilibra\/#primaryimage"},"image":{"@id":"https:\/\/mettapapelaria.com.br\/catalogo\/produto\/caderno-inteligente-tilidisco-10m-happy-tilibra\/#primaryimage"},"thumbnailUrl":"https:\/\/mettapapelaria.com.br\/catalogo\/wp-content\/uploads\/2022\/12\/CADERNO-INTELIGENTE-TILIDISCO-WEST-VILLAGE-10M-TILIBRA.jpg","datePublished":"2022-12-28T17:05:39+00:00","dateModified":"2024-01-10T14:17:46+00:00","breadcrumb":{"@id":"https:\/\/mettapapelaria.com.br\/catalogo\/produto\/caderno-inteligente-tilidisco-10m-happy-tilibra\/#breadcrumb"},"inLanguage":"pt-BR","potentialAction":[{"@type":"ReadAction","target":["https:\/\/mettapapelaria.com.br\/catalogo\/produto\/caderno-inteligente-tilidisco-10m-happy-tilibra\/"]}]},{"@type":"ImageObject","inLanguage":"pt-BR","@id":"https:\/\/mettapapelaria.com.br\/catalogo\/produto\/caderno-inteligente-tilidisco-10m-happy-tilibra\/#primaryimage","url":"https:\/\/mettapapelaria.com.br\/catalogo\/wp-content\/uploads\/2022\/12\/CADERNO-INTELIGENTE-TILIDISCO-WEST-VILLAGE-10M-TILIBRA.jpg","contentUrl":"https:\/\/mettapapelaria.com.br\/catalogo\/wp-content\/uploads\/2022\/12\/CADERNO-INTELIGENTE-TILIDISCO-WEST-VILLAGE-10M-TILIBRA.jpg","width":600,"height":600},{"@type":"BreadcrumbList","@id":"https:\/\/mettapapelaria.com.br\/catalogo\/produto\/caderno-inteligente-tilidisco-10m-happy-tilibra\/#breadcrumb","itemListElement":[{"@type":"ListItem","position":1,"name":"In\u00edcio","item":"https:\/\/mettapapelaria.com.br\/catalogo\/"},{"@type":"ListItem","position":2,"name":"Shop","item":"https:\/\/mettapapelaria.com.br\/catalogo\/shop\/"},{"@type":"ListItem","position":3,"name":"CADERNO INTELIGENTE UNIVERSIT\u00c1RIO TILIDISCO WEST VILLAGE 10M TILIBRA"}]},{"@type":"WebSite","@id":"https:\/\/mettapapelaria.com.br\/catalogo\/#website","url":"https:\/\/mettapapelaria.com.br\/catalogo\/","name":"Metta Papelaria","description":"Materiais e equipamentos de escrit\u00f3rio, suprimentos para inform\u00e1tica, e uma diversificada linha de material escolar","publisher":{"@id":"https:\/\/mettapapelaria.com.br\/catalogo\/#organization"},"potentialAction":[{"@type":"SearchAction","target":{"@type":"EntryPoint","urlTemplate":"https:\/\/mettapapelaria.com.br\/catalogo\/?s={search_term_string}"},"query-input":{"@type":"PropertyValueSpecification","valueRequired":true,"valueName":"search_term_string"}}],"inLanguage":"pt-BR"},{"@type":"Organization","@id":"https:\/\/mettapapelaria.com.br\/catalogo\/#organization","name":"Metta Papelaria","url":"https:\/\/mettapapelaria.com.br\/catalogo\/","logo":{"@type":"ImageObject","inLanguage":"pt-BR","@id":"https:\/\/mettapapelaria.com.br\/catalogo\/#\/schema\/logo\/image\/","url":"https:\/\/mettapapelaria.com.br\/catalogo\/wp-content\/uploads\/2023\/12\/cropped-favicon-Metta_512-1.png","contentUrl":"https:\/\/mettapapelaria.com.br\/catalogo\/wp-content\/uploads\/2023\/12\/cropped-favicon-Metta_512-1.png","width":512,"height":512,"caption":"Metta Papelaria"},"image":{"@id":"https:\/\/mettapapelaria.com.br\/catalogo\/#\/schema\/logo\/image\/"},"sameAs":["https:\/\/www.facebook.com\/mettapapelaria\/","https:\/\/www.instagram.com\/papelariametta\/"]}]}},"_links":{"self":[{"href":"https:\/\/mettapapelaria.com.br\/catalogo\/wp-json\/wp\/v2\/product\/2787","targetHints":{"allow":["GET"]}}],"collection":[{"href":"https:\/\/mettapapelaria.com.br\/catalogo\/wp-json\/wp\/v2\/product"}],"about":[{"href":"https:\/\/mettapapelaria.com.br\/catalogo\/wp-json\/wp\/v2\/types\/product"}],"replies":[{"embeddable":true,"href":"https:\/\/mettapapelaria.com.br\/catalogo\/wp-json\/wp\/v2\/comments?post=2787"}],"version-history":[{"count":2,"href":"https:\/\/mettapapelaria.com.br\/catalogo\/wp-json\/wp\/v2\/product\/2787\/revisions"}],"predecessor-version":[{"id":6392,"href":"https:\/\/mettapapelaria.com.br\/catalogo\/wp-json\/wp\/v2\/product\/2787\/revisions\/6392"}],"wp:featuredmedia":[{"embeddable":true,"href":"https:\/\/mettapapelaria.com.br\/catalogo\/wp-json\/wp\/v2\/media\/6390"}],"wp:attachment":[{"href":"https:\/\/mettapapelaria.com.br\/catalogo\/wp-json\/wp\/v2\/media?parent=2787"}],"wp:term":[{"taxonomy":"brand","embeddable":true,"href":"https:\/\/mettapapelaria.com.br\/catalogo\/wp-json\/wp\/v2\/etheme_brands?post=2787"},{"taxonomy":"product_brand","embeddable":true,"href":"https:\/\/mettapapelaria.com.br\/catalogo\/wp-json\/wp\/v2\/product_brand?post=2787"},{"taxonomy":"product_cat","embeddable":true,"href":"https:\/\/mettapapelaria.com.br\/catalogo\/wp-json\/wp\/v2\/product_cat?post=2787"},{"taxonomy":"product_tag","embeddable":true,"href":"https:\/\/mettapapelaria.com.br\/catalogo\/wp-json\/wp\/v2\/product_tag?post=2787"}],"curies":[{"name":"wp","href":"https:\/\/api.w.org\/{rel}","templated":true}]}}