{"id":2675,"date":"2022-12-20T11:12:44","date_gmt":"2022-12-20T14:12:44","guid":{"rendered":"https:\/\/mettapapelaria.com.br\/catalogo\/produto\/fita-adesiva-transparente-de-empacotamento-qualiclear-12mm-x-40m-adelbras\/"},"modified":"2022-12-20T11:12:44","modified_gmt":"2022-12-20T14:12:44","slug":"fita-adesiva-transparente-de-empacotamento-qualiclear-12mm-x-40m-adelbras","status":"publish","type":"product","link":"https:\/\/mettapapelaria.com.br\/catalogo\/produto\/fita-adesiva-transparente-de-empacotamento-qualiclear-12mm-x-40m-adelbras\/","title":{"rendered":"FITA ADESIVA TRANSPARENTE DE EMPACOTAMENTO QUALICLEAR 12MM X 40M ADELBRAS"},"content":{"rendered":"<h4><span style=\"font-family: Arial; font-weight: bold;\">Especifica\u00e7\u00f5es:<\/span><\/h4>\n<h4>\n<ul>\n<li><span style=\"font-family: Arial;\">Cor: transparente;<\/span><\/li>\n<li><span style=\"font-family: Arial;\">Medida: 12mm x 40m.<\/span><\/li>\n<\/ul>\n<\/h4>\n<h4><span style=\"font-family: Arial; font-weight: bold;\">Composi\u00e7\u00e3o:<\/span><\/h4>\n<h4>\n<ul>\n<li><span style=\"font-family: Arial;\">Filme de polipropileno, com adesivo acr\u00edlico \u00e0 base de \u00e1gua.<\/span><\/li>\n<\/ul>\n<\/h4>\n<h4><span style=\"font-family: Arial; font-weight: bold;\">Uso:<\/span><\/h4>\n<h4>\n<ul>\n<li><span style=\"font-family: Arial;\">Fita transparente para empacotamento leve e identifica\u00e7\u00e3o, trabalhos escolares, fechamento de envelopes, lacra\u00e7\u00e3o de pacotes.<\/span><\/li>\n<\/ul>\n<\/h4>\n","protected":false},"excerpt":{"rendered":"<p>Especifica\u00e7\u00f5es: Cor: transparente; Medida: 12mm x 40m. Composi\u00e7\u00e3o: Filme de polipropileno, com adesivo acr\u00edlico \u00e0 base de \u00e1gua. Uso: Fita transparente para empacotamento leve e&#8230;<\/p>\n","protected":false},"featured_media":2674,"comment_status":"open","ping_status":"closed","template":"","meta":[],"etheme_brands":[],"product_brand":[],"product_cat":[43,60,119,120,25,16,15],"product_tag":[],"class_list":{"0":"post-2675","1":"product","2":"type-product","3":"status-publish","4":"has-post-thumbnail","6":"product_cat-bazar-artesanato","7":"product_cat-fitas-adesivas","8":"product_cat-fitas-adesivasa","9":"product_cat-fitas-adesivass","10":"product_cat-material","11":"product_cat-material-escolar","12":"product_cat-material-escritorio","14":"first","15":"instock","16":"sold-individually","17":"shipping-taxable","18":"purchasable","19":"product-type-simple"},"yoast_head":"<!-- This site is optimized with the Yoast SEO plugin v26.9 - https:\/\/yoast.com\/product\/yoast-seo-wordpress\/ -->\n<title>FITA ADESIVA TRANSPARENTE DE EMPACOTAMENTO QUALICLEAR 12MM X 40M ADELBRAS - Metta Papelaria<\/title>\n<meta name=\"robots\" content=\"index, follow, max-snippet:-1, max-image-preview:large, max-video-preview:-1\" \/>\n<link rel=\"canonical\" href=\"https:\/\/mettapapelaria.com.br\/catalogo\/produto\/fita-adesiva-transparente-de-empacotamento-qualiclear-12mm-x-40m-adelbras\/\" \/>\n<meta property=\"og:locale\" content=\"pt_BR\" \/>\n<meta property=\"og:type\" content=\"article\" \/>\n<meta property=\"og:title\" content=\"FITA ADESIVA TRANSPARENTE DE EMPACOTAMENTO QUALICLEAR 12MM X 40M ADELBRAS - Metta Papelaria\" \/>\n<meta property=\"og:description\" content=\"Especifica\u00e7\u00f5es: Cor: transparente; Medida: 12mm x 40m. Composi\u00e7\u00e3o: Filme de polipropileno, com adesivo acr\u00edlico \u00e0 base de \u00e1gua. Uso: Fita transparente para empacotamento leve e...\" \/>\n<meta property=\"og:url\" content=\"https:\/\/mettapapelaria.com.br\/catalogo\/produto\/fita-adesiva-transparente-de-empacotamento-qualiclear-12mm-x-40m-adelbras\/\" \/>\n<meta property=\"og:site_name\" content=\"Metta Papelaria\" \/>\n<meta property=\"article:publisher\" content=\"https:\/\/www.facebook.com\/mettapapelaria\/\" \/>\n<meta property=\"og:image\" content=\"https:\/\/mettapapelaria.com.br\/catalogo\/wp-content\/uploads\/2022\/12\/FITA-ADESIVA-TRANSPARENTE-DE-EMPACOTAMENTO-QUALICLEAR-12MM-X-40M-ADELBRAS.jpg\" \/>\n\t<meta property=\"og:image:width\" content=\"1080\" \/>\n\t<meta property=\"og:image:height\" content=\"1080\" \/>\n\t<meta property=\"og:image:type\" content=\"image\/jpeg\" \/>\n<meta name=\"twitter:card\" content=\"summary_large_image\" \/>\n<script type=\"application\/ld+json\" class=\"yoast-schema-graph\">{\"@context\":\"https:\/\/schema.org\",\"@graph\":[{\"@type\":\"WebPage\",\"@id\":\"https:\/\/mettapapelaria.com.br\/catalogo\/produto\/fita-adesiva-transparente-de-empacotamento-qualiclear-12mm-x-40m-adelbras\/\",\"url\":\"https:\/\/mettapapelaria.com.br\/catalogo\/produto\/fita-adesiva-transparente-de-empacotamento-qualiclear-12mm-x-40m-adelbras\/\",\"name\":\"FITA ADESIVA TRANSPARENTE DE EMPACOTAMENTO QUALICLEAR 12MM X 40M ADELBRAS - Metta Papelaria\",\"isPartOf\":{\"@id\":\"https:\/\/mettapapelaria.com.br\/catalogo\/#website\"},\"primaryImageOfPage\":{\"@id\":\"https:\/\/mettapapelaria.com.br\/catalogo\/produto\/fita-adesiva-transparente-de-empacotamento-qualiclear-12mm-x-40m-adelbras\/#primaryimage\"},\"image\":{\"@id\":\"https:\/\/mettapapelaria.com.br\/catalogo\/produto\/fita-adesiva-transparente-de-empacotamento-qualiclear-12mm-x-40m-adelbras\/#primaryimage\"},\"thumbnailUrl\":\"https:\/\/mettapapelaria.com.br\/catalogo\/wp-content\/uploads\/2022\/12\/FITA-ADESIVA-TRANSPARENTE-DE-EMPACOTAMENTO-QUALICLEAR-12MM-X-40M-ADELBRAS.jpg\",\"datePublished\":\"2022-12-20T14:12:44+00:00\",\"breadcrumb\":{\"@id\":\"https:\/\/mettapapelaria.com.br\/catalogo\/produto\/fita-adesiva-transparente-de-empacotamento-qualiclear-12mm-x-40m-adelbras\/#breadcrumb\"},\"inLanguage\":\"pt-BR\",\"potentialAction\":[{\"@type\":\"ReadAction\",\"target\":[\"https:\/\/mettapapelaria.com.br\/catalogo\/produto\/fita-adesiva-transparente-de-empacotamento-qualiclear-12mm-x-40m-adelbras\/\"]}]},{\"@type\":\"ImageObject\",\"inLanguage\":\"pt-BR\",\"@id\":\"https:\/\/mettapapelaria.com.br\/catalogo\/produto\/fita-adesiva-transparente-de-empacotamento-qualiclear-12mm-x-40m-adelbras\/#primaryimage\",\"url\":\"https:\/\/mettapapelaria.com.br\/catalogo\/wp-content\/uploads\/2022\/12\/FITA-ADESIVA-TRANSPARENTE-DE-EMPACOTAMENTO-QUALICLEAR-12MM-X-40M-ADELBRAS.jpg\",\"contentUrl\":\"https:\/\/mettapapelaria.com.br\/catalogo\/wp-content\/uploads\/2022\/12\/FITA-ADESIVA-TRANSPARENTE-DE-EMPACOTAMENTO-QUALICLEAR-12MM-X-40M-ADELBRAS.jpg\",\"width\":1080,\"height\":1080,\"caption\":\"FITA ADESIVA TRANSPARENTE DE EMPACOTAMENTO QUALICLEAR 12MM X 40M ADELBRAS\"},{\"@type\":\"BreadcrumbList\",\"@id\":\"https:\/\/mettapapelaria.com.br\/catalogo\/produto\/fita-adesiva-transparente-de-empacotamento-qualiclear-12mm-x-40m-adelbras\/#breadcrumb\",\"itemListElement\":[{\"@type\":\"ListItem\",\"position\":1,\"name\":\"In\u00edcio\",\"item\":\"https:\/\/mettapapelaria.com.br\/catalogo\/\"},{\"@type\":\"ListItem\",\"position\":2,\"name\":\"Shop\",\"item\":\"https:\/\/mettapapelaria.com.br\/catalogo\/shop\/\"},{\"@type\":\"ListItem\",\"position\":3,\"name\":\"FITA ADESIVA TRANSPARENTE DE EMPACOTAMENTO QUALICLEAR 12MM X 40M ADELBRAS\"}]},{\"@type\":\"WebSite\",\"@id\":\"https:\/\/mettapapelaria.com.br\/catalogo\/#website\",\"url\":\"https:\/\/mettapapelaria.com.br\/catalogo\/\",\"name\":\"Metta Papelaria\",\"description\":\"Materiais e equipamentos de escrit\u00f3rio, suprimentos para inform\u00e1tica, e uma diversificada linha de material escolar\",\"publisher\":{\"@id\":\"https:\/\/mettapapelaria.com.br\/catalogo\/#organization\"},\"potentialAction\":[{\"@type\":\"SearchAction\",\"target\":{\"@type\":\"EntryPoint\",\"urlTemplate\":\"https:\/\/mettapapelaria.com.br\/catalogo\/?s={search_term_string}\"},\"query-input\":{\"@type\":\"PropertyValueSpecification\",\"valueRequired\":true,\"valueName\":\"search_term_string\"}}],\"inLanguage\":\"pt-BR\"},{\"@type\":\"Organization\",\"@id\":\"https:\/\/mettapapelaria.com.br\/catalogo\/#organization\",\"name\":\"Metta Papelaria\",\"url\":\"https:\/\/mettapapelaria.com.br\/catalogo\/\",\"logo\":{\"@type\":\"ImageObject\",\"inLanguage\":\"pt-BR\",\"@id\":\"https:\/\/mettapapelaria.com.br\/catalogo\/#\/schema\/logo\/image\/\",\"url\":\"https:\/\/mettapapelaria.com.br\/catalogo\/wp-content\/uploads\/2023\/12\/cropped-favicon-Metta_512-1.png\",\"contentUrl\":\"https:\/\/mettapapelaria.com.br\/catalogo\/wp-content\/uploads\/2023\/12\/cropped-favicon-Metta_512-1.png\",\"width\":512,\"height\":512,\"caption\":\"Metta Papelaria\"},\"image\":{\"@id\":\"https:\/\/mettapapelaria.com.br\/catalogo\/#\/schema\/logo\/image\/\"},\"sameAs\":[\"https:\/\/www.facebook.com\/mettapapelaria\/\",\"https:\/\/www.instagram.com\/papelariametta\/\"]}]}<\/script>\n<!-- \/ Yoast SEO plugin. -->","yoast_head_json":{"title":"FITA ADESIVA TRANSPARENTE DE EMPACOTAMENTO QUALICLEAR 12MM X 40M ADELBRAS - Metta Papelaria","robots":{"index":"index","follow":"follow","max-snippet":"max-snippet:-1","max-image-preview":"max-image-preview:large","max-video-preview":"max-video-preview:-1"},"canonical":"https:\/\/mettapapelaria.com.br\/catalogo\/produto\/fita-adesiva-transparente-de-empacotamento-qualiclear-12mm-x-40m-adelbras\/","og_locale":"pt_BR","og_type":"article","og_title":"FITA ADESIVA TRANSPARENTE DE EMPACOTAMENTO QUALICLEAR 12MM X 40M ADELBRAS - Metta Papelaria","og_description":"Especifica\u00e7\u00f5es: Cor: transparente; Medida: 12mm x 40m. Composi\u00e7\u00e3o: Filme de polipropileno, com adesivo acr\u00edlico \u00e0 base de \u00e1gua. Uso: Fita transparente para empacotamento leve e...","og_url":"https:\/\/mettapapelaria.com.br\/catalogo\/produto\/fita-adesiva-transparente-de-empacotamento-qualiclear-12mm-x-40m-adelbras\/","og_site_name":"Metta Papelaria","article_publisher":"https:\/\/www.facebook.com\/mettapapelaria\/","og_image":[{"width":1080,"height":1080,"url":"https:\/\/mettapapelaria.com.br\/catalogo\/wp-content\/uploads\/2022\/12\/FITA-ADESIVA-TRANSPARENTE-DE-EMPACOTAMENTO-QUALICLEAR-12MM-X-40M-ADELBRAS.jpg","type":"image\/jpeg"}],"twitter_card":"summary_large_image","schema":{"@context":"https:\/\/schema.org","@graph":[{"@type":"WebPage","@id":"https:\/\/mettapapelaria.com.br\/catalogo\/produto\/fita-adesiva-transparente-de-empacotamento-qualiclear-12mm-x-40m-adelbras\/","url":"https:\/\/mettapapelaria.com.br\/catalogo\/produto\/fita-adesiva-transparente-de-empacotamento-qualiclear-12mm-x-40m-adelbras\/","name":"FITA ADESIVA TRANSPARENTE DE EMPACOTAMENTO QUALICLEAR 12MM X 40M ADELBRAS - Metta Papelaria","isPartOf":{"@id":"https:\/\/mettapapelaria.com.br\/catalogo\/#website"},"primaryImageOfPage":{"@id":"https:\/\/mettapapelaria.com.br\/catalogo\/produto\/fita-adesiva-transparente-de-empacotamento-qualiclear-12mm-x-40m-adelbras\/#primaryimage"},"image":{"@id":"https:\/\/mettapapelaria.com.br\/catalogo\/produto\/fita-adesiva-transparente-de-empacotamento-qualiclear-12mm-x-40m-adelbras\/#primaryimage"},"thumbnailUrl":"https:\/\/mettapapelaria.com.br\/catalogo\/wp-content\/uploads\/2022\/12\/FITA-ADESIVA-TRANSPARENTE-DE-EMPACOTAMENTO-QUALICLEAR-12MM-X-40M-ADELBRAS.jpg","datePublished":"2022-12-20T14:12:44+00:00","breadcrumb":{"@id":"https:\/\/mettapapelaria.com.br\/catalogo\/produto\/fita-adesiva-transparente-de-empacotamento-qualiclear-12mm-x-40m-adelbras\/#breadcrumb"},"inLanguage":"pt-BR","potentialAction":[{"@type":"ReadAction","target":["https:\/\/mettapapelaria.com.br\/catalogo\/produto\/fita-adesiva-transparente-de-empacotamento-qualiclear-12mm-x-40m-adelbras\/"]}]},{"@type":"ImageObject","inLanguage":"pt-BR","@id":"https:\/\/mettapapelaria.com.br\/catalogo\/produto\/fita-adesiva-transparente-de-empacotamento-qualiclear-12mm-x-40m-adelbras\/#primaryimage","url":"https:\/\/mettapapelaria.com.br\/catalogo\/wp-content\/uploads\/2022\/12\/FITA-ADESIVA-TRANSPARENTE-DE-EMPACOTAMENTO-QUALICLEAR-12MM-X-40M-ADELBRAS.jpg","contentUrl":"https:\/\/mettapapelaria.com.br\/catalogo\/wp-content\/uploads\/2022\/12\/FITA-ADESIVA-TRANSPARENTE-DE-EMPACOTAMENTO-QUALICLEAR-12MM-X-40M-ADELBRAS.jpg","width":1080,"height":1080,"caption":"FITA ADESIVA TRANSPARENTE DE EMPACOTAMENTO QUALICLEAR 12MM X 40M ADELBRAS"},{"@type":"BreadcrumbList","@id":"https:\/\/mettapapelaria.com.br\/catalogo\/produto\/fita-adesiva-transparente-de-empacotamento-qualiclear-12mm-x-40m-adelbras\/#breadcrumb","itemListElement":[{"@type":"ListItem","position":1,"name":"In\u00edcio","item":"https:\/\/mettapapelaria.com.br\/catalogo\/"},{"@type":"ListItem","position":2,"name":"Shop","item":"https:\/\/mettapapelaria.com.br\/catalogo\/shop\/"},{"@type":"ListItem","position":3,"name":"FITA ADESIVA TRANSPARENTE DE EMPACOTAMENTO QUALICLEAR 12MM X 40M ADELBRAS"}]},{"@type":"WebSite","@id":"https:\/\/mettapapelaria.com.br\/catalogo\/#website","url":"https:\/\/mettapapelaria.com.br\/catalogo\/","name":"Metta Papelaria","description":"Materiais e equipamentos de escrit\u00f3rio, suprimentos para inform\u00e1tica, e uma diversificada linha de material escolar","publisher":{"@id":"https:\/\/mettapapelaria.com.br\/catalogo\/#organization"},"potentialAction":[{"@type":"SearchAction","target":{"@type":"EntryPoint","urlTemplate":"https:\/\/mettapapelaria.com.br\/catalogo\/?s={search_term_string}"},"query-input":{"@type":"PropertyValueSpecification","valueRequired":true,"valueName":"search_term_string"}}],"inLanguage":"pt-BR"},{"@type":"Organization","@id":"https:\/\/mettapapelaria.com.br\/catalogo\/#organization","name":"Metta Papelaria","url":"https:\/\/mettapapelaria.com.br\/catalogo\/","logo":{"@type":"ImageObject","inLanguage":"pt-BR","@id":"https:\/\/mettapapelaria.com.br\/catalogo\/#\/schema\/logo\/image\/","url":"https:\/\/mettapapelaria.com.br\/catalogo\/wp-content\/uploads\/2023\/12\/cropped-favicon-Metta_512-1.png","contentUrl":"https:\/\/mettapapelaria.com.br\/catalogo\/wp-content\/uploads\/2023\/12\/cropped-favicon-Metta_512-1.png","width":512,"height":512,"caption":"Metta Papelaria"},"image":{"@id":"https:\/\/mettapapelaria.com.br\/catalogo\/#\/schema\/logo\/image\/"},"sameAs":["https:\/\/www.facebook.com\/mettapapelaria\/","https:\/\/www.instagram.com\/papelariametta\/"]}]}},"_links":{"self":[{"href":"https:\/\/mettapapelaria.com.br\/catalogo\/wp-json\/wp\/v2\/product\/2675","targetHints":{"allow":["GET"]}}],"collection":[{"href":"https:\/\/mettapapelaria.com.br\/catalogo\/wp-json\/wp\/v2\/product"}],"about":[{"href":"https:\/\/mettapapelaria.com.br\/catalogo\/wp-json\/wp\/v2\/types\/product"}],"replies":[{"embeddable":true,"href":"https:\/\/mettapapelaria.com.br\/catalogo\/wp-json\/wp\/v2\/comments?post=2675"}],"version-history":[{"count":0,"href":"https:\/\/mettapapelaria.com.br\/catalogo\/wp-json\/wp\/v2\/product\/2675\/revisions"}],"wp:featuredmedia":[{"embeddable":true,"href":"https:\/\/mettapapelaria.com.br\/catalogo\/wp-json\/wp\/v2\/media\/2674"}],"wp:attachment":[{"href":"https:\/\/mettapapelaria.com.br\/catalogo\/wp-json\/wp\/v2\/media?parent=2675"}],"wp:term":[{"taxonomy":"brand","embeddable":true,"href":"https:\/\/mettapapelaria.com.br\/catalogo\/wp-json\/wp\/v2\/etheme_brands?post=2675"},{"taxonomy":"product_brand","embeddable":true,"href":"https:\/\/mettapapelaria.com.br\/catalogo\/wp-json\/wp\/v2\/product_brand?post=2675"},{"taxonomy":"product_cat","embeddable":true,"href":"https:\/\/mettapapelaria.com.br\/catalogo\/wp-json\/wp\/v2\/product_cat?post=2675"},{"taxonomy":"product_tag","embeddable":true,"href":"https:\/\/mettapapelaria.com.br\/catalogo\/wp-json\/wp\/v2\/product_tag?post=2675"}],"curies":[{"name":"wp","href":"https:\/\/api.w.org\/{rel}","templated":true}]}}