{"id":2566,"date":"2022-12-19T10:14:59","date_gmt":"2022-12-19T13:14:59","guid":{"rendered":"https:\/\/mettapapelaria.com.br\/catalogo\/produto\/pincel-atomico-1100-p-recarregavel-permanente-pilot\/"},"modified":"2022-12-19T10:14:59","modified_gmt":"2022-12-19T13:14:59","slug":"pincel-atomico-1100-p-recarregavel-permanente-pilot","status":"publish","type":"product","link":"https:\/\/mettapapelaria.com.br\/catalogo\/produto\/pincel-atomico-1100-p-recarregavel-permanente-pilot\/","title":{"rendered":"PINCEL AT\u00d4MICO 1100-P RECARREG\u00c1VEL PERMANENTE PILOT"},"content":{"rendered":"<h4><span style=\"font-family: Arial;\">Refer\u00eancia em marcadores no Brasil, o Pincel At\u00f4mico 1100-M foi lan\u00e7ado pela PILOT em 1958.<\/span><\/h4>\n<h4><span style=\"font-family: Arial;\">Apresenta um excelente custo benef\u00edcio gra\u00e7as as suas diversas funcionalidades e longa durabilidade de sua tinta.<\/span><\/h4>\n<h4><span style=\"font-family: Arial;\">Indicado para marcar, escrever e at\u00e9 mesmo desenhar, possui ponta chanfrada de feltro resistente que n\u00e3o deforma. Por isso, \u00e9 ideal para superf\u00edcies r\u00fasticas como papel\u00e3o e madeira. Contudo, tamb\u00e9m \u00e9 indicado para o uso em diversos tipos de pap\u00e9is, cartolina, vidros, metais e pl\u00e1sticos.<\/span><\/h4>\n<h4><span style=\"font-family: Arial;\">Sua ponta permite escritas em diferentes espessuras, como 2.0mm, 4.5 mm e 8.0mm.<\/span><\/h4>\n<h4><span style=\"font-family: Arial;\">Produto com tinta permanente a base \u00e1lcool e pode ser recarregado com a tinta PILOT TR 37 ou TR 500.<\/span><\/h4>\n","protected":false},"excerpt":{"rendered":"<p>Refer\u00eancia em marcadores no Brasil, o Pincel At\u00f4mico 1100-M foi lan\u00e7ado pela PILOT em 1958. Apresenta um excelente custo benef\u00edcio gra\u00e7as as suas diversas funcionalidades&#8230;<\/p>\n","protected":false},"featured_media":2562,"comment_status":"open","ping_status":"closed","template":"","meta":[],"etheme_brands":[],"product_brand":[],"product_cat":[25,15,66],"product_tag":[],"class_list":{"0":"post-2566","1":"product","2":"type-product","3":"status-publish","4":"has-post-thumbnail","6":"product_cat-material","7":"product_cat-material-escritorio","8":"product_cat-pincel-atomico-e-para-quadro-branco","10":"first","11":"instock","12":"sold-individually","13":"shipping-taxable","14":"purchasable","15":"product-type-simple"},"yoast_head":"<!-- This site is optimized with the Yoast SEO plugin v26.9 - https:\/\/yoast.com\/product\/yoast-seo-wordpress\/ -->\n<title>PINCEL AT\u00d4MICO 1100-P RECARREG\u00c1VEL PERMANENTE PILOT - Metta Papelaria<\/title>\n<meta name=\"robots\" content=\"index, follow, max-snippet:-1, max-image-preview:large, max-video-preview:-1\" \/>\n<link rel=\"canonical\" href=\"https:\/\/mettapapelaria.com.br\/catalogo\/produto\/pincel-atomico-1100-p-recarregavel-permanente-pilot\/\" \/>\n<meta property=\"og:locale\" content=\"pt_BR\" \/>\n<meta property=\"og:type\" content=\"article\" \/>\n<meta property=\"og:title\" content=\"PINCEL AT\u00d4MICO 1100-P RECARREG\u00c1VEL PERMANENTE PILOT - Metta Papelaria\" \/>\n<meta property=\"og:description\" content=\"Refer\u00eancia em marcadores no Brasil, o Pincel At\u00f4mico 1100-M foi lan\u00e7ado pela PILOT em 1958. Apresenta um excelente custo benef\u00edcio gra\u00e7as as suas diversas funcionalidades...\" \/>\n<meta property=\"og:url\" content=\"https:\/\/mettapapelaria.com.br\/catalogo\/produto\/pincel-atomico-1100-p-recarregavel-permanente-pilot\/\" \/>\n<meta property=\"og:site_name\" content=\"Metta Papelaria\" \/>\n<meta property=\"article:publisher\" content=\"https:\/\/www.facebook.com\/mettapapelaria\/\" \/>\n<meta property=\"og:image\" content=\"https:\/\/mettapapelaria.com.br\/catalogo\/wp-content\/uploads\/2022\/12\/PINCEL-ATOMICO-1100-P-RECARREGAVEL-PERMANENTE-PILOT.jpg\" \/>\n\t<meta property=\"og:image:width\" content=\"1080\" \/>\n\t<meta property=\"og:image:height\" content=\"1080\" \/>\n\t<meta property=\"og:image:type\" content=\"image\/jpeg\" \/>\n<meta name=\"twitter:card\" content=\"summary_large_image\" \/>\n<meta name=\"twitter:label1\" content=\"Est. tempo de leitura\" \/>\n\t<meta name=\"twitter:data1\" content=\"1 minuto\" \/>\n<script type=\"application\/ld+json\" class=\"yoast-schema-graph\">{\"@context\":\"https:\/\/schema.org\",\"@graph\":[{\"@type\":\"WebPage\",\"@id\":\"https:\/\/mettapapelaria.com.br\/catalogo\/produto\/pincel-atomico-1100-p-recarregavel-permanente-pilot\/\",\"url\":\"https:\/\/mettapapelaria.com.br\/catalogo\/produto\/pincel-atomico-1100-p-recarregavel-permanente-pilot\/\",\"name\":\"PINCEL AT\u00d4MICO 1100-P RECARREG\u00c1VEL PERMANENTE PILOT - Metta Papelaria\",\"isPartOf\":{\"@id\":\"https:\/\/mettapapelaria.com.br\/catalogo\/#website\"},\"primaryImageOfPage\":{\"@id\":\"https:\/\/mettapapelaria.com.br\/catalogo\/produto\/pincel-atomico-1100-p-recarregavel-permanente-pilot\/#primaryimage\"},\"image\":{\"@id\":\"https:\/\/mettapapelaria.com.br\/catalogo\/produto\/pincel-atomico-1100-p-recarregavel-permanente-pilot\/#primaryimage\"},\"thumbnailUrl\":\"https:\/\/mettapapelaria.com.br\/catalogo\/wp-content\/uploads\/2022\/12\/PINCEL-ATOMICO-1100-P-RECARREGAVEL-PERMANENTE-PILOT.jpg\",\"datePublished\":\"2022-12-19T13:14:59+00:00\",\"breadcrumb\":{\"@id\":\"https:\/\/mettapapelaria.com.br\/catalogo\/produto\/pincel-atomico-1100-p-recarregavel-permanente-pilot\/#breadcrumb\"},\"inLanguage\":\"pt-BR\",\"potentialAction\":[{\"@type\":\"ReadAction\",\"target\":[\"https:\/\/mettapapelaria.com.br\/catalogo\/produto\/pincel-atomico-1100-p-recarregavel-permanente-pilot\/\"]}]},{\"@type\":\"ImageObject\",\"inLanguage\":\"pt-BR\",\"@id\":\"https:\/\/mettapapelaria.com.br\/catalogo\/produto\/pincel-atomico-1100-p-recarregavel-permanente-pilot\/#primaryimage\",\"url\":\"https:\/\/mettapapelaria.com.br\/catalogo\/wp-content\/uploads\/2022\/12\/PINCEL-ATOMICO-1100-P-RECARREGAVEL-PERMANENTE-PILOT.jpg\",\"contentUrl\":\"https:\/\/mettapapelaria.com.br\/catalogo\/wp-content\/uploads\/2022\/12\/PINCEL-ATOMICO-1100-P-RECARREGAVEL-PERMANENTE-PILOT.jpg\",\"width\":1080,\"height\":1080,\"caption\":\"PINCEL AT\u00d4MICO 1100-P RECARREG\u00c1VEL PERMANENTE PILOT\"},{\"@type\":\"BreadcrumbList\",\"@id\":\"https:\/\/mettapapelaria.com.br\/catalogo\/produto\/pincel-atomico-1100-p-recarregavel-permanente-pilot\/#breadcrumb\",\"itemListElement\":[{\"@type\":\"ListItem\",\"position\":1,\"name\":\"In\u00edcio\",\"item\":\"https:\/\/mettapapelaria.com.br\/catalogo\/\"},{\"@type\":\"ListItem\",\"position\":2,\"name\":\"Shop\",\"item\":\"https:\/\/mettapapelaria.com.br\/catalogo\/shop\/\"},{\"@type\":\"ListItem\",\"position\":3,\"name\":\"PINCEL AT\u00d4MICO 1100-P RECARREG\u00c1VEL PERMANENTE PILOT\"}]},{\"@type\":\"WebSite\",\"@id\":\"https:\/\/mettapapelaria.com.br\/catalogo\/#website\",\"url\":\"https:\/\/mettapapelaria.com.br\/catalogo\/\",\"name\":\"Metta Papelaria\",\"description\":\"Materiais e equipamentos de escrit\u00f3rio, suprimentos para inform\u00e1tica, e uma diversificada linha de material escolar\",\"publisher\":{\"@id\":\"https:\/\/mettapapelaria.com.br\/catalogo\/#organization\"},\"potentialAction\":[{\"@type\":\"SearchAction\",\"target\":{\"@type\":\"EntryPoint\",\"urlTemplate\":\"https:\/\/mettapapelaria.com.br\/catalogo\/?s={search_term_string}\"},\"query-input\":{\"@type\":\"PropertyValueSpecification\",\"valueRequired\":true,\"valueName\":\"search_term_string\"}}],\"inLanguage\":\"pt-BR\"},{\"@type\":\"Organization\",\"@id\":\"https:\/\/mettapapelaria.com.br\/catalogo\/#organization\",\"name\":\"Metta Papelaria\",\"url\":\"https:\/\/mettapapelaria.com.br\/catalogo\/\",\"logo\":{\"@type\":\"ImageObject\",\"inLanguage\":\"pt-BR\",\"@id\":\"https:\/\/mettapapelaria.com.br\/catalogo\/#\/schema\/logo\/image\/\",\"url\":\"https:\/\/mettapapelaria.com.br\/catalogo\/wp-content\/uploads\/2023\/12\/cropped-favicon-Metta_512-1.png\",\"contentUrl\":\"https:\/\/mettapapelaria.com.br\/catalogo\/wp-content\/uploads\/2023\/12\/cropped-favicon-Metta_512-1.png\",\"width\":512,\"height\":512,\"caption\":\"Metta Papelaria\"},\"image\":{\"@id\":\"https:\/\/mettapapelaria.com.br\/catalogo\/#\/schema\/logo\/image\/\"},\"sameAs\":[\"https:\/\/www.facebook.com\/mettapapelaria\/\",\"https:\/\/www.instagram.com\/papelariametta\/\"]}]}<\/script>\n<!-- \/ Yoast SEO plugin. -->","yoast_head_json":{"title":"PINCEL AT\u00d4MICO 1100-P RECARREG\u00c1VEL PERMANENTE PILOT - Metta Papelaria","robots":{"index":"index","follow":"follow","max-snippet":"max-snippet:-1","max-image-preview":"max-image-preview:large","max-video-preview":"max-video-preview:-1"},"canonical":"https:\/\/mettapapelaria.com.br\/catalogo\/produto\/pincel-atomico-1100-p-recarregavel-permanente-pilot\/","og_locale":"pt_BR","og_type":"article","og_title":"PINCEL AT\u00d4MICO 1100-P RECARREG\u00c1VEL PERMANENTE PILOT - Metta Papelaria","og_description":"Refer\u00eancia em marcadores no Brasil, o Pincel At\u00f4mico 1100-M foi lan\u00e7ado pela PILOT em 1958. Apresenta um excelente custo benef\u00edcio gra\u00e7as as suas diversas funcionalidades...","og_url":"https:\/\/mettapapelaria.com.br\/catalogo\/produto\/pincel-atomico-1100-p-recarregavel-permanente-pilot\/","og_site_name":"Metta Papelaria","article_publisher":"https:\/\/www.facebook.com\/mettapapelaria\/","og_image":[{"width":1080,"height":1080,"url":"https:\/\/mettapapelaria.com.br\/catalogo\/wp-content\/uploads\/2022\/12\/PINCEL-ATOMICO-1100-P-RECARREGAVEL-PERMANENTE-PILOT.jpg","type":"image\/jpeg"}],"twitter_card":"summary_large_image","twitter_misc":{"Est. tempo de leitura":"1 minuto"},"schema":{"@context":"https:\/\/schema.org","@graph":[{"@type":"WebPage","@id":"https:\/\/mettapapelaria.com.br\/catalogo\/produto\/pincel-atomico-1100-p-recarregavel-permanente-pilot\/","url":"https:\/\/mettapapelaria.com.br\/catalogo\/produto\/pincel-atomico-1100-p-recarregavel-permanente-pilot\/","name":"PINCEL AT\u00d4MICO 1100-P RECARREG\u00c1VEL PERMANENTE PILOT - Metta Papelaria","isPartOf":{"@id":"https:\/\/mettapapelaria.com.br\/catalogo\/#website"},"primaryImageOfPage":{"@id":"https:\/\/mettapapelaria.com.br\/catalogo\/produto\/pincel-atomico-1100-p-recarregavel-permanente-pilot\/#primaryimage"},"image":{"@id":"https:\/\/mettapapelaria.com.br\/catalogo\/produto\/pincel-atomico-1100-p-recarregavel-permanente-pilot\/#primaryimage"},"thumbnailUrl":"https:\/\/mettapapelaria.com.br\/catalogo\/wp-content\/uploads\/2022\/12\/PINCEL-ATOMICO-1100-P-RECARREGAVEL-PERMANENTE-PILOT.jpg","datePublished":"2022-12-19T13:14:59+00:00","breadcrumb":{"@id":"https:\/\/mettapapelaria.com.br\/catalogo\/produto\/pincel-atomico-1100-p-recarregavel-permanente-pilot\/#breadcrumb"},"inLanguage":"pt-BR","potentialAction":[{"@type":"ReadAction","target":["https:\/\/mettapapelaria.com.br\/catalogo\/produto\/pincel-atomico-1100-p-recarregavel-permanente-pilot\/"]}]},{"@type":"ImageObject","inLanguage":"pt-BR","@id":"https:\/\/mettapapelaria.com.br\/catalogo\/produto\/pincel-atomico-1100-p-recarregavel-permanente-pilot\/#primaryimage","url":"https:\/\/mettapapelaria.com.br\/catalogo\/wp-content\/uploads\/2022\/12\/PINCEL-ATOMICO-1100-P-RECARREGAVEL-PERMANENTE-PILOT.jpg","contentUrl":"https:\/\/mettapapelaria.com.br\/catalogo\/wp-content\/uploads\/2022\/12\/PINCEL-ATOMICO-1100-P-RECARREGAVEL-PERMANENTE-PILOT.jpg","width":1080,"height":1080,"caption":"PINCEL AT\u00d4MICO 1100-P RECARREG\u00c1VEL PERMANENTE PILOT"},{"@type":"BreadcrumbList","@id":"https:\/\/mettapapelaria.com.br\/catalogo\/produto\/pincel-atomico-1100-p-recarregavel-permanente-pilot\/#breadcrumb","itemListElement":[{"@type":"ListItem","position":1,"name":"In\u00edcio","item":"https:\/\/mettapapelaria.com.br\/catalogo\/"},{"@type":"ListItem","position":2,"name":"Shop","item":"https:\/\/mettapapelaria.com.br\/catalogo\/shop\/"},{"@type":"ListItem","position":3,"name":"PINCEL AT\u00d4MICO 1100-P RECARREG\u00c1VEL PERMANENTE PILOT"}]},{"@type":"WebSite","@id":"https:\/\/mettapapelaria.com.br\/catalogo\/#website","url":"https:\/\/mettapapelaria.com.br\/catalogo\/","name":"Metta Papelaria","description":"Materiais e equipamentos de escrit\u00f3rio, suprimentos para inform\u00e1tica, e uma diversificada linha de material escolar","publisher":{"@id":"https:\/\/mettapapelaria.com.br\/catalogo\/#organization"},"potentialAction":[{"@type":"SearchAction","target":{"@type":"EntryPoint","urlTemplate":"https:\/\/mettapapelaria.com.br\/catalogo\/?s={search_term_string}"},"query-input":{"@type":"PropertyValueSpecification","valueRequired":true,"valueName":"search_term_string"}}],"inLanguage":"pt-BR"},{"@type":"Organization","@id":"https:\/\/mettapapelaria.com.br\/catalogo\/#organization","name":"Metta Papelaria","url":"https:\/\/mettapapelaria.com.br\/catalogo\/","logo":{"@type":"ImageObject","inLanguage":"pt-BR","@id":"https:\/\/mettapapelaria.com.br\/catalogo\/#\/schema\/logo\/image\/","url":"https:\/\/mettapapelaria.com.br\/catalogo\/wp-content\/uploads\/2023\/12\/cropped-favicon-Metta_512-1.png","contentUrl":"https:\/\/mettapapelaria.com.br\/catalogo\/wp-content\/uploads\/2023\/12\/cropped-favicon-Metta_512-1.png","width":512,"height":512,"caption":"Metta Papelaria"},"image":{"@id":"https:\/\/mettapapelaria.com.br\/catalogo\/#\/schema\/logo\/image\/"},"sameAs":["https:\/\/www.facebook.com\/mettapapelaria\/","https:\/\/www.instagram.com\/papelariametta\/"]}]}},"_links":{"self":[{"href":"https:\/\/mettapapelaria.com.br\/catalogo\/wp-json\/wp\/v2\/product\/2566","targetHints":{"allow":["GET"]}}],"collection":[{"href":"https:\/\/mettapapelaria.com.br\/catalogo\/wp-json\/wp\/v2\/product"}],"about":[{"href":"https:\/\/mettapapelaria.com.br\/catalogo\/wp-json\/wp\/v2\/types\/product"}],"replies":[{"embeddable":true,"href":"https:\/\/mettapapelaria.com.br\/catalogo\/wp-json\/wp\/v2\/comments?post=2566"}],"version-history":[{"count":0,"href":"https:\/\/mettapapelaria.com.br\/catalogo\/wp-json\/wp\/v2\/product\/2566\/revisions"}],"wp:featuredmedia":[{"embeddable":true,"href":"https:\/\/mettapapelaria.com.br\/catalogo\/wp-json\/wp\/v2\/media\/2562"}],"wp:attachment":[{"href":"https:\/\/mettapapelaria.com.br\/catalogo\/wp-json\/wp\/v2\/media?parent=2566"}],"wp:term":[{"taxonomy":"brand","embeddable":true,"href":"https:\/\/mettapapelaria.com.br\/catalogo\/wp-json\/wp\/v2\/etheme_brands?post=2566"},{"taxonomy":"product_brand","embeddable":true,"href":"https:\/\/mettapapelaria.com.br\/catalogo\/wp-json\/wp\/v2\/product_brand?post=2566"},{"taxonomy":"product_cat","embeddable":true,"href":"https:\/\/mettapapelaria.com.br\/catalogo\/wp-json\/wp\/v2\/product_cat?post=2566"},{"taxonomy":"product_tag","embeddable":true,"href":"https:\/\/mettapapelaria.com.br\/catalogo\/wp-json\/wp\/v2\/product_tag?post=2566"}],"curies":[{"name":"wp","href":"https:\/\/api.w.org\/{rel}","templated":true}]}}