{"id":2433,"date":"2022-12-12T15:42:32","date_gmt":"2022-12-12T18:42:32","guid":{"rendered":"https:\/\/mettapapelaria.com.br\/catalogo\/produto\/post-it-arco-iris-neon-tilembrete-92mm-x-82mm-tilibra\/"},"modified":"2022-12-12T15:42:32","modified_gmt":"2022-12-12T18:42:32","slug":"post-it-arco-iris-neon-tilembrete-92mm-x-82mm-tilibra","status":"publish","type":"product","link":"https:\/\/mettapapelaria.com.br\/catalogo\/produto\/post-it-arco-iris-neon-tilembrete-92mm-x-82mm-tilibra\/","title":{"rendered":"POST IT ARCO-\u00cdRIS NEON TILEMBRETE 92MM X 82MM TILIBRA"},"content":{"rendered":"<h4><span style=\"font-family: Arial;\">O Tilembrete \u00e9 perfeito para anota\u00e7\u00f5es do dia a dia. Com formato compacto e folhas destac\u00e1veis n\u00e3o adesivas, cabe na bolsa, na gaveta e pode ficar em cima da mesa ou escrivaninha, para facilitar a cria\u00e7\u00e3o de anota\u00e7\u00f5es importantes.<\/span><\/h4>\n<h4><span style=\"font-family: Arial;\">Este modelo possui 600 folhas destac\u00e1veis , no tamanho 92 x 82 mm, com gramatura 75 g\/m\u00b2 e cinco cores neon. O formato do Tilembrete \u00e9 perfeito para ajudar voc\u00ea a ter mais objetividade. A ideia \u00e9 bater o olho no papel e identificar rapidamente o que est\u00e1 anotado.<\/span><\/h4>\n<h4><span style=\"font-family: Arial; font-weight: bold;\">Detalhes:<\/span><\/h4>\n<h4>\n<ul>\n<li><span style=\"font-family: Arial;\">Folhas: coloridas<\/span><\/li>\n<li><span style=\"font-family: Arial;\">Produto certificado: FSC\u00ae<\/span><\/li>\n<li><span style=\"font-family: Arial;\">Gramatura: 75 g\/m\u00b2<\/span><\/li>\n<li><span style=\"font-family: Arial;\">N\u00famero de folhas: 600 folhas<\/span><\/li>\n<\/ul>\n<\/h4>\n","protected":false},"excerpt":{"rendered":"<p>O Tilembrete \u00e9 perfeito para anota\u00e7\u00f5es do dia a dia. Com formato compacto e folhas destac\u00e1veis n\u00e3o adesivas, cabe na bolsa, na gaveta e pode&#8230;<\/p>\n","protected":false},"featured_media":2432,"comment_status":"open","ping_status":"closed","template":"","meta":[],"etheme_brands":[],"product_brand":[],"product_cat":[25,16,15,23,50],"product_tag":[],"class_list":{"0":"post-2433","1":"product","2":"type-product","3":"status-publish","4":"has-post-thumbnail","6":"product_cat-material","7":"product_cat-material-escolar","8":"product_cat-material-escritorio","9":"product_cat-post-it-blocos-adesivos-blocos-de-rascunho","10":"product_cat-post-it-blocos-cadernetas-lembrete-e-placas","12":"first","13":"instock","14":"sold-individually","15":"shipping-taxable","16":"purchasable","17":"product-type-simple"},"yoast_head":"<!-- This site is optimized with the Yoast SEO plugin v26.9 - https:\/\/yoast.com\/product\/yoast-seo-wordpress\/ -->\n<title>POST IT ARCO-\u00cdRIS NEON TILEMBRETE 92MM X 82MM TILIBRA - Metta Papelaria<\/title>\n<meta name=\"robots\" content=\"index, follow, max-snippet:-1, max-image-preview:large, max-video-preview:-1\" \/>\n<link rel=\"canonical\" href=\"https:\/\/mettapapelaria.com.br\/catalogo\/produto\/post-it-arco-iris-neon-tilembrete-92mm-x-82mm-tilibra\/\" \/>\n<meta property=\"og:locale\" content=\"pt_BR\" \/>\n<meta property=\"og:type\" content=\"article\" \/>\n<meta property=\"og:title\" content=\"POST IT ARCO-\u00cdRIS NEON TILEMBRETE 92MM X 82MM TILIBRA - Metta Papelaria\" \/>\n<meta property=\"og:description\" content=\"O Tilembrete \u00e9 perfeito para anota\u00e7\u00f5es do dia a dia. Com formato compacto e folhas destac\u00e1veis n\u00e3o adesivas, cabe na bolsa, na gaveta e pode...\" \/>\n<meta property=\"og:url\" content=\"https:\/\/mettapapelaria.com.br\/catalogo\/produto\/post-it-arco-iris-neon-tilembrete-92mm-x-82mm-tilibra\/\" \/>\n<meta property=\"og:site_name\" content=\"Metta Papelaria\" \/>\n<meta property=\"article:publisher\" content=\"https:\/\/www.facebook.com\/mettapapelaria\/\" \/>\n<meta property=\"og:image\" content=\"https:\/\/mettapapelaria.com.br\/catalogo\/wp-content\/uploads\/2022\/12\/POST-IT-ARCO-IRIS-NEON-TILEMBRETE-92MM-X-82MM-TILIBRA.png\" \/>\n\t<meta property=\"og:image:width\" content=\"1080\" \/>\n\t<meta property=\"og:image:height\" content=\"1080\" \/>\n\t<meta property=\"og:image:type\" content=\"image\/png\" \/>\n<meta name=\"twitter:card\" content=\"summary_large_image\" \/>\n<meta name=\"twitter:label1\" content=\"Est. tempo de leitura\" \/>\n\t<meta name=\"twitter:data1\" content=\"1 minuto\" \/>\n<script type=\"application\/ld+json\" class=\"yoast-schema-graph\">{\"@context\":\"https:\/\/schema.org\",\"@graph\":[{\"@type\":\"WebPage\",\"@id\":\"https:\/\/mettapapelaria.com.br\/catalogo\/produto\/post-it-arco-iris-neon-tilembrete-92mm-x-82mm-tilibra\/\",\"url\":\"https:\/\/mettapapelaria.com.br\/catalogo\/produto\/post-it-arco-iris-neon-tilembrete-92mm-x-82mm-tilibra\/\",\"name\":\"POST IT ARCO-\u00cdRIS NEON TILEMBRETE 92MM X 82MM TILIBRA - Metta Papelaria\",\"isPartOf\":{\"@id\":\"https:\/\/mettapapelaria.com.br\/catalogo\/#website\"},\"primaryImageOfPage\":{\"@id\":\"https:\/\/mettapapelaria.com.br\/catalogo\/produto\/post-it-arco-iris-neon-tilembrete-92mm-x-82mm-tilibra\/#primaryimage\"},\"image\":{\"@id\":\"https:\/\/mettapapelaria.com.br\/catalogo\/produto\/post-it-arco-iris-neon-tilembrete-92mm-x-82mm-tilibra\/#primaryimage\"},\"thumbnailUrl\":\"https:\/\/mettapapelaria.com.br\/catalogo\/wp-content\/uploads\/2022\/12\/POST-IT-ARCO-IRIS-NEON-TILEMBRETE-92MM-X-82MM-TILIBRA.png\",\"datePublished\":\"2022-12-12T18:42:32+00:00\",\"breadcrumb\":{\"@id\":\"https:\/\/mettapapelaria.com.br\/catalogo\/produto\/post-it-arco-iris-neon-tilembrete-92mm-x-82mm-tilibra\/#breadcrumb\"},\"inLanguage\":\"pt-BR\",\"potentialAction\":[{\"@type\":\"ReadAction\",\"target\":[\"https:\/\/mettapapelaria.com.br\/catalogo\/produto\/post-it-arco-iris-neon-tilembrete-92mm-x-82mm-tilibra\/\"]}]},{\"@type\":\"ImageObject\",\"inLanguage\":\"pt-BR\",\"@id\":\"https:\/\/mettapapelaria.com.br\/catalogo\/produto\/post-it-arco-iris-neon-tilembrete-92mm-x-82mm-tilibra\/#primaryimage\",\"url\":\"https:\/\/mettapapelaria.com.br\/catalogo\/wp-content\/uploads\/2022\/12\/POST-IT-ARCO-IRIS-NEON-TILEMBRETE-92MM-X-82MM-TILIBRA.png\",\"contentUrl\":\"https:\/\/mettapapelaria.com.br\/catalogo\/wp-content\/uploads\/2022\/12\/POST-IT-ARCO-IRIS-NEON-TILEMBRETE-92MM-X-82MM-TILIBRA.png\",\"width\":1080,\"height\":1080,\"caption\":\"POST IT ARCO-\u00cdRIS NEON TILEMBRETE 92MM X 82MM TILIBRA\"},{\"@type\":\"BreadcrumbList\",\"@id\":\"https:\/\/mettapapelaria.com.br\/catalogo\/produto\/post-it-arco-iris-neon-tilembrete-92mm-x-82mm-tilibra\/#breadcrumb\",\"itemListElement\":[{\"@type\":\"ListItem\",\"position\":1,\"name\":\"In\u00edcio\",\"item\":\"https:\/\/mettapapelaria.com.br\/catalogo\/\"},{\"@type\":\"ListItem\",\"position\":2,\"name\":\"Shop\",\"item\":\"https:\/\/mettapapelaria.com.br\/catalogo\/shop\/\"},{\"@type\":\"ListItem\",\"position\":3,\"name\":\"POST IT ARCO-\u00cdRIS NEON TILEMBRETE 92MM X 82MM TILIBRA\"}]},{\"@type\":\"WebSite\",\"@id\":\"https:\/\/mettapapelaria.com.br\/catalogo\/#website\",\"url\":\"https:\/\/mettapapelaria.com.br\/catalogo\/\",\"name\":\"Metta Papelaria\",\"description\":\"Materiais e equipamentos de escrit\u00f3rio, suprimentos para inform\u00e1tica, e uma diversificada linha de material escolar\",\"publisher\":{\"@id\":\"https:\/\/mettapapelaria.com.br\/catalogo\/#organization\"},\"potentialAction\":[{\"@type\":\"SearchAction\",\"target\":{\"@type\":\"EntryPoint\",\"urlTemplate\":\"https:\/\/mettapapelaria.com.br\/catalogo\/?s={search_term_string}\"},\"query-input\":{\"@type\":\"PropertyValueSpecification\",\"valueRequired\":true,\"valueName\":\"search_term_string\"}}],\"inLanguage\":\"pt-BR\"},{\"@type\":\"Organization\",\"@id\":\"https:\/\/mettapapelaria.com.br\/catalogo\/#organization\",\"name\":\"Metta Papelaria\",\"url\":\"https:\/\/mettapapelaria.com.br\/catalogo\/\",\"logo\":{\"@type\":\"ImageObject\",\"inLanguage\":\"pt-BR\",\"@id\":\"https:\/\/mettapapelaria.com.br\/catalogo\/#\/schema\/logo\/image\/\",\"url\":\"https:\/\/mettapapelaria.com.br\/catalogo\/wp-content\/uploads\/2023\/12\/cropped-favicon-Metta_512-1.png\",\"contentUrl\":\"https:\/\/mettapapelaria.com.br\/catalogo\/wp-content\/uploads\/2023\/12\/cropped-favicon-Metta_512-1.png\",\"width\":512,\"height\":512,\"caption\":\"Metta Papelaria\"},\"image\":{\"@id\":\"https:\/\/mettapapelaria.com.br\/catalogo\/#\/schema\/logo\/image\/\"},\"sameAs\":[\"https:\/\/www.facebook.com\/mettapapelaria\/\",\"https:\/\/www.instagram.com\/papelariametta\/\"]}]}<\/script>\n<!-- \/ Yoast SEO plugin. -->","yoast_head_json":{"title":"POST IT ARCO-\u00cdRIS NEON TILEMBRETE 92MM X 82MM TILIBRA - Metta Papelaria","robots":{"index":"index","follow":"follow","max-snippet":"max-snippet:-1","max-image-preview":"max-image-preview:large","max-video-preview":"max-video-preview:-1"},"canonical":"https:\/\/mettapapelaria.com.br\/catalogo\/produto\/post-it-arco-iris-neon-tilembrete-92mm-x-82mm-tilibra\/","og_locale":"pt_BR","og_type":"article","og_title":"POST IT ARCO-\u00cdRIS NEON TILEMBRETE 92MM X 82MM TILIBRA - Metta Papelaria","og_description":"O Tilembrete \u00e9 perfeito para anota\u00e7\u00f5es do dia a dia. Com formato compacto e folhas destac\u00e1veis n\u00e3o adesivas, cabe na bolsa, na gaveta e pode...","og_url":"https:\/\/mettapapelaria.com.br\/catalogo\/produto\/post-it-arco-iris-neon-tilembrete-92mm-x-82mm-tilibra\/","og_site_name":"Metta Papelaria","article_publisher":"https:\/\/www.facebook.com\/mettapapelaria\/","og_image":[{"width":1080,"height":1080,"url":"https:\/\/mettapapelaria.com.br\/catalogo\/wp-content\/uploads\/2022\/12\/POST-IT-ARCO-IRIS-NEON-TILEMBRETE-92MM-X-82MM-TILIBRA.png","type":"image\/png"}],"twitter_card":"summary_large_image","twitter_misc":{"Est. tempo de leitura":"1 minuto"},"schema":{"@context":"https:\/\/schema.org","@graph":[{"@type":"WebPage","@id":"https:\/\/mettapapelaria.com.br\/catalogo\/produto\/post-it-arco-iris-neon-tilembrete-92mm-x-82mm-tilibra\/","url":"https:\/\/mettapapelaria.com.br\/catalogo\/produto\/post-it-arco-iris-neon-tilembrete-92mm-x-82mm-tilibra\/","name":"POST IT ARCO-\u00cdRIS NEON TILEMBRETE 92MM X 82MM TILIBRA - Metta Papelaria","isPartOf":{"@id":"https:\/\/mettapapelaria.com.br\/catalogo\/#website"},"primaryImageOfPage":{"@id":"https:\/\/mettapapelaria.com.br\/catalogo\/produto\/post-it-arco-iris-neon-tilembrete-92mm-x-82mm-tilibra\/#primaryimage"},"image":{"@id":"https:\/\/mettapapelaria.com.br\/catalogo\/produto\/post-it-arco-iris-neon-tilembrete-92mm-x-82mm-tilibra\/#primaryimage"},"thumbnailUrl":"https:\/\/mettapapelaria.com.br\/catalogo\/wp-content\/uploads\/2022\/12\/POST-IT-ARCO-IRIS-NEON-TILEMBRETE-92MM-X-82MM-TILIBRA.png","datePublished":"2022-12-12T18:42:32+00:00","breadcrumb":{"@id":"https:\/\/mettapapelaria.com.br\/catalogo\/produto\/post-it-arco-iris-neon-tilembrete-92mm-x-82mm-tilibra\/#breadcrumb"},"inLanguage":"pt-BR","potentialAction":[{"@type":"ReadAction","target":["https:\/\/mettapapelaria.com.br\/catalogo\/produto\/post-it-arco-iris-neon-tilembrete-92mm-x-82mm-tilibra\/"]}]},{"@type":"ImageObject","inLanguage":"pt-BR","@id":"https:\/\/mettapapelaria.com.br\/catalogo\/produto\/post-it-arco-iris-neon-tilembrete-92mm-x-82mm-tilibra\/#primaryimage","url":"https:\/\/mettapapelaria.com.br\/catalogo\/wp-content\/uploads\/2022\/12\/POST-IT-ARCO-IRIS-NEON-TILEMBRETE-92MM-X-82MM-TILIBRA.png","contentUrl":"https:\/\/mettapapelaria.com.br\/catalogo\/wp-content\/uploads\/2022\/12\/POST-IT-ARCO-IRIS-NEON-TILEMBRETE-92MM-X-82MM-TILIBRA.png","width":1080,"height":1080,"caption":"POST IT ARCO-\u00cdRIS NEON TILEMBRETE 92MM X 82MM TILIBRA"},{"@type":"BreadcrumbList","@id":"https:\/\/mettapapelaria.com.br\/catalogo\/produto\/post-it-arco-iris-neon-tilembrete-92mm-x-82mm-tilibra\/#breadcrumb","itemListElement":[{"@type":"ListItem","position":1,"name":"In\u00edcio","item":"https:\/\/mettapapelaria.com.br\/catalogo\/"},{"@type":"ListItem","position":2,"name":"Shop","item":"https:\/\/mettapapelaria.com.br\/catalogo\/shop\/"},{"@type":"ListItem","position":3,"name":"POST IT ARCO-\u00cdRIS NEON TILEMBRETE 92MM X 82MM TILIBRA"}]},{"@type":"WebSite","@id":"https:\/\/mettapapelaria.com.br\/catalogo\/#website","url":"https:\/\/mettapapelaria.com.br\/catalogo\/","name":"Metta Papelaria","description":"Materiais e equipamentos de escrit\u00f3rio, suprimentos para inform\u00e1tica, e uma diversificada linha de material escolar","publisher":{"@id":"https:\/\/mettapapelaria.com.br\/catalogo\/#organization"},"potentialAction":[{"@type":"SearchAction","target":{"@type":"EntryPoint","urlTemplate":"https:\/\/mettapapelaria.com.br\/catalogo\/?s={search_term_string}"},"query-input":{"@type":"PropertyValueSpecification","valueRequired":true,"valueName":"search_term_string"}}],"inLanguage":"pt-BR"},{"@type":"Organization","@id":"https:\/\/mettapapelaria.com.br\/catalogo\/#organization","name":"Metta Papelaria","url":"https:\/\/mettapapelaria.com.br\/catalogo\/","logo":{"@type":"ImageObject","inLanguage":"pt-BR","@id":"https:\/\/mettapapelaria.com.br\/catalogo\/#\/schema\/logo\/image\/","url":"https:\/\/mettapapelaria.com.br\/catalogo\/wp-content\/uploads\/2023\/12\/cropped-favicon-Metta_512-1.png","contentUrl":"https:\/\/mettapapelaria.com.br\/catalogo\/wp-content\/uploads\/2023\/12\/cropped-favicon-Metta_512-1.png","width":512,"height":512,"caption":"Metta Papelaria"},"image":{"@id":"https:\/\/mettapapelaria.com.br\/catalogo\/#\/schema\/logo\/image\/"},"sameAs":["https:\/\/www.facebook.com\/mettapapelaria\/","https:\/\/www.instagram.com\/papelariametta\/"]}]}},"_links":{"self":[{"href":"https:\/\/mettapapelaria.com.br\/catalogo\/wp-json\/wp\/v2\/product\/2433","targetHints":{"allow":["GET"]}}],"collection":[{"href":"https:\/\/mettapapelaria.com.br\/catalogo\/wp-json\/wp\/v2\/product"}],"about":[{"href":"https:\/\/mettapapelaria.com.br\/catalogo\/wp-json\/wp\/v2\/types\/product"}],"replies":[{"embeddable":true,"href":"https:\/\/mettapapelaria.com.br\/catalogo\/wp-json\/wp\/v2\/comments?post=2433"}],"version-history":[{"count":0,"href":"https:\/\/mettapapelaria.com.br\/catalogo\/wp-json\/wp\/v2\/product\/2433\/revisions"}],"wp:featuredmedia":[{"embeddable":true,"href":"https:\/\/mettapapelaria.com.br\/catalogo\/wp-json\/wp\/v2\/media\/2432"}],"wp:attachment":[{"href":"https:\/\/mettapapelaria.com.br\/catalogo\/wp-json\/wp\/v2\/media?parent=2433"}],"wp:term":[{"taxonomy":"brand","embeddable":true,"href":"https:\/\/mettapapelaria.com.br\/catalogo\/wp-json\/wp\/v2\/etheme_brands?post=2433"},{"taxonomy":"product_brand","embeddable":true,"href":"https:\/\/mettapapelaria.com.br\/catalogo\/wp-json\/wp\/v2\/product_brand?post=2433"},{"taxonomy":"product_cat","embeddable":true,"href":"https:\/\/mettapapelaria.com.br\/catalogo\/wp-json\/wp\/v2\/product_cat?post=2433"},{"taxonomy":"product_tag","embeddable":true,"href":"https:\/\/mettapapelaria.com.br\/catalogo\/wp-json\/wp\/v2\/product_tag?post=2433"}],"curies":[{"name":"wp","href":"https:\/\/api.w.org\/{rel}","templated":true}]}}