{"id":2403,"date":"2022-12-12T09:56:12","date_gmt":"2022-12-12T12:56:12","guid":{"rendered":"https:\/\/mettapapelaria.com.br\/catalogo\/produto\/jogo-tangram-28-pecas-xalingo\/"},"modified":"2022-12-12T09:56:12","modified_gmt":"2022-12-12T12:56:12","slug":"jogo-tangram-28-pecas-xalingo","status":"publish","type":"product","link":"https:\/\/mettapapelaria.com.br\/catalogo\/produto\/jogo-tangram-28-pecas-xalingo\/","title":{"rendered":"JOGO TANGRAM 28 PE\u00c7AS XALINGO"},"content":{"rendered":"<h4><span style=\"font-family: Arial;\">Desenvolva&nbsp; a aten\u00e7\u00e3o, o pensamento l\u00f3gico, as no\u00e7\u00f5es de formas geom\u00e9tricas e a rela\u00e7\u00e3o parte-todo\/todo\/parte,&nbsp; proporcionando desafios mentais que levam \u00e0 solu\u00e7\u00e3o de problemas e agu\u00e7am a imagina\u00e7\u00e3o e a criatividade da crian\u00e7a. Outra forma de brincar, \u00e9&nbsp; deixar a crian\u00e7a explorar livremente o jogo, solicitando que a mesma crie figuras a partir das pe\u00e7as, pode ser&nbsp; individualmente ou em dupla o importante \u00e9 deixar fluir a criatividade para garantir a divers\u00e3o. Um brinquedo fascinante que surgiu na China a mais de mil anos. Cont\u00e9m 28 pe\u00e7as coloridas em madeira. Indica\u00e7\u00e3o de idade + 4. Medidas: 20,5 x 5 x 15,5 cm.<\/span><\/h4>\n","protected":false},"excerpt":{"rendered":"<p>Desenvolva&nbsp; a aten\u00e7\u00e3o, o pensamento l\u00f3gico, as no\u00e7\u00f5es de formas geom\u00e9tricas e a rela\u00e7\u00e3o parte-todo\/todo\/parte,&nbsp; proporcionando desafios mentais que levam \u00e0 solu\u00e7\u00e3o de problemas e&#8230;<\/p>\n","protected":false},"featured_media":2401,"comment_status":"open","ping_status":"closed","template":"","meta":[],"etheme_brands":[],"product_brand":[],"product_cat":[18,25],"product_tag":[],"class_list":{"0":"post-2403","1":"product","2":"type-product","3":"status-publish","4":"has-post-thumbnail","6":"product_cat-brinquedos-jogos","7":"product_cat-material","9":"first","10":"instock","11":"sold-individually","12":"shipping-taxable","13":"purchasable","14":"product-type-simple"},"yoast_head":"<!-- This site is optimized with the Yoast SEO plugin v26.9 - https:\/\/yoast.com\/product\/yoast-seo-wordpress\/ -->\n<title>JOGO TANGRAM 28 PE\u00c7AS XALINGO - Metta Papelaria<\/title>\n<meta name=\"robots\" content=\"index, follow, max-snippet:-1, max-image-preview:large, max-video-preview:-1\" \/>\n<link rel=\"canonical\" href=\"https:\/\/mettapapelaria.com.br\/catalogo\/produto\/jogo-tangram-28-pecas-xalingo\/\" \/>\n<meta property=\"og:locale\" content=\"pt_BR\" \/>\n<meta property=\"og:type\" content=\"article\" \/>\n<meta property=\"og:title\" content=\"JOGO TANGRAM 28 PE\u00c7AS XALINGO - Metta Papelaria\" \/>\n<meta property=\"og:description\" content=\"Desenvolva&nbsp; a aten\u00e7\u00e3o, o pensamento l\u00f3gico, as no\u00e7\u00f5es de formas geom\u00e9tricas e a rela\u00e7\u00e3o parte-todo\/todo\/parte,&nbsp; proporcionando desafios mentais que levam \u00e0 solu\u00e7\u00e3o de problemas e...\" \/>\n<meta property=\"og:url\" content=\"https:\/\/mettapapelaria.com.br\/catalogo\/produto\/jogo-tangram-28-pecas-xalingo\/\" \/>\n<meta property=\"og:site_name\" content=\"Metta Papelaria\" \/>\n<meta property=\"article:publisher\" content=\"https:\/\/www.facebook.com\/mettapapelaria\/\" \/>\n<meta property=\"og:image\" content=\"https:\/\/mettapapelaria.com.br\/catalogo\/wp-content\/uploads\/2022\/12\/JOGO-TANGRAM-28-PECAS-XALINGO.jpg\" \/>\n\t<meta property=\"og:image:width\" content=\"1080\" \/>\n\t<meta property=\"og:image:height\" content=\"1080\" \/>\n\t<meta property=\"og:image:type\" content=\"image\/jpeg\" \/>\n<meta name=\"twitter:card\" content=\"summary_large_image\" \/>\n<meta name=\"twitter:label1\" content=\"Est. tempo de leitura\" \/>\n\t<meta name=\"twitter:data1\" content=\"1 minuto\" \/>\n<script type=\"application\/ld+json\" class=\"yoast-schema-graph\">{\"@context\":\"https:\/\/schema.org\",\"@graph\":[{\"@type\":\"WebPage\",\"@id\":\"https:\/\/mettapapelaria.com.br\/catalogo\/produto\/jogo-tangram-28-pecas-xalingo\/\",\"url\":\"https:\/\/mettapapelaria.com.br\/catalogo\/produto\/jogo-tangram-28-pecas-xalingo\/\",\"name\":\"JOGO TANGRAM 28 PE\u00c7AS XALINGO - Metta Papelaria\",\"isPartOf\":{\"@id\":\"https:\/\/mettapapelaria.com.br\/catalogo\/#website\"},\"primaryImageOfPage\":{\"@id\":\"https:\/\/mettapapelaria.com.br\/catalogo\/produto\/jogo-tangram-28-pecas-xalingo\/#primaryimage\"},\"image\":{\"@id\":\"https:\/\/mettapapelaria.com.br\/catalogo\/produto\/jogo-tangram-28-pecas-xalingo\/#primaryimage\"},\"thumbnailUrl\":\"https:\/\/mettapapelaria.com.br\/catalogo\/wp-content\/uploads\/2022\/12\/JOGO-TANGRAM-28-PECAS-XALINGO.jpg\",\"datePublished\":\"2022-12-12T12:56:12+00:00\",\"breadcrumb\":{\"@id\":\"https:\/\/mettapapelaria.com.br\/catalogo\/produto\/jogo-tangram-28-pecas-xalingo\/#breadcrumb\"},\"inLanguage\":\"pt-BR\",\"potentialAction\":[{\"@type\":\"ReadAction\",\"target\":[\"https:\/\/mettapapelaria.com.br\/catalogo\/produto\/jogo-tangram-28-pecas-xalingo\/\"]}]},{\"@type\":\"ImageObject\",\"inLanguage\":\"pt-BR\",\"@id\":\"https:\/\/mettapapelaria.com.br\/catalogo\/produto\/jogo-tangram-28-pecas-xalingo\/#primaryimage\",\"url\":\"https:\/\/mettapapelaria.com.br\/catalogo\/wp-content\/uploads\/2022\/12\/JOGO-TANGRAM-28-PECAS-XALINGO.jpg\",\"contentUrl\":\"https:\/\/mettapapelaria.com.br\/catalogo\/wp-content\/uploads\/2022\/12\/JOGO-TANGRAM-28-PECAS-XALINGO.jpg\",\"width\":1080,\"height\":1080,\"caption\":\"JOGO TANGRAM 28 PE\u00c7AS XALINGO\"},{\"@type\":\"BreadcrumbList\",\"@id\":\"https:\/\/mettapapelaria.com.br\/catalogo\/produto\/jogo-tangram-28-pecas-xalingo\/#breadcrumb\",\"itemListElement\":[{\"@type\":\"ListItem\",\"position\":1,\"name\":\"In\u00edcio\",\"item\":\"https:\/\/mettapapelaria.com.br\/catalogo\/\"},{\"@type\":\"ListItem\",\"position\":2,\"name\":\"Shop\",\"item\":\"https:\/\/mettapapelaria.com.br\/catalogo\/shop\/\"},{\"@type\":\"ListItem\",\"position\":3,\"name\":\"JOGO TANGRAM 28 PE\u00c7AS XALINGO\"}]},{\"@type\":\"WebSite\",\"@id\":\"https:\/\/mettapapelaria.com.br\/catalogo\/#website\",\"url\":\"https:\/\/mettapapelaria.com.br\/catalogo\/\",\"name\":\"Metta Papelaria\",\"description\":\"Materiais e equipamentos de escrit\u00f3rio, suprimentos para inform\u00e1tica, e uma diversificada linha de material escolar\",\"publisher\":{\"@id\":\"https:\/\/mettapapelaria.com.br\/catalogo\/#organization\"},\"potentialAction\":[{\"@type\":\"SearchAction\",\"target\":{\"@type\":\"EntryPoint\",\"urlTemplate\":\"https:\/\/mettapapelaria.com.br\/catalogo\/?s={search_term_string}\"},\"query-input\":{\"@type\":\"PropertyValueSpecification\",\"valueRequired\":true,\"valueName\":\"search_term_string\"}}],\"inLanguage\":\"pt-BR\"},{\"@type\":\"Organization\",\"@id\":\"https:\/\/mettapapelaria.com.br\/catalogo\/#organization\",\"name\":\"Metta Papelaria\",\"url\":\"https:\/\/mettapapelaria.com.br\/catalogo\/\",\"logo\":{\"@type\":\"ImageObject\",\"inLanguage\":\"pt-BR\",\"@id\":\"https:\/\/mettapapelaria.com.br\/catalogo\/#\/schema\/logo\/image\/\",\"url\":\"https:\/\/mettapapelaria.com.br\/catalogo\/wp-content\/uploads\/2023\/12\/cropped-favicon-Metta_512-1.png\",\"contentUrl\":\"https:\/\/mettapapelaria.com.br\/catalogo\/wp-content\/uploads\/2023\/12\/cropped-favicon-Metta_512-1.png\",\"width\":512,\"height\":512,\"caption\":\"Metta Papelaria\"},\"image\":{\"@id\":\"https:\/\/mettapapelaria.com.br\/catalogo\/#\/schema\/logo\/image\/\"},\"sameAs\":[\"https:\/\/www.facebook.com\/mettapapelaria\/\",\"https:\/\/www.instagram.com\/papelariametta\/\"]}]}<\/script>\n<!-- \/ Yoast SEO plugin. -->","yoast_head_json":{"title":"JOGO TANGRAM 28 PE\u00c7AS XALINGO - Metta Papelaria","robots":{"index":"index","follow":"follow","max-snippet":"max-snippet:-1","max-image-preview":"max-image-preview:large","max-video-preview":"max-video-preview:-1"},"canonical":"https:\/\/mettapapelaria.com.br\/catalogo\/produto\/jogo-tangram-28-pecas-xalingo\/","og_locale":"pt_BR","og_type":"article","og_title":"JOGO TANGRAM 28 PE\u00c7AS XALINGO - Metta Papelaria","og_description":"Desenvolva&nbsp; a aten\u00e7\u00e3o, o pensamento l\u00f3gico, as no\u00e7\u00f5es de formas geom\u00e9tricas e a rela\u00e7\u00e3o parte-todo\/todo\/parte,&nbsp; proporcionando desafios mentais que levam \u00e0 solu\u00e7\u00e3o de problemas e...","og_url":"https:\/\/mettapapelaria.com.br\/catalogo\/produto\/jogo-tangram-28-pecas-xalingo\/","og_site_name":"Metta Papelaria","article_publisher":"https:\/\/www.facebook.com\/mettapapelaria\/","og_image":[{"width":1080,"height":1080,"url":"https:\/\/mettapapelaria.com.br\/catalogo\/wp-content\/uploads\/2022\/12\/JOGO-TANGRAM-28-PECAS-XALINGO.jpg","type":"image\/jpeg"}],"twitter_card":"summary_large_image","twitter_misc":{"Est. tempo de leitura":"1 minuto"},"schema":{"@context":"https:\/\/schema.org","@graph":[{"@type":"WebPage","@id":"https:\/\/mettapapelaria.com.br\/catalogo\/produto\/jogo-tangram-28-pecas-xalingo\/","url":"https:\/\/mettapapelaria.com.br\/catalogo\/produto\/jogo-tangram-28-pecas-xalingo\/","name":"JOGO TANGRAM 28 PE\u00c7AS XALINGO - Metta Papelaria","isPartOf":{"@id":"https:\/\/mettapapelaria.com.br\/catalogo\/#website"},"primaryImageOfPage":{"@id":"https:\/\/mettapapelaria.com.br\/catalogo\/produto\/jogo-tangram-28-pecas-xalingo\/#primaryimage"},"image":{"@id":"https:\/\/mettapapelaria.com.br\/catalogo\/produto\/jogo-tangram-28-pecas-xalingo\/#primaryimage"},"thumbnailUrl":"https:\/\/mettapapelaria.com.br\/catalogo\/wp-content\/uploads\/2022\/12\/JOGO-TANGRAM-28-PECAS-XALINGO.jpg","datePublished":"2022-12-12T12:56:12+00:00","breadcrumb":{"@id":"https:\/\/mettapapelaria.com.br\/catalogo\/produto\/jogo-tangram-28-pecas-xalingo\/#breadcrumb"},"inLanguage":"pt-BR","potentialAction":[{"@type":"ReadAction","target":["https:\/\/mettapapelaria.com.br\/catalogo\/produto\/jogo-tangram-28-pecas-xalingo\/"]}]},{"@type":"ImageObject","inLanguage":"pt-BR","@id":"https:\/\/mettapapelaria.com.br\/catalogo\/produto\/jogo-tangram-28-pecas-xalingo\/#primaryimage","url":"https:\/\/mettapapelaria.com.br\/catalogo\/wp-content\/uploads\/2022\/12\/JOGO-TANGRAM-28-PECAS-XALINGO.jpg","contentUrl":"https:\/\/mettapapelaria.com.br\/catalogo\/wp-content\/uploads\/2022\/12\/JOGO-TANGRAM-28-PECAS-XALINGO.jpg","width":1080,"height":1080,"caption":"JOGO TANGRAM 28 PE\u00c7AS XALINGO"},{"@type":"BreadcrumbList","@id":"https:\/\/mettapapelaria.com.br\/catalogo\/produto\/jogo-tangram-28-pecas-xalingo\/#breadcrumb","itemListElement":[{"@type":"ListItem","position":1,"name":"In\u00edcio","item":"https:\/\/mettapapelaria.com.br\/catalogo\/"},{"@type":"ListItem","position":2,"name":"Shop","item":"https:\/\/mettapapelaria.com.br\/catalogo\/shop\/"},{"@type":"ListItem","position":3,"name":"JOGO TANGRAM 28 PE\u00c7AS XALINGO"}]},{"@type":"WebSite","@id":"https:\/\/mettapapelaria.com.br\/catalogo\/#website","url":"https:\/\/mettapapelaria.com.br\/catalogo\/","name":"Metta Papelaria","description":"Materiais e equipamentos de escrit\u00f3rio, suprimentos para inform\u00e1tica, e uma diversificada linha de material escolar","publisher":{"@id":"https:\/\/mettapapelaria.com.br\/catalogo\/#organization"},"potentialAction":[{"@type":"SearchAction","target":{"@type":"EntryPoint","urlTemplate":"https:\/\/mettapapelaria.com.br\/catalogo\/?s={search_term_string}"},"query-input":{"@type":"PropertyValueSpecification","valueRequired":true,"valueName":"search_term_string"}}],"inLanguage":"pt-BR"},{"@type":"Organization","@id":"https:\/\/mettapapelaria.com.br\/catalogo\/#organization","name":"Metta Papelaria","url":"https:\/\/mettapapelaria.com.br\/catalogo\/","logo":{"@type":"ImageObject","inLanguage":"pt-BR","@id":"https:\/\/mettapapelaria.com.br\/catalogo\/#\/schema\/logo\/image\/","url":"https:\/\/mettapapelaria.com.br\/catalogo\/wp-content\/uploads\/2023\/12\/cropped-favicon-Metta_512-1.png","contentUrl":"https:\/\/mettapapelaria.com.br\/catalogo\/wp-content\/uploads\/2023\/12\/cropped-favicon-Metta_512-1.png","width":512,"height":512,"caption":"Metta Papelaria"},"image":{"@id":"https:\/\/mettapapelaria.com.br\/catalogo\/#\/schema\/logo\/image\/"},"sameAs":["https:\/\/www.facebook.com\/mettapapelaria\/","https:\/\/www.instagram.com\/papelariametta\/"]}]}},"_links":{"self":[{"href":"https:\/\/mettapapelaria.com.br\/catalogo\/wp-json\/wp\/v2\/product\/2403","targetHints":{"allow":["GET"]}}],"collection":[{"href":"https:\/\/mettapapelaria.com.br\/catalogo\/wp-json\/wp\/v2\/product"}],"about":[{"href":"https:\/\/mettapapelaria.com.br\/catalogo\/wp-json\/wp\/v2\/types\/product"}],"replies":[{"embeddable":true,"href":"https:\/\/mettapapelaria.com.br\/catalogo\/wp-json\/wp\/v2\/comments?post=2403"}],"version-history":[{"count":0,"href":"https:\/\/mettapapelaria.com.br\/catalogo\/wp-json\/wp\/v2\/product\/2403\/revisions"}],"wp:featuredmedia":[{"embeddable":true,"href":"https:\/\/mettapapelaria.com.br\/catalogo\/wp-json\/wp\/v2\/media\/2401"}],"wp:attachment":[{"href":"https:\/\/mettapapelaria.com.br\/catalogo\/wp-json\/wp\/v2\/media?parent=2403"}],"wp:term":[{"taxonomy":"brand","embeddable":true,"href":"https:\/\/mettapapelaria.com.br\/catalogo\/wp-json\/wp\/v2\/etheme_brands?post=2403"},{"taxonomy":"product_brand","embeddable":true,"href":"https:\/\/mettapapelaria.com.br\/catalogo\/wp-json\/wp\/v2\/product_brand?post=2403"},{"taxonomy":"product_cat","embeddable":true,"href":"https:\/\/mettapapelaria.com.br\/catalogo\/wp-json\/wp\/v2\/product_cat?post=2403"},{"taxonomy":"product_tag","embeddable":true,"href":"https:\/\/mettapapelaria.com.br\/catalogo\/wp-json\/wp\/v2\/product_tag?post=2403"}],"curies":[{"name":"wp","href":"https:\/\/api.w.org\/{rel}","templated":true}]}}