{"id":2381,"date":"2022-12-12T08:16:43","date_gmt":"2022-12-12T11:16:43","guid":{"rendered":"https:\/\/mettapapelaria.com.br\/catalogo\/produto\/mochila-de-costas-lisa-preta-leo-and-leo\/"},"modified":"2022-12-12T08:16:43","modified_gmt":"2022-12-12T11:16:43","slug":"mochila-de-costas-lisa-preta-leo-and-leo","status":"publish","type":"product","link":"https:\/\/mettapapelaria.com.br\/catalogo\/produto\/mochila-de-costas-lisa-preta-leo-and-leo\/","title":{"rendered":"MOCHILA DE COSTAS LISA PRETA LEO &#038; LEO"},"content":{"rendered":"<div class=\"vtex-flex-layout-0-x-flexColChild vtex-flex-layout-0-x-flexColChild--product-left-content pb0\" style=\"appearance: none; box-sizing: border-box; border: 0px; margin: 0px; outline: 0px; padding: 0px; margin-block: 0px; margin-inline: 0px; font-family: Roboto, sans-serif; font-weight: 400; list-style: none; text-decoration: none; user-select: text; color: rgb(0, 0, 0); font-size: medium; font-style: normal; font-variant-ligatures: normal; font-variant-caps: normal; letter-spacing: normal; orphans: 2; text-align: start; text-indent: 0px; text-transform: none; white-space: normal; widows: 2; word-spacing: 0px; -webkit-text-stroke-width: 0px; background-color: rgb(250, 250, 250); height: auto;\">\n<div class=\"vtex-store-components-3-x-specificationsTableContainer mt9 mt0-l pl8-l\" style=\"appearance: none; box-sizing: border-box; border: 0px; margin: 0px; outline: 0px; padding: 0px; margin-block: 0px; margin-inline: 0px; font-family: var(--ff__primary); font-weight: normal; list-style: none; text-decoration: none; user-select: text;\"><\/div>\n<\/div>\n<div class=\"vtex-flex-layout-0-x-flexColChild vtex-flex-layout-0-x-flexColChild--product-left-content pb0\" style=\"appearance: none; box-sizing: border-box; border: 0px; margin: 0px; outline: 0px; padding: 0px; margin-block: 0px; margin-inline: 0px; font-weight: 400; list-style: none; text-decoration: none; user-select: text; font-size: medium; font-style: normal; font-variant-ligatures: normal; font-variant-caps: normal; letter-spacing: normal; orphans: 2; text-align: start; text-indent: 0px; text-transform: none; white-space: normal; widows: 2; word-spacing: 0px; -webkit-text-stroke-width: 0px; background-color: rgb(250, 250, 250); height: auto;\">\n<div class=\"vtex-store-components-3-x-productDescriptionContainer\" style=\"appearance: none; box-sizing: border-box; border: 0px; margin: 60px 0px 40px; outline: 0px; padding: 0px; margin-block: 0px; margin-inline: 0px; font-weight: normal; list-style: none; text-decoration: none; user-select: text;\">\n<div class=\"vtex-store-components-3-x-productDescriptionText c-muted-1\" style=\"appearance: none; box-sizing: border-box; border: 0px; margin: 0px; outline: 0px; padding: 0px; margin-block: 0px; margin-inline: 0px; font-weight: normal; list-style: none; text-decoration: none; user-select: text;\">\n<div class=\"vtex-store-components-3-x-container relative\" style=\"appearance: none; box-sizing: border-box; border: 0px; margin: 0px; outline: 0px; padding: 0px; margin-block: 0px; margin-inline: 0px; font-weight: normal; list-style: none; text-decoration: none; user-select: text; position: relative; transition: all 600ms ease-in-out 0s; height: auto; overflow: hidden; display: block;\">\n<h4 style=\"appearance: none; box-sizing: border-box; border: 0px; margin: 0px; outline: 0px; padding: 0px; margin-block: 0px; margin-inline: 0px; font-weight: 400; list-style: none; text-decoration: none; user-select: text; height: auto; font-size: 16px; line-height: 24px;\"><span style=\"font-family: Arial; color: inherit;\">Sabe aquela mochila vers\u00e1til e utilit\u00e1ria, que \u00e9 s\u00f3 colocar nas costas e sair por a\u00ed? A Mochila Lisa Leo e Leo de cor preta possui 7 compartimentos externos e ainda 1 compartimento interno, para proteger bem aquele item que voc\u00ea n\u00e3o pode perder. Suporta at\u00e9 5Kg, \u00e9 confeccionada em poli\u00e9ster e bastante resiste. \u00c9 um acess\u00f3rio que voc\u00ea pode dar toque autoral, com chaveiros coloridos, len\u00e7os amarrados ou apenas assumir seu estilo casual. Sua dimens\u00e3o \u00e9 de 43cm de altura e 28cm de largura.<\/span><\/h4>\n<\/div>\n<\/div>\n<\/div>\n<\/div>\n","protected":false},"excerpt":{"rendered":"<p>Sabe aquela mochila vers\u00e1til e utilit\u00e1ria, que \u00e9 s\u00f3 colocar nas costas e sair por a\u00ed? A Mochila Lisa Leo e Leo de cor preta&#8230;<\/p>\n","protected":false},"featured_media":2380,"comment_status":"open","ping_status":"closed","template":"","meta":[],"etheme_brands":[],"product_brand":[],"product_cat":[25,31],"product_tag":[],"class_list":{"0":"post-2381","1":"product","2":"type-product","3":"status-publish","4":"has-post-thumbnail","6":"product_cat-material","7":"product_cat-mochilas-bolsas","9":"first","10":"instock","11":"sold-individually","12":"shipping-taxable","13":"purchasable","14":"product-type-simple"},"yoast_head":"<!-- This site is optimized with the Yoast SEO plugin v26.9 - https:\/\/yoast.com\/product\/yoast-seo-wordpress\/ -->\n<title>MOCHILA DE COSTAS LISA PRETA LEO &amp; LEO - Metta Papelaria<\/title>\n<meta name=\"robots\" content=\"index, follow, max-snippet:-1, max-image-preview:large, max-video-preview:-1\" \/>\n<link rel=\"canonical\" href=\"https:\/\/mettapapelaria.com.br\/catalogo\/produto\/mochila-de-costas-lisa-preta-leo-and-leo\/\" \/>\n<meta property=\"og:locale\" content=\"pt_BR\" \/>\n<meta property=\"og:type\" content=\"article\" \/>\n<meta property=\"og:title\" content=\"MOCHILA DE COSTAS LISA PRETA LEO &amp; LEO - Metta Papelaria\" \/>\n<meta property=\"og:description\" content=\"Sabe aquela mochila vers\u00e1til e utilit\u00e1ria, que \u00e9 s\u00f3 colocar nas costas e sair por a\u00ed? A Mochila Lisa Leo e Leo de cor preta...\" \/>\n<meta property=\"og:url\" content=\"https:\/\/mettapapelaria.com.br\/catalogo\/produto\/mochila-de-costas-lisa-preta-leo-and-leo\/\" \/>\n<meta property=\"og:site_name\" content=\"Metta Papelaria\" \/>\n<meta property=\"article:publisher\" content=\"https:\/\/www.facebook.com\/mettapapelaria\/\" \/>\n<meta property=\"og:image\" content=\"https:\/\/mettapapelaria.com.br\/catalogo\/wp-content\/uploads\/2022\/12\/MOCHILA-DE-COSTAS-LISA-PRETA-LEO.jpg\" \/>\n\t<meta property=\"og:image:width\" content=\"1080\" \/>\n\t<meta property=\"og:image:height\" content=\"1080\" \/>\n\t<meta property=\"og:image:type\" content=\"image\/jpeg\" \/>\n<meta name=\"twitter:card\" content=\"summary_large_image\" \/>\n<script type=\"application\/ld+json\" class=\"yoast-schema-graph\">{\"@context\":\"https:\/\/schema.org\",\"@graph\":[{\"@type\":\"WebPage\",\"@id\":\"https:\/\/mettapapelaria.com.br\/catalogo\/produto\/mochila-de-costas-lisa-preta-leo-and-leo\/\",\"url\":\"https:\/\/mettapapelaria.com.br\/catalogo\/produto\/mochila-de-costas-lisa-preta-leo-and-leo\/\",\"name\":\"MOCHILA DE COSTAS LISA PRETA LEO & LEO - Metta Papelaria\",\"isPartOf\":{\"@id\":\"https:\/\/mettapapelaria.com.br\/catalogo\/#website\"},\"primaryImageOfPage\":{\"@id\":\"https:\/\/mettapapelaria.com.br\/catalogo\/produto\/mochila-de-costas-lisa-preta-leo-and-leo\/#primaryimage\"},\"image\":{\"@id\":\"https:\/\/mettapapelaria.com.br\/catalogo\/produto\/mochila-de-costas-lisa-preta-leo-and-leo\/#primaryimage\"},\"thumbnailUrl\":\"https:\/\/mettapapelaria.com.br\/catalogo\/wp-content\/uploads\/2022\/12\/MOCHILA-DE-COSTAS-LISA-PRETA-LEO.jpg\",\"datePublished\":\"2022-12-12T11:16:43+00:00\",\"breadcrumb\":{\"@id\":\"https:\/\/mettapapelaria.com.br\/catalogo\/produto\/mochila-de-costas-lisa-preta-leo-and-leo\/#breadcrumb\"},\"inLanguage\":\"pt-BR\",\"potentialAction\":[{\"@type\":\"ReadAction\",\"target\":[\"https:\/\/mettapapelaria.com.br\/catalogo\/produto\/mochila-de-costas-lisa-preta-leo-and-leo\/\"]}]},{\"@type\":\"ImageObject\",\"inLanguage\":\"pt-BR\",\"@id\":\"https:\/\/mettapapelaria.com.br\/catalogo\/produto\/mochila-de-costas-lisa-preta-leo-and-leo\/#primaryimage\",\"url\":\"https:\/\/mettapapelaria.com.br\/catalogo\/wp-content\/uploads\/2022\/12\/MOCHILA-DE-COSTAS-LISA-PRETA-LEO.jpg\",\"contentUrl\":\"https:\/\/mettapapelaria.com.br\/catalogo\/wp-content\/uploads\/2022\/12\/MOCHILA-DE-COSTAS-LISA-PRETA-LEO.jpg\",\"width\":1080,\"height\":1080,\"caption\":\"MOCHILA DE COSTAS LISA PRETA LEO &amp; LEO\"},{\"@type\":\"BreadcrumbList\",\"@id\":\"https:\/\/mettapapelaria.com.br\/catalogo\/produto\/mochila-de-costas-lisa-preta-leo-and-leo\/#breadcrumb\",\"itemListElement\":[{\"@type\":\"ListItem\",\"position\":1,\"name\":\"In\u00edcio\",\"item\":\"https:\/\/mettapapelaria.com.br\/catalogo\/\"},{\"@type\":\"ListItem\",\"position\":2,\"name\":\"Shop\",\"item\":\"https:\/\/mettapapelaria.com.br\/catalogo\/shop\/\"},{\"@type\":\"ListItem\",\"position\":3,\"name\":\"MOCHILA DE COSTAS LISA PRETA LEO &#038; LEO\"}]},{\"@type\":\"WebSite\",\"@id\":\"https:\/\/mettapapelaria.com.br\/catalogo\/#website\",\"url\":\"https:\/\/mettapapelaria.com.br\/catalogo\/\",\"name\":\"Metta Papelaria\",\"description\":\"Materiais e equipamentos de escrit\u00f3rio, suprimentos para inform\u00e1tica, e uma diversificada linha de material escolar\",\"publisher\":{\"@id\":\"https:\/\/mettapapelaria.com.br\/catalogo\/#organization\"},\"potentialAction\":[{\"@type\":\"SearchAction\",\"target\":{\"@type\":\"EntryPoint\",\"urlTemplate\":\"https:\/\/mettapapelaria.com.br\/catalogo\/?s={search_term_string}\"},\"query-input\":{\"@type\":\"PropertyValueSpecification\",\"valueRequired\":true,\"valueName\":\"search_term_string\"}}],\"inLanguage\":\"pt-BR\"},{\"@type\":\"Organization\",\"@id\":\"https:\/\/mettapapelaria.com.br\/catalogo\/#organization\",\"name\":\"Metta Papelaria\",\"url\":\"https:\/\/mettapapelaria.com.br\/catalogo\/\",\"logo\":{\"@type\":\"ImageObject\",\"inLanguage\":\"pt-BR\",\"@id\":\"https:\/\/mettapapelaria.com.br\/catalogo\/#\/schema\/logo\/image\/\",\"url\":\"https:\/\/mettapapelaria.com.br\/catalogo\/wp-content\/uploads\/2023\/12\/cropped-favicon-Metta_512-1.png\",\"contentUrl\":\"https:\/\/mettapapelaria.com.br\/catalogo\/wp-content\/uploads\/2023\/12\/cropped-favicon-Metta_512-1.png\",\"width\":512,\"height\":512,\"caption\":\"Metta Papelaria\"},\"image\":{\"@id\":\"https:\/\/mettapapelaria.com.br\/catalogo\/#\/schema\/logo\/image\/\"},\"sameAs\":[\"https:\/\/www.facebook.com\/mettapapelaria\/\",\"https:\/\/www.instagram.com\/papelariametta\/\"]}]}<\/script>\n<!-- \/ Yoast SEO plugin. -->","yoast_head_json":{"title":"MOCHILA DE COSTAS LISA PRETA LEO & LEO - Metta Papelaria","robots":{"index":"index","follow":"follow","max-snippet":"max-snippet:-1","max-image-preview":"max-image-preview:large","max-video-preview":"max-video-preview:-1"},"canonical":"https:\/\/mettapapelaria.com.br\/catalogo\/produto\/mochila-de-costas-lisa-preta-leo-and-leo\/","og_locale":"pt_BR","og_type":"article","og_title":"MOCHILA DE COSTAS LISA PRETA LEO & LEO - Metta Papelaria","og_description":"Sabe aquela mochila vers\u00e1til e utilit\u00e1ria, que \u00e9 s\u00f3 colocar nas costas e sair por a\u00ed? A Mochila Lisa Leo e Leo de cor preta...","og_url":"https:\/\/mettapapelaria.com.br\/catalogo\/produto\/mochila-de-costas-lisa-preta-leo-and-leo\/","og_site_name":"Metta Papelaria","article_publisher":"https:\/\/www.facebook.com\/mettapapelaria\/","og_image":[{"width":1080,"height":1080,"url":"https:\/\/mettapapelaria.com.br\/catalogo\/wp-content\/uploads\/2022\/12\/MOCHILA-DE-COSTAS-LISA-PRETA-LEO.jpg","type":"image\/jpeg"}],"twitter_card":"summary_large_image","schema":{"@context":"https:\/\/schema.org","@graph":[{"@type":"WebPage","@id":"https:\/\/mettapapelaria.com.br\/catalogo\/produto\/mochila-de-costas-lisa-preta-leo-and-leo\/","url":"https:\/\/mettapapelaria.com.br\/catalogo\/produto\/mochila-de-costas-lisa-preta-leo-and-leo\/","name":"MOCHILA DE COSTAS LISA PRETA LEO & LEO - Metta Papelaria","isPartOf":{"@id":"https:\/\/mettapapelaria.com.br\/catalogo\/#website"},"primaryImageOfPage":{"@id":"https:\/\/mettapapelaria.com.br\/catalogo\/produto\/mochila-de-costas-lisa-preta-leo-and-leo\/#primaryimage"},"image":{"@id":"https:\/\/mettapapelaria.com.br\/catalogo\/produto\/mochila-de-costas-lisa-preta-leo-and-leo\/#primaryimage"},"thumbnailUrl":"https:\/\/mettapapelaria.com.br\/catalogo\/wp-content\/uploads\/2022\/12\/MOCHILA-DE-COSTAS-LISA-PRETA-LEO.jpg","datePublished":"2022-12-12T11:16:43+00:00","breadcrumb":{"@id":"https:\/\/mettapapelaria.com.br\/catalogo\/produto\/mochila-de-costas-lisa-preta-leo-and-leo\/#breadcrumb"},"inLanguage":"pt-BR","potentialAction":[{"@type":"ReadAction","target":["https:\/\/mettapapelaria.com.br\/catalogo\/produto\/mochila-de-costas-lisa-preta-leo-and-leo\/"]}]},{"@type":"ImageObject","inLanguage":"pt-BR","@id":"https:\/\/mettapapelaria.com.br\/catalogo\/produto\/mochila-de-costas-lisa-preta-leo-and-leo\/#primaryimage","url":"https:\/\/mettapapelaria.com.br\/catalogo\/wp-content\/uploads\/2022\/12\/MOCHILA-DE-COSTAS-LISA-PRETA-LEO.jpg","contentUrl":"https:\/\/mettapapelaria.com.br\/catalogo\/wp-content\/uploads\/2022\/12\/MOCHILA-DE-COSTAS-LISA-PRETA-LEO.jpg","width":1080,"height":1080,"caption":"MOCHILA DE COSTAS LISA PRETA LEO &amp; LEO"},{"@type":"BreadcrumbList","@id":"https:\/\/mettapapelaria.com.br\/catalogo\/produto\/mochila-de-costas-lisa-preta-leo-and-leo\/#breadcrumb","itemListElement":[{"@type":"ListItem","position":1,"name":"In\u00edcio","item":"https:\/\/mettapapelaria.com.br\/catalogo\/"},{"@type":"ListItem","position":2,"name":"Shop","item":"https:\/\/mettapapelaria.com.br\/catalogo\/shop\/"},{"@type":"ListItem","position":3,"name":"MOCHILA DE COSTAS LISA PRETA LEO &#038; LEO"}]},{"@type":"WebSite","@id":"https:\/\/mettapapelaria.com.br\/catalogo\/#website","url":"https:\/\/mettapapelaria.com.br\/catalogo\/","name":"Metta Papelaria","description":"Materiais e equipamentos de escrit\u00f3rio, suprimentos para inform\u00e1tica, e uma diversificada linha de material escolar","publisher":{"@id":"https:\/\/mettapapelaria.com.br\/catalogo\/#organization"},"potentialAction":[{"@type":"SearchAction","target":{"@type":"EntryPoint","urlTemplate":"https:\/\/mettapapelaria.com.br\/catalogo\/?s={search_term_string}"},"query-input":{"@type":"PropertyValueSpecification","valueRequired":true,"valueName":"search_term_string"}}],"inLanguage":"pt-BR"},{"@type":"Organization","@id":"https:\/\/mettapapelaria.com.br\/catalogo\/#organization","name":"Metta Papelaria","url":"https:\/\/mettapapelaria.com.br\/catalogo\/","logo":{"@type":"ImageObject","inLanguage":"pt-BR","@id":"https:\/\/mettapapelaria.com.br\/catalogo\/#\/schema\/logo\/image\/","url":"https:\/\/mettapapelaria.com.br\/catalogo\/wp-content\/uploads\/2023\/12\/cropped-favicon-Metta_512-1.png","contentUrl":"https:\/\/mettapapelaria.com.br\/catalogo\/wp-content\/uploads\/2023\/12\/cropped-favicon-Metta_512-1.png","width":512,"height":512,"caption":"Metta Papelaria"},"image":{"@id":"https:\/\/mettapapelaria.com.br\/catalogo\/#\/schema\/logo\/image\/"},"sameAs":["https:\/\/www.facebook.com\/mettapapelaria\/","https:\/\/www.instagram.com\/papelariametta\/"]}]}},"_links":{"self":[{"href":"https:\/\/mettapapelaria.com.br\/catalogo\/wp-json\/wp\/v2\/product\/2381","targetHints":{"allow":["GET"]}}],"collection":[{"href":"https:\/\/mettapapelaria.com.br\/catalogo\/wp-json\/wp\/v2\/product"}],"about":[{"href":"https:\/\/mettapapelaria.com.br\/catalogo\/wp-json\/wp\/v2\/types\/product"}],"replies":[{"embeddable":true,"href":"https:\/\/mettapapelaria.com.br\/catalogo\/wp-json\/wp\/v2\/comments?post=2381"}],"version-history":[{"count":0,"href":"https:\/\/mettapapelaria.com.br\/catalogo\/wp-json\/wp\/v2\/product\/2381\/revisions"}],"wp:featuredmedia":[{"embeddable":true,"href":"https:\/\/mettapapelaria.com.br\/catalogo\/wp-json\/wp\/v2\/media\/2380"}],"wp:attachment":[{"href":"https:\/\/mettapapelaria.com.br\/catalogo\/wp-json\/wp\/v2\/media?parent=2381"}],"wp:term":[{"taxonomy":"brand","embeddable":true,"href":"https:\/\/mettapapelaria.com.br\/catalogo\/wp-json\/wp\/v2\/etheme_brands?post=2381"},{"taxonomy":"product_brand","embeddable":true,"href":"https:\/\/mettapapelaria.com.br\/catalogo\/wp-json\/wp\/v2\/product_brand?post=2381"},{"taxonomy":"product_cat","embeddable":true,"href":"https:\/\/mettapapelaria.com.br\/catalogo\/wp-json\/wp\/v2\/product_cat?post=2381"},{"taxonomy":"product_tag","embeddable":true,"href":"https:\/\/mettapapelaria.com.br\/catalogo\/wp-json\/wp\/v2\/product_tag?post=2381"}],"curies":[{"name":"wp","href":"https:\/\/api.w.org\/{rel}","templated":true}]}}