{"id":2334,"date":"2022-12-07T14:06:06","date_gmt":"2022-12-07T17:06:06","guid":{"rendered":"https:\/\/mettapapelaria.com.br\/catalogo\/produto\/garrafa-termica-planta-holic-340ml-leo-and-leo\/"},"modified":"2022-12-07T14:06:06","modified_gmt":"2022-12-07T17:06:06","slug":"garrafa-termica-planta-holic-340ml-leo-and-leo","status":"publish","type":"product","link":"https:\/\/mettapapelaria.com.br\/catalogo\/produto\/garrafa-termica-planta-holic-340ml-leo-and-leo\/","title":{"rendered":"GARRAFA T\u00c9RMICA PLANTA HOLIC 340ML LEO &#038; LEO"},"content":{"rendered":"<h4>\n<div class=\"vtex-flex-layout-0-x-flexColChild vtex-flex-layout-0-x-flexColChild--product-left-content pb0\" style=\"appearance: none; border: 0px; margin: 0px; outline: 0px; padding: 0px; margin-block: 0px; margin-inline: 0px; list-style: none; user-select: text; color: rgb(0, 0, 0); font-size: medium; background-color: rgb(250, 250, 250); height: auto;\">\n<div class=\"vtex-store-components-3-x-productDescriptionContainer\" style=\"appearance: none; border: 0px; margin: 60px 0px 40px; outline: 0px; padding: 0px; margin-block: 0px; margin-inline: 0px; list-style: none; user-select: text;\">\n<div class=\"vtex-store-components-3-x-productDescriptionText c-muted-1\" style=\"appearance: none; border: 0px; margin: 0px; outline: 0px; padding: 0px; margin-block: 0px; margin-inline: 0px; list-style: none; user-select: text; color: rgb(114, 114, 115);\">\n<div class=\"vtex-store-components-3-x-container relative\" style=\"appearance: none; border: 0px; margin: 0px; outline: 0px; padding: 0px; margin-block: 0px; margin-inline: 0px; list-style: none; user-select: text; position: relative; transition: all 600ms ease-in-out 0s; height: auto; overflow: hidden;\">\n<h4 style=\"appearance: none; border: 0px; margin: 0px; outline: 0px; padding: 0px; margin-block: 0px; margin-inline: 0px; list-style: none; user-select: text; height: auto; color: rgb(112, 112, 112); font-size: 16px; line-height: 24px;\"><span style=\"font-family: Arial;\">Sinta o gostinho de praticidade, sustentabilidade e boas vendas com a garrafa t\u00e9rmica da linha Plantaholic. Ela \u00e9 perfeita para armazenar e conservar l\u00edquidos quentes ou frios e possui um sistema de fechamento muito mais seguro para evitar vazamentos, com veda\u00e7\u00e3o interna de silicone. Produzida com a\u00e7o inoxid\u00e1vel 304, a\u00e7o inoxid\u00e1vel 201, PP, silicone, tem capacidade de 340 ml.<\/span><\/h4>\n<\/div>\n<\/div>\n<\/div>\n<\/div>\n<div class=\"vtex-flex-layout-0-x-flexColChild vtex-flex-layout-0-x-flexColChild--product-left-content pb0\" style=\"appearance: none; border: 0px; margin: 0px; outline: 0px; padding: 0px; margin-block: 0px; margin-inline: 0px; font-family: Roboto, sans-serif; list-style: none; user-select: text; color: rgb(0, 0, 0); font-size: medium; background-color: rgb(250, 250, 250); height: auto;\">\n<div class=\"vtex-store-components-3-x-specificationsTableContainer mt9 mt0-l pl8-l\" style=\"appearance: none; border: 0px; margin: 0px; outline: 0px; padding: 0px; margin-block: 0px; margin-inline: 0px; font-family: var(--ff__primary); list-style: none; user-select: text;\"><\/div>\n<\/div>\n<\/h4>\n","protected":false},"excerpt":{"rendered":"<p>Sinta o gostinho de praticidade, sustentabilidade e boas vendas com a garrafa t\u00e9rmica da linha Plantaholic. Ela \u00e9 perfeita para armazenar e conservar l\u00edquidos quentes&#8230;<\/p>\n","protected":false},"featured_media":2332,"comment_status":"open","ping_status":"closed","template":"","meta":[],"etheme_brands":[],"product_brand":[],"product_cat":[143,144,25],"product_tag":[],"class_list":{"0":"post-2334","1":"product","2":"type-product","3":"status-publish","4":"has-post-thumbnail","6":"product_cat-garrafas","7":"product_cat-garrafass","8":"product_cat-material","10":"first","11":"instock","12":"sold-individually","13":"shipping-taxable","14":"purchasable","15":"product-type-simple"},"yoast_head":"<!-- This site is optimized with the Yoast SEO plugin v26.9 - https:\/\/yoast.com\/product\/yoast-seo-wordpress\/ -->\n<title>GARRAFA T\u00c9RMICA PLANTA HOLIC 340ML LEO &amp; LEO - Metta Papelaria<\/title>\n<meta name=\"robots\" content=\"index, follow, max-snippet:-1, max-image-preview:large, max-video-preview:-1\" \/>\n<link rel=\"canonical\" href=\"https:\/\/mettapapelaria.com.br\/catalogo\/produto\/garrafa-termica-planta-holic-340ml-leo-and-leo\/\" \/>\n<meta property=\"og:locale\" content=\"pt_BR\" \/>\n<meta property=\"og:type\" content=\"article\" \/>\n<meta property=\"og:title\" content=\"GARRAFA T\u00c9RMICA PLANTA HOLIC 340ML LEO &amp; LEO - Metta Papelaria\" \/>\n<meta property=\"og:description\" content=\"Sinta o gostinho de praticidade, sustentabilidade e boas vendas com a garrafa t\u00e9rmica da linha Plantaholic. Ela \u00e9 perfeita para armazenar e conservar l\u00edquidos quentes...\" \/>\n<meta property=\"og:url\" content=\"https:\/\/mettapapelaria.com.br\/catalogo\/produto\/garrafa-termica-planta-holic-340ml-leo-and-leo\/\" \/>\n<meta property=\"og:site_name\" content=\"Metta Papelaria\" \/>\n<meta property=\"article:publisher\" content=\"https:\/\/www.facebook.com\/mettapapelaria\/\" \/>\n<meta property=\"og:image\" content=\"https:\/\/mettapapelaria.com.br\/catalogo\/wp-content\/uploads\/2022\/12\/GARRAFA-TERMICA-PLANTA-HOLIC-340ML-LEO.jpg\" \/>\n\t<meta property=\"og:image:width\" content=\"1080\" \/>\n\t<meta property=\"og:image:height\" content=\"1080\" \/>\n\t<meta property=\"og:image:type\" content=\"image\/jpeg\" \/>\n<meta name=\"twitter:card\" content=\"summary_large_image\" \/>\n<script type=\"application\/ld+json\" class=\"yoast-schema-graph\">{\"@context\":\"https:\/\/schema.org\",\"@graph\":[{\"@type\":\"WebPage\",\"@id\":\"https:\/\/mettapapelaria.com.br\/catalogo\/produto\/garrafa-termica-planta-holic-340ml-leo-and-leo\/\",\"url\":\"https:\/\/mettapapelaria.com.br\/catalogo\/produto\/garrafa-termica-planta-holic-340ml-leo-and-leo\/\",\"name\":\"GARRAFA T\u00c9RMICA PLANTA HOLIC 340ML LEO & LEO - Metta Papelaria\",\"isPartOf\":{\"@id\":\"https:\/\/mettapapelaria.com.br\/catalogo\/#website\"},\"primaryImageOfPage\":{\"@id\":\"https:\/\/mettapapelaria.com.br\/catalogo\/produto\/garrafa-termica-planta-holic-340ml-leo-and-leo\/#primaryimage\"},\"image\":{\"@id\":\"https:\/\/mettapapelaria.com.br\/catalogo\/produto\/garrafa-termica-planta-holic-340ml-leo-and-leo\/#primaryimage\"},\"thumbnailUrl\":\"https:\/\/mettapapelaria.com.br\/catalogo\/wp-content\/uploads\/2022\/12\/GARRAFA-TERMICA-PLANTA-HOLIC-340ML-LEO.jpg\",\"datePublished\":\"2022-12-07T17:06:06+00:00\",\"breadcrumb\":{\"@id\":\"https:\/\/mettapapelaria.com.br\/catalogo\/produto\/garrafa-termica-planta-holic-340ml-leo-and-leo\/#breadcrumb\"},\"inLanguage\":\"pt-BR\",\"potentialAction\":[{\"@type\":\"ReadAction\",\"target\":[\"https:\/\/mettapapelaria.com.br\/catalogo\/produto\/garrafa-termica-planta-holic-340ml-leo-and-leo\/\"]}]},{\"@type\":\"ImageObject\",\"inLanguage\":\"pt-BR\",\"@id\":\"https:\/\/mettapapelaria.com.br\/catalogo\/produto\/garrafa-termica-planta-holic-340ml-leo-and-leo\/#primaryimage\",\"url\":\"https:\/\/mettapapelaria.com.br\/catalogo\/wp-content\/uploads\/2022\/12\/GARRAFA-TERMICA-PLANTA-HOLIC-340ML-LEO.jpg\",\"contentUrl\":\"https:\/\/mettapapelaria.com.br\/catalogo\/wp-content\/uploads\/2022\/12\/GARRAFA-TERMICA-PLANTA-HOLIC-340ML-LEO.jpg\",\"width\":1080,\"height\":1080,\"caption\":\"GARRAFA T\u00c9RMICA PLANTA HOLIC 340ML LEO &amp; LEO\"},{\"@type\":\"BreadcrumbList\",\"@id\":\"https:\/\/mettapapelaria.com.br\/catalogo\/produto\/garrafa-termica-planta-holic-340ml-leo-and-leo\/#breadcrumb\",\"itemListElement\":[{\"@type\":\"ListItem\",\"position\":1,\"name\":\"In\u00edcio\",\"item\":\"https:\/\/mettapapelaria.com.br\/catalogo\/\"},{\"@type\":\"ListItem\",\"position\":2,\"name\":\"Shop\",\"item\":\"https:\/\/mettapapelaria.com.br\/catalogo\/shop\/\"},{\"@type\":\"ListItem\",\"position\":3,\"name\":\"GARRAFA T\u00c9RMICA PLANTA HOLIC 340ML LEO &#038; LEO\"}]},{\"@type\":\"WebSite\",\"@id\":\"https:\/\/mettapapelaria.com.br\/catalogo\/#website\",\"url\":\"https:\/\/mettapapelaria.com.br\/catalogo\/\",\"name\":\"Metta Papelaria\",\"description\":\"Materiais e equipamentos de escrit\u00f3rio, suprimentos para inform\u00e1tica, e uma diversificada linha de material escolar\",\"publisher\":{\"@id\":\"https:\/\/mettapapelaria.com.br\/catalogo\/#organization\"},\"potentialAction\":[{\"@type\":\"SearchAction\",\"target\":{\"@type\":\"EntryPoint\",\"urlTemplate\":\"https:\/\/mettapapelaria.com.br\/catalogo\/?s={search_term_string}\"},\"query-input\":{\"@type\":\"PropertyValueSpecification\",\"valueRequired\":true,\"valueName\":\"search_term_string\"}}],\"inLanguage\":\"pt-BR\"},{\"@type\":\"Organization\",\"@id\":\"https:\/\/mettapapelaria.com.br\/catalogo\/#organization\",\"name\":\"Metta Papelaria\",\"url\":\"https:\/\/mettapapelaria.com.br\/catalogo\/\",\"logo\":{\"@type\":\"ImageObject\",\"inLanguage\":\"pt-BR\",\"@id\":\"https:\/\/mettapapelaria.com.br\/catalogo\/#\/schema\/logo\/image\/\",\"url\":\"https:\/\/mettapapelaria.com.br\/catalogo\/wp-content\/uploads\/2023\/12\/cropped-favicon-Metta_512-1.png\",\"contentUrl\":\"https:\/\/mettapapelaria.com.br\/catalogo\/wp-content\/uploads\/2023\/12\/cropped-favicon-Metta_512-1.png\",\"width\":512,\"height\":512,\"caption\":\"Metta Papelaria\"},\"image\":{\"@id\":\"https:\/\/mettapapelaria.com.br\/catalogo\/#\/schema\/logo\/image\/\"},\"sameAs\":[\"https:\/\/www.facebook.com\/mettapapelaria\/\",\"https:\/\/www.instagram.com\/papelariametta\/\"]}]}<\/script>\n<!-- \/ Yoast SEO plugin. -->","yoast_head_json":{"title":"GARRAFA T\u00c9RMICA PLANTA HOLIC 340ML LEO & LEO - Metta Papelaria","robots":{"index":"index","follow":"follow","max-snippet":"max-snippet:-1","max-image-preview":"max-image-preview:large","max-video-preview":"max-video-preview:-1"},"canonical":"https:\/\/mettapapelaria.com.br\/catalogo\/produto\/garrafa-termica-planta-holic-340ml-leo-and-leo\/","og_locale":"pt_BR","og_type":"article","og_title":"GARRAFA T\u00c9RMICA PLANTA HOLIC 340ML LEO & LEO - Metta Papelaria","og_description":"Sinta o gostinho de praticidade, sustentabilidade e boas vendas com a garrafa t\u00e9rmica da linha Plantaholic. Ela \u00e9 perfeita para armazenar e conservar l\u00edquidos quentes...","og_url":"https:\/\/mettapapelaria.com.br\/catalogo\/produto\/garrafa-termica-planta-holic-340ml-leo-and-leo\/","og_site_name":"Metta Papelaria","article_publisher":"https:\/\/www.facebook.com\/mettapapelaria\/","og_image":[{"width":1080,"height":1080,"url":"https:\/\/mettapapelaria.com.br\/catalogo\/wp-content\/uploads\/2022\/12\/GARRAFA-TERMICA-PLANTA-HOLIC-340ML-LEO.jpg","type":"image\/jpeg"}],"twitter_card":"summary_large_image","schema":{"@context":"https:\/\/schema.org","@graph":[{"@type":"WebPage","@id":"https:\/\/mettapapelaria.com.br\/catalogo\/produto\/garrafa-termica-planta-holic-340ml-leo-and-leo\/","url":"https:\/\/mettapapelaria.com.br\/catalogo\/produto\/garrafa-termica-planta-holic-340ml-leo-and-leo\/","name":"GARRAFA T\u00c9RMICA PLANTA HOLIC 340ML LEO & LEO - Metta Papelaria","isPartOf":{"@id":"https:\/\/mettapapelaria.com.br\/catalogo\/#website"},"primaryImageOfPage":{"@id":"https:\/\/mettapapelaria.com.br\/catalogo\/produto\/garrafa-termica-planta-holic-340ml-leo-and-leo\/#primaryimage"},"image":{"@id":"https:\/\/mettapapelaria.com.br\/catalogo\/produto\/garrafa-termica-planta-holic-340ml-leo-and-leo\/#primaryimage"},"thumbnailUrl":"https:\/\/mettapapelaria.com.br\/catalogo\/wp-content\/uploads\/2022\/12\/GARRAFA-TERMICA-PLANTA-HOLIC-340ML-LEO.jpg","datePublished":"2022-12-07T17:06:06+00:00","breadcrumb":{"@id":"https:\/\/mettapapelaria.com.br\/catalogo\/produto\/garrafa-termica-planta-holic-340ml-leo-and-leo\/#breadcrumb"},"inLanguage":"pt-BR","potentialAction":[{"@type":"ReadAction","target":["https:\/\/mettapapelaria.com.br\/catalogo\/produto\/garrafa-termica-planta-holic-340ml-leo-and-leo\/"]}]},{"@type":"ImageObject","inLanguage":"pt-BR","@id":"https:\/\/mettapapelaria.com.br\/catalogo\/produto\/garrafa-termica-planta-holic-340ml-leo-and-leo\/#primaryimage","url":"https:\/\/mettapapelaria.com.br\/catalogo\/wp-content\/uploads\/2022\/12\/GARRAFA-TERMICA-PLANTA-HOLIC-340ML-LEO.jpg","contentUrl":"https:\/\/mettapapelaria.com.br\/catalogo\/wp-content\/uploads\/2022\/12\/GARRAFA-TERMICA-PLANTA-HOLIC-340ML-LEO.jpg","width":1080,"height":1080,"caption":"GARRAFA T\u00c9RMICA PLANTA HOLIC 340ML LEO &amp; LEO"},{"@type":"BreadcrumbList","@id":"https:\/\/mettapapelaria.com.br\/catalogo\/produto\/garrafa-termica-planta-holic-340ml-leo-and-leo\/#breadcrumb","itemListElement":[{"@type":"ListItem","position":1,"name":"In\u00edcio","item":"https:\/\/mettapapelaria.com.br\/catalogo\/"},{"@type":"ListItem","position":2,"name":"Shop","item":"https:\/\/mettapapelaria.com.br\/catalogo\/shop\/"},{"@type":"ListItem","position":3,"name":"GARRAFA T\u00c9RMICA PLANTA HOLIC 340ML LEO &#038; LEO"}]},{"@type":"WebSite","@id":"https:\/\/mettapapelaria.com.br\/catalogo\/#website","url":"https:\/\/mettapapelaria.com.br\/catalogo\/","name":"Metta Papelaria","description":"Materiais e equipamentos de escrit\u00f3rio, suprimentos para inform\u00e1tica, e uma diversificada linha de material escolar","publisher":{"@id":"https:\/\/mettapapelaria.com.br\/catalogo\/#organization"},"potentialAction":[{"@type":"SearchAction","target":{"@type":"EntryPoint","urlTemplate":"https:\/\/mettapapelaria.com.br\/catalogo\/?s={search_term_string}"},"query-input":{"@type":"PropertyValueSpecification","valueRequired":true,"valueName":"search_term_string"}}],"inLanguage":"pt-BR"},{"@type":"Organization","@id":"https:\/\/mettapapelaria.com.br\/catalogo\/#organization","name":"Metta Papelaria","url":"https:\/\/mettapapelaria.com.br\/catalogo\/","logo":{"@type":"ImageObject","inLanguage":"pt-BR","@id":"https:\/\/mettapapelaria.com.br\/catalogo\/#\/schema\/logo\/image\/","url":"https:\/\/mettapapelaria.com.br\/catalogo\/wp-content\/uploads\/2023\/12\/cropped-favicon-Metta_512-1.png","contentUrl":"https:\/\/mettapapelaria.com.br\/catalogo\/wp-content\/uploads\/2023\/12\/cropped-favicon-Metta_512-1.png","width":512,"height":512,"caption":"Metta Papelaria"},"image":{"@id":"https:\/\/mettapapelaria.com.br\/catalogo\/#\/schema\/logo\/image\/"},"sameAs":["https:\/\/www.facebook.com\/mettapapelaria\/","https:\/\/www.instagram.com\/papelariametta\/"]}]}},"_links":{"self":[{"href":"https:\/\/mettapapelaria.com.br\/catalogo\/wp-json\/wp\/v2\/product\/2334","targetHints":{"allow":["GET"]}}],"collection":[{"href":"https:\/\/mettapapelaria.com.br\/catalogo\/wp-json\/wp\/v2\/product"}],"about":[{"href":"https:\/\/mettapapelaria.com.br\/catalogo\/wp-json\/wp\/v2\/types\/product"}],"replies":[{"embeddable":true,"href":"https:\/\/mettapapelaria.com.br\/catalogo\/wp-json\/wp\/v2\/comments?post=2334"}],"version-history":[{"count":0,"href":"https:\/\/mettapapelaria.com.br\/catalogo\/wp-json\/wp\/v2\/product\/2334\/revisions"}],"wp:featuredmedia":[{"embeddable":true,"href":"https:\/\/mettapapelaria.com.br\/catalogo\/wp-json\/wp\/v2\/media\/2332"}],"wp:attachment":[{"href":"https:\/\/mettapapelaria.com.br\/catalogo\/wp-json\/wp\/v2\/media?parent=2334"}],"wp:term":[{"taxonomy":"brand","embeddable":true,"href":"https:\/\/mettapapelaria.com.br\/catalogo\/wp-json\/wp\/v2\/etheme_brands?post=2334"},{"taxonomy":"product_brand","embeddable":true,"href":"https:\/\/mettapapelaria.com.br\/catalogo\/wp-json\/wp\/v2\/product_brand?post=2334"},{"taxonomy":"product_cat","embeddable":true,"href":"https:\/\/mettapapelaria.com.br\/catalogo\/wp-json\/wp\/v2\/product_cat?post=2334"},{"taxonomy":"product_tag","embeddable":true,"href":"https:\/\/mettapapelaria.com.br\/catalogo\/wp-json\/wp\/v2\/product_tag?post=2334"}],"curies":[{"name":"wp","href":"https:\/\/api.w.org\/{rel}","templated":true}]}}