{"id":2318,"date":"2022-12-06T17:08:34","date_gmt":"2022-12-06T20:08:34","guid":{"rendered":"https:\/\/mettapapelaria.com.br\/catalogo\/produto\/caixa-de-correspondencia-dupla-fume-dello\/"},"modified":"2022-12-06T17:08:34","modified_gmt":"2022-12-06T20:08:34","slug":"caixa-de-correspondencia-dupla-fume-dello","status":"publish","type":"product","link":"https:\/\/mettapapelaria.com.br\/catalogo\/produto\/caixa-de-correspondencia-dupla-fume-dello\/","title":{"rendered":"CAIXA DE CORRESPOND\u00caNCIA DUPLA FUM\u00ca DELLO"},"content":{"rendered":"<h4><span style=\"font-family: Arial;\">J\u00e1 se pegou na situa\u00e7\u00e3o de perder muito tempo na busca de um documento que deveria estar \u00e1 m\u00e3o e n\u00e3o conseguir encontra-lo por nada!? Esse tempo seria economizada se sua entrada e sa\u00edda de documentos, processos ou correspond\u00eancias estivesse organizada em caixas para correspond\u00eancia, antigos escaninhos como diria minha av\u00f3.<\/span><\/h4>\n<h4><span style=\"font-family: Arial;\">A Caixa para Correspond\u00eancia articul\u00e1vel dupla da Dello te d\u00e1 a condi\u00e7\u00e3o de organizar sua rotina de trabalho de forma simples e eficiente. Eleja a fun\u00e7\u00e3o e organize seus pap\u00e9is em dois n\u00edveis da bandeja e voil\u00e0, a ordem est\u00e1 estabelecida. Por exemplo, n\u00edvel 01 \u201ccontas a pagar\u201d e n\u00edvel 02 \u201ccontas pagas\u201d ou ainda \u201cpend\u00eancias\u201d x \u201cem andamento\u201d.<\/span><\/h4>\n<h4>\n<ul>\n<li><span style=\"color: inherit; font-family: Arial;\">Produzida em poliestireno<\/span><\/li>\n<li><span style=\"font-family: Arial;\">Duas bandejas articul\u00e1veis<\/span><\/li>\n<li><span style=\"font-family: Arial;\">Tamanho of\u00edcio<\/span><\/li>\n<li><span style=\"font-family: Arial;\">Disposi\u00e7\u00e3o vertical<\/span><\/li>\n<\/ul>\n<\/h4>\n","protected":false},"excerpt":{"rendered":"<p>J\u00e1 se pegou na situa\u00e7\u00e3o de perder muito tempo na busca de um documento que deveria estar \u00e1 m\u00e3o e n\u00e3o conseguir encontra-lo por nada!?&#8230;<\/p>\n","protected":false},"featured_media":2316,"comment_status":"open","ping_status":"closed","template":"","meta":[],"etheme_brands":[],"product_brand":[],"product_cat":[59,25],"product_tag":[],"class_list":{"0":"post-2318","1":"product","2":"type-product","3":"status-publish","4":"has-post-thumbnail","6":"product_cat-ficharios-de-mesa-caixa-de-correspondencia","7":"product_cat-material","9":"first","10":"instock","11":"sold-individually","12":"shipping-taxable","13":"purchasable","14":"product-type-simple"},"yoast_head":"<!-- This site is optimized with the Yoast SEO plugin v26.9 - https:\/\/yoast.com\/product\/yoast-seo-wordpress\/ -->\n<title>CAIXA DE CORRESPOND\u00caNCIA DUPLA FUM\u00ca DELLO - Metta Papelaria<\/title>\n<meta name=\"robots\" content=\"index, follow, max-snippet:-1, max-image-preview:large, max-video-preview:-1\" \/>\n<link rel=\"canonical\" href=\"https:\/\/mettapapelaria.com.br\/catalogo\/produto\/caixa-de-correspondencia-dupla-fume-dello\/\" \/>\n<meta property=\"og:locale\" content=\"pt_BR\" \/>\n<meta property=\"og:type\" content=\"article\" \/>\n<meta property=\"og:title\" content=\"CAIXA DE CORRESPOND\u00caNCIA DUPLA FUM\u00ca DELLO - Metta Papelaria\" \/>\n<meta property=\"og:description\" content=\"J\u00e1 se pegou na situa\u00e7\u00e3o de perder muito tempo na busca de um documento que deveria estar \u00e1 m\u00e3o e n\u00e3o conseguir encontra-lo por nada!?...\" \/>\n<meta property=\"og:url\" content=\"https:\/\/mettapapelaria.com.br\/catalogo\/produto\/caixa-de-correspondencia-dupla-fume-dello\/\" \/>\n<meta property=\"og:site_name\" content=\"Metta Papelaria\" \/>\n<meta property=\"article:publisher\" content=\"https:\/\/www.facebook.com\/mettapapelaria\/\" \/>\n<meta property=\"og:image\" content=\"https:\/\/mettapapelaria.com.br\/catalogo\/wp-content\/uploads\/2022\/12\/CAIXA-DE-CORRESPONDENCIA-DUPLA-FUME-DELLO.jpg\" \/>\n\t<meta property=\"og:image:width\" content=\"1080\" \/>\n\t<meta property=\"og:image:height\" content=\"1080\" \/>\n\t<meta property=\"og:image:type\" content=\"image\/jpeg\" \/>\n<meta name=\"twitter:card\" content=\"summary_large_image\" \/>\n<meta name=\"twitter:label1\" content=\"Est. tempo de leitura\" \/>\n\t<meta name=\"twitter:data1\" content=\"1 minuto\" \/>\n<script type=\"application\/ld+json\" class=\"yoast-schema-graph\">{\"@context\":\"https:\/\/schema.org\",\"@graph\":[{\"@type\":\"WebPage\",\"@id\":\"https:\/\/mettapapelaria.com.br\/catalogo\/produto\/caixa-de-correspondencia-dupla-fume-dello\/\",\"url\":\"https:\/\/mettapapelaria.com.br\/catalogo\/produto\/caixa-de-correspondencia-dupla-fume-dello\/\",\"name\":\"CAIXA DE CORRESPOND\u00caNCIA DUPLA FUM\u00ca DELLO - Metta Papelaria\",\"isPartOf\":{\"@id\":\"https:\/\/mettapapelaria.com.br\/catalogo\/#website\"},\"primaryImageOfPage\":{\"@id\":\"https:\/\/mettapapelaria.com.br\/catalogo\/produto\/caixa-de-correspondencia-dupla-fume-dello\/#primaryimage\"},\"image\":{\"@id\":\"https:\/\/mettapapelaria.com.br\/catalogo\/produto\/caixa-de-correspondencia-dupla-fume-dello\/#primaryimage\"},\"thumbnailUrl\":\"https:\/\/mettapapelaria.com.br\/catalogo\/wp-content\/uploads\/2022\/12\/CAIXA-DE-CORRESPONDENCIA-DUPLA-FUME-DELLO.jpg\",\"datePublished\":\"2022-12-06T20:08:34+00:00\",\"breadcrumb\":{\"@id\":\"https:\/\/mettapapelaria.com.br\/catalogo\/produto\/caixa-de-correspondencia-dupla-fume-dello\/#breadcrumb\"},\"inLanguage\":\"pt-BR\",\"potentialAction\":[{\"@type\":\"ReadAction\",\"target\":[\"https:\/\/mettapapelaria.com.br\/catalogo\/produto\/caixa-de-correspondencia-dupla-fume-dello\/\"]}]},{\"@type\":\"ImageObject\",\"inLanguage\":\"pt-BR\",\"@id\":\"https:\/\/mettapapelaria.com.br\/catalogo\/produto\/caixa-de-correspondencia-dupla-fume-dello\/#primaryimage\",\"url\":\"https:\/\/mettapapelaria.com.br\/catalogo\/wp-content\/uploads\/2022\/12\/CAIXA-DE-CORRESPONDENCIA-DUPLA-FUME-DELLO.jpg\",\"contentUrl\":\"https:\/\/mettapapelaria.com.br\/catalogo\/wp-content\/uploads\/2022\/12\/CAIXA-DE-CORRESPONDENCIA-DUPLA-FUME-DELLO.jpg\",\"width\":1080,\"height\":1080,\"caption\":\"CAIXA DE CORRESPOND\u00caNCIA DUPLA FUM\u00ca DELLO\"},{\"@type\":\"BreadcrumbList\",\"@id\":\"https:\/\/mettapapelaria.com.br\/catalogo\/produto\/caixa-de-correspondencia-dupla-fume-dello\/#breadcrumb\",\"itemListElement\":[{\"@type\":\"ListItem\",\"position\":1,\"name\":\"In\u00edcio\",\"item\":\"https:\/\/mettapapelaria.com.br\/catalogo\/\"},{\"@type\":\"ListItem\",\"position\":2,\"name\":\"Shop\",\"item\":\"https:\/\/mettapapelaria.com.br\/catalogo\/shop\/\"},{\"@type\":\"ListItem\",\"position\":3,\"name\":\"CAIXA DE CORRESPOND\u00caNCIA DUPLA FUM\u00ca DELLO\"}]},{\"@type\":\"WebSite\",\"@id\":\"https:\/\/mettapapelaria.com.br\/catalogo\/#website\",\"url\":\"https:\/\/mettapapelaria.com.br\/catalogo\/\",\"name\":\"Metta Papelaria\",\"description\":\"Materiais e equipamentos de escrit\u00f3rio, suprimentos para inform\u00e1tica, e uma diversificada linha de material escolar\",\"publisher\":{\"@id\":\"https:\/\/mettapapelaria.com.br\/catalogo\/#organization\"},\"potentialAction\":[{\"@type\":\"SearchAction\",\"target\":{\"@type\":\"EntryPoint\",\"urlTemplate\":\"https:\/\/mettapapelaria.com.br\/catalogo\/?s={search_term_string}\"},\"query-input\":{\"@type\":\"PropertyValueSpecification\",\"valueRequired\":true,\"valueName\":\"search_term_string\"}}],\"inLanguage\":\"pt-BR\"},{\"@type\":\"Organization\",\"@id\":\"https:\/\/mettapapelaria.com.br\/catalogo\/#organization\",\"name\":\"Metta Papelaria\",\"url\":\"https:\/\/mettapapelaria.com.br\/catalogo\/\",\"logo\":{\"@type\":\"ImageObject\",\"inLanguage\":\"pt-BR\",\"@id\":\"https:\/\/mettapapelaria.com.br\/catalogo\/#\/schema\/logo\/image\/\",\"url\":\"https:\/\/mettapapelaria.com.br\/catalogo\/wp-content\/uploads\/2023\/12\/cropped-favicon-Metta_512-1.png\",\"contentUrl\":\"https:\/\/mettapapelaria.com.br\/catalogo\/wp-content\/uploads\/2023\/12\/cropped-favicon-Metta_512-1.png\",\"width\":512,\"height\":512,\"caption\":\"Metta Papelaria\"},\"image\":{\"@id\":\"https:\/\/mettapapelaria.com.br\/catalogo\/#\/schema\/logo\/image\/\"},\"sameAs\":[\"https:\/\/www.facebook.com\/mettapapelaria\/\",\"https:\/\/www.instagram.com\/papelariametta\/\"]}]}<\/script>\n<!-- \/ Yoast SEO plugin. -->","yoast_head_json":{"title":"CAIXA DE CORRESPOND\u00caNCIA DUPLA FUM\u00ca DELLO - Metta Papelaria","robots":{"index":"index","follow":"follow","max-snippet":"max-snippet:-1","max-image-preview":"max-image-preview:large","max-video-preview":"max-video-preview:-1"},"canonical":"https:\/\/mettapapelaria.com.br\/catalogo\/produto\/caixa-de-correspondencia-dupla-fume-dello\/","og_locale":"pt_BR","og_type":"article","og_title":"CAIXA DE CORRESPOND\u00caNCIA DUPLA FUM\u00ca DELLO - Metta Papelaria","og_description":"J\u00e1 se pegou na situa\u00e7\u00e3o de perder muito tempo na busca de um documento que deveria estar \u00e1 m\u00e3o e n\u00e3o conseguir encontra-lo por nada!?...","og_url":"https:\/\/mettapapelaria.com.br\/catalogo\/produto\/caixa-de-correspondencia-dupla-fume-dello\/","og_site_name":"Metta Papelaria","article_publisher":"https:\/\/www.facebook.com\/mettapapelaria\/","og_image":[{"width":1080,"height":1080,"url":"https:\/\/mettapapelaria.com.br\/catalogo\/wp-content\/uploads\/2022\/12\/CAIXA-DE-CORRESPONDENCIA-DUPLA-FUME-DELLO.jpg","type":"image\/jpeg"}],"twitter_card":"summary_large_image","twitter_misc":{"Est. tempo de leitura":"1 minuto"},"schema":{"@context":"https:\/\/schema.org","@graph":[{"@type":"WebPage","@id":"https:\/\/mettapapelaria.com.br\/catalogo\/produto\/caixa-de-correspondencia-dupla-fume-dello\/","url":"https:\/\/mettapapelaria.com.br\/catalogo\/produto\/caixa-de-correspondencia-dupla-fume-dello\/","name":"CAIXA DE CORRESPOND\u00caNCIA DUPLA FUM\u00ca DELLO - Metta Papelaria","isPartOf":{"@id":"https:\/\/mettapapelaria.com.br\/catalogo\/#website"},"primaryImageOfPage":{"@id":"https:\/\/mettapapelaria.com.br\/catalogo\/produto\/caixa-de-correspondencia-dupla-fume-dello\/#primaryimage"},"image":{"@id":"https:\/\/mettapapelaria.com.br\/catalogo\/produto\/caixa-de-correspondencia-dupla-fume-dello\/#primaryimage"},"thumbnailUrl":"https:\/\/mettapapelaria.com.br\/catalogo\/wp-content\/uploads\/2022\/12\/CAIXA-DE-CORRESPONDENCIA-DUPLA-FUME-DELLO.jpg","datePublished":"2022-12-06T20:08:34+00:00","breadcrumb":{"@id":"https:\/\/mettapapelaria.com.br\/catalogo\/produto\/caixa-de-correspondencia-dupla-fume-dello\/#breadcrumb"},"inLanguage":"pt-BR","potentialAction":[{"@type":"ReadAction","target":["https:\/\/mettapapelaria.com.br\/catalogo\/produto\/caixa-de-correspondencia-dupla-fume-dello\/"]}]},{"@type":"ImageObject","inLanguage":"pt-BR","@id":"https:\/\/mettapapelaria.com.br\/catalogo\/produto\/caixa-de-correspondencia-dupla-fume-dello\/#primaryimage","url":"https:\/\/mettapapelaria.com.br\/catalogo\/wp-content\/uploads\/2022\/12\/CAIXA-DE-CORRESPONDENCIA-DUPLA-FUME-DELLO.jpg","contentUrl":"https:\/\/mettapapelaria.com.br\/catalogo\/wp-content\/uploads\/2022\/12\/CAIXA-DE-CORRESPONDENCIA-DUPLA-FUME-DELLO.jpg","width":1080,"height":1080,"caption":"CAIXA DE CORRESPOND\u00caNCIA DUPLA FUM\u00ca DELLO"},{"@type":"BreadcrumbList","@id":"https:\/\/mettapapelaria.com.br\/catalogo\/produto\/caixa-de-correspondencia-dupla-fume-dello\/#breadcrumb","itemListElement":[{"@type":"ListItem","position":1,"name":"In\u00edcio","item":"https:\/\/mettapapelaria.com.br\/catalogo\/"},{"@type":"ListItem","position":2,"name":"Shop","item":"https:\/\/mettapapelaria.com.br\/catalogo\/shop\/"},{"@type":"ListItem","position":3,"name":"CAIXA DE CORRESPOND\u00caNCIA DUPLA FUM\u00ca DELLO"}]},{"@type":"WebSite","@id":"https:\/\/mettapapelaria.com.br\/catalogo\/#website","url":"https:\/\/mettapapelaria.com.br\/catalogo\/","name":"Metta Papelaria","description":"Materiais e equipamentos de escrit\u00f3rio, suprimentos para inform\u00e1tica, e uma diversificada linha de material escolar","publisher":{"@id":"https:\/\/mettapapelaria.com.br\/catalogo\/#organization"},"potentialAction":[{"@type":"SearchAction","target":{"@type":"EntryPoint","urlTemplate":"https:\/\/mettapapelaria.com.br\/catalogo\/?s={search_term_string}"},"query-input":{"@type":"PropertyValueSpecification","valueRequired":true,"valueName":"search_term_string"}}],"inLanguage":"pt-BR"},{"@type":"Organization","@id":"https:\/\/mettapapelaria.com.br\/catalogo\/#organization","name":"Metta Papelaria","url":"https:\/\/mettapapelaria.com.br\/catalogo\/","logo":{"@type":"ImageObject","inLanguage":"pt-BR","@id":"https:\/\/mettapapelaria.com.br\/catalogo\/#\/schema\/logo\/image\/","url":"https:\/\/mettapapelaria.com.br\/catalogo\/wp-content\/uploads\/2023\/12\/cropped-favicon-Metta_512-1.png","contentUrl":"https:\/\/mettapapelaria.com.br\/catalogo\/wp-content\/uploads\/2023\/12\/cropped-favicon-Metta_512-1.png","width":512,"height":512,"caption":"Metta Papelaria"},"image":{"@id":"https:\/\/mettapapelaria.com.br\/catalogo\/#\/schema\/logo\/image\/"},"sameAs":["https:\/\/www.facebook.com\/mettapapelaria\/","https:\/\/www.instagram.com\/papelariametta\/"]}]}},"_links":{"self":[{"href":"https:\/\/mettapapelaria.com.br\/catalogo\/wp-json\/wp\/v2\/product\/2318","targetHints":{"allow":["GET"]}}],"collection":[{"href":"https:\/\/mettapapelaria.com.br\/catalogo\/wp-json\/wp\/v2\/product"}],"about":[{"href":"https:\/\/mettapapelaria.com.br\/catalogo\/wp-json\/wp\/v2\/types\/product"}],"replies":[{"embeddable":true,"href":"https:\/\/mettapapelaria.com.br\/catalogo\/wp-json\/wp\/v2\/comments?post=2318"}],"version-history":[{"count":0,"href":"https:\/\/mettapapelaria.com.br\/catalogo\/wp-json\/wp\/v2\/product\/2318\/revisions"}],"wp:featuredmedia":[{"embeddable":true,"href":"https:\/\/mettapapelaria.com.br\/catalogo\/wp-json\/wp\/v2\/media\/2316"}],"wp:attachment":[{"href":"https:\/\/mettapapelaria.com.br\/catalogo\/wp-json\/wp\/v2\/media?parent=2318"}],"wp:term":[{"taxonomy":"brand","embeddable":true,"href":"https:\/\/mettapapelaria.com.br\/catalogo\/wp-json\/wp\/v2\/etheme_brands?post=2318"},{"taxonomy":"product_brand","embeddable":true,"href":"https:\/\/mettapapelaria.com.br\/catalogo\/wp-json\/wp\/v2\/product_brand?post=2318"},{"taxonomy":"product_cat","embeddable":true,"href":"https:\/\/mettapapelaria.com.br\/catalogo\/wp-json\/wp\/v2\/product_cat?post=2318"},{"taxonomy":"product_tag","embeddable":true,"href":"https:\/\/mettapapelaria.com.br\/catalogo\/wp-json\/wp\/v2\/product_tag?post=2318"}],"curies":[{"name":"wp","href":"https:\/\/api.w.org\/{rel}","templated":true}]}}