{"id":2300,"date":"2022-12-06T14:07:39","date_gmt":"2022-12-06T17:07:39","guid":{"rendered":"https:\/\/mettapapelaria.com.br\/catalogo\/produto\/pasta-suspensa-marmorizada-dello\/"},"modified":"2022-12-06T14:07:39","modified_gmt":"2022-12-06T17:07:39","slug":"pasta-suspensa-marmorizada-dello","status":"publish","type":"product","link":"https:\/\/mettapapelaria.com.br\/catalogo\/produto\/pasta-suspensa-marmorizada-dello\/","title":{"rendered":"PASTA SUSPENSA MARMORIZADA DELLO"},"content":{"rendered":"<h4><span style=\"font-family: Arial;\">Pasta suspensa em cart\u00e3o marmorizado (305g\/m\u00b2). Acompanha visor e etiqueta, grampo pl\u00e1stico e hastes de arame com ponteira pl\u00e1stica.<\/span><\/h4>\n<h4><span style=\"font-family: Arial; font-weight: bold;\">Diferenciais:<\/span><\/h4>\n<h4>\n<ul>\n<li><span style=\"font-family: Arial;\">Abas coladas.<\/span><\/li>\n<li><span style=\"font-family: Arial;\">Possui 8 posi\u00e7\u00f5es para grampo e 2 posi\u00e7\u00f5es para arquivo de saco pl\u00e1stico. Arquiva dois ou mais documentos na mesma pasta.<\/span><\/li>\n<li><span style=\"font-family: Arial;\">Visor flex\u00edvel em PP com espessura de 0,15mm.<\/span><\/li>\n<li><span style=\"font-family: Arial;\">Visualiza\u00e7\u00e3o de documentos e sistema de circula\u00e7\u00e3o de ar dentro da pasta, atrav\u00e9s de furo central.<\/span><\/li>\n<li><span style=\"font-family: Arial;\">Hastes e grampos reciclados. Produto ecologicamente correto.<\/span><\/li>\n<li><span style=\"font-family: Arial;\">Vinco marcador de p\u00e1ginas.<\/span><\/li>\n<li><span style=\"font-family: Arial;\">Suporte para an\u00e1lise de documentos dentro do arquivo.<\/span><\/li>\n<li><span style=\"font-family: Arial;\">Transforma-se em mesa de apoio de documentos sobre arquivos de pastas suspensas.<\/span><\/li>\n<li><span style=\"font-family: Arial;\">Possui certificado de qualidade.<\/span><\/li>\n<li><span style=\"font-family: Arial;\">Peso: 0.089 kg<\/span><\/li>\n<li><span style=\"font-family: Arial;\">Dimens\u00f5es: 361 \u00d7 240 mm<\/span><\/li>\n<li><span style=\"font-family: Arial;\">Gramatura: 305g\/m\u00b2<\/span><\/li>\n<li><span style=\"font-family: Arial;\">Espessura: 0,31<\/span><\/li>\n<\/ul>\n<\/h4>\n","protected":false},"excerpt":{"rendered":"<p>Pasta suspensa em cart\u00e3o marmorizado (305g\/m\u00b2). Acompanha visor e etiqueta, grampo pl\u00e1stico e hastes de arame com ponteira pl\u00e1stica. Diferenciais: Abas coladas. Possui 8 posi\u00e7\u00f5es&#8230;<\/p>\n","protected":false},"featured_media":2298,"comment_status":"open","ping_status":"closed","template":"","meta":[],"etheme_brands":[],"product_brand":[],"product_cat":[25,147],"product_tag":[],"class_list":{"0":"post-2300","1":"product","2":"type-product","3":"status-publish","4":"has-post-thumbnail","6":"product_cat-material","7":"product_cat-pastas-suspensas","9":"first","10":"instock","11":"sold-individually","12":"shipping-taxable","13":"purchasable","14":"product-type-simple"},"yoast_head":"<!-- This site is optimized with the Yoast SEO plugin v26.9 - https:\/\/yoast.com\/product\/yoast-seo-wordpress\/ -->\n<title>PASTA SUSPENSA MARMORIZADA DELLO - Metta Papelaria<\/title>\n<meta name=\"robots\" content=\"index, follow, max-snippet:-1, max-image-preview:large, max-video-preview:-1\" \/>\n<link rel=\"canonical\" href=\"https:\/\/mettapapelaria.com.br\/catalogo\/produto\/pasta-suspensa-marmorizada-dello\/\" \/>\n<meta property=\"og:locale\" content=\"pt_BR\" \/>\n<meta property=\"og:type\" content=\"article\" \/>\n<meta property=\"og:title\" content=\"PASTA SUSPENSA MARMORIZADA DELLO - Metta Papelaria\" \/>\n<meta property=\"og:description\" content=\"Pasta suspensa em cart\u00e3o marmorizado (305g\/m\u00b2). Acompanha visor e etiqueta, grampo pl\u00e1stico e hastes de arame com ponteira pl\u00e1stica. Diferenciais: Abas coladas. Possui 8 posi\u00e7\u00f5es...\" \/>\n<meta property=\"og:url\" content=\"https:\/\/mettapapelaria.com.br\/catalogo\/produto\/pasta-suspensa-marmorizada-dello\/\" \/>\n<meta property=\"og:site_name\" content=\"Metta Papelaria\" \/>\n<meta property=\"article:publisher\" content=\"https:\/\/www.facebook.com\/mettapapelaria\/\" \/>\n<meta property=\"og:image\" content=\"https:\/\/mettapapelaria.com.br\/catalogo\/wp-content\/uploads\/2022\/12\/PASTA-SUSPENSA-MARMORIZADA-PLASTIFICADA-DELLO.jpg\" \/>\n\t<meta property=\"og:image:width\" content=\"1080\" \/>\n\t<meta property=\"og:image:height\" content=\"1080\" \/>\n\t<meta property=\"og:image:type\" content=\"image\/jpeg\" \/>\n<meta name=\"twitter:card\" content=\"summary_large_image\" \/>\n<meta name=\"twitter:label1\" content=\"Est. tempo de leitura\" \/>\n\t<meta name=\"twitter:data1\" content=\"1 minuto\" \/>\n<script type=\"application\/ld+json\" class=\"yoast-schema-graph\">{\"@context\":\"https:\/\/schema.org\",\"@graph\":[{\"@type\":\"WebPage\",\"@id\":\"https:\/\/mettapapelaria.com.br\/catalogo\/produto\/pasta-suspensa-marmorizada-dello\/\",\"url\":\"https:\/\/mettapapelaria.com.br\/catalogo\/produto\/pasta-suspensa-marmorizada-dello\/\",\"name\":\"PASTA SUSPENSA MARMORIZADA DELLO - Metta Papelaria\",\"isPartOf\":{\"@id\":\"https:\/\/mettapapelaria.com.br\/catalogo\/#website\"},\"primaryImageOfPage\":{\"@id\":\"https:\/\/mettapapelaria.com.br\/catalogo\/produto\/pasta-suspensa-marmorizada-dello\/#primaryimage\"},\"image\":{\"@id\":\"https:\/\/mettapapelaria.com.br\/catalogo\/produto\/pasta-suspensa-marmorizada-dello\/#primaryimage\"},\"thumbnailUrl\":\"https:\/\/mettapapelaria.com.br\/catalogo\/wp-content\/uploads\/2022\/12\/PASTA-SUSPENSA-MARMORIZADA-PLASTIFICADA-DELLO.jpg\",\"datePublished\":\"2022-12-06T17:07:39+00:00\",\"breadcrumb\":{\"@id\":\"https:\/\/mettapapelaria.com.br\/catalogo\/produto\/pasta-suspensa-marmorizada-dello\/#breadcrumb\"},\"inLanguage\":\"pt-BR\",\"potentialAction\":[{\"@type\":\"ReadAction\",\"target\":[\"https:\/\/mettapapelaria.com.br\/catalogo\/produto\/pasta-suspensa-marmorizada-dello\/\"]}]},{\"@type\":\"ImageObject\",\"inLanguage\":\"pt-BR\",\"@id\":\"https:\/\/mettapapelaria.com.br\/catalogo\/produto\/pasta-suspensa-marmorizada-dello\/#primaryimage\",\"url\":\"https:\/\/mettapapelaria.com.br\/catalogo\/wp-content\/uploads\/2022\/12\/PASTA-SUSPENSA-MARMORIZADA-PLASTIFICADA-DELLO.jpg\",\"contentUrl\":\"https:\/\/mettapapelaria.com.br\/catalogo\/wp-content\/uploads\/2022\/12\/PASTA-SUSPENSA-MARMORIZADA-PLASTIFICADA-DELLO.jpg\",\"width\":1080,\"height\":1080,\"caption\":\"PASTA SUSPENSA MARMORIZADA PLASTIFICADA DELLO\"},{\"@type\":\"BreadcrumbList\",\"@id\":\"https:\/\/mettapapelaria.com.br\/catalogo\/produto\/pasta-suspensa-marmorizada-dello\/#breadcrumb\",\"itemListElement\":[{\"@type\":\"ListItem\",\"position\":1,\"name\":\"In\u00edcio\",\"item\":\"https:\/\/mettapapelaria.com.br\/catalogo\/\"},{\"@type\":\"ListItem\",\"position\":2,\"name\":\"Shop\",\"item\":\"https:\/\/mettapapelaria.com.br\/catalogo\/shop\/\"},{\"@type\":\"ListItem\",\"position\":3,\"name\":\"PASTA SUSPENSA MARMORIZADA DELLO\"}]},{\"@type\":\"WebSite\",\"@id\":\"https:\/\/mettapapelaria.com.br\/catalogo\/#website\",\"url\":\"https:\/\/mettapapelaria.com.br\/catalogo\/\",\"name\":\"Metta Papelaria\",\"description\":\"Materiais e equipamentos de escrit\u00f3rio, suprimentos para inform\u00e1tica, e uma diversificada linha de material escolar\",\"publisher\":{\"@id\":\"https:\/\/mettapapelaria.com.br\/catalogo\/#organization\"},\"potentialAction\":[{\"@type\":\"SearchAction\",\"target\":{\"@type\":\"EntryPoint\",\"urlTemplate\":\"https:\/\/mettapapelaria.com.br\/catalogo\/?s={search_term_string}\"},\"query-input\":{\"@type\":\"PropertyValueSpecification\",\"valueRequired\":true,\"valueName\":\"search_term_string\"}}],\"inLanguage\":\"pt-BR\"},{\"@type\":\"Organization\",\"@id\":\"https:\/\/mettapapelaria.com.br\/catalogo\/#organization\",\"name\":\"Metta Papelaria\",\"url\":\"https:\/\/mettapapelaria.com.br\/catalogo\/\",\"logo\":{\"@type\":\"ImageObject\",\"inLanguage\":\"pt-BR\",\"@id\":\"https:\/\/mettapapelaria.com.br\/catalogo\/#\/schema\/logo\/image\/\",\"url\":\"https:\/\/mettapapelaria.com.br\/catalogo\/wp-content\/uploads\/2023\/12\/cropped-favicon-Metta_512-1.png\",\"contentUrl\":\"https:\/\/mettapapelaria.com.br\/catalogo\/wp-content\/uploads\/2023\/12\/cropped-favicon-Metta_512-1.png\",\"width\":512,\"height\":512,\"caption\":\"Metta Papelaria\"},\"image\":{\"@id\":\"https:\/\/mettapapelaria.com.br\/catalogo\/#\/schema\/logo\/image\/\"},\"sameAs\":[\"https:\/\/www.facebook.com\/mettapapelaria\/\",\"https:\/\/www.instagram.com\/papelariametta\/\"]}]}<\/script>\n<!-- \/ Yoast SEO plugin. -->","yoast_head_json":{"title":"PASTA SUSPENSA MARMORIZADA DELLO - Metta Papelaria","robots":{"index":"index","follow":"follow","max-snippet":"max-snippet:-1","max-image-preview":"max-image-preview:large","max-video-preview":"max-video-preview:-1"},"canonical":"https:\/\/mettapapelaria.com.br\/catalogo\/produto\/pasta-suspensa-marmorizada-dello\/","og_locale":"pt_BR","og_type":"article","og_title":"PASTA SUSPENSA MARMORIZADA DELLO - Metta Papelaria","og_description":"Pasta suspensa em cart\u00e3o marmorizado (305g\/m\u00b2). Acompanha visor e etiqueta, grampo pl\u00e1stico e hastes de arame com ponteira pl\u00e1stica. Diferenciais: Abas coladas. Possui 8 posi\u00e7\u00f5es...","og_url":"https:\/\/mettapapelaria.com.br\/catalogo\/produto\/pasta-suspensa-marmorizada-dello\/","og_site_name":"Metta Papelaria","article_publisher":"https:\/\/www.facebook.com\/mettapapelaria\/","og_image":[{"width":1080,"height":1080,"url":"https:\/\/mettapapelaria.com.br\/catalogo\/wp-content\/uploads\/2022\/12\/PASTA-SUSPENSA-MARMORIZADA-PLASTIFICADA-DELLO.jpg","type":"image\/jpeg"}],"twitter_card":"summary_large_image","twitter_misc":{"Est. tempo de leitura":"1 minuto"},"schema":{"@context":"https:\/\/schema.org","@graph":[{"@type":"WebPage","@id":"https:\/\/mettapapelaria.com.br\/catalogo\/produto\/pasta-suspensa-marmorizada-dello\/","url":"https:\/\/mettapapelaria.com.br\/catalogo\/produto\/pasta-suspensa-marmorizada-dello\/","name":"PASTA SUSPENSA MARMORIZADA DELLO - Metta Papelaria","isPartOf":{"@id":"https:\/\/mettapapelaria.com.br\/catalogo\/#website"},"primaryImageOfPage":{"@id":"https:\/\/mettapapelaria.com.br\/catalogo\/produto\/pasta-suspensa-marmorizada-dello\/#primaryimage"},"image":{"@id":"https:\/\/mettapapelaria.com.br\/catalogo\/produto\/pasta-suspensa-marmorizada-dello\/#primaryimage"},"thumbnailUrl":"https:\/\/mettapapelaria.com.br\/catalogo\/wp-content\/uploads\/2022\/12\/PASTA-SUSPENSA-MARMORIZADA-PLASTIFICADA-DELLO.jpg","datePublished":"2022-12-06T17:07:39+00:00","breadcrumb":{"@id":"https:\/\/mettapapelaria.com.br\/catalogo\/produto\/pasta-suspensa-marmorizada-dello\/#breadcrumb"},"inLanguage":"pt-BR","potentialAction":[{"@type":"ReadAction","target":["https:\/\/mettapapelaria.com.br\/catalogo\/produto\/pasta-suspensa-marmorizada-dello\/"]}]},{"@type":"ImageObject","inLanguage":"pt-BR","@id":"https:\/\/mettapapelaria.com.br\/catalogo\/produto\/pasta-suspensa-marmorizada-dello\/#primaryimage","url":"https:\/\/mettapapelaria.com.br\/catalogo\/wp-content\/uploads\/2022\/12\/PASTA-SUSPENSA-MARMORIZADA-PLASTIFICADA-DELLO.jpg","contentUrl":"https:\/\/mettapapelaria.com.br\/catalogo\/wp-content\/uploads\/2022\/12\/PASTA-SUSPENSA-MARMORIZADA-PLASTIFICADA-DELLO.jpg","width":1080,"height":1080,"caption":"PASTA SUSPENSA MARMORIZADA PLASTIFICADA DELLO"},{"@type":"BreadcrumbList","@id":"https:\/\/mettapapelaria.com.br\/catalogo\/produto\/pasta-suspensa-marmorizada-dello\/#breadcrumb","itemListElement":[{"@type":"ListItem","position":1,"name":"In\u00edcio","item":"https:\/\/mettapapelaria.com.br\/catalogo\/"},{"@type":"ListItem","position":2,"name":"Shop","item":"https:\/\/mettapapelaria.com.br\/catalogo\/shop\/"},{"@type":"ListItem","position":3,"name":"PASTA SUSPENSA MARMORIZADA DELLO"}]},{"@type":"WebSite","@id":"https:\/\/mettapapelaria.com.br\/catalogo\/#website","url":"https:\/\/mettapapelaria.com.br\/catalogo\/","name":"Metta Papelaria","description":"Materiais e equipamentos de escrit\u00f3rio, suprimentos para inform\u00e1tica, e uma diversificada linha de material escolar","publisher":{"@id":"https:\/\/mettapapelaria.com.br\/catalogo\/#organization"},"potentialAction":[{"@type":"SearchAction","target":{"@type":"EntryPoint","urlTemplate":"https:\/\/mettapapelaria.com.br\/catalogo\/?s={search_term_string}"},"query-input":{"@type":"PropertyValueSpecification","valueRequired":true,"valueName":"search_term_string"}}],"inLanguage":"pt-BR"},{"@type":"Organization","@id":"https:\/\/mettapapelaria.com.br\/catalogo\/#organization","name":"Metta Papelaria","url":"https:\/\/mettapapelaria.com.br\/catalogo\/","logo":{"@type":"ImageObject","inLanguage":"pt-BR","@id":"https:\/\/mettapapelaria.com.br\/catalogo\/#\/schema\/logo\/image\/","url":"https:\/\/mettapapelaria.com.br\/catalogo\/wp-content\/uploads\/2023\/12\/cropped-favicon-Metta_512-1.png","contentUrl":"https:\/\/mettapapelaria.com.br\/catalogo\/wp-content\/uploads\/2023\/12\/cropped-favicon-Metta_512-1.png","width":512,"height":512,"caption":"Metta Papelaria"},"image":{"@id":"https:\/\/mettapapelaria.com.br\/catalogo\/#\/schema\/logo\/image\/"},"sameAs":["https:\/\/www.facebook.com\/mettapapelaria\/","https:\/\/www.instagram.com\/papelariametta\/"]}]}},"_links":{"self":[{"href":"https:\/\/mettapapelaria.com.br\/catalogo\/wp-json\/wp\/v2\/product\/2300","targetHints":{"allow":["GET"]}}],"collection":[{"href":"https:\/\/mettapapelaria.com.br\/catalogo\/wp-json\/wp\/v2\/product"}],"about":[{"href":"https:\/\/mettapapelaria.com.br\/catalogo\/wp-json\/wp\/v2\/types\/product"}],"replies":[{"embeddable":true,"href":"https:\/\/mettapapelaria.com.br\/catalogo\/wp-json\/wp\/v2\/comments?post=2300"}],"version-history":[{"count":0,"href":"https:\/\/mettapapelaria.com.br\/catalogo\/wp-json\/wp\/v2\/product\/2300\/revisions"}],"wp:featuredmedia":[{"embeddable":true,"href":"https:\/\/mettapapelaria.com.br\/catalogo\/wp-json\/wp\/v2\/media\/2298"}],"wp:attachment":[{"href":"https:\/\/mettapapelaria.com.br\/catalogo\/wp-json\/wp\/v2\/media?parent=2300"}],"wp:term":[{"taxonomy":"brand","embeddable":true,"href":"https:\/\/mettapapelaria.com.br\/catalogo\/wp-json\/wp\/v2\/etheme_brands?post=2300"},{"taxonomy":"product_brand","embeddable":true,"href":"https:\/\/mettapapelaria.com.br\/catalogo\/wp-json\/wp\/v2\/product_brand?post=2300"},{"taxonomy":"product_cat","embeddable":true,"href":"https:\/\/mettapapelaria.com.br\/catalogo\/wp-json\/wp\/v2\/product_cat?post=2300"},{"taxonomy":"product_tag","embeddable":true,"href":"https:\/\/mettapapelaria.com.br\/catalogo\/wp-json\/wp\/v2\/product_tag?post=2300"}],"curies":[{"name":"wp","href":"https:\/\/api.w.org\/{rel}","templated":true}]}}