{"id":2183,"date":"2022-12-01T13:45:07","date_gmt":"2022-12-01T16:45:07","guid":{"rendered":"https:\/\/mettapapelaria.com.br\/catalogo\/produto\/fita-adesiva-de-papel-3777-grossa-scotch-3m\/"},"modified":"2022-12-01T13:45:07","modified_gmt":"2022-12-01T16:45:07","slug":"fita-adesiva-de-papel-3777-grossa-scotch-3m","status":"publish","type":"product","link":"https:\/\/mettapapelaria.com.br\/catalogo\/produto\/fita-adesiva-de-papel-3777-grossa-scotch-3m\/","title":{"rendered":"FITA ADESIVA DE PAPEL 3777 GROSSA SCOTCH 3M"},"content":{"rendered":"<h4><span style=\"font-family: Arial; font-weight: bold;\">APLICA\u00c7\u00d5ES:<\/span><\/h4>\n<h4>\n<ul>\n<li><span style=\"font-family: Arial;\">Fechamento de caixas para empacotamento;<\/span><\/li>\n<li><span style=\"font-family: Arial;\">Refor\u00e7o de caixas e pacotes;<\/span><\/li>\n<li><span style=\"font-family: Arial;\">Empacotamento em geral;<\/span><\/li>\n<li><span style=\"font-family: Arial;\">Al\u00e9m da aplica\u00e7\u00e3o manual, esta fita tamb\u00e9m pode ser aplicada por aparelhos dispensadores manuais semi-autom\u00e1ticos e autom\u00e1ticos.<\/span><\/li>\n<\/ul>\n<\/h4>\n<h4><span style=\"font-family: Arial; font-weight: bold;\">INFORMA\u00c7\u00d5ES T\u00c9CNICAS:<\/span><\/h4>\n<h4>\n<ul>\n<li><span style=\"font-family: Arial;\">A aplica\u00e7\u00e3o da fita \u00e9 facilitada se for feita a temperatura ambiente (25\u00baC). Temperaturas muito baixas ou muito altas causam, respectivamente, endurecimento e amolecimento do adesivo.<\/span><\/li>\n<li><span style=\"font-family: Arial;\">O adesivo \u00e0 base de resina e borracha sint\u00e9tica, possui alta resist\u00eancia ao cisalhamento, \u00e9 sens\u00edvel a press\u00e3o.<\/span><\/li>\n<li><span style=\"font-family: Arial;\">Pode ser impressa pelo m\u00e9todo flexogr\u00e1fico.<\/span><\/li>\n<\/ul>\n<\/h4>\n<h4><span style=\"font-family: Arial; font-weight: bold;\">PROPRIEDADES F\u00cdSICAS:<\/span><\/h4>\n<h4>\n<ul>\n<li><span style=\"font-family: Arial;\">DORSO: Papel kraft especialmente tratado sem o uso de solventes.<\/span><\/li>\n<li><span style=\"font-family: Arial;\">ADESIVO: \u00c0 base de resina e borracha sint\u00e9ticas, sens\u00edvel a press\u00e3o.<\/span><\/li>\n<li><span style=\"font-family: Arial; color: inherit;\">Espessura total: 0,16 mm<\/span><\/li>\n<li><span style=\"font-family: Arial;\">Alongamento da ruptura: 3,2 %<\/span><\/li>\n<li><span style=\"font-family: Arial;\">Desenrolamento: 340 gf\/12mm de largura (28 N\/100mm de largura) \u2013 m\u00e1ximo<\/span><\/li>\n<\/ul>\n<\/h4>\n","protected":false},"excerpt":{"rendered":"<p>APLICA\u00c7\u00d5ES: Fechamento de caixas para empacotamento; Refor\u00e7o de caixas e pacotes; Empacotamento em geral; Al\u00e9m da aplica\u00e7\u00e3o manual, esta fita tamb\u00e9m pode ser aplicada por&#8230;<\/p>\n","protected":false},"featured_media":2181,"comment_status":"open","ping_status":"closed","template":"","meta":[],"etheme_brands":[],"product_brand":[],"product_cat":[60,119,120,25],"product_tag":[],"class_list":{"0":"post-2183","1":"product","2":"type-product","3":"status-publish","4":"has-post-thumbnail","6":"product_cat-fitas-adesivas","7":"product_cat-fitas-adesivasa","8":"product_cat-fitas-adesivass","9":"product_cat-material","11":"first","12":"instock","13":"sold-individually","14":"shipping-taxable","15":"purchasable","16":"product-type-simple"},"yoast_head":"<!-- This site is optimized with the Yoast SEO plugin v26.9 - https:\/\/yoast.com\/product\/yoast-seo-wordpress\/ -->\n<title>FITA ADESIVA DE PAPEL 3777 GROSSA SCOTCH 3M - Metta Papelaria<\/title>\n<meta name=\"robots\" content=\"index, follow, max-snippet:-1, max-image-preview:large, max-video-preview:-1\" \/>\n<link rel=\"canonical\" href=\"https:\/\/mettapapelaria.com.br\/catalogo\/produto\/fita-adesiva-de-papel-3777-grossa-scotch-3m\/\" \/>\n<meta property=\"og:locale\" content=\"pt_BR\" \/>\n<meta property=\"og:type\" content=\"article\" \/>\n<meta property=\"og:title\" content=\"FITA ADESIVA DE PAPEL 3777 GROSSA SCOTCH 3M - Metta Papelaria\" \/>\n<meta property=\"og:description\" content=\"APLICA\u00c7\u00d5ES: Fechamento de caixas para empacotamento; Refor\u00e7o de caixas e pacotes; Empacotamento em geral; Al\u00e9m da aplica\u00e7\u00e3o manual, esta fita tamb\u00e9m pode ser aplicada por...\" \/>\n<meta property=\"og:url\" content=\"https:\/\/mettapapelaria.com.br\/catalogo\/produto\/fita-adesiva-de-papel-3777-grossa-scotch-3m\/\" \/>\n<meta property=\"og:site_name\" content=\"Metta Papelaria\" \/>\n<meta property=\"article:publisher\" content=\"https:\/\/www.facebook.com\/mettapapelaria\/\" \/>\n<meta property=\"og:image\" content=\"https:\/\/mettapapelaria.com.br\/catalogo\/wp-content\/uploads\/2022\/12\/FITA-ADESIVA-DE-PAPEL-3777-GROSSA-SCOTCH-3M.jpg\" \/>\n\t<meta property=\"og:image:width\" content=\"1080\" \/>\n\t<meta property=\"og:image:height\" content=\"1080\" \/>\n\t<meta property=\"og:image:type\" content=\"image\/jpeg\" \/>\n<meta name=\"twitter:card\" content=\"summary_large_image\" \/>\n<meta name=\"twitter:label1\" content=\"Est. tempo de leitura\" \/>\n\t<meta name=\"twitter:data1\" content=\"1 minuto\" \/>\n<script type=\"application\/ld+json\" class=\"yoast-schema-graph\">{\"@context\":\"https:\/\/schema.org\",\"@graph\":[{\"@type\":\"WebPage\",\"@id\":\"https:\/\/mettapapelaria.com.br\/catalogo\/produto\/fita-adesiva-de-papel-3777-grossa-scotch-3m\/\",\"url\":\"https:\/\/mettapapelaria.com.br\/catalogo\/produto\/fita-adesiva-de-papel-3777-grossa-scotch-3m\/\",\"name\":\"FITA ADESIVA DE PAPEL 3777 GROSSA SCOTCH 3M - Metta Papelaria\",\"isPartOf\":{\"@id\":\"https:\/\/mettapapelaria.com.br\/catalogo\/#website\"},\"primaryImageOfPage\":{\"@id\":\"https:\/\/mettapapelaria.com.br\/catalogo\/produto\/fita-adesiva-de-papel-3777-grossa-scotch-3m\/#primaryimage\"},\"image\":{\"@id\":\"https:\/\/mettapapelaria.com.br\/catalogo\/produto\/fita-adesiva-de-papel-3777-grossa-scotch-3m\/#primaryimage\"},\"thumbnailUrl\":\"https:\/\/mettapapelaria.com.br\/catalogo\/wp-content\/uploads\/2022\/12\/FITA-ADESIVA-DE-PAPEL-3777-GROSSA-SCOTCH-3M.jpg\",\"datePublished\":\"2022-12-01T16:45:07+00:00\",\"breadcrumb\":{\"@id\":\"https:\/\/mettapapelaria.com.br\/catalogo\/produto\/fita-adesiva-de-papel-3777-grossa-scotch-3m\/#breadcrumb\"},\"inLanguage\":\"pt-BR\",\"potentialAction\":[{\"@type\":\"ReadAction\",\"target\":[\"https:\/\/mettapapelaria.com.br\/catalogo\/produto\/fita-adesiva-de-papel-3777-grossa-scotch-3m\/\"]}]},{\"@type\":\"ImageObject\",\"inLanguage\":\"pt-BR\",\"@id\":\"https:\/\/mettapapelaria.com.br\/catalogo\/produto\/fita-adesiva-de-papel-3777-grossa-scotch-3m\/#primaryimage\",\"url\":\"https:\/\/mettapapelaria.com.br\/catalogo\/wp-content\/uploads\/2022\/12\/FITA-ADESIVA-DE-PAPEL-3777-GROSSA-SCOTCH-3M.jpg\",\"contentUrl\":\"https:\/\/mettapapelaria.com.br\/catalogo\/wp-content\/uploads\/2022\/12\/FITA-ADESIVA-DE-PAPEL-3777-GROSSA-SCOTCH-3M.jpg\",\"width\":1080,\"height\":1080,\"caption\":\"FITA ADESIVA DE PAPEL 3777 GROSSA SCOTCH 3M\"},{\"@type\":\"BreadcrumbList\",\"@id\":\"https:\/\/mettapapelaria.com.br\/catalogo\/produto\/fita-adesiva-de-papel-3777-grossa-scotch-3m\/#breadcrumb\",\"itemListElement\":[{\"@type\":\"ListItem\",\"position\":1,\"name\":\"In\u00edcio\",\"item\":\"https:\/\/mettapapelaria.com.br\/catalogo\/\"},{\"@type\":\"ListItem\",\"position\":2,\"name\":\"Shop\",\"item\":\"https:\/\/mettapapelaria.com.br\/catalogo\/shop\/\"},{\"@type\":\"ListItem\",\"position\":3,\"name\":\"FITA ADESIVA DE PAPEL 3777 GROSSA SCOTCH 3M\"}]},{\"@type\":\"WebSite\",\"@id\":\"https:\/\/mettapapelaria.com.br\/catalogo\/#website\",\"url\":\"https:\/\/mettapapelaria.com.br\/catalogo\/\",\"name\":\"Metta Papelaria\",\"description\":\"Materiais e equipamentos de escrit\u00f3rio, suprimentos para inform\u00e1tica, e uma diversificada linha de material escolar\",\"publisher\":{\"@id\":\"https:\/\/mettapapelaria.com.br\/catalogo\/#organization\"},\"potentialAction\":[{\"@type\":\"SearchAction\",\"target\":{\"@type\":\"EntryPoint\",\"urlTemplate\":\"https:\/\/mettapapelaria.com.br\/catalogo\/?s={search_term_string}\"},\"query-input\":{\"@type\":\"PropertyValueSpecification\",\"valueRequired\":true,\"valueName\":\"search_term_string\"}}],\"inLanguage\":\"pt-BR\"},{\"@type\":\"Organization\",\"@id\":\"https:\/\/mettapapelaria.com.br\/catalogo\/#organization\",\"name\":\"Metta Papelaria\",\"url\":\"https:\/\/mettapapelaria.com.br\/catalogo\/\",\"logo\":{\"@type\":\"ImageObject\",\"inLanguage\":\"pt-BR\",\"@id\":\"https:\/\/mettapapelaria.com.br\/catalogo\/#\/schema\/logo\/image\/\",\"url\":\"https:\/\/mettapapelaria.com.br\/catalogo\/wp-content\/uploads\/2023\/12\/cropped-favicon-Metta_512-1.png\",\"contentUrl\":\"https:\/\/mettapapelaria.com.br\/catalogo\/wp-content\/uploads\/2023\/12\/cropped-favicon-Metta_512-1.png\",\"width\":512,\"height\":512,\"caption\":\"Metta Papelaria\"},\"image\":{\"@id\":\"https:\/\/mettapapelaria.com.br\/catalogo\/#\/schema\/logo\/image\/\"},\"sameAs\":[\"https:\/\/www.facebook.com\/mettapapelaria\/\",\"https:\/\/www.instagram.com\/papelariametta\/\"]}]}<\/script>\n<!-- \/ Yoast SEO plugin. -->","yoast_head_json":{"title":"FITA ADESIVA DE PAPEL 3777 GROSSA SCOTCH 3M - Metta Papelaria","robots":{"index":"index","follow":"follow","max-snippet":"max-snippet:-1","max-image-preview":"max-image-preview:large","max-video-preview":"max-video-preview:-1"},"canonical":"https:\/\/mettapapelaria.com.br\/catalogo\/produto\/fita-adesiva-de-papel-3777-grossa-scotch-3m\/","og_locale":"pt_BR","og_type":"article","og_title":"FITA ADESIVA DE PAPEL 3777 GROSSA SCOTCH 3M - Metta Papelaria","og_description":"APLICA\u00c7\u00d5ES: Fechamento de caixas para empacotamento; Refor\u00e7o de caixas e pacotes; Empacotamento em geral; Al\u00e9m da aplica\u00e7\u00e3o manual, esta fita tamb\u00e9m pode ser aplicada por...","og_url":"https:\/\/mettapapelaria.com.br\/catalogo\/produto\/fita-adesiva-de-papel-3777-grossa-scotch-3m\/","og_site_name":"Metta Papelaria","article_publisher":"https:\/\/www.facebook.com\/mettapapelaria\/","og_image":[{"width":1080,"height":1080,"url":"https:\/\/mettapapelaria.com.br\/catalogo\/wp-content\/uploads\/2022\/12\/FITA-ADESIVA-DE-PAPEL-3777-GROSSA-SCOTCH-3M.jpg","type":"image\/jpeg"}],"twitter_card":"summary_large_image","twitter_misc":{"Est. tempo de leitura":"1 minuto"},"schema":{"@context":"https:\/\/schema.org","@graph":[{"@type":"WebPage","@id":"https:\/\/mettapapelaria.com.br\/catalogo\/produto\/fita-adesiva-de-papel-3777-grossa-scotch-3m\/","url":"https:\/\/mettapapelaria.com.br\/catalogo\/produto\/fita-adesiva-de-papel-3777-grossa-scotch-3m\/","name":"FITA ADESIVA DE PAPEL 3777 GROSSA SCOTCH 3M - Metta Papelaria","isPartOf":{"@id":"https:\/\/mettapapelaria.com.br\/catalogo\/#website"},"primaryImageOfPage":{"@id":"https:\/\/mettapapelaria.com.br\/catalogo\/produto\/fita-adesiva-de-papel-3777-grossa-scotch-3m\/#primaryimage"},"image":{"@id":"https:\/\/mettapapelaria.com.br\/catalogo\/produto\/fita-adesiva-de-papel-3777-grossa-scotch-3m\/#primaryimage"},"thumbnailUrl":"https:\/\/mettapapelaria.com.br\/catalogo\/wp-content\/uploads\/2022\/12\/FITA-ADESIVA-DE-PAPEL-3777-GROSSA-SCOTCH-3M.jpg","datePublished":"2022-12-01T16:45:07+00:00","breadcrumb":{"@id":"https:\/\/mettapapelaria.com.br\/catalogo\/produto\/fita-adesiva-de-papel-3777-grossa-scotch-3m\/#breadcrumb"},"inLanguage":"pt-BR","potentialAction":[{"@type":"ReadAction","target":["https:\/\/mettapapelaria.com.br\/catalogo\/produto\/fita-adesiva-de-papel-3777-grossa-scotch-3m\/"]}]},{"@type":"ImageObject","inLanguage":"pt-BR","@id":"https:\/\/mettapapelaria.com.br\/catalogo\/produto\/fita-adesiva-de-papel-3777-grossa-scotch-3m\/#primaryimage","url":"https:\/\/mettapapelaria.com.br\/catalogo\/wp-content\/uploads\/2022\/12\/FITA-ADESIVA-DE-PAPEL-3777-GROSSA-SCOTCH-3M.jpg","contentUrl":"https:\/\/mettapapelaria.com.br\/catalogo\/wp-content\/uploads\/2022\/12\/FITA-ADESIVA-DE-PAPEL-3777-GROSSA-SCOTCH-3M.jpg","width":1080,"height":1080,"caption":"FITA ADESIVA DE PAPEL 3777 GROSSA SCOTCH 3M"},{"@type":"BreadcrumbList","@id":"https:\/\/mettapapelaria.com.br\/catalogo\/produto\/fita-adesiva-de-papel-3777-grossa-scotch-3m\/#breadcrumb","itemListElement":[{"@type":"ListItem","position":1,"name":"In\u00edcio","item":"https:\/\/mettapapelaria.com.br\/catalogo\/"},{"@type":"ListItem","position":2,"name":"Shop","item":"https:\/\/mettapapelaria.com.br\/catalogo\/shop\/"},{"@type":"ListItem","position":3,"name":"FITA ADESIVA DE PAPEL 3777 GROSSA SCOTCH 3M"}]},{"@type":"WebSite","@id":"https:\/\/mettapapelaria.com.br\/catalogo\/#website","url":"https:\/\/mettapapelaria.com.br\/catalogo\/","name":"Metta Papelaria","description":"Materiais e equipamentos de escrit\u00f3rio, suprimentos para inform\u00e1tica, e uma diversificada linha de material escolar","publisher":{"@id":"https:\/\/mettapapelaria.com.br\/catalogo\/#organization"},"potentialAction":[{"@type":"SearchAction","target":{"@type":"EntryPoint","urlTemplate":"https:\/\/mettapapelaria.com.br\/catalogo\/?s={search_term_string}"},"query-input":{"@type":"PropertyValueSpecification","valueRequired":true,"valueName":"search_term_string"}}],"inLanguage":"pt-BR"},{"@type":"Organization","@id":"https:\/\/mettapapelaria.com.br\/catalogo\/#organization","name":"Metta Papelaria","url":"https:\/\/mettapapelaria.com.br\/catalogo\/","logo":{"@type":"ImageObject","inLanguage":"pt-BR","@id":"https:\/\/mettapapelaria.com.br\/catalogo\/#\/schema\/logo\/image\/","url":"https:\/\/mettapapelaria.com.br\/catalogo\/wp-content\/uploads\/2023\/12\/cropped-favicon-Metta_512-1.png","contentUrl":"https:\/\/mettapapelaria.com.br\/catalogo\/wp-content\/uploads\/2023\/12\/cropped-favicon-Metta_512-1.png","width":512,"height":512,"caption":"Metta Papelaria"},"image":{"@id":"https:\/\/mettapapelaria.com.br\/catalogo\/#\/schema\/logo\/image\/"},"sameAs":["https:\/\/www.facebook.com\/mettapapelaria\/","https:\/\/www.instagram.com\/papelariametta\/"]}]}},"_links":{"self":[{"href":"https:\/\/mettapapelaria.com.br\/catalogo\/wp-json\/wp\/v2\/product\/2183","targetHints":{"allow":["GET"]}}],"collection":[{"href":"https:\/\/mettapapelaria.com.br\/catalogo\/wp-json\/wp\/v2\/product"}],"about":[{"href":"https:\/\/mettapapelaria.com.br\/catalogo\/wp-json\/wp\/v2\/types\/product"}],"replies":[{"embeddable":true,"href":"https:\/\/mettapapelaria.com.br\/catalogo\/wp-json\/wp\/v2\/comments?post=2183"}],"version-history":[{"count":0,"href":"https:\/\/mettapapelaria.com.br\/catalogo\/wp-json\/wp\/v2\/product\/2183\/revisions"}],"wp:featuredmedia":[{"embeddable":true,"href":"https:\/\/mettapapelaria.com.br\/catalogo\/wp-json\/wp\/v2\/media\/2181"}],"wp:attachment":[{"href":"https:\/\/mettapapelaria.com.br\/catalogo\/wp-json\/wp\/v2\/media?parent=2183"}],"wp:term":[{"taxonomy":"brand","embeddable":true,"href":"https:\/\/mettapapelaria.com.br\/catalogo\/wp-json\/wp\/v2\/etheme_brands?post=2183"},{"taxonomy":"product_brand","embeddable":true,"href":"https:\/\/mettapapelaria.com.br\/catalogo\/wp-json\/wp\/v2\/product_brand?post=2183"},{"taxonomy":"product_cat","embeddable":true,"href":"https:\/\/mettapapelaria.com.br\/catalogo\/wp-json\/wp\/v2\/product_cat?post=2183"},{"taxonomy":"product_tag","embeddable":true,"href":"https:\/\/mettapapelaria.com.br\/catalogo\/wp-json\/wp\/v2\/product_tag?post=2183"}],"curies":[{"name":"wp","href":"https:\/\/api.w.org\/{rel}","templated":true}]}}