{"id":2046,"date":"2022-11-29T14:08:36","date_gmt":"2022-11-29T17:08:36","guid":{"rendered":"https:\/\/mettapapelaria.com.br\/catalogo\/produto\/mochila-de-costas-preta-arco-iris-onbongo\/"},"modified":"2022-11-29T14:08:36","modified_gmt":"2022-11-29T17:08:36","slug":"mochila-de-costas-preta-arco-iris-onbongo","status":"publish","type":"product","link":"https:\/\/mettapapelaria.com.br\/catalogo\/produto\/mochila-de-costas-preta-arco-iris-onbongo\/","title":{"rendered":"MOCHILA DE COSTAS PRETA ARCO \u00cdRIS ONBONGO"},"content":{"rendered":"<h4><span style=\"font-family: Arial;\">Est\u00e1 procurando por uma mochila pr\u00e1tica e inovadora para o dia a dia, que transporte os objetos necess\u00e1rios, mas sem perder o estilo?&nbsp;Agora voc\u00ea encontrou! A mochila Onbongo \u00e9 uma \u00f3tima companheira aonde voc\u00ea for, pois ela tem a funcionalidade que voc\u00ea precisa, pois suas al\u00e7as de costas regul\u00e1veis e acolchoadas e sua al\u00e7a de m\u00e3o refor\u00e7ada, permitem uma experi\u00eancia mais confort\u00e1vel, ideal para qualquer tipo de ocasi\u00e3o. Adquirindo a mochila Onbongo \u00e9 leve e resistente e combina com v\u00e1rios ambientes, pois voc\u00ea tem a praticidade de transforma o seu cotidiano em algo simples e descomplicado!<\/span><\/h4>\n<h4><span style=\"font-family: Arial; font-weight: bold;\">Indica\u00e7\u00f5es de uso:<\/span><\/h4>\n<h4>\n<ul>\n<li><span style=\"font-family: Arial;\">Mochila de viagem<\/span><\/li>\n<li><span style=\"font-family: Arial;\">Mochila escolar<\/span><\/li>\n<li><span style=\"font-family: Arial;\">Mochila para objetos (guarda-chuva, carteira, celular e documentos)<\/span><\/li>\n<li><span style=\"font-family: Arial;\">Mochila para Tablet<\/span><\/li>\n<li><span style=\"font-family: Arial;\">Mochila para Notebook<\/span><\/li>\n<li><span style=\"font-family: Arial;\">Mochila universidade<\/span><\/li>\n<li><span style=\"font-family: Arial;\">Mochila Faculdade<\/span><\/li>\n<li><span style=\"font-family: Arial;\">Mochila passeio<\/span><\/li>\n<\/ul>\n<\/h4>\n<h4><span style=\"font-family: Arial; font-weight: bold;\">Caracter\u00edsticas:<\/span><\/h4>\n<h4>\n<ul>\n<li><span style=\"font-family: Arial;\">Material 100% poli\u00e9ster Alta resist\u00eancia e imperme\u00e1vel.<\/span><\/li>\n<li><span style=\"font-family: Arial;\">Possui 2 bolsos laterais para transporta garrafas de at\u00e9 500 ml<\/span><\/li>\n<li><span style=\"font-family: Arial;\">Possui 1 bolso frontal com z\u00edper personalizado para pequenos objetos (Documentos, Celular, Chaves, \u00d3culos).<\/span><\/li>\n<li><span style=\"font-family: Arial;\">Possui 1 bolso frontal com z\u00edper personalizado com organizer para objetos (Cadernos M\u00e9dios, Agendas, Carregador de Celular, Carregador Port\u00e1til, etc).<\/span><\/li>\n<li><span style=\"font-family: Arial;\">Possui 1 bolso principal para transportar objetos como: Cadernos, Livros, Estojo, Guarda Chuva entre outros objetos de sua prefer\u00eancia.<\/span><\/li>\n<li><span style=\"font-family: Arial;\">Possui 1 compartimento interno forrado para transportar Tablet e Notebook 15,6 polegadas<\/span><\/li>\n<li><span style=\"font-family: Arial;\">Al\u00e7a de m\u00e3o refor\u00e7ada em p. U e acolchoados<\/span><\/li>\n<li><span style=\"font-family: Arial;\">Al\u00e7as de costas acolchoados e ajust\u00e1veis<\/span><\/li>\n<li><span style=\"font-family: Arial;\">Medidas (AxLXP):<\/span><\/li>\n<li><span style=\"font-family: Arial;\">Altura 42,3 cm<\/span><\/li>\n<li><span style=\"font-family: Arial;\">Largura 29 cm<\/span><\/li>\n<li><span style=\"font-family: Arial;\">Profundidade 15 cm<\/span><\/li>\n<li><span style=\"font-family: Arial;\">Peso: 0,485 Gramas<\/span><\/li>\n<li><span style=\"font-family: Arial;\">Capacidade: 18 Litros<\/span><\/li>\n<\/ul>\n<\/h4>\n","protected":false},"excerpt":{"rendered":"<p>Est\u00e1 procurando por uma mochila pr\u00e1tica e inovadora para o dia a dia, que transporte os objetos necess\u00e1rios, mas sem perder o estilo?&nbsp;Agora voc\u00ea encontrou!&#8230;<\/p>\n","protected":false},"featured_media":2043,"comment_status":"open","ping_status":"closed","template":"","meta":[],"etheme_brands":[],"product_brand":[],"product_cat":[25,31],"product_tag":[],"class_list":{"0":"post-2046","1":"product","2":"type-product","3":"status-publish","4":"has-post-thumbnail","6":"product_cat-material","7":"product_cat-mochilas-bolsas","9":"first","10":"instock","11":"sold-individually","12":"shipping-taxable","13":"purchasable","14":"product-type-simple"},"yoast_head":"<!-- This site is optimized with the Yoast SEO plugin v26.9 - https:\/\/yoast.com\/product\/yoast-seo-wordpress\/ -->\n<title>MOCHILA DE COSTAS PRETA ARCO \u00cdRIS ONBONGO - Metta Papelaria<\/title>\n<meta name=\"robots\" content=\"index, follow, max-snippet:-1, max-image-preview:large, max-video-preview:-1\" \/>\n<link rel=\"canonical\" href=\"https:\/\/mettapapelaria.com.br\/catalogo\/produto\/mochila-de-costas-preta-arco-iris-onbongo\/\" \/>\n<meta property=\"og:locale\" content=\"pt_BR\" \/>\n<meta property=\"og:type\" content=\"article\" \/>\n<meta property=\"og:title\" content=\"MOCHILA DE COSTAS PRETA ARCO \u00cdRIS ONBONGO - Metta Papelaria\" \/>\n<meta property=\"og:description\" content=\"Est\u00e1 procurando por uma mochila pr\u00e1tica e inovadora para o dia a dia, que transporte os objetos necess\u00e1rios, mas sem perder o estilo?&nbsp;Agora voc\u00ea encontrou!...\" \/>\n<meta property=\"og:url\" content=\"https:\/\/mettapapelaria.com.br\/catalogo\/produto\/mochila-de-costas-preta-arco-iris-onbongo\/\" \/>\n<meta property=\"og:site_name\" content=\"Metta Papelaria\" \/>\n<meta property=\"article:publisher\" content=\"https:\/\/www.facebook.com\/mettapapelaria\/\" \/>\n<meta property=\"og:image\" content=\"https:\/\/mettapapelaria.com.br\/catalogo\/wp-content\/uploads\/2022\/11\/MOCHILA-DE-COSTAS-PRETA-ARCO-IRIS-ONBONGO.jpg\" \/>\n\t<meta property=\"og:image:width\" content=\"1080\" \/>\n\t<meta property=\"og:image:height\" content=\"1080\" \/>\n\t<meta property=\"og:image:type\" content=\"image\/jpeg\" \/>\n<meta name=\"twitter:card\" content=\"summary_large_image\" \/>\n<meta name=\"twitter:label1\" content=\"Est. tempo de leitura\" \/>\n\t<meta name=\"twitter:data1\" content=\"1 minuto\" \/>\n<script type=\"application\/ld+json\" class=\"yoast-schema-graph\">{\"@context\":\"https:\/\/schema.org\",\"@graph\":[{\"@type\":\"WebPage\",\"@id\":\"https:\/\/mettapapelaria.com.br\/catalogo\/produto\/mochila-de-costas-preta-arco-iris-onbongo\/\",\"url\":\"https:\/\/mettapapelaria.com.br\/catalogo\/produto\/mochila-de-costas-preta-arco-iris-onbongo\/\",\"name\":\"MOCHILA DE COSTAS PRETA ARCO \u00cdRIS ONBONGO - Metta Papelaria\",\"isPartOf\":{\"@id\":\"https:\/\/mettapapelaria.com.br\/catalogo\/#website\"},\"primaryImageOfPage\":{\"@id\":\"https:\/\/mettapapelaria.com.br\/catalogo\/produto\/mochila-de-costas-preta-arco-iris-onbongo\/#primaryimage\"},\"image\":{\"@id\":\"https:\/\/mettapapelaria.com.br\/catalogo\/produto\/mochila-de-costas-preta-arco-iris-onbongo\/#primaryimage\"},\"thumbnailUrl\":\"https:\/\/mettapapelaria.com.br\/catalogo\/wp-content\/uploads\/2022\/11\/MOCHILA-DE-COSTAS-PRETA-ARCO-IRIS-ONBONGO.jpg\",\"datePublished\":\"2022-11-29T17:08:36+00:00\",\"breadcrumb\":{\"@id\":\"https:\/\/mettapapelaria.com.br\/catalogo\/produto\/mochila-de-costas-preta-arco-iris-onbongo\/#breadcrumb\"},\"inLanguage\":\"pt-BR\",\"potentialAction\":[{\"@type\":\"ReadAction\",\"target\":[\"https:\/\/mettapapelaria.com.br\/catalogo\/produto\/mochila-de-costas-preta-arco-iris-onbongo\/\"]}]},{\"@type\":\"ImageObject\",\"inLanguage\":\"pt-BR\",\"@id\":\"https:\/\/mettapapelaria.com.br\/catalogo\/produto\/mochila-de-costas-preta-arco-iris-onbongo\/#primaryimage\",\"url\":\"https:\/\/mettapapelaria.com.br\/catalogo\/wp-content\/uploads\/2022\/11\/MOCHILA-DE-COSTAS-PRETA-ARCO-IRIS-ONBONGO.jpg\",\"contentUrl\":\"https:\/\/mettapapelaria.com.br\/catalogo\/wp-content\/uploads\/2022\/11\/MOCHILA-DE-COSTAS-PRETA-ARCO-IRIS-ONBONGO.jpg\",\"width\":1080,\"height\":1080,\"caption\":\"MOCHILA DE COSTAS PRETA ARCO \u00cdRIS ONBONGO\"},{\"@type\":\"BreadcrumbList\",\"@id\":\"https:\/\/mettapapelaria.com.br\/catalogo\/produto\/mochila-de-costas-preta-arco-iris-onbongo\/#breadcrumb\",\"itemListElement\":[{\"@type\":\"ListItem\",\"position\":1,\"name\":\"In\u00edcio\",\"item\":\"https:\/\/mettapapelaria.com.br\/catalogo\/\"},{\"@type\":\"ListItem\",\"position\":2,\"name\":\"Shop\",\"item\":\"https:\/\/mettapapelaria.com.br\/catalogo\/shop\/\"},{\"@type\":\"ListItem\",\"position\":3,\"name\":\"MOCHILA DE COSTAS PRETA ARCO \u00cdRIS ONBONGO\"}]},{\"@type\":\"WebSite\",\"@id\":\"https:\/\/mettapapelaria.com.br\/catalogo\/#website\",\"url\":\"https:\/\/mettapapelaria.com.br\/catalogo\/\",\"name\":\"Metta Papelaria\",\"description\":\"Materiais e equipamentos de escrit\u00f3rio, suprimentos para inform\u00e1tica, e uma diversificada linha de material escolar\",\"publisher\":{\"@id\":\"https:\/\/mettapapelaria.com.br\/catalogo\/#organization\"},\"potentialAction\":[{\"@type\":\"SearchAction\",\"target\":{\"@type\":\"EntryPoint\",\"urlTemplate\":\"https:\/\/mettapapelaria.com.br\/catalogo\/?s={search_term_string}\"},\"query-input\":{\"@type\":\"PropertyValueSpecification\",\"valueRequired\":true,\"valueName\":\"search_term_string\"}}],\"inLanguage\":\"pt-BR\"},{\"@type\":\"Organization\",\"@id\":\"https:\/\/mettapapelaria.com.br\/catalogo\/#organization\",\"name\":\"Metta Papelaria\",\"url\":\"https:\/\/mettapapelaria.com.br\/catalogo\/\",\"logo\":{\"@type\":\"ImageObject\",\"inLanguage\":\"pt-BR\",\"@id\":\"https:\/\/mettapapelaria.com.br\/catalogo\/#\/schema\/logo\/image\/\",\"url\":\"https:\/\/mettapapelaria.com.br\/catalogo\/wp-content\/uploads\/2023\/12\/cropped-favicon-Metta_512-1.png\",\"contentUrl\":\"https:\/\/mettapapelaria.com.br\/catalogo\/wp-content\/uploads\/2023\/12\/cropped-favicon-Metta_512-1.png\",\"width\":512,\"height\":512,\"caption\":\"Metta Papelaria\"},\"image\":{\"@id\":\"https:\/\/mettapapelaria.com.br\/catalogo\/#\/schema\/logo\/image\/\"},\"sameAs\":[\"https:\/\/www.facebook.com\/mettapapelaria\/\",\"https:\/\/www.instagram.com\/papelariametta\/\"]}]}<\/script>\n<!-- \/ Yoast SEO plugin. -->","yoast_head_json":{"title":"MOCHILA DE COSTAS PRETA ARCO \u00cdRIS ONBONGO - Metta Papelaria","robots":{"index":"index","follow":"follow","max-snippet":"max-snippet:-1","max-image-preview":"max-image-preview:large","max-video-preview":"max-video-preview:-1"},"canonical":"https:\/\/mettapapelaria.com.br\/catalogo\/produto\/mochila-de-costas-preta-arco-iris-onbongo\/","og_locale":"pt_BR","og_type":"article","og_title":"MOCHILA DE COSTAS PRETA ARCO \u00cdRIS ONBONGO - Metta Papelaria","og_description":"Est\u00e1 procurando por uma mochila pr\u00e1tica e inovadora para o dia a dia, que transporte os objetos necess\u00e1rios, mas sem perder o estilo?&nbsp;Agora voc\u00ea encontrou!...","og_url":"https:\/\/mettapapelaria.com.br\/catalogo\/produto\/mochila-de-costas-preta-arco-iris-onbongo\/","og_site_name":"Metta Papelaria","article_publisher":"https:\/\/www.facebook.com\/mettapapelaria\/","og_image":[{"width":1080,"height":1080,"url":"https:\/\/mettapapelaria.com.br\/catalogo\/wp-content\/uploads\/2022\/11\/MOCHILA-DE-COSTAS-PRETA-ARCO-IRIS-ONBONGO.jpg","type":"image\/jpeg"}],"twitter_card":"summary_large_image","twitter_misc":{"Est. tempo de leitura":"1 minuto"},"schema":{"@context":"https:\/\/schema.org","@graph":[{"@type":"WebPage","@id":"https:\/\/mettapapelaria.com.br\/catalogo\/produto\/mochila-de-costas-preta-arco-iris-onbongo\/","url":"https:\/\/mettapapelaria.com.br\/catalogo\/produto\/mochila-de-costas-preta-arco-iris-onbongo\/","name":"MOCHILA DE COSTAS PRETA ARCO \u00cdRIS ONBONGO - Metta Papelaria","isPartOf":{"@id":"https:\/\/mettapapelaria.com.br\/catalogo\/#website"},"primaryImageOfPage":{"@id":"https:\/\/mettapapelaria.com.br\/catalogo\/produto\/mochila-de-costas-preta-arco-iris-onbongo\/#primaryimage"},"image":{"@id":"https:\/\/mettapapelaria.com.br\/catalogo\/produto\/mochila-de-costas-preta-arco-iris-onbongo\/#primaryimage"},"thumbnailUrl":"https:\/\/mettapapelaria.com.br\/catalogo\/wp-content\/uploads\/2022\/11\/MOCHILA-DE-COSTAS-PRETA-ARCO-IRIS-ONBONGO.jpg","datePublished":"2022-11-29T17:08:36+00:00","breadcrumb":{"@id":"https:\/\/mettapapelaria.com.br\/catalogo\/produto\/mochila-de-costas-preta-arco-iris-onbongo\/#breadcrumb"},"inLanguage":"pt-BR","potentialAction":[{"@type":"ReadAction","target":["https:\/\/mettapapelaria.com.br\/catalogo\/produto\/mochila-de-costas-preta-arco-iris-onbongo\/"]}]},{"@type":"ImageObject","inLanguage":"pt-BR","@id":"https:\/\/mettapapelaria.com.br\/catalogo\/produto\/mochila-de-costas-preta-arco-iris-onbongo\/#primaryimage","url":"https:\/\/mettapapelaria.com.br\/catalogo\/wp-content\/uploads\/2022\/11\/MOCHILA-DE-COSTAS-PRETA-ARCO-IRIS-ONBONGO.jpg","contentUrl":"https:\/\/mettapapelaria.com.br\/catalogo\/wp-content\/uploads\/2022\/11\/MOCHILA-DE-COSTAS-PRETA-ARCO-IRIS-ONBONGO.jpg","width":1080,"height":1080,"caption":"MOCHILA DE COSTAS PRETA ARCO \u00cdRIS ONBONGO"},{"@type":"BreadcrumbList","@id":"https:\/\/mettapapelaria.com.br\/catalogo\/produto\/mochila-de-costas-preta-arco-iris-onbongo\/#breadcrumb","itemListElement":[{"@type":"ListItem","position":1,"name":"In\u00edcio","item":"https:\/\/mettapapelaria.com.br\/catalogo\/"},{"@type":"ListItem","position":2,"name":"Shop","item":"https:\/\/mettapapelaria.com.br\/catalogo\/shop\/"},{"@type":"ListItem","position":3,"name":"MOCHILA DE COSTAS PRETA ARCO \u00cdRIS ONBONGO"}]},{"@type":"WebSite","@id":"https:\/\/mettapapelaria.com.br\/catalogo\/#website","url":"https:\/\/mettapapelaria.com.br\/catalogo\/","name":"Metta Papelaria","description":"Materiais e equipamentos de escrit\u00f3rio, suprimentos para inform\u00e1tica, e uma diversificada linha de material escolar","publisher":{"@id":"https:\/\/mettapapelaria.com.br\/catalogo\/#organization"},"potentialAction":[{"@type":"SearchAction","target":{"@type":"EntryPoint","urlTemplate":"https:\/\/mettapapelaria.com.br\/catalogo\/?s={search_term_string}"},"query-input":{"@type":"PropertyValueSpecification","valueRequired":true,"valueName":"search_term_string"}}],"inLanguage":"pt-BR"},{"@type":"Organization","@id":"https:\/\/mettapapelaria.com.br\/catalogo\/#organization","name":"Metta Papelaria","url":"https:\/\/mettapapelaria.com.br\/catalogo\/","logo":{"@type":"ImageObject","inLanguage":"pt-BR","@id":"https:\/\/mettapapelaria.com.br\/catalogo\/#\/schema\/logo\/image\/","url":"https:\/\/mettapapelaria.com.br\/catalogo\/wp-content\/uploads\/2023\/12\/cropped-favicon-Metta_512-1.png","contentUrl":"https:\/\/mettapapelaria.com.br\/catalogo\/wp-content\/uploads\/2023\/12\/cropped-favicon-Metta_512-1.png","width":512,"height":512,"caption":"Metta Papelaria"},"image":{"@id":"https:\/\/mettapapelaria.com.br\/catalogo\/#\/schema\/logo\/image\/"},"sameAs":["https:\/\/www.facebook.com\/mettapapelaria\/","https:\/\/www.instagram.com\/papelariametta\/"]}]}},"_links":{"self":[{"href":"https:\/\/mettapapelaria.com.br\/catalogo\/wp-json\/wp\/v2\/product\/2046","targetHints":{"allow":["GET"]}}],"collection":[{"href":"https:\/\/mettapapelaria.com.br\/catalogo\/wp-json\/wp\/v2\/product"}],"about":[{"href":"https:\/\/mettapapelaria.com.br\/catalogo\/wp-json\/wp\/v2\/types\/product"}],"replies":[{"embeddable":true,"href":"https:\/\/mettapapelaria.com.br\/catalogo\/wp-json\/wp\/v2\/comments?post=2046"}],"version-history":[{"count":0,"href":"https:\/\/mettapapelaria.com.br\/catalogo\/wp-json\/wp\/v2\/product\/2046\/revisions"}],"wp:featuredmedia":[{"embeddable":true,"href":"https:\/\/mettapapelaria.com.br\/catalogo\/wp-json\/wp\/v2\/media\/2043"}],"wp:attachment":[{"href":"https:\/\/mettapapelaria.com.br\/catalogo\/wp-json\/wp\/v2\/media?parent=2046"}],"wp:term":[{"taxonomy":"brand","embeddable":true,"href":"https:\/\/mettapapelaria.com.br\/catalogo\/wp-json\/wp\/v2\/etheme_brands?post=2046"},{"taxonomy":"product_brand","embeddable":true,"href":"https:\/\/mettapapelaria.com.br\/catalogo\/wp-json\/wp\/v2\/product_brand?post=2046"},{"taxonomy":"product_cat","embeddable":true,"href":"https:\/\/mettapapelaria.com.br\/catalogo\/wp-json\/wp\/v2\/product_cat?post=2046"},{"taxonomy":"product_tag","embeddable":true,"href":"https:\/\/mettapapelaria.com.br\/catalogo\/wp-json\/wp\/v2\/product_tag?post=2046"}],"curies":[{"name":"wp","href":"https:\/\/api.w.org\/{rel}","templated":true}]}}